{"id":9401,"date":"2021-03-04T00:42:50","date_gmt":"2021-03-03T21:42:50","guid":{"rendered":"https:\/\/integralelektronik.com\/?post_type=product&#038;p=9401"},"modified":"2021-03-04T00:42:50","modified_gmt":"2021-03-03T21:42:50","slug":"dwyer-series-gstc-carbon-monoxide-nitrogen-dioxide-gas-transmitter","status":"publish","type":"product","link":"https:\/\/integralelektronik.com\/tr\/product\/dwyer-series-gstc-carbon-monoxide-nitrogen-dioxide-gas-transmitter\/","title":{"rendered":"DWYER Series GSTC Carbon Monoxide\/Nitrogen Dioxide Gas Transmitter"},"content":{"rendered":"<p><b><span>Seri GSTC Karbonmonoksit \/ Nitrojen Dioksit Gaz Verici<\/span><\/b><span>\u00a0Yeralt\u0131 otoparklar\u0131 ve y\u00fckleme iskelelerindeki gaz konsantrasyonunu izler.\u00a0Karbon monoksit vericisi benzinli motorlar\u0131n egzozunu \u00f6l\u00e7mek i\u00e7in kullan\u0131l\u0131rken, nitrojen dioksit vericisi dizel motorlar i\u00e7in kullan\u0131l\u0131r.\u00a0GSTC Serisi, BACnet veya Modbus\u00ae ileti\u015fim protokol\u00fc ile uyumludur ve vericinin neredeyse t\u00fcm bina y\u00f6netimi kontrol\u00f6rleriyle kullan\u0131lmas\u0131na izin verir.\u00a0GSTC \u00e7\u0131k\u0131\u015f\u0131, BACnet veya Modbus\u00ae ileti\u015fim protokol\u00fc arac\u0131l\u0131\u011f\u0131yla bir RS-485 kablosu \u00fczerinden iletilir.\u00a0GSTC Serisinin do\u011frulu\u011funu en \u00fcst d\u00fczeye \u00e7\u0131karmak i\u00e7in sens\u00f6r, A-449 uzak LCD ekran kullan\u0131larak sahada kalibre edilebilir.\u00a0Sens\u00f6r \u00f6mr\u00fcn\u00fcn sonuna geldi\u011finde, ekran sens\u00f6r\u00fcn de\u011fi\u015ftirilmesi gerekti\u011fini g\u00f6sterecektir.\u00a0BACnet ve Modbus\u00ae ileti\u015fim protokol\u00fc, herhangi bir segmentteki d\u00fc\u011f\u00fcm say\u0131s\u0131n\u0131n 32 ile s\u0131n\u0131rland\u0131r\u0131lmas\u0131n\u0131 \u00f6nerir. Bu nedenle,\u00a0al\u0131c\u0131-verici bir birim y\u00fckte derecelendirilebilir.\u00a0Kesirli y\u00fckler de kabul edilebilir.\u00a0Seri GSTC, MS \/ TP a\u011f\u0131ndaki bir y\u00fck\u00fcn sekizde biri olarak hesaplar.<\/span><\/p>\n","protected":false},"excerpt":{"rendered":"<h2><span>SKU: GSTC-C<\/span><\/h2>\n<h3 class=\"tagline\"><span>BACnet ve Modbus Haberle\u015fmeli Karbon Monoksit Vericisi<\/span><\/h3>\n","protected":false},"featured_media":9397,"comment_status":"open","ping_status":"closed","template":"","meta":[],"product_brand":[],"product_cat":[574,578],"product_tag":[],"class_list":{"0":"post-9401","1":"product","2":"type-product","3":"status-publish","4":"has-post-thumbnail","6":"product_cat-dwyer-tr","7":"product_cat-karbonmonoksit-transmitterleri","9":"first","10":"instock","11":"shipping-taxable","12":"product-type-simple"},"yoast_head":"<!-- This site is optimized with the Yoast SEO plugin v24.3 - https:\/\/yoast.com\/wordpress\/plugins\/seo\/ -->\n<title>DWYER Series GSTC Carbon Monoxide\/Nitrogen Dioxide Gas Transmitter - \u0130ntegral Elektronik<\/title>\n<meta name=\"robots\" content=\"index, follow, max-snippet:-1, max-image-preview:large, max-video-preview:-1\" \/>\n<link rel=\"canonical\" href=\"https:\/\/integralelektronik.com\/tr\/product\/dwyer-series-gstc-carbon-monoxide-nitrogen-dioxide-gas-transmitter\/\" \/>\n<meta property=\"og:locale\" content=\"tr_TR\" \/>\n<meta property=\"og:type\" content=\"article\" \/>\n<meta property=\"og:title\" content=\"DWYER Series GSTC Carbon Monoxide\/Nitrogen Dioxide Gas Transmitter - \u0130ntegral Elektronik\" \/>\n<meta property=\"og:description\" content=\"SKU: GSTC-C BACnet ve Modbus Haberle\u015fmeli Karbon Monoksit Vericisi\" \/>\n<meta property=\"og:url\" content=\"https:\/\/integralelektronik.com\/tr\/product\/dwyer-series-gstc-carbon-monoxide-nitrogen-dioxide-gas-transmitter\/\" \/>\n<meta property=\"og:site_name\" content=\"\u0130ntegral Elektronik\" \/>\n<meta property=\"og:image\" content=\"https:\/\/integralelektronik.com\/wp-content\/uploads\/2021\/03\/GSTC_C_NoLCD_Angle_1000x1000.gif\" \/>\n\t<meta property=\"og:image:width\" content=\"1000\" \/>\n\t<meta property=\"og:image:height\" content=\"1000\" \/>\n\t<meta property=\"og:image:type\" content=\"image\/gif\" \/>\n<meta name=\"twitter:card\" content=\"summary_large_image\" \/>\n<meta name=\"twitter:label1\" content=\"Tahmini okuma s\u00fcresi\" \/>\n\t<meta name=\"twitter:data1\" content=\"1 dakika\" \/>\n<script type=\"application\/ld+json\" class=\"yoast-schema-graph\">{\"@context\":\"https:\/\/schema.org\",\"@graph\":[{\"@type\":\"WebPage\",\"@id\":\"https:\/\/integralelektronik.com\/tr\/product\/dwyer-series-gstc-carbon-monoxide-nitrogen-dioxide-gas-transmitter\/\",\"url\":\"https:\/\/integralelektronik.com\/tr\/product\/dwyer-series-gstc-carbon-monoxide-nitrogen-dioxide-gas-transmitter\/\",\"name\":\"DWYER Series GSTC Carbon Monoxide\/Nitrogen Dioxide Gas Transmitter - \u0130ntegral Elektronik\",\"isPartOf\":{\"@id\":\"https:\/\/integralelektronik.com\/#website\"},\"primaryImageOfPage\":{\"@id\":\"https:\/\/integralelektronik.com\/tr\/product\/dwyer-series-gstc-carbon-monoxide-nitrogen-dioxide-gas-transmitter\/#primaryimage\"},\"image\":{\"@id\":\"https:\/\/integralelektronik.com\/tr\/product\/dwyer-series-gstc-carbon-monoxide-nitrogen-dioxide-gas-transmitter\/#primaryimage\"},\"thumbnailUrl\":\"https:\/\/integralelektronik.com\/wp-content\/uploads\/2021\/03\/GSTC_C_NoLCD_Angle_1000x1000.gif\",\"datePublished\":\"2021-03-03T21:42:50+00:00\",\"dateModified\":\"2021-03-03T21:42:50+00:00\",\"breadcrumb\":{\"@id\":\"https:\/\/integralelektronik.com\/tr\/product\/dwyer-series-gstc-carbon-monoxide-nitrogen-dioxide-gas-transmitter\/#breadcrumb\"},\"inLanguage\":\"tr\",\"potentialAction\":[{\"@type\":\"ReadAction\",\"target\":[\"https:\/\/integralelektronik.com\/tr\/product\/dwyer-series-gstc-carbon-monoxide-nitrogen-dioxide-gas-transmitter\/\"]}]},{\"@type\":\"ImageObject\",\"inLanguage\":\"tr\",\"@id\":\"https:\/\/integralelektronik.com\/tr\/product\/dwyer-series-gstc-carbon-monoxide-nitrogen-dioxide-gas-transmitter\/#primaryimage\",\"url\":\"https:\/\/integralelektronik.com\/wp-content\/uploads\/2021\/03\/GSTC_C_NoLCD_Angle_1000x1000.gif\",\"contentUrl\":\"https:\/\/integralelektronik.com\/wp-content\/uploads\/2021\/03\/GSTC_C_NoLCD_Angle_1000x1000.gif\",\"width\":1000,\"height\":1000},{\"@type\":\"BreadcrumbList\",\"@id\":\"https:\/\/integralelektronik.com\/tr\/product\/dwyer-series-gstc-carbon-monoxide-nitrogen-dioxide-gas-transmitter\/#breadcrumb\",\"itemListElement\":[{\"@type\":\"ListItem\",\"position\":1,\"name\":\"Home\",\"item\":\"https:\/\/integralelektronik.com\/tr\/\"},{\"@type\":\"ListItem\",\"position\":2,\"name\":\"Shop\",\"item\":\"https:\/\/integralelektronik.com\/shop\/\"},{\"@type\":\"ListItem\",\"position\":3,\"name\":\"DWYER Series GSTC Carbon Monoxide\/Nitrogen Dioxide Gas Transmitter\"}]},{\"@type\":\"WebSite\",\"@id\":\"https:\/\/integralelektronik.com\/#website\",\"url\":\"https:\/\/integralelektronik.com\/\",\"name\":\"\u0130ntegral Elektronik\",\"description\":\"\",\"publisher\":{\"@id\":\"https:\/\/integralelektronik.com\/#organization\"},\"potentialAction\":[{\"@type\":\"SearchAction\",\"target\":{\"@type\":\"EntryPoint\",\"urlTemplate\":\"https:\/\/integralelektronik.com\/?s={search_term_string}\"},\"query-input\":{\"@type\":\"PropertyValueSpecification\",\"valueRequired\":true,\"valueName\":\"search_term_string\"}}],\"inLanguage\":\"tr\"},{\"@type\":\"Organization\",\"@id\":\"https:\/\/integralelektronik.com\/#organization\",\"name\":\"\u0130ntegral Elektronik\",\"url\":\"https:\/\/integralelektronik.com\/\",\"logo\":{\"@type\":\"ImageObject\",\"inLanguage\":\"tr\",\"@id\":\"https:\/\/integralelektronik.com\/#\/schema\/logo\/image\/\",\"url\":\"https:\/\/integralelektronik.com\/wp-content\/uploads\/2020\/10\/logo.png\",\"contentUrl\":\"https:\/\/integralelektronik.com\/wp-content\/uploads\/2020\/10\/logo.png\",\"width\":180,\"height\":90,\"caption\":\"\u0130ntegral Elektronik\"},\"image\":{\"@id\":\"https:\/\/integralelektronik.com\/#\/schema\/logo\/image\/\"}}]}<\/script>\n<!-- \/ Yoast SEO plugin. -->","yoast_head_json":{"title":"DWYER Series GSTC Carbon Monoxide\/Nitrogen Dioxide Gas Transmitter - \u0130ntegral Elektronik","robots":{"index":"index","follow":"follow","max-snippet":"max-snippet:-1","max-image-preview":"max-image-preview:large","max-video-preview":"max-video-preview:-1"},"canonical":"https:\/\/integralelektronik.com\/tr\/product\/dwyer-series-gstc-carbon-monoxide-nitrogen-dioxide-gas-transmitter\/","og_locale":"tr_TR","og_type":"article","og_title":"DWYER Series GSTC Carbon Monoxide\/Nitrogen Dioxide Gas Transmitter - \u0130ntegral Elektronik","og_description":"SKU: GSTC-C BACnet ve Modbus Haberle\u015fmeli Karbon Monoksit Vericisi","og_url":"https:\/\/integralelektronik.com\/tr\/product\/dwyer-series-gstc-carbon-monoxide-nitrogen-dioxide-gas-transmitter\/","og_site_name":"\u0130ntegral Elektronik","og_image":[{"width":1000,"height":1000,"url":"https:\/\/integralelektronik.com\/wp-content\/uploads\/2021\/03\/GSTC_C_NoLCD_Angle_1000x1000.gif","type":"image\/gif"}],"twitter_card":"summary_large_image","twitter_misc":{"Tahmini okuma s\u00fcresi":"1 dakika"},"schema":{"@context":"https:\/\/schema.org","@graph":[{"@type":"WebPage","@id":"https:\/\/integralelektronik.com\/tr\/product\/dwyer-series-gstc-carbon-monoxide-nitrogen-dioxide-gas-transmitter\/","url":"https:\/\/integralelektronik.com\/tr\/product\/dwyer-series-gstc-carbon-monoxide-nitrogen-dioxide-gas-transmitter\/","name":"DWYER Series GSTC Carbon Monoxide\/Nitrogen Dioxide Gas Transmitter - \u0130ntegral Elektronik","isPartOf":{"@id":"https:\/\/integralelektronik.com\/#website"},"primaryImageOfPage":{"@id":"https:\/\/integralelektronik.com\/tr\/product\/dwyer-series-gstc-carbon-monoxide-nitrogen-dioxide-gas-transmitter\/#primaryimage"},"image":{"@id":"https:\/\/integralelektronik.com\/tr\/product\/dwyer-series-gstc-carbon-monoxide-nitrogen-dioxide-gas-transmitter\/#primaryimage"},"thumbnailUrl":"https:\/\/integralelektronik.com\/wp-content\/uploads\/2021\/03\/GSTC_C_NoLCD_Angle_1000x1000.gif","datePublished":"2021-03-03T21:42:50+00:00","dateModified":"2021-03-03T21:42:50+00:00","breadcrumb":{"@id":"https:\/\/integralelektronik.com\/tr\/product\/dwyer-series-gstc-carbon-monoxide-nitrogen-dioxide-gas-transmitter\/#breadcrumb"},"inLanguage":"tr","potentialAction":[{"@type":"ReadAction","target":["https:\/\/integralelektronik.com\/tr\/product\/dwyer-series-gstc-carbon-monoxide-nitrogen-dioxide-gas-transmitter\/"]}]},{"@type":"ImageObject","inLanguage":"tr","@id":"https:\/\/integralelektronik.com\/tr\/product\/dwyer-series-gstc-carbon-monoxide-nitrogen-dioxide-gas-transmitter\/#primaryimage","url":"https:\/\/integralelektronik.com\/wp-content\/uploads\/2021\/03\/GSTC_C_NoLCD_Angle_1000x1000.gif","contentUrl":"https:\/\/integralelektronik.com\/wp-content\/uploads\/2021\/03\/GSTC_C_NoLCD_Angle_1000x1000.gif","width":1000,"height":1000},{"@type":"BreadcrumbList","@id":"https:\/\/integralelektronik.com\/tr\/product\/dwyer-series-gstc-carbon-monoxide-nitrogen-dioxide-gas-transmitter\/#breadcrumb","itemListElement":[{"@type":"ListItem","position":1,"name":"Home","item":"https:\/\/integralelektronik.com\/tr\/"},{"@type":"ListItem","position":2,"name":"Shop","item":"https:\/\/integralelektronik.com\/shop\/"},{"@type":"ListItem","position":3,"name":"DWYER Series GSTC Carbon Monoxide\/Nitrogen Dioxide Gas Transmitter"}]},{"@type":"WebSite","@id":"https:\/\/integralelektronik.com\/#website","url":"https:\/\/integralelektronik.com\/","name":"\u0130ntegral Elektronik","description":"","publisher":{"@id":"https:\/\/integralelektronik.com\/#organization"},"potentialAction":[{"@type":"SearchAction","target":{"@type":"EntryPoint","urlTemplate":"https:\/\/integralelektronik.com\/?s={search_term_string}"},"query-input":{"@type":"PropertyValueSpecification","valueRequired":true,"valueName":"search_term_string"}}],"inLanguage":"tr"},{"@type":"Organization","@id":"https:\/\/integralelektronik.com\/#organization","name":"\u0130ntegral Elektronik","url":"https:\/\/integralelektronik.com\/","logo":{"@type":"ImageObject","inLanguage":"tr","@id":"https:\/\/integralelektronik.com\/#\/schema\/logo\/image\/","url":"https:\/\/integralelektronik.com\/wp-content\/uploads\/2020\/10\/logo.png","contentUrl":"https:\/\/integralelektronik.com\/wp-content\/uploads\/2020\/10\/logo.png","width":180,"height":90,"caption":"\u0130ntegral Elektronik"},"image":{"@id":"https:\/\/integralelektronik.com\/#\/schema\/logo\/image\/"}}]}},"_links":{"self":[{"href":"https:\/\/integralelektronik.com\/tr\/wp-json\/wp\/v2\/product\/9401"}],"collection":[{"href":"https:\/\/integralelektronik.com\/tr\/wp-json\/wp\/v2\/product"}],"about":[{"href":"https:\/\/integralelektronik.com\/tr\/wp-json\/wp\/v2\/types\/product"}],"replies":[{"embeddable":true,"href":"https:\/\/integralelektronik.com\/tr\/wp-json\/wp\/v2\/comments?post=9401"}],"wp:featuredmedia":[{"embeddable":true,"href":"https:\/\/integralelektronik.com\/tr\/wp-json\/wp\/v2\/media\/9397"}],"wp:attachment":[{"href":"https:\/\/integralelektronik.com\/tr\/wp-json\/wp\/v2\/media?parent=9401"}],"wp:term":[{"taxonomy":"product_brand","embeddable":true,"href":"https:\/\/integralelektronik.com\/tr\/wp-json\/wp\/v2\/product_brand?post=9401"},{"taxonomy":"product_cat","embeddable":true,"href":"https:\/\/integralelektronik.com\/tr\/wp-json\/wp\/v2\/product_cat?post=9401"},{"taxonomy":"product_tag","embeddable":true,"href":"https:\/\/integralelektronik.com\/tr\/wp-json\/wp\/v2\/product_tag?post=9401"}],"curies":[{"name":"wp","href":"https:\/\/api.w.org\/{rel}","templated":true}]}}