{"id":9383,"date":"2021-03-03T23:16:47","date_gmt":"2021-03-03T20:16:47","guid":{"rendered":"https:\/\/integralelektronik.com\/?post_type=product&#038;p=9383"},"modified":"2021-03-03T23:16:48","modified_gmt":"2021-03-03T20:16:48","slug":"dwyer-series-cdx-wall-mount-carbon-dioxide-transmitter","status":"publish","type":"product","link":"https:\/\/integralelektronik.com\/tr\/product\/dwyer-series-cdx-wall-mount-carbon-dioxide-transmitter\/","title":{"rendered":"DWYER Series CDX Wall Mount Carbon Dioxide Transmitter"},"content":{"rendered":"<p><b><span>Seri CDX Karbon Dioksit Verici<\/span><\/b><span>\u00a0d\u00fc\u015f\u00fck maliyetli ve y\u00fcksek performansl\u0131 bir CO2 sens\u00f6r\u00fcd\u00fcr.\u00a0Bu \u00fcr\u00fcn, bina otomasyon sistemleri ile birlikte \u00e7al\u0131\u015farak ve kullan\u0131c\u0131n\u0131n taze havay\u0131 tercih edilen alanlara zahmetsiz ve etkili bir \u015fekilde kontrol etmesine imkan vererek an\u0131nda enerji tasarrufu sa\u011flayacakt\u0131r.\u00a0CO2 sens\u00f6rleri kullanan \u0130ste\u011fe Ba\u011fl\u0131 havaland\u0131rma, i\u00e7 mekan hava kalitesini korurken a\u015f\u0131r\u0131 havaland\u0131rmadan kaynaklanan enerji kay\u0131plar\u0131n\u0131 \u00f6nler.\u00a0En b\u00fcy\u00fck enerji tasarrufu potansiyeli, g\u00fcn boyunca doluluk oran\u0131n\u0131n de\u011fi\u015fti\u011fi b\u00f6lgelerde ortaya \u00e7\u0131kar.\u00a0CDX Serisi Vericiler, patentli Otomatik Arka Plan Kalibrasyonu (ABC) Mant\u0131k kendi kendine kalibrasyon sistemini kullan\u0131r.\u00a0ABC Logic, bo\u015f d\u00f6nemlerde i\u00e7 ortam CO2 seviyesinin d\u0131\u015f seviyelere d\u00fc\u015ft\u00fc\u011f\u00fc uygulamalarda manuel kalibrasyon ihtiyac\u0131n\u0131 neredeyse ortadan kald\u0131r\u0131r.<\/span><\/p>\n","protected":false},"excerpt":{"rendered":"<h2><span>Stok Kodu: CDX-2E10<\/span><\/h2>\n<h3 class=\"tagline\"><span>Mevcut Kablolamal\u0131 CO2 Havaland\u0131rma Kontrol Cihaz\u0131, Avrupa Muhafazas\u0131<\/span><\/h3>\n","protected":false},"featured_media":9366,"comment_status":"open","ping_status":"closed","template":"","meta":[],"product_brand":[],"product_cat":[574,577],"product_tag":[],"class_list":{"0":"post-9383","1":"product","2":"type-product","3":"status-publish","4":"has-post-thumbnail","6":"product_cat-dwyer-tr","7":"product_cat-karbondioksit-transmitterleri","9":"first","10":"instock","11":"shipping-taxable","12":"product-type-simple"},"yoast_head":"<!-- This site is optimized with the Yoast SEO plugin v24.3 - https:\/\/yoast.com\/wordpress\/plugins\/seo\/ -->\n<title>DWYER Series CDX Wall Mount Carbon Dioxide Transmitter - \u0130ntegral Elektronik<\/title>\n<meta name=\"robots\" content=\"index, follow, max-snippet:-1, max-image-preview:large, max-video-preview:-1\" \/>\n<link rel=\"canonical\" href=\"https:\/\/integralelektronik.com\/tr\/product\/dwyer-series-cdx-wall-mount-carbon-dioxide-transmitter\/\" \/>\n<meta property=\"og:locale\" content=\"tr_TR\" \/>\n<meta property=\"og:type\" content=\"article\" \/>\n<meta property=\"og:title\" content=\"DWYER Series CDX Wall Mount Carbon Dioxide Transmitter - \u0130ntegral Elektronik\" \/>\n<meta property=\"og:description\" content=\"Stok Kodu: CDX-2E10 Mevcut Kablolamal\u0131 CO2 Havaland\u0131rma Kontrol Cihaz\u0131, Avrupa Muhafazas\u0131\" \/>\n<meta property=\"og:url\" content=\"https:\/\/integralelektronik.com\/tr\/product\/dwyer-series-cdx-wall-mount-carbon-dioxide-transmitter\/\" \/>\n<meta property=\"og:site_name\" content=\"\u0130ntegral Elektronik\" \/>\n<meta property=\"article:modified_time\" content=\"2021-03-03T20:16:48+00:00\" \/>\n<meta property=\"og:image\" content=\"https:\/\/integralelektronik.com\/wp-content\/uploads\/2021\/03\/CDX__Tall__600x600.gif\" \/>\n\t<meta property=\"og:image:width\" content=\"600\" \/>\n\t<meta property=\"og:image:height\" content=\"600\" \/>\n\t<meta property=\"og:image:type\" content=\"image\/gif\" \/>\n<meta name=\"twitter:card\" content=\"summary_large_image\" \/>\n<meta name=\"twitter:label1\" content=\"Tahmini okuma s\u00fcresi\" \/>\n\t<meta name=\"twitter:data1\" content=\"1 dakika\" \/>\n<script type=\"application\/ld+json\" class=\"yoast-schema-graph\">{\"@context\":\"https:\/\/schema.org\",\"@graph\":[{\"@type\":\"WebPage\",\"@id\":\"https:\/\/integralelektronik.com\/tr\/product\/dwyer-series-cdx-wall-mount-carbon-dioxide-transmitter\/\",\"url\":\"https:\/\/integralelektronik.com\/tr\/product\/dwyer-series-cdx-wall-mount-carbon-dioxide-transmitter\/\",\"name\":\"DWYER Series CDX Wall Mount Carbon Dioxide Transmitter - \u0130ntegral Elektronik\",\"isPartOf\":{\"@id\":\"https:\/\/integralelektronik.com\/#website\"},\"primaryImageOfPage\":{\"@id\":\"https:\/\/integralelektronik.com\/tr\/product\/dwyer-series-cdx-wall-mount-carbon-dioxide-transmitter\/#primaryimage\"},\"image\":{\"@id\":\"https:\/\/integralelektronik.com\/tr\/product\/dwyer-series-cdx-wall-mount-carbon-dioxide-transmitter\/#primaryimage\"},\"thumbnailUrl\":\"https:\/\/integralelektronik.com\/wp-content\/uploads\/2021\/03\/CDX__Tall__600x600.gif\",\"datePublished\":\"2021-03-03T20:16:47+00:00\",\"dateModified\":\"2021-03-03T20:16:48+00:00\",\"breadcrumb\":{\"@id\":\"https:\/\/integralelektronik.com\/tr\/product\/dwyer-series-cdx-wall-mount-carbon-dioxide-transmitter\/#breadcrumb\"},\"inLanguage\":\"tr\",\"potentialAction\":[{\"@type\":\"ReadAction\",\"target\":[\"https:\/\/integralelektronik.com\/tr\/product\/dwyer-series-cdx-wall-mount-carbon-dioxide-transmitter\/\"]}]},{\"@type\":\"ImageObject\",\"inLanguage\":\"tr\",\"@id\":\"https:\/\/integralelektronik.com\/tr\/product\/dwyer-series-cdx-wall-mount-carbon-dioxide-transmitter\/#primaryimage\",\"url\":\"https:\/\/integralelektronik.com\/wp-content\/uploads\/2021\/03\/CDX__Tall__600x600.gif\",\"contentUrl\":\"https:\/\/integralelektronik.com\/wp-content\/uploads\/2021\/03\/CDX__Tall__600x600.gif\",\"width\":600,\"height\":600},{\"@type\":\"BreadcrumbList\",\"@id\":\"https:\/\/integralelektronik.com\/tr\/product\/dwyer-series-cdx-wall-mount-carbon-dioxide-transmitter\/#breadcrumb\",\"itemListElement\":[{\"@type\":\"ListItem\",\"position\":1,\"name\":\"Home\",\"item\":\"https:\/\/integralelektronik.com\/tr\/\"},{\"@type\":\"ListItem\",\"position\":2,\"name\":\"Shop\",\"item\":\"https:\/\/integralelektronik.com\/shop\/\"},{\"@type\":\"ListItem\",\"position\":3,\"name\":\"DWYER Series CDX Wall Mount Carbon Dioxide Transmitter\"}]},{\"@type\":\"WebSite\",\"@id\":\"https:\/\/integralelektronik.com\/#website\",\"url\":\"https:\/\/integralelektronik.com\/\",\"name\":\"\u0130ntegral Elektronik\",\"description\":\"\",\"publisher\":{\"@id\":\"https:\/\/integralelektronik.com\/#organization\"},\"potentialAction\":[{\"@type\":\"SearchAction\",\"target\":{\"@type\":\"EntryPoint\",\"urlTemplate\":\"https:\/\/integralelektronik.com\/?s={search_term_string}\"},\"query-input\":{\"@type\":\"PropertyValueSpecification\",\"valueRequired\":true,\"valueName\":\"search_term_string\"}}],\"inLanguage\":\"tr\"},{\"@type\":\"Organization\",\"@id\":\"https:\/\/integralelektronik.com\/#organization\",\"name\":\"\u0130ntegral Elektronik\",\"url\":\"https:\/\/integralelektronik.com\/\",\"logo\":{\"@type\":\"ImageObject\",\"inLanguage\":\"tr\",\"@id\":\"https:\/\/integralelektronik.com\/#\/schema\/logo\/image\/\",\"url\":\"https:\/\/integralelektronik.com\/wp-content\/uploads\/2020\/10\/logo.png\",\"contentUrl\":\"https:\/\/integralelektronik.com\/wp-content\/uploads\/2020\/10\/logo.png\",\"width\":180,\"height\":90,\"caption\":\"\u0130ntegral Elektronik\"},\"image\":{\"@id\":\"https:\/\/integralelektronik.com\/#\/schema\/logo\/image\/\"}}]}<\/script>\n<!-- \/ Yoast SEO plugin. -->","yoast_head_json":{"title":"DWYER Series CDX Wall Mount Carbon Dioxide Transmitter - \u0130ntegral Elektronik","robots":{"index":"index","follow":"follow","max-snippet":"max-snippet:-1","max-image-preview":"max-image-preview:large","max-video-preview":"max-video-preview:-1"},"canonical":"https:\/\/integralelektronik.com\/tr\/product\/dwyer-series-cdx-wall-mount-carbon-dioxide-transmitter\/","og_locale":"tr_TR","og_type":"article","og_title":"DWYER Series CDX Wall Mount Carbon Dioxide Transmitter - \u0130ntegral Elektronik","og_description":"Stok Kodu: CDX-2E10 Mevcut Kablolamal\u0131 CO2 Havaland\u0131rma Kontrol Cihaz\u0131, Avrupa Muhafazas\u0131","og_url":"https:\/\/integralelektronik.com\/tr\/product\/dwyer-series-cdx-wall-mount-carbon-dioxide-transmitter\/","og_site_name":"\u0130ntegral Elektronik","article_modified_time":"2021-03-03T20:16:48+00:00","og_image":[{"width":600,"height":600,"url":"https:\/\/integralelektronik.com\/wp-content\/uploads\/2021\/03\/CDX__Tall__600x600.gif","type":"image\/gif"}],"twitter_card":"summary_large_image","twitter_misc":{"Tahmini okuma s\u00fcresi":"1 dakika"},"schema":{"@context":"https:\/\/schema.org","@graph":[{"@type":"WebPage","@id":"https:\/\/integralelektronik.com\/tr\/product\/dwyer-series-cdx-wall-mount-carbon-dioxide-transmitter\/","url":"https:\/\/integralelektronik.com\/tr\/product\/dwyer-series-cdx-wall-mount-carbon-dioxide-transmitter\/","name":"DWYER Series CDX Wall Mount Carbon Dioxide Transmitter - \u0130ntegral Elektronik","isPartOf":{"@id":"https:\/\/integralelektronik.com\/#website"},"primaryImageOfPage":{"@id":"https:\/\/integralelektronik.com\/tr\/product\/dwyer-series-cdx-wall-mount-carbon-dioxide-transmitter\/#primaryimage"},"image":{"@id":"https:\/\/integralelektronik.com\/tr\/product\/dwyer-series-cdx-wall-mount-carbon-dioxide-transmitter\/#primaryimage"},"thumbnailUrl":"https:\/\/integralelektronik.com\/wp-content\/uploads\/2021\/03\/CDX__Tall__600x600.gif","datePublished":"2021-03-03T20:16:47+00:00","dateModified":"2021-03-03T20:16:48+00:00","breadcrumb":{"@id":"https:\/\/integralelektronik.com\/tr\/product\/dwyer-series-cdx-wall-mount-carbon-dioxide-transmitter\/#breadcrumb"},"inLanguage":"tr","potentialAction":[{"@type":"ReadAction","target":["https:\/\/integralelektronik.com\/tr\/product\/dwyer-series-cdx-wall-mount-carbon-dioxide-transmitter\/"]}]},{"@type":"ImageObject","inLanguage":"tr","@id":"https:\/\/integralelektronik.com\/tr\/product\/dwyer-series-cdx-wall-mount-carbon-dioxide-transmitter\/#primaryimage","url":"https:\/\/integralelektronik.com\/wp-content\/uploads\/2021\/03\/CDX__Tall__600x600.gif","contentUrl":"https:\/\/integralelektronik.com\/wp-content\/uploads\/2021\/03\/CDX__Tall__600x600.gif","width":600,"height":600},{"@type":"BreadcrumbList","@id":"https:\/\/integralelektronik.com\/tr\/product\/dwyer-series-cdx-wall-mount-carbon-dioxide-transmitter\/#breadcrumb","itemListElement":[{"@type":"ListItem","position":1,"name":"Home","item":"https:\/\/integralelektronik.com\/tr\/"},{"@type":"ListItem","position":2,"name":"Shop","item":"https:\/\/integralelektronik.com\/shop\/"},{"@type":"ListItem","position":3,"name":"DWYER Series CDX Wall Mount Carbon Dioxide Transmitter"}]},{"@type":"WebSite","@id":"https:\/\/integralelektronik.com\/#website","url":"https:\/\/integralelektronik.com\/","name":"\u0130ntegral Elektronik","description":"","publisher":{"@id":"https:\/\/integralelektronik.com\/#organization"},"potentialAction":[{"@type":"SearchAction","target":{"@type":"EntryPoint","urlTemplate":"https:\/\/integralelektronik.com\/?s={search_term_string}"},"query-input":{"@type":"PropertyValueSpecification","valueRequired":true,"valueName":"search_term_string"}}],"inLanguage":"tr"},{"@type":"Organization","@id":"https:\/\/integralelektronik.com\/#organization","name":"\u0130ntegral Elektronik","url":"https:\/\/integralelektronik.com\/","logo":{"@type":"ImageObject","inLanguage":"tr","@id":"https:\/\/integralelektronik.com\/#\/schema\/logo\/image\/","url":"https:\/\/integralelektronik.com\/wp-content\/uploads\/2020\/10\/logo.png","contentUrl":"https:\/\/integralelektronik.com\/wp-content\/uploads\/2020\/10\/logo.png","width":180,"height":90,"caption":"\u0130ntegral Elektronik"},"image":{"@id":"https:\/\/integralelektronik.com\/#\/schema\/logo\/image\/"}}]}},"_links":{"self":[{"href":"https:\/\/integralelektronik.com\/tr\/wp-json\/wp\/v2\/product\/9383"}],"collection":[{"href":"https:\/\/integralelektronik.com\/tr\/wp-json\/wp\/v2\/product"}],"about":[{"href":"https:\/\/integralelektronik.com\/tr\/wp-json\/wp\/v2\/types\/product"}],"replies":[{"embeddable":true,"href":"https:\/\/integralelektronik.com\/tr\/wp-json\/wp\/v2\/comments?post=9383"}],"wp:featuredmedia":[{"embeddable":true,"href":"https:\/\/integralelektronik.com\/tr\/wp-json\/wp\/v2\/media\/9366"}],"wp:attachment":[{"href":"https:\/\/integralelektronik.com\/tr\/wp-json\/wp\/v2\/media?parent=9383"}],"wp:term":[{"taxonomy":"product_brand","embeddable":true,"href":"https:\/\/integralelektronik.com\/tr\/wp-json\/wp\/v2\/product_brand?post=9383"},{"taxonomy":"product_cat","embeddable":true,"href":"https:\/\/integralelektronik.com\/tr\/wp-json\/wp\/v2\/product_cat?post=9383"},{"taxonomy":"product_tag","embeddable":true,"href":"https:\/\/integralelektronik.com\/tr\/wp-json\/wp\/v2\/product_tag?post=9383"}],"curies":[{"name":"wp","href":"https:\/\/api.w.org\/{rel}","templated":true}]}}