{"id":9382,"date":"2021-03-03T23:16:01","date_gmt":"2021-03-03T20:16:01","guid":{"rendered":"https:\/\/integralelektronik.com\/?post_type=product&#038;p=9382"},"modified":"2021-03-03T23:16:02","modified_gmt":"2021-03-03T20:16:02","slug":"dwyer-series-cdta-communicating-carbon-dioxide-detector","status":"publish","type":"product","link":"https:\/\/integralelektronik.com\/tr\/product\/dwyer-series-cdta-communicating-carbon-dioxide-detector\/","title":{"rendered":"DWYER Series CDTA Communicating Carbon Dioxide Detector"},"content":{"rendered":"<p><b><span>Seri CDTA Haberle\u015fiyor Karbondioksit Dedekt\u00f6r<\/span><\/b><span>\u00a0\u00dc\u00e7 oda sens\u00f6r\u00fcn\u00fcn i\u015flevini tek, kompakt bir muhafazada birle\u015ftirir.\u00a0Parametreler karbondioksit, nem, s\u0131cakl\u0131k ve ge\u00e7ersiz k\u0131lma ile s\u0131cakl\u0131k ayar noktas\u0131n\u0131 i\u00e7erir.\u00a0Sahada se\u00e7ilebilir Modbus\u00ae ve BACnet \u0130leti\u015fimlerine sahip olarak, g\u00fc\u00e7 ve ileti\u015fim sinyali i\u00e7in yaln\u0131zca d\u00f6rt kablo gereklidir.\u00a0\u0130leti\u015fim kuran dedekt\u00f6rler, kurulum maliyetini daha da azaltmak i\u00e7in birbirine zincirleme ba\u011flanabilir.\u00a0Kurulum s\u00fcresini azaltmak i\u00e7in, RS-485 MAC adresi yerle\u015fik dip anahtarlar\u0131 kullan\u0131larak ayarlan\u0131r.\u00a0\u00c7\u0131k\u0131\u015f\u0131n Modbus\u00ae RTU veya BACnet MS \/ TP ileti\u015fim protokolleri olup olmad\u0131\u011f\u0131n\u0131 se\u00e7mek ve kurulum men\u00fcs\u00fcne eri\u015fimi s\u0131n\u0131rlamak i\u00e7in ikinci bir dip anahtar seti kullan\u0131l\u0131r.\u00a0Seri CDT Karbon Dioksit Vericimiz gibi, Seri CDTA da karbondioksit seviyesini \u00f6l\u00e7mek i\u00e7in Tek I\u015f\u0131nl\u0131 \u00c7ift Dalgaboylu Da\u011f\u0131lmayan K\u0131z\u0131l\u00f6tesi (NDIR) sens\u00f6r kullan\u0131r.\u00a0Bu teknoloji, g\u00fcnde 24 saat me\u015fgul olacak kurulumlarda kullan\u0131labilir.\u00a0Daha y\u00fcksek do\u011fruluk i\u00e7in verici, kurulumun \u00e7evre ko\u015fullar\u0131na g\u00f6re sahada kalibre edilebilir.\u00a0Ayr\u0131ca, barometrik bas\u0131n\u00e7 rak\u0131m\u0131 d\u00fczeltecek \u015fekilde programlanabilir.\u00a0Nem, kapasitif bir polimer sens\u00f6r\u00fc kullan\u0131r ve s\u0131cakl\u0131k, bir 10KO termist\u00f6r sens\u00f6r\u00fc kullan\u0131larak \u00f6l\u00e7\u00fcl\u00fcr.\u00a0Nem sens\u00f6r\u00fc, ek kalibrasyona gerek kalmadan sahada de\u011fi\u015ftirilebilir.\u00a0Parametrelerin herhangi birini g\u00f6r\u00fcnt\u00fclemek i\u00e7in iste\u011fe ba\u011fl\u0131 yerel ve uzak ekranlar mevcuttur.\u00a0Bina sakinlerinin CO2 konsantrasyonlar\u0131na a\u015fina olmad\u0131\u011f\u0131 uygulamalar i\u00e7in, LCD bunun yerine s\u0131cakl\u0131k, nem veya s\u0131cakl\u0131k ayar noktas\u0131n\u0131 g\u00f6sterecek \u015fekilde programlanabilir.\u00a0verici, kurulumun \u00e7evre ko\u015fullar\u0131na g\u00f6re sahada kalibre edilebilir.\u00a0Ayr\u0131ca, barometrik bas\u0131n\u00e7 rak\u0131m\u0131 d\u00fczeltecek \u015fekilde programlanabilir.\u00a0Nem, kapasitif bir polimer sens\u00f6r\u00fc kullan\u0131r ve s\u0131cakl\u0131k, bir 10KO termist\u00f6r sens\u00f6r\u00fc kullan\u0131larak \u00f6l\u00e7\u00fcl\u00fcr.\u00a0Nem sens\u00f6r\u00fc, ek kalibrasyona gerek kalmadan sahada de\u011fi\u015ftirilebilir.\u00a0Parametrelerin herhangi birini g\u00f6r\u00fcnt\u00fclemek i\u00e7in iste\u011fe ba\u011fl\u0131 yerel ve uzak ekranlar mevcuttur.\u00a0Bina sakinlerinin CO2 konsantrasyonlar\u0131na a\u015fina olmad\u0131\u011f\u0131 uygulamalar i\u00e7in, LCD bunun yerine s\u0131cakl\u0131k, nem veya s\u0131cakl\u0131k ayar noktas\u0131n\u0131 g\u00f6sterecek \u015fekilde programlanabilir.\u00a0verici, kurulumun \u00e7evre ko\u015fullar\u0131na g\u00f6re sahada kalibre edilebilir.\u00a0Ayr\u0131ca, barometrik bas\u0131n\u00e7 rak\u0131m\u0131 d\u00fczeltecek \u015fekilde programlanabilir.\u00a0Nem, kapasitif bir polimer sens\u00f6r kullan\u0131r ve s\u0131cakl\u0131k, bir 10KO termist\u00f6r sens\u00f6r\u00fc kullan\u0131larak \u00f6l\u00e7\u00fcl\u00fcr.\u00a0Nem sens\u00f6r\u00fc, ek kalibrasyona gerek kalmadan sahada de\u011fi\u015ftirilebilir.\u00a0Parametrelerin herhangi birini g\u00f6r\u00fcnt\u00fclemek i\u00e7in iste\u011fe ba\u011fl\u0131 yerel ve uzak ekranlar mevcuttur.\u00a0Bina sakinlerinin CO2 konsantrasyonlar\u0131na a\u015fina olmad\u0131\u011f\u0131 uygulamalar i\u00e7in, LCD bunun yerine s\u0131cakl\u0131k, nem veya s\u0131cakl\u0131k ayar noktas\u0131n\u0131 g\u00f6sterecek \u015fekilde programlanabilir.\u00a0Nem sens\u00f6r\u00fc, ek kalibrasyona gerek kalmadan sahada de\u011fi\u015ftirilebilir.\u00a0Parametrelerin herhangi birini g\u00f6r\u00fcnt\u00fclemek i\u00e7in iste\u011fe ba\u011fl\u0131 yerel ve uzak ekranlar mevcuttur.\u00a0Bina sakinlerinin CO2 konsantrasyonlar\u0131na a\u015fina olmad\u0131\u011f\u0131 uygulamalar i\u00e7in, LCD bunun yerine s\u0131cakl\u0131k, nem veya s\u0131cakl\u0131k ayar noktas\u0131n\u0131 g\u00f6sterecek \u015fekilde programlanabilir.\u00a0Nem sens\u00f6r\u00fc, ek kalibrasyona gerek kalmadan sahada de\u011fi\u015ftirilebilir.\u00a0Parametrelerin herhangi birini g\u00f6r\u00fcnt\u00fclemek i\u00e7in iste\u011fe ba\u011fl\u0131 yerel ve uzak ekranlar mevcuttur.\u00a0Bina sakinlerinin CO2 konsantrasyonlar\u0131na a\u015fina olmad\u0131\u011f\u0131 uygulamalar i\u00e7in, LCD bunun yerine s\u0131cakl\u0131k, nem veya s\u0131cakl\u0131k ayar noktas\u0131n\u0131 g\u00f6sterecek \u015fekilde programlanabilir.<\/span><\/p>\n","protected":false},"excerpt":{"rendered":"<h2><span>Stok Kodu: CDTA-2N000<\/span><\/h2>\n<h3 class=\"tagline\"><span>Ayar Noktas\u0131 ve Ge\u00e7ersiz K\u0131lma ile Karbon Dioksit \/ S\u0131cakl\u0131k \/ Nem \u0130leti\u015fim Stat\u00fcs\u00fc, Modbus ve BACnet \u00c7\u0131k\u0131\u015f\u0131, Kuzey Amerika Duvara Montaj Muhafazas\u0131, 2000 PPM Aral\u0131\u011f\u0131<\/span><\/h3>\n","protected":false},"featured_media":9372,"comment_status":"open","ping_status":"closed","template":"","meta":[],"product_brand":[],"product_cat":[574,577],"product_tag":[],"class_list":{"0":"post-9382","1":"product","2":"type-product","3":"status-publish","4":"has-post-thumbnail","6":"product_cat-dwyer-tr","7":"product_cat-karbondioksit-transmitterleri","9":"first","10":"instock","11":"shipping-taxable","12":"product-type-simple"},"yoast_head":"<!-- This site is optimized with the Yoast SEO plugin v24.3 - https:\/\/yoast.com\/wordpress\/plugins\/seo\/ -->\n<title>DWYER Series CDTA Communicating Carbon Dioxide Detector - \u0130ntegral Elektronik<\/title>\n<meta name=\"robots\" content=\"index, follow, max-snippet:-1, max-image-preview:large, max-video-preview:-1\" \/>\n<link rel=\"canonical\" href=\"https:\/\/integralelektronik.com\/tr\/product\/dwyer-series-cdta-communicating-carbon-dioxide-detector\/\" \/>\n<meta property=\"og:locale\" content=\"tr_TR\" \/>\n<meta property=\"og:type\" content=\"article\" \/>\n<meta property=\"og:title\" content=\"DWYER Series CDTA Communicating Carbon Dioxide Detector - \u0130ntegral Elektronik\" \/>\n<meta property=\"og:description\" content=\"Stok Kodu: CDTA-2N000 Ayar Noktas\u0131 ve Ge\u00e7ersiz K\u0131lma ile Karbon Dioksit \/ S\u0131cakl\u0131k \/ Nem \u0130leti\u015fim Stat\u00fcs\u00fc, Modbus ve BACnet \u00c7\u0131k\u0131\u015f\u0131, Kuzey Amerika Duvara Montaj Muhafazas\u0131, 2000 PPM Aral\u0131\u011f\u0131\" \/>\n<meta property=\"og:url\" content=\"https:\/\/integralelektronik.com\/tr\/product\/dwyer-series-cdta-communicating-carbon-dioxide-detector\/\" \/>\n<meta property=\"og:site_name\" content=\"\u0130ntegral Elektronik\" \/>\n<meta property=\"article:modified_time\" content=\"2021-03-03T20:16:02+00:00\" \/>\n<meta property=\"og:image\" content=\"https:\/\/integralelektronik.com\/wp-content\/uploads\/2021\/03\/CDTA_North_American_With_Display_1000x1000_Glow.gif\" \/>\n\t<meta property=\"og:image:width\" content=\"1000\" \/>\n\t<meta property=\"og:image:height\" content=\"1000\" \/>\n\t<meta property=\"og:image:type\" content=\"image\/gif\" \/>\n<meta name=\"twitter:card\" content=\"summary_large_image\" \/>\n<meta name=\"twitter:label1\" content=\"Tahmini okuma s\u00fcresi\" \/>\n\t<meta name=\"twitter:data1\" content=\"2 dakika\" \/>\n<script type=\"application\/ld+json\" class=\"yoast-schema-graph\">{\"@context\":\"https:\/\/schema.org\",\"@graph\":[{\"@type\":\"WebPage\",\"@id\":\"https:\/\/integralelektronik.com\/tr\/product\/dwyer-series-cdta-communicating-carbon-dioxide-detector\/\",\"url\":\"https:\/\/integralelektronik.com\/tr\/product\/dwyer-series-cdta-communicating-carbon-dioxide-detector\/\",\"name\":\"DWYER Series CDTA Communicating Carbon Dioxide Detector - \u0130ntegral Elektronik\",\"isPartOf\":{\"@id\":\"https:\/\/integralelektronik.com\/#website\"},\"primaryImageOfPage\":{\"@id\":\"https:\/\/integralelektronik.com\/tr\/product\/dwyer-series-cdta-communicating-carbon-dioxide-detector\/#primaryimage\"},\"image\":{\"@id\":\"https:\/\/integralelektronik.com\/tr\/product\/dwyer-series-cdta-communicating-carbon-dioxide-detector\/#primaryimage\"},\"thumbnailUrl\":\"https:\/\/integralelektronik.com\/wp-content\/uploads\/2021\/03\/CDTA_North_American_With_Display_1000x1000_Glow.gif\",\"datePublished\":\"2021-03-03T20:16:01+00:00\",\"dateModified\":\"2021-03-03T20:16:02+00:00\",\"breadcrumb\":{\"@id\":\"https:\/\/integralelektronik.com\/tr\/product\/dwyer-series-cdta-communicating-carbon-dioxide-detector\/#breadcrumb\"},\"inLanguage\":\"tr\",\"potentialAction\":[{\"@type\":\"ReadAction\",\"target\":[\"https:\/\/integralelektronik.com\/tr\/product\/dwyer-series-cdta-communicating-carbon-dioxide-detector\/\"]}]},{\"@type\":\"ImageObject\",\"inLanguage\":\"tr\",\"@id\":\"https:\/\/integralelektronik.com\/tr\/product\/dwyer-series-cdta-communicating-carbon-dioxide-detector\/#primaryimage\",\"url\":\"https:\/\/integralelektronik.com\/wp-content\/uploads\/2021\/03\/CDTA_North_American_With_Display_1000x1000_Glow.gif\",\"contentUrl\":\"https:\/\/integralelektronik.com\/wp-content\/uploads\/2021\/03\/CDTA_North_American_With_Display_1000x1000_Glow.gif\",\"width\":1000,\"height\":1000},{\"@type\":\"BreadcrumbList\",\"@id\":\"https:\/\/integralelektronik.com\/tr\/product\/dwyer-series-cdta-communicating-carbon-dioxide-detector\/#breadcrumb\",\"itemListElement\":[{\"@type\":\"ListItem\",\"position\":1,\"name\":\"Home\",\"item\":\"https:\/\/integralelektronik.com\/tr\/\"},{\"@type\":\"ListItem\",\"position\":2,\"name\":\"Shop\",\"item\":\"https:\/\/integralelektronik.com\/shop\/\"},{\"@type\":\"ListItem\",\"position\":3,\"name\":\"DWYER Series CDTA Communicating Carbon Dioxide Detector\"}]},{\"@type\":\"WebSite\",\"@id\":\"https:\/\/integralelektronik.com\/#website\",\"url\":\"https:\/\/integralelektronik.com\/\",\"name\":\"\u0130ntegral Elektronik\",\"description\":\"\",\"publisher\":{\"@id\":\"https:\/\/integralelektronik.com\/#organization\"},\"potentialAction\":[{\"@type\":\"SearchAction\",\"target\":{\"@type\":\"EntryPoint\",\"urlTemplate\":\"https:\/\/integralelektronik.com\/?s={search_term_string}\"},\"query-input\":{\"@type\":\"PropertyValueSpecification\",\"valueRequired\":true,\"valueName\":\"search_term_string\"}}],\"inLanguage\":\"tr\"},{\"@type\":\"Organization\",\"@id\":\"https:\/\/integralelektronik.com\/#organization\",\"name\":\"\u0130ntegral Elektronik\",\"url\":\"https:\/\/integralelektronik.com\/\",\"logo\":{\"@type\":\"ImageObject\",\"inLanguage\":\"tr\",\"@id\":\"https:\/\/integralelektronik.com\/#\/schema\/logo\/image\/\",\"url\":\"https:\/\/integralelektronik.com\/wp-content\/uploads\/2020\/10\/logo.png\",\"contentUrl\":\"https:\/\/integralelektronik.com\/wp-content\/uploads\/2020\/10\/logo.png\",\"width\":180,\"height\":90,\"caption\":\"\u0130ntegral Elektronik\"},\"image\":{\"@id\":\"https:\/\/integralelektronik.com\/#\/schema\/logo\/image\/\"}}]}<\/script>\n<!-- \/ Yoast SEO plugin. -->","yoast_head_json":{"title":"DWYER Series CDTA Communicating Carbon Dioxide Detector - \u0130ntegral Elektronik","robots":{"index":"index","follow":"follow","max-snippet":"max-snippet:-1","max-image-preview":"max-image-preview:large","max-video-preview":"max-video-preview:-1"},"canonical":"https:\/\/integralelektronik.com\/tr\/product\/dwyer-series-cdta-communicating-carbon-dioxide-detector\/","og_locale":"tr_TR","og_type":"article","og_title":"DWYER Series CDTA Communicating Carbon Dioxide Detector - \u0130ntegral Elektronik","og_description":"Stok Kodu: CDTA-2N000 Ayar Noktas\u0131 ve Ge\u00e7ersiz K\u0131lma ile Karbon Dioksit \/ S\u0131cakl\u0131k \/ Nem \u0130leti\u015fim Stat\u00fcs\u00fc, Modbus ve BACnet \u00c7\u0131k\u0131\u015f\u0131, Kuzey Amerika Duvara Montaj Muhafazas\u0131, 2000 PPM Aral\u0131\u011f\u0131","og_url":"https:\/\/integralelektronik.com\/tr\/product\/dwyer-series-cdta-communicating-carbon-dioxide-detector\/","og_site_name":"\u0130ntegral Elektronik","article_modified_time":"2021-03-03T20:16:02+00:00","og_image":[{"width":1000,"height":1000,"url":"https:\/\/integralelektronik.com\/wp-content\/uploads\/2021\/03\/CDTA_North_American_With_Display_1000x1000_Glow.gif","type":"image\/gif"}],"twitter_card":"summary_large_image","twitter_misc":{"Tahmini okuma s\u00fcresi":"2 dakika"},"schema":{"@context":"https:\/\/schema.org","@graph":[{"@type":"WebPage","@id":"https:\/\/integralelektronik.com\/tr\/product\/dwyer-series-cdta-communicating-carbon-dioxide-detector\/","url":"https:\/\/integralelektronik.com\/tr\/product\/dwyer-series-cdta-communicating-carbon-dioxide-detector\/","name":"DWYER Series CDTA Communicating Carbon Dioxide Detector - \u0130ntegral Elektronik","isPartOf":{"@id":"https:\/\/integralelektronik.com\/#website"},"primaryImageOfPage":{"@id":"https:\/\/integralelektronik.com\/tr\/product\/dwyer-series-cdta-communicating-carbon-dioxide-detector\/#primaryimage"},"image":{"@id":"https:\/\/integralelektronik.com\/tr\/product\/dwyer-series-cdta-communicating-carbon-dioxide-detector\/#primaryimage"},"thumbnailUrl":"https:\/\/integralelektronik.com\/wp-content\/uploads\/2021\/03\/CDTA_North_American_With_Display_1000x1000_Glow.gif","datePublished":"2021-03-03T20:16:01+00:00","dateModified":"2021-03-03T20:16:02+00:00","breadcrumb":{"@id":"https:\/\/integralelektronik.com\/tr\/product\/dwyer-series-cdta-communicating-carbon-dioxide-detector\/#breadcrumb"},"inLanguage":"tr","potentialAction":[{"@type":"ReadAction","target":["https:\/\/integralelektronik.com\/tr\/product\/dwyer-series-cdta-communicating-carbon-dioxide-detector\/"]}]},{"@type":"ImageObject","inLanguage":"tr","@id":"https:\/\/integralelektronik.com\/tr\/product\/dwyer-series-cdta-communicating-carbon-dioxide-detector\/#primaryimage","url":"https:\/\/integralelektronik.com\/wp-content\/uploads\/2021\/03\/CDTA_North_American_With_Display_1000x1000_Glow.gif","contentUrl":"https:\/\/integralelektronik.com\/wp-content\/uploads\/2021\/03\/CDTA_North_American_With_Display_1000x1000_Glow.gif","width":1000,"height":1000},{"@type":"BreadcrumbList","@id":"https:\/\/integralelektronik.com\/tr\/product\/dwyer-series-cdta-communicating-carbon-dioxide-detector\/#breadcrumb","itemListElement":[{"@type":"ListItem","position":1,"name":"Home","item":"https:\/\/integralelektronik.com\/tr\/"},{"@type":"ListItem","position":2,"name":"Shop","item":"https:\/\/integralelektronik.com\/shop\/"},{"@type":"ListItem","position":3,"name":"DWYER Series CDTA Communicating Carbon Dioxide Detector"}]},{"@type":"WebSite","@id":"https:\/\/integralelektronik.com\/#website","url":"https:\/\/integralelektronik.com\/","name":"\u0130ntegral Elektronik","description":"","publisher":{"@id":"https:\/\/integralelektronik.com\/#organization"},"potentialAction":[{"@type":"SearchAction","target":{"@type":"EntryPoint","urlTemplate":"https:\/\/integralelektronik.com\/?s={search_term_string}"},"query-input":{"@type":"PropertyValueSpecification","valueRequired":true,"valueName":"search_term_string"}}],"inLanguage":"tr"},{"@type":"Organization","@id":"https:\/\/integralelektronik.com\/#organization","name":"\u0130ntegral Elektronik","url":"https:\/\/integralelektronik.com\/","logo":{"@type":"ImageObject","inLanguage":"tr","@id":"https:\/\/integralelektronik.com\/#\/schema\/logo\/image\/","url":"https:\/\/integralelektronik.com\/wp-content\/uploads\/2020\/10\/logo.png","contentUrl":"https:\/\/integralelektronik.com\/wp-content\/uploads\/2020\/10\/logo.png","width":180,"height":90,"caption":"\u0130ntegral Elektronik"},"image":{"@id":"https:\/\/integralelektronik.com\/#\/schema\/logo\/image\/"}}]}},"_links":{"self":[{"href":"https:\/\/integralelektronik.com\/tr\/wp-json\/wp\/v2\/product\/9382"}],"collection":[{"href":"https:\/\/integralelektronik.com\/tr\/wp-json\/wp\/v2\/product"}],"about":[{"href":"https:\/\/integralelektronik.com\/tr\/wp-json\/wp\/v2\/types\/product"}],"replies":[{"embeddable":true,"href":"https:\/\/integralelektronik.com\/tr\/wp-json\/wp\/v2\/comments?post=9382"}],"wp:featuredmedia":[{"embeddable":true,"href":"https:\/\/integralelektronik.com\/tr\/wp-json\/wp\/v2\/media\/9372"}],"wp:attachment":[{"href":"https:\/\/integralelektronik.com\/tr\/wp-json\/wp\/v2\/media?parent=9382"}],"wp:term":[{"taxonomy":"product_brand","embeddable":true,"href":"https:\/\/integralelektronik.com\/tr\/wp-json\/wp\/v2\/product_brand?post=9382"},{"taxonomy":"product_cat","embeddable":true,"href":"https:\/\/integralelektronik.com\/tr\/wp-json\/wp\/v2\/product_cat?post=9382"},{"taxonomy":"product_tag","embeddable":true,"href":"https:\/\/integralelektronik.com\/tr\/wp-json\/wp\/v2\/product_tag?post=9382"}],"curies":[{"name":"wp","href":"https:\/\/api.w.org\/{rel}","templated":true}]}}