{"id":9381,"date":"2021-03-03T23:15:10","date_gmt":"2021-03-03T20:15:10","guid":{"rendered":"https:\/\/integralelektronik.com\/?post_type=product&#038;p=9381"},"modified":"2021-03-03T23:15:10","modified_gmt":"2021-03-03T20:15:10","slug":"dwyer-series-cdtv-carbon-dioxide-volatile-organic-compound-transmitters","status":"publish","type":"product","link":"https:\/\/integralelektronik.com\/tr\/product\/dwyer-series-cdtv-carbon-dioxide-volatile-organic-compound-transmitters\/","title":{"rendered":"DWYER Series CDTV Carbon Dioxide\/Volatile Organic Compound Transmitters"},"content":{"rendered":"<p><b><span>Seri CDTV Karbondioksit \/ u\u00e7ucu organik bile\u015fik (VOC) Verici<\/span><\/b><span>\u00a0\u00a0alan doluluk g\u00f6re iklimlendirilmi\u015f hava miktar\u0131n\u0131 d\u00fc\u015f\u00fcrerek binalarda enerji maliyetini azalt\u0131r.\u00a0Verici, hem CO2 hem de VOC&#8217;yi alg\u0131layarak, daha d\u00fc\u015f\u00fck kullan\u0131m d\u00f6nemlerinde t\u00fckenmesi gerekebilecek duman\u0131 alg\u0131layabilir.<\/span><\/p>\n","protected":false},"excerpt":{"rendered":"<h2><span>Stok Kodu: CDTV-2D404<\/span><\/h2>\n<h3 class=\"tagline\"><span>Kanal VOC ve CO2 verici, evrensel analog \u00e7\u0131k\u0131\u015flar, 2000PPM CO2, s\u0131cakl\u0131k yok<\/span><\/h3>\n","protected":false},"featured_media":9374,"comment_status":"open","ping_status":"closed","template":"","meta":[],"product_brand":[],"product_cat":[574,577],"product_tag":[],"class_list":{"0":"post-9381","1":"product","2":"type-product","3":"status-publish","4":"has-post-thumbnail","6":"product_cat-dwyer-tr","7":"product_cat-karbondioksit-transmitterleri","9":"first","10":"instock","11":"shipping-taxable","12":"product-type-simple"},"yoast_head":"<!-- This site is optimized with the Yoast SEO plugin v24.3 - https:\/\/yoast.com\/wordpress\/plugins\/seo\/ -->\n<title>DWYER Series CDTV Carbon Dioxide\/Volatile Organic Compound Transmitters - \u0130ntegral Elektronik<\/title>\n<meta name=\"robots\" content=\"index, follow, max-snippet:-1, max-image-preview:large, max-video-preview:-1\" \/>\n<link rel=\"canonical\" href=\"https:\/\/integralelektronik.com\/tr\/product\/dwyer-series-cdtv-carbon-dioxide-volatile-organic-compound-transmitters\/\" \/>\n<meta property=\"og:locale\" content=\"tr_TR\" \/>\n<meta property=\"og:type\" content=\"article\" \/>\n<meta property=\"og:title\" content=\"DWYER Series CDTV Carbon Dioxide\/Volatile Organic Compound Transmitters - \u0130ntegral Elektronik\" \/>\n<meta property=\"og:description\" content=\"Stok Kodu: CDTV-2D404 Kanal VOC ve CO2 verici, evrensel analog \u00e7\u0131k\u0131\u015flar, 2000PPM CO2, s\u0131cakl\u0131k yok\" \/>\n<meta property=\"og:url\" content=\"https:\/\/integralelektronik.com\/tr\/product\/dwyer-series-cdtv-carbon-dioxide-volatile-organic-compound-transmitters\/\" \/>\n<meta property=\"og:site_name\" content=\"\u0130ntegral Elektronik\" \/>\n<meta property=\"og:image\" content=\"https:\/\/integralelektronik.com\/wp-content\/uploads\/2021\/03\/CDTV_Duct_1000x1000.gif\" \/>\n\t<meta property=\"og:image:width\" content=\"1000\" \/>\n\t<meta property=\"og:image:height\" content=\"1000\" \/>\n\t<meta property=\"og:image:type\" content=\"image\/gif\" \/>\n<meta name=\"twitter:card\" content=\"summary_large_image\" \/>\n<meta name=\"twitter:label1\" content=\"Tahmini okuma s\u00fcresi\" \/>\n\t<meta name=\"twitter:data1\" content=\"1 dakika\" \/>\n<script type=\"application\/ld+json\" class=\"yoast-schema-graph\">{\"@context\":\"https:\/\/schema.org\",\"@graph\":[{\"@type\":\"WebPage\",\"@id\":\"https:\/\/integralelektronik.com\/tr\/product\/dwyer-series-cdtv-carbon-dioxide-volatile-organic-compound-transmitters\/\",\"url\":\"https:\/\/integralelektronik.com\/tr\/product\/dwyer-series-cdtv-carbon-dioxide-volatile-organic-compound-transmitters\/\",\"name\":\"DWYER Series CDTV Carbon Dioxide\/Volatile Organic Compound Transmitters - \u0130ntegral Elektronik\",\"isPartOf\":{\"@id\":\"https:\/\/integralelektronik.com\/#website\"},\"primaryImageOfPage\":{\"@id\":\"https:\/\/integralelektronik.com\/tr\/product\/dwyer-series-cdtv-carbon-dioxide-volatile-organic-compound-transmitters\/#primaryimage\"},\"image\":{\"@id\":\"https:\/\/integralelektronik.com\/tr\/product\/dwyer-series-cdtv-carbon-dioxide-volatile-organic-compound-transmitters\/#primaryimage\"},\"thumbnailUrl\":\"https:\/\/integralelektronik.com\/wp-content\/uploads\/2021\/03\/CDTV_Duct_1000x1000.gif\",\"datePublished\":\"2021-03-03T20:15:10+00:00\",\"dateModified\":\"2021-03-03T20:15:10+00:00\",\"breadcrumb\":{\"@id\":\"https:\/\/integralelektronik.com\/tr\/product\/dwyer-series-cdtv-carbon-dioxide-volatile-organic-compound-transmitters\/#breadcrumb\"},\"inLanguage\":\"tr\",\"potentialAction\":[{\"@type\":\"ReadAction\",\"target\":[\"https:\/\/integralelektronik.com\/tr\/product\/dwyer-series-cdtv-carbon-dioxide-volatile-organic-compound-transmitters\/\"]}]},{\"@type\":\"ImageObject\",\"inLanguage\":\"tr\",\"@id\":\"https:\/\/integralelektronik.com\/tr\/product\/dwyer-series-cdtv-carbon-dioxide-volatile-organic-compound-transmitters\/#primaryimage\",\"url\":\"https:\/\/integralelektronik.com\/wp-content\/uploads\/2021\/03\/CDTV_Duct_1000x1000.gif\",\"contentUrl\":\"https:\/\/integralelektronik.com\/wp-content\/uploads\/2021\/03\/CDTV_Duct_1000x1000.gif\",\"width\":1000,\"height\":1000},{\"@type\":\"BreadcrumbList\",\"@id\":\"https:\/\/integralelektronik.com\/tr\/product\/dwyer-series-cdtv-carbon-dioxide-volatile-organic-compound-transmitters\/#breadcrumb\",\"itemListElement\":[{\"@type\":\"ListItem\",\"position\":1,\"name\":\"Home\",\"item\":\"https:\/\/integralelektronik.com\/tr\/\"},{\"@type\":\"ListItem\",\"position\":2,\"name\":\"Shop\",\"item\":\"https:\/\/integralelektronik.com\/shop\/\"},{\"@type\":\"ListItem\",\"position\":3,\"name\":\"DWYER Series CDTV Carbon Dioxide\/Volatile Organic Compound Transmitters\"}]},{\"@type\":\"WebSite\",\"@id\":\"https:\/\/integralelektronik.com\/#website\",\"url\":\"https:\/\/integralelektronik.com\/\",\"name\":\"\u0130ntegral Elektronik\",\"description\":\"\",\"publisher\":{\"@id\":\"https:\/\/integralelektronik.com\/#organization\"},\"potentialAction\":[{\"@type\":\"SearchAction\",\"target\":{\"@type\":\"EntryPoint\",\"urlTemplate\":\"https:\/\/integralelektronik.com\/?s={search_term_string}\"},\"query-input\":{\"@type\":\"PropertyValueSpecification\",\"valueRequired\":true,\"valueName\":\"search_term_string\"}}],\"inLanguage\":\"tr\"},{\"@type\":\"Organization\",\"@id\":\"https:\/\/integralelektronik.com\/#organization\",\"name\":\"\u0130ntegral Elektronik\",\"url\":\"https:\/\/integralelektronik.com\/\",\"logo\":{\"@type\":\"ImageObject\",\"inLanguage\":\"tr\",\"@id\":\"https:\/\/integralelektronik.com\/#\/schema\/logo\/image\/\",\"url\":\"https:\/\/integralelektronik.com\/wp-content\/uploads\/2020\/10\/logo.png\",\"contentUrl\":\"https:\/\/integralelektronik.com\/wp-content\/uploads\/2020\/10\/logo.png\",\"width\":180,\"height\":90,\"caption\":\"\u0130ntegral Elektronik\"},\"image\":{\"@id\":\"https:\/\/integralelektronik.com\/#\/schema\/logo\/image\/\"}}]}<\/script>\n<!-- \/ Yoast SEO plugin. -->","yoast_head_json":{"title":"DWYER Series CDTV Carbon Dioxide\/Volatile Organic Compound Transmitters - \u0130ntegral Elektronik","robots":{"index":"index","follow":"follow","max-snippet":"max-snippet:-1","max-image-preview":"max-image-preview:large","max-video-preview":"max-video-preview:-1"},"canonical":"https:\/\/integralelektronik.com\/tr\/product\/dwyer-series-cdtv-carbon-dioxide-volatile-organic-compound-transmitters\/","og_locale":"tr_TR","og_type":"article","og_title":"DWYER Series CDTV Carbon Dioxide\/Volatile Organic Compound Transmitters - \u0130ntegral Elektronik","og_description":"Stok Kodu: CDTV-2D404 Kanal VOC ve CO2 verici, evrensel analog \u00e7\u0131k\u0131\u015flar, 2000PPM CO2, s\u0131cakl\u0131k yok","og_url":"https:\/\/integralelektronik.com\/tr\/product\/dwyer-series-cdtv-carbon-dioxide-volatile-organic-compound-transmitters\/","og_site_name":"\u0130ntegral Elektronik","og_image":[{"width":1000,"height":1000,"url":"https:\/\/integralelektronik.com\/wp-content\/uploads\/2021\/03\/CDTV_Duct_1000x1000.gif","type":"image\/gif"}],"twitter_card":"summary_large_image","twitter_misc":{"Tahmini okuma s\u00fcresi":"1 dakika"},"schema":{"@context":"https:\/\/schema.org","@graph":[{"@type":"WebPage","@id":"https:\/\/integralelektronik.com\/tr\/product\/dwyer-series-cdtv-carbon-dioxide-volatile-organic-compound-transmitters\/","url":"https:\/\/integralelektronik.com\/tr\/product\/dwyer-series-cdtv-carbon-dioxide-volatile-organic-compound-transmitters\/","name":"DWYER Series CDTV Carbon Dioxide\/Volatile Organic Compound Transmitters - \u0130ntegral Elektronik","isPartOf":{"@id":"https:\/\/integralelektronik.com\/#website"},"primaryImageOfPage":{"@id":"https:\/\/integralelektronik.com\/tr\/product\/dwyer-series-cdtv-carbon-dioxide-volatile-organic-compound-transmitters\/#primaryimage"},"image":{"@id":"https:\/\/integralelektronik.com\/tr\/product\/dwyer-series-cdtv-carbon-dioxide-volatile-organic-compound-transmitters\/#primaryimage"},"thumbnailUrl":"https:\/\/integralelektronik.com\/wp-content\/uploads\/2021\/03\/CDTV_Duct_1000x1000.gif","datePublished":"2021-03-03T20:15:10+00:00","dateModified":"2021-03-03T20:15:10+00:00","breadcrumb":{"@id":"https:\/\/integralelektronik.com\/tr\/product\/dwyer-series-cdtv-carbon-dioxide-volatile-organic-compound-transmitters\/#breadcrumb"},"inLanguage":"tr","potentialAction":[{"@type":"ReadAction","target":["https:\/\/integralelektronik.com\/tr\/product\/dwyer-series-cdtv-carbon-dioxide-volatile-organic-compound-transmitters\/"]}]},{"@type":"ImageObject","inLanguage":"tr","@id":"https:\/\/integralelektronik.com\/tr\/product\/dwyer-series-cdtv-carbon-dioxide-volatile-organic-compound-transmitters\/#primaryimage","url":"https:\/\/integralelektronik.com\/wp-content\/uploads\/2021\/03\/CDTV_Duct_1000x1000.gif","contentUrl":"https:\/\/integralelektronik.com\/wp-content\/uploads\/2021\/03\/CDTV_Duct_1000x1000.gif","width":1000,"height":1000},{"@type":"BreadcrumbList","@id":"https:\/\/integralelektronik.com\/tr\/product\/dwyer-series-cdtv-carbon-dioxide-volatile-organic-compound-transmitters\/#breadcrumb","itemListElement":[{"@type":"ListItem","position":1,"name":"Home","item":"https:\/\/integralelektronik.com\/tr\/"},{"@type":"ListItem","position":2,"name":"Shop","item":"https:\/\/integralelektronik.com\/shop\/"},{"@type":"ListItem","position":3,"name":"DWYER Series CDTV Carbon Dioxide\/Volatile Organic Compound Transmitters"}]},{"@type":"WebSite","@id":"https:\/\/integralelektronik.com\/#website","url":"https:\/\/integralelektronik.com\/","name":"\u0130ntegral Elektronik","description":"","publisher":{"@id":"https:\/\/integralelektronik.com\/#organization"},"potentialAction":[{"@type":"SearchAction","target":{"@type":"EntryPoint","urlTemplate":"https:\/\/integralelektronik.com\/?s={search_term_string}"},"query-input":{"@type":"PropertyValueSpecification","valueRequired":true,"valueName":"search_term_string"}}],"inLanguage":"tr"},{"@type":"Organization","@id":"https:\/\/integralelektronik.com\/#organization","name":"\u0130ntegral Elektronik","url":"https:\/\/integralelektronik.com\/","logo":{"@type":"ImageObject","inLanguage":"tr","@id":"https:\/\/integralelektronik.com\/#\/schema\/logo\/image\/","url":"https:\/\/integralelektronik.com\/wp-content\/uploads\/2020\/10\/logo.png","contentUrl":"https:\/\/integralelektronik.com\/wp-content\/uploads\/2020\/10\/logo.png","width":180,"height":90,"caption":"\u0130ntegral Elektronik"},"image":{"@id":"https:\/\/integralelektronik.com\/#\/schema\/logo\/image\/"}}]}},"_links":{"self":[{"href":"https:\/\/integralelektronik.com\/tr\/wp-json\/wp\/v2\/product\/9381"}],"collection":[{"href":"https:\/\/integralelektronik.com\/tr\/wp-json\/wp\/v2\/product"}],"about":[{"href":"https:\/\/integralelektronik.com\/tr\/wp-json\/wp\/v2\/types\/product"}],"replies":[{"embeddable":true,"href":"https:\/\/integralelektronik.com\/tr\/wp-json\/wp\/v2\/comments?post=9381"}],"wp:featuredmedia":[{"embeddable":true,"href":"https:\/\/integralelektronik.com\/tr\/wp-json\/wp\/v2\/media\/9374"}],"wp:attachment":[{"href":"https:\/\/integralelektronik.com\/tr\/wp-json\/wp\/v2\/media?parent=9381"}],"wp:term":[{"taxonomy":"product_brand","embeddable":true,"href":"https:\/\/integralelektronik.com\/tr\/wp-json\/wp\/v2\/product_brand?post=9381"},{"taxonomy":"product_cat","embeddable":true,"href":"https:\/\/integralelektronik.com\/tr\/wp-json\/wp\/v2\/product_cat?post=9381"},{"taxonomy":"product_tag","embeddable":true,"href":"https:\/\/integralelektronik.com\/tr\/wp-json\/wp\/v2\/product_tag?post=9381"}],"curies":[{"name":"wp","href":"https:\/\/api.w.org\/{rel}","templated":true}]}}