{"id":9380,"date":"2021-03-03T23:14:28","date_gmt":"2021-03-03T20:14:28","guid":{"rendered":"https:\/\/integralelektronik.com\/?post_type=product&#038;p=9380"},"modified":"2021-03-03T23:14:29","modified_gmt":"2021-03-03T20:14:29","slug":"dwyer-series-cdwp-carbon-dioxide-transmitter","status":"publish","type":"product","link":"https:\/\/integralelektronik.com\/tr\/product\/dwyer-series-cdwp-carbon-dioxide-transmitter\/","title":{"rendered":"DWYER Series CDWP Carbon Dioxide Transmitter"},"content":{"rendered":"<p><b><span>Seri CDWP Karbondioksit Vericiler<\/span><\/b><span>\u00a0\u00a0do\u011fru enerji tasarrufu elde yard\u0131m etmek, end\u00fcstriyel tar\u0131m ve kapal\u0131 ortamlarda CO2 konsantrasyonunu izlemek.\u00a0IP54 d\u00f6k\u00fcm al\u00fcminyum muhafaza, zorlu ortamlar i\u00e7in tasarlanm\u0131\u015f olup hayvanc\u0131l\u0131k ve HVAC mekanik odalar\u0131 i\u00e7in idealdir.\u00a0Daha uzun sens\u00f6r \u00f6mr\u00fc ve do\u011frulu\u011fu i\u00e7in, \u0131\u015f\u0131k kayna\u011f\u0131 ya\u015flanma etkilerini ortadan kald\u0131rmak i\u00e7in tek \u0131\u015f\u0131nl\u0131, \u00e7ift dalga boylu, da\u011f\u0131lmayan k\u0131z\u0131l\u00f6tesi (NDIR) sens\u00f6r kullan\u0131l\u0131r.\u00a0Bu alg\u0131lama teknolojisi, kalibrasyonu CO2 seviyelerine ve barometrik bas\u0131n\u00e7 ko\u015fullar\u0131na g\u00f6re istemeden de\u011fi\u015ftirebilen Otomatik Temel D\u00fczeltme y\u00f6ntemlerine k\u0131yasla en y\u00fcksek d\u00fczeyde do\u011fruluk sa\u011flar.<\/span><\/p>\n","protected":false},"excerpt":{"rendered":"<h2><span>Stok Kodu: CDWP-05W-C1<\/span><\/h2>\n<h3 class=\"tagline\"><span>End\u00fcstriyel CO2 Verici, 0-5000 PPM aral\u0131\u011f\u0131, duvar montaj\u0131, 1-6 mm kablo rakoru ile<\/span><\/h3>\n","protected":false},"featured_media":9376,"comment_status":"open","ping_status":"closed","template":"","meta":[],"product_brand":[],"product_cat":[574,577],"product_tag":[],"class_list":{"0":"post-9380","1":"product","2":"type-product","3":"status-publish","4":"has-post-thumbnail","6":"product_cat-dwyer-tr","7":"product_cat-karbondioksit-transmitterleri","9":"first","10":"instock","11":"shipping-taxable","12":"product-type-simple"},"yoast_head":"<!-- This site is optimized with the Yoast SEO plugin v24.3 - https:\/\/yoast.com\/wordpress\/plugins\/seo\/ -->\n<title>DWYER Series CDWP Carbon Dioxide Transmitter - \u0130ntegral Elektronik<\/title>\n<meta name=\"robots\" content=\"index, follow, max-snippet:-1, max-image-preview:large, max-video-preview:-1\" \/>\n<link rel=\"canonical\" href=\"https:\/\/integralelektronik.com\/tr\/product\/dwyer-series-cdwp-carbon-dioxide-transmitter\/\" \/>\n<meta property=\"og:locale\" content=\"tr_TR\" \/>\n<meta property=\"og:type\" content=\"article\" \/>\n<meta property=\"og:title\" content=\"DWYER Series CDWP Carbon Dioxide Transmitter - \u0130ntegral Elektronik\" \/>\n<meta property=\"og:description\" content=\"Stok Kodu: CDWP-05W-C1 End\u00fcstriyel CO2 Verici, 0-5000 PPM aral\u0131\u011f\u0131, duvar montaj\u0131, 1-6 mm kablo rakoru ile\" \/>\n<meta property=\"og:url\" content=\"https:\/\/integralelektronik.com\/tr\/product\/dwyer-series-cdwp-carbon-dioxide-transmitter\/\" \/>\n<meta property=\"og:site_name\" content=\"\u0130ntegral Elektronik\" \/>\n<meta property=\"article:modified_time\" content=\"2021-03-03T20:14:29+00:00\" \/>\n<meta property=\"og:image\" content=\"https:\/\/integralelektronik.com\/wp-content\/uploads\/2021\/03\/CDWP_Front_1000x1000.gif\" \/>\n\t<meta property=\"og:image:width\" content=\"1000\" \/>\n\t<meta property=\"og:image:height\" content=\"1000\" \/>\n\t<meta property=\"og:image:type\" content=\"image\/gif\" \/>\n<meta name=\"twitter:card\" content=\"summary_large_image\" \/>\n<meta name=\"twitter:label1\" content=\"Tahmini okuma s\u00fcresi\" \/>\n\t<meta name=\"twitter:data1\" content=\"1 dakika\" \/>\n<script type=\"application\/ld+json\" class=\"yoast-schema-graph\">{\"@context\":\"https:\/\/schema.org\",\"@graph\":[{\"@type\":\"WebPage\",\"@id\":\"https:\/\/integralelektronik.com\/tr\/product\/dwyer-series-cdwp-carbon-dioxide-transmitter\/\",\"url\":\"https:\/\/integralelektronik.com\/tr\/product\/dwyer-series-cdwp-carbon-dioxide-transmitter\/\",\"name\":\"DWYER Series CDWP Carbon Dioxide Transmitter - \u0130ntegral Elektronik\",\"isPartOf\":{\"@id\":\"https:\/\/integralelektronik.com\/#website\"},\"primaryImageOfPage\":{\"@id\":\"https:\/\/integralelektronik.com\/tr\/product\/dwyer-series-cdwp-carbon-dioxide-transmitter\/#primaryimage\"},\"image\":{\"@id\":\"https:\/\/integralelektronik.com\/tr\/product\/dwyer-series-cdwp-carbon-dioxide-transmitter\/#primaryimage\"},\"thumbnailUrl\":\"https:\/\/integralelektronik.com\/wp-content\/uploads\/2021\/03\/CDWP_Front_1000x1000.gif\",\"datePublished\":\"2021-03-03T20:14:28+00:00\",\"dateModified\":\"2021-03-03T20:14:29+00:00\",\"breadcrumb\":{\"@id\":\"https:\/\/integralelektronik.com\/tr\/product\/dwyer-series-cdwp-carbon-dioxide-transmitter\/#breadcrumb\"},\"inLanguage\":\"tr\",\"potentialAction\":[{\"@type\":\"ReadAction\",\"target\":[\"https:\/\/integralelektronik.com\/tr\/product\/dwyer-series-cdwp-carbon-dioxide-transmitter\/\"]}]},{\"@type\":\"ImageObject\",\"inLanguage\":\"tr\",\"@id\":\"https:\/\/integralelektronik.com\/tr\/product\/dwyer-series-cdwp-carbon-dioxide-transmitter\/#primaryimage\",\"url\":\"https:\/\/integralelektronik.com\/wp-content\/uploads\/2021\/03\/CDWP_Front_1000x1000.gif\",\"contentUrl\":\"https:\/\/integralelektronik.com\/wp-content\/uploads\/2021\/03\/CDWP_Front_1000x1000.gif\",\"width\":1000,\"height\":1000},{\"@type\":\"BreadcrumbList\",\"@id\":\"https:\/\/integralelektronik.com\/tr\/product\/dwyer-series-cdwp-carbon-dioxide-transmitter\/#breadcrumb\",\"itemListElement\":[{\"@type\":\"ListItem\",\"position\":1,\"name\":\"Home\",\"item\":\"https:\/\/integralelektronik.com\/tr\/\"},{\"@type\":\"ListItem\",\"position\":2,\"name\":\"Shop\",\"item\":\"https:\/\/integralelektronik.com\/shop\/\"},{\"@type\":\"ListItem\",\"position\":3,\"name\":\"DWYER Series CDWP Carbon Dioxide Transmitter\"}]},{\"@type\":\"WebSite\",\"@id\":\"https:\/\/integralelektronik.com\/#website\",\"url\":\"https:\/\/integralelektronik.com\/\",\"name\":\"\u0130ntegral Elektronik\",\"description\":\"\",\"publisher\":{\"@id\":\"https:\/\/integralelektronik.com\/#organization\"},\"potentialAction\":[{\"@type\":\"SearchAction\",\"target\":{\"@type\":\"EntryPoint\",\"urlTemplate\":\"https:\/\/integralelektronik.com\/?s={search_term_string}\"},\"query-input\":{\"@type\":\"PropertyValueSpecification\",\"valueRequired\":true,\"valueName\":\"search_term_string\"}}],\"inLanguage\":\"tr\"},{\"@type\":\"Organization\",\"@id\":\"https:\/\/integralelektronik.com\/#organization\",\"name\":\"\u0130ntegral Elektronik\",\"url\":\"https:\/\/integralelektronik.com\/\",\"logo\":{\"@type\":\"ImageObject\",\"inLanguage\":\"tr\",\"@id\":\"https:\/\/integralelektronik.com\/#\/schema\/logo\/image\/\",\"url\":\"https:\/\/integralelektronik.com\/wp-content\/uploads\/2020\/10\/logo.png\",\"contentUrl\":\"https:\/\/integralelektronik.com\/wp-content\/uploads\/2020\/10\/logo.png\",\"width\":180,\"height\":90,\"caption\":\"\u0130ntegral Elektronik\"},\"image\":{\"@id\":\"https:\/\/integralelektronik.com\/#\/schema\/logo\/image\/\"}}]}<\/script>\n<!-- \/ Yoast SEO plugin. -->","yoast_head_json":{"title":"DWYER Series CDWP Carbon Dioxide Transmitter - \u0130ntegral Elektronik","robots":{"index":"index","follow":"follow","max-snippet":"max-snippet:-1","max-image-preview":"max-image-preview:large","max-video-preview":"max-video-preview:-1"},"canonical":"https:\/\/integralelektronik.com\/tr\/product\/dwyer-series-cdwp-carbon-dioxide-transmitter\/","og_locale":"tr_TR","og_type":"article","og_title":"DWYER Series CDWP Carbon Dioxide Transmitter - \u0130ntegral Elektronik","og_description":"Stok Kodu: CDWP-05W-C1 End\u00fcstriyel CO2 Verici, 0-5000 PPM aral\u0131\u011f\u0131, duvar montaj\u0131, 1-6 mm kablo rakoru ile","og_url":"https:\/\/integralelektronik.com\/tr\/product\/dwyer-series-cdwp-carbon-dioxide-transmitter\/","og_site_name":"\u0130ntegral Elektronik","article_modified_time":"2021-03-03T20:14:29+00:00","og_image":[{"width":1000,"height":1000,"url":"https:\/\/integralelektronik.com\/wp-content\/uploads\/2021\/03\/CDWP_Front_1000x1000.gif","type":"image\/gif"}],"twitter_card":"summary_large_image","twitter_misc":{"Tahmini okuma s\u00fcresi":"1 dakika"},"schema":{"@context":"https:\/\/schema.org","@graph":[{"@type":"WebPage","@id":"https:\/\/integralelektronik.com\/tr\/product\/dwyer-series-cdwp-carbon-dioxide-transmitter\/","url":"https:\/\/integralelektronik.com\/tr\/product\/dwyer-series-cdwp-carbon-dioxide-transmitter\/","name":"DWYER Series CDWP Carbon Dioxide Transmitter - \u0130ntegral Elektronik","isPartOf":{"@id":"https:\/\/integralelektronik.com\/#website"},"primaryImageOfPage":{"@id":"https:\/\/integralelektronik.com\/tr\/product\/dwyer-series-cdwp-carbon-dioxide-transmitter\/#primaryimage"},"image":{"@id":"https:\/\/integralelektronik.com\/tr\/product\/dwyer-series-cdwp-carbon-dioxide-transmitter\/#primaryimage"},"thumbnailUrl":"https:\/\/integralelektronik.com\/wp-content\/uploads\/2021\/03\/CDWP_Front_1000x1000.gif","datePublished":"2021-03-03T20:14:28+00:00","dateModified":"2021-03-03T20:14:29+00:00","breadcrumb":{"@id":"https:\/\/integralelektronik.com\/tr\/product\/dwyer-series-cdwp-carbon-dioxide-transmitter\/#breadcrumb"},"inLanguage":"tr","potentialAction":[{"@type":"ReadAction","target":["https:\/\/integralelektronik.com\/tr\/product\/dwyer-series-cdwp-carbon-dioxide-transmitter\/"]}]},{"@type":"ImageObject","inLanguage":"tr","@id":"https:\/\/integralelektronik.com\/tr\/product\/dwyer-series-cdwp-carbon-dioxide-transmitter\/#primaryimage","url":"https:\/\/integralelektronik.com\/wp-content\/uploads\/2021\/03\/CDWP_Front_1000x1000.gif","contentUrl":"https:\/\/integralelektronik.com\/wp-content\/uploads\/2021\/03\/CDWP_Front_1000x1000.gif","width":1000,"height":1000},{"@type":"BreadcrumbList","@id":"https:\/\/integralelektronik.com\/tr\/product\/dwyer-series-cdwp-carbon-dioxide-transmitter\/#breadcrumb","itemListElement":[{"@type":"ListItem","position":1,"name":"Home","item":"https:\/\/integralelektronik.com\/tr\/"},{"@type":"ListItem","position":2,"name":"Shop","item":"https:\/\/integralelektronik.com\/shop\/"},{"@type":"ListItem","position":3,"name":"DWYER Series CDWP Carbon Dioxide Transmitter"}]},{"@type":"WebSite","@id":"https:\/\/integralelektronik.com\/#website","url":"https:\/\/integralelektronik.com\/","name":"\u0130ntegral Elektronik","description":"","publisher":{"@id":"https:\/\/integralelektronik.com\/#organization"},"potentialAction":[{"@type":"SearchAction","target":{"@type":"EntryPoint","urlTemplate":"https:\/\/integralelektronik.com\/?s={search_term_string}"},"query-input":{"@type":"PropertyValueSpecification","valueRequired":true,"valueName":"search_term_string"}}],"inLanguage":"tr"},{"@type":"Organization","@id":"https:\/\/integralelektronik.com\/#organization","name":"\u0130ntegral Elektronik","url":"https:\/\/integralelektronik.com\/","logo":{"@type":"ImageObject","inLanguage":"tr","@id":"https:\/\/integralelektronik.com\/#\/schema\/logo\/image\/","url":"https:\/\/integralelektronik.com\/wp-content\/uploads\/2020\/10\/logo.png","contentUrl":"https:\/\/integralelektronik.com\/wp-content\/uploads\/2020\/10\/logo.png","width":180,"height":90,"caption":"\u0130ntegral Elektronik"},"image":{"@id":"https:\/\/integralelektronik.com\/#\/schema\/logo\/image\/"}}]}},"_links":{"self":[{"href":"https:\/\/integralelektronik.com\/tr\/wp-json\/wp\/v2\/product\/9380"}],"collection":[{"href":"https:\/\/integralelektronik.com\/tr\/wp-json\/wp\/v2\/product"}],"about":[{"href":"https:\/\/integralelektronik.com\/tr\/wp-json\/wp\/v2\/types\/product"}],"replies":[{"embeddable":true,"href":"https:\/\/integralelektronik.com\/tr\/wp-json\/wp\/v2\/comments?post=9380"}],"wp:featuredmedia":[{"embeddable":true,"href":"https:\/\/integralelektronik.com\/tr\/wp-json\/wp\/v2\/media\/9376"}],"wp:attachment":[{"href":"https:\/\/integralelektronik.com\/tr\/wp-json\/wp\/v2\/media?parent=9380"}],"wp:term":[{"taxonomy":"product_brand","embeddable":true,"href":"https:\/\/integralelektronik.com\/tr\/wp-json\/wp\/v2\/product_brand?post=9380"},{"taxonomy":"product_cat","embeddable":true,"href":"https:\/\/integralelektronik.com\/tr\/wp-json\/wp\/v2\/product_cat?post=9380"},{"taxonomy":"product_tag","embeddable":true,"href":"https:\/\/integralelektronik.com\/tr\/wp-json\/wp\/v2\/product_tag?post=9380"}],"curies":[{"name":"wp","href":"https:\/\/api.w.org\/{rel}","templated":true}]}}