{"id":9379,"date":"2021-03-03T23:13:35","date_gmt":"2021-03-03T20:13:35","guid":{"rendered":"https:\/\/integralelektronik.com\/?post_type=product&#038;p=9379"},"modified":"2021-03-03T23:13:36","modified_gmt":"2021-03-03T20:13:36","slug":"dwyer-series-cdtc-communicating-carbon-dioxide-sensor","status":"publish","type":"product","link":"https:\/\/integralelektronik.com\/tr\/product\/dwyer-series-cdtc-communicating-carbon-dioxide-sensor\/","title":{"rendered":"DWYER Series CDTC Communicating Carbon Dioxide Sensor"},"content":{"rendered":"<p><b><span><span class=\"\">Seri CDTC Haberle\u015fiyor Karbondioksit Sens\u00f6r<\/span><\/span><\/b><span><span class=\"\">\u00a0\u00a0tek bir kompakt g\u00f6vde i\u00e7ine iki oda sens\u00f6rlerin fonksiyonunu birle\u015ftirir.\u00a0<\/span>Parametreler aras\u0131nda karbondioksit, s\u0131cakl\u0131k ve ge\u00e7ersiz k\u0131l\u0131nan s\u0131cakl\u0131k ayar noktas\u0131 bulunur.\u00a0Sahada se\u00e7ilebilir Modbus\u00ae ve BACnet \u0130leti\u015fimlerine sahip olarak, g\u00fc\u00e7 ve ileti\u015fim sinyali i\u00e7in yaln\u0131zca d\u00f6rt kablo gereklidir.\u00a0\u0130leti\u015fim kuran dedekt\u00f6rler, kurulum maliyetini daha da d\u00fc\u015f\u00fcrmek i\u00e7in birbirine zincirleme ba\u011flanabilir.\u00a0Kurulum s\u00fcresini azaltmak i\u00e7in, RS-485 MAC adresi yerle\u015fik DIP anahtarlar\u0131 kullan\u0131larak ayarlan\u0131r.\u00a0\u00c7\u0131k\u0131\u015f\u0131n Modbus\u00ae RTU veya BACnet MS \/ TP ileti\u015fim protokolleri olup olmad\u0131\u011f\u0131n\u0131 se\u00e7mek ve kurulum men\u00fcs\u00fcne eri\u015fimi s\u0131n\u0131rlamak i\u00e7in ikinci bir DIP anahtar seti kullan\u0131l\u0131r.<\/span><\/p>\n","protected":false},"excerpt":{"rendered":"<h2><span>Stok Kodu: CDTC-2E000<\/span><\/h2>\n<h3 class=\"tagline\"><span>S\u0131cakl\u0131k \u00e7\u0131k\u0131\u015f\u0131, 2000 PPM aral\u0131\u011f\u0131 ve Avrupa muhafazas\u0131 ile ileti\u015fim kuran karbondioksit vericisi<\/span><\/h3>\n","protected":false},"featured_media":9378,"comment_status":"open","ping_status":"closed","template":"","meta":[],"product_brand":[],"product_cat":[574,577],"product_tag":[],"class_list":{"0":"post-9379","1":"product","2":"type-product","3":"status-publish","4":"has-post-thumbnail","6":"product_cat-dwyer-tr","7":"product_cat-karbondioksit-transmitterleri","9":"first","10":"instock","11":"shipping-taxable","12":"product-type-simple"},"yoast_head":"<!-- This site is optimized with the Yoast SEO plugin v24.3 - https:\/\/yoast.com\/wordpress\/plugins\/seo\/ -->\n<title>DWYER Series CDTC Communicating Carbon Dioxide Sensor - \u0130ntegral Elektronik<\/title>\n<meta name=\"robots\" content=\"index, follow, max-snippet:-1, max-image-preview:large, max-video-preview:-1\" \/>\n<link rel=\"canonical\" href=\"https:\/\/integralelektronik.com\/tr\/product\/dwyer-series-cdtc-communicating-carbon-dioxide-sensor\/\" \/>\n<meta property=\"og:locale\" content=\"tr_TR\" \/>\n<meta property=\"og:type\" content=\"article\" \/>\n<meta property=\"og:title\" content=\"DWYER Series CDTC Communicating Carbon Dioxide Sensor - \u0130ntegral Elektronik\" \/>\n<meta property=\"og:description\" content=\"Stok Kodu: CDTC-2E000 S\u0131cakl\u0131k \u00e7\u0131k\u0131\u015f\u0131, 2000 PPM aral\u0131\u011f\u0131 ve Avrupa muhafazas\u0131 ile ileti\u015fim kuran karbondioksit vericisi\" \/>\n<meta property=\"og:url\" content=\"https:\/\/integralelektronik.com\/tr\/product\/dwyer-series-cdtc-communicating-carbon-dioxide-sensor\/\" \/>\n<meta property=\"og:site_name\" content=\"\u0130ntegral Elektronik\" \/>\n<meta property=\"article:modified_time\" content=\"2021-03-03T20:13:36+00:00\" \/>\n<meta property=\"og:image\" content=\"https:\/\/integralelektronik.com\/wp-content\/uploads\/2021\/03\/CDTC_North_American_With_Display_1000x1000.gif\" \/>\n\t<meta property=\"og:image:width\" content=\"1000\" \/>\n\t<meta property=\"og:image:height\" content=\"1000\" \/>\n\t<meta property=\"og:image:type\" content=\"image\/gif\" \/>\n<meta name=\"twitter:card\" content=\"summary_large_image\" \/>\n<meta name=\"twitter:label1\" content=\"Tahmini okuma s\u00fcresi\" \/>\n\t<meta name=\"twitter:data1\" content=\"1 dakika\" \/>\n<script type=\"application\/ld+json\" class=\"yoast-schema-graph\">{\"@context\":\"https:\/\/schema.org\",\"@graph\":[{\"@type\":\"WebPage\",\"@id\":\"https:\/\/integralelektronik.com\/tr\/product\/dwyer-series-cdtc-communicating-carbon-dioxide-sensor\/\",\"url\":\"https:\/\/integralelektronik.com\/tr\/product\/dwyer-series-cdtc-communicating-carbon-dioxide-sensor\/\",\"name\":\"DWYER Series CDTC Communicating Carbon Dioxide Sensor - \u0130ntegral Elektronik\",\"isPartOf\":{\"@id\":\"https:\/\/integralelektronik.com\/#website\"},\"primaryImageOfPage\":{\"@id\":\"https:\/\/integralelektronik.com\/tr\/product\/dwyer-series-cdtc-communicating-carbon-dioxide-sensor\/#primaryimage\"},\"image\":{\"@id\":\"https:\/\/integralelektronik.com\/tr\/product\/dwyer-series-cdtc-communicating-carbon-dioxide-sensor\/#primaryimage\"},\"thumbnailUrl\":\"https:\/\/integralelektronik.com\/wp-content\/uploads\/2021\/03\/CDTC_North_American_With_Display_1000x1000.gif\",\"datePublished\":\"2021-03-03T20:13:35+00:00\",\"dateModified\":\"2021-03-03T20:13:36+00:00\",\"breadcrumb\":{\"@id\":\"https:\/\/integralelektronik.com\/tr\/product\/dwyer-series-cdtc-communicating-carbon-dioxide-sensor\/#breadcrumb\"},\"inLanguage\":\"tr\",\"potentialAction\":[{\"@type\":\"ReadAction\",\"target\":[\"https:\/\/integralelektronik.com\/tr\/product\/dwyer-series-cdtc-communicating-carbon-dioxide-sensor\/\"]}]},{\"@type\":\"ImageObject\",\"inLanguage\":\"tr\",\"@id\":\"https:\/\/integralelektronik.com\/tr\/product\/dwyer-series-cdtc-communicating-carbon-dioxide-sensor\/#primaryimage\",\"url\":\"https:\/\/integralelektronik.com\/wp-content\/uploads\/2021\/03\/CDTC_North_American_With_Display_1000x1000.gif\",\"contentUrl\":\"https:\/\/integralelektronik.com\/wp-content\/uploads\/2021\/03\/CDTC_North_American_With_Display_1000x1000.gif\",\"width\":1000,\"height\":1000},{\"@type\":\"BreadcrumbList\",\"@id\":\"https:\/\/integralelektronik.com\/tr\/product\/dwyer-series-cdtc-communicating-carbon-dioxide-sensor\/#breadcrumb\",\"itemListElement\":[{\"@type\":\"ListItem\",\"position\":1,\"name\":\"Home\",\"item\":\"https:\/\/integralelektronik.com\/tr\/\"},{\"@type\":\"ListItem\",\"position\":2,\"name\":\"Shop\",\"item\":\"https:\/\/integralelektronik.com\/shop\/\"},{\"@type\":\"ListItem\",\"position\":3,\"name\":\"DWYER Series CDTC Communicating Carbon Dioxide Sensor\"}]},{\"@type\":\"WebSite\",\"@id\":\"https:\/\/integralelektronik.com\/#website\",\"url\":\"https:\/\/integralelektronik.com\/\",\"name\":\"\u0130ntegral Elektronik\",\"description\":\"\",\"publisher\":{\"@id\":\"https:\/\/integralelektronik.com\/#organization\"},\"potentialAction\":[{\"@type\":\"SearchAction\",\"target\":{\"@type\":\"EntryPoint\",\"urlTemplate\":\"https:\/\/integralelektronik.com\/?s={search_term_string}\"},\"query-input\":{\"@type\":\"PropertyValueSpecification\",\"valueRequired\":true,\"valueName\":\"search_term_string\"}}],\"inLanguage\":\"tr\"},{\"@type\":\"Organization\",\"@id\":\"https:\/\/integralelektronik.com\/#organization\",\"name\":\"\u0130ntegral Elektronik\",\"url\":\"https:\/\/integralelektronik.com\/\",\"logo\":{\"@type\":\"ImageObject\",\"inLanguage\":\"tr\",\"@id\":\"https:\/\/integralelektronik.com\/#\/schema\/logo\/image\/\",\"url\":\"https:\/\/integralelektronik.com\/wp-content\/uploads\/2020\/10\/logo.png\",\"contentUrl\":\"https:\/\/integralelektronik.com\/wp-content\/uploads\/2020\/10\/logo.png\",\"width\":180,\"height\":90,\"caption\":\"\u0130ntegral Elektronik\"},\"image\":{\"@id\":\"https:\/\/integralelektronik.com\/#\/schema\/logo\/image\/\"}}]}<\/script>\n<!-- \/ Yoast SEO plugin. -->","yoast_head_json":{"title":"DWYER Series CDTC Communicating Carbon Dioxide Sensor - \u0130ntegral Elektronik","robots":{"index":"index","follow":"follow","max-snippet":"max-snippet:-1","max-image-preview":"max-image-preview:large","max-video-preview":"max-video-preview:-1"},"canonical":"https:\/\/integralelektronik.com\/tr\/product\/dwyer-series-cdtc-communicating-carbon-dioxide-sensor\/","og_locale":"tr_TR","og_type":"article","og_title":"DWYER Series CDTC Communicating Carbon Dioxide Sensor - \u0130ntegral Elektronik","og_description":"Stok Kodu: CDTC-2E000 S\u0131cakl\u0131k \u00e7\u0131k\u0131\u015f\u0131, 2000 PPM aral\u0131\u011f\u0131 ve Avrupa muhafazas\u0131 ile ileti\u015fim kuran karbondioksit vericisi","og_url":"https:\/\/integralelektronik.com\/tr\/product\/dwyer-series-cdtc-communicating-carbon-dioxide-sensor\/","og_site_name":"\u0130ntegral Elektronik","article_modified_time":"2021-03-03T20:13:36+00:00","og_image":[{"width":1000,"height":1000,"url":"https:\/\/integralelektronik.com\/wp-content\/uploads\/2021\/03\/CDTC_North_American_With_Display_1000x1000.gif","type":"image\/gif"}],"twitter_card":"summary_large_image","twitter_misc":{"Tahmini okuma s\u00fcresi":"1 dakika"},"schema":{"@context":"https:\/\/schema.org","@graph":[{"@type":"WebPage","@id":"https:\/\/integralelektronik.com\/tr\/product\/dwyer-series-cdtc-communicating-carbon-dioxide-sensor\/","url":"https:\/\/integralelektronik.com\/tr\/product\/dwyer-series-cdtc-communicating-carbon-dioxide-sensor\/","name":"DWYER Series CDTC Communicating Carbon Dioxide Sensor - \u0130ntegral Elektronik","isPartOf":{"@id":"https:\/\/integralelektronik.com\/#website"},"primaryImageOfPage":{"@id":"https:\/\/integralelektronik.com\/tr\/product\/dwyer-series-cdtc-communicating-carbon-dioxide-sensor\/#primaryimage"},"image":{"@id":"https:\/\/integralelektronik.com\/tr\/product\/dwyer-series-cdtc-communicating-carbon-dioxide-sensor\/#primaryimage"},"thumbnailUrl":"https:\/\/integralelektronik.com\/wp-content\/uploads\/2021\/03\/CDTC_North_American_With_Display_1000x1000.gif","datePublished":"2021-03-03T20:13:35+00:00","dateModified":"2021-03-03T20:13:36+00:00","breadcrumb":{"@id":"https:\/\/integralelektronik.com\/tr\/product\/dwyer-series-cdtc-communicating-carbon-dioxide-sensor\/#breadcrumb"},"inLanguage":"tr","potentialAction":[{"@type":"ReadAction","target":["https:\/\/integralelektronik.com\/tr\/product\/dwyer-series-cdtc-communicating-carbon-dioxide-sensor\/"]}]},{"@type":"ImageObject","inLanguage":"tr","@id":"https:\/\/integralelektronik.com\/tr\/product\/dwyer-series-cdtc-communicating-carbon-dioxide-sensor\/#primaryimage","url":"https:\/\/integralelektronik.com\/wp-content\/uploads\/2021\/03\/CDTC_North_American_With_Display_1000x1000.gif","contentUrl":"https:\/\/integralelektronik.com\/wp-content\/uploads\/2021\/03\/CDTC_North_American_With_Display_1000x1000.gif","width":1000,"height":1000},{"@type":"BreadcrumbList","@id":"https:\/\/integralelektronik.com\/tr\/product\/dwyer-series-cdtc-communicating-carbon-dioxide-sensor\/#breadcrumb","itemListElement":[{"@type":"ListItem","position":1,"name":"Home","item":"https:\/\/integralelektronik.com\/tr\/"},{"@type":"ListItem","position":2,"name":"Shop","item":"https:\/\/integralelektronik.com\/shop\/"},{"@type":"ListItem","position":3,"name":"DWYER Series CDTC Communicating Carbon Dioxide Sensor"}]},{"@type":"WebSite","@id":"https:\/\/integralelektronik.com\/#website","url":"https:\/\/integralelektronik.com\/","name":"\u0130ntegral Elektronik","description":"","publisher":{"@id":"https:\/\/integralelektronik.com\/#organization"},"potentialAction":[{"@type":"SearchAction","target":{"@type":"EntryPoint","urlTemplate":"https:\/\/integralelektronik.com\/?s={search_term_string}"},"query-input":{"@type":"PropertyValueSpecification","valueRequired":true,"valueName":"search_term_string"}}],"inLanguage":"tr"},{"@type":"Organization","@id":"https:\/\/integralelektronik.com\/#organization","name":"\u0130ntegral Elektronik","url":"https:\/\/integralelektronik.com\/","logo":{"@type":"ImageObject","inLanguage":"tr","@id":"https:\/\/integralelektronik.com\/#\/schema\/logo\/image\/","url":"https:\/\/integralelektronik.com\/wp-content\/uploads\/2020\/10\/logo.png","contentUrl":"https:\/\/integralelektronik.com\/wp-content\/uploads\/2020\/10\/logo.png","width":180,"height":90,"caption":"\u0130ntegral Elektronik"},"image":{"@id":"https:\/\/integralelektronik.com\/#\/schema\/logo\/image\/"}}]}},"_links":{"self":[{"href":"https:\/\/integralelektronik.com\/tr\/wp-json\/wp\/v2\/product\/9379"}],"collection":[{"href":"https:\/\/integralelektronik.com\/tr\/wp-json\/wp\/v2\/product"}],"about":[{"href":"https:\/\/integralelektronik.com\/tr\/wp-json\/wp\/v2\/types\/product"}],"replies":[{"embeddable":true,"href":"https:\/\/integralelektronik.com\/tr\/wp-json\/wp\/v2\/comments?post=9379"}],"wp:featuredmedia":[{"embeddable":true,"href":"https:\/\/integralelektronik.com\/tr\/wp-json\/wp\/v2\/media\/9378"}],"wp:attachment":[{"href":"https:\/\/integralelektronik.com\/tr\/wp-json\/wp\/v2\/media?parent=9379"}],"wp:term":[{"taxonomy":"product_brand","embeddable":true,"href":"https:\/\/integralelektronik.com\/tr\/wp-json\/wp\/v2\/product_brand?post=9379"},{"taxonomy":"product_cat","embeddable":true,"href":"https:\/\/integralelektronik.com\/tr\/wp-json\/wp\/v2\/product_cat?post=9379"},{"taxonomy":"product_tag","embeddable":true,"href":"https:\/\/integralelektronik.com\/tr\/wp-json\/wp\/v2\/product_tag?post=9379"}],"curies":[{"name":"wp","href":"https:\/\/api.w.org\/{rel}","templated":true}]}}