{"id":9339,"date":"2021-03-03T21:38:49","date_gmt":"2021-03-03T18:38:49","guid":{"rendered":"https:\/\/integralelektronik.com\/?post_type=product&#038;p=9339"},"modified":"2021-03-03T21:38:50","modified_gmt":"2021-03-03T18:38:50","slug":"dwyer-series-3100mp-explosion-proof-multiplanar-differential-pressure-transmitter","status":"publish","type":"product","link":"https:\/\/integralelektronik.com\/tr\/product\/dwyer-series-3100mp-explosion-proof-multiplanar-differential-pressure-transmitter\/","title":{"rendered":"DWYER Series 3100MP Explosion-Proof Multiplanar Differential Pressure Transmitter"},"content":{"rendered":"<p><b><span>Mercoid\u00ae Serisi 3100MP Multiplanar Ak\u0131ll\u0131 Bas\u0131n\u00e7 Transmitter<\/span><\/b><span>\u00a0esnek bas\u0131n\u00e7 kalibrasyonu, d\u00fc\u011fme yap\u0131land\u0131rmas\u0131 olan ve HART\u00ae \u0130leti\u015fimi kullan\u0131larak programlanabilen mikroi\u015flemci tabanl\u0131 y\u00fcksek performansl\u0131 bir vericidir.\u00a0\u00c7ok d\u00fczlemli tasar\u0131m, kurulumu basitle\u015ftirir, kurulum s\u0131ras\u0131nda operat\u00f6r zaman\u0131ndan ve paradan tasarruf sa\u011flar.\u00a03100MP, proses ba\u011flant\u0131 y\u00f6n\u00fcnden ba\u011f\u0131ms\u0131z olarak adapt\u00f6rler veya braketler olmadan dikey olarak kurulabilir.\u00a0\u00c7ok d\u00fczlemli ayak izi, standart manifold valflerine ve ortalama ak\u0131\u015f sens\u00f6rlerine uyar.\u00a03100MP Serisi, s\u0131f\u0131r ve a\u00e7\u0131kl\u0131k d\u00fc\u011fmeleriyle diferansiyel bas\u0131n\u00e7 veya seviye uygulamalar\u0131 i\u00e7in yap\u0131land\u0131r\u0131labilir.\u00a0Konfig\u00fcrasyon i\u00e7in bir saha kalibrat\u00f6r\u00fc gerekli de\u011fildir.\u00a0Verici yaz\u0131l\u0131m\u0131, termal etkileri telafi ederek performans\u0131 art\u0131r\u0131r.\u00a0EEPROM, yap\u0131land\u0131rma ayarlar\u0131n\u0131 saklar ve kapanma veya g\u00fc\u00e7 kayb\u0131 durumunda sens\u00f6r d\u00fczeltme katsay\u0131lar\u0131n\u0131 saklar.\u00a03100MP Serisi, tehlikeli (s\u0131n\u0131fland\u0131r\u0131lm\u0131\u015f) yerlerde kullan\u0131m i\u00e7in FM veya ATEX onayl\u0131d\u0131r.\u00a0100: 1 aral\u0131\u011f\u0131, ak\u0131ll\u0131 vericinin herhangi bir uygulamaya uyacak \u015fekilde yap\u0131land\u0131r\u0131lmas\u0131na olanak tan\u0131r.<\/span><\/p>\n","protected":false},"excerpt":{"rendered":"<h2><span>Stok Kodu: 3100MP-1-FM-1-1<\/span><\/h2>\n<h3 class=\"pdp-product-info__description\"><span><span class=\"goog-text-highlight\">Ak\u0131ll\u0131 fark bas\u0131n\u00e7 transmiteri, 0-6.0 \u2033 wc aral\u0131\u011f\u0131, al\u00fcminyum muhafazal\u0131, FM onayl\u0131, \u00e7ok d\u00fczlemli<\/span><\/span><\/h3>\n","protected":false},"featured_media":9298,"comment_status":"open","ping_status":"closed","template":"","meta":[],"product_brand":[],"product_cat":[574,576],"product_tag":[],"class_list":{"0":"post-9339","1":"product","2":"type-product","3":"status-publish","4":"has-post-thumbnail","6":"product_cat-dwyer-tr","7":"product_cat-fark-basinc-transmitterleri","9":"first","10":"instock","11":"shipping-taxable","12":"product-type-simple"},"yoast_head":"<!-- This site is optimized with the Yoast SEO plugin v24.3 - https:\/\/yoast.com\/wordpress\/plugins\/seo\/ -->\n<title>DWYER Series 3100MP Explosion-Proof Multiplanar Differential Pressure Transmitter - \u0130ntegral Elektronik<\/title>\n<meta name=\"robots\" content=\"index, follow, max-snippet:-1, max-image-preview:large, max-video-preview:-1\" \/>\n<link rel=\"canonical\" href=\"https:\/\/integralelektronik.com\/tr\/product\/dwyer-series-3100mp-explosion-proof-multiplanar-differential-pressure-transmitter\/\" \/>\n<meta property=\"og:locale\" content=\"tr_TR\" \/>\n<meta property=\"og:type\" content=\"article\" \/>\n<meta property=\"og:title\" content=\"DWYER Series 3100MP Explosion-Proof Multiplanar Differential Pressure Transmitter - \u0130ntegral Elektronik\" \/>\n<meta property=\"og:description\" content=\"Stok Kodu: 3100MP-1-FM-1-1 Ak\u0131ll\u0131 fark bas\u0131n\u00e7 transmiteri, 0-6.0 \u2033 wc aral\u0131\u011f\u0131, al\u00fcminyum muhafazal\u0131, FM onayl\u0131, \u00e7ok d\u00fczlemli\" \/>\n<meta property=\"og:url\" content=\"https:\/\/integralelektronik.com\/tr\/product\/dwyer-series-3100mp-explosion-proof-multiplanar-differential-pressure-transmitter\/\" \/>\n<meta property=\"og:site_name\" content=\"\u0130ntegral Elektronik\" \/>\n<meta property=\"article:modified_time\" content=\"2021-03-03T18:38:50+00:00\" \/>\n<meta property=\"og:image\" content=\"https:\/\/integralelektronik.com\/wp-content\/uploads\/2021\/03\/3100_600x600-1.gif\" \/>\n\t<meta property=\"og:image:width\" content=\"600\" \/>\n\t<meta property=\"og:image:height\" content=\"600\" \/>\n\t<meta property=\"og:image:type\" content=\"image\/gif\" \/>\n<meta name=\"twitter:card\" content=\"summary_large_image\" \/>\n<meta name=\"twitter:label1\" content=\"Tahmini okuma s\u00fcresi\" \/>\n\t<meta name=\"twitter:data1\" content=\"1 dakika\" \/>\n<script type=\"application\/ld+json\" class=\"yoast-schema-graph\">{\"@context\":\"https:\/\/schema.org\",\"@graph\":[{\"@type\":\"WebPage\",\"@id\":\"https:\/\/integralelektronik.com\/tr\/product\/dwyer-series-3100mp-explosion-proof-multiplanar-differential-pressure-transmitter\/\",\"url\":\"https:\/\/integralelektronik.com\/tr\/product\/dwyer-series-3100mp-explosion-proof-multiplanar-differential-pressure-transmitter\/\",\"name\":\"DWYER Series 3100MP Explosion-Proof Multiplanar Differential Pressure Transmitter - \u0130ntegral Elektronik\",\"isPartOf\":{\"@id\":\"https:\/\/integralelektronik.com\/#website\"},\"primaryImageOfPage\":{\"@id\":\"https:\/\/integralelektronik.com\/tr\/product\/dwyer-series-3100mp-explosion-proof-multiplanar-differential-pressure-transmitter\/#primaryimage\"},\"image\":{\"@id\":\"https:\/\/integralelektronik.com\/tr\/product\/dwyer-series-3100mp-explosion-proof-multiplanar-differential-pressure-transmitter\/#primaryimage\"},\"thumbnailUrl\":\"https:\/\/integralelektronik.com\/wp-content\/uploads\/2021\/03\/3100_600x600-1.gif\",\"datePublished\":\"2021-03-03T18:38:49+00:00\",\"dateModified\":\"2021-03-03T18:38:50+00:00\",\"breadcrumb\":{\"@id\":\"https:\/\/integralelektronik.com\/tr\/product\/dwyer-series-3100mp-explosion-proof-multiplanar-differential-pressure-transmitter\/#breadcrumb\"},\"inLanguage\":\"tr\",\"potentialAction\":[{\"@type\":\"ReadAction\",\"target\":[\"https:\/\/integralelektronik.com\/tr\/product\/dwyer-series-3100mp-explosion-proof-multiplanar-differential-pressure-transmitter\/\"]}]},{\"@type\":\"ImageObject\",\"inLanguage\":\"tr\",\"@id\":\"https:\/\/integralelektronik.com\/tr\/product\/dwyer-series-3100mp-explosion-proof-multiplanar-differential-pressure-transmitter\/#primaryimage\",\"url\":\"https:\/\/integralelektronik.com\/wp-content\/uploads\/2021\/03\/3100_600x600-1.gif\",\"contentUrl\":\"https:\/\/integralelektronik.com\/wp-content\/uploads\/2021\/03\/3100_600x600-1.gif\",\"width\":600,\"height\":600},{\"@type\":\"BreadcrumbList\",\"@id\":\"https:\/\/integralelektronik.com\/tr\/product\/dwyer-series-3100mp-explosion-proof-multiplanar-differential-pressure-transmitter\/#breadcrumb\",\"itemListElement\":[{\"@type\":\"ListItem\",\"position\":1,\"name\":\"Home\",\"item\":\"https:\/\/integralelektronik.com\/tr\/\"},{\"@type\":\"ListItem\",\"position\":2,\"name\":\"Shop\",\"item\":\"https:\/\/integralelektronik.com\/shop\/\"},{\"@type\":\"ListItem\",\"position\":3,\"name\":\"DWYER Series 3100MP Explosion-Proof Multiplanar Differential Pressure Transmitter\"}]},{\"@type\":\"WebSite\",\"@id\":\"https:\/\/integralelektronik.com\/#website\",\"url\":\"https:\/\/integralelektronik.com\/\",\"name\":\"\u0130ntegral Elektronik\",\"description\":\"\",\"publisher\":{\"@id\":\"https:\/\/integralelektronik.com\/#organization\"},\"potentialAction\":[{\"@type\":\"SearchAction\",\"target\":{\"@type\":\"EntryPoint\",\"urlTemplate\":\"https:\/\/integralelektronik.com\/?s={search_term_string}\"},\"query-input\":{\"@type\":\"PropertyValueSpecification\",\"valueRequired\":true,\"valueName\":\"search_term_string\"}}],\"inLanguage\":\"tr\"},{\"@type\":\"Organization\",\"@id\":\"https:\/\/integralelektronik.com\/#organization\",\"name\":\"\u0130ntegral Elektronik\",\"url\":\"https:\/\/integralelektronik.com\/\",\"logo\":{\"@type\":\"ImageObject\",\"inLanguage\":\"tr\",\"@id\":\"https:\/\/integralelektronik.com\/#\/schema\/logo\/image\/\",\"url\":\"https:\/\/integralelektronik.com\/wp-content\/uploads\/2020\/10\/logo.png\",\"contentUrl\":\"https:\/\/integralelektronik.com\/wp-content\/uploads\/2020\/10\/logo.png\",\"width\":180,\"height\":90,\"caption\":\"\u0130ntegral Elektronik\"},\"image\":{\"@id\":\"https:\/\/integralelektronik.com\/#\/schema\/logo\/image\/\"}}]}<\/script>\n<!-- \/ Yoast SEO plugin. -->","yoast_head_json":{"title":"DWYER Series 3100MP Explosion-Proof Multiplanar Differential Pressure Transmitter - \u0130ntegral Elektronik","robots":{"index":"index","follow":"follow","max-snippet":"max-snippet:-1","max-image-preview":"max-image-preview:large","max-video-preview":"max-video-preview:-1"},"canonical":"https:\/\/integralelektronik.com\/tr\/product\/dwyer-series-3100mp-explosion-proof-multiplanar-differential-pressure-transmitter\/","og_locale":"tr_TR","og_type":"article","og_title":"DWYER Series 3100MP Explosion-Proof Multiplanar Differential Pressure Transmitter - \u0130ntegral Elektronik","og_description":"Stok Kodu: 3100MP-1-FM-1-1 Ak\u0131ll\u0131 fark bas\u0131n\u00e7 transmiteri, 0-6.0 \u2033 wc aral\u0131\u011f\u0131, al\u00fcminyum muhafazal\u0131, FM onayl\u0131, \u00e7ok d\u00fczlemli","og_url":"https:\/\/integralelektronik.com\/tr\/product\/dwyer-series-3100mp-explosion-proof-multiplanar-differential-pressure-transmitter\/","og_site_name":"\u0130ntegral Elektronik","article_modified_time":"2021-03-03T18:38:50+00:00","og_image":[{"width":600,"height":600,"url":"https:\/\/integralelektronik.com\/wp-content\/uploads\/2021\/03\/3100_600x600-1.gif","type":"image\/gif"}],"twitter_card":"summary_large_image","twitter_misc":{"Tahmini okuma s\u00fcresi":"1 dakika"},"schema":{"@context":"https:\/\/schema.org","@graph":[{"@type":"WebPage","@id":"https:\/\/integralelektronik.com\/tr\/product\/dwyer-series-3100mp-explosion-proof-multiplanar-differential-pressure-transmitter\/","url":"https:\/\/integralelektronik.com\/tr\/product\/dwyer-series-3100mp-explosion-proof-multiplanar-differential-pressure-transmitter\/","name":"DWYER Series 3100MP Explosion-Proof Multiplanar Differential Pressure Transmitter - \u0130ntegral Elektronik","isPartOf":{"@id":"https:\/\/integralelektronik.com\/#website"},"primaryImageOfPage":{"@id":"https:\/\/integralelektronik.com\/tr\/product\/dwyer-series-3100mp-explosion-proof-multiplanar-differential-pressure-transmitter\/#primaryimage"},"image":{"@id":"https:\/\/integralelektronik.com\/tr\/product\/dwyer-series-3100mp-explosion-proof-multiplanar-differential-pressure-transmitter\/#primaryimage"},"thumbnailUrl":"https:\/\/integralelektronik.com\/wp-content\/uploads\/2021\/03\/3100_600x600-1.gif","datePublished":"2021-03-03T18:38:49+00:00","dateModified":"2021-03-03T18:38:50+00:00","breadcrumb":{"@id":"https:\/\/integralelektronik.com\/tr\/product\/dwyer-series-3100mp-explosion-proof-multiplanar-differential-pressure-transmitter\/#breadcrumb"},"inLanguage":"tr","potentialAction":[{"@type":"ReadAction","target":["https:\/\/integralelektronik.com\/tr\/product\/dwyer-series-3100mp-explosion-proof-multiplanar-differential-pressure-transmitter\/"]}]},{"@type":"ImageObject","inLanguage":"tr","@id":"https:\/\/integralelektronik.com\/tr\/product\/dwyer-series-3100mp-explosion-proof-multiplanar-differential-pressure-transmitter\/#primaryimage","url":"https:\/\/integralelektronik.com\/wp-content\/uploads\/2021\/03\/3100_600x600-1.gif","contentUrl":"https:\/\/integralelektronik.com\/wp-content\/uploads\/2021\/03\/3100_600x600-1.gif","width":600,"height":600},{"@type":"BreadcrumbList","@id":"https:\/\/integralelektronik.com\/tr\/product\/dwyer-series-3100mp-explosion-proof-multiplanar-differential-pressure-transmitter\/#breadcrumb","itemListElement":[{"@type":"ListItem","position":1,"name":"Home","item":"https:\/\/integralelektronik.com\/tr\/"},{"@type":"ListItem","position":2,"name":"Shop","item":"https:\/\/integralelektronik.com\/shop\/"},{"@type":"ListItem","position":3,"name":"DWYER Series 3100MP Explosion-Proof Multiplanar Differential Pressure Transmitter"}]},{"@type":"WebSite","@id":"https:\/\/integralelektronik.com\/#website","url":"https:\/\/integralelektronik.com\/","name":"\u0130ntegral Elektronik","description":"","publisher":{"@id":"https:\/\/integralelektronik.com\/#organization"},"potentialAction":[{"@type":"SearchAction","target":{"@type":"EntryPoint","urlTemplate":"https:\/\/integralelektronik.com\/?s={search_term_string}"},"query-input":{"@type":"PropertyValueSpecification","valueRequired":true,"valueName":"search_term_string"}}],"inLanguage":"tr"},{"@type":"Organization","@id":"https:\/\/integralelektronik.com\/#organization","name":"\u0130ntegral Elektronik","url":"https:\/\/integralelektronik.com\/","logo":{"@type":"ImageObject","inLanguage":"tr","@id":"https:\/\/integralelektronik.com\/#\/schema\/logo\/image\/","url":"https:\/\/integralelektronik.com\/wp-content\/uploads\/2020\/10\/logo.png","contentUrl":"https:\/\/integralelektronik.com\/wp-content\/uploads\/2020\/10\/logo.png","width":180,"height":90,"caption":"\u0130ntegral Elektronik"},"image":{"@id":"https:\/\/integralelektronik.com\/#\/schema\/logo\/image\/"}}]}},"_links":{"self":[{"href":"https:\/\/integralelektronik.com\/tr\/wp-json\/wp\/v2\/product\/9339"}],"collection":[{"href":"https:\/\/integralelektronik.com\/tr\/wp-json\/wp\/v2\/product"}],"about":[{"href":"https:\/\/integralelektronik.com\/tr\/wp-json\/wp\/v2\/types\/product"}],"replies":[{"embeddable":true,"href":"https:\/\/integralelektronik.com\/tr\/wp-json\/wp\/v2\/comments?post=9339"}],"wp:featuredmedia":[{"embeddable":true,"href":"https:\/\/integralelektronik.com\/tr\/wp-json\/wp\/v2\/media\/9298"}],"wp:attachment":[{"href":"https:\/\/integralelektronik.com\/tr\/wp-json\/wp\/v2\/media?parent=9339"}],"wp:term":[{"taxonomy":"product_brand","embeddable":true,"href":"https:\/\/integralelektronik.com\/tr\/wp-json\/wp\/v2\/product_brand?post=9339"},{"taxonomy":"product_cat","embeddable":true,"href":"https:\/\/integralelektronik.com\/tr\/wp-json\/wp\/v2\/product_cat?post=9339"},{"taxonomy":"product_tag","embeddable":true,"href":"https:\/\/integralelektronik.com\/tr\/wp-json\/wp\/v2\/product_tag?post=9339"}],"curies":[{"name":"wp","href":"https:\/\/api.w.org\/{rel}","templated":true}]}}