{"id":9337,"date":"2021-03-03T21:32:21","date_gmt":"2021-03-03T18:32:21","guid":{"rendered":"https:\/\/integralelektronik.com\/?post_type=product&#038;p=9337"},"modified":"2021-03-03T21:32:22","modified_gmt":"2021-03-03T18:32:22","slug":"dwyer-model-devcom2000","status":"publish","type":"product","link":"https:\/\/integralelektronik.com\/tr\/product\/dwyer-model-devcom2000\/","title":{"rendered":"DWYER Model DevCom2000"},"content":{"rendered":"<p><b><span>Model DevCom2000\u00a0<\/span><\/b><span>\u00a0HART\u00ae Communicator Yaz\u0131l\u0131m tam \u00f6zellikli HART\u00ae ileti\u015fimci haline PC d\u00f6ner.\u00a0Art\u0131k vericileri ve kontrol valflerini masa\u00fcst\u00fcnde veya sahada yap\u0131land\u0131rmak m\u00fcmk\u00fcnd\u00fcr.\u00a0DevCom2000, ak\u0131ll\u0131 alan cihazlar\u0131n\u0131n belle\u011finde depolanan verileri almak i\u00e7in cihaz a\u00e7\u0131klamalar\u0131n\u0131 (DD&#8217;ler) kullan\u0131r.\u00a0Bu yaz\u0131l\u0131m, ek kablolara ihtiya\u00e7 duymadan kontrol sistemlerine yeni \u00f6l\u00e7\u00fcm de\u011ferleri eklemek i\u00e7in basit, g\u00fcvenilir ve g\u00fcvenli bir y\u00f6ntemdir.\u00a0Bu yaz\u0131l\u0131m, ayr\u0131 bir el HART\u00ae ileti\u015fim cihaz\u0131 sat\u0131n alma ve bak\u0131m ihtiyac\u0131n\u0131 ortadan kald\u0131r\u0131r.<\/span><\/p>\n","protected":false},"excerpt":{"rendered":"<h2><span>Stok Kodu: DevCom2000<\/span><\/h2>\n<h3 class=\"pdp-product-info__description\"><span>HART\u00ae Communicator Yaz\u0131l\u0131m\u0131<\/span><\/h3>\n","protected":false},"featured_media":9296,"comment_status":"open","ping_status":"closed","template":"","meta":[],"product_brand":[],"product_cat":[574,576],"product_tag":[],"class_list":{"0":"post-9337","1":"product","2":"type-product","3":"status-publish","4":"has-post-thumbnail","6":"product_cat-dwyer-tr","7":"product_cat-fark-basinc-transmitterleri","9":"first","10":"instock","11":"shipping-taxable","12":"product-type-simple"},"yoast_head":"<!-- This site is optimized with the Yoast SEO plugin v24.3 - https:\/\/yoast.com\/wordpress\/plugins\/seo\/ -->\n<title>DWYER Model DevCom2000 - \u0130ntegral Elektronik<\/title>\n<meta name=\"robots\" content=\"index, follow, max-snippet:-1, max-image-preview:large, max-video-preview:-1\" \/>\n<link rel=\"canonical\" href=\"https:\/\/integralelektronik.com\/tr\/product\/dwyer-model-devcom2000\/\" \/>\n<meta property=\"og:locale\" content=\"tr_TR\" \/>\n<meta property=\"og:type\" content=\"article\" \/>\n<meta property=\"og:title\" content=\"DWYER Model DevCom2000 - \u0130ntegral Elektronik\" \/>\n<meta property=\"og:description\" content=\"Stok Kodu: DevCom2000 HART\u00ae Communicator Yaz\u0131l\u0131m\u0131\" \/>\n<meta property=\"og:url\" content=\"https:\/\/integralelektronik.com\/tr\/product\/dwyer-model-devcom2000\/\" \/>\n<meta property=\"og:site_name\" content=\"\u0130ntegral Elektronik\" \/>\n<meta property=\"article:modified_time\" content=\"2021-03-03T18:32:22+00:00\" \/>\n<meta property=\"og:image\" content=\"https:\/\/integralelektronik.com\/wp-content\/uploads\/2021\/03\/DevCom2000_Large.gif\" \/>\n\t<meta property=\"og:image:width\" content=\"200\" \/>\n\t<meta property=\"og:image:height\" content=\"200\" \/>\n\t<meta property=\"og:image:type\" content=\"image\/gif\" \/>\n<meta name=\"twitter:card\" content=\"summary_large_image\" \/>\n<meta name=\"twitter:label1\" content=\"Tahmini okuma s\u00fcresi\" \/>\n\t<meta name=\"twitter:data1\" content=\"1 dakika\" \/>\n<script type=\"application\/ld+json\" class=\"yoast-schema-graph\">{\"@context\":\"https:\/\/schema.org\",\"@graph\":[{\"@type\":\"WebPage\",\"@id\":\"https:\/\/integralelektronik.com\/tr\/product\/dwyer-model-devcom2000\/\",\"url\":\"https:\/\/integralelektronik.com\/tr\/product\/dwyer-model-devcom2000\/\",\"name\":\"DWYER Model DevCom2000 - \u0130ntegral Elektronik\",\"isPartOf\":{\"@id\":\"https:\/\/integralelektronik.com\/#website\"},\"primaryImageOfPage\":{\"@id\":\"https:\/\/integralelektronik.com\/tr\/product\/dwyer-model-devcom2000\/#primaryimage\"},\"image\":{\"@id\":\"https:\/\/integralelektronik.com\/tr\/product\/dwyer-model-devcom2000\/#primaryimage\"},\"thumbnailUrl\":\"https:\/\/integralelektronik.com\/wp-content\/uploads\/2021\/03\/DevCom2000_Large.gif\",\"datePublished\":\"2021-03-03T18:32:21+00:00\",\"dateModified\":\"2021-03-03T18:32:22+00:00\",\"breadcrumb\":{\"@id\":\"https:\/\/integralelektronik.com\/tr\/product\/dwyer-model-devcom2000\/#breadcrumb\"},\"inLanguage\":\"tr\",\"potentialAction\":[{\"@type\":\"ReadAction\",\"target\":[\"https:\/\/integralelektronik.com\/tr\/product\/dwyer-model-devcom2000\/\"]}]},{\"@type\":\"ImageObject\",\"inLanguage\":\"tr\",\"@id\":\"https:\/\/integralelektronik.com\/tr\/product\/dwyer-model-devcom2000\/#primaryimage\",\"url\":\"https:\/\/integralelektronik.com\/wp-content\/uploads\/2021\/03\/DevCom2000_Large.gif\",\"contentUrl\":\"https:\/\/integralelektronik.com\/wp-content\/uploads\/2021\/03\/DevCom2000_Large.gif\",\"width\":200,\"height\":200},{\"@type\":\"BreadcrumbList\",\"@id\":\"https:\/\/integralelektronik.com\/tr\/product\/dwyer-model-devcom2000\/#breadcrumb\",\"itemListElement\":[{\"@type\":\"ListItem\",\"position\":1,\"name\":\"Home\",\"item\":\"https:\/\/integralelektronik.com\/tr\/\"},{\"@type\":\"ListItem\",\"position\":2,\"name\":\"Shop\",\"item\":\"https:\/\/integralelektronik.com\/shop\/\"},{\"@type\":\"ListItem\",\"position\":3,\"name\":\"DWYER Model DevCom2000\"}]},{\"@type\":\"WebSite\",\"@id\":\"https:\/\/integralelektronik.com\/#website\",\"url\":\"https:\/\/integralelektronik.com\/\",\"name\":\"\u0130ntegral Elektronik\",\"description\":\"\",\"publisher\":{\"@id\":\"https:\/\/integralelektronik.com\/#organization\"},\"potentialAction\":[{\"@type\":\"SearchAction\",\"target\":{\"@type\":\"EntryPoint\",\"urlTemplate\":\"https:\/\/integralelektronik.com\/?s={search_term_string}\"},\"query-input\":{\"@type\":\"PropertyValueSpecification\",\"valueRequired\":true,\"valueName\":\"search_term_string\"}}],\"inLanguage\":\"tr\"},{\"@type\":\"Organization\",\"@id\":\"https:\/\/integralelektronik.com\/#organization\",\"name\":\"\u0130ntegral Elektronik\",\"url\":\"https:\/\/integralelektronik.com\/\",\"logo\":{\"@type\":\"ImageObject\",\"inLanguage\":\"tr\",\"@id\":\"https:\/\/integralelektronik.com\/#\/schema\/logo\/image\/\",\"url\":\"https:\/\/integralelektronik.com\/wp-content\/uploads\/2020\/10\/logo.png\",\"contentUrl\":\"https:\/\/integralelektronik.com\/wp-content\/uploads\/2020\/10\/logo.png\",\"width\":180,\"height\":90,\"caption\":\"\u0130ntegral Elektronik\"},\"image\":{\"@id\":\"https:\/\/integralelektronik.com\/#\/schema\/logo\/image\/\"}}]}<\/script>\n<!-- \/ Yoast SEO plugin. -->","yoast_head_json":{"title":"DWYER Model DevCom2000 - \u0130ntegral Elektronik","robots":{"index":"index","follow":"follow","max-snippet":"max-snippet:-1","max-image-preview":"max-image-preview:large","max-video-preview":"max-video-preview:-1"},"canonical":"https:\/\/integralelektronik.com\/tr\/product\/dwyer-model-devcom2000\/","og_locale":"tr_TR","og_type":"article","og_title":"DWYER Model DevCom2000 - \u0130ntegral Elektronik","og_description":"Stok Kodu: DevCom2000 HART\u00ae Communicator Yaz\u0131l\u0131m\u0131","og_url":"https:\/\/integralelektronik.com\/tr\/product\/dwyer-model-devcom2000\/","og_site_name":"\u0130ntegral Elektronik","article_modified_time":"2021-03-03T18:32:22+00:00","og_image":[{"width":200,"height":200,"url":"https:\/\/integralelektronik.com\/wp-content\/uploads\/2021\/03\/DevCom2000_Large.gif","type":"image\/gif"}],"twitter_card":"summary_large_image","twitter_misc":{"Tahmini okuma s\u00fcresi":"1 dakika"},"schema":{"@context":"https:\/\/schema.org","@graph":[{"@type":"WebPage","@id":"https:\/\/integralelektronik.com\/tr\/product\/dwyer-model-devcom2000\/","url":"https:\/\/integralelektronik.com\/tr\/product\/dwyer-model-devcom2000\/","name":"DWYER Model DevCom2000 - \u0130ntegral Elektronik","isPartOf":{"@id":"https:\/\/integralelektronik.com\/#website"},"primaryImageOfPage":{"@id":"https:\/\/integralelektronik.com\/tr\/product\/dwyer-model-devcom2000\/#primaryimage"},"image":{"@id":"https:\/\/integralelektronik.com\/tr\/product\/dwyer-model-devcom2000\/#primaryimage"},"thumbnailUrl":"https:\/\/integralelektronik.com\/wp-content\/uploads\/2021\/03\/DevCom2000_Large.gif","datePublished":"2021-03-03T18:32:21+00:00","dateModified":"2021-03-03T18:32:22+00:00","breadcrumb":{"@id":"https:\/\/integralelektronik.com\/tr\/product\/dwyer-model-devcom2000\/#breadcrumb"},"inLanguage":"tr","potentialAction":[{"@type":"ReadAction","target":["https:\/\/integralelektronik.com\/tr\/product\/dwyer-model-devcom2000\/"]}]},{"@type":"ImageObject","inLanguage":"tr","@id":"https:\/\/integralelektronik.com\/tr\/product\/dwyer-model-devcom2000\/#primaryimage","url":"https:\/\/integralelektronik.com\/wp-content\/uploads\/2021\/03\/DevCom2000_Large.gif","contentUrl":"https:\/\/integralelektronik.com\/wp-content\/uploads\/2021\/03\/DevCom2000_Large.gif","width":200,"height":200},{"@type":"BreadcrumbList","@id":"https:\/\/integralelektronik.com\/tr\/product\/dwyer-model-devcom2000\/#breadcrumb","itemListElement":[{"@type":"ListItem","position":1,"name":"Home","item":"https:\/\/integralelektronik.com\/tr\/"},{"@type":"ListItem","position":2,"name":"Shop","item":"https:\/\/integralelektronik.com\/shop\/"},{"@type":"ListItem","position":3,"name":"DWYER Model DevCom2000"}]},{"@type":"WebSite","@id":"https:\/\/integralelektronik.com\/#website","url":"https:\/\/integralelektronik.com\/","name":"\u0130ntegral Elektronik","description":"","publisher":{"@id":"https:\/\/integralelektronik.com\/#organization"},"potentialAction":[{"@type":"SearchAction","target":{"@type":"EntryPoint","urlTemplate":"https:\/\/integralelektronik.com\/?s={search_term_string}"},"query-input":{"@type":"PropertyValueSpecification","valueRequired":true,"valueName":"search_term_string"}}],"inLanguage":"tr"},{"@type":"Organization","@id":"https:\/\/integralelektronik.com\/#organization","name":"\u0130ntegral Elektronik","url":"https:\/\/integralelektronik.com\/","logo":{"@type":"ImageObject","inLanguage":"tr","@id":"https:\/\/integralelektronik.com\/#\/schema\/logo\/image\/","url":"https:\/\/integralelektronik.com\/wp-content\/uploads\/2020\/10\/logo.png","contentUrl":"https:\/\/integralelektronik.com\/wp-content\/uploads\/2020\/10\/logo.png","width":180,"height":90,"caption":"\u0130ntegral Elektronik"},"image":{"@id":"https:\/\/integralelektronik.com\/#\/schema\/logo\/image\/"}}]}},"_links":{"self":[{"href":"https:\/\/integralelektronik.com\/tr\/wp-json\/wp\/v2\/product\/9337"}],"collection":[{"href":"https:\/\/integralelektronik.com\/tr\/wp-json\/wp\/v2\/product"}],"about":[{"href":"https:\/\/integralelektronik.com\/tr\/wp-json\/wp\/v2\/types\/product"}],"replies":[{"embeddable":true,"href":"https:\/\/integralelektronik.com\/tr\/wp-json\/wp\/v2\/comments?post=9337"}],"wp:featuredmedia":[{"embeddable":true,"href":"https:\/\/integralelektronik.com\/tr\/wp-json\/wp\/v2\/media\/9296"}],"wp:attachment":[{"href":"https:\/\/integralelektronik.com\/tr\/wp-json\/wp\/v2\/media?parent=9337"}],"wp:term":[{"taxonomy":"product_brand","embeddable":true,"href":"https:\/\/integralelektronik.com\/tr\/wp-json\/wp\/v2\/product_brand?post=9337"},{"taxonomy":"product_cat","embeddable":true,"href":"https:\/\/integralelektronik.com\/tr\/wp-json\/wp\/v2\/product_cat?post=9337"},{"taxonomy":"product_tag","embeddable":true,"href":"https:\/\/integralelektronik.com\/tr\/wp-json\/wp\/v2\/product_tag?post=9337"}],"curies":[{"name":"wp","href":"https:\/\/api.w.org\/{rel}","templated":true}]}}