{"id":9329,"date":"2021-03-03T20:45:16","date_gmt":"2021-03-03T17:45:16","guid":{"rendered":"https:\/\/integralelektronik.com\/?post_type=product&#038;p=9329"},"modified":"2021-03-03T20:45:16","modified_gmt":"2021-03-03T17:45:16","slug":"dwyer-series-at-605-atex-iecex-approved-magnehelic-differential-pressure-indicating-transmitter","status":"publish","type":"product","link":"https:\/\/integralelektronik.com\/tr\/product\/dwyer-series-at-605-atex-iecex-approved-magnehelic-differential-pressure-indicating-transmitter\/","title":{"rendered":"DWYER Series AT-605 ATEX\/IECEx Approved Magnehelic\u00ae Differential Pressure Indicating Transmitter"},"content":{"rendered":"<p><b><span>Transmitter belirten Seri AT-605 ATEX \/ IECExIECEx Onayl\u0131 Magnehelic\u00ae Bas\u0131n\u00e7 fark\u0131<\/span><\/b><span>\u00a0\u00a0g\u00f6rsel olarak izlenmesi ve tehlikeli yerlerde \u00e7ok d\u00fc\u015f\u00fck bas\u0131n\u00e7 fark\u0131 elektronik kontrol hem de sa\u011flar.\u00a0Okunmas\u0131 kolay bir kadran g\u00f6stergesi, zamanla kendini kan\u0131tlam\u0131\u015f Dwyer\u00ae Magnehelic\u00ae gage mekanik tasar\u0131m\u0131n\u0131 ve 600 Serisi verici teknolojisini kullanan iki telli, 4-20 mA kontrol sinyali ile tamamlan\u0131r.\u00a0\u0130ki kablolu tasar\u0131m, 10-35 VDC besleme ile \u00e7al\u0131\u015fan herhangi bir 4-20 mA kontrol d\u00f6ng\u00fcs\u00fcn\u00fc basitle\u015ftirir.\u00a0Aleve dayan\u0131kl\u0131 muhafazalar al\u00fcminyum olarak mevcuttur ve g\u00f6sterge y\u00fczeyindeki proses bas\u0131nc\u0131n\u0131 g\u00f6r\u00fcnt\u00fclemek i\u00e7in bir cam pencere i\u00e7erebilir.<\/span><\/p>\n","protected":false},"excerpt":{"rendered":"<h2><span>Stok Kodu: AT-605<\/span><\/h2>\n<h3 class=\"tagline\"><span>Alev Almaz ATEX \/ IECEx Muhafazas\u0131nda Seri 605<\/span><\/h3>\n","protected":false},"featured_media":9324,"comment_status":"open","ping_status":"closed","template":"","meta":[],"product_brand":[],"product_cat":[574,576],"product_tag":[],"class_list":{"0":"post-9329","1":"product","2":"type-product","3":"status-publish","4":"has-post-thumbnail","6":"product_cat-dwyer-tr","7":"product_cat-fark-basinc-transmitterleri","9":"first","10":"instock","11":"shipping-taxable","12":"product-type-simple"},"yoast_head":"<!-- This site is optimized with the Yoast SEO plugin v24.3 - https:\/\/yoast.com\/wordpress\/plugins\/seo\/ -->\n<title>DWYER Series AT-605 ATEX\/IECEx Approved Magnehelic\u00ae Differential Pressure Indicating Transmitter - \u0130ntegral Elektronik<\/title>\n<meta name=\"robots\" content=\"index, follow, max-snippet:-1, max-image-preview:large, max-video-preview:-1\" \/>\n<link rel=\"canonical\" href=\"https:\/\/integralelektronik.com\/tr\/product\/dwyer-series-at-605-atex-iecex-approved-magnehelic-differential-pressure-indicating-transmitter\/\" \/>\n<meta property=\"og:locale\" content=\"tr_TR\" \/>\n<meta property=\"og:type\" content=\"article\" \/>\n<meta property=\"og:title\" content=\"DWYER Series AT-605 ATEX\/IECEx Approved Magnehelic\u00ae Differential Pressure Indicating Transmitter - \u0130ntegral Elektronik\" \/>\n<meta property=\"og:description\" content=\"Stok Kodu: AT-605 Alev Almaz ATEX \/ IECEx Muhafazas\u0131nda Seri 605\" \/>\n<meta property=\"og:url\" content=\"https:\/\/integralelektronik.com\/tr\/product\/dwyer-series-at-605-atex-iecex-approved-magnehelic-differential-pressure-indicating-transmitter\/\" \/>\n<meta property=\"og:site_name\" content=\"\u0130ntegral Elektronik\" \/>\n<meta property=\"og:image\" content=\"https:\/\/integralelektronik.com\/wp-content\/uploads\/2021\/03\/AT_605_1000x1000.jpg\" \/>\n\t<meta property=\"og:image:width\" content=\"1000\" \/>\n\t<meta property=\"og:image:height\" content=\"1000\" \/>\n\t<meta property=\"og:image:type\" content=\"image\/jpeg\" \/>\n<meta name=\"twitter:card\" content=\"summary_large_image\" \/>\n<meta name=\"twitter:label1\" content=\"Tahmini okuma s\u00fcresi\" \/>\n\t<meta name=\"twitter:data1\" content=\"1 dakika\" \/>\n<script type=\"application\/ld+json\" class=\"yoast-schema-graph\">{\"@context\":\"https:\/\/schema.org\",\"@graph\":[{\"@type\":\"WebPage\",\"@id\":\"https:\/\/integralelektronik.com\/tr\/product\/dwyer-series-at-605-atex-iecex-approved-magnehelic-differential-pressure-indicating-transmitter\/\",\"url\":\"https:\/\/integralelektronik.com\/tr\/product\/dwyer-series-at-605-atex-iecex-approved-magnehelic-differential-pressure-indicating-transmitter\/\",\"name\":\"DWYER Series AT-605 ATEX\/IECEx Approved Magnehelic\u00ae Differential Pressure Indicating Transmitter - \u0130ntegral Elektronik\",\"isPartOf\":{\"@id\":\"https:\/\/integralelektronik.com\/#website\"},\"primaryImageOfPage\":{\"@id\":\"https:\/\/integralelektronik.com\/tr\/product\/dwyer-series-at-605-atex-iecex-approved-magnehelic-differential-pressure-indicating-transmitter\/#primaryimage\"},\"image\":{\"@id\":\"https:\/\/integralelektronik.com\/tr\/product\/dwyer-series-at-605-atex-iecex-approved-magnehelic-differential-pressure-indicating-transmitter\/#primaryimage\"},\"thumbnailUrl\":\"https:\/\/integralelektronik.com\/wp-content\/uploads\/2021\/03\/AT_605_1000x1000.jpg\",\"datePublished\":\"2021-03-03T17:45:16+00:00\",\"dateModified\":\"2021-03-03T17:45:16+00:00\",\"breadcrumb\":{\"@id\":\"https:\/\/integralelektronik.com\/tr\/product\/dwyer-series-at-605-atex-iecex-approved-magnehelic-differential-pressure-indicating-transmitter\/#breadcrumb\"},\"inLanguage\":\"tr\",\"potentialAction\":[{\"@type\":\"ReadAction\",\"target\":[\"https:\/\/integralelektronik.com\/tr\/product\/dwyer-series-at-605-atex-iecex-approved-magnehelic-differential-pressure-indicating-transmitter\/\"]}]},{\"@type\":\"ImageObject\",\"inLanguage\":\"tr\",\"@id\":\"https:\/\/integralelektronik.com\/tr\/product\/dwyer-series-at-605-atex-iecex-approved-magnehelic-differential-pressure-indicating-transmitter\/#primaryimage\",\"url\":\"https:\/\/integralelektronik.com\/wp-content\/uploads\/2021\/03\/AT_605_1000x1000.jpg\",\"contentUrl\":\"https:\/\/integralelektronik.com\/wp-content\/uploads\/2021\/03\/AT_605_1000x1000.jpg\",\"width\":1000,\"height\":1000},{\"@type\":\"BreadcrumbList\",\"@id\":\"https:\/\/integralelektronik.com\/tr\/product\/dwyer-series-at-605-atex-iecex-approved-magnehelic-differential-pressure-indicating-transmitter\/#breadcrumb\",\"itemListElement\":[{\"@type\":\"ListItem\",\"position\":1,\"name\":\"Home\",\"item\":\"https:\/\/integralelektronik.com\/tr\/\"},{\"@type\":\"ListItem\",\"position\":2,\"name\":\"Shop\",\"item\":\"https:\/\/integralelektronik.com\/shop\/\"},{\"@type\":\"ListItem\",\"position\":3,\"name\":\"DWYER Series AT-605 ATEX\/IECEx Approved Magnehelic\u00ae Differential Pressure Indicating Transmitter\"}]},{\"@type\":\"WebSite\",\"@id\":\"https:\/\/integralelektronik.com\/#website\",\"url\":\"https:\/\/integralelektronik.com\/\",\"name\":\"\u0130ntegral Elektronik\",\"description\":\"\",\"publisher\":{\"@id\":\"https:\/\/integralelektronik.com\/#organization\"},\"potentialAction\":[{\"@type\":\"SearchAction\",\"target\":{\"@type\":\"EntryPoint\",\"urlTemplate\":\"https:\/\/integralelektronik.com\/?s={search_term_string}\"},\"query-input\":{\"@type\":\"PropertyValueSpecification\",\"valueRequired\":true,\"valueName\":\"search_term_string\"}}],\"inLanguage\":\"tr\"},{\"@type\":\"Organization\",\"@id\":\"https:\/\/integralelektronik.com\/#organization\",\"name\":\"\u0130ntegral Elektronik\",\"url\":\"https:\/\/integralelektronik.com\/\",\"logo\":{\"@type\":\"ImageObject\",\"inLanguage\":\"tr\",\"@id\":\"https:\/\/integralelektronik.com\/#\/schema\/logo\/image\/\",\"url\":\"https:\/\/integralelektronik.com\/wp-content\/uploads\/2020\/10\/logo.png\",\"contentUrl\":\"https:\/\/integralelektronik.com\/wp-content\/uploads\/2020\/10\/logo.png\",\"width\":180,\"height\":90,\"caption\":\"\u0130ntegral Elektronik\"},\"image\":{\"@id\":\"https:\/\/integralelektronik.com\/#\/schema\/logo\/image\/\"}}]}<\/script>\n<!-- \/ Yoast SEO plugin. -->","yoast_head_json":{"title":"DWYER Series AT-605 ATEX\/IECEx Approved Magnehelic\u00ae Differential Pressure Indicating Transmitter - \u0130ntegral Elektronik","robots":{"index":"index","follow":"follow","max-snippet":"max-snippet:-1","max-image-preview":"max-image-preview:large","max-video-preview":"max-video-preview:-1"},"canonical":"https:\/\/integralelektronik.com\/tr\/product\/dwyer-series-at-605-atex-iecex-approved-magnehelic-differential-pressure-indicating-transmitter\/","og_locale":"tr_TR","og_type":"article","og_title":"DWYER Series AT-605 ATEX\/IECEx Approved Magnehelic\u00ae Differential Pressure Indicating Transmitter - \u0130ntegral Elektronik","og_description":"Stok Kodu: AT-605 Alev Almaz ATEX \/ IECEx Muhafazas\u0131nda Seri 605","og_url":"https:\/\/integralelektronik.com\/tr\/product\/dwyer-series-at-605-atex-iecex-approved-magnehelic-differential-pressure-indicating-transmitter\/","og_site_name":"\u0130ntegral Elektronik","og_image":[{"width":1000,"height":1000,"url":"https:\/\/integralelektronik.com\/wp-content\/uploads\/2021\/03\/AT_605_1000x1000.jpg","type":"image\/jpeg"}],"twitter_card":"summary_large_image","twitter_misc":{"Tahmini okuma s\u00fcresi":"1 dakika"},"schema":{"@context":"https:\/\/schema.org","@graph":[{"@type":"WebPage","@id":"https:\/\/integralelektronik.com\/tr\/product\/dwyer-series-at-605-atex-iecex-approved-magnehelic-differential-pressure-indicating-transmitter\/","url":"https:\/\/integralelektronik.com\/tr\/product\/dwyer-series-at-605-atex-iecex-approved-magnehelic-differential-pressure-indicating-transmitter\/","name":"DWYER Series AT-605 ATEX\/IECEx Approved Magnehelic\u00ae Differential Pressure Indicating Transmitter - \u0130ntegral Elektronik","isPartOf":{"@id":"https:\/\/integralelektronik.com\/#website"},"primaryImageOfPage":{"@id":"https:\/\/integralelektronik.com\/tr\/product\/dwyer-series-at-605-atex-iecex-approved-magnehelic-differential-pressure-indicating-transmitter\/#primaryimage"},"image":{"@id":"https:\/\/integralelektronik.com\/tr\/product\/dwyer-series-at-605-atex-iecex-approved-magnehelic-differential-pressure-indicating-transmitter\/#primaryimage"},"thumbnailUrl":"https:\/\/integralelektronik.com\/wp-content\/uploads\/2021\/03\/AT_605_1000x1000.jpg","datePublished":"2021-03-03T17:45:16+00:00","dateModified":"2021-03-03T17:45:16+00:00","breadcrumb":{"@id":"https:\/\/integralelektronik.com\/tr\/product\/dwyer-series-at-605-atex-iecex-approved-magnehelic-differential-pressure-indicating-transmitter\/#breadcrumb"},"inLanguage":"tr","potentialAction":[{"@type":"ReadAction","target":["https:\/\/integralelektronik.com\/tr\/product\/dwyer-series-at-605-atex-iecex-approved-magnehelic-differential-pressure-indicating-transmitter\/"]}]},{"@type":"ImageObject","inLanguage":"tr","@id":"https:\/\/integralelektronik.com\/tr\/product\/dwyer-series-at-605-atex-iecex-approved-magnehelic-differential-pressure-indicating-transmitter\/#primaryimage","url":"https:\/\/integralelektronik.com\/wp-content\/uploads\/2021\/03\/AT_605_1000x1000.jpg","contentUrl":"https:\/\/integralelektronik.com\/wp-content\/uploads\/2021\/03\/AT_605_1000x1000.jpg","width":1000,"height":1000},{"@type":"BreadcrumbList","@id":"https:\/\/integralelektronik.com\/tr\/product\/dwyer-series-at-605-atex-iecex-approved-magnehelic-differential-pressure-indicating-transmitter\/#breadcrumb","itemListElement":[{"@type":"ListItem","position":1,"name":"Home","item":"https:\/\/integralelektronik.com\/tr\/"},{"@type":"ListItem","position":2,"name":"Shop","item":"https:\/\/integralelektronik.com\/shop\/"},{"@type":"ListItem","position":3,"name":"DWYER Series AT-605 ATEX\/IECEx Approved Magnehelic\u00ae Differential Pressure Indicating Transmitter"}]},{"@type":"WebSite","@id":"https:\/\/integralelektronik.com\/#website","url":"https:\/\/integralelektronik.com\/","name":"\u0130ntegral Elektronik","description":"","publisher":{"@id":"https:\/\/integralelektronik.com\/#organization"},"potentialAction":[{"@type":"SearchAction","target":{"@type":"EntryPoint","urlTemplate":"https:\/\/integralelektronik.com\/?s={search_term_string}"},"query-input":{"@type":"PropertyValueSpecification","valueRequired":true,"valueName":"search_term_string"}}],"inLanguage":"tr"},{"@type":"Organization","@id":"https:\/\/integralelektronik.com\/#organization","name":"\u0130ntegral Elektronik","url":"https:\/\/integralelektronik.com\/","logo":{"@type":"ImageObject","inLanguage":"tr","@id":"https:\/\/integralelektronik.com\/#\/schema\/logo\/image\/","url":"https:\/\/integralelektronik.com\/wp-content\/uploads\/2020\/10\/logo.png","contentUrl":"https:\/\/integralelektronik.com\/wp-content\/uploads\/2020\/10\/logo.png","width":180,"height":90,"caption":"\u0130ntegral Elektronik"},"image":{"@id":"https:\/\/integralelektronik.com\/#\/schema\/logo\/image\/"}}]}},"_links":{"self":[{"href":"https:\/\/integralelektronik.com\/tr\/wp-json\/wp\/v2\/product\/9329"}],"collection":[{"href":"https:\/\/integralelektronik.com\/tr\/wp-json\/wp\/v2\/product"}],"about":[{"href":"https:\/\/integralelektronik.com\/tr\/wp-json\/wp\/v2\/types\/product"}],"replies":[{"embeddable":true,"href":"https:\/\/integralelektronik.com\/tr\/wp-json\/wp\/v2\/comments?post=9329"}],"wp:featuredmedia":[{"embeddable":true,"href":"https:\/\/integralelektronik.com\/tr\/wp-json\/wp\/v2\/media\/9324"}],"wp:attachment":[{"href":"https:\/\/integralelektronik.com\/tr\/wp-json\/wp\/v2\/media?parent=9329"}],"wp:term":[{"taxonomy":"product_brand","embeddable":true,"href":"https:\/\/integralelektronik.com\/tr\/wp-json\/wp\/v2\/product_brand?post=9329"},{"taxonomy":"product_cat","embeddable":true,"href":"https:\/\/integralelektronik.com\/tr\/wp-json\/wp\/v2\/product_cat?post=9329"},{"taxonomy":"product_tag","embeddable":true,"href":"https:\/\/integralelektronik.com\/tr\/wp-json\/wp\/v2\/product_tag?post=9329"}],"curies":[{"name":"wp","href":"https:\/\/api.w.org\/{rel}","templated":true}]}}