{"id":9223,"date":"2021-03-02T23:30:55","date_gmt":"2021-03-02T20:30:55","guid":{"rendered":"https:\/\/integralelektronik.com\/?post_type=product&#038;p=9223"},"modified":"2021-03-02T23:30:55","modified_gmt":"2021-03-02T20:30:55","slug":"dwyer-series-1800-low-differential-pressure-switch-for-general-industrial-service-2","status":"publish","type":"product","link":"https:\/\/integralelektronik.com\/tr\/product\/dwyer-series-1800-low-differential-pressure-switch-for-general-industrial-service-2\/","title":{"rendered":"DWYER Series 1800 Low Differential Pressure Switch for General Industrial Service"},"content":{"rendered":"<p><span>End\u00fcstriyel ortamlar i\u00e7in gerekli olan\u00a0\u00a0<\/span><b><span>1800 Serisi D\u00fc\u015f\u00fck Diferansiyel Bas\u0131n\u00e7 \u015ealteri<\/span><\/b><span>\u00a0\u00a0, genel end\u00fcstriyel hizmet i\u00e7in k\u00fc\u00e7\u00fck boyutu ve d\u00fc\u015f\u00fck fiyat\u0131, en zorlu uygulamalar d\u0131\u015f\u0131nda t\u00fcm\u00fc i\u00e7in% 2 tekrarlanabilirlikle birle\u015ftirir.\u00a0Montaj saplamas\u0131n\u0131n i\u00e7indeki ayar noktas\u0131 ayar\u0131, kar\u015f\u0131 taraftan kolayca eri\u015filebilen ayar ile bir duvar\u0131n veya panelin bir taraf\u0131na anahtar\u0131n monte edilmesine izin verir.\u00a0UL ve CSA listelenmi\u015ftir ve FM onayl\u0131d\u0131r.<\/span><\/p>\n","protected":false},"excerpt":{"rendered":"<h2><span>Stok Kodu: 1823-0<\/span><\/h2>\n<h3 class=\"pdp-product-info__description\"><span>Fark bas\u0131n\u00e7 anahtar\u0131, 0.15 &#8211; .5 \u2033 wc aral\u0131\u011f\u0131, yakl.\u00a0\u00d6l\u00fc bant<\/span><br \/>\n<span>min.\u00a0ayar noktas\u0131 0,06, yakl.\u00a0\u00f6l\u00fc bant @ maks.\u00a0ayar noktas\u0131 0.06.<\/span><\/h3>\n","protected":false},"featured_media":9119,"comment_status":"open","ping_status":"closed","template":"","meta":[],"product_brand":[],"product_cat":[574,575],"product_tag":[],"class_list":{"0":"post-9223","1":"product","2":"type-product","3":"status-publish","4":"has-post-thumbnail","6":"product_cat-dwyer-tr","7":"product_cat-fark-basinc-anahtari","9":"first","10":"instock","11":"shipping-taxable","12":"product-type-simple"},"yoast_head":"<!-- This site is optimized with the Yoast SEO plugin v24.3 - https:\/\/yoast.com\/wordpress\/plugins\/seo\/ -->\n<title>DWYER Series 1800 Low Differential Pressure Switch for General Industrial Service - \u0130ntegral Elektronik<\/title>\n<meta name=\"robots\" content=\"index, follow, max-snippet:-1, max-image-preview:large, max-video-preview:-1\" \/>\n<link rel=\"canonical\" href=\"https:\/\/integralelektronik.com\/tr\/product\/dwyer-series-1800-low-differential-pressure-switch-for-general-industrial-service-2\/\" \/>\n<meta property=\"og:locale\" content=\"tr_TR\" \/>\n<meta property=\"og:type\" content=\"article\" \/>\n<meta property=\"og:title\" content=\"DWYER Series 1800 Low Differential Pressure Switch for General Industrial Service - \u0130ntegral Elektronik\" \/>\n<meta property=\"og:description\" content=\"Stok Kodu: 1823-0 Fark bas\u0131n\u00e7 anahtar\u0131, 0.15 - .5 \u2033 wc aral\u0131\u011f\u0131, yakl.\u00a0\u00d6l\u00fc bant min.\u00a0ayar noktas\u0131 0,06, yakl.\u00a0\u00f6l\u00fc bant @ maks.\u00a0ayar noktas\u0131 0.06.\" \/>\n<meta property=\"og:url\" content=\"https:\/\/integralelektronik.com\/tr\/product\/dwyer-series-1800-low-differential-pressure-switch-for-general-industrial-service-2\/\" \/>\n<meta property=\"og:site_name\" content=\"\u0130ntegral Elektronik\" \/>\n<meta property=\"og:image\" content=\"https:\/\/integralelektronik.com\/wp-content\/uploads\/2021\/03\/1800_Front_600x600.gif\" \/>\n\t<meta property=\"og:image:width\" content=\"600\" \/>\n\t<meta property=\"og:image:height\" content=\"600\" \/>\n\t<meta property=\"og:image:type\" content=\"image\/gif\" \/>\n<meta name=\"twitter:card\" content=\"summary_large_image\" \/>\n<meta name=\"twitter:label1\" content=\"Tahmini okuma s\u00fcresi\" \/>\n\t<meta name=\"twitter:data1\" content=\"1 dakika\" \/>\n<script type=\"application\/ld+json\" class=\"yoast-schema-graph\">{\"@context\":\"https:\/\/schema.org\",\"@graph\":[{\"@type\":\"WebPage\",\"@id\":\"https:\/\/integralelektronik.com\/tr\/product\/dwyer-series-1800-low-differential-pressure-switch-for-general-industrial-service-2\/\",\"url\":\"https:\/\/integralelektronik.com\/tr\/product\/dwyer-series-1800-low-differential-pressure-switch-for-general-industrial-service-2\/\",\"name\":\"DWYER Series 1800 Low Differential Pressure Switch for General Industrial Service - \u0130ntegral Elektronik\",\"isPartOf\":{\"@id\":\"https:\/\/integralelektronik.com\/#website\"},\"primaryImageOfPage\":{\"@id\":\"https:\/\/integralelektronik.com\/tr\/product\/dwyer-series-1800-low-differential-pressure-switch-for-general-industrial-service-2\/#primaryimage\"},\"image\":{\"@id\":\"https:\/\/integralelektronik.com\/tr\/product\/dwyer-series-1800-low-differential-pressure-switch-for-general-industrial-service-2\/#primaryimage\"},\"thumbnailUrl\":\"https:\/\/integralelektronik.com\/wp-content\/uploads\/2021\/03\/1800_Front_600x600.gif\",\"datePublished\":\"2021-03-02T20:30:55+00:00\",\"dateModified\":\"2021-03-02T20:30:55+00:00\",\"breadcrumb\":{\"@id\":\"https:\/\/integralelektronik.com\/tr\/product\/dwyer-series-1800-low-differential-pressure-switch-for-general-industrial-service-2\/#breadcrumb\"},\"inLanguage\":\"tr\",\"potentialAction\":[{\"@type\":\"ReadAction\",\"target\":[\"https:\/\/integralelektronik.com\/tr\/product\/dwyer-series-1800-low-differential-pressure-switch-for-general-industrial-service-2\/\"]}]},{\"@type\":\"ImageObject\",\"inLanguage\":\"tr\",\"@id\":\"https:\/\/integralelektronik.com\/tr\/product\/dwyer-series-1800-low-differential-pressure-switch-for-general-industrial-service-2\/#primaryimage\",\"url\":\"https:\/\/integralelektronik.com\/wp-content\/uploads\/2021\/03\/1800_Front_600x600.gif\",\"contentUrl\":\"https:\/\/integralelektronik.com\/wp-content\/uploads\/2021\/03\/1800_Front_600x600.gif\",\"width\":600,\"height\":600},{\"@type\":\"BreadcrumbList\",\"@id\":\"https:\/\/integralelektronik.com\/tr\/product\/dwyer-series-1800-low-differential-pressure-switch-for-general-industrial-service-2\/#breadcrumb\",\"itemListElement\":[{\"@type\":\"ListItem\",\"position\":1,\"name\":\"Home\",\"item\":\"https:\/\/integralelektronik.com\/tr\/\"},{\"@type\":\"ListItem\",\"position\":2,\"name\":\"Shop\",\"item\":\"https:\/\/integralelektronik.com\/shop\/\"},{\"@type\":\"ListItem\",\"position\":3,\"name\":\"DWYER Series 1800 Low Differential Pressure Switch for General Industrial Service\"}]},{\"@type\":\"WebSite\",\"@id\":\"https:\/\/integralelektronik.com\/#website\",\"url\":\"https:\/\/integralelektronik.com\/\",\"name\":\"\u0130ntegral Elektronik\",\"description\":\"\",\"publisher\":{\"@id\":\"https:\/\/integralelektronik.com\/#organization\"},\"potentialAction\":[{\"@type\":\"SearchAction\",\"target\":{\"@type\":\"EntryPoint\",\"urlTemplate\":\"https:\/\/integralelektronik.com\/?s={search_term_string}\"},\"query-input\":{\"@type\":\"PropertyValueSpecification\",\"valueRequired\":true,\"valueName\":\"search_term_string\"}}],\"inLanguage\":\"tr\"},{\"@type\":\"Organization\",\"@id\":\"https:\/\/integralelektronik.com\/#organization\",\"name\":\"\u0130ntegral Elektronik\",\"url\":\"https:\/\/integralelektronik.com\/\",\"logo\":{\"@type\":\"ImageObject\",\"inLanguage\":\"tr\",\"@id\":\"https:\/\/integralelektronik.com\/#\/schema\/logo\/image\/\",\"url\":\"https:\/\/integralelektronik.com\/wp-content\/uploads\/2020\/10\/logo.png\",\"contentUrl\":\"https:\/\/integralelektronik.com\/wp-content\/uploads\/2020\/10\/logo.png\",\"width\":180,\"height\":90,\"caption\":\"\u0130ntegral Elektronik\"},\"image\":{\"@id\":\"https:\/\/integralelektronik.com\/#\/schema\/logo\/image\/\"}}]}<\/script>\n<!-- \/ Yoast SEO plugin. -->","yoast_head_json":{"title":"DWYER Series 1800 Low Differential Pressure Switch for General Industrial Service - \u0130ntegral Elektronik","robots":{"index":"index","follow":"follow","max-snippet":"max-snippet:-1","max-image-preview":"max-image-preview:large","max-video-preview":"max-video-preview:-1"},"canonical":"https:\/\/integralelektronik.com\/tr\/product\/dwyer-series-1800-low-differential-pressure-switch-for-general-industrial-service-2\/","og_locale":"tr_TR","og_type":"article","og_title":"DWYER Series 1800 Low Differential Pressure Switch for General Industrial Service - \u0130ntegral Elektronik","og_description":"Stok Kodu: 1823-0 Fark bas\u0131n\u00e7 anahtar\u0131, 0.15 - .5 \u2033 wc aral\u0131\u011f\u0131, yakl.\u00a0\u00d6l\u00fc bant min.\u00a0ayar noktas\u0131 0,06, yakl.\u00a0\u00f6l\u00fc bant @ maks.\u00a0ayar noktas\u0131 0.06.","og_url":"https:\/\/integralelektronik.com\/tr\/product\/dwyer-series-1800-low-differential-pressure-switch-for-general-industrial-service-2\/","og_site_name":"\u0130ntegral Elektronik","og_image":[{"width":600,"height":600,"url":"https:\/\/integralelektronik.com\/wp-content\/uploads\/2021\/03\/1800_Front_600x600.gif","type":"image\/gif"}],"twitter_card":"summary_large_image","twitter_misc":{"Tahmini okuma s\u00fcresi":"1 dakika"},"schema":{"@context":"https:\/\/schema.org","@graph":[{"@type":"WebPage","@id":"https:\/\/integralelektronik.com\/tr\/product\/dwyer-series-1800-low-differential-pressure-switch-for-general-industrial-service-2\/","url":"https:\/\/integralelektronik.com\/tr\/product\/dwyer-series-1800-low-differential-pressure-switch-for-general-industrial-service-2\/","name":"DWYER Series 1800 Low Differential Pressure Switch for General Industrial Service - \u0130ntegral Elektronik","isPartOf":{"@id":"https:\/\/integralelektronik.com\/#website"},"primaryImageOfPage":{"@id":"https:\/\/integralelektronik.com\/tr\/product\/dwyer-series-1800-low-differential-pressure-switch-for-general-industrial-service-2\/#primaryimage"},"image":{"@id":"https:\/\/integralelektronik.com\/tr\/product\/dwyer-series-1800-low-differential-pressure-switch-for-general-industrial-service-2\/#primaryimage"},"thumbnailUrl":"https:\/\/integralelektronik.com\/wp-content\/uploads\/2021\/03\/1800_Front_600x600.gif","datePublished":"2021-03-02T20:30:55+00:00","dateModified":"2021-03-02T20:30:55+00:00","breadcrumb":{"@id":"https:\/\/integralelektronik.com\/tr\/product\/dwyer-series-1800-low-differential-pressure-switch-for-general-industrial-service-2\/#breadcrumb"},"inLanguage":"tr","potentialAction":[{"@type":"ReadAction","target":["https:\/\/integralelektronik.com\/tr\/product\/dwyer-series-1800-low-differential-pressure-switch-for-general-industrial-service-2\/"]}]},{"@type":"ImageObject","inLanguage":"tr","@id":"https:\/\/integralelektronik.com\/tr\/product\/dwyer-series-1800-low-differential-pressure-switch-for-general-industrial-service-2\/#primaryimage","url":"https:\/\/integralelektronik.com\/wp-content\/uploads\/2021\/03\/1800_Front_600x600.gif","contentUrl":"https:\/\/integralelektronik.com\/wp-content\/uploads\/2021\/03\/1800_Front_600x600.gif","width":600,"height":600},{"@type":"BreadcrumbList","@id":"https:\/\/integralelektronik.com\/tr\/product\/dwyer-series-1800-low-differential-pressure-switch-for-general-industrial-service-2\/#breadcrumb","itemListElement":[{"@type":"ListItem","position":1,"name":"Home","item":"https:\/\/integralelektronik.com\/tr\/"},{"@type":"ListItem","position":2,"name":"Shop","item":"https:\/\/integralelektronik.com\/shop\/"},{"@type":"ListItem","position":3,"name":"DWYER Series 1800 Low Differential Pressure Switch for General Industrial Service"}]},{"@type":"WebSite","@id":"https:\/\/integralelektronik.com\/#website","url":"https:\/\/integralelektronik.com\/","name":"\u0130ntegral Elektronik","description":"","publisher":{"@id":"https:\/\/integralelektronik.com\/#organization"},"potentialAction":[{"@type":"SearchAction","target":{"@type":"EntryPoint","urlTemplate":"https:\/\/integralelektronik.com\/?s={search_term_string}"},"query-input":{"@type":"PropertyValueSpecification","valueRequired":true,"valueName":"search_term_string"}}],"inLanguage":"tr"},{"@type":"Organization","@id":"https:\/\/integralelektronik.com\/#organization","name":"\u0130ntegral Elektronik","url":"https:\/\/integralelektronik.com\/","logo":{"@type":"ImageObject","inLanguage":"tr","@id":"https:\/\/integralelektronik.com\/#\/schema\/logo\/image\/","url":"https:\/\/integralelektronik.com\/wp-content\/uploads\/2020\/10\/logo.png","contentUrl":"https:\/\/integralelektronik.com\/wp-content\/uploads\/2020\/10\/logo.png","width":180,"height":90,"caption":"\u0130ntegral Elektronik"},"image":{"@id":"https:\/\/integralelektronik.com\/#\/schema\/logo\/image\/"}}]}},"_links":{"self":[{"href":"https:\/\/integralelektronik.com\/tr\/wp-json\/wp\/v2\/product\/9223"}],"collection":[{"href":"https:\/\/integralelektronik.com\/tr\/wp-json\/wp\/v2\/product"}],"about":[{"href":"https:\/\/integralelektronik.com\/tr\/wp-json\/wp\/v2\/types\/product"}],"replies":[{"embeddable":true,"href":"https:\/\/integralelektronik.com\/tr\/wp-json\/wp\/v2\/comments?post=9223"}],"wp:featuredmedia":[{"embeddable":true,"href":"https:\/\/integralelektronik.com\/tr\/wp-json\/wp\/v2\/media\/9119"}],"wp:attachment":[{"href":"https:\/\/integralelektronik.com\/tr\/wp-json\/wp\/v2\/media?parent=9223"}],"wp:term":[{"taxonomy":"product_brand","embeddable":true,"href":"https:\/\/integralelektronik.com\/tr\/wp-json\/wp\/v2\/product_brand?post=9223"},{"taxonomy":"product_cat","embeddable":true,"href":"https:\/\/integralelektronik.com\/tr\/wp-json\/wp\/v2\/product_cat?post=9223"},{"taxonomy":"product_tag","embeddable":true,"href":"https:\/\/integralelektronik.com\/tr\/wp-json\/wp\/v2\/product_tag?post=9223"}],"curies":[{"name":"wp","href":"https:\/\/api.w.org\/{rel}","templated":true}]}}