{"id":9216,"date":"2021-03-02T23:23:18","date_gmt":"2021-03-02T20:23:18","guid":{"rendered":"https:\/\/integralelektronik.com\/?post_type=product&#038;p=9216"},"modified":"2021-03-02T23:23:18","modified_gmt":"2021-03-02T20:23:18","slug":"dwyer-series-1950g-explosion-proof-differential-pressure-switch","status":"publish","type":"product","link":"https:\/\/integralelektronik.com\/tr\/product\/dwyer-series-1950g-explosion-proof-differential-pressure-switch\/","title":{"rendered":"DWYER Series 1950G Explosion-proof Differential Pressure Switch"},"content":{"rendered":"<p><b><span>1950G Serisi Patlamaya Dayan\u0131kl\u0131 Diferansiyel Bas\u0131n\u00e7 \u015ealteri<\/span><\/b><span>\u00a0\u00a0, pop\u00fcler Dwyer\u00ae Serisi 1950 Bas\u0131n\u00e7 \u015ealterinin en iyi \u00f6zelliklerini do\u011fal gaz uyumlulu\u011fu avantaj\u0131yla birle\u015ftirir.\u00a0\u00dcniteler d\u0131\u015f mekan kurulumlar\u0131 i\u00e7in ya\u011fmur ge\u00e7irmezdir ve S\u0131n\u0131f I, Grup A, B, C ve D&#8217;de kullan\u0131m i\u00e7in UL&#8217;de listelenmi\u015ftir;\u00a0S\u0131n\u0131f II, Grup E, F ve G ve S\u0131n\u0131f III atmosferler, Direktif 2014\/34 \/ EU (ATEX) 2813 II 2G Ex db IIB + H\u00a0<\/span><span>2\u00a0<\/span><span>\u00a0T6 i\u00e7in uyumlu, CSA ve FM Class I, Div.\u00a01, Grup B, C, D;\u00a0S\u0131n\u0131f II, B\u00f6l.\u00a01, Grup E, F, G ve S\u0131n\u0131f III atmosferler.\u00a0IECEx Ex db IIB + H\u00a0<\/span><span>2\u00a0<\/span><span>\u00a0\u00a0T6 (-40 \u00b0 C &lt;Ta &lt;+ 60 \u00b0 C).\u00a01950G \u00e7ok kompaktt\u0131r, e\u015fde\u011fer geleneksel patlamaya dayan\u0131kl\u0131 anahtarlar\u0131n yakla\u015f\u0131k yar\u0131s\u0131 a\u011f\u0131rl\u0131\u011f\u0131nda ve b\u00fcy\u00fckl\u00fc\u011f\u00fcndedir.<\/span><br \/>\n<span>Al\u00fcminyum muhafazan\u0131n \u00fcst plakas\u0131 \u00e7\u0131kar\u0131larak SPDT r\u00f6lesine ve g\u00fc\u00e7 kayna\u011f\u0131 terminallerine kolay eri\u015fim sa\u011flan\u0131r.\u00a024 VDC, 120 veya 240 VAC besleme gerilimi gereklidir.\u00a0Sabit bir vida, \u00fcniteye tak\u0131l\u0131 kal\u0131rken kapa\u011f\u0131n yana d\u00f6nmesini sa\u011flar.\u00a0Anahtar\u0131n ayar noktas\u0131na ayar, mahfaza s\u00f6k\u00fclmeden yap\u0131labilir.<\/span><\/p>\n","protected":false},"excerpt":{"rendered":"<h2><span>Stok Kodu: 1950G-00-B-120-NA<\/span><\/h2>\n<h3 class=\"pdp-product-info__description\"><span>Patlamaya dayan\u0131kl\u0131 diferansiyel bas\u0131n\u00e7 anahtar\u0131, 0,07-0,15 \u2033 wc aral\u0131\u011f\u0131, yakl.\u00a0\u00d6l\u00fc bant<\/span><br \/>\n<span>min.\u00a0ayar noktas\u0131 .04, yakl.\u00a0\u00f6l\u00fc bant @ maks.\u00a0ayar noktas\u0131 .06.<\/span><\/h3>\n","protected":false},"featured_media":9144,"comment_status":"open","ping_status":"closed","template":"","meta":[],"product_brand":[],"product_cat":[574,575],"product_tag":[],"class_list":{"0":"post-9216","1":"product","2":"type-product","3":"status-publish","4":"has-post-thumbnail","6":"product_cat-dwyer-tr","7":"product_cat-fark-basinc-anahtari","9":"first","10":"instock","11":"shipping-taxable","12":"product-type-simple"},"yoast_head":"<!-- This site is optimized with the Yoast SEO plugin v24.3 - https:\/\/yoast.com\/wordpress\/plugins\/seo\/ -->\n<title>DWYER Series 1950G Explosion-proof Differential Pressure Switch - \u0130ntegral Elektronik<\/title>\n<meta name=\"robots\" content=\"index, follow, max-snippet:-1, max-image-preview:large, max-video-preview:-1\" \/>\n<link rel=\"canonical\" href=\"https:\/\/integralelektronik.com\/tr\/product\/dwyer-series-1950g-explosion-proof-differential-pressure-switch\/\" \/>\n<meta property=\"og:locale\" content=\"tr_TR\" \/>\n<meta property=\"og:type\" content=\"article\" \/>\n<meta property=\"og:title\" content=\"DWYER Series 1950G Explosion-proof Differential Pressure Switch - \u0130ntegral Elektronik\" \/>\n<meta property=\"og:description\" content=\"Stok Kodu: 1950G-00-B-120-NA Patlamaya dayan\u0131kl\u0131 diferansiyel bas\u0131n\u00e7 anahtar\u0131, 0,07-0,15 \u2033 wc aral\u0131\u011f\u0131, yakl.\u00a0\u00d6l\u00fc bant min.\u00a0ayar noktas\u0131 .04, yakl.\u00a0\u00f6l\u00fc bant @ maks.\u00a0ayar noktas\u0131 .06.\" \/>\n<meta property=\"og:url\" content=\"https:\/\/integralelektronik.com\/tr\/product\/dwyer-series-1950g-explosion-proof-differential-pressure-switch\/\" \/>\n<meta property=\"og:site_name\" content=\"\u0130ntegral Elektronik\" \/>\n<meta property=\"og:image\" content=\"https:\/\/integralelektronik.com\/wp-content\/uploads\/2021\/03\/1950G_600x600.gif\" \/>\n\t<meta property=\"og:image:width\" content=\"600\" \/>\n\t<meta property=\"og:image:height\" content=\"600\" \/>\n\t<meta property=\"og:image:type\" content=\"image\/gif\" \/>\n<meta name=\"twitter:card\" content=\"summary_large_image\" \/>\n<meta name=\"twitter:label1\" content=\"Tahmini okuma s\u00fcresi\" \/>\n\t<meta name=\"twitter:data1\" content=\"1 dakika\" \/>\n<script type=\"application\/ld+json\" class=\"yoast-schema-graph\">{\"@context\":\"https:\/\/schema.org\",\"@graph\":[{\"@type\":\"WebPage\",\"@id\":\"https:\/\/integralelektronik.com\/tr\/product\/dwyer-series-1950g-explosion-proof-differential-pressure-switch\/\",\"url\":\"https:\/\/integralelektronik.com\/tr\/product\/dwyer-series-1950g-explosion-proof-differential-pressure-switch\/\",\"name\":\"DWYER Series 1950G Explosion-proof Differential Pressure Switch - \u0130ntegral Elektronik\",\"isPartOf\":{\"@id\":\"https:\/\/integralelektronik.com\/#website\"},\"primaryImageOfPage\":{\"@id\":\"https:\/\/integralelektronik.com\/tr\/product\/dwyer-series-1950g-explosion-proof-differential-pressure-switch\/#primaryimage\"},\"image\":{\"@id\":\"https:\/\/integralelektronik.com\/tr\/product\/dwyer-series-1950g-explosion-proof-differential-pressure-switch\/#primaryimage\"},\"thumbnailUrl\":\"https:\/\/integralelektronik.com\/wp-content\/uploads\/2021\/03\/1950G_600x600.gif\",\"datePublished\":\"2021-03-02T20:23:18+00:00\",\"dateModified\":\"2021-03-02T20:23:18+00:00\",\"breadcrumb\":{\"@id\":\"https:\/\/integralelektronik.com\/tr\/product\/dwyer-series-1950g-explosion-proof-differential-pressure-switch\/#breadcrumb\"},\"inLanguage\":\"tr\",\"potentialAction\":[{\"@type\":\"ReadAction\",\"target\":[\"https:\/\/integralelektronik.com\/tr\/product\/dwyer-series-1950g-explosion-proof-differential-pressure-switch\/\"]}]},{\"@type\":\"ImageObject\",\"inLanguage\":\"tr\",\"@id\":\"https:\/\/integralelektronik.com\/tr\/product\/dwyer-series-1950g-explosion-proof-differential-pressure-switch\/#primaryimage\",\"url\":\"https:\/\/integralelektronik.com\/wp-content\/uploads\/2021\/03\/1950G_600x600.gif\",\"contentUrl\":\"https:\/\/integralelektronik.com\/wp-content\/uploads\/2021\/03\/1950G_600x600.gif\",\"width\":600,\"height\":600},{\"@type\":\"BreadcrumbList\",\"@id\":\"https:\/\/integralelektronik.com\/tr\/product\/dwyer-series-1950g-explosion-proof-differential-pressure-switch\/#breadcrumb\",\"itemListElement\":[{\"@type\":\"ListItem\",\"position\":1,\"name\":\"Home\",\"item\":\"https:\/\/integralelektronik.com\/tr\/\"},{\"@type\":\"ListItem\",\"position\":2,\"name\":\"Shop\",\"item\":\"https:\/\/integralelektronik.com\/shop\/\"},{\"@type\":\"ListItem\",\"position\":3,\"name\":\"DWYER Series 1950G Explosion-proof Differential Pressure Switch\"}]},{\"@type\":\"WebSite\",\"@id\":\"https:\/\/integralelektronik.com\/#website\",\"url\":\"https:\/\/integralelektronik.com\/\",\"name\":\"\u0130ntegral Elektronik\",\"description\":\"\",\"publisher\":{\"@id\":\"https:\/\/integralelektronik.com\/#organization\"},\"potentialAction\":[{\"@type\":\"SearchAction\",\"target\":{\"@type\":\"EntryPoint\",\"urlTemplate\":\"https:\/\/integralelektronik.com\/?s={search_term_string}\"},\"query-input\":{\"@type\":\"PropertyValueSpecification\",\"valueRequired\":true,\"valueName\":\"search_term_string\"}}],\"inLanguage\":\"tr\"},{\"@type\":\"Organization\",\"@id\":\"https:\/\/integralelektronik.com\/#organization\",\"name\":\"\u0130ntegral Elektronik\",\"url\":\"https:\/\/integralelektronik.com\/\",\"logo\":{\"@type\":\"ImageObject\",\"inLanguage\":\"tr\",\"@id\":\"https:\/\/integralelektronik.com\/#\/schema\/logo\/image\/\",\"url\":\"https:\/\/integralelektronik.com\/wp-content\/uploads\/2020\/10\/logo.png\",\"contentUrl\":\"https:\/\/integralelektronik.com\/wp-content\/uploads\/2020\/10\/logo.png\",\"width\":180,\"height\":90,\"caption\":\"\u0130ntegral Elektronik\"},\"image\":{\"@id\":\"https:\/\/integralelektronik.com\/#\/schema\/logo\/image\/\"}}]}<\/script>\n<!-- \/ Yoast SEO plugin. -->","yoast_head_json":{"title":"DWYER Series 1950G Explosion-proof Differential Pressure Switch - \u0130ntegral Elektronik","robots":{"index":"index","follow":"follow","max-snippet":"max-snippet:-1","max-image-preview":"max-image-preview:large","max-video-preview":"max-video-preview:-1"},"canonical":"https:\/\/integralelektronik.com\/tr\/product\/dwyer-series-1950g-explosion-proof-differential-pressure-switch\/","og_locale":"tr_TR","og_type":"article","og_title":"DWYER Series 1950G Explosion-proof Differential Pressure Switch - \u0130ntegral Elektronik","og_description":"Stok Kodu: 1950G-00-B-120-NA Patlamaya dayan\u0131kl\u0131 diferansiyel bas\u0131n\u00e7 anahtar\u0131, 0,07-0,15 \u2033 wc aral\u0131\u011f\u0131, yakl.\u00a0\u00d6l\u00fc bant min.\u00a0ayar noktas\u0131 .04, yakl.\u00a0\u00f6l\u00fc bant @ maks.\u00a0ayar noktas\u0131 .06.","og_url":"https:\/\/integralelektronik.com\/tr\/product\/dwyer-series-1950g-explosion-proof-differential-pressure-switch\/","og_site_name":"\u0130ntegral Elektronik","og_image":[{"width":600,"height":600,"url":"https:\/\/integralelektronik.com\/wp-content\/uploads\/2021\/03\/1950G_600x600.gif","type":"image\/gif"}],"twitter_card":"summary_large_image","twitter_misc":{"Tahmini okuma s\u00fcresi":"1 dakika"},"schema":{"@context":"https:\/\/schema.org","@graph":[{"@type":"WebPage","@id":"https:\/\/integralelektronik.com\/tr\/product\/dwyer-series-1950g-explosion-proof-differential-pressure-switch\/","url":"https:\/\/integralelektronik.com\/tr\/product\/dwyer-series-1950g-explosion-proof-differential-pressure-switch\/","name":"DWYER Series 1950G Explosion-proof Differential Pressure Switch - \u0130ntegral Elektronik","isPartOf":{"@id":"https:\/\/integralelektronik.com\/#website"},"primaryImageOfPage":{"@id":"https:\/\/integralelektronik.com\/tr\/product\/dwyer-series-1950g-explosion-proof-differential-pressure-switch\/#primaryimage"},"image":{"@id":"https:\/\/integralelektronik.com\/tr\/product\/dwyer-series-1950g-explosion-proof-differential-pressure-switch\/#primaryimage"},"thumbnailUrl":"https:\/\/integralelektronik.com\/wp-content\/uploads\/2021\/03\/1950G_600x600.gif","datePublished":"2021-03-02T20:23:18+00:00","dateModified":"2021-03-02T20:23:18+00:00","breadcrumb":{"@id":"https:\/\/integralelektronik.com\/tr\/product\/dwyer-series-1950g-explosion-proof-differential-pressure-switch\/#breadcrumb"},"inLanguage":"tr","potentialAction":[{"@type":"ReadAction","target":["https:\/\/integralelektronik.com\/tr\/product\/dwyer-series-1950g-explosion-proof-differential-pressure-switch\/"]}]},{"@type":"ImageObject","inLanguage":"tr","@id":"https:\/\/integralelektronik.com\/tr\/product\/dwyer-series-1950g-explosion-proof-differential-pressure-switch\/#primaryimage","url":"https:\/\/integralelektronik.com\/wp-content\/uploads\/2021\/03\/1950G_600x600.gif","contentUrl":"https:\/\/integralelektronik.com\/wp-content\/uploads\/2021\/03\/1950G_600x600.gif","width":600,"height":600},{"@type":"BreadcrumbList","@id":"https:\/\/integralelektronik.com\/tr\/product\/dwyer-series-1950g-explosion-proof-differential-pressure-switch\/#breadcrumb","itemListElement":[{"@type":"ListItem","position":1,"name":"Home","item":"https:\/\/integralelektronik.com\/tr\/"},{"@type":"ListItem","position":2,"name":"Shop","item":"https:\/\/integralelektronik.com\/shop\/"},{"@type":"ListItem","position":3,"name":"DWYER Series 1950G Explosion-proof Differential Pressure Switch"}]},{"@type":"WebSite","@id":"https:\/\/integralelektronik.com\/#website","url":"https:\/\/integralelektronik.com\/","name":"\u0130ntegral Elektronik","description":"","publisher":{"@id":"https:\/\/integralelektronik.com\/#organization"},"potentialAction":[{"@type":"SearchAction","target":{"@type":"EntryPoint","urlTemplate":"https:\/\/integralelektronik.com\/?s={search_term_string}"},"query-input":{"@type":"PropertyValueSpecification","valueRequired":true,"valueName":"search_term_string"}}],"inLanguage":"tr"},{"@type":"Organization","@id":"https:\/\/integralelektronik.com\/#organization","name":"\u0130ntegral Elektronik","url":"https:\/\/integralelektronik.com\/","logo":{"@type":"ImageObject","inLanguage":"tr","@id":"https:\/\/integralelektronik.com\/#\/schema\/logo\/image\/","url":"https:\/\/integralelektronik.com\/wp-content\/uploads\/2020\/10\/logo.png","contentUrl":"https:\/\/integralelektronik.com\/wp-content\/uploads\/2020\/10\/logo.png","width":180,"height":90,"caption":"\u0130ntegral Elektronik"},"image":{"@id":"https:\/\/integralelektronik.com\/#\/schema\/logo\/image\/"}}]}},"_links":{"self":[{"href":"https:\/\/integralelektronik.com\/tr\/wp-json\/wp\/v2\/product\/9216"}],"collection":[{"href":"https:\/\/integralelektronik.com\/tr\/wp-json\/wp\/v2\/product"}],"about":[{"href":"https:\/\/integralelektronik.com\/tr\/wp-json\/wp\/v2\/types\/product"}],"replies":[{"embeddable":true,"href":"https:\/\/integralelektronik.com\/tr\/wp-json\/wp\/v2\/comments?post=9216"}],"wp:featuredmedia":[{"embeddable":true,"href":"https:\/\/integralelektronik.com\/tr\/wp-json\/wp\/v2\/media\/9144"}],"wp:attachment":[{"href":"https:\/\/integralelektronik.com\/tr\/wp-json\/wp\/v2\/media?parent=9216"}],"wp:term":[{"taxonomy":"product_brand","embeddable":true,"href":"https:\/\/integralelektronik.com\/tr\/wp-json\/wp\/v2\/product_brand?post=9216"},{"taxonomy":"product_cat","embeddable":true,"href":"https:\/\/integralelektronik.com\/tr\/wp-json\/wp\/v2\/product_cat?post=9216"},{"taxonomy":"product_tag","embeddable":true,"href":"https:\/\/integralelektronik.com\/tr\/wp-json\/wp\/v2\/product_tag?post=9216"}],"curies":[{"name":"wp","href":"https:\/\/api.w.org\/{rel}","templated":true}]}}