{"id":9214,"date":"2021-03-02T23:21:48","date_gmt":"2021-03-02T20:21:48","guid":{"rendered":"https:\/\/integralelektronik.com\/?post_type=product&#038;p=9214"},"modified":"2024-01-27T20:29:27","modified_gmt":"2024-01-27T17:29:27","slug":"dwyer-series-1640-floating-contact-null-switch-for-high-and-low-actuation","status":"publish","type":"product","link":"https:\/\/integralelektronik.com\/tr\/product\/dwyer-series-1640-floating-contact-null-switch-for-high-and-low-actuation\/","title":{"rendered":"DWYER Series 1640 Floating Contact Null Switch for High and Low Actuation"},"content":{"rendered":"<p><b><span><span class=\"\">1640 Serisi&#8217;ndeki<\/span><\/span><\/b><span><span class=\"\">\u00a0benzersiz elektrik anahtar\u0131 tasar\u0131m\u0131\u00a0\u00a0<\/span><span class=\"\">\u00a0, bir ba\u015fka Dwyer Instrument, Inc. yenili\u011fidir.\u00a0<\/span>Dwyer\u00ae Serisi 1640 Diferansiyel Bas\u0131n\u00e7 Anahtar\u0131, 1630 Serisi anahtarlara benzer.\u00a0Bununla birlikte, 1640 Serisi tek kutuplu, \u00e7ift y\u00f6nl\u00fc y\u00fczer kontak anahtar\u0131 (h\u0131zl\u0131 hareket etmeyen) ile donat\u0131lm\u0131\u015ft\u0131r, bu nedenle bo\u015f anahtar olarak i\u015flev g\u00f6r\u00fcr.<\/span><\/p>\n<p><span>Diyafram, bas\u0131n\u00e7 de\u011fi\u015fikliklerine yan\u0131t olarak hareket ederken, bu noktalar aras\u0131nda hi\u00e7bir anahtarlama eylemi olmaks\u0131z\u0131n iki \u00f6n ayarl\u0131 noktada anahtarlama eylemine neden olmak i\u00e7in y\u00fczer konta\u011f\u0131 hareket ettirir.\u00a0Y\u00fckselen bas\u0131n\u00e7 fark\u0131 \u00f6nceden ayarlanm\u0131\u015f seviyeye ula\u015ft\u0131\u011f\u0131nda &#8220;y\u00fcksek&#8221; devre kapanacakt\u0131r.\u00a0D\u00fc\u015fen bas\u0131n\u00e7 fark\u0131 \u00f6nceden ayarlanm\u0131\u015f seviyeye ula\u015ft\u0131\u011f\u0131nda &#8220;d\u00fc\u015f\u00fck&#8221; devre kapanacakt\u0131r.<\/span><\/p>\n<p><span>Tipik bir kullan\u0131m \u00f6rne\u011fi, bir kanal sistemindeki statik bas\u0131n\u00e7 istenen maksimuma ula\u015ft\u0131\u011f\u0131nda motorlu damperleri konumland\u0131rmak ve statik bas\u0131n\u00e7 \u00f6nceden belirlenmi\u015f bir minimuma d\u00fc\u015ft\u00fc\u011f\u00fcnde damperleri yeniden konumland\u0131rmakt\u0131r.\u00a0Bir Pitot t\u00fcp alg\u0131lama eleman\u0131 kullanarak, 1640 Serisi anahtar, hava h\u0131z\u0131n\u0131 kontrol etmek ve bir besleme kanal\u0131nda sabit bir hava hacmini korumak i\u00e7in ayn\u0131 \u015fekilde hizmet edebilir.<\/span><\/p>\n","protected":false},"excerpt":{"rendered":"<h2><span>Stok Kodu: 1640-0<\/span><\/h2>\n<h3 class=\"pdp-product-info__description\"><span>Y\u00fczer kontak s\u0131f\u0131r anahtar\u0131, 0,01-0,2 \u2033 wc aral\u0131\u011f\u0131, s\u0131f.\u00a0bo\u015f aral\u0131k, .01 dak.\u00a0set, .03 maks.\u00a0Ayarlamak.<\/span><\/h3>\n","protected":false},"featured_media":9156,"comment_status":"open","ping_status":"closed","template":"","meta":[],"product_brand":[],"product_cat":[574,575],"product_tag":[],"class_list":{"0":"post-9214","1":"product","2":"type-product","3":"status-publish","4":"has-post-thumbnail","6":"product_cat-dwyer-tr","7":"product_cat-fark-basinc-anahtari","9":"first","10":"instock","11":"shipping-taxable","12":"product-type-simple"},"yoast_head":"<!-- This site is optimized with the Yoast SEO plugin v24.3 - https:\/\/yoast.com\/wordpress\/plugins\/seo\/ -->\n<title>DWYER Series 1640 Floating Contact Null Switch for High and Low Actuation - \u0130ntegral Elektronik<\/title>\n<meta name=\"robots\" content=\"index, follow, max-snippet:-1, max-image-preview:large, max-video-preview:-1\" \/>\n<link rel=\"canonical\" href=\"https:\/\/integralelektronik.com\/tr\/product\/dwyer-series-1640-floating-contact-null-switch-for-high-and-low-actuation\/\" \/>\n<meta property=\"og:locale\" content=\"tr_TR\" \/>\n<meta property=\"og:type\" content=\"article\" \/>\n<meta property=\"og:title\" content=\"DWYER Series 1640 Floating Contact Null Switch for High and Low Actuation - \u0130ntegral Elektronik\" \/>\n<meta property=\"og:description\" content=\"Stok Kodu: 1640-0 Y\u00fczer kontak s\u0131f\u0131r anahtar\u0131, 0,01-0,2 \u2033 wc aral\u0131\u011f\u0131, s\u0131f.\u00a0bo\u015f aral\u0131k, .01 dak.\u00a0set, .03 maks.\u00a0Ayarlamak.\" \/>\n<meta property=\"og:url\" content=\"https:\/\/integralelektronik.com\/tr\/product\/dwyer-series-1640-floating-contact-null-switch-for-high-and-low-actuation\/\" \/>\n<meta property=\"og:site_name\" content=\"\u0130ntegral Elektronik\" \/>\n<meta property=\"article:modified_time\" content=\"2024-01-27T17:29:27+00:00\" \/>\n<meta property=\"og:image\" content=\"https:\/\/integralelektronik.com\/wp-content\/uploads\/2021\/03\/1640_1_Angle_1000x1000.gif\" \/>\n\t<meta property=\"og:image:width\" content=\"1000\" \/>\n\t<meta property=\"og:image:height\" content=\"1000\" \/>\n\t<meta property=\"og:image:type\" content=\"image\/gif\" \/>\n<meta name=\"twitter:card\" content=\"summary_large_image\" \/>\n<meta name=\"twitter:label1\" content=\"Tahmini okuma s\u00fcresi\" \/>\n\t<meta name=\"twitter:data1\" content=\"1 dakika\" \/>\n<script type=\"application\/ld+json\" class=\"yoast-schema-graph\">{\"@context\":\"https:\/\/schema.org\",\"@graph\":[{\"@type\":\"WebPage\",\"@id\":\"https:\/\/integralelektronik.com\/tr\/product\/dwyer-series-1640-floating-contact-null-switch-for-high-and-low-actuation\/\",\"url\":\"https:\/\/integralelektronik.com\/tr\/product\/dwyer-series-1640-floating-contact-null-switch-for-high-and-low-actuation\/\",\"name\":\"DWYER Series 1640 Floating Contact Null Switch for High and Low Actuation - \u0130ntegral Elektronik\",\"isPartOf\":{\"@id\":\"https:\/\/integralelektronik.com\/#website\"},\"primaryImageOfPage\":{\"@id\":\"https:\/\/integralelektronik.com\/tr\/product\/dwyer-series-1640-floating-contact-null-switch-for-high-and-low-actuation\/#primaryimage\"},\"image\":{\"@id\":\"https:\/\/integralelektronik.com\/tr\/product\/dwyer-series-1640-floating-contact-null-switch-for-high-and-low-actuation\/#primaryimage\"},\"thumbnailUrl\":\"https:\/\/integralelektronik.com\/wp-content\/uploads\/2021\/03\/1640_1_Angle_1000x1000.gif\",\"datePublished\":\"2021-03-02T20:21:48+00:00\",\"dateModified\":\"2024-01-27T17:29:27+00:00\",\"breadcrumb\":{\"@id\":\"https:\/\/integralelektronik.com\/tr\/product\/dwyer-series-1640-floating-contact-null-switch-for-high-and-low-actuation\/#breadcrumb\"},\"inLanguage\":\"tr\",\"potentialAction\":[{\"@type\":\"ReadAction\",\"target\":[\"https:\/\/integralelektronik.com\/tr\/product\/dwyer-series-1640-floating-contact-null-switch-for-high-and-low-actuation\/\"]}]},{\"@type\":\"ImageObject\",\"inLanguage\":\"tr\",\"@id\":\"https:\/\/integralelektronik.com\/tr\/product\/dwyer-series-1640-floating-contact-null-switch-for-high-and-low-actuation\/#primaryimage\",\"url\":\"https:\/\/integralelektronik.com\/wp-content\/uploads\/2021\/03\/1640_1_Angle_1000x1000.gif\",\"contentUrl\":\"https:\/\/integralelektronik.com\/wp-content\/uploads\/2021\/03\/1640_1_Angle_1000x1000.gif\",\"width\":1000,\"height\":1000},{\"@type\":\"BreadcrumbList\",\"@id\":\"https:\/\/integralelektronik.com\/tr\/product\/dwyer-series-1640-floating-contact-null-switch-for-high-and-low-actuation\/#breadcrumb\",\"itemListElement\":[{\"@type\":\"ListItem\",\"position\":1,\"name\":\"Home\",\"item\":\"https:\/\/integralelektronik.com\/tr\/\"},{\"@type\":\"ListItem\",\"position\":2,\"name\":\"Shop\",\"item\":\"https:\/\/integralelektronik.com\/shop\/\"},{\"@type\":\"ListItem\",\"position\":3,\"name\":\"DWYER Series 1640 Floating Contact Null Switch for High and Low Actuation\"}]},{\"@type\":\"WebSite\",\"@id\":\"https:\/\/integralelektronik.com\/#website\",\"url\":\"https:\/\/integralelektronik.com\/\",\"name\":\"\u0130ntegral Elektronik\",\"description\":\"\",\"publisher\":{\"@id\":\"https:\/\/integralelektronik.com\/#organization\"},\"potentialAction\":[{\"@type\":\"SearchAction\",\"target\":{\"@type\":\"EntryPoint\",\"urlTemplate\":\"https:\/\/integralelektronik.com\/?s={search_term_string}\"},\"query-input\":{\"@type\":\"PropertyValueSpecification\",\"valueRequired\":true,\"valueName\":\"search_term_string\"}}],\"inLanguage\":\"tr\"},{\"@type\":\"Organization\",\"@id\":\"https:\/\/integralelektronik.com\/#organization\",\"name\":\"\u0130ntegral Elektronik\",\"url\":\"https:\/\/integralelektronik.com\/\",\"logo\":{\"@type\":\"ImageObject\",\"inLanguage\":\"tr\",\"@id\":\"https:\/\/integralelektronik.com\/#\/schema\/logo\/image\/\",\"url\":\"https:\/\/integralelektronik.com\/wp-content\/uploads\/2020\/10\/logo.png\",\"contentUrl\":\"https:\/\/integralelektronik.com\/wp-content\/uploads\/2020\/10\/logo.png\",\"width\":180,\"height\":90,\"caption\":\"\u0130ntegral Elektronik\"},\"image\":{\"@id\":\"https:\/\/integralelektronik.com\/#\/schema\/logo\/image\/\"}}]}<\/script>\n<!-- \/ Yoast SEO plugin. -->","yoast_head_json":{"title":"DWYER Series 1640 Floating Contact Null Switch for High and Low Actuation - \u0130ntegral Elektronik","robots":{"index":"index","follow":"follow","max-snippet":"max-snippet:-1","max-image-preview":"max-image-preview:large","max-video-preview":"max-video-preview:-1"},"canonical":"https:\/\/integralelektronik.com\/tr\/product\/dwyer-series-1640-floating-contact-null-switch-for-high-and-low-actuation\/","og_locale":"tr_TR","og_type":"article","og_title":"DWYER Series 1640 Floating Contact Null Switch for High and Low Actuation - \u0130ntegral Elektronik","og_description":"Stok Kodu: 1640-0 Y\u00fczer kontak s\u0131f\u0131r anahtar\u0131, 0,01-0,2 \u2033 wc aral\u0131\u011f\u0131, s\u0131f.\u00a0bo\u015f aral\u0131k, .01 dak.\u00a0set, .03 maks.\u00a0Ayarlamak.","og_url":"https:\/\/integralelektronik.com\/tr\/product\/dwyer-series-1640-floating-contact-null-switch-for-high-and-low-actuation\/","og_site_name":"\u0130ntegral Elektronik","article_modified_time":"2024-01-27T17:29:27+00:00","og_image":[{"width":1000,"height":1000,"url":"https:\/\/integralelektronik.com\/wp-content\/uploads\/2021\/03\/1640_1_Angle_1000x1000.gif","type":"image\/gif"}],"twitter_card":"summary_large_image","twitter_misc":{"Tahmini okuma s\u00fcresi":"1 dakika"},"schema":{"@context":"https:\/\/schema.org","@graph":[{"@type":"WebPage","@id":"https:\/\/integralelektronik.com\/tr\/product\/dwyer-series-1640-floating-contact-null-switch-for-high-and-low-actuation\/","url":"https:\/\/integralelektronik.com\/tr\/product\/dwyer-series-1640-floating-contact-null-switch-for-high-and-low-actuation\/","name":"DWYER Series 1640 Floating Contact Null Switch for High and Low Actuation - \u0130ntegral Elektronik","isPartOf":{"@id":"https:\/\/integralelektronik.com\/#website"},"primaryImageOfPage":{"@id":"https:\/\/integralelektronik.com\/tr\/product\/dwyer-series-1640-floating-contact-null-switch-for-high-and-low-actuation\/#primaryimage"},"image":{"@id":"https:\/\/integralelektronik.com\/tr\/product\/dwyer-series-1640-floating-contact-null-switch-for-high-and-low-actuation\/#primaryimage"},"thumbnailUrl":"https:\/\/integralelektronik.com\/wp-content\/uploads\/2021\/03\/1640_1_Angle_1000x1000.gif","datePublished":"2021-03-02T20:21:48+00:00","dateModified":"2024-01-27T17:29:27+00:00","breadcrumb":{"@id":"https:\/\/integralelektronik.com\/tr\/product\/dwyer-series-1640-floating-contact-null-switch-for-high-and-low-actuation\/#breadcrumb"},"inLanguage":"tr","potentialAction":[{"@type":"ReadAction","target":["https:\/\/integralelektronik.com\/tr\/product\/dwyer-series-1640-floating-contact-null-switch-for-high-and-low-actuation\/"]}]},{"@type":"ImageObject","inLanguage":"tr","@id":"https:\/\/integralelektronik.com\/tr\/product\/dwyer-series-1640-floating-contact-null-switch-for-high-and-low-actuation\/#primaryimage","url":"https:\/\/integralelektronik.com\/wp-content\/uploads\/2021\/03\/1640_1_Angle_1000x1000.gif","contentUrl":"https:\/\/integralelektronik.com\/wp-content\/uploads\/2021\/03\/1640_1_Angle_1000x1000.gif","width":1000,"height":1000},{"@type":"BreadcrumbList","@id":"https:\/\/integralelektronik.com\/tr\/product\/dwyer-series-1640-floating-contact-null-switch-for-high-and-low-actuation\/#breadcrumb","itemListElement":[{"@type":"ListItem","position":1,"name":"Home","item":"https:\/\/integralelektronik.com\/tr\/"},{"@type":"ListItem","position":2,"name":"Shop","item":"https:\/\/integralelektronik.com\/shop\/"},{"@type":"ListItem","position":3,"name":"DWYER Series 1640 Floating Contact Null Switch for High and Low Actuation"}]},{"@type":"WebSite","@id":"https:\/\/integralelektronik.com\/#website","url":"https:\/\/integralelektronik.com\/","name":"\u0130ntegral Elektronik","description":"","publisher":{"@id":"https:\/\/integralelektronik.com\/#organization"},"potentialAction":[{"@type":"SearchAction","target":{"@type":"EntryPoint","urlTemplate":"https:\/\/integralelektronik.com\/?s={search_term_string}"},"query-input":{"@type":"PropertyValueSpecification","valueRequired":true,"valueName":"search_term_string"}}],"inLanguage":"tr"},{"@type":"Organization","@id":"https:\/\/integralelektronik.com\/#organization","name":"\u0130ntegral Elektronik","url":"https:\/\/integralelektronik.com\/","logo":{"@type":"ImageObject","inLanguage":"tr","@id":"https:\/\/integralelektronik.com\/#\/schema\/logo\/image\/","url":"https:\/\/integralelektronik.com\/wp-content\/uploads\/2020\/10\/logo.png","contentUrl":"https:\/\/integralelektronik.com\/wp-content\/uploads\/2020\/10\/logo.png","width":180,"height":90,"caption":"\u0130ntegral Elektronik"},"image":{"@id":"https:\/\/integralelektronik.com\/#\/schema\/logo\/image\/"}}]}},"_links":{"self":[{"href":"https:\/\/integralelektronik.com\/tr\/wp-json\/wp\/v2\/product\/9214"}],"collection":[{"href":"https:\/\/integralelektronik.com\/tr\/wp-json\/wp\/v2\/product"}],"about":[{"href":"https:\/\/integralelektronik.com\/tr\/wp-json\/wp\/v2\/types\/product"}],"replies":[{"embeddable":true,"href":"https:\/\/integralelektronik.com\/tr\/wp-json\/wp\/v2\/comments?post=9214"}],"wp:featuredmedia":[{"embeddable":true,"href":"https:\/\/integralelektronik.com\/tr\/wp-json\/wp\/v2\/media\/9156"}],"wp:attachment":[{"href":"https:\/\/integralelektronik.com\/tr\/wp-json\/wp\/v2\/media?parent=9214"}],"wp:term":[{"taxonomy":"product_brand","embeddable":true,"href":"https:\/\/integralelektronik.com\/tr\/wp-json\/wp\/v2\/product_brand?post=9214"},{"taxonomy":"product_cat","embeddable":true,"href":"https:\/\/integralelektronik.com\/tr\/wp-json\/wp\/v2\/product_cat?post=9214"},{"taxonomy":"product_tag","embeddable":true,"href":"https:\/\/integralelektronik.com\/tr\/wp-json\/wp\/v2\/product_tag?post=9214"}],"curies":[{"name":"wp","href":"https:\/\/api.w.org\/{rel}","templated":true}]}}