{"id":9212,"date":"2021-03-02T23:20:07","date_gmt":"2021-03-02T20:20:07","guid":{"rendered":"https:\/\/integralelektronik.com\/?post_type=product&#038;p=9212"},"modified":"2021-03-02T23:20:07","modified_gmt":"2021-03-02T20:20:07","slug":"dwyer-series-pg-gas-pressure-differential-pressure-switch","status":"publish","type":"product","link":"https:\/\/integralelektronik.com\/tr\/product\/dwyer-series-pg-gas-pressure-differential-pressure-switch\/","title":{"rendered":"DWYER Series PG Gas Pressure\/Differential Pressure Switch"},"content":{"rendered":"<p><span>B\u00fcy\u00fck, hassas diyafram ve g\u00fcvenilir, kan\u0131tlanm\u0131\u015f mekanik tasar\u0131m,\u00a0\u00a0<\/span><b><span>Seri PG Gaz Bas\u0131n\u00e7 \/ Diferansiyel Bas\u0131n\u00e7 Anahtarlar\u0131nda bir araya getirilmi\u015ftir<\/span><\/b><span>\u00a0.\u00a0Hava ve di\u011fer uyumlu gazlarla kullan\u0131m i\u00e7in, m\u00fckemmel \u00b1% 1 tam \u00f6l\u00e7ek tekrarlanabilirli\u011fi, net okunmas\u0131 kolay \u00f6l\u00e7ek ve uygun harici ayar noktas\u0131 ayar\u0131na sahiptirler.<\/span><\/p>\n<p><span>SPST, SPDT, DPST ve DPDT dahil olmak \u00fczere \u00e7ok \u00e7e\u015fitli anahtarlama se\u00e7enekleriyle uygulama esnekli\u011fi sa\u011flan\u0131r;\u00a0artan bas\u0131n\u00e7, vakum veya diferansiyelde a\u00e7ma veya kapama.\u00a0PR ve PRL modelleri, artan veya azalan bas\u0131n\u00e7ta manuel s\u0131f\u0131rlama i\u015flemi ekler.\u00a0Y\u00fcksek nemin sorun olabilece\u011fi yerlerde civa anahtarlar\u0131 veya hava ge\u00e7irmez \u015fekilde kapat\u0131lm\u0131\u015f yayl\u0131 anahtarlar mevcuttur.\u00a0Titre\u015fim veya di\u011fer fakt\u00f6rler c\u0131va kullan\u0131m\u0131n\u0131 engelliyorsa, h\u0131zl\u0131 anahtarlar sa\u011flanabilir.\u00a0Standart muhafaza NEMA 1&#8217;dir. Opsiyonel muhafazalar, hava \u015fartlar\u0131na ve patlamaya dayan\u0131kl\u0131l\u0131k gereksinimleri i\u00e7in sa\u011flanabilir.<\/span><\/p>\n","protected":false},"excerpt":{"rendered":"<h2><span>Stok Kodu: PG-153-P1<\/span><\/h2>\n<h3 class=\"pdp-product-info__description\"><span>Gaz bas\u0131n\u00e7 \/ diferansiyel bas\u0131n\u00e7 anahtar\u0131, 1-30 \u2033 su aral\u0131\u011f\u0131 (.25-7.47 kPa), maks.\u00a0\u00f6l\u00fc bant 1,9 \u2033 wc (0,47 kPa), SPDT c\u0131va anahtar\u0131.<\/span><\/h3>\n","protected":false},"featured_media":9160,"comment_status":"open","ping_status":"closed","template":"","meta":[],"product_brand":[],"product_cat":[574,575],"product_tag":[],"class_list":{"0":"post-9212","1":"product","2":"type-product","3":"status-publish","4":"has-post-thumbnail","6":"product_cat-dwyer-tr","7":"product_cat-fark-basinc-anahtari","9":"first","10":"instock","11":"shipping-taxable","12":"product-type-simple"},"yoast_head":"<!-- This site is optimized with the Yoast SEO plugin v24.3 - https:\/\/yoast.com\/wordpress\/plugins\/seo\/ -->\n<title>DWYER Series PG Gas Pressure\/Differential Pressure Switch - \u0130ntegral Elektronik<\/title>\n<meta name=\"robots\" content=\"index, follow, max-snippet:-1, max-image-preview:large, max-video-preview:-1\" \/>\n<link rel=\"canonical\" href=\"https:\/\/integralelektronik.com\/tr\/product\/dwyer-series-pg-gas-pressure-differential-pressure-switch\/\" \/>\n<meta property=\"og:locale\" content=\"tr_TR\" \/>\n<meta property=\"og:type\" content=\"article\" \/>\n<meta property=\"og:title\" content=\"DWYER Series PG Gas Pressure\/Differential Pressure Switch - \u0130ntegral Elektronik\" \/>\n<meta property=\"og:description\" content=\"Stok Kodu: PG-153-P1 Gaz bas\u0131n\u00e7 \/ diferansiyel bas\u0131n\u00e7 anahtar\u0131, 1-30 \u2033 su aral\u0131\u011f\u0131 (.25-7.47 kPa), maks.\u00a0\u00f6l\u00fc bant 1,9 \u2033 wc (0,47 kPa), SPDT c\u0131va anahtar\u0131.\" \/>\n<meta property=\"og:url\" content=\"https:\/\/integralelektronik.com\/tr\/product\/dwyer-series-pg-gas-pressure-differential-pressure-switch\/\" \/>\n<meta property=\"og:site_name\" content=\"\u0130ntegral Elektronik\" \/>\n<meta property=\"og:image\" content=\"https:\/\/integralelektronik.com\/wp-content\/uploads\/2021\/03\/PG_600x600.gif\" \/>\n\t<meta property=\"og:image:width\" content=\"600\" \/>\n\t<meta property=\"og:image:height\" content=\"600\" \/>\n\t<meta property=\"og:image:type\" content=\"image\/gif\" \/>\n<meta name=\"twitter:card\" content=\"summary_large_image\" \/>\n<meta name=\"twitter:label1\" content=\"Tahmini okuma s\u00fcresi\" \/>\n\t<meta name=\"twitter:data1\" content=\"1 dakika\" \/>\n<script type=\"application\/ld+json\" class=\"yoast-schema-graph\">{\"@context\":\"https:\/\/schema.org\",\"@graph\":[{\"@type\":\"WebPage\",\"@id\":\"https:\/\/integralelektronik.com\/tr\/product\/dwyer-series-pg-gas-pressure-differential-pressure-switch\/\",\"url\":\"https:\/\/integralelektronik.com\/tr\/product\/dwyer-series-pg-gas-pressure-differential-pressure-switch\/\",\"name\":\"DWYER Series PG Gas Pressure\/Differential Pressure Switch - \u0130ntegral Elektronik\",\"isPartOf\":{\"@id\":\"https:\/\/integralelektronik.com\/#website\"},\"primaryImageOfPage\":{\"@id\":\"https:\/\/integralelektronik.com\/tr\/product\/dwyer-series-pg-gas-pressure-differential-pressure-switch\/#primaryimage\"},\"image\":{\"@id\":\"https:\/\/integralelektronik.com\/tr\/product\/dwyer-series-pg-gas-pressure-differential-pressure-switch\/#primaryimage\"},\"thumbnailUrl\":\"https:\/\/integralelektronik.com\/wp-content\/uploads\/2021\/03\/PG_600x600.gif\",\"datePublished\":\"2021-03-02T20:20:07+00:00\",\"dateModified\":\"2021-03-02T20:20:07+00:00\",\"breadcrumb\":{\"@id\":\"https:\/\/integralelektronik.com\/tr\/product\/dwyer-series-pg-gas-pressure-differential-pressure-switch\/#breadcrumb\"},\"inLanguage\":\"tr\",\"potentialAction\":[{\"@type\":\"ReadAction\",\"target\":[\"https:\/\/integralelektronik.com\/tr\/product\/dwyer-series-pg-gas-pressure-differential-pressure-switch\/\"]}]},{\"@type\":\"ImageObject\",\"inLanguage\":\"tr\",\"@id\":\"https:\/\/integralelektronik.com\/tr\/product\/dwyer-series-pg-gas-pressure-differential-pressure-switch\/#primaryimage\",\"url\":\"https:\/\/integralelektronik.com\/wp-content\/uploads\/2021\/03\/PG_600x600.gif\",\"contentUrl\":\"https:\/\/integralelektronik.com\/wp-content\/uploads\/2021\/03\/PG_600x600.gif\",\"width\":600,\"height\":600},{\"@type\":\"BreadcrumbList\",\"@id\":\"https:\/\/integralelektronik.com\/tr\/product\/dwyer-series-pg-gas-pressure-differential-pressure-switch\/#breadcrumb\",\"itemListElement\":[{\"@type\":\"ListItem\",\"position\":1,\"name\":\"Home\",\"item\":\"https:\/\/integralelektronik.com\/tr\/\"},{\"@type\":\"ListItem\",\"position\":2,\"name\":\"Shop\",\"item\":\"https:\/\/integralelektronik.com\/shop\/\"},{\"@type\":\"ListItem\",\"position\":3,\"name\":\"DWYER Series PG Gas Pressure\/Differential Pressure Switch\"}]},{\"@type\":\"WebSite\",\"@id\":\"https:\/\/integralelektronik.com\/#website\",\"url\":\"https:\/\/integralelektronik.com\/\",\"name\":\"\u0130ntegral Elektronik\",\"description\":\"\",\"publisher\":{\"@id\":\"https:\/\/integralelektronik.com\/#organization\"},\"potentialAction\":[{\"@type\":\"SearchAction\",\"target\":{\"@type\":\"EntryPoint\",\"urlTemplate\":\"https:\/\/integralelektronik.com\/?s={search_term_string}\"},\"query-input\":{\"@type\":\"PropertyValueSpecification\",\"valueRequired\":true,\"valueName\":\"search_term_string\"}}],\"inLanguage\":\"tr\"},{\"@type\":\"Organization\",\"@id\":\"https:\/\/integralelektronik.com\/#organization\",\"name\":\"\u0130ntegral Elektronik\",\"url\":\"https:\/\/integralelektronik.com\/\",\"logo\":{\"@type\":\"ImageObject\",\"inLanguage\":\"tr\",\"@id\":\"https:\/\/integralelektronik.com\/#\/schema\/logo\/image\/\",\"url\":\"https:\/\/integralelektronik.com\/wp-content\/uploads\/2020\/10\/logo.png\",\"contentUrl\":\"https:\/\/integralelektronik.com\/wp-content\/uploads\/2020\/10\/logo.png\",\"width\":180,\"height\":90,\"caption\":\"\u0130ntegral Elektronik\"},\"image\":{\"@id\":\"https:\/\/integralelektronik.com\/#\/schema\/logo\/image\/\"}}]}<\/script>\n<!-- \/ Yoast SEO plugin. -->","yoast_head_json":{"title":"DWYER Series PG Gas Pressure\/Differential Pressure Switch - \u0130ntegral Elektronik","robots":{"index":"index","follow":"follow","max-snippet":"max-snippet:-1","max-image-preview":"max-image-preview:large","max-video-preview":"max-video-preview:-1"},"canonical":"https:\/\/integralelektronik.com\/tr\/product\/dwyer-series-pg-gas-pressure-differential-pressure-switch\/","og_locale":"tr_TR","og_type":"article","og_title":"DWYER Series PG Gas Pressure\/Differential Pressure Switch - \u0130ntegral Elektronik","og_description":"Stok Kodu: PG-153-P1 Gaz bas\u0131n\u00e7 \/ diferansiyel bas\u0131n\u00e7 anahtar\u0131, 1-30 \u2033 su aral\u0131\u011f\u0131 (.25-7.47 kPa), maks.\u00a0\u00f6l\u00fc bant 1,9 \u2033 wc (0,47 kPa), SPDT c\u0131va anahtar\u0131.","og_url":"https:\/\/integralelektronik.com\/tr\/product\/dwyer-series-pg-gas-pressure-differential-pressure-switch\/","og_site_name":"\u0130ntegral Elektronik","og_image":[{"width":600,"height":600,"url":"https:\/\/integralelektronik.com\/wp-content\/uploads\/2021\/03\/PG_600x600.gif","type":"image\/gif"}],"twitter_card":"summary_large_image","twitter_misc":{"Tahmini okuma s\u00fcresi":"1 dakika"},"schema":{"@context":"https:\/\/schema.org","@graph":[{"@type":"WebPage","@id":"https:\/\/integralelektronik.com\/tr\/product\/dwyer-series-pg-gas-pressure-differential-pressure-switch\/","url":"https:\/\/integralelektronik.com\/tr\/product\/dwyer-series-pg-gas-pressure-differential-pressure-switch\/","name":"DWYER Series PG Gas Pressure\/Differential Pressure Switch - \u0130ntegral Elektronik","isPartOf":{"@id":"https:\/\/integralelektronik.com\/#website"},"primaryImageOfPage":{"@id":"https:\/\/integralelektronik.com\/tr\/product\/dwyer-series-pg-gas-pressure-differential-pressure-switch\/#primaryimage"},"image":{"@id":"https:\/\/integralelektronik.com\/tr\/product\/dwyer-series-pg-gas-pressure-differential-pressure-switch\/#primaryimage"},"thumbnailUrl":"https:\/\/integralelektronik.com\/wp-content\/uploads\/2021\/03\/PG_600x600.gif","datePublished":"2021-03-02T20:20:07+00:00","dateModified":"2021-03-02T20:20:07+00:00","breadcrumb":{"@id":"https:\/\/integralelektronik.com\/tr\/product\/dwyer-series-pg-gas-pressure-differential-pressure-switch\/#breadcrumb"},"inLanguage":"tr","potentialAction":[{"@type":"ReadAction","target":["https:\/\/integralelektronik.com\/tr\/product\/dwyer-series-pg-gas-pressure-differential-pressure-switch\/"]}]},{"@type":"ImageObject","inLanguage":"tr","@id":"https:\/\/integralelektronik.com\/tr\/product\/dwyer-series-pg-gas-pressure-differential-pressure-switch\/#primaryimage","url":"https:\/\/integralelektronik.com\/wp-content\/uploads\/2021\/03\/PG_600x600.gif","contentUrl":"https:\/\/integralelektronik.com\/wp-content\/uploads\/2021\/03\/PG_600x600.gif","width":600,"height":600},{"@type":"BreadcrumbList","@id":"https:\/\/integralelektronik.com\/tr\/product\/dwyer-series-pg-gas-pressure-differential-pressure-switch\/#breadcrumb","itemListElement":[{"@type":"ListItem","position":1,"name":"Home","item":"https:\/\/integralelektronik.com\/tr\/"},{"@type":"ListItem","position":2,"name":"Shop","item":"https:\/\/integralelektronik.com\/shop\/"},{"@type":"ListItem","position":3,"name":"DWYER Series PG Gas Pressure\/Differential Pressure Switch"}]},{"@type":"WebSite","@id":"https:\/\/integralelektronik.com\/#website","url":"https:\/\/integralelektronik.com\/","name":"\u0130ntegral Elektronik","description":"","publisher":{"@id":"https:\/\/integralelektronik.com\/#organization"},"potentialAction":[{"@type":"SearchAction","target":{"@type":"EntryPoint","urlTemplate":"https:\/\/integralelektronik.com\/?s={search_term_string}"},"query-input":{"@type":"PropertyValueSpecification","valueRequired":true,"valueName":"search_term_string"}}],"inLanguage":"tr"},{"@type":"Organization","@id":"https:\/\/integralelektronik.com\/#organization","name":"\u0130ntegral Elektronik","url":"https:\/\/integralelektronik.com\/","logo":{"@type":"ImageObject","inLanguage":"tr","@id":"https:\/\/integralelektronik.com\/#\/schema\/logo\/image\/","url":"https:\/\/integralelektronik.com\/wp-content\/uploads\/2020\/10\/logo.png","contentUrl":"https:\/\/integralelektronik.com\/wp-content\/uploads\/2020\/10\/logo.png","width":180,"height":90,"caption":"\u0130ntegral Elektronik"},"image":{"@id":"https:\/\/integralelektronik.com\/#\/schema\/logo\/image\/"}}]}},"_links":{"self":[{"href":"https:\/\/integralelektronik.com\/tr\/wp-json\/wp\/v2\/product\/9212"}],"collection":[{"href":"https:\/\/integralelektronik.com\/tr\/wp-json\/wp\/v2\/product"}],"about":[{"href":"https:\/\/integralelektronik.com\/tr\/wp-json\/wp\/v2\/types\/product"}],"replies":[{"embeddable":true,"href":"https:\/\/integralelektronik.com\/tr\/wp-json\/wp\/v2\/comments?post=9212"}],"wp:featuredmedia":[{"embeddable":true,"href":"https:\/\/integralelektronik.com\/tr\/wp-json\/wp\/v2\/media\/9160"}],"wp:attachment":[{"href":"https:\/\/integralelektronik.com\/tr\/wp-json\/wp\/v2\/media?parent=9212"}],"wp:term":[{"taxonomy":"product_brand","embeddable":true,"href":"https:\/\/integralelektronik.com\/tr\/wp-json\/wp\/v2\/product_brand?post=9212"},{"taxonomy":"product_cat","embeddable":true,"href":"https:\/\/integralelektronik.com\/tr\/wp-json\/wp\/v2\/product_cat?post=9212"},{"taxonomy":"product_tag","embeddable":true,"href":"https:\/\/integralelektronik.com\/tr\/wp-json\/wp\/v2\/product_tag?post=9212"}],"curies":[{"name":"wp","href":"https:\/\/api.w.org\/{rel}","templated":true}]}}