{"id":9205,"date":"2021-03-02T23:04:01","date_gmt":"2021-03-02T20:04:01","guid":{"rendered":"https:\/\/integralelektronik.com\/?post_type=product&#038;p=9205"},"modified":"2021-03-02T23:04:01","modified_gmt":"2021-03-02T20:04:01","slug":"dwyer-series-pdps-compact-economic-differential-pressure-switch","status":"publish","type":"product","link":"https:\/\/integralelektronik.com\/tr\/product\/dwyer-series-pdps-compact-economic-differential-pressure-switch\/","title":{"rendered":"DWYER Series PDPS Compact Economic Differential Pressure Switch"},"content":{"rendered":"<p><b><span>Seri PDPs en<\/span><\/b><span>\u00a0\u00a0geni\u015f \u00e7apl\u0131 diyafram ve OEM uygulamalar\u0131 i\u00e7in eylem anahtar\u0131 bunun g\u00fcvenilir marka ve ideali oturtun.\u00a0PDPS Serisi Bas\u0131n\u00e7 Anahtarlar\u0131 bas\u0131n\u00e7, vakum ve diferansiyel uygulamalar i\u00e7in mevcuttur ve tam \u00f6l\u00e7ek tekrarlanabilirli\u011fi \u00b1 0,02 in\u00e7 wc ile 0,07 in\u00e7 wc ila 1,0 in\u00e7 wc bas\u0131n\u00e7lar i\u00e7in fabrika \u00f6n ayarl\u0131d\u0131r. PDPS&#8217;nin di\u011fer \u00f6zellikleri bas\u0131n\u00e7 anahtar\u0131, PDPS Serisini bir\u00e7ok OEM uygulamas\u0131 i\u00e7in m\u00fckemmel k\u0131lan standart \u00e7oklu \u00e7\u0131k\u0131nt\u0131l\u0131 port ba\u011flant\u0131lar\u0131, do\u011fal montaj ve h\u0131zl\u0131 ba\u011flant\u0131 kesme terminallerini i\u00e7erir.<\/span><\/p>\n","protected":false},"excerpt":{"rendered":"<h2><span>Stok Kodu: PDPS-0-1010-D<\/span><\/h2>\n<h3 class=\"pdp-product-info__description\"><span>PDPS-1-010-D Serisi Kompakt Ekonomik Diferansiyel Bas\u0131n\u00e7 Anahtar\u0131, 0,07-0,14 \u2033 wc aral\u0131\u011f\u0131, 0,10 \u2033 wc&#8217;de fabrika \u00f6n ayar\u0131, anahtar azald\u0131\u011f\u0131nda etkinle\u015fir.<\/span><\/h3>\n","protected":false},"featured_media":9178,"comment_status":"open","ping_status":"closed","template":"","meta":[],"product_brand":[],"product_cat":[574,575],"product_tag":[],"class_list":{"0":"post-9205","1":"product","2":"type-product","3":"status-publish","4":"has-post-thumbnail","6":"product_cat-dwyer-tr","7":"product_cat-fark-basinc-anahtari","9":"first","10":"instock","11":"shipping-taxable","12":"product-type-simple"},"yoast_head":"<!-- This site is optimized with the Yoast SEO plugin v24.3 - https:\/\/yoast.com\/wordpress\/plugins\/seo\/ -->\n<title>DWYER Series PDPS Compact Economic Differential Pressure Switch - \u0130ntegral Elektronik<\/title>\n<meta name=\"robots\" content=\"index, follow, max-snippet:-1, max-image-preview:large, max-video-preview:-1\" \/>\n<link rel=\"canonical\" href=\"https:\/\/integralelektronik.com\/tr\/product\/dwyer-series-pdps-compact-economic-differential-pressure-switch\/\" \/>\n<meta property=\"og:locale\" content=\"tr_TR\" \/>\n<meta property=\"og:type\" content=\"article\" \/>\n<meta property=\"og:title\" content=\"DWYER Series PDPS Compact Economic Differential Pressure Switch - \u0130ntegral Elektronik\" \/>\n<meta property=\"og:description\" content=\"Stok Kodu: PDPS-0-1010-D PDPS-1-010-D Serisi Kompakt Ekonomik Diferansiyel Bas\u0131n\u00e7 Anahtar\u0131, 0,07-0,14 \u2033 wc aral\u0131\u011f\u0131, 0,10 \u2033 wc&#039;de fabrika \u00f6n ayar\u0131, anahtar azald\u0131\u011f\u0131nda etkinle\u015fir.\" \/>\n<meta property=\"og:url\" content=\"https:\/\/integralelektronik.com\/tr\/product\/dwyer-series-pdps-compact-economic-differential-pressure-switch\/\" \/>\n<meta property=\"og:site_name\" content=\"\u0130ntegral Elektronik\" \/>\n<meta property=\"og:image\" content=\"https:\/\/integralelektronik.com\/wp-content\/uploads\/2021\/03\/PDPS_600x600.gif\" \/>\n\t<meta property=\"og:image:width\" content=\"600\" \/>\n\t<meta property=\"og:image:height\" content=\"600\" \/>\n\t<meta property=\"og:image:type\" content=\"image\/gif\" \/>\n<meta name=\"twitter:card\" content=\"summary_large_image\" \/>\n<meta name=\"twitter:label1\" content=\"Tahmini okuma s\u00fcresi\" \/>\n\t<meta name=\"twitter:data1\" content=\"1 dakika\" \/>\n<script type=\"application\/ld+json\" class=\"yoast-schema-graph\">{\"@context\":\"https:\/\/schema.org\",\"@graph\":[{\"@type\":\"WebPage\",\"@id\":\"https:\/\/integralelektronik.com\/tr\/product\/dwyer-series-pdps-compact-economic-differential-pressure-switch\/\",\"url\":\"https:\/\/integralelektronik.com\/tr\/product\/dwyer-series-pdps-compact-economic-differential-pressure-switch\/\",\"name\":\"DWYER Series PDPS Compact Economic Differential Pressure Switch - \u0130ntegral Elektronik\",\"isPartOf\":{\"@id\":\"https:\/\/integralelektronik.com\/#website\"},\"primaryImageOfPage\":{\"@id\":\"https:\/\/integralelektronik.com\/tr\/product\/dwyer-series-pdps-compact-economic-differential-pressure-switch\/#primaryimage\"},\"image\":{\"@id\":\"https:\/\/integralelektronik.com\/tr\/product\/dwyer-series-pdps-compact-economic-differential-pressure-switch\/#primaryimage\"},\"thumbnailUrl\":\"https:\/\/integralelektronik.com\/wp-content\/uploads\/2021\/03\/PDPS_600x600.gif\",\"datePublished\":\"2021-03-02T20:04:01+00:00\",\"dateModified\":\"2021-03-02T20:04:01+00:00\",\"breadcrumb\":{\"@id\":\"https:\/\/integralelektronik.com\/tr\/product\/dwyer-series-pdps-compact-economic-differential-pressure-switch\/#breadcrumb\"},\"inLanguage\":\"tr\",\"potentialAction\":[{\"@type\":\"ReadAction\",\"target\":[\"https:\/\/integralelektronik.com\/tr\/product\/dwyer-series-pdps-compact-economic-differential-pressure-switch\/\"]}]},{\"@type\":\"ImageObject\",\"inLanguage\":\"tr\",\"@id\":\"https:\/\/integralelektronik.com\/tr\/product\/dwyer-series-pdps-compact-economic-differential-pressure-switch\/#primaryimage\",\"url\":\"https:\/\/integralelektronik.com\/wp-content\/uploads\/2021\/03\/PDPS_600x600.gif\",\"contentUrl\":\"https:\/\/integralelektronik.com\/wp-content\/uploads\/2021\/03\/PDPS_600x600.gif\",\"width\":600,\"height\":600},{\"@type\":\"BreadcrumbList\",\"@id\":\"https:\/\/integralelektronik.com\/tr\/product\/dwyer-series-pdps-compact-economic-differential-pressure-switch\/#breadcrumb\",\"itemListElement\":[{\"@type\":\"ListItem\",\"position\":1,\"name\":\"Home\",\"item\":\"https:\/\/integralelektronik.com\/tr\/\"},{\"@type\":\"ListItem\",\"position\":2,\"name\":\"Shop\",\"item\":\"https:\/\/integralelektronik.com\/shop\/\"},{\"@type\":\"ListItem\",\"position\":3,\"name\":\"DWYER Series PDPS Compact Economic Differential Pressure Switch\"}]},{\"@type\":\"WebSite\",\"@id\":\"https:\/\/integralelektronik.com\/#website\",\"url\":\"https:\/\/integralelektronik.com\/\",\"name\":\"\u0130ntegral Elektronik\",\"description\":\"\",\"publisher\":{\"@id\":\"https:\/\/integralelektronik.com\/#organization\"},\"potentialAction\":[{\"@type\":\"SearchAction\",\"target\":{\"@type\":\"EntryPoint\",\"urlTemplate\":\"https:\/\/integralelektronik.com\/?s={search_term_string}\"},\"query-input\":{\"@type\":\"PropertyValueSpecification\",\"valueRequired\":true,\"valueName\":\"search_term_string\"}}],\"inLanguage\":\"tr\"},{\"@type\":\"Organization\",\"@id\":\"https:\/\/integralelektronik.com\/#organization\",\"name\":\"\u0130ntegral Elektronik\",\"url\":\"https:\/\/integralelektronik.com\/\",\"logo\":{\"@type\":\"ImageObject\",\"inLanguage\":\"tr\",\"@id\":\"https:\/\/integralelektronik.com\/#\/schema\/logo\/image\/\",\"url\":\"https:\/\/integralelektronik.com\/wp-content\/uploads\/2020\/10\/logo.png\",\"contentUrl\":\"https:\/\/integralelektronik.com\/wp-content\/uploads\/2020\/10\/logo.png\",\"width\":180,\"height\":90,\"caption\":\"\u0130ntegral Elektronik\"},\"image\":{\"@id\":\"https:\/\/integralelektronik.com\/#\/schema\/logo\/image\/\"}}]}<\/script>\n<!-- \/ Yoast SEO plugin. -->","yoast_head_json":{"title":"DWYER Series PDPS Compact Economic Differential Pressure Switch - \u0130ntegral Elektronik","robots":{"index":"index","follow":"follow","max-snippet":"max-snippet:-1","max-image-preview":"max-image-preview:large","max-video-preview":"max-video-preview:-1"},"canonical":"https:\/\/integralelektronik.com\/tr\/product\/dwyer-series-pdps-compact-economic-differential-pressure-switch\/","og_locale":"tr_TR","og_type":"article","og_title":"DWYER Series PDPS Compact Economic Differential Pressure Switch - \u0130ntegral Elektronik","og_description":"Stok Kodu: PDPS-0-1010-D PDPS-1-010-D Serisi Kompakt Ekonomik Diferansiyel Bas\u0131n\u00e7 Anahtar\u0131, 0,07-0,14 \u2033 wc aral\u0131\u011f\u0131, 0,10 \u2033 wc'de fabrika \u00f6n ayar\u0131, anahtar azald\u0131\u011f\u0131nda etkinle\u015fir.","og_url":"https:\/\/integralelektronik.com\/tr\/product\/dwyer-series-pdps-compact-economic-differential-pressure-switch\/","og_site_name":"\u0130ntegral Elektronik","og_image":[{"width":600,"height":600,"url":"https:\/\/integralelektronik.com\/wp-content\/uploads\/2021\/03\/PDPS_600x600.gif","type":"image\/gif"}],"twitter_card":"summary_large_image","twitter_misc":{"Tahmini okuma s\u00fcresi":"1 dakika"},"schema":{"@context":"https:\/\/schema.org","@graph":[{"@type":"WebPage","@id":"https:\/\/integralelektronik.com\/tr\/product\/dwyer-series-pdps-compact-economic-differential-pressure-switch\/","url":"https:\/\/integralelektronik.com\/tr\/product\/dwyer-series-pdps-compact-economic-differential-pressure-switch\/","name":"DWYER Series PDPS Compact Economic Differential Pressure Switch - \u0130ntegral Elektronik","isPartOf":{"@id":"https:\/\/integralelektronik.com\/#website"},"primaryImageOfPage":{"@id":"https:\/\/integralelektronik.com\/tr\/product\/dwyer-series-pdps-compact-economic-differential-pressure-switch\/#primaryimage"},"image":{"@id":"https:\/\/integralelektronik.com\/tr\/product\/dwyer-series-pdps-compact-economic-differential-pressure-switch\/#primaryimage"},"thumbnailUrl":"https:\/\/integralelektronik.com\/wp-content\/uploads\/2021\/03\/PDPS_600x600.gif","datePublished":"2021-03-02T20:04:01+00:00","dateModified":"2021-03-02T20:04:01+00:00","breadcrumb":{"@id":"https:\/\/integralelektronik.com\/tr\/product\/dwyer-series-pdps-compact-economic-differential-pressure-switch\/#breadcrumb"},"inLanguage":"tr","potentialAction":[{"@type":"ReadAction","target":["https:\/\/integralelektronik.com\/tr\/product\/dwyer-series-pdps-compact-economic-differential-pressure-switch\/"]}]},{"@type":"ImageObject","inLanguage":"tr","@id":"https:\/\/integralelektronik.com\/tr\/product\/dwyer-series-pdps-compact-economic-differential-pressure-switch\/#primaryimage","url":"https:\/\/integralelektronik.com\/wp-content\/uploads\/2021\/03\/PDPS_600x600.gif","contentUrl":"https:\/\/integralelektronik.com\/wp-content\/uploads\/2021\/03\/PDPS_600x600.gif","width":600,"height":600},{"@type":"BreadcrumbList","@id":"https:\/\/integralelektronik.com\/tr\/product\/dwyer-series-pdps-compact-economic-differential-pressure-switch\/#breadcrumb","itemListElement":[{"@type":"ListItem","position":1,"name":"Home","item":"https:\/\/integralelektronik.com\/tr\/"},{"@type":"ListItem","position":2,"name":"Shop","item":"https:\/\/integralelektronik.com\/shop\/"},{"@type":"ListItem","position":3,"name":"DWYER Series PDPS Compact Economic Differential Pressure Switch"}]},{"@type":"WebSite","@id":"https:\/\/integralelektronik.com\/#website","url":"https:\/\/integralelektronik.com\/","name":"\u0130ntegral Elektronik","description":"","publisher":{"@id":"https:\/\/integralelektronik.com\/#organization"},"potentialAction":[{"@type":"SearchAction","target":{"@type":"EntryPoint","urlTemplate":"https:\/\/integralelektronik.com\/?s={search_term_string}"},"query-input":{"@type":"PropertyValueSpecification","valueRequired":true,"valueName":"search_term_string"}}],"inLanguage":"tr"},{"@type":"Organization","@id":"https:\/\/integralelektronik.com\/#organization","name":"\u0130ntegral Elektronik","url":"https:\/\/integralelektronik.com\/","logo":{"@type":"ImageObject","inLanguage":"tr","@id":"https:\/\/integralelektronik.com\/#\/schema\/logo\/image\/","url":"https:\/\/integralelektronik.com\/wp-content\/uploads\/2020\/10\/logo.png","contentUrl":"https:\/\/integralelektronik.com\/wp-content\/uploads\/2020\/10\/logo.png","width":180,"height":90,"caption":"\u0130ntegral Elektronik"},"image":{"@id":"https:\/\/integralelektronik.com\/#\/schema\/logo\/image\/"}}]}},"_links":{"self":[{"href":"https:\/\/integralelektronik.com\/tr\/wp-json\/wp\/v2\/product\/9205"}],"collection":[{"href":"https:\/\/integralelektronik.com\/tr\/wp-json\/wp\/v2\/product"}],"about":[{"href":"https:\/\/integralelektronik.com\/tr\/wp-json\/wp\/v2\/types\/product"}],"replies":[{"embeddable":true,"href":"https:\/\/integralelektronik.com\/tr\/wp-json\/wp\/v2\/comments?post=9205"}],"wp:featuredmedia":[{"embeddable":true,"href":"https:\/\/integralelektronik.com\/tr\/wp-json\/wp\/v2\/media\/9178"}],"wp:attachment":[{"href":"https:\/\/integralelektronik.com\/tr\/wp-json\/wp\/v2\/media?parent=9205"}],"wp:term":[{"taxonomy":"product_brand","embeddable":true,"href":"https:\/\/integralelektronik.com\/tr\/wp-json\/wp\/v2\/product_brand?post=9205"},{"taxonomy":"product_cat","embeddable":true,"href":"https:\/\/integralelektronik.com\/tr\/wp-json\/wp\/v2\/product_cat?post=9205"},{"taxonomy":"product_tag","embeddable":true,"href":"https:\/\/integralelektronik.com\/tr\/wp-json\/wp\/v2\/product_tag?post=9205"}],"curies":[{"name":"wp","href":"https:\/\/api.w.org\/{rel}","templated":true}]}}