{"id":9203,"date":"2021-03-02T23:02:23","date_gmt":"2021-03-02T20:02:23","guid":{"rendered":"https:\/\/integralelektronik.com\/?post_type=product&#038;p=9203"},"modified":"2021-03-02T23:02:23","modified_gmt":"2021-03-02T20:02:23","slug":"dwyer-series-1831-dpdt-low-differential-pressure-switches","status":"publish","type":"product","link":"https:\/\/integralelektronik.com\/tr\/product\/dwyer-series-1831-dpdt-low-differential-pressure-switches\/","title":{"rendered":"DWYER Series 1831 DPDT Low Differential Pressure Switches"},"content":{"rendered":"<p><span>En pop\u00fcler diferansiyel bas\u0131n\u00e7 anahtarlar\u0131m\u0131zdan biri art\u0131k bir DPDT anahtar\u0131 ve manuel s\u0131f\u0131rlama ile mevcuttur.\u00a0<\/span><b><span>Seri 1831<\/span><\/b><span>\u00a0\u00a0% 4 set noktas\u0131 tekrarlanabilirlik ile birle\u015ftirir k\u00fc\u00e7\u00fck boyutlu.\u00a0DPDT anahtar\u0131n\u0131 \u00e7al\u0131\u015ft\u0131rmak i\u00e7in kesinlikle g\u00fc\u00e7 gerekmez.\u00a0Anahtar \u00fczerindeki ayar noktas\u0131 ayar\u0131na, ayar noktas\u0131n\u0131 de\u011fi\u015ftirmek i\u00e7in kolayca eri\u015filebilir.<\/span><\/p>\n<p><span>Manuel S\u0131f\u0131rlamal\u0131 1831 Serisi DPDT D\u00fc\u015f\u00fck Diferansiyel Bas\u0131n\u00e7 Anahtarlar\u0131, tipik y\u00fcksek kanal statik kesme kurulumlar\u0131yla ili\u015fkili yayg\u0131n sorunlar\u0131 ortadan kald\u0131r\u0131r.\u00a01831, \u00e7\u0131k\u0131\u015flar\u0131n\u0131 s\u00fcrmek i\u00e7in kesinlikle hi\u00e7bir g\u00fcce ihtiya\u00e7 duymad\u0131\u011f\u0131ndan, ayr\u0131 bir g\u00fc\u00e7 d\u00f6ng\u00fcs\u00fc ve bununla ili\u015fkili ek kablolama ve kanal hafifletilerek malzeme ve i\u015f\u00e7ilik kurulum maliyetleri azalt\u0131l\u0131r.\u00a01831 Serisinin her iki kontrol konta\u011f\u0131 ayn\u0131 anda etkinle\u015fir.\u00a0\u00d6n anahtar\u0131n fan\u0131 kapatarak gecikme anahtar\u0131n\u0131n DDC&#8217;ye alarm sinyali g\u00f6ndermesini \u00f6nleme potansiyeli art\u0131k olas\u0131 bir sistem y\u00fck\u00fcml\u00fcl\u00fc\u011f\u00fc de\u011fildir.\u00a0Olas\u0131 maliyetli bak\u0131m \u00e7a\u011fr\u0131lar\u0131 azalt\u0131l\u0131r.\u00a0Her iki kontrol d\u00f6ng\u00fcs\u00fc i\u00e7in yaln\u0131zca tek bir kablo kanal\u0131 giri\u015fine sahip olan tipik anahtarlar\u0131n aksine, Seri 1831, ek kablo borular\u0131n\u0131 ortadan kald\u0131r\u0131rken kablolamay\u0131 basitle\u015ftiren iki kablo kanal\u0131 ba\u011flant\u0131s\u0131 sa\u011flar.<\/span><\/p>\n","protected":false},"excerpt":{"rendered":"<h2><span>Stok Kodu: 1831-1-RA-S<\/span><\/h2>\n<h3 class=\"pdp-product-info__description\"><span>Fark bas\u0131n\u00e7 anahtar\u0131, manuel s\u0131f\u0131rlama, DPDT, art\u0131\u015fta etkinle\u015ftirme, silikon diyafram, aral\u0131k 2,5-9 \u2033 wc<\/span><\/h3>\n","protected":false},"featured_media":9182,"comment_status":"open","ping_status":"closed","template":"","meta":[],"product_brand":[],"product_cat":[574,575],"product_tag":[],"class_list":{"0":"post-9203","1":"product","2":"type-product","3":"status-publish","4":"has-post-thumbnail","6":"product_cat-dwyer-tr","7":"product_cat-fark-basinc-anahtari","9":"first","10":"instock","11":"shipping-taxable","12":"product-type-simple"},"yoast_head":"<!-- This site is optimized with the Yoast SEO plugin v24.3 - https:\/\/yoast.com\/wordpress\/plugins\/seo\/ -->\n<title>DWYER Series 1831 DPDT Low Differential Pressure Switches - \u0130ntegral Elektronik<\/title>\n<meta name=\"robots\" content=\"index, follow, max-snippet:-1, max-image-preview:large, max-video-preview:-1\" \/>\n<link rel=\"canonical\" href=\"https:\/\/integralelektronik.com\/tr\/product\/dwyer-series-1831-dpdt-low-differential-pressure-switches\/\" \/>\n<meta property=\"og:locale\" content=\"tr_TR\" \/>\n<meta property=\"og:type\" content=\"article\" \/>\n<meta property=\"og:title\" content=\"DWYER Series 1831 DPDT Low Differential Pressure Switches - \u0130ntegral Elektronik\" \/>\n<meta property=\"og:description\" content=\"Stok Kodu: 1831-1-RA-S Fark bas\u0131n\u00e7 anahtar\u0131, manuel s\u0131f\u0131rlama, DPDT, art\u0131\u015fta etkinle\u015ftirme, silikon diyafram, aral\u0131k 2,5-9 \u2033 wc\" \/>\n<meta property=\"og:url\" content=\"https:\/\/integralelektronik.com\/tr\/product\/dwyer-series-1831-dpdt-low-differential-pressure-switches\/\" \/>\n<meta property=\"og:site_name\" content=\"\u0130ntegral Elektronik\" \/>\n<meta property=\"og:image\" content=\"https:\/\/integralelektronik.com\/wp-content\/uploads\/2021\/03\/1831_Side_with_Bracket_600x600.gif\" \/>\n\t<meta property=\"og:image:width\" content=\"600\" \/>\n\t<meta property=\"og:image:height\" content=\"600\" \/>\n\t<meta property=\"og:image:type\" content=\"image\/gif\" \/>\n<meta name=\"twitter:card\" content=\"summary_large_image\" \/>\n<meta name=\"twitter:label1\" content=\"Tahmini okuma s\u00fcresi\" \/>\n\t<meta name=\"twitter:data1\" content=\"1 dakika\" \/>\n<script type=\"application\/ld+json\" class=\"yoast-schema-graph\">{\"@context\":\"https:\/\/schema.org\",\"@graph\":[{\"@type\":\"WebPage\",\"@id\":\"https:\/\/integralelektronik.com\/tr\/product\/dwyer-series-1831-dpdt-low-differential-pressure-switches\/\",\"url\":\"https:\/\/integralelektronik.com\/tr\/product\/dwyer-series-1831-dpdt-low-differential-pressure-switches\/\",\"name\":\"DWYER Series 1831 DPDT Low Differential Pressure Switches - \u0130ntegral Elektronik\",\"isPartOf\":{\"@id\":\"https:\/\/integralelektronik.com\/#website\"},\"primaryImageOfPage\":{\"@id\":\"https:\/\/integralelektronik.com\/tr\/product\/dwyer-series-1831-dpdt-low-differential-pressure-switches\/#primaryimage\"},\"image\":{\"@id\":\"https:\/\/integralelektronik.com\/tr\/product\/dwyer-series-1831-dpdt-low-differential-pressure-switches\/#primaryimage\"},\"thumbnailUrl\":\"https:\/\/integralelektronik.com\/wp-content\/uploads\/2021\/03\/1831_Side_with_Bracket_600x600.gif\",\"datePublished\":\"2021-03-02T20:02:23+00:00\",\"dateModified\":\"2021-03-02T20:02:23+00:00\",\"breadcrumb\":{\"@id\":\"https:\/\/integralelektronik.com\/tr\/product\/dwyer-series-1831-dpdt-low-differential-pressure-switches\/#breadcrumb\"},\"inLanguage\":\"tr\",\"potentialAction\":[{\"@type\":\"ReadAction\",\"target\":[\"https:\/\/integralelektronik.com\/tr\/product\/dwyer-series-1831-dpdt-low-differential-pressure-switches\/\"]}]},{\"@type\":\"ImageObject\",\"inLanguage\":\"tr\",\"@id\":\"https:\/\/integralelektronik.com\/tr\/product\/dwyer-series-1831-dpdt-low-differential-pressure-switches\/#primaryimage\",\"url\":\"https:\/\/integralelektronik.com\/wp-content\/uploads\/2021\/03\/1831_Side_with_Bracket_600x600.gif\",\"contentUrl\":\"https:\/\/integralelektronik.com\/wp-content\/uploads\/2021\/03\/1831_Side_with_Bracket_600x600.gif\",\"width\":600,\"height\":600},{\"@type\":\"BreadcrumbList\",\"@id\":\"https:\/\/integralelektronik.com\/tr\/product\/dwyer-series-1831-dpdt-low-differential-pressure-switches\/#breadcrumb\",\"itemListElement\":[{\"@type\":\"ListItem\",\"position\":1,\"name\":\"Home\",\"item\":\"https:\/\/integralelektronik.com\/tr\/\"},{\"@type\":\"ListItem\",\"position\":2,\"name\":\"Shop\",\"item\":\"https:\/\/integralelektronik.com\/shop\/\"},{\"@type\":\"ListItem\",\"position\":3,\"name\":\"DWYER Series 1831 DPDT Low Differential Pressure Switches\"}]},{\"@type\":\"WebSite\",\"@id\":\"https:\/\/integralelektronik.com\/#website\",\"url\":\"https:\/\/integralelektronik.com\/\",\"name\":\"\u0130ntegral Elektronik\",\"description\":\"\",\"publisher\":{\"@id\":\"https:\/\/integralelektronik.com\/#organization\"},\"potentialAction\":[{\"@type\":\"SearchAction\",\"target\":{\"@type\":\"EntryPoint\",\"urlTemplate\":\"https:\/\/integralelektronik.com\/?s={search_term_string}\"},\"query-input\":{\"@type\":\"PropertyValueSpecification\",\"valueRequired\":true,\"valueName\":\"search_term_string\"}}],\"inLanguage\":\"tr\"},{\"@type\":\"Organization\",\"@id\":\"https:\/\/integralelektronik.com\/#organization\",\"name\":\"\u0130ntegral Elektronik\",\"url\":\"https:\/\/integralelektronik.com\/\",\"logo\":{\"@type\":\"ImageObject\",\"inLanguage\":\"tr\",\"@id\":\"https:\/\/integralelektronik.com\/#\/schema\/logo\/image\/\",\"url\":\"https:\/\/integralelektronik.com\/wp-content\/uploads\/2020\/10\/logo.png\",\"contentUrl\":\"https:\/\/integralelektronik.com\/wp-content\/uploads\/2020\/10\/logo.png\",\"width\":180,\"height\":90,\"caption\":\"\u0130ntegral Elektronik\"},\"image\":{\"@id\":\"https:\/\/integralelektronik.com\/#\/schema\/logo\/image\/\"}}]}<\/script>\n<!-- \/ Yoast SEO plugin. -->","yoast_head_json":{"title":"DWYER Series 1831 DPDT Low Differential Pressure Switches - \u0130ntegral Elektronik","robots":{"index":"index","follow":"follow","max-snippet":"max-snippet:-1","max-image-preview":"max-image-preview:large","max-video-preview":"max-video-preview:-1"},"canonical":"https:\/\/integralelektronik.com\/tr\/product\/dwyer-series-1831-dpdt-low-differential-pressure-switches\/","og_locale":"tr_TR","og_type":"article","og_title":"DWYER Series 1831 DPDT Low Differential Pressure Switches - \u0130ntegral Elektronik","og_description":"Stok Kodu: 1831-1-RA-S Fark bas\u0131n\u00e7 anahtar\u0131, manuel s\u0131f\u0131rlama, DPDT, art\u0131\u015fta etkinle\u015ftirme, silikon diyafram, aral\u0131k 2,5-9 \u2033 wc","og_url":"https:\/\/integralelektronik.com\/tr\/product\/dwyer-series-1831-dpdt-low-differential-pressure-switches\/","og_site_name":"\u0130ntegral Elektronik","og_image":[{"width":600,"height":600,"url":"https:\/\/integralelektronik.com\/wp-content\/uploads\/2021\/03\/1831_Side_with_Bracket_600x600.gif","type":"image\/gif"}],"twitter_card":"summary_large_image","twitter_misc":{"Tahmini okuma s\u00fcresi":"1 dakika"},"schema":{"@context":"https:\/\/schema.org","@graph":[{"@type":"WebPage","@id":"https:\/\/integralelektronik.com\/tr\/product\/dwyer-series-1831-dpdt-low-differential-pressure-switches\/","url":"https:\/\/integralelektronik.com\/tr\/product\/dwyer-series-1831-dpdt-low-differential-pressure-switches\/","name":"DWYER Series 1831 DPDT Low Differential Pressure Switches - \u0130ntegral Elektronik","isPartOf":{"@id":"https:\/\/integralelektronik.com\/#website"},"primaryImageOfPage":{"@id":"https:\/\/integralelektronik.com\/tr\/product\/dwyer-series-1831-dpdt-low-differential-pressure-switches\/#primaryimage"},"image":{"@id":"https:\/\/integralelektronik.com\/tr\/product\/dwyer-series-1831-dpdt-low-differential-pressure-switches\/#primaryimage"},"thumbnailUrl":"https:\/\/integralelektronik.com\/wp-content\/uploads\/2021\/03\/1831_Side_with_Bracket_600x600.gif","datePublished":"2021-03-02T20:02:23+00:00","dateModified":"2021-03-02T20:02:23+00:00","breadcrumb":{"@id":"https:\/\/integralelektronik.com\/tr\/product\/dwyer-series-1831-dpdt-low-differential-pressure-switches\/#breadcrumb"},"inLanguage":"tr","potentialAction":[{"@type":"ReadAction","target":["https:\/\/integralelektronik.com\/tr\/product\/dwyer-series-1831-dpdt-low-differential-pressure-switches\/"]}]},{"@type":"ImageObject","inLanguage":"tr","@id":"https:\/\/integralelektronik.com\/tr\/product\/dwyer-series-1831-dpdt-low-differential-pressure-switches\/#primaryimage","url":"https:\/\/integralelektronik.com\/wp-content\/uploads\/2021\/03\/1831_Side_with_Bracket_600x600.gif","contentUrl":"https:\/\/integralelektronik.com\/wp-content\/uploads\/2021\/03\/1831_Side_with_Bracket_600x600.gif","width":600,"height":600},{"@type":"BreadcrumbList","@id":"https:\/\/integralelektronik.com\/tr\/product\/dwyer-series-1831-dpdt-low-differential-pressure-switches\/#breadcrumb","itemListElement":[{"@type":"ListItem","position":1,"name":"Home","item":"https:\/\/integralelektronik.com\/tr\/"},{"@type":"ListItem","position":2,"name":"Shop","item":"https:\/\/integralelektronik.com\/shop\/"},{"@type":"ListItem","position":3,"name":"DWYER Series 1831 DPDT Low Differential Pressure Switches"}]},{"@type":"WebSite","@id":"https:\/\/integralelektronik.com\/#website","url":"https:\/\/integralelektronik.com\/","name":"\u0130ntegral Elektronik","description":"","publisher":{"@id":"https:\/\/integralelektronik.com\/#organization"},"potentialAction":[{"@type":"SearchAction","target":{"@type":"EntryPoint","urlTemplate":"https:\/\/integralelektronik.com\/?s={search_term_string}"},"query-input":{"@type":"PropertyValueSpecification","valueRequired":true,"valueName":"search_term_string"}}],"inLanguage":"tr"},{"@type":"Organization","@id":"https:\/\/integralelektronik.com\/#organization","name":"\u0130ntegral Elektronik","url":"https:\/\/integralelektronik.com\/","logo":{"@type":"ImageObject","inLanguage":"tr","@id":"https:\/\/integralelektronik.com\/#\/schema\/logo\/image\/","url":"https:\/\/integralelektronik.com\/wp-content\/uploads\/2020\/10\/logo.png","contentUrl":"https:\/\/integralelektronik.com\/wp-content\/uploads\/2020\/10\/logo.png","width":180,"height":90,"caption":"\u0130ntegral Elektronik"},"image":{"@id":"https:\/\/integralelektronik.com\/#\/schema\/logo\/image\/"}}]}},"_links":{"self":[{"href":"https:\/\/integralelektronik.com\/tr\/wp-json\/wp\/v2\/product\/9203"}],"collection":[{"href":"https:\/\/integralelektronik.com\/tr\/wp-json\/wp\/v2\/product"}],"about":[{"href":"https:\/\/integralelektronik.com\/tr\/wp-json\/wp\/v2\/types\/product"}],"replies":[{"embeddable":true,"href":"https:\/\/integralelektronik.com\/tr\/wp-json\/wp\/v2\/comments?post=9203"}],"wp:featuredmedia":[{"embeddable":true,"href":"https:\/\/integralelektronik.com\/tr\/wp-json\/wp\/v2\/media\/9182"}],"wp:attachment":[{"href":"https:\/\/integralelektronik.com\/tr\/wp-json\/wp\/v2\/media?parent=9203"}],"wp:term":[{"taxonomy":"product_brand","embeddable":true,"href":"https:\/\/integralelektronik.com\/tr\/wp-json\/wp\/v2\/product_brand?post=9203"},{"taxonomy":"product_cat","embeddable":true,"href":"https:\/\/integralelektronik.com\/tr\/wp-json\/wp\/v2\/product_cat?post=9203"},{"taxonomy":"product_tag","embeddable":true,"href":"https:\/\/integralelektronik.com\/tr\/wp-json\/wp\/v2\/product_tag?post=9203"}],"curies":[{"name":"wp","href":"https:\/\/api.w.org\/{rel}","templated":true}]}}