{"id":9202,"date":"2021-03-02T23:01:32","date_gmt":"2021-03-02T20:01:32","guid":{"rendered":"https:\/\/integralelektronik.com\/?post_type=product&#038;p=9202"},"modified":"2021-03-02T23:01:33","modified_gmt":"2021-03-02T20:01:33","slug":"dwyer-series-bdpa-adjustable-differential-pressure-alarm","status":"publish","type":"product","link":"https:\/\/integralelektronik.com\/tr\/product\/dwyer-series-bdpa-adjustable-differential-pressure-alarm\/","title":{"rendered":"DWYER Series BDPA Adjustable Differential Pressure Alarm"},"content":{"rendered":"<p><b><span>Seri BDPA Ayarlanabilir Diferansiyel Bas\u0131n\u00e7 Alarm\u0131<\/span><\/b><span>\u00a0\u00a0-yerle\u015fik sesli ve g\u00f6rsel ayar noktas\u0131 g\u00f6stergesi fazla bas\u0131nc\u0131n\u0131 vakum ve fark bas\u0131n\u00e7 uygulamalar\u0131 i\u00e7in tasarlanm\u0131\u015ft\u0131r ile.\u00a0\u00d6l\u00e7ekli ayar d\u00fc\u011fmesi, anahtarlama bas\u0131nc\u0131nda de\u011fi\u015fikliklerin bir bas\u0131n\u00e7 g\u00f6stergesi olmadan yap\u0131lmas\u0131na izin verir.\u00a0BDPA, 0,08 \u2033 wc (20 Pa) ila 20 \u2033 wc (5000 Pa) aras\u0131ndaki ayarlarla mevcuttur.\u00a0Silikon diyafram ve PA 6.6 g\u00f6vdesi, BDPA Serisini hava ve di\u011fer yan\u0131c\u0131 olmayan gazlarla kullan\u0131m i\u00e7in m\u00fckemmel hale getirir.<\/span><\/p>\n<p><span>BDPA Serisi Ayarlanabilir Diferansiyel Bas\u0131n\u00e7 Alarmlar\u0131, bir\u00e7ok \u00f6zelliklerinin kullan\u0131lmas\u0131na olanak tan\u0131yan \u00e7ok y\u00f6nl\u00fc bir konfig\u00fcrasyon yelpazesi sunar.\u00a0BDPA, pil veya 24 VDC \/ VAC hat g\u00fcc\u00fcyle \u00e7al\u0131\u015ft\u0131r\u0131labilir.\u00a0Hat g\u00fcc\u00fcne ba\u011flan\u0131l\u0131yorsa, pil g\u00fc\u00e7 kesintisi durumunda yedek g\u00fc\u00e7 g\u00f6revi g\u00f6rebilir.\u00a0Ayar noktas\u0131 e\u015fi\u011fine ula\u015f\u0131ld\u0131\u011f\u0131nda, yerel y\u00fcksek sesli sesli uyar\u0131 ve parlak LED, ayar noktas\u0131 aktivasyonunun periyodik olarak bildirilmesini g\u00f6sterecektir.\u00a0Bir SPDT konta\u011f\u0131, bir DDC&#8217;ye veya bina y\u00f6netim sistemine uzaktan bir sinyal g\u00f6ndermek i\u00e7in kablolu olabilir.\u00a0Bir bak\u0131m i\u015flemi ger\u00e7ekle\u015ftirilene kadar sesli ve g\u00f6rsel g\u00f6stergeyi manuel olarak devre d\u0131\u015f\u0131 b\u0131rakmak i\u00e7in, kapaktaki bir a\u00e7\u0131kl\u0131k i\u00e7inden yerle\u015ftirilen bir erteleme d\u00fc\u011fmesine kullan\u0131c\u0131 taraf\u0131ndan bas\u0131labilir.\u00a0Enstr\u00fcman eri\u015fimin zor oldu\u011fu bir yere monte edilmi\u015fse,<\/span><\/p>\n<p><span>BDPA Serisi Diferansiyel Bas\u0131n\u00e7 Alarm\u0131&#8217;n\u0131n m\u00fckemmel i\u015flevsel \u00e7ok y\u00f6nl\u00fcl\u00fc\u011f\u00fc, onu filtre, fan ve havaland\u0131rma uygulamalar\u0131 veya elektrik kablolar\u0131n\u0131n kurulumunun maliyet a\u00e7\u0131s\u0131ndan engelleyici oldu\u011fu herhangi bir yenileme i\u015fi i\u00e7in m\u00fckemmel hale getirir.<\/span><\/p>\n","protected":false},"excerpt":{"rendered":"<h2><span>Stok Kodu: BDPA-03-2-N<\/span><\/h2>\n<h3 class=\"pdp-product-info__description\"><span>Ayarlanabilir fark bas\u0131n\u00e7 alarm\u0131, aral\u0131\u011f\u0131 .20-2.00 \u2033 wc, M20 ba\u011flant\u0131s\u0131.<\/span><\/h3>\n","protected":false},"featured_media":9189,"comment_status":"open","ping_status":"closed","template":"","meta":[],"product_brand":[],"product_cat":[574,575],"product_tag":[],"class_list":{"0":"post-9202","1":"product","2":"type-product","3":"status-publish","4":"has-post-thumbnail","6":"product_cat-dwyer-tr","7":"product_cat-fark-basinc-anahtari","9":"first","10":"instock","11":"shipping-taxable","12":"product-type-simple"},"yoast_head":"<!-- This site is optimized with the Yoast SEO plugin v24.3 - https:\/\/yoast.com\/wordpress\/plugins\/seo\/ -->\n<title>DWYER Series BDPA Adjustable Differential Pressure Alarm - \u0130ntegral Elektronik<\/title>\n<meta name=\"robots\" content=\"index, follow, max-snippet:-1, max-image-preview:large, max-video-preview:-1\" \/>\n<link rel=\"canonical\" href=\"https:\/\/integralelektronik.com\/tr\/product\/dwyer-series-bdpa-adjustable-differential-pressure-alarm\/\" \/>\n<meta property=\"og:locale\" content=\"tr_TR\" \/>\n<meta property=\"og:type\" content=\"article\" \/>\n<meta property=\"og:title\" content=\"DWYER Series BDPA Adjustable Differential Pressure Alarm - \u0130ntegral Elektronik\" \/>\n<meta property=\"og:description\" content=\"Stok Kodu: BDPA-03-2-N Ayarlanabilir fark bas\u0131n\u00e7 alarm\u0131, aral\u0131\u011f\u0131 .20-2.00 \u2033 wc, M20 ba\u011flant\u0131s\u0131.\" \/>\n<meta property=\"og:url\" content=\"https:\/\/integralelektronik.com\/tr\/product\/dwyer-series-bdpa-adjustable-differential-pressure-alarm\/\" \/>\n<meta property=\"og:site_name\" content=\"\u0130ntegral Elektronik\" \/>\n<meta property=\"article:modified_time\" content=\"2021-03-02T20:01:33+00:00\" \/>\n<meta property=\"og:image\" content=\"https:\/\/integralelektronik.com\/wp-content\/uploads\/2021\/03\/BPDA_1000x10001.jpg\" \/>\n\t<meta property=\"og:image:width\" content=\"1000\" \/>\n\t<meta property=\"og:image:height\" content=\"1000\" \/>\n\t<meta property=\"og:image:type\" content=\"image\/jpeg\" \/>\n<meta name=\"twitter:card\" content=\"summary_large_image\" \/>\n<meta name=\"twitter:label1\" content=\"Tahmini okuma s\u00fcresi\" \/>\n\t<meta name=\"twitter:data1\" content=\"1 dakika\" \/>\n<script type=\"application\/ld+json\" class=\"yoast-schema-graph\">{\"@context\":\"https:\/\/schema.org\",\"@graph\":[{\"@type\":\"WebPage\",\"@id\":\"https:\/\/integralelektronik.com\/tr\/product\/dwyer-series-bdpa-adjustable-differential-pressure-alarm\/\",\"url\":\"https:\/\/integralelektronik.com\/tr\/product\/dwyer-series-bdpa-adjustable-differential-pressure-alarm\/\",\"name\":\"DWYER Series BDPA Adjustable Differential Pressure Alarm - \u0130ntegral Elektronik\",\"isPartOf\":{\"@id\":\"https:\/\/integralelektronik.com\/#website\"},\"primaryImageOfPage\":{\"@id\":\"https:\/\/integralelektronik.com\/tr\/product\/dwyer-series-bdpa-adjustable-differential-pressure-alarm\/#primaryimage\"},\"image\":{\"@id\":\"https:\/\/integralelektronik.com\/tr\/product\/dwyer-series-bdpa-adjustable-differential-pressure-alarm\/#primaryimage\"},\"thumbnailUrl\":\"https:\/\/integralelektronik.com\/wp-content\/uploads\/2021\/03\/BPDA_1000x10001.jpg\",\"datePublished\":\"2021-03-02T20:01:32+00:00\",\"dateModified\":\"2021-03-02T20:01:33+00:00\",\"breadcrumb\":{\"@id\":\"https:\/\/integralelektronik.com\/tr\/product\/dwyer-series-bdpa-adjustable-differential-pressure-alarm\/#breadcrumb\"},\"inLanguage\":\"tr\",\"potentialAction\":[{\"@type\":\"ReadAction\",\"target\":[\"https:\/\/integralelektronik.com\/tr\/product\/dwyer-series-bdpa-adjustable-differential-pressure-alarm\/\"]}]},{\"@type\":\"ImageObject\",\"inLanguage\":\"tr\",\"@id\":\"https:\/\/integralelektronik.com\/tr\/product\/dwyer-series-bdpa-adjustable-differential-pressure-alarm\/#primaryimage\",\"url\":\"https:\/\/integralelektronik.com\/wp-content\/uploads\/2021\/03\/BPDA_1000x10001.jpg\",\"contentUrl\":\"https:\/\/integralelektronik.com\/wp-content\/uploads\/2021\/03\/BPDA_1000x10001.jpg\",\"width\":1000,\"height\":1000},{\"@type\":\"BreadcrumbList\",\"@id\":\"https:\/\/integralelektronik.com\/tr\/product\/dwyer-series-bdpa-adjustable-differential-pressure-alarm\/#breadcrumb\",\"itemListElement\":[{\"@type\":\"ListItem\",\"position\":1,\"name\":\"Home\",\"item\":\"https:\/\/integralelektronik.com\/tr\/\"},{\"@type\":\"ListItem\",\"position\":2,\"name\":\"Shop\",\"item\":\"https:\/\/integralelektronik.com\/shop\/\"},{\"@type\":\"ListItem\",\"position\":3,\"name\":\"DWYER Series BDPA Adjustable Differential Pressure Alarm\"}]},{\"@type\":\"WebSite\",\"@id\":\"https:\/\/integralelektronik.com\/#website\",\"url\":\"https:\/\/integralelektronik.com\/\",\"name\":\"\u0130ntegral Elektronik\",\"description\":\"\",\"publisher\":{\"@id\":\"https:\/\/integralelektronik.com\/#organization\"},\"potentialAction\":[{\"@type\":\"SearchAction\",\"target\":{\"@type\":\"EntryPoint\",\"urlTemplate\":\"https:\/\/integralelektronik.com\/?s={search_term_string}\"},\"query-input\":{\"@type\":\"PropertyValueSpecification\",\"valueRequired\":true,\"valueName\":\"search_term_string\"}}],\"inLanguage\":\"tr\"},{\"@type\":\"Organization\",\"@id\":\"https:\/\/integralelektronik.com\/#organization\",\"name\":\"\u0130ntegral Elektronik\",\"url\":\"https:\/\/integralelektronik.com\/\",\"logo\":{\"@type\":\"ImageObject\",\"inLanguage\":\"tr\",\"@id\":\"https:\/\/integralelektronik.com\/#\/schema\/logo\/image\/\",\"url\":\"https:\/\/integralelektronik.com\/wp-content\/uploads\/2020\/10\/logo.png\",\"contentUrl\":\"https:\/\/integralelektronik.com\/wp-content\/uploads\/2020\/10\/logo.png\",\"width\":180,\"height\":90,\"caption\":\"\u0130ntegral Elektronik\"},\"image\":{\"@id\":\"https:\/\/integralelektronik.com\/#\/schema\/logo\/image\/\"}}]}<\/script>\n<!-- \/ Yoast SEO plugin. -->","yoast_head_json":{"title":"DWYER Series BDPA Adjustable Differential Pressure Alarm - \u0130ntegral Elektronik","robots":{"index":"index","follow":"follow","max-snippet":"max-snippet:-1","max-image-preview":"max-image-preview:large","max-video-preview":"max-video-preview:-1"},"canonical":"https:\/\/integralelektronik.com\/tr\/product\/dwyer-series-bdpa-adjustable-differential-pressure-alarm\/","og_locale":"tr_TR","og_type":"article","og_title":"DWYER Series BDPA Adjustable Differential Pressure Alarm - \u0130ntegral Elektronik","og_description":"Stok Kodu: BDPA-03-2-N Ayarlanabilir fark bas\u0131n\u00e7 alarm\u0131, aral\u0131\u011f\u0131 .20-2.00 \u2033 wc, M20 ba\u011flant\u0131s\u0131.","og_url":"https:\/\/integralelektronik.com\/tr\/product\/dwyer-series-bdpa-adjustable-differential-pressure-alarm\/","og_site_name":"\u0130ntegral Elektronik","article_modified_time":"2021-03-02T20:01:33+00:00","og_image":[{"width":1000,"height":1000,"url":"https:\/\/integralelektronik.com\/wp-content\/uploads\/2021\/03\/BPDA_1000x10001.jpg","type":"image\/jpeg"}],"twitter_card":"summary_large_image","twitter_misc":{"Tahmini okuma s\u00fcresi":"1 dakika"},"schema":{"@context":"https:\/\/schema.org","@graph":[{"@type":"WebPage","@id":"https:\/\/integralelektronik.com\/tr\/product\/dwyer-series-bdpa-adjustable-differential-pressure-alarm\/","url":"https:\/\/integralelektronik.com\/tr\/product\/dwyer-series-bdpa-adjustable-differential-pressure-alarm\/","name":"DWYER Series BDPA Adjustable Differential Pressure Alarm - \u0130ntegral Elektronik","isPartOf":{"@id":"https:\/\/integralelektronik.com\/#website"},"primaryImageOfPage":{"@id":"https:\/\/integralelektronik.com\/tr\/product\/dwyer-series-bdpa-adjustable-differential-pressure-alarm\/#primaryimage"},"image":{"@id":"https:\/\/integralelektronik.com\/tr\/product\/dwyer-series-bdpa-adjustable-differential-pressure-alarm\/#primaryimage"},"thumbnailUrl":"https:\/\/integralelektronik.com\/wp-content\/uploads\/2021\/03\/BPDA_1000x10001.jpg","datePublished":"2021-03-02T20:01:32+00:00","dateModified":"2021-03-02T20:01:33+00:00","breadcrumb":{"@id":"https:\/\/integralelektronik.com\/tr\/product\/dwyer-series-bdpa-adjustable-differential-pressure-alarm\/#breadcrumb"},"inLanguage":"tr","potentialAction":[{"@type":"ReadAction","target":["https:\/\/integralelektronik.com\/tr\/product\/dwyer-series-bdpa-adjustable-differential-pressure-alarm\/"]}]},{"@type":"ImageObject","inLanguage":"tr","@id":"https:\/\/integralelektronik.com\/tr\/product\/dwyer-series-bdpa-adjustable-differential-pressure-alarm\/#primaryimage","url":"https:\/\/integralelektronik.com\/wp-content\/uploads\/2021\/03\/BPDA_1000x10001.jpg","contentUrl":"https:\/\/integralelektronik.com\/wp-content\/uploads\/2021\/03\/BPDA_1000x10001.jpg","width":1000,"height":1000},{"@type":"BreadcrumbList","@id":"https:\/\/integralelektronik.com\/tr\/product\/dwyer-series-bdpa-adjustable-differential-pressure-alarm\/#breadcrumb","itemListElement":[{"@type":"ListItem","position":1,"name":"Home","item":"https:\/\/integralelektronik.com\/tr\/"},{"@type":"ListItem","position":2,"name":"Shop","item":"https:\/\/integralelektronik.com\/shop\/"},{"@type":"ListItem","position":3,"name":"DWYER Series BDPA Adjustable Differential Pressure Alarm"}]},{"@type":"WebSite","@id":"https:\/\/integralelektronik.com\/#website","url":"https:\/\/integralelektronik.com\/","name":"\u0130ntegral Elektronik","description":"","publisher":{"@id":"https:\/\/integralelektronik.com\/#organization"},"potentialAction":[{"@type":"SearchAction","target":{"@type":"EntryPoint","urlTemplate":"https:\/\/integralelektronik.com\/?s={search_term_string}"},"query-input":{"@type":"PropertyValueSpecification","valueRequired":true,"valueName":"search_term_string"}}],"inLanguage":"tr"},{"@type":"Organization","@id":"https:\/\/integralelektronik.com\/#organization","name":"\u0130ntegral Elektronik","url":"https:\/\/integralelektronik.com\/","logo":{"@type":"ImageObject","inLanguage":"tr","@id":"https:\/\/integralelektronik.com\/#\/schema\/logo\/image\/","url":"https:\/\/integralelektronik.com\/wp-content\/uploads\/2020\/10\/logo.png","contentUrl":"https:\/\/integralelektronik.com\/wp-content\/uploads\/2020\/10\/logo.png","width":180,"height":90,"caption":"\u0130ntegral Elektronik"},"image":{"@id":"https:\/\/integralelektronik.com\/#\/schema\/logo\/image\/"}}]}},"_links":{"self":[{"href":"https:\/\/integralelektronik.com\/tr\/wp-json\/wp\/v2\/product\/9202"}],"collection":[{"href":"https:\/\/integralelektronik.com\/tr\/wp-json\/wp\/v2\/product"}],"about":[{"href":"https:\/\/integralelektronik.com\/tr\/wp-json\/wp\/v2\/types\/product"}],"replies":[{"embeddable":true,"href":"https:\/\/integralelektronik.com\/tr\/wp-json\/wp\/v2\/comments?post=9202"}],"wp:featuredmedia":[{"embeddable":true,"href":"https:\/\/integralelektronik.com\/tr\/wp-json\/wp\/v2\/media\/9189"}],"wp:attachment":[{"href":"https:\/\/integralelektronik.com\/tr\/wp-json\/wp\/v2\/media?parent=9202"}],"wp:term":[{"taxonomy":"product_brand","embeddable":true,"href":"https:\/\/integralelektronik.com\/tr\/wp-json\/wp\/v2\/product_brand?post=9202"},{"taxonomy":"product_cat","embeddable":true,"href":"https:\/\/integralelektronik.com\/tr\/wp-json\/wp\/v2\/product_cat?post=9202"},{"taxonomy":"product_tag","embeddable":true,"href":"https:\/\/integralelektronik.com\/tr\/wp-json\/wp\/v2\/product_tag?post=9202"}],"curies":[{"name":"wp","href":"https:\/\/api.w.org\/{rel}","templated":true}]}}