{"id":9200,"date":"2021-03-02T22:59:55","date_gmt":"2021-03-02T19:59:55","guid":{"rendered":"https:\/\/integralelektronik.com\/?post_type=product&#038;p=9200"},"modified":"2021-03-02T22:59:56","modified_gmt":"2021-03-02T19:59:56","slug":"dwyer-series-ewdp-wireless-communications-adjustable-differential-pressure-switch","status":"publish","type":"product","link":"https:\/\/integralelektronik.com\/tr\/product\/dwyer-series-ewdp-wireless-communications-adjustable-differential-pressure-switch\/","title":{"rendered":"DWYER Series EWDP Wireless Communications Adjustable Differential Pressure Switch"},"content":{"rendered":"<p><b><span>Seri EWDP Kablosuz Haberle\u015fme Ayarlanabilir Diferansiyel Bas\u0131n\u00e7 Anahtar\u0131<\/span><\/b><span>\u00a0Bas\u0131n\u00e7, vakum ve diferansiyel bas\u0131n\u00e7lar\u0131 izlemek i\u00e7in EnOcean\u00ae kablosuz teknolojisini kullan\u0131r.\u00a0Su s\u00fctunu ve paskal in\u00e7 cinsinden \u00e7ift \u00f6l\u00e7ekli ayar d\u00fc\u011fmesi, bas\u0131n\u00e7 ayar noktas\u0131 olmadan bas\u0131n\u00e7 ayar noktas\u0131nda de\u011fi\u015fiklik yap\u0131lmas\u0131na izin verir.\u00a0Pille \u00e7al\u0131\u015fan anahtar, her durum de\u011fi\u015fikli\u011finde bir Seri USB-300 al\u0131c\u0131s\u0131na (ayr\u0131 sat\u0131l\u0131r) kablosuz olarak sinyal g\u00f6nderen 902 MHz veya 868 MHz frekanslar\u0131 i\u00e7in radyo mod\u00fcl\u00fc ile donat\u0131lm\u0131\u015ft\u0131r.\u00a0Silikon diyafram, bu seriyi hava ve di\u011fer yan\u0131c\u0131 olmayan gazlarla kullan\u0131m i\u00e7in ideal hale getirir.\u00a0EWDP, wc&#8217;de (20 Pa) 0,08&#8217;den wc&#8217;de 20&#8217;ye (5000 Pa) kadar olan ayarlarla mevcuttur.\u00a0Kompakt boyut, ayar d\u00fc\u011fmesi ve kablosuz \u00f6zellikler, EWDP&#8217;yi ge\u00e7ici kurulumlarda veya mevcut binalar\u0131n iyile\u015ftirmelerinde HVAC uygulamalar\u0131 i\u00e7in m\u00fckemmel bir se\u00e7im haline getirir.<\/span><\/p>\n","protected":false},"excerpt":{"rendered":"<h2><span>Stok Kodu: EWDP-03-2-LN<\/span><\/h2>\n<h3 class=\"pdp-product-info__description\"><span>EnOcean\u00ae-Etkin Diferansiyel Bas\u0131n\u00e7 Anahtar\u0131, .2-2.01 \u2033 wc, M20x1.5 ba\u011flant\u0131, d\u00fc\u015f\u00fck voltaj alt\u0131n kaplama, 902 MHz<\/span><\/h3>\n","protected":false},"featured_media":9193,"comment_status":"open","ping_status":"closed","template":"","meta":[],"product_brand":[],"product_cat":[574,575],"product_tag":[],"class_list":{"0":"post-9200","1":"product","2":"type-product","3":"status-publish","4":"has-post-thumbnail","6":"product_cat-dwyer-tr","7":"product_cat-fark-basinc-anahtari","9":"first","10":"instock","11":"shipping-taxable","12":"product-type-simple"},"yoast_head":"<!-- This site is optimized with the Yoast SEO plugin v24.3 - https:\/\/yoast.com\/wordpress\/plugins\/seo\/ -->\n<title>DWYER Series EWDP Wireless Communications Adjustable Differential Pressure Switch - \u0130ntegral Elektronik<\/title>\n<meta name=\"robots\" content=\"index, follow, max-snippet:-1, max-image-preview:large, max-video-preview:-1\" \/>\n<link rel=\"canonical\" href=\"https:\/\/integralelektronik.com\/tr\/product\/dwyer-series-ewdp-wireless-communications-adjustable-differential-pressure-switch\/\" \/>\n<meta property=\"og:locale\" content=\"tr_TR\" \/>\n<meta property=\"og:type\" content=\"article\" \/>\n<meta property=\"og:title\" content=\"DWYER Series EWDP Wireless Communications Adjustable Differential Pressure Switch - \u0130ntegral Elektronik\" \/>\n<meta property=\"og:description\" content=\"Stok Kodu: EWDP-03-2-LN EnOcean\u00ae-Etkin Diferansiyel Bas\u0131n\u00e7 Anahtar\u0131, .2-2.01 \u2033 wc, M20x1.5 ba\u011flant\u0131, d\u00fc\u015f\u00fck voltaj alt\u0131n kaplama, 902 MHz\" \/>\n<meta property=\"og:url\" content=\"https:\/\/integralelektronik.com\/tr\/product\/dwyer-series-ewdp-wireless-communications-adjustable-differential-pressure-switch\/\" \/>\n<meta property=\"og:site_name\" content=\"\u0130ntegral Elektronik\" \/>\n<meta property=\"article:modified_time\" content=\"2021-03-02T19:59:56+00:00\" \/>\n<meta property=\"og:image\" content=\"https:\/\/integralelektronik.com\/wp-content\/uploads\/2021\/03\/EWDP_Angle_1000x1000.gif\" \/>\n\t<meta property=\"og:image:width\" content=\"1000\" \/>\n\t<meta property=\"og:image:height\" content=\"1000\" \/>\n\t<meta property=\"og:image:type\" content=\"image\/gif\" \/>\n<meta name=\"twitter:card\" content=\"summary_large_image\" \/>\n<meta name=\"twitter:label1\" content=\"Tahmini okuma s\u00fcresi\" \/>\n\t<meta name=\"twitter:data1\" content=\"1 dakika\" \/>\n<script type=\"application\/ld+json\" class=\"yoast-schema-graph\">{\"@context\":\"https:\/\/schema.org\",\"@graph\":[{\"@type\":\"WebPage\",\"@id\":\"https:\/\/integralelektronik.com\/tr\/product\/dwyer-series-ewdp-wireless-communications-adjustable-differential-pressure-switch\/\",\"url\":\"https:\/\/integralelektronik.com\/tr\/product\/dwyer-series-ewdp-wireless-communications-adjustable-differential-pressure-switch\/\",\"name\":\"DWYER Series EWDP Wireless Communications Adjustable Differential Pressure Switch - \u0130ntegral Elektronik\",\"isPartOf\":{\"@id\":\"https:\/\/integralelektronik.com\/#website\"},\"primaryImageOfPage\":{\"@id\":\"https:\/\/integralelektronik.com\/tr\/product\/dwyer-series-ewdp-wireless-communications-adjustable-differential-pressure-switch\/#primaryimage\"},\"image\":{\"@id\":\"https:\/\/integralelektronik.com\/tr\/product\/dwyer-series-ewdp-wireless-communications-adjustable-differential-pressure-switch\/#primaryimage\"},\"thumbnailUrl\":\"https:\/\/integralelektronik.com\/wp-content\/uploads\/2021\/03\/EWDP_Angle_1000x1000.gif\",\"datePublished\":\"2021-03-02T19:59:55+00:00\",\"dateModified\":\"2021-03-02T19:59:56+00:00\",\"breadcrumb\":{\"@id\":\"https:\/\/integralelektronik.com\/tr\/product\/dwyer-series-ewdp-wireless-communications-adjustable-differential-pressure-switch\/#breadcrumb\"},\"inLanguage\":\"tr\",\"potentialAction\":[{\"@type\":\"ReadAction\",\"target\":[\"https:\/\/integralelektronik.com\/tr\/product\/dwyer-series-ewdp-wireless-communications-adjustable-differential-pressure-switch\/\"]}]},{\"@type\":\"ImageObject\",\"inLanguage\":\"tr\",\"@id\":\"https:\/\/integralelektronik.com\/tr\/product\/dwyer-series-ewdp-wireless-communications-adjustable-differential-pressure-switch\/#primaryimage\",\"url\":\"https:\/\/integralelektronik.com\/wp-content\/uploads\/2021\/03\/EWDP_Angle_1000x1000.gif\",\"contentUrl\":\"https:\/\/integralelektronik.com\/wp-content\/uploads\/2021\/03\/EWDP_Angle_1000x1000.gif\",\"width\":1000,\"height\":1000},{\"@type\":\"BreadcrumbList\",\"@id\":\"https:\/\/integralelektronik.com\/tr\/product\/dwyer-series-ewdp-wireless-communications-adjustable-differential-pressure-switch\/#breadcrumb\",\"itemListElement\":[{\"@type\":\"ListItem\",\"position\":1,\"name\":\"Home\",\"item\":\"https:\/\/integralelektronik.com\/tr\/\"},{\"@type\":\"ListItem\",\"position\":2,\"name\":\"Shop\",\"item\":\"https:\/\/integralelektronik.com\/shop\/\"},{\"@type\":\"ListItem\",\"position\":3,\"name\":\"DWYER Series EWDP Wireless Communications Adjustable Differential Pressure Switch\"}]},{\"@type\":\"WebSite\",\"@id\":\"https:\/\/integralelektronik.com\/#website\",\"url\":\"https:\/\/integralelektronik.com\/\",\"name\":\"\u0130ntegral Elektronik\",\"description\":\"\",\"publisher\":{\"@id\":\"https:\/\/integralelektronik.com\/#organization\"},\"potentialAction\":[{\"@type\":\"SearchAction\",\"target\":{\"@type\":\"EntryPoint\",\"urlTemplate\":\"https:\/\/integralelektronik.com\/?s={search_term_string}\"},\"query-input\":{\"@type\":\"PropertyValueSpecification\",\"valueRequired\":true,\"valueName\":\"search_term_string\"}}],\"inLanguage\":\"tr\"},{\"@type\":\"Organization\",\"@id\":\"https:\/\/integralelektronik.com\/#organization\",\"name\":\"\u0130ntegral Elektronik\",\"url\":\"https:\/\/integralelektronik.com\/\",\"logo\":{\"@type\":\"ImageObject\",\"inLanguage\":\"tr\",\"@id\":\"https:\/\/integralelektronik.com\/#\/schema\/logo\/image\/\",\"url\":\"https:\/\/integralelektronik.com\/wp-content\/uploads\/2020\/10\/logo.png\",\"contentUrl\":\"https:\/\/integralelektronik.com\/wp-content\/uploads\/2020\/10\/logo.png\",\"width\":180,\"height\":90,\"caption\":\"\u0130ntegral Elektronik\"},\"image\":{\"@id\":\"https:\/\/integralelektronik.com\/#\/schema\/logo\/image\/\"}}]}<\/script>\n<!-- \/ Yoast SEO plugin. -->","yoast_head_json":{"title":"DWYER Series EWDP Wireless Communications Adjustable Differential Pressure Switch - \u0130ntegral Elektronik","robots":{"index":"index","follow":"follow","max-snippet":"max-snippet:-1","max-image-preview":"max-image-preview:large","max-video-preview":"max-video-preview:-1"},"canonical":"https:\/\/integralelektronik.com\/tr\/product\/dwyer-series-ewdp-wireless-communications-adjustable-differential-pressure-switch\/","og_locale":"tr_TR","og_type":"article","og_title":"DWYER Series EWDP Wireless Communications Adjustable Differential Pressure Switch - \u0130ntegral Elektronik","og_description":"Stok Kodu: EWDP-03-2-LN EnOcean\u00ae-Etkin Diferansiyel Bas\u0131n\u00e7 Anahtar\u0131, .2-2.01 \u2033 wc, M20x1.5 ba\u011flant\u0131, d\u00fc\u015f\u00fck voltaj alt\u0131n kaplama, 902 MHz","og_url":"https:\/\/integralelektronik.com\/tr\/product\/dwyer-series-ewdp-wireless-communications-adjustable-differential-pressure-switch\/","og_site_name":"\u0130ntegral Elektronik","article_modified_time":"2021-03-02T19:59:56+00:00","og_image":[{"width":1000,"height":1000,"url":"https:\/\/integralelektronik.com\/wp-content\/uploads\/2021\/03\/EWDP_Angle_1000x1000.gif","type":"image\/gif"}],"twitter_card":"summary_large_image","twitter_misc":{"Tahmini okuma s\u00fcresi":"1 dakika"},"schema":{"@context":"https:\/\/schema.org","@graph":[{"@type":"WebPage","@id":"https:\/\/integralelektronik.com\/tr\/product\/dwyer-series-ewdp-wireless-communications-adjustable-differential-pressure-switch\/","url":"https:\/\/integralelektronik.com\/tr\/product\/dwyer-series-ewdp-wireless-communications-adjustable-differential-pressure-switch\/","name":"DWYER Series EWDP Wireless Communications Adjustable Differential Pressure Switch - \u0130ntegral Elektronik","isPartOf":{"@id":"https:\/\/integralelektronik.com\/#website"},"primaryImageOfPage":{"@id":"https:\/\/integralelektronik.com\/tr\/product\/dwyer-series-ewdp-wireless-communications-adjustable-differential-pressure-switch\/#primaryimage"},"image":{"@id":"https:\/\/integralelektronik.com\/tr\/product\/dwyer-series-ewdp-wireless-communications-adjustable-differential-pressure-switch\/#primaryimage"},"thumbnailUrl":"https:\/\/integralelektronik.com\/wp-content\/uploads\/2021\/03\/EWDP_Angle_1000x1000.gif","datePublished":"2021-03-02T19:59:55+00:00","dateModified":"2021-03-02T19:59:56+00:00","breadcrumb":{"@id":"https:\/\/integralelektronik.com\/tr\/product\/dwyer-series-ewdp-wireless-communications-adjustable-differential-pressure-switch\/#breadcrumb"},"inLanguage":"tr","potentialAction":[{"@type":"ReadAction","target":["https:\/\/integralelektronik.com\/tr\/product\/dwyer-series-ewdp-wireless-communications-adjustable-differential-pressure-switch\/"]}]},{"@type":"ImageObject","inLanguage":"tr","@id":"https:\/\/integralelektronik.com\/tr\/product\/dwyer-series-ewdp-wireless-communications-adjustable-differential-pressure-switch\/#primaryimage","url":"https:\/\/integralelektronik.com\/wp-content\/uploads\/2021\/03\/EWDP_Angle_1000x1000.gif","contentUrl":"https:\/\/integralelektronik.com\/wp-content\/uploads\/2021\/03\/EWDP_Angle_1000x1000.gif","width":1000,"height":1000},{"@type":"BreadcrumbList","@id":"https:\/\/integralelektronik.com\/tr\/product\/dwyer-series-ewdp-wireless-communications-adjustable-differential-pressure-switch\/#breadcrumb","itemListElement":[{"@type":"ListItem","position":1,"name":"Home","item":"https:\/\/integralelektronik.com\/tr\/"},{"@type":"ListItem","position":2,"name":"Shop","item":"https:\/\/integralelektronik.com\/shop\/"},{"@type":"ListItem","position":3,"name":"DWYER Series EWDP Wireless Communications Adjustable Differential Pressure Switch"}]},{"@type":"WebSite","@id":"https:\/\/integralelektronik.com\/#website","url":"https:\/\/integralelektronik.com\/","name":"\u0130ntegral Elektronik","description":"","publisher":{"@id":"https:\/\/integralelektronik.com\/#organization"},"potentialAction":[{"@type":"SearchAction","target":{"@type":"EntryPoint","urlTemplate":"https:\/\/integralelektronik.com\/?s={search_term_string}"},"query-input":{"@type":"PropertyValueSpecification","valueRequired":true,"valueName":"search_term_string"}}],"inLanguage":"tr"},{"@type":"Organization","@id":"https:\/\/integralelektronik.com\/#organization","name":"\u0130ntegral Elektronik","url":"https:\/\/integralelektronik.com\/","logo":{"@type":"ImageObject","inLanguage":"tr","@id":"https:\/\/integralelektronik.com\/#\/schema\/logo\/image\/","url":"https:\/\/integralelektronik.com\/wp-content\/uploads\/2020\/10\/logo.png","contentUrl":"https:\/\/integralelektronik.com\/wp-content\/uploads\/2020\/10\/logo.png","width":180,"height":90,"caption":"\u0130ntegral Elektronik"},"image":{"@id":"https:\/\/integralelektronik.com\/#\/schema\/logo\/image\/"}}]}},"_links":{"self":[{"href":"https:\/\/integralelektronik.com\/tr\/wp-json\/wp\/v2\/product\/9200"}],"collection":[{"href":"https:\/\/integralelektronik.com\/tr\/wp-json\/wp\/v2\/product"}],"about":[{"href":"https:\/\/integralelektronik.com\/tr\/wp-json\/wp\/v2\/types\/product"}],"replies":[{"embeddable":true,"href":"https:\/\/integralelektronik.com\/tr\/wp-json\/wp\/v2\/comments?post=9200"}],"wp:featuredmedia":[{"embeddable":true,"href":"https:\/\/integralelektronik.com\/tr\/wp-json\/wp\/v2\/media\/9193"}],"wp:attachment":[{"href":"https:\/\/integralelektronik.com\/tr\/wp-json\/wp\/v2\/media?parent=9200"}],"wp:term":[{"taxonomy":"product_brand","embeddable":true,"href":"https:\/\/integralelektronik.com\/tr\/wp-json\/wp\/v2\/product_brand?post=9200"},{"taxonomy":"product_cat","embeddable":true,"href":"https:\/\/integralelektronik.com\/tr\/wp-json\/wp\/v2\/product_cat?post=9200"},{"taxonomy":"product_tag","embeddable":true,"href":"https:\/\/integralelektronik.com\/tr\/wp-json\/wp\/v2\/product_tag?post=9200"}],"curies":[{"name":"wp","href":"https:\/\/api.w.org\/{rel}","templated":true}]}}