{"id":9198,"date":"2021-03-02T22:58:19","date_gmt":"2021-03-02T19:58:19","guid":{"rendered":"https:\/\/integralelektronik.com\/?post_type=product&#038;p=9198"},"modified":"2021-03-02T22:58:19","modified_gmt":"2021-03-02T19:58:19","slug":"dwyer-series-at-1800-atex-iecex-approved-low-differential-pressure-switch","status":"publish","type":"product","link":"https:\/\/integralelektronik.com\/tr\/product\/dwyer-series-at-1800-atex-iecex-approved-low-differential-pressure-switch\/","title":{"rendered":"DWYER Series AT-1800 ATEX\/IECEx Approved Low Differential Pressure Switch"},"content":{"rendered":"<p><span>End\u00fcstriyel ortamlar i\u00e7in gerekli olan\u00a0\u00a0<\/span><b><span>Seri AT-1800 ATEX \/ IECEx Onayl\u0131 D\u00fc\u015f\u00fck Diferansiyel Bas\u0131n\u00e7 Anahtar\u0131<\/span><\/b><span>\u00a0\u00a0, k\u00fc\u00e7\u00fck boyutu% 2 tekrarlanabilirlikle birle\u015ftirir.\u00a0Anahtar\u0131n i\u00e7indeki ayar noktas\u0131 ayar\u0131, wc&#8217;de .07&#8217;nin d\u00fc\u015f\u00fck ile wc diferansiyel bas\u0131nc\u0131nda maksimum 85 aras\u0131nda 9 aral\u0131kta ayar noktas\u0131 ayarlar\u0131na izin verir.\u00a0AT-1800 Serisi aleve dayan\u0131kl\u0131 muhafazalar al\u00fcminyum olarak mevcuttur ve d\u00fc\u015f\u00fck bas\u0131n\u00e7l\u0131 tehlikeli alan uygulamalar\u0131 i\u00e7in idealdir.\u00a0A\u015f\u0131r\u0131 bas\u0131n\u00e7 tahliye vanas\u0131 veya harici ayar noktas\u0131 ayar d\u00fc\u011fmesi gibi \u00e7e\u015fitli muhafaza se\u00e7enekleri mevcuttur.\u00a0Harici ayar noktas\u0131 d\u00fc\u011fmesi, muhafazay\u0131 a\u00e7madan ayarlamaya izin verir.<\/span><\/p>\n","protected":false},"excerpt":{"rendered":"<h2><span>Stok Kodu: AT-101NA-1823<\/span><\/h2>\n<h3 class=\"pdp-product-info__description\"><span>\u00a0AT-1800 PR SW W \/ ATEX KUTUSU<\/span><\/h3>\n","protected":false},"featured_media":9197,"comment_status":"open","ping_status":"closed","template":"","meta":[],"product_brand":[],"product_cat":[574,575],"product_tag":[],"class_list":{"0":"post-9198","1":"product","2":"type-product","3":"status-publish","4":"has-post-thumbnail","6":"product_cat-dwyer-tr","7":"product_cat-fark-basinc-anahtari","9":"first","10":"instock","11":"shipping-taxable","12":"product-type-simple"},"yoast_head":"<!-- This site is optimized with the Yoast SEO plugin v24.3 - https:\/\/yoast.com\/wordpress\/plugins\/seo\/ -->\n<title>DWYER Series AT-1800 ATEX\/IECEx Approved Low Differential Pressure Switch - \u0130ntegral Elektronik<\/title>\n<meta name=\"robots\" content=\"index, follow, max-snippet:-1, max-image-preview:large, max-video-preview:-1\" \/>\n<link rel=\"canonical\" href=\"https:\/\/integralelektronik.com\/tr\/product\/dwyer-series-at-1800-atex-iecex-approved-low-differential-pressure-switch\/\" \/>\n<meta property=\"og:locale\" content=\"tr_TR\" \/>\n<meta property=\"og:type\" content=\"article\" \/>\n<meta property=\"og:title\" content=\"DWYER Series AT-1800 ATEX\/IECEx Approved Low Differential Pressure Switch - \u0130ntegral Elektronik\" \/>\n<meta property=\"og:description\" content=\"Stok Kodu: AT-101NA-1823 \u00a0AT-1800 PR SW W \/ ATEX KUTUSU\" \/>\n<meta property=\"og:url\" content=\"https:\/\/integralelektronik.com\/tr\/product\/dwyer-series-at-1800-atex-iecex-approved-low-differential-pressure-switch\/\" \/>\n<meta property=\"og:site_name\" content=\"\u0130ntegral Elektronik\" \/>\n<meta property=\"og:image\" content=\"https:\/\/integralelektronik.com\/wp-content\/uploads\/2021\/03\/AT_1800_1000x1000.jpg\" \/>\n\t<meta property=\"og:image:width\" content=\"1000\" \/>\n\t<meta property=\"og:image:height\" content=\"1000\" \/>\n\t<meta property=\"og:image:type\" content=\"image\/jpeg\" \/>\n<meta name=\"twitter:card\" content=\"summary_large_image\" \/>\n<meta name=\"twitter:label1\" content=\"Tahmini okuma s\u00fcresi\" \/>\n\t<meta name=\"twitter:data1\" content=\"1 dakika\" \/>\n<script type=\"application\/ld+json\" class=\"yoast-schema-graph\">{\"@context\":\"https:\/\/schema.org\",\"@graph\":[{\"@type\":\"WebPage\",\"@id\":\"https:\/\/integralelektronik.com\/tr\/product\/dwyer-series-at-1800-atex-iecex-approved-low-differential-pressure-switch\/\",\"url\":\"https:\/\/integralelektronik.com\/tr\/product\/dwyer-series-at-1800-atex-iecex-approved-low-differential-pressure-switch\/\",\"name\":\"DWYER Series AT-1800 ATEX\/IECEx Approved Low Differential Pressure Switch - \u0130ntegral Elektronik\",\"isPartOf\":{\"@id\":\"https:\/\/integralelektronik.com\/#website\"},\"primaryImageOfPage\":{\"@id\":\"https:\/\/integralelektronik.com\/tr\/product\/dwyer-series-at-1800-atex-iecex-approved-low-differential-pressure-switch\/#primaryimage\"},\"image\":{\"@id\":\"https:\/\/integralelektronik.com\/tr\/product\/dwyer-series-at-1800-atex-iecex-approved-low-differential-pressure-switch\/#primaryimage\"},\"thumbnailUrl\":\"https:\/\/integralelektronik.com\/wp-content\/uploads\/2021\/03\/AT_1800_1000x1000.jpg\",\"datePublished\":\"2021-03-02T19:58:19+00:00\",\"dateModified\":\"2021-03-02T19:58:19+00:00\",\"breadcrumb\":{\"@id\":\"https:\/\/integralelektronik.com\/tr\/product\/dwyer-series-at-1800-atex-iecex-approved-low-differential-pressure-switch\/#breadcrumb\"},\"inLanguage\":\"tr\",\"potentialAction\":[{\"@type\":\"ReadAction\",\"target\":[\"https:\/\/integralelektronik.com\/tr\/product\/dwyer-series-at-1800-atex-iecex-approved-low-differential-pressure-switch\/\"]}]},{\"@type\":\"ImageObject\",\"inLanguage\":\"tr\",\"@id\":\"https:\/\/integralelektronik.com\/tr\/product\/dwyer-series-at-1800-atex-iecex-approved-low-differential-pressure-switch\/#primaryimage\",\"url\":\"https:\/\/integralelektronik.com\/wp-content\/uploads\/2021\/03\/AT_1800_1000x1000.jpg\",\"contentUrl\":\"https:\/\/integralelektronik.com\/wp-content\/uploads\/2021\/03\/AT_1800_1000x1000.jpg\",\"width\":1000,\"height\":1000},{\"@type\":\"BreadcrumbList\",\"@id\":\"https:\/\/integralelektronik.com\/tr\/product\/dwyer-series-at-1800-atex-iecex-approved-low-differential-pressure-switch\/#breadcrumb\",\"itemListElement\":[{\"@type\":\"ListItem\",\"position\":1,\"name\":\"Home\",\"item\":\"https:\/\/integralelektronik.com\/tr\/\"},{\"@type\":\"ListItem\",\"position\":2,\"name\":\"Shop\",\"item\":\"https:\/\/integralelektronik.com\/shop\/\"},{\"@type\":\"ListItem\",\"position\":3,\"name\":\"DWYER Series AT-1800 ATEX\/IECEx Approved Low Differential Pressure Switch\"}]},{\"@type\":\"WebSite\",\"@id\":\"https:\/\/integralelektronik.com\/#website\",\"url\":\"https:\/\/integralelektronik.com\/\",\"name\":\"\u0130ntegral Elektronik\",\"description\":\"\",\"publisher\":{\"@id\":\"https:\/\/integralelektronik.com\/#organization\"},\"potentialAction\":[{\"@type\":\"SearchAction\",\"target\":{\"@type\":\"EntryPoint\",\"urlTemplate\":\"https:\/\/integralelektronik.com\/?s={search_term_string}\"},\"query-input\":{\"@type\":\"PropertyValueSpecification\",\"valueRequired\":true,\"valueName\":\"search_term_string\"}}],\"inLanguage\":\"tr\"},{\"@type\":\"Organization\",\"@id\":\"https:\/\/integralelektronik.com\/#organization\",\"name\":\"\u0130ntegral Elektronik\",\"url\":\"https:\/\/integralelektronik.com\/\",\"logo\":{\"@type\":\"ImageObject\",\"inLanguage\":\"tr\",\"@id\":\"https:\/\/integralelektronik.com\/#\/schema\/logo\/image\/\",\"url\":\"https:\/\/integralelektronik.com\/wp-content\/uploads\/2020\/10\/logo.png\",\"contentUrl\":\"https:\/\/integralelektronik.com\/wp-content\/uploads\/2020\/10\/logo.png\",\"width\":180,\"height\":90,\"caption\":\"\u0130ntegral Elektronik\"},\"image\":{\"@id\":\"https:\/\/integralelektronik.com\/#\/schema\/logo\/image\/\"}}]}<\/script>\n<!-- \/ Yoast SEO plugin. -->","yoast_head_json":{"title":"DWYER Series AT-1800 ATEX\/IECEx Approved Low Differential Pressure Switch - \u0130ntegral Elektronik","robots":{"index":"index","follow":"follow","max-snippet":"max-snippet:-1","max-image-preview":"max-image-preview:large","max-video-preview":"max-video-preview:-1"},"canonical":"https:\/\/integralelektronik.com\/tr\/product\/dwyer-series-at-1800-atex-iecex-approved-low-differential-pressure-switch\/","og_locale":"tr_TR","og_type":"article","og_title":"DWYER Series AT-1800 ATEX\/IECEx Approved Low Differential Pressure Switch - \u0130ntegral Elektronik","og_description":"Stok Kodu: AT-101NA-1823 \u00a0AT-1800 PR SW W \/ ATEX KUTUSU","og_url":"https:\/\/integralelektronik.com\/tr\/product\/dwyer-series-at-1800-atex-iecex-approved-low-differential-pressure-switch\/","og_site_name":"\u0130ntegral Elektronik","og_image":[{"width":1000,"height":1000,"url":"https:\/\/integralelektronik.com\/wp-content\/uploads\/2021\/03\/AT_1800_1000x1000.jpg","type":"image\/jpeg"}],"twitter_card":"summary_large_image","twitter_misc":{"Tahmini okuma s\u00fcresi":"1 dakika"},"schema":{"@context":"https:\/\/schema.org","@graph":[{"@type":"WebPage","@id":"https:\/\/integralelektronik.com\/tr\/product\/dwyer-series-at-1800-atex-iecex-approved-low-differential-pressure-switch\/","url":"https:\/\/integralelektronik.com\/tr\/product\/dwyer-series-at-1800-atex-iecex-approved-low-differential-pressure-switch\/","name":"DWYER Series AT-1800 ATEX\/IECEx Approved Low Differential Pressure Switch - \u0130ntegral Elektronik","isPartOf":{"@id":"https:\/\/integralelektronik.com\/#website"},"primaryImageOfPage":{"@id":"https:\/\/integralelektronik.com\/tr\/product\/dwyer-series-at-1800-atex-iecex-approved-low-differential-pressure-switch\/#primaryimage"},"image":{"@id":"https:\/\/integralelektronik.com\/tr\/product\/dwyer-series-at-1800-atex-iecex-approved-low-differential-pressure-switch\/#primaryimage"},"thumbnailUrl":"https:\/\/integralelektronik.com\/wp-content\/uploads\/2021\/03\/AT_1800_1000x1000.jpg","datePublished":"2021-03-02T19:58:19+00:00","dateModified":"2021-03-02T19:58:19+00:00","breadcrumb":{"@id":"https:\/\/integralelektronik.com\/tr\/product\/dwyer-series-at-1800-atex-iecex-approved-low-differential-pressure-switch\/#breadcrumb"},"inLanguage":"tr","potentialAction":[{"@type":"ReadAction","target":["https:\/\/integralelektronik.com\/tr\/product\/dwyer-series-at-1800-atex-iecex-approved-low-differential-pressure-switch\/"]}]},{"@type":"ImageObject","inLanguage":"tr","@id":"https:\/\/integralelektronik.com\/tr\/product\/dwyer-series-at-1800-atex-iecex-approved-low-differential-pressure-switch\/#primaryimage","url":"https:\/\/integralelektronik.com\/wp-content\/uploads\/2021\/03\/AT_1800_1000x1000.jpg","contentUrl":"https:\/\/integralelektronik.com\/wp-content\/uploads\/2021\/03\/AT_1800_1000x1000.jpg","width":1000,"height":1000},{"@type":"BreadcrumbList","@id":"https:\/\/integralelektronik.com\/tr\/product\/dwyer-series-at-1800-atex-iecex-approved-low-differential-pressure-switch\/#breadcrumb","itemListElement":[{"@type":"ListItem","position":1,"name":"Home","item":"https:\/\/integralelektronik.com\/tr\/"},{"@type":"ListItem","position":2,"name":"Shop","item":"https:\/\/integralelektronik.com\/shop\/"},{"@type":"ListItem","position":3,"name":"DWYER Series AT-1800 ATEX\/IECEx Approved Low Differential Pressure Switch"}]},{"@type":"WebSite","@id":"https:\/\/integralelektronik.com\/#website","url":"https:\/\/integralelektronik.com\/","name":"\u0130ntegral Elektronik","description":"","publisher":{"@id":"https:\/\/integralelektronik.com\/#organization"},"potentialAction":[{"@type":"SearchAction","target":{"@type":"EntryPoint","urlTemplate":"https:\/\/integralelektronik.com\/?s={search_term_string}"},"query-input":{"@type":"PropertyValueSpecification","valueRequired":true,"valueName":"search_term_string"}}],"inLanguage":"tr"},{"@type":"Organization","@id":"https:\/\/integralelektronik.com\/#organization","name":"\u0130ntegral Elektronik","url":"https:\/\/integralelektronik.com\/","logo":{"@type":"ImageObject","inLanguage":"tr","@id":"https:\/\/integralelektronik.com\/#\/schema\/logo\/image\/","url":"https:\/\/integralelektronik.com\/wp-content\/uploads\/2020\/10\/logo.png","contentUrl":"https:\/\/integralelektronik.com\/wp-content\/uploads\/2020\/10\/logo.png","width":180,"height":90,"caption":"\u0130ntegral Elektronik"},"image":{"@id":"https:\/\/integralelektronik.com\/#\/schema\/logo\/image\/"}}]}},"_links":{"self":[{"href":"https:\/\/integralelektronik.com\/tr\/wp-json\/wp\/v2\/product\/9198"}],"collection":[{"href":"https:\/\/integralelektronik.com\/tr\/wp-json\/wp\/v2\/product"}],"about":[{"href":"https:\/\/integralelektronik.com\/tr\/wp-json\/wp\/v2\/types\/product"}],"replies":[{"embeddable":true,"href":"https:\/\/integralelektronik.com\/tr\/wp-json\/wp\/v2\/comments?post=9198"}],"wp:featuredmedia":[{"embeddable":true,"href":"https:\/\/integralelektronik.com\/tr\/wp-json\/wp\/v2\/media\/9197"}],"wp:attachment":[{"href":"https:\/\/integralelektronik.com\/tr\/wp-json\/wp\/v2\/media?parent=9198"}],"wp:term":[{"taxonomy":"product_brand","embeddable":true,"href":"https:\/\/integralelektronik.com\/tr\/wp-json\/wp\/v2\/product_brand?post=9198"},{"taxonomy":"product_cat","embeddable":true,"href":"https:\/\/integralelektronik.com\/tr\/wp-json\/wp\/v2\/product_cat?post=9198"},{"taxonomy":"product_tag","embeddable":true,"href":"https:\/\/integralelektronik.com\/tr\/wp-json\/wp\/v2\/product_tag?post=9198"}],"curies":[{"name":"wp","href":"https:\/\/api.w.org\/{rel}","templated":true}]}}