{"id":8950,"date":"2021-02-25T23:27:15","date_gmt":"2021-02-25T20:27:15","guid":{"rendered":"https:\/\/integralelektronik.com\/?post_type=product&#038;p=8950"},"modified":"2021-02-25T23:27:16","modified_gmt":"2021-02-25T20:27:16","slug":"abb-ct-ere-1svr550107r2100","status":"publish","type":"product","link":"https:\/\/integralelektronik.com\/tr\/product\/abb-ct-ere-1svr550107r2100\/","title":{"rendered":"ABB-CT-ERE &#8211; 1SVR550107R2100"},"content":{"rendered":"<p>EAN:<span class=\"sku_wrapper\"><span class=\"sku\">4013614346217<\/span><\/span>\u00a0<span class=\"posted_in\">\u00a0<\/span><\/p>\n<p><span>CT-ERE, CT-E zamanlay\u0131c\u0131 serisinden tek i\u015flevli bir elektronik zaman r\u00f6lesidir.\u00a0<\/span><span>3 sn ile 300 sn aras\u0131nda bir zaman aral\u0131\u011f\u0131 ile bir ON-delay (a\u00e7mada gecikme) i\u015flevi sa\u011flar.\u00a0<\/span><span>Bu zaman r\u00f6lesi, 24 V AC \/ DC \/ 220-240 V AC nominal kontrol besleme gerilimiyle \u00e7al\u0131\u015f\u0131r ve 250 V \/ 4 A de\u011ferinde 1 c \/ o (SPDT) \u00e7\u0131k\u0131\u015f\u0131na sahiptir.<\/span><\/p>\n","protected":false},"excerpt":{"rendered":"<h2><span>\u00dcr\u00fcn Kodu: 1SVR550107R2100<\/span><\/h2>\n<h3 class=\"pdp-product-info__description\"><span>Katalog A\u00e7\u0131klamas\u0131: CT-ERE Zaman r\u00f6lesi, A\u00e7ma gecikmesi 1c \/ o, 3-300s, 24VAC \/ DC 220-240VAC<\/span><\/h3>\n","protected":false},"featured_media":8945,"comment_status":"open","ping_status":"closed","template":"","meta":[],"product_brand":[],"product_cat":[553,564],"product_tag":[],"class_list":{"0":"post-8950","1":"product","2":"type-product","3":"status-publish","4":"has-post-thumbnail","6":"product_cat-abb-2","7":"product_cat-zaman-rolesi","9":"first","10":"instock","11":"shipping-taxable","12":"product-type-simple"},"yoast_head":"<!-- This site is optimized with the Yoast SEO plugin v24.3 - https:\/\/yoast.com\/wordpress\/plugins\/seo\/ -->\n<title>ABB-CT-ERE - 1SVR550107R2100 - \u0130ntegral Elektronik<\/title>\n<meta name=\"robots\" content=\"index, follow, max-snippet:-1, max-image-preview:large, max-video-preview:-1\" \/>\n<link rel=\"canonical\" href=\"https:\/\/integralelektronik.com\/tr\/product\/abb-ct-ere-1svr550107r2100\/\" \/>\n<meta property=\"og:locale\" content=\"tr_TR\" \/>\n<meta property=\"og:type\" content=\"article\" \/>\n<meta property=\"og:title\" content=\"ABB-CT-ERE - 1SVR550107R2100 - \u0130ntegral Elektronik\" \/>\n<meta property=\"og:description\" content=\"\u00dcr\u00fcn Kodu: 1SVR550107R2100 Katalog A\u00e7\u0131klamas\u0131: CT-ERE Zaman r\u00f6lesi, A\u00e7ma gecikmesi 1c \/ o, 3-300s, 24VAC \/ DC 220-240VAC\" \/>\n<meta property=\"og:url\" content=\"https:\/\/integralelektronik.com\/tr\/product\/abb-ct-ere-1svr550107r2100\/\" \/>\n<meta property=\"og:site_name\" content=\"\u0130ntegral Elektronik\" \/>\n<meta property=\"article:modified_time\" content=\"2021-02-25T20:27:16+00:00\" \/>\n<meta property=\"og:image\" content=\"https:\/\/integralelektronik.com\/wp-content\/uploads\/2021\/02\/1SVR550107F4100_720x540.jpg\" \/>\n\t<meta property=\"og:image:width\" content=\"306\" \/>\n\t<meta property=\"og:image:height\" content=\"540\" \/>\n\t<meta property=\"og:image:type\" content=\"image\/jpeg\" \/>\n<meta name=\"twitter:card\" content=\"summary_large_image\" \/>\n<script type=\"application\/ld+json\" class=\"yoast-schema-graph\">{\"@context\":\"https:\/\/schema.org\",\"@graph\":[{\"@type\":\"WebPage\",\"@id\":\"https:\/\/integralelektronik.com\/tr\/product\/abb-ct-ere-1svr550107r2100\/\",\"url\":\"https:\/\/integralelektronik.com\/tr\/product\/abb-ct-ere-1svr550107r2100\/\",\"name\":\"ABB-CT-ERE - 1SVR550107R2100 - \u0130ntegral Elektronik\",\"isPartOf\":{\"@id\":\"https:\/\/integralelektronik.com\/#website\"},\"primaryImageOfPage\":{\"@id\":\"https:\/\/integralelektronik.com\/tr\/product\/abb-ct-ere-1svr550107r2100\/#primaryimage\"},\"image\":{\"@id\":\"https:\/\/integralelektronik.com\/tr\/product\/abb-ct-ere-1svr550107r2100\/#primaryimage\"},\"thumbnailUrl\":\"https:\/\/integralelektronik.com\/wp-content\/uploads\/2021\/02\/1SVR550107F4100_720x540.jpg\",\"datePublished\":\"2021-02-25T20:27:15+00:00\",\"dateModified\":\"2021-02-25T20:27:16+00:00\",\"breadcrumb\":{\"@id\":\"https:\/\/integralelektronik.com\/tr\/product\/abb-ct-ere-1svr550107r2100\/#breadcrumb\"},\"inLanguage\":\"tr\",\"potentialAction\":[{\"@type\":\"ReadAction\",\"target\":[\"https:\/\/integralelektronik.com\/tr\/product\/abb-ct-ere-1svr550107r2100\/\"]}]},{\"@type\":\"ImageObject\",\"inLanguage\":\"tr\",\"@id\":\"https:\/\/integralelektronik.com\/tr\/product\/abb-ct-ere-1svr550107r2100\/#primaryimage\",\"url\":\"https:\/\/integralelektronik.com\/wp-content\/uploads\/2021\/02\/1SVR550107F4100_720x540.jpg\",\"contentUrl\":\"https:\/\/integralelektronik.com\/wp-content\/uploads\/2021\/02\/1SVR550107F4100_720x540.jpg\",\"width\":306,\"height\":540},{\"@type\":\"BreadcrumbList\",\"@id\":\"https:\/\/integralelektronik.com\/tr\/product\/abb-ct-ere-1svr550107r2100\/#breadcrumb\",\"itemListElement\":[{\"@type\":\"ListItem\",\"position\":1,\"name\":\"Home\",\"item\":\"https:\/\/integralelektronik.com\/tr\/\"},{\"@type\":\"ListItem\",\"position\":2,\"name\":\"Shop\",\"item\":\"https:\/\/integralelektronik.com\/shop\/\"},{\"@type\":\"ListItem\",\"position\":3,\"name\":\"ABB-CT-ERE &#8211; 1SVR550107R2100\"}]},{\"@type\":\"WebSite\",\"@id\":\"https:\/\/integralelektronik.com\/#website\",\"url\":\"https:\/\/integralelektronik.com\/\",\"name\":\"\u0130ntegral Elektronik\",\"description\":\"\",\"publisher\":{\"@id\":\"https:\/\/integralelektronik.com\/#organization\"},\"potentialAction\":[{\"@type\":\"SearchAction\",\"target\":{\"@type\":\"EntryPoint\",\"urlTemplate\":\"https:\/\/integralelektronik.com\/?s={search_term_string}\"},\"query-input\":{\"@type\":\"PropertyValueSpecification\",\"valueRequired\":true,\"valueName\":\"search_term_string\"}}],\"inLanguage\":\"tr\"},{\"@type\":\"Organization\",\"@id\":\"https:\/\/integralelektronik.com\/#organization\",\"name\":\"\u0130ntegral Elektronik\",\"url\":\"https:\/\/integralelektronik.com\/\",\"logo\":{\"@type\":\"ImageObject\",\"inLanguage\":\"tr\",\"@id\":\"https:\/\/integralelektronik.com\/#\/schema\/logo\/image\/\",\"url\":\"https:\/\/integralelektronik.com\/wp-content\/uploads\/2020\/10\/logo.png\",\"contentUrl\":\"https:\/\/integralelektronik.com\/wp-content\/uploads\/2020\/10\/logo.png\",\"width\":180,\"height\":90,\"caption\":\"\u0130ntegral Elektronik\"},\"image\":{\"@id\":\"https:\/\/integralelektronik.com\/#\/schema\/logo\/image\/\"}}]}<\/script>\n<!-- \/ Yoast SEO plugin. -->","yoast_head_json":{"title":"ABB-CT-ERE - 1SVR550107R2100 - \u0130ntegral Elektronik","robots":{"index":"index","follow":"follow","max-snippet":"max-snippet:-1","max-image-preview":"max-image-preview:large","max-video-preview":"max-video-preview:-1"},"canonical":"https:\/\/integralelektronik.com\/tr\/product\/abb-ct-ere-1svr550107r2100\/","og_locale":"tr_TR","og_type":"article","og_title":"ABB-CT-ERE - 1SVR550107R2100 - \u0130ntegral Elektronik","og_description":"\u00dcr\u00fcn Kodu: 1SVR550107R2100 Katalog A\u00e7\u0131klamas\u0131: CT-ERE Zaman r\u00f6lesi, A\u00e7ma gecikmesi 1c \/ o, 3-300s, 24VAC \/ DC 220-240VAC","og_url":"https:\/\/integralelektronik.com\/tr\/product\/abb-ct-ere-1svr550107r2100\/","og_site_name":"\u0130ntegral Elektronik","article_modified_time":"2021-02-25T20:27:16+00:00","og_image":[{"width":306,"height":540,"url":"https:\/\/integralelektronik.com\/wp-content\/uploads\/2021\/02\/1SVR550107F4100_720x540.jpg","type":"image\/jpeg"}],"twitter_card":"summary_large_image","schema":{"@context":"https:\/\/schema.org","@graph":[{"@type":"WebPage","@id":"https:\/\/integralelektronik.com\/tr\/product\/abb-ct-ere-1svr550107r2100\/","url":"https:\/\/integralelektronik.com\/tr\/product\/abb-ct-ere-1svr550107r2100\/","name":"ABB-CT-ERE - 1SVR550107R2100 - \u0130ntegral Elektronik","isPartOf":{"@id":"https:\/\/integralelektronik.com\/#website"},"primaryImageOfPage":{"@id":"https:\/\/integralelektronik.com\/tr\/product\/abb-ct-ere-1svr550107r2100\/#primaryimage"},"image":{"@id":"https:\/\/integralelektronik.com\/tr\/product\/abb-ct-ere-1svr550107r2100\/#primaryimage"},"thumbnailUrl":"https:\/\/integralelektronik.com\/wp-content\/uploads\/2021\/02\/1SVR550107F4100_720x540.jpg","datePublished":"2021-02-25T20:27:15+00:00","dateModified":"2021-02-25T20:27:16+00:00","breadcrumb":{"@id":"https:\/\/integralelektronik.com\/tr\/product\/abb-ct-ere-1svr550107r2100\/#breadcrumb"},"inLanguage":"tr","potentialAction":[{"@type":"ReadAction","target":["https:\/\/integralelektronik.com\/tr\/product\/abb-ct-ere-1svr550107r2100\/"]}]},{"@type":"ImageObject","inLanguage":"tr","@id":"https:\/\/integralelektronik.com\/tr\/product\/abb-ct-ere-1svr550107r2100\/#primaryimage","url":"https:\/\/integralelektronik.com\/wp-content\/uploads\/2021\/02\/1SVR550107F4100_720x540.jpg","contentUrl":"https:\/\/integralelektronik.com\/wp-content\/uploads\/2021\/02\/1SVR550107F4100_720x540.jpg","width":306,"height":540},{"@type":"BreadcrumbList","@id":"https:\/\/integralelektronik.com\/tr\/product\/abb-ct-ere-1svr550107r2100\/#breadcrumb","itemListElement":[{"@type":"ListItem","position":1,"name":"Home","item":"https:\/\/integralelektronik.com\/tr\/"},{"@type":"ListItem","position":2,"name":"Shop","item":"https:\/\/integralelektronik.com\/shop\/"},{"@type":"ListItem","position":3,"name":"ABB-CT-ERE &#8211; 1SVR550107R2100"}]},{"@type":"WebSite","@id":"https:\/\/integralelektronik.com\/#website","url":"https:\/\/integralelektronik.com\/","name":"\u0130ntegral Elektronik","description":"","publisher":{"@id":"https:\/\/integralelektronik.com\/#organization"},"potentialAction":[{"@type":"SearchAction","target":{"@type":"EntryPoint","urlTemplate":"https:\/\/integralelektronik.com\/?s={search_term_string}"},"query-input":{"@type":"PropertyValueSpecification","valueRequired":true,"valueName":"search_term_string"}}],"inLanguage":"tr"},{"@type":"Organization","@id":"https:\/\/integralelektronik.com\/#organization","name":"\u0130ntegral Elektronik","url":"https:\/\/integralelektronik.com\/","logo":{"@type":"ImageObject","inLanguage":"tr","@id":"https:\/\/integralelektronik.com\/#\/schema\/logo\/image\/","url":"https:\/\/integralelektronik.com\/wp-content\/uploads\/2020\/10\/logo.png","contentUrl":"https:\/\/integralelektronik.com\/wp-content\/uploads\/2020\/10\/logo.png","width":180,"height":90,"caption":"\u0130ntegral Elektronik"},"image":{"@id":"https:\/\/integralelektronik.com\/#\/schema\/logo\/image\/"}}]}},"_links":{"self":[{"href":"https:\/\/integralelektronik.com\/tr\/wp-json\/wp\/v2\/product\/8950"}],"collection":[{"href":"https:\/\/integralelektronik.com\/tr\/wp-json\/wp\/v2\/product"}],"about":[{"href":"https:\/\/integralelektronik.com\/tr\/wp-json\/wp\/v2\/types\/product"}],"replies":[{"embeddable":true,"href":"https:\/\/integralelektronik.com\/tr\/wp-json\/wp\/v2\/comments?post=8950"}],"wp:featuredmedia":[{"embeddable":true,"href":"https:\/\/integralelektronik.com\/tr\/wp-json\/wp\/v2\/media\/8945"}],"wp:attachment":[{"href":"https:\/\/integralelektronik.com\/tr\/wp-json\/wp\/v2\/media?parent=8950"}],"wp:term":[{"taxonomy":"product_brand","embeddable":true,"href":"https:\/\/integralelektronik.com\/tr\/wp-json\/wp\/v2\/product_brand?post=8950"},{"taxonomy":"product_cat","embeddable":true,"href":"https:\/\/integralelektronik.com\/tr\/wp-json\/wp\/v2\/product_cat?post=8950"},{"taxonomy":"product_tag","embeddable":true,"href":"https:\/\/integralelektronik.com\/tr\/wp-json\/wp\/v2\/product_tag?post=8950"}],"curies":[{"name":"wp","href":"https:\/\/api.w.org\/{rel}","templated":true}]}}