{"id":8941,"date":"2021-02-24T09:44:12","date_gmt":"2021-02-24T06:44:12","guid":{"rendered":"https:\/\/integralelektronik.com\/?post_type=product&#038;p=8941"},"modified":"2021-02-24T09:44:12","modified_gmt":"2021-02-24T06:44:12","slug":"abb-b6-30-10-80-gjl1211001r8100","status":"publish","type":"product","link":"https:\/\/integralelektronik.com\/tr\/product\/abb-b6-30-10-80-gjl1211001r8100\/","title":{"rendered":"ABB-B6-30-10-80 \u2013 GJL1211001R8100"},"content":{"rendered":"<p><span>EAN: 4013614150647<\/span><\/p>\n<p><span>B6-30-10 mini kontakt\u00f6r, 1 yard\u0131mc\u0131 kontak ve vidal\u0131 terminallere sahip 3 kutuplu kompakt bir kontakt\u00f6rd\u00fcr.\u00a0G\u00fcvenilirli\u011fin bir zorunluluk oldu\u011fu ve alan\u0131n \u00f6nemli oldu\u011fu uygulamalar i\u00e7in idealdirler.\u00a0Mini kontakt\u00f6rler, konut binalar\u0131nda, ticari binalarda ve end\u00fcstriyel uygulamalarda 4 kW (AC-3) ve 20 A \/ 690 V (AC-1) &#8216;e kadar tek veya \u00fc\u00e7 fazl\u0131 y\u00fcklerin kontrol\u00fc veya kontrol sinyallerinin anahtarlanmas\u0131 i\u00e7in kullan\u0131l\u0131r.\u00a0Di\u011fer \u00f6zellikler, sessiz bobin, bir anahtar konumu g\u00f6stergesi ve ray veya duvara montaj i\u00e7in entegre olas\u0131l\u0131kt\u0131r.<\/span><\/p>\n","protected":false},"excerpt":{"rendered":"<h2><span>\u00dcr\u00fcn Kodu: GJL1211001R8100<\/span><\/h2>\n<h3 class=\"pdp-product-info__description\"><span>Katalog A\u00e7\u0131klamas\u0131: B6-30-10-80 Mini Kontakt\u00f6r 220-240V 40-450Hz<\/span><\/h3>\n","protected":false},"featured_media":8940,"comment_status":"open","ping_status":"closed","template":"","meta":[],"product_brand":[],"product_cat":[553,563],"product_tag":[],"class_list":{"0":"post-8941","1":"product","2":"type-product","3":"status-publish","4":"has-post-thumbnail","6":"product_cat-abb-2","7":"product_cat-mini-kontaktor","9":"first","10":"instock","11":"shipping-taxable","12":"product-type-simple"},"yoast_head":"<!-- This site is optimized with the Yoast SEO plugin v24.3 - https:\/\/yoast.com\/wordpress\/plugins\/seo\/ -->\n<title>ABB-B6-30-10-80 \u2013 GJL1211001R8100 - \u0130ntegral Elektronik<\/title>\n<meta name=\"robots\" content=\"index, follow, max-snippet:-1, max-image-preview:large, max-video-preview:-1\" \/>\n<link rel=\"canonical\" href=\"https:\/\/integralelektronik.com\/tr\/product\/abb-b6-30-10-80-gjl1211001r8100\/\" \/>\n<meta property=\"og:locale\" content=\"tr_TR\" \/>\n<meta property=\"og:type\" content=\"article\" \/>\n<meta property=\"og:title\" content=\"ABB-B6-30-10-80 \u2013 GJL1211001R8100 - \u0130ntegral Elektronik\" \/>\n<meta property=\"og:description\" content=\"\u00dcr\u00fcn Kodu: GJL1211001R8100 Katalog A\u00e7\u0131klamas\u0131: B6-30-10-80 Mini Kontakt\u00f6r 220-240V 40-450Hz\" \/>\n<meta property=\"og:url\" content=\"https:\/\/integralelektronik.com\/tr\/product\/abb-b6-30-10-80-gjl1211001r8100\/\" \/>\n<meta property=\"og:site_name\" content=\"\u0130ntegral Elektronik\" \/>\n<meta property=\"og:image\" content=\"https:\/\/integralelektronik.com\/wp-content\/uploads\/2021\/02\/2CDC211001S0010_720x540-1.jpg\" \/>\n\t<meta property=\"og:image:width\" content=\"547\" \/>\n\t<meta property=\"og:image:height\" content=\"540\" \/>\n\t<meta property=\"og:image:type\" content=\"image\/jpeg\" \/>\n<meta name=\"twitter:card\" content=\"summary_large_image\" \/>\n<script type=\"application\/ld+json\" class=\"yoast-schema-graph\">{\"@context\":\"https:\/\/schema.org\",\"@graph\":[{\"@type\":\"WebPage\",\"@id\":\"https:\/\/integralelektronik.com\/tr\/product\/abb-b6-30-10-80-gjl1211001r8100\/\",\"url\":\"https:\/\/integralelektronik.com\/tr\/product\/abb-b6-30-10-80-gjl1211001r8100\/\",\"name\":\"ABB-B6-30-10-80 \u2013 GJL1211001R8100 - \u0130ntegral Elektronik\",\"isPartOf\":{\"@id\":\"https:\/\/integralelektronik.com\/#website\"},\"primaryImageOfPage\":{\"@id\":\"https:\/\/integralelektronik.com\/tr\/product\/abb-b6-30-10-80-gjl1211001r8100\/#primaryimage\"},\"image\":{\"@id\":\"https:\/\/integralelektronik.com\/tr\/product\/abb-b6-30-10-80-gjl1211001r8100\/#primaryimage\"},\"thumbnailUrl\":\"https:\/\/integralelektronik.com\/wp-content\/uploads\/2021\/02\/2CDC211001S0010_720x540-1.jpg\",\"datePublished\":\"2021-02-24T06:44:12+00:00\",\"dateModified\":\"2021-02-24T06:44:12+00:00\",\"breadcrumb\":{\"@id\":\"https:\/\/integralelektronik.com\/tr\/product\/abb-b6-30-10-80-gjl1211001r8100\/#breadcrumb\"},\"inLanguage\":\"tr\",\"potentialAction\":[{\"@type\":\"ReadAction\",\"target\":[\"https:\/\/integralelektronik.com\/tr\/product\/abb-b6-30-10-80-gjl1211001r8100\/\"]}]},{\"@type\":\"ImageObject\",\"inLanguage\":\"tr\",\"@id\":\"https:\/\/integralelektronik.com\/tr\/product\/abb-b6-30-10-80-gjl1211001r8100\/#primaryimage\",\"url\":\"https:\/\/integralelektronik.com\/wp-content\/uploads\/2021\/02\/2CDC211001S0010_720x540-1.jpg\",\"contentUrl\":\"https:\/\/integralelektronik.com\/wp-content\/uploads\/2021\/02\/2CDC211001S0010_720x540-1.jpg\",\"width\":547,\"height\":540},{\"@type\":\"BreadcrumbList\",\"@id\":\"https:\/\/integralelektronik.com\/tr\/product\/abb-b6-30-10-80-gjl1211001r8100\/#breadcrumb\",\"itemListElement\":[{\"@type\":\"ListItem\",\"position\":1,\"name\":\"Home\",\"item\":\"https:\/\/integralelektronik.com\/tr\/\"},{\"@type\":\"ListItem\",\"position\":2,\"name\":\"Shop\",\"item\":\"https:\/\/integralelektronik.com\/shop\/\"},{\"@type\":\"ListItem\",\"position\":3,\"name\":\"ABB-B6-30-10-80 \u2013 GJL1211001R8100\"}]},{\"@type\":\"WebSite\",\"@id\":\"https:\/\/integralelektronik.com\/#website\",\"url\":\"https:\/\/integralelektronik.com\/\",\"name\":\"\u0130ntegral Elektronik\",\"description\":\"\",\"publisher\":{\"@id\":\"https:\/\/integralelektronik.com\/#organization\"},\"potentialAction\":[{\"@type\":\"SearchAction\",\"target\":{\"@type\":\"EntryPoint\",\"urlTemplate\":\"https:\/\/integralelektronik.com\/?s={search_term_string}\"},\"query-input\":{\"@type\":\"PropertyValueSpecification\",\"valueRequired\":true,\"valueName\":\"search_term_string\"}}],\"inLanguage\":\"tr\"},{\"@type\":\"Organization\",\"@id\":\"https:\/\/integralelektronik.com\/#organization\",\"name\":\"\u0130ntegral Elektronik\",\"url\":\"https:\/\/integralelektronik.com\/\",\"logo\":{\"@type\":\"ImageObject\",\"inLanguage\":\"tr\",\"@id\":\"https:\/\/integralelektronik.com\/#\/schema\/logo\/image\/\",\"url\":\"https:\/\/integralelektronik.com\/wp-content\/uploads\/2020\/10\/logo.png\",\"contentUrl\":\"https:\/\/integralelektronik.com\/wp-content\/uploads\/2020\/10\/logo.png\",\"width\":180,\"height\":90,\"caption\":\"\u0130ntegral Elektronik\"},\"image\":{\"@id\":\"https:\/\/integralelektronik.com\/#\/schema\/logo\/image\/\"}}]}<\/script>\n<!-- \/ Yoast SEO plugin. -->","yoast_head_json":{"title":"ABB-B6-30-10-80 \u2013 GJL1211001R8100 - \u0130ntegral Elektronik","robots":{"index":"index","follow":"follow","max-snippet":"max-snippet:-1","max-image-preview":"max-image-preview:large","max-video-preview":"max-video-preview:-1"},"canonical":"https:\/\/integralelektronik.com\/tr\/product\/abb-b6-30-10-80-gjl1211001r8100\/","og_locale":"tr_TR","og_type":"article","og_title":"ABB-B6-30-10-80 \u2013 GJL1211001R8100 - \u0130ntegral Elektronik","og_description":"\u00dcr\u00fcn Kodu: GJL1211001R8100 Katalog A\u00e7\u0131klamas\u0131: B6-30-10-80 Mini Kontakt\u00f6r 220-240V 40-450Hz","og_url":"https:\/\/integralelektronik.com\/tr\/product\/abb-b6-30-10-80-gjl1211001r8100\/","og_site_name":"\u0130ntegral Elektronik","og_image":[{"width":547,"height":540,"url":"https:\/\/integralelektronik.com\/wp-content\/uploads\/2021\/02\/2CDC211001S0010_720x540-1.jpg","type":"image\/jpeg"}],"twitter_card":"summary_large_image","schema":{"@context":"https:\/\/schema.org","@graph":[{"@type":"WebPage","@id":"https:\/\/integralelektronik.com\/tr\/product\/abb-b6-30-10-80-gjl1211001r8100\/","url":"https:\/\/integralelektronik.com\/tr\/product\/abb-b6-30-10-80-gjl1211001r8100\/","name":"ABB-B6-30-10-80 \u2013 GJL1211001R8100 - \u0130ntegral Elektronik","isPartOf":{"@id":"https:\/\/integralelektronik.com\/#website"},"primaryImageOfPage":{"@id":"https:\/\/integralelektronik.com\/tr\/product\/abb-b6-30-10-80-gjl1211001r8100\/#primaryimage"},"image":{"@id":"https:\/\/integralelektronik.com\/tr\/product\/abb-b6-30-10-80-gjl1211001r8100\/#primaryimage"},"thumbnailUrl":"https:\/\/integralelektronik.com\/wp-content\/uploads\/2021\/02\/2CDC211001S0010_720x540-1.jpg","datePublished":"2021-02-24T06:44:12+00:00","dateModified":"2021-02-24T06:44:12+00:00","breadcrumb":{"@id":"https:\/\/integralelektronik.com\/tr\/product\/abb-b6-30-10-80-gjl1211001r8100\/#breadcrumb"},"inLanguage":"tr","potentialAction":[{"@type":"ReadAction","target":["https:\/\/integralelektronik.com\/tr\/product\/abb-b6-30-10-80-gjl1211001r8100\/"]}]},{"@type":"ImageObject","inLanguage":"tr","@id":"https:\/\/integralelektronik.com\/tr\/product\/abb-b6-30-10-80-gjl1211001r8100\/#primaryimage","url":"https:\/\/integralelektronik.com\/wp-content\/uploads\/2021\/02\/2CDC211001S0010_720x540-1.jpg","contentUrl":"https:\/\/integralelektronik.com\/wp-content\/uploads\/2021\/02\/2CDC211001S0010_720x540-1.jpg","width":547,"height":540},{"@type":"BreadcrumbList","@id":"https:\/\/integralelektronik.com\/tr\/product\/abb-b6-30-10-80-gjl1211001r8100\/#breadcrumb","itemListElement":[{"@type":"ListItem","position":1,"name":"Home","item":"https:\/\/integralelektronik.com\/tr\/"},{"@type":"ListItem","position":2,"name":"Shop","item":"https:\/\/integralelektronik.com\/shop\/"},{"@type":"ListItem","position":3,"name":"ABB-B6-30-10-80 \u2013 GJL1211001R8100"}]},{"@type":"WebSite","@id":"https:\/\/integralelektronik.com\/#website","url":"https:\/\/integralelektronik.com\/","name":"\u0130ntegral Elektronik","description":"","publisher":{"@id":"https:\/\/integralelektronik.com\/#organization"},"potentialAction":[{"@type":"SearchAction","target":{"@type":"EntryPoint","urlTemplate":"https:\/\/integralelektronik.com\/?s={search_term_string}"},"query-input":{"@type":"PropertyValueSpecification","valueRequired":true,"valueName":"search_term_string"}}],"inLanguage":"tr"},{"@type":"Organization","@id":"https:\/\/integralelektronik.com\/#organization","name":"\u0130ntegral Elektronik","url":"https:\/\/integralelektronik.com\/","logo":{"@type":"ImageObject","inLanguage":"tr","@id":"https:\/\/integralelektronik.com\/#\/schema\/logo\/image\/","url":"https:\/\/integralelektronik.com\/wp-content\/uploads\/2020\/10\/logo.png","contentUrl":"https:\/\/integralelektronik.com\/wp-content\/uploads\/2020\/10\/logo.png","width":180,"height":90,"caption":"\u0130ntegral Elektronik"},"image":{"@id":"https:\/\/integralelektronik.com\/#\/schema\/logo\/image\/"}}]}},"_links":{"self":[{"href":"https:\/\/integralelektronik.com\/tr\/wp-json\/wp\/v2\/product\/8941"}],"collection":[{"href":"https:\/\/integralelektronik.com\/tr\/wp-json\/wp\/v2\/product"}],"about":[{"href":"https:\/\/integralelektronik.com\/tr\/wp-json\/wp\/v2\/types\/product"}],"replies":[{"embeddable":true,"href":"https:\/\/integralelektronik.com\/tr\/wp-json\/wp\/v2\/comments?post=8941"}],"wp:featuredmedia":[{"embeddable":true,"href":"https:\/\/integralelektronik.com\/tr\/wp-json\/wp\/v2\/media\/8940"}],"wp:attachment":[{"href":"https:\/\/integralelektronik.com\/tr\/wp-json\/wp\/v2\/media?parent=8941"}],"wp:term":[{"taxonomy":"product_brand","embeddable":true,"href":"https:\/\/integralelektronik.com\/tr\/wp-json\/wp\/v2\/product_brand?post=8941"},{"taxonomy":"product_cat","embeddable":true,"href":"https:\/\/integralelektronik.com\/tr\/wp-json\/wp\/v2\/product_cat?post=8941"},{"taxonomy":"product_tag","embeddable":true,"href":"https:\/\/integralelektronik.com\/tr\/wp-json\/wp\/v2\/product_tag?post=8941"}],"curies":[{"name":"wp","href":"https:\/\/api.w.org\/{rel}","templated":true}]}}