{"id":8934,"date":"2021-02-23T21:12:55","date_gmt":"2021-02-23T18:12:55","guid":{"rendered":"https:\/\/integralelektronik.com\/?post_type=product&#038;p=8934"},"modified":"2021-02-23T21:12:55","modified_gmt":"2021-02-23T18:12:55","slug":"abb-psr60-600-70-1sfa896112r7000","status":"publish","type":"product","link":"https:\/\/integralelektronik.com\/tr\/product\/abb-psr60-600-70-1sfa896112r7000\/","title":{"rendered":"ABB-PSR60-600-70 \u2013 1SFA896112R7000"},"content":{"rendered":"<p>EAN:7320500362594<\/p>\n<div class=\"electro-description clearfix\">\n<p><span>Yumu\u015fak yolverici PSR60-600-70, maksimum 600V ana voltaj ve 100-240V 50 \/ 60Hz kontrol besleme voltaj\u0131 i\u00e7in<\/span><\/p>\n<\/div>\n","protected":false},"excerpt":{"rendered":"<h2><span>\u00dcr\u00fcn Kodu: 1SFA896112R7000<\/span><\/h2>\n<h3 class=\"pdp-product-info__description\"><span>Katalog A\u00e7\u0131klamas\u0131: PSR60-600-70 Yumu\u015fak Yolverici<\/span><\/h3>\n","protected":false},"featured_media":8929,"comment_status":"open","ping_status":"closed","template":"","meta":[],"product_brand":[],"product_cat":[553,562],"product_tag":[],"class_list":{"0":"post-8934","1":"product","2":"type-product","3":"status-publish","4":"has-post-thumbnail","6":"product_cat-abb-2","7":"product_cat-yumusak-yolverici","9":"first","10":"instock","11":"shipping-taxable","12":"product-type-simple"},"yoast_head":"<!-- This site is optimized with the Yoast SEO plugin v24.3 - https:\/\/yoast.com\/wordpress\/plugins\/seo\/ -->\n<title>ABB-PSR60-600-70 \u2013 1SFA896112R7000 - \u0130ntegral Elektronik<\/title>\n<meta name=\"robots\" content=\"index, follow, max-snippet:-1, max-image-preview:large, max-video-preview:-1\" \/>\n<link rel=\"canonical\" href=\"https:\/\/integralelektronik.com\/tr\/product\/abb-psr60-600-70-1sfa896112r7000\/\" \/>\n<meta property=\"og:locale\" content=\"tr_TR\" \/>\n<meta property=\"og:type\" content=\"article\" \/>\n<meta property=\"og:title\" content=\"ABB-PSR60-600-70 \u2013 1SFA896112R7000 - \u0130ntegral Elektronik\" \/>\n<meta property=\"og:description\" content=\"\u00dcr\u00fcn Kodu: 1SFA896112R7000 Katalog A\u00e7\u0131klamas\u0131: PSR60-600-70 Yumu\u015fak Yolverici\" \/>\n<meta property=\"og:url\" content=\"https:\/\/integralelektronik.com\/tr\/product\/abb-psr60-600-70-1sfa896112r7000\/\" \/>\n<meta property=\"og:site_name\" content=\"\u0130ntegral Elektronik\" \/>\n<meta property=\"og:image\" content=\"https:\/\/integralelektronik.com\/wp-content\/uploads\/2021\/02\/1SFC132300F0001_720x540.jpg\" \/>\n\t<meta property=\"og:image:width\" content=\"239\" \/>\n\t<meta property=\"og:image:height\" content=\"540\" \/>\n\t<meta property=\"og:image:type\" content=\"image\/jpeg\" \/>\n<meta name=\"twitter:card\" content=\"summary_large_image\" \/>\n<script type=\"application\/ld+json\" class=\"yoast-schema-graph\">{\"@context\":\"https:\/\/schema.org\",\"@graph\":[{\"@type\":\"WebPage\",\"@id\":\"https:\/\/integralelektronik.com\/tr\/product\/abb-psr60-600-70-1sfa896112r7000\/\",\"url\":\"https:\/\/integralelektronik.com\/tr\/product\/abb-psr60-600-70-1sfa896112r7000\/\",\"name\":\"ABB-PSR60-600-70 \u2013 1SFA896112R7000 - \u0130ntegral Elektronik\",\"isPartOf\":{\"@id\":\"https:\/\/integralelektronik.com\/#website\"},\"primaryImageOfPage\":{\"@id\":\"https:\/\/integralelektronik.com\/tr\/product\/abb-psr60-600-70-1sfa896112r7000\/#primaryimage\"},\"image\":{\"@id\":\"https:\/\/integralelektronik.com\/tr\/product\/abb-psr60-600-70-1sfa896112r7000\/#primaryimage\"},\"thumbnailUrl\":\"https:\/\/integralelektronik.com\/wp-content\/uploads\/2021\/02\/1SFC132300F0001_720x540.jpg\",\"datePublished\":\"2021-02-23T18:12:55+00:00\",\"dateModified\":\"2021-02-23T18:12:55+00:00\",\"breadcrumb\":{\"@id\":\"https:\/\/integralelektronik.com\/tr\/product\/abb-psr60-600-70-1sfa896112r7000\/#breadcrumb\"},\"inLanguage\":\"tr\",\"potentialAction\":[{\"@type\":\"ReadAction\",\"target\":[\"https:\/\/integralelektronik.com\/tr\/product\/abb-psr60-600-70-1sfa896112r7000\/\"]}]},{\"@type\":\"ImageObject\",\"inLanguage\":\"tr\",\"@id\":\"https:\/\/integralelektronik.com\/tr\/product\/abb-psr60-600-70-1sfa896112r7000\/#primaryimage\",\"url\":\"https:\/\/integralelektronik.com\/wp-content\/uploads\/2021\/02\/1SFC132300F0001_720x540.jpg\",\"contentUrl\":\"https:\/\/integralelektronik.com\/wp-content\/uploads\/2021\/02\/1SFC132300F0001_720x540.jpg\",\"width\":239,\"height\":540},{\"@type\":\"BreadcrumbList\",\"@id\":\"https:\/\/integralelektronik.com\/tr\/product\/abb-psr60-600-70-1sfa896112r7000\/#breadcrumb\",\"itemListElement\":[{\"@type\":\"ListItem\",\"position\":1,\"name\":\"Home\",\"item\":\"https:\/\/integralelektronik.com\/tr\/\"},{\"@type\":\"ListItem\",\"position\":2,\"name\":\"Shop\",\"item\":\"https:\/\/integralelektronik.com\/shop\/\"},{\"@type\":\"ListItem\",\"position\":3,\"name\":\"ABB-PSR60-600-70 \u2013 1SFA896112R7000\"}]},{\"@type\":\"WebSite\",\"@id\":\"https:\/\/integralelektronik.com\/#website\",\"url\":\"https:\/\/integralelektronik.com\/\",\"name\":\"\u0130ntegral Elektronik\",\"description\":\"\",\"publisher\":{\"@id\":\"https:\/\/integralelektronik.com\/#organization\"},\"potentialAction\":[{\"@type\":\"SearchAction\",\"target\":{\"@type\":\"EntryPoint\",\"urlTemplate\":\"https:\/\/integralelektronik.com\/?s={search_term_string}\"},\"query-input\":{\"@type\":\"PropertyValueSpecification\",\"valueRequired\":true,\"valueName\":\"search_term_string\"}}],\"inLanguage\":\"tr\"},{\"@type\":\"Organization\",\"@id\":\"https:\/\/integralelektronik.com\/#organization\",\"name\":\"\u0130ntegral Elektronik\",\"url\":\"https:\/\/integralelektronik.com\/\",\"logo\":{\"@type\":\"ImageObject\",\"inLanguage\":\"tr\",\"@id\":\"https:\/\/integralelektronik.com\/#\/schema\/logo\/image\/\",\"url\":\"https:\/\/integralelektronik.com\/wp-content\/uploads\/2020\/10\/logo.png\",\"contentUrl\":\"https:\/\/integralelektronik.com\/wp-content\/uploads\/2020\/10\/logo.png\",\"width\":180,\"height\":90,\"caption\":\"\u0130ntegral Elektronik\"},\"image\":{\"@id\":\"https:\/\/integralelektronik.com\/#\/schema\/logo\/image\/\"}}]}<\/script>\n<!-- \/ Yoast SEO plugin. -->","yoast_head_json":{"title":"ABB-PSR60-600-70 \u2013 1SFA896112R7000 - \u0130ntegral Elektronik","robots":{"index":"index","follow":"follow","max-snippet":"max-snippet:-1","max-image-preview":"max-image-preview:large","max-video-preview":"max-video-preview:-1"},"canonical":"https:\/\/integralelektronik.com\/tr\/product\/abb-psr60-600-70-1sfa896112r7000\/","og_locale":"tr_TR","og_type":"article","og_title":"ABB-PSR60-600-70 \u2013 1SFA896112R7000 - \u0130ntegral Elektronik","og_description":"\u00dcr\u00fcn Kodu: 1SFA896112R7000 Katalog A\u00e7\u0131klamas\u0131: PSR60-600-70 Yumu\u015fak Yolverici","og_url":"https:\/\/integralelektronik.com\/tr\/product\/abb-psr60-600-70-1sfa896112r7000\/","og_site_name":"\u0130ntegral Elektronik","og_image":[{"width":239,"height":540,"url":"https:\/\/integralelektronik.com\/wp-content\/uploads\/2021\/02\/1SFC132300F0001_720x540.jpg","type":"image\/jpeg"}],"twitter_card":"summary_large_image","schema":{"@context":"https:\/\/schema.org","@graph":[{"@type":"WebPage","@id":"https:\/\/integralelektronik.com\/tr\/product\/abb-psr60-600-70-1sfa896112r7000\/","url":"https:\/\/integralelektronik.com\/tr\/product\/abb-psr60-600-70-1sfa896112r7000\/","name":"ABB-PSR60-600-70 \u2013 1SFA896112R7000 - \u0130ntegral Elektronik","isPartOf":{"@id":"https:\/\/integralelektronik.com\/#website"},"primaryImageOfPage":{"@id":"https:\/\/integralelektronik.com\/tr\/product\/abb-psr60-600-70-1sfa896112r7000\/#primaryimage"},"image":{"@id":"https:\/\/integralelektronik.com\/tr\/product\/abb-psr60-600-70-1sfa896112r7000\/#primaryimage"},"thumbnailUrl":"https:\/\/integralelektronik.com\/wp-content\/uploads\/2021\/02\/1SFC132300F0001_720x540.jpg","datePublished":"2021-02-23T18:12:55+00:00","dateModified":"2021-02-23T18:12:55+00:00","breadcrumb":{"@id":"https:\/\/integralelektronik.com\/tr\/product\/abb-psr60-600-70-1sfa896112r7000\/#breadcrumb"},"inLanguage":"tr","potentialAction":[{"@type":"ReadAction","target":["https:\/\/integralelektronik.com\/tr\/product\/abb-psr60-600-70-1sfa896112r7000\/"]}]},{"@type":"ImageObject","inLanguage":"tr","@id":"https:\/\/integralelektronik.com\/tr\/product\/abb-psr60-600-70-1sfa896112r7000\/#primaryimage","url":"https:\/\/integralelektronik.com\/wp-content\/uploads\/2021\/02\/1SFC132300F0001_720x540.jpg","contentUrl":"https:\/\/integralelektronik.com\/wp-content\/uploads\/2021\/02\/1SFC132300F0001_720x540.jpg","width":239,"height":540},{"@type":"BreadcrumbList","@id":"https:\/\/integralelektronik.com\/tr\/product\/abb-psr60-600-70-1sfa896112r7000\/#breadcrumb","itemListElement":[{"@type":"ListItem","position":1,"name":"Home","item":"https:\/\/integralelektronik.com\/tr\/"},{"@type":"ListItem","position":2,"name":"Shop","item":"https:\/\/integralelektronik.com\/shop\/"},{"@type":"ListItem","position":3,"name":"ABB-PSR60-600-70 \u2013 1SFA896112R7000"}]},{"@type":"WebSite","@id":"https:\/\/integralelektronik.com\/#website","url":"https:\/\/integralelektronik.com\/","name":"\u0130ntegral Elektronik","description":"","publisher":{"@id":"https:\/\/integralelektronik.com\/#organization"},"potentialAction":[{"@type":"SearchAction","target":{"@type":"EntryPoint","urlTemplate":"https:\/\/integralelektronik.com\/?s={search_term_string}"},"query-input":{"@type":"PropertyValueSpecification","valueRequired":true,"valueName":"search_term_string"}}],"inLanguage":"tr"},{"@type":"Organization","@id":"https:\/\/integralelektronik.com\/#organization","name":"\u0130ntegral Elektronik","url":"https:\/\/integralelektronik.com\/","logo":{"@type":"ImageObject","inLanguage":"tr","@id":"https:\/\/integralelektronik.com\/#\/schema\/logo\/image\/","url":"https:\/\/integralelektronik.com\/wp-content\/uploads\/2020\/10\/logo.png","contentUrl":"https:\/\/integralelektronik.com\/wp-content\/uploads\/2020\/10\/logo.png","width":180,"height":90,"caption":"\u0130ntegral Elektronik"},"image":{"@id":"https:\/\/integralelektronik.com\/#\/schema\/logo\/image\/"}}]}},"_links":{"self":[{"href":"https:\/\/integralelektronik.com\/tr\/wp-json\/wp\/v2\/product\/8934"}],"collection":[{"href":"https:\/\/integralelektronik.com\/tr\/wp-json\/wp\/v2\/product"}],"about":[{"href":"https:\/\/integralelektronik.com\/tr\/wp-json\/wp\/v2\/types\/product"}],"replies":[{"embeddable":true,"href":"https:\/\/integralelektronik.com\/tr\/wp-json\/wp\/v2\/comments?post=8934"}],"wp:featuredmedia":[{"embeddable":true,"href":"https:\/\/integralelektronik.com\/tr\/wp-json\/wp\/v2\/media\/8929"}],"wp:attachment":[{"href":"https:\/\/integralelektronik.com\/tr\/wp-json\/wp\/v2\/media?parent=8934"}],"wp:term":[{"taxonomy":"product_brand","embeddable":true,"href":"https:\/\/integralelektronik.com\/tr\/wp-json\/wp\/v2\/product_brand?post=8934"},{"taxonomy":"product_cat","embeddable":true,"href":"https:\/\/integralelektronik.com\/tr\/wp-json\/wp\/v2\/product_cat?post=8934"},{"taxonomy":"product_tag","embeddable":true,"href":"https:\/\/integralelektronik.com\/tr\/wp-json\/wp\/v2\/product_tag?post=8934"}],"curies":[{"name":"wp","href":"https:\/\/api.w.org\/{rel}","templated":true}]}}