{"id":8922,"date":"2021-02-23T21:01:31","date_gmt":"2021-02-23T18:01:31","guid":{"rendered":"https:\/\/integralelektronik.com\/?post_type=product&#038;p=8922"},"modified":"2021-02-23T21:01:31","modified_gmt":"2021-02-23T18:01:31","slug":"abb-ms116-16-1sam250000r1011","status":"publish","type":"product","link":"https:\/\/integralelektronik.com\/tr\/product\/abb-ms116-16-1sam250000r1011\/","title":{"rendered":"ABB-MS116-16 \u2013 1SAM250000R1011"},"content":{"rendered":"<p>EAN:4013614320347<\/p>\n<p><span>MS116-16 manuel motor yol verici (motor koruma devre kesicisi veya manuel motor koruyucu olarak da bilinir), Ie = 16.0 A nominal \u00e7al\u0131\u015fma ak\u0131m\u0131na sahip, 45 mm geni\u015fli\u011finde kompakt bir cihazd\u0131r. Bu cihaz, motorlar\u0131 manuel olarak a\u00e7mak ve kapatmak i\u00e7in kullan\u0131l\u0131r ve k\u0131sa devrelerden, a\u015f\u0131r\u0131 y\u00fckten ve faz ar\u0131zalar\u0131ndan g\u00fcvenli bir \u015fekilde ve bir sigortaya ihtiya\u00e7 duymadan korumak i\u00e7in.\u00a0<\/span><span>Manuel motor yol verici, nominal servis k\u0131sa devre kesme kapasitesi Ics = 16 kA, 400 VAC ve a\u00e7ma s\u0131n\u0131f\u0131 10A sunar.\u00a0<\/span><span>Di\u011fer \u00f6zellikler, yerle\u015fik ba\u011flant\u0131 kesme i\u015flevi, s\u0131cakl\u0131k telafisi, tetiksiz mekanizma ve a\u00e7\u0131k anahtar konumu g\u00f6stergesine sahip bir d\u00f6ner koldur.\u00a0<\/span><span>Manuel motor yol verici, \u00fc\u00e7 ve tek fazl\u0131 uygulamalar i\u00e7in uygundur.\u00a0<\/span><span>Yard\u0131mc\u0131 kontaklar, sinyal kontaklar\u0131, d\u00fc\u015f\u00fck gerilim sal\u0131c\u0131lar\u0131, a\u00e7t\u0131rmalar, 3 fazl\u0131 baralar,<\/span><\/p>\n","protected":false},"excerpt":{"rendered":"<h2><span>\u00dcr\u00fcn Kodu: 1SAM250000R1011<\/span><\/h2>\n<h3 class=\"pdp-product-info__description\"><span>Katalog A\u00e7\u0131klamas\u0131: MS116-16 Manual Motor Starter<\/span><\/h3>\n","protected":false},"featured_media":8906,"comment_status":"open","ping_status":"closed","template":"","meta":[],"product_brand":[],"product_cat":[553,561],"product_tag":[],"class_list":{"0":"post-8922","1":"product","2":"type-product","3":"status-publish","4":"has-post-thumbnail","6":"product_cat-abb-2","7":"product_cat-motor-koruma-salteri","9":"first","10":"instock","11":"shipping-taxable","12":"product-type-simple"},"yoast_head":"<!-- This site is optimized with the Yoast SEO plugin v24.3 - https:\/\/yoast.com\/wordpress\/plugins\/seo\/ -->\n<title>ABB-MS116-16 \u2013 1SAM250000R1011 - \u0130ntegral Elektronik<\/title>\n<meta name=\"robots\" content=\"index, follow, max-snippet:-1, max-image-preview:large, max-video-preview:-1\" \/>\n<link rel=\"canonical\" href=\"https:\/\/integralelektronik.com\/tr\/product\/abb-ms116-16-1sam250000r1011\/\" \/>\n<meta property=\"og:locale\" content=\"tr_TR\" \/>\n<meta property=\"og:type\" content=\"article\" \/>\n<meta property=\"og:title\" content=\"ABB-MS116-16 \u2013 1SAM250000R1011 - \u0130ntegral Elektronik\" \/>\n<meta property=\"og:description\" content=\"\u00dcr\u00fcn Kodu: 1SAM250000R1011 Katalog A\u00e7\u0131klamas\u0131: MS116-16 Manual Motor Starter\" \/>\n<meta property=\"og:url\" content=\"https:\/\/integralelektronik.com\/tr\/product\/abb-ms116-16-1sam250000r1011\/\" \/>\n<meta property=\"og:site_name\" content=\"\u0130ntegral Elektronik\" \/>\n<meta property=\"og:image\" content=\"https:\/\/integralelektronik.com\/wp-content\/uploads\/2021\/02\/2CDC241004V0017_720x540-4.jpg\" \/>\n\t<meta property=\"og:image:width\" content=\"382\" \/>\n\t<meta property=\"og:image:height\" content=\"540\" \/>\n\t<meta property=\"og:image:type\" content=\"image\/jpeg\" \/>\n<meta name=\"twitter:card\" content=\"summary_large_image\" \/>\n<meta name=\"twitter:label1\" content=\"Tahmini okuma s\u00fcresi\" \/>\n\t<meta name=\"twitter:data1\" content=\"1 dakika\" \/>\n<script type=\"application\/ld+json\" class=\"yoast-schema-graph\">{\"@context\":\"https:\/\/schema.org\",\"@graph\":[{\"@type\":\"WebPage\",\"@id\":\"https:\/\/integralelektronik.com\/tr\/product\/abb-ms116-16-1sam250000r1011\/\",\"url\":\"https:\/\/integralelektronik.com\/tr\/product\/abb-ms116-16-1sam250000r1011\/\",\"name\":\"ABB-MS116-16 \u2013 1SAM250000R1011 - \u0130ntegral Elektronik\",\"isPartOf\":{\"@id\":\"https:\/\/integralelektronik.com\/#website\"},\"primaryImageOfPage\":{\"@id\":\"https:\/\/integralelektronik.com\/tr\/product\/abb-ms116-16-1sam250000r1011\/#primaryimage\"},\"image\":{\"@id\":\"https:\/\/integralelektronik.com\/tr\/product\/abb-ms116-16-1sam250000r1011\/#primaryimage\"},\"thumbnailUrl\":\"https:\/\/integralelektronik.com\/wp-content\/uploads\/2021\/02\/2CDC241004V0017_720x540-4.jpg\",\"datePublished\":\"2021-02-23T18:01:31+00:00\",\"dateModified\":\"2021-02-23T18:01:31+00:00\",\"breadcrumb\":{\"@id\":\"https:\/\/integralelektronik.com\/tr\/product\/abb-ms116-16-1sam250000r1011\/#breadcrumb\"},\"inLanguage\":\"tr\",\"potentialAction\":[{\"@type\":\"ReadAction\",\"target\":[\"https:\/\/integralelektronik.com\/tr\/product\/abb-ms116-16-1sam250000r1011\/\"]}]},{\"@type\":\"ImageObject\",\"inLanguage\":\"tr\",\"@id\":\"https:\/\/integralelektronik.com\/tr\/product\/abb-ms116-16-1sam250000r1011\/#primaryimage\",\"url\":\"https:\/\/integralelektronik.com\/wp-content\/uploads\/2021\/02\/2CDC241004V0017_720x540-4.jpg\",\"contentUrl\":\"https:\/\/integralelektronik.com\/wp-content\/uploads\/2021\/02\/2CDC241004V0017_720x540-4.jpg\",\"width\":382,\"height\":540},{\"@type\":\"BreadcrumbList\",\"@id\":\"https:\/\/integralelektronik.com\/tr\/product\/abb-ms116-16-1sam250000r1011\/#breadcrumb\",\"itemListElement\":[{\"@type\":\"ListItem\",\"position\":1,\"name\":\"Home\",\"item\":\"https:\/\/integralelektronik.com\/tr\/\"},{\"@type\":\"ListItem\",\"position\":2,\"name\":\"Shop\",\"item\":\"https:\/\/integralelektronik.com\/shop\/\"},{\"@type\":\"ListItem\",\"position\":3,\"name\":\"ABB-MS116-16 \u2013 1SAM250000R1011\"}]},{\"@type\":\"WebSite\",\"@id\":\"https:\/\/integralelektronik.com\/#website\",\"url\":\"https:\/\/integralelektronik.com\/\",\"name\":\"\u0130ntegral Elektronik\",\"description\":\"\",\"publisher\":{\"@id\":\"https:\/\/integralelektronik.com\/#organization\"},\"potentialAction\":[{\"@type\":\"SearchAction\",\"target\":{\"@type\":\"EntryPoint\",\"urlTemplate\":\"https:\/\/integralelektronik.com\/?s={search_term_string}\"},\"query-input\":{\"@type\":\"PropertyValueSpecification\",\"valueRequired\":true,\"valueName\":\"search_term_string\"}}],\"inLanguage\":\"tr\"},{\"@type\":\"Organization\",\"@id\":\"https:\/\/integralelektronik.com\/#organization\",\"name\":\"\u0130ntegral Elektronik\",\"url\":\"https:\/\/integralelektronik.com\/\",\"logo\":{\"@type\":\"ImageObject\",\"inLanguage\":\"tr\",\"@id\":\"https:\/\/integralelektronik.com\/#\/schema\/logo\/image\/\",\"url\":\"https:\/\/integralelektronik.com\/wp-content\/uploads\/2020\/10\/logo.png\",\"contentUrl\":\"https:\/\/integralelektronik.com\/wp-content\/uploads\/2020\/10\/logo.png\",\"width\":180,\"height\":90,\"caption\":\"\u0130ntegral Elektronik\"},\"image\":{\"@id\":\"https:\/\/integralelektronik.com\/#\/schema\/logo\/image\/\"}}]}<\/script>\n<!-- \/ Yoast SEO plugin. -->","yoast_head_json":{"title":"ABB-MS116-16 \u2013 1SAM250000R1011 - \u0130ntegral Elektronik","robots":{"index":"index","follow":"follow","max-snippet":"max-snippet:-1","max-image-preview":"max-image-preview:large","max-video-preview":"max-video-preview:-1"},"canonical":"https:\/\/integralelektronik.com\/tr\/product\/abb-ms116-16-1sam250000r1011\/","og_locale":"tr_TR","og_type":"article","og_title":"ABB-MS116-16 \u2013 1SAM250000R1011 - \u0130ntegral Elektronik","og_description":"\u00dcr\u00fcn Kodu: 1SAM250000R1011 Katalog A\u00e7\u0131klamas\u0131: MS116-16 Manual Motor Starter","og_url":"https:\/\/integralelektronik.com\/tr\/product\/abb-ms116-16-1sam250000r1011\/","og_site_name":"\u0130ntegral Elektronik","og_image":[{"width":382,"height":540,"url":"https:\/\/integralelektronik.com\/wp-content\/uploads\/2021\/02\/2CDC241004V0017_720x540-4.jpg","type":"image\/jpeg"}],"twitter_card":"summary_large_image","twitter_misc":{"Tahmini okuma s\u00fcresi":"1 dakika"},"schema":{"@context":"https:\/\/schema.org","@graph":[{"@type":"WebPage","@id":"https:\/\/integralelektronik.com\/tr\/product\/abb-ms116-16-1sam250000r1011\/","url":"https:\/\/integralelektronik.com\/tr\/product\/abb-ms116-16-1sam250000r1011\/","name":"ABB-MS116-16 \u2013 1SAM250000R1011 - \u0130ntegral Elektronik","isPartOf":{"@id":"https:\/\/integralelektronik.com\/#website"},"primaryImageOfPage":{"@id":"https:\/\/integralelektronik.com\/tr\/product\/abb-ms116-16-1sam250000r1011\/#primaryimage"},"image":{"@id":"https:\/\/integralelektronik.com\/tr\/product\/abb-ms116-16-1sam250000r1011\/#primaryimage"},"thumbnailUrl":"https:\/\/integralelektronik.com\/wp-content\/uploads\/2021\/02\/2CDC241004V0017_720x540-4.jpg","datePublished":"2021-02-23T18:01:31+00:00","dateModified":"2021-02-23T18:01:31+00:00","breadcrumb":{"@id":"https:\/\/integralelektronik.com\/tr\/product\/abb-ms116-16-1sam250000r1011\/#breadcrumb"},"inLanguage":"tr","potentialAction":[{"@type":"ReadAction","target":["https:\/\/integralelektronik.com\/tr\/product\/abb-ms116-16-1sam250000r1011\/"]}]},{"@type":"ImageObject","inLanguage":"tr","@id":"https:\/\/integralelektronik.com\/tr\/product\/abb-ms116-16-1sam250000r1011\/#primaryimage","url":"https:\/\/integralelektronik.com\/wp-content\/uploads\/2021\/02\/2CDC241004V0017_720x540-4.jpg","contentUrl":"https:\/\/integralelektronik.com\/wp-content\/uploads\/2021\/02\/2CDC241004V0017_720x540-4.jpg","width":382,"height":540},{"@type":"BreadcrumbList","@id":"https:\/\/integralelektronik.com\/tr\/product\/abb-ms116-16-1sam250000r1011\/#breadcrumb","itemListElement":[{"@type":"ListItem","position":1,"name":"Home","item":"https:\/\/integralelektronik.com\/tr\/"},{"@type":"ListItem","position":2,"name":"Shop","item":"https:\/\/integralelektronik.com\/shop\/"},{"@type":"ListItem","position":3,"name":"ABB-MS116-16 \u2013 1SAM250000R1011"}]},{"@type":"WebSite","@id":"https:\/\/integralelektronik.com\/#website","url":"https:\/\/integralelektronik.com\/","name":"\u0130ntegral Elektronik","description":"","publisher":{"@id":"https:\/\/integralelektronik.com\/#organization"},"potentialAction":[{"@type":"SearchAction","target":{"@type":"EntryPoint","urlTemplate":"https:\/\/integralelektronik.com\/?s={search_term_string}"},"query-input":{"@type":"PropertyValueSpecification","valueRequired":true,"valueName":"search_term_string"}}],"inLanguage":"tr"},{"@type":"Organization","@id":"https:\/\/integralelektronik.com\/#organization","name":"\u0130ntegral Elektronik","url":"https:\/\/integralelektronik.com\/","logo":{"@type":"ImageObject","inLanguage":"tr","@id":"https:\/\/integralelektronik.com\/#\/schema\/logo\/image\/","url":"https:\/\/integralelektronik.com\/wp-content\/uploads\/2020\/10\/logo.png","contentUrl":"https:\/\/integralelektronik.com\/wp-content\/uploads\/2020\/10\/logo.png","width":180,"height":90,"caption":"\u0130ntegral Elektronik"},"image":{"@id":"https:\/\/integralelektronik.com\/#\/schema\/logo\/image\/"}}]}},"_links":{"self":[{"href":"https:\/\/integralelektronik.com\/tr\/wp-json\/wp\/v2\/product\/8922"}],"collection":[{"href":"https:\/\/integralelektronik.com\/tr\/wp-json\/wp\/v2\/product"}],"about":[{"href":"https:\/\/integralelektronik.com\/tr\/wp-json\/wp\/v2\/types\/product"}],"replies":[{"embeddable":true,"href":"https:\/\/integralelektronik.com\/tr\/wp-json\/wp\/v2\/comments?post=8922"}],"wp:featuredmedia":[{"embeddable":true,"href":"https:\/\/integralelektronik.com\/tr\/wp-json\/wp\/v2\/media\/8906"}],"wp:attachment":[{"href":"https:\/\/integralelektronik.com\/tr\/wp-json\/wp\/v2\/media?parent=8922"}],"wp:term":[{"taxonomy":"product_brand","embeddable":true,"href":"https:\/\/integralelektronik.com\/tr\/wp-json\/wp\/v2\/product_brand?post=8922"},{"taxonomy":"product_cat","embeddable":true,"href":"https:\/\/integralelektronik.com\/tr\/wp-json\/wp\/v2\/product_cat?post=8922"},{"taxonomy":"product_tag","embeddable":true,"href":"https:\/\/integralelektronik.com\/tr\/wp-json\/wp\/v2\/product_tag?post=8922"}],"curies":[{"name":"wp","href":"https:\/\/api.w.org\/{rel}","templated":true}]}}