{"id":8919,"date":"2021-02-23T20:56:25","date_gmt":"2021-02-23T17:56:25","guid":{"rendered":"https:\/\/integralelektronik.com\/?post_type=product&#038;p=8919"},"modified":"2021-02-23T20:56:26","modified_gmt":"2021-02-23T17:56:26","slug":"abb-ms165-54-1sam451000r1016","status":"publish","type":"product","link":"https:\/\/integralelektronik.com\/tr\/product\/abb-ms165-54-1sam451000r1016\/","title":{"rendered":"ABB-MS165-54 \u2013 1SAM451000R1016"},"content":{"rendered":"<p>EAN:<span class=\"sku_wrapper\"><span class=\"sku\"><span class=\"goog-text-highlight\">4013614486104<\/span><\/span><\/span><\/p>\n<p><span>MS165, 55 mm geni\u015fli\u011finde 45 kW (400 V) \/ 80 A&#8217;ya kadar motor korumas\u0131 i\u00e7in kompakt ve g\u00fc\u00e7l\u00fc bir seridir.\u00a0A\u015f\u0131r\u0131 y\u00fck veya faz ar\u0131zas\u0131 durumunda motorlar i\u00e7in g\u00fcvenilir bir koruma sunarlar.\u00a0Cihazlar, a\u00e7ma s\u0131n\u0131f\u0131 10&#8217;a sahiptir.<\/span><br \/>\n<span>Bu tip ayr\u0131ca, k\u0131sa devre a\u00e7mas\u0131 durumunda ayr\u0131 bir pencerede a\u00e7\u0131k ve g\u00fcvenilir bir ar\u0131za g\u00f6stergesi i\u00e7erir.\u00a0Di\u011fer \u00f6zellikler, yerle\u015fik ba\u011flant\u0131 kesme i\u015flevi, s\u0131cakl\u0131k telafisi, tetiksiz mekanizma ve a\u00e7\u0131k anahtar konumu g\u00f6stergesine sahip bir d\u00f6ner koldur.\u00a0Manuel motor yol verici (ayn\u0131 zamanda motor koruma devre kesicisi veya manuel motor koruyucu olarak da bilinir), \u00fc\u00e7 ve tek fazl\u0131 uygulamalar i\u00e7in uygundur.\u00a0Yetkisiz de\u011fi\u015fikliklere kar\u015f\u0131 koruma sa\u011flamak i\u00e7in tutamak kilitlenebilir.\u00a0Yard\u0131mc\u0131 kontaklar, sinyal kontaklar\u0131, d\u00fc\u015f\u00fck gerilim sal\u0131c\u0131lar\u0131, a\u00e7t\u0131rmalar, g\u00fc\u00e7 beslemeli bloklar aksesuar olarak mevcuttur.\u00a0Bunlar<\/span><br \/>\n<span>, MS116 \/ MS132 \/ MS165 aral\u0131\u011f\u0131 boyunca uygundur.<\/span><\/p>\n","protected":false},"excerpt":{"rendered":"<h2><span>\u00dcr\u00fcn Kodu: 1SAM451000R1016<\/span><\/h2>\n<h3 class=\"pdp-product-info__description\"><span>Katalog A\u00e7\u0131klamas\u0131: MS165-54 Manuel Motor Ba\u015flat\u0131c\u0131<\/span><\/h3>\n","protected":false},"featured_media":8912,"comment_status":"open","ping_status":"closed","template":"","meta":[],"product_brand":[],"product_cat":[553,561],"product_tag":[],"class_list":{"0":"post-8919","1":"product","2":"type-product","3":"status-publish","4":"has-post-thumbnail","6":"product_cat-abb-2","7":"product_cat-motor-koruma-salteri","9":"first","10":"instock","11":"shipping-taxable","12":"product-type-simple"},"yoast_head":"<!-- This site is optimized with the Yoast SEO plugin v24.3 - https:\/\/yoast.com\/wordpress\/plugins\/seo\/ -->\n<title>ABB-MS165-54 \u2013 1SAM451000R1016 - \u0130ntegral Elektronik<\/title>\n<meta name=\"robots\" content=\"index, follow, max-snippet:-1, max-image-preview:large, max-video-preview:-1\" \/>\n<link rel=\"canonical\" href=\"https:\/\/integralelektronik.com\/tr\/product\/abb-ms165-54-1sam451000r1016\/\" \/>\n<meta property=\"og:locale\" content=\"tr_TR\" \/>\n<meta property=\"og:type\" content=\"article\" \/>\n<meta property=\"og:title\" content=\"ABB-MS165-54 \u2013 1SAM451000R1016 - \u0130ntegral Elektronik\" \/>\n<meta property=\"og:description\" content=\"\u00dcr\u00fcn Kodu: 1SAM451000R1016 Katalog A\u00e7\u0131klamas\u0131: MS165-54 Manuel Motor Ba\u015flat\u0131c\u0131\" \/>\n<meta property=\"og:url\" content=\"https:\/\/integralelektronik.com\/tr\/product\/abb-ms165-54-1sam451000r1016\/\" \/>\n<meta property=\"og:site_name\" content=\"\u0130ntegral Elektronik\" \/>\n<meta property=\"article:modified_time\" content=\"2021-02-23T17:56:26+00:00\" \/>\n<meta property=\"og:image\" content=\"https:\/\/integralelektronik.com\/wp-content\/uploads\/2021\/02\/2CDC241007V0017_720x540.jpg\" \/>\n\t<meta property=\"og:image:width\" content=\"349\" \/>\n\t<meta property=\"og:image:height\" content=\"540\" \/>\n\t<meta property=\"og:image:type\" content=\"image\/jpeg\" \/>\n<meta name=\"twitter:card\" content=\"summary_large_image\" \/>\n<meta name=\"twitter:label1\" content=\"Tahmini okuma s\u00fcresi\" \/>\n\t<meta name=\"twitter:data1\" content=\"1 dakika\" \/>\n<script type=\"application\/ld+json\" class=\"yoast-schema-graph\">{\"@context\":\"https:\/\/schema.org\",\"@graph\":[{\"@type\":\"WebPage\",\"@id\":\"https:\/\/integralelektronik.com\/tr\/product\/abb-ms165-54-1sam451000r1016\/\",\"url\":\"https:\/\/integralelektronik.com\/tr\/product\/abb-ms165-54-1sam451000r1016\/\",\"name\":\"ABB-MS165-54 \u2013 1SAM451000R1016 - \u0130ntegral Elektronik\",\"isPartOf\":{\"@id\":\"https:\/\/integralelektronik.com\/#website\"},\"primaryImageOfPage\":{\"@id\":\"https:\/\/integralelektronik.com\/tr\/product\/abb-ms165-54-1sam451000r1016\/#primaryimage\"},\"image\":{\"@id\":\"https:\/\/integralelektronik.com\/tr\/product\/abb-ms165-54-1sam451000r1016\/#primaryimage\"},\"thumbnailUrl\":\"https:\/\/integralelektronik.com\/wp-content\/uploads\/2021\/02\/2CDC241007V0017_720x540.jpg\",\"datePublished\":\"2021-02-23T17:56:25+00:00\",\"dateModified\":\"2021-02-23T17:56:26+00:00\",\"breadcrumb\":{\"@id\":\"https:\/\/integralelektronik.com\/tr\/product\/abb-ms165-54-1sam451000r1016\/#breadcrumb\"},\"inLanguage\":\"tr\",\"potentialAction\":[{\"@type\":\"ReadAction\",\"target\":[\"https:\/\/integralelektronik.com\/tr\/product\/abb-ms165-54-1sam451000r1016\/\"]}]},{\"@type\":\"ImageObject\",\"inLanguage\":\"tr\",\"@id\":\"https:\/\/integralelektronik.com\/tr\/product\/abb-ms165-54-1sam451000r1016\/#primaryimage\",\"url\":\"https:\/\/integralelektronik.com\/wp-content\/uploads\/2021\/02\/2CDC241007V0017_720x540.jpg\",\"contentUrl\":\"https:\/\/integralelektronik.com\/wp-content\/uploads\/2021\/02\/2CDC241007V0017_720x540.jpg\",\"width\":349,\"height\":540},{\"@type\":\"BreadcrumbList\",\"@id\":\"https:\/\/integralelektronik.com\/tr\/product\/abb-ms165-54-1sam451000r1016\/#breadcrumb\",\"itemListElement\":[{\"@type\":\"ListItem\",\"position\":1,\"name\":\"Home\",\"item\":\"https:\/\/integralelektronik.com\/tr\/\"},{\"@type\":\"ListItem\",\"position\":2,\"name\":\"Shop\",\"item\":\"https:\/\/integralelektronik.com\/shop\/\"},{\"@type\":\"ListItem\",\"position\":3,\"name\":\"ABB-MS165-54 \u2013 1SAM451000R1016\"}]},{\"@type\":\"WebSite\",\"@id\":\"https:\/\/integralelektronik.com\/#website\",\"url\":\"https:\/\/integralelektronik.com\/\",\"name\":\"\u0130ntegral Elektronik\",\"description\":\"\",\"publisher\":{\"@id\":\"https:\/\/integralelektronik.com\/#organization\"},\"potentialAction\":[{\"@type\":\"SearchAction\",\"target\":{\"@type\":\"EntryPoint\",\"urlTemplate\":\"https:\/\/integralelektronik.com\/?s={search_term_string}\"},\"query-input\":{\"@type\":\"PropertyValueSpecification\",\"valueRequired\":true,\"valueName\":\"search_term_string\"}}],\"inLanguage\":\"tr\"},{\"@type\":\"Organization\",\"@id\":\"https:\/\/integralelektronik.com\/#organization\",\"name\":\"\u0130ntegral Elektronik\",\"url\":\"https:\/\/integralelektronik.com\/\",\"logo\":{\"@type\":\"ImageObject\",\"inLanguage\":\"tr\",\"@id\":\"https:\/\/integralelektronik.com\/#\/schema\/logo\/image\/\",\"url\":\"https:\/\/integralelektronik.com\/wp-content\/uploads\/2020\/10\/logo.png\",\"contentUrl\":\"https:\/\/integralelektronik.com\/wp-content\/uploads\/2020\/10\/logo.png\",\"width\":180,\"height\":90,\"caption\":\"\u0130ntegral Elektronik\"},\"image\":{\"@id\":\"https:\/\/integralelektronik.com\/#\/schema\/logo\/image\/\"}}]}<\/script>\n<!-- \/ Yoast SEO plugin. -->","yoast_head_json":{"title":"ABB-MS165-54 \u2013 1SAM451000R1016 - \u0130ntegral Elektronik","robots":{"index":"index","follow":"follow","max-snippet":"max-snippet:-1","max-image-preview":"max-image-preview:large","max-video-preview":"max-video-preview:-1"},"canonical":"https:\/\/integralelektronik.com\/tr\/product\/abb-ms165-54-1sam451000r1016\/","og_locale":"tr_TR","og_type":"article","og_title":"ABB-MS165-54 \u2013 1SAM451000R1016 - \u0130ntegral Elektronik","og_description":"\u00dcr\u00fcn Kodu: 1SAM451000R1016 Katalog A\u00e7\u0131klamas\u0131: MS165-54 Manuel Motor Ba\u015flat\u0131c\u0131","og_url":"https:\/\/integralelektronik.com\/tr\/product\/abb-ms165-54-1sam451000r1016\/","og_site_name":"\u0130ntegral Elektronik","article_modified_time":"2021-02-23T17:56:26+00:00","og_image":[{"width":349,"height":540,"url":"https:\/\/integralelektronik.com\/wp-content\/uploads\/2021\/02\/2CDC241007V0017_720x540.jpg","type":"image\/jpeg"}],"twitter_card":"summary_large_image","twitter_misc":{"Tahmini okuma s\u00fcresi":"1 dakika"},"schema":{"@context":"https:\/\/schema.org","@graph":[{"@type":"WebPage","@id":"https:\/\/integralelektronik.com\/tr\/product\/abb-ms165-54-1sam451000r1016\/","url":"https:\/\/integralelektronik.com\/tr\/product\/abb-ms165-54-1sam451000r1016\/","name":"ABB-MS165-54 \u2013 1SAM451000R1016 - \u0130ntegral Elektronik","isPartOf":{"@id":"https:\/\/integralelektronik.com\/#website"},"primaryImageOfPage":{"@id":"https:\/\/integralelektronik.com\/tr\/product\/abb-ms165-54-1sam451000r1016\/#primaryimage"},"image":{"@id":"https:\/\/integralelektronik.com\/tr\/product\/abb-ms165-54-1sam451000r1016\/#primaryimage"},"thumbnailUrl":"https:\/\/integralelektronik.com\/wp-content\/uploads\/2021\/02\/2CDC241007V0017_720x540.jpg","datePublished":"2021-02-23T17:56:25+00:00","dateModified":"2021-02-23T17:56:26+00:00","breadcrumb":{"@id":"https:\/\/integralelektronik.com\/tr\/product\/abb-ms165-54-1sam451000r1016\/#breadcrumb"},"inLanguage":"tr","potentialAction":[{"@type":"ReadAction","target":["https:\/\/integralelektronik.com\/tr\/product\/abb-ms165-54-1sam451000r1016\/"]}]},{"@type":"ImageObject","inLanguage":"tr","@id":"https:\/\/integralelektronik.com\/tr\/product\/abb-ms165-54-1sam451000r1016\/#primaryimage","url":"https:\/\/integralelektronik.com\/wp-content\/uploads\/2021\/02\/2CDC241007V0017_720x540.jpg","contentUrl":"https:\/\/integralelektronik.com\/wp-content\/uploads\/2021\/02\/2CDC241007V0017_720x540.jpg","width":349,"height":540},{"@type":"BreadcrumbList","@id":"https:\/\/integralelektronik.com\/tr\/product\/abb-ms165-54-1sam451000r1016\/#breadcrumb","itemListElement":[{"@type":"ListItem","position":1,"name":"Home","item":"https:\/\/integralelektronik.com\/tr\/"},{"@type":"ListItem","position":2,"name":"Shop","item":"https:\/\/integralelektronik.com\/shop\/"},{"@type":"ListItem","position":3,"name":"ABB-MS165-54 \u2013 1SAM451000R1016"}]},{"@type":"WebSite","@id":"https:\/\/integralelektronik.com\/#website","url":"https:\/\/integralelektronik.com\/","name":"\u0130ntegral Elektronik","description":"","publisher":{"@id":"https:\/\/integralelektronik.com\/#organization"},"potentialAction":[{"@type":"SearchAction","target":{"@type":"EntryPoint","urlTemplate":"https:\/\/integralelektronik.com\/?s={search_term_string}"},"query-input":{"@type":"PropertyValueSpecification","valueRequired":true,"valueName":"search_term_string"}}],"inLanguage":"tr"},{"@type":"Organization","@id":"https:\/\/integralelektronik.com\/#organization","name":"\u0130ntegral Elektronik","url":"https:\/\/integralelektronik.com\/","logo":{"@type":"ImageObject","inLanguage":"tr","@id":"https:\/\/integralelektronik.com\/#\/schema\/logo\/image\/","url":"https:\/\/integralelektronik.com\/wp-content\/uploads\/2020\/10\/logo.png","contentUrl":"https:\/\/integralelektronik.com\/wp-content\/uploads\/2020\/10\/logo.png","width":180,"height":90,"caption":"\u0130ntegral Elektronik"},"image":{"@id":"https:\/\/integralelektronik.com\/#\/schema\/logo\/image\/"}}]}},"_links":{"self":[{"href":"https:\/\/integralelektronik.com\/tr\/wp-json\/wp\/v2\/product\/8919"}],"collection":[{"href":"https:\/\/integralelektronik.com\/tr\/wp-json\/wp\/v2\/product"}],"about":[{"href":"https:\/\/integralelektronik.com\/tr\/wp-json\/wp\/v2\/types\/product"}],"replies":[{"embeddable":true,"href":"https:\/\/integralelektronik.com\/tr\/wp-json\/wp\/v2\/comments?post=8919"}],"wp:featuredmedia":[{"embeddable":true,"href":"https:\/\/integralelektronik.com\/tr\/wp-json\/wp\/v2\/media\/8912"}],"wp:attachment":[{"href":"https:\/\/integralelektronik.com\/tr\/wp-json\/wp\/v2\/media?parent=8919"}],"wp:term":[{"taxonomy":"product_brand","embeddable":true,"href":"https:\/\/integralelektronik.com\/tr\/wp-json\/wp\/v2\/product_brand?post=8919"},{"taxonomy":"product_cat","embeddable":true,"href":"https:\/\/integralelektronik.com\/tr\/wp-json\/wp\/v2\/product_cat?post=8919"},{"taxonomy":"product_tag","embeddable":true,"href":"https:\/\/integralelektronik.com\/tr\/wp-json\/wp\/v2\/product_tag?post=8919"}],"curies":[{"name":"wp","href":"https:\/\/api.w.org\/{rel}","templated":true}]}}