{"id":8884,"date":"2021-02-23T18:52:45","date_gmt":"2021-02-23T15:52:45","guid":{"rendered":"https:\/\/integralelektronik.com\/?post_type=product&#038;p=8884"},"modified":"2021-02-23T18:52:45","modified_gmt":"2021-02-23T15:52:45","slug":"abb-s201-c4-2cds251001r0044","status":"publish","type":"product","link":"https:\/\/integralelektronik.com\/tr\/product\/abb-s201-c4-2cds251001r0044\/","title":{"rendered":"ABB-S201-C4 -2CDS251001R0044"},"content":{"rendered":"<p>EAN:4016779523349<\/p>\n<p><span>System pro M compact S200 minyat\u00fcr devre kesiciler ak\u0131m s\u0131n\u0131rlay\u0131c\u0131d\u0131r.\u00a0<\/span><span>\u0130ki farkl\u0131 a\u00e7ma mekanizmas\u0131na sahiptirler, a\u015f\u0131r\u0131 y\u00fck korumas\u0131 i\u00e7in gecikmeli termal a\u00e7ma mekanizmas\u0131 ve k\u0131sa devre korumas\u0131 i\u00e7in elektromekanik a\u00e7ma mekanizmas\u0131.\u00a0<\/span><span>Farkl\u0131 \u00f6zelliklerde (B, C, D, K, Z), konfig\u00fcrasyonlarda (1P, 1P + N, 2P, 3P, 3P + N, 4P), kesme kapasitelerinde (230\/400 V AC&#8217;de 6 kA&#8217;ya kadar) mevcuttur. ) ve nominal ak\u0131mlar (63A&#8217;ya kadar).\u00a0<\/span><span>S200 \u00fcr\u00fcn serisinin t\u00fcm MCB&#8217;leri, konut, ticari ve end\u00fcstriyel uygulamalar i\u00e7in kullan\u0131ma izin veren IEC \/ EN 60898-1, IEC \/ EN 60947-2, UL1077 ile uyumludur.\u00a0<\/span><span>Alttan tak\u0131lan yard\u0131mc\u0131 kontak,% 50 yer tasarrufu sa\u011flamak i\u00e7in S200&#8217;e monte edilebilir.<\/span><\/p>\n","protected":false},"excerpt":{"rendered":"<h2><span>\u00dcr\u00fcn Kodu: 2CDS251001R0044<\/span><\/h2>\n<h3 class=\"pdp-product-info__description\"><span>Katalog A\u00e7\u0131klamas\u0131: Minyat\u00fcr Devre Kesici &#8211; S200 &#8211; 1P &#8211; C &#8211; 4 amper<\/span><\/h3>\n","protected":false},"featured_media":8876,"comment_status":"open","ping_status":"closed","template":"","meta":[],"product_brand":[],"product_cat":[553,560],"product_tag":[],"class_list":{"0":"post-8884","1":"product","2":"type-product","3":"status-publish","4":"has-post-thumbnail","6":"product_cat-abb-2","7":"product_cat-otomatik-sigorta","9":"first","10":"instock","11":"shipping-taxable","12":"product-type-simple"},"yoast_head":"<!-- This site is optimized with the Yoast SEO plugin v24.3 - https:\/\/yoast.com\/wordpress\/plugins\/seo\/ -->\n<title>ABB-S201-C4 -2CDS251001R0044 - \u0130ntegral Elektronik<\/title>\n<meta name=\"robots\" content=\"index, follow, max-snippet:-1, max-image-preview:large, max-video-preview:-1\" \/>\n<link rel=\"canonical\" href=\"https:\/\/integralelektronik.com\/tr\/product\/abb-s201-c4-2cds251001r0044\/\" \/>\n<meta property=\"og:locale\" content=\"tr_TR\" \/>\n<meta property=\"og:type\" content=\"article\" \/>\n<meta property=\"og:title\" content=\"ABB-S201-C4 -2CDS251001R0044 - \u0130ntegral Elektronik\" \/>\n<meta property=\"og:description\" content=\"\u00dcr\u00fcn Kodu: 2CDS251001R0044 Katalog A\u00e7\u0131klamas\u0131: Minyat\u00fcr Devre Kesici - S200 - 1P - C - 4 amper\" \/>\n<meta property=\"og:url\" content=\"https:\/\/integralelektronik.com\/tr\/product\/abb-s201-c4-2cds251001r0044\/\" \/>\n<meta property=\"og:site_name\" content=\"\u0130ntegral Elektronik\" \/>\n<meta property=\"og:image\" content=\"https:\/\/integralelektronik.com\/wp-content\/uploads\/2021\/02\/9PAA00000003093_720x540.png\" \/>\n\t<meta property=\"og:image:width\" content=\"540\" \/>\n\t<meta property=\"og:image:height\" content=\"540\" \/>\n\t<meta property=\"og:image:type\" content=\"image\/png\" \/>\n<meta name=\"twitter:card\" content=\"summary_large_image\" \/>\n<meta name=\"twitter:label1\" content=\"Tahmini okuma s\u00fcresi\" \/>\n\t<meta name=\"twitter:data1\" content=\"1 dakika\" \/>\n<script type=\"application\/ld+json\" class=\"yoast-schema-graph\">{\"@context\":\"https:\/\/schema.org\",\"@graph\":[{\"@type\":\"WebPage\",\"@id\":\"https:\/\/integralelektronik.com\/tr\/product\/abb-s201-c4-2cds251001r0044\/\",\"url\":\"https:\/\/integralelektronik.com\/tr\/product\/abb-s201-c4-2cds251001r0044\/\",\"name\":\"ABB-S201-C4 -2CDS251001R0044 - \u0130ntegral Elektronik\",\"isPartOf\":{\"@id\":\"https:\/\/integralelektronik.com\/#website\"},\"primaryImageOfPage\":{\"@id\":\"https:\/\/integralelektronik.com\/tr\/product\/abb-s201-c4-2cds251001r0044\/#primaryimage\"},\"image\":{\"@id\":\"https:\/\/integralelektronik.com\/tr\/product\/abb-s201-c4-2cds251001r0044\/#primaryimage\"},\"thumbnailUrl\":\"https:\/\/integralelektronik.com\/wp-content\/uploads\/2021\/02\/9PAA00000003093_720x540.png\",\"datePublished\":\"2021-02-23T15:52:45+00:00\",\"dateModified\":\"2021-02-23T15:52:45+00:00\",\"breadcrumb\":{\"@id\":\"https:\/\/integralelektronik.com\/tr\/product\/abb-s201-c4-2cds251001r0044\/#breadcrumb\"},\"inLanguage\":\"tr\",\"potentialAction\":[{\"@type\":\"ReadAction\",\"target\":[\"https:\/\/integralelektronik.com\/tr\/product\/abb-s201-c4-2cds251001r0044\/\"]}]},{\"@type\":\"ImageObject\",\"inLanguage\":\"tr\",\"@id\":\"https:\/\/integralelektronik.com\/tr\/product\/abb-s201-c4-2cds251001r0044\/#primaryimage\",\"url\":\"https:\/\/integralelektronik.com\/wp-content\/uploads\/2021\/02\/9PAA00000003093_720x540.png\",\"contentUrl\":\"https:\/\/integralelektronik.com\/wp-content\/uploads\/2021\/02\/9PAA00000003093_720x540.png\",\"width\":540,\"height\":540},{\"@type\":\"BreadcrumbList\",\"@id\":\"https:\/\/integralelektronik.com\/tr\/product\/abb-s201-c4-2cds251001r0044\/#breadcrumb\",\"itemListElement\":[{\"@type\":\"ListItem\",\"position\":1,\"name\":\"Home\",\"item\":\"https:\/\/integralelektronik.com\/tr\/\"},{\"@type\":\"ListItem\",\"position\":2,\"name\":\"Shop\",\"item\":\"https:\/\/integralelektronik.com\/shop\/\"},{\"@type\":\"ListItem\",\"position\":3,\"name\":\"ABB-S201-C4 -2CDS251001R0044\"}]},{\"@type\":\"WebSite\",\"@id\":\"https:\/\/integralelektronik.com\/#website\",\"url\":\"https:\/\/integralelektronik.com\/\",\"name\":\"\u0130ntegral Elektronik\",\"description\":\"\",\"publisher\":{\"@id\":\"https:\/\/integralelektronik.com\/#organization\"},\"potentialAction\":[{\"@type\":\"SearchAction\",\"target\":{\"@type\":\"EntryPoint\",\"urlTemplate\":\"https:\/\/integralelektronik.com\/?s={search_term_string}\"},\"query-input\":{\"@type\":\"PropertyValueSpecification\",\"valueRequired\":true,\"valueName\":\"search_term_string\"}}],\"inLanguage\":\"tr\"},{\"@type\":\"Organization\",\"@id\":\"https:\/\/integralelektronik.com\/#organization\",\"name\":\"\u0130ntegral Elektronik\",\"url\":\"https:\/\/integralelektronik.com\/\",\"logo\":{\"@type\":\"ImageObject\",\"inLanguage\":\"tr\",\"@id\":\"https:\/\/integralelektronik.com\/#\/schema\/logo\/image\/\",\"url\":\"https:\/\/integralelektronik.com\/wp-content\/uploads\/2020\/10\/logo.png\",\"contentUrl\":\"https:\/\/integralelektronik.com\/wp-content\/uploads\/2020\/10\/logo.png\",\"width\":180,\"height\":90,\"caption\":\"\u0130ntegral Elektronik\"},\"image\":{\"@id\":\"https:\/\/integralelektronik.com\/#\/schema\/logo\/image\/\"}}]}<\/script>\n<!-- \/ Yoast SEO plugin. -->","yoast_head_json":{"title":"ABB-S201-C4 -2CDS251001R0044 - \u0130ntegral Elektronik","robots":{"index":"index","follow":"follow","max-snippet":"max-snippet:-1","max-image-preview":"max-image-preview:large","max-video-preview":"max-video-preview:-1"},"canonical":"https:\/\/integralelektronik.com\/tr\/product\/abb-s201-c4-2cds251001r0044\/","og_locale":"tr_TR","og_type":"article","og_title":"ABB-S201-C4 -2CDS251001R0044 - \u0130ntegral Elektronik","og_description":"\u00dcr\u00fcn Kodu: 2CDS251001R0044 Katalog A\u00e7\u0131klamas\u0131: Minyat\u00fcr Devre Kesici - S200 - 1P - C - 4 amper","og_url":"https:\/\/integralelektronik.com\/tr\/product\/abb-s201-c4-2cds251001r0044\/","og_site_name":"\u0130ntegral Elektronik","og_image":[{"width":540,"height":540,"url":"https:\/\/integralelektronik.com\/wp-content\/uploads\/2021\/02\/9PAA00000003093_720x540.png","type":"image\/png"}],"twitter_card":"summary_large_image","twitter_misc":{"Tahmini okuma s\u00fcresi":"1 dakika"},"schema":{"@context":"https:\/\/schema.org","@graph":[{"@type":"WebPage","@id":"https:\/\/integralelektronik.com\/tr\/product\/abb-s201-c4-2cds251001r0044\/","url":"https:\/\/integralelektronik.com\/tr\/product\/abb-s201-c4-2cds251001r0044\/","name":"ABB-S201-C4 -2CDS251001R0044 - \u0130ntegral Elektronik","isPartOf":{"@id":"https:\/\/integralelektronik.com\/#website"},"primaryImageOfPage":{"@id":"https:\/\/integralelektronik.com\/tr\/product\/abb-s201-c4-2cds251001r0044\/#primaryimage"},"image":{"@id":"https:\/\/integralelektronik.com\/tr\/product\/abb-s201-c4-2cds251001r0044\/#primaryimage"},"thumbnailUrl":"https:\/\/integralelektronik.com\/wp-content\/uploads\/2021\/02\/9PAA00000003093_720x540.png","datePublished":"2021-02-23T15:52:45+00:00","dateModified":"2021-02-23T15:52:45+00:00","breadcrumb":{"@id":"https:\/\/integralelektronik.com\/tr\/product\/abb-s201-c4-2cds251001r0044\/#breadcrumb"},"inLanguage":"tr","potentialAction":[{"@type":"ReadAction","target":["https:\/\/integralelektronik.com\/tr\/product\/abb-s201-c4-2cds251001r0044\/"]}]},{"@type":"ImageObject","inLanguage":"tr","@id":"https:\/\/integralelektronik.com\/tr\/product\/abb-s201-c4-2cds251001r0044\/#primaryimage","url":"https:\/\/integralelektronik.com\/wp-content\/uploads\/2021\/02\/9PAA00000003093_720x540.png","contentUrl":"https:\/\/integralelektronik.com\/wp-content\/uploads\/2021\/02\/9PAA00000003093_720x540.png","width":540,"height":540},{"@type":"BreadcrumbList","@id":"https:\/\/integralelektronik.com\/tr\/product\/abb-s201-c4-2cds251001r0044\/#breadcrumb","itemListElement":[{"@type":"ListItem","position":1,"name":"Home","item":"https:\/\/integralelektronik.com\/tr\/"},{"@type":"ListItem","position":2,"name":"Shop","item":"https:\/\/integralelektronik.com\/shop\/"},{"@type":"ListItem","position":3,"name":"ABB-S201-C4 -2CDS251001R0044"}]},{"@type":"WebSite","@id":"https:\/\/integralelektronik.com\/#website","url":"https:\/\/integralelektronik.com\/","name":"\u0130ntegral Elektronik","description":"","publisher":{"@id":"https:\/\/integralelektronik.com\/#organization"},"potentialAction":[{"@type":"SearchAction","target":{"@type":"EntryPoint","urlTemplate":"https:\/\/integralelektronik.com\/?s={search_term_string}"},"query-input":{"@type":"PropertyValueSpecification","valueRequired":true,"valueName":"search_term_string"}}],"inLanguage":"tr"},{"@type":"Organization","@id":"https:\/\/integralelektronik.com\/#organization","name":"\u0130ntegral Elektronik","url":"https:\/\/integralelektronik.com\/","logo":{"@type":"ImageObject","inLanguage":"tr","@id":"https:\/\/integralelektronik.com\/#\/schema\/logo\/image\/","url":"https:\/\/integralelektronik.com\/wp-content\/uploads\/2020\/10\/logo.png","contentUrl":"https:\/\/integralelektronik.com\/wp-content\/uploads\/2020\/10\/logo.png","width":180,"height":90,"caption":"\u0130ntegral Elektronik"},"image":{"@id":"https:\/\/integralelektronik.com\/#\/schema\/logo\/image\/"}}]}},"_links":{"self":[{"href":"https:\/\/integralelektronik.com\/tr\/wp-json\/wp\/v2\/product\/8884"}],"collection":[{"href":"https:\/\/integralelektronik.com\/tr\/wp-json\/wp\/v2\/product"}],"about":[{"href":"https:\/\/integralelektronik.com\/tr\/wp-json\/wp\/v2\/types\/product"}],"replies":[{"embeddable":true,"href":"https:\/\/integralelektronik.com\/tr\/wp-json\/wp\/v2\/comments?post=8884"}],"wp:featuredmedia":[{"embeddable":true,"href":"https:\/\/integralelektronik.com\/tr\/wp-json\/wp\/v2\/media\/8876"}],"wp:attachment":[{"href":"https:\/\/integralelektronik.com\/tr\/wp-json\/wp\/v2\/media?parent=8884"}],"wp:term":[{"taxonomy":"product_brand","embeddable":true,"href":"https:\/\/integralelektronik.com\/tr\/wp-json\/wp\/v2\/product_brand?post=8884"},{"taxonomy":"product_cat","embeddable":true,"href":"https:\/\/integralelektronik.com\/tr\/wp-json\/wp\/v2\/product_cat?post=8884"},{"taxonomy":"product_tag","embeddable":true,"href":"https:\/\/integralelektronik.com\/tr\/wp-json\/wp\/v2\/product_tag?post=8884"}],"curies":[{"name":"wp","href":"https:\/\/api.w.org\/{rel}","templated":true}]}}