{"id":8882,"date":"2021-02-23T18:48:53","date_gmt":"2021-02-23T15:48:53","guid":{"rendered":"https:\/\/integralelektronik.com\/?post_type=product&#038;p=8882"},"modified":"2021-02-23T18:48:53","modified_gmt":"2021-02-23T15:48:53","slug":"abb-xlp00-6bc-1sep101890r0002","status":"publish","type":"product","link":"https:\/\/integralelektronik.com\/tr\/product\/abb-xlp00-6bc-1sep101890r0002\/","title":{"rendered":"ABB-XLP00-6BC \u2013 1SEP101890R0002"},"content":{"rendered":"<p>EAN: 7025840013402<\/p>\n<p><span>XLP00,3 kutuplu, 160A, dahil.\u00a0<\/span><span>6 K\u00f6pr\u00fc Kelep\u00e7esi<\/span><\/p>\n","protected":false},"excerpt":{"rendered":"<h2><span>\u00dcr\u00fcn Kodu: 1SEP101890R0002<\/span><\/h2>\n<h3 class=\"pdp-product-info__description\"><span>Katalog A\u00e7\u0131klamas\u0131: XLP00-6BC Sigortal\u0131 Y\u00fck Ay\u0131r\u0131c\u0131<\/span><\/h3>\n","protected":false},"featured_media":8880,"comment_status":"open","ping_status":"closed","template":"","meta":[],"product_brand":[],"product_cat":[553,560],"product_tag":[],"class_list":{"0":"post-8882","1":"product","2":"type-product","3":"status-publish","4":"has-post-thumbnail","6":"product_cat-abb-2","7":"product_cat-otomatik-sigorta","9":"first","10":"instock","11":"shipping-taxable","12":"product-type-simple"},"yoast_head":"<!-- This site is optimized with the Yoast SEO plugin v24.3 - https:\/\/yoast.com\/wordpress\/plugins\/seo\/ -->\n<title>ABB-XLP00-6BC \u2013 1SEP101890R0002 - \u0130ntegral Elektronik<\/title>\n<meta name=\"robots\" content=\"index, follow, max-snippet:-1, max-image-preview:large, max-video-preview:-1\" \/>\n<link rel=\"canonical\" href=\"https:\/\/integralelektronik.com\/tr\/product\/abb-xlp00-6bc-1sep101890r0002\/\" \/>\n<meta property=\"og:locale\" content=\"tr_TR\" \/>\n<meta property=\"og:type\" content=\"article\" \/>\n<meta property=\"og:title\" content=\"ABB-XLP00-6BC \u2013 1SEP101890R0002 - \u0130ntegral Elektronik\" \/>\n<meta property=\"og:description\" content=\"\u00dcr\u00fcn Kodu: 1SEP101890R0002 Katalog A\u00e7\u0131klamas\u0131: XLP00-6BC Sigortal\u0131 Y\u00fck Ay\u0131r\u0131c\u0131\" \/>\n<meta property=\"og:url\" content=\"https:\/\/integralelektronik.com\/tr\/product\/abb-xlp00-6bc-1sep101890r0002\/\" \/>\n<meta property=\"og:site_name\" content=\"\u0130ntegral Elektronik\" \/>\n<meta property=\"og:image\" content=\"https:\/\/integralelektronik.com\/wp-content\/uploads\/2021\/02\/9IBA183221_720x540.jpg\" \/>\n\t<meta property=\"og:image:width\" content=\"333\" \/>\n\t<meta property=\"og:image:height\" content=\"540\" \/>\n\t<meta property=\"og:image:type\" content=\"image\/jpeg\" \/>\n<meta name=\"twitter:card\" content=\"summary_large_image\" \/>\n<script type=\"application\/ld+json\" class=\"yoast-schema-graph\">{\"@context\":\"https:\/\/schema.org\",\"@graph\":[{\"@type\":\"WebPage\",\"@id\":\"https:\/\/integralelektronik.com\/tr\/product\/abb-xlp00-6bc-1sep101890r0002\/\",\"url\":\"https:\/\/integralelektronik.com\/tr\/product\/abb-xlp00-6bc-1sep101890r0002\/\",\"name\":\"ABB-XLP00-6BC \u2013 1SEP101890R0002 - \u0130ntegral Elektronik\",\"isPartOf\":{\"@id\":\"https:\/\/integralelektronik.com\/#website\"},\"primaryImageOfPage\":{\"@id\":\"https:\/\/integralelektronik.com\/tr\/product\/abb-xlp00-6bc-1sep101890r0002\/#primaryimage\"},\"image\":{\"@id\":\"https:\/\/integralelektronik.com\/tr\/product\/abb-xlp00-6bc-1sep101890r0002\/#primaryimage\"},\"thumbnailUrl\":\"https:\/\/integralelektronik.com\/wp-content\/uploads\/2021\/02\/9IBA183221_720x540.jpg\",\"datePublished\":\"2021-02-23T15:48:53+00:00\",\"dateModified\":\"2021-02-23T15:48:53+00:00\",\"breadcrumb\":{\"@id\":\"https:\/\/integralelektronik.com\/tr\/product\/abb-xlp00-6bc-1sep101890r0002\/#breadcrumb\"},\"inLanguage\":\"tr\",\"potentialAction\":[{\"@type\":\"ReadAction\",\"target\":[\"https:\/\/integralelektronik.com\/tr\/product\/abb-xlp00-6bc-1sep101890r0002\/\"]}]},{\"@type\":\"ImageObject\",\"inLanguage\":\"tr\",\"@id\":\"https:\/\/integralelektronik.com\/tr\/product\/abb-xlp00-6bc-1sep101890r0002\/#primaryimage\",\"url\":\"https:\/\/integralelektronik.com\/wp-content\/uploads\/2021\/02\/9IBA183221_720x540.jpg\",\"contentUrl\":\"https:\/\/integralelektronik.com\/wp-content\/uploads\/2021\/02\/9IBA183221_720x540.jpg\",\"width\":333,\"height\":540},{\"@type\":\"BreadcrumbList\",\"@id\":\"https:\/\/integralelektronik.com\/tr\/product\/abb-xlp00-6bc-1sep101890r0002\/#breadcrumb\",\"itemListElement\":[{\"@type\":\"ListItem\",\"position\":1,\"name\":\"Home\",\"item\":\"https:\/\/integralelektronik.com\/tr\/\"},{\"@type\":\"ListItem\",\"position\":2,\"name\":\"Shop\",\"item\":\"https:\/\/integralelektronik.com\/shop\/\"},{\"@type\":\"ListItem\",\"position\":3,\"name\":\"ABB-XLP00-6BC \u2013 1SEP101890R0002\"}]},{\"@type\":\"WebSite\",\"@id\":\"https:\/\/integralelektronik.com\/#website\",\"url\":\"https:\/\/integralelektronik.com\/\",\"name\":\"\u0130ntegral Elektronik\",\"description\":\"\",\"publisher\":{\"@id\":\"https:\/\/integralelektronik.com\/#organization\"},\"potentialAction\":[{\"@type\":\"SearchAction\",\"target\":{\"@type\":\"EntryPoint\",\"urlTemplate\":\"https:\/\/integralelektronik.com\/?s={search_term_string}\"},\"query-input\":{\"@type\":\"PropertyValueSpecification\",\"valueRequired\":true,\"valueName\":\"search_term_string\"}}],\"inLanguage\":\"tr\"},{\"@type\":\"Organization\",\"@id\":\"https:\/\/integralelektronik.com\/#organization\",\"name\":\"\u0130ntegral Elektronik\",\"url\":\"https:\/\/integralelektronik.com\/\",\"logo\":{\"@type\":\"ImageObject\",\"inLanguage\":\"tr\",\"@id\":\"https:\/\/integralelektronik.com\/#\/schema\/logo\/image\/\",\"url\":\"https:\/\/integralelektronik.com\/wp-content\/uploads\/2020\/10\/logo.png\",\"contentUrl\":\"https:\/\/integralelektronik.com\/wp-content\/uploads\/2020\/10\/logo.png\",\"width\":180,\"height\":90,\"caption\":\"\u0130ntegral Elektronik\"},\"image\":{\"@id\":\"https:\/\/integralelektronik.com\/#\/schema\/logo\/image\/\"}}]}<\/script>\n<!-- \/ Yoast SEO plugin. -->","yoast_head_json":{"title":"ABB-XLP00-6BC \u2013 1SEP101890R0002 - \u0130ntegral Elektronik","robots":{"index":"index","follow":"follow","max-snippet":"max-snippet:-1","max-image-preview":"max-image-preview:large","max-video-preview":"max-video-preview:-1"},"canonical":"https:\/\/integralelektronik.com\/tr\/product\/abb-xlp00-6bc-1sep101890r0002\/","og_locale":"tr_TR","og_type":"article","og_title":"ABB-XLP00-6BC \u2013 1SEP101890R0002 - \u0130ntegral Elektronik","og_description":"\u00dcr\u00fcn Kodu: 1SEP101890R0002 Katalog A\u00e7\u0131klamas\u0131: XLP00-6BC Sigortal\u0131 Y\u00fck Ay\u0131r\u0131c\u0131","og_url":"https:\/\/integralelektronik.com\/tr\/product\/abb-xlp00-6bc-1sep101890r0002\/","og_site_name":"\u0130ntegral Elektronik","og_image":[{"width":333,"height":540,"url":"https:\/\/integralelektronik.com\/wp-content\/uploads\/2021\/02\/9IBA183221_720x540.jpg","type":"image\/jpeg"}],"twitter_card":"summary_large_image","schema":{"@context":"https:\/\/schema.org","@graph":[{"@type":"WebPage","@id":"https:\/\/integralelektronik.com\/tr\/product\/abb-xlp00-6bc-1sep101890r0002\/","url":"https:\/\/integralelektronik.com\/tr\/product\/abb-xlp00-6bc-1sep101890r0002\/","name":"ABB-XLP00-6BC \u2013 1SEP101890R0002 - \u0130ntegral Elektronik","isPartOf":{"@id":"https:\/\/integralelektronik.com\/#website"},"primaryImageOfPage":{"@id":"https:\/\/integralelektronik.com\/tr\/product\/abb-xlp00-6bc-1sep101890r0002\/#primaryimage"},"image":{"@id":"https:\/\/integralelektronik.com\/tr\/product\/abb-xlp00-6bc-1sep101890r0002\/#primaryimage"},"thumbnailUrl":"https:\/\/integralelektronik.com\/wp-content\/uploads\/2021\/02\/9IBA183221_720x540.jpg","datePublished":"2021-02-23T15:48:53+00:00","dateModified":"2021-02-23T15:48:53+00:00","breadcrumb":{"@id":"https:\/\/integralelektronik.com\/tr\/product\/abb-xlp00-6bc-1sep101890r0002\/#breadcrumb"},"inLanguage":"tr","potentialAction":[{"@type":"ReadAction","target":["https:\/\/integralelektronik.com\/tr\/product\/abb-xlp00-6bc-1sep101890r0002\/"]}]},{"@type":"ImageObject","inLanguage":"tr","@id":"https:\/\/integralelektronik.com\/tr\/product\/abb-xlp00-6bc-1sep101890r0002\/#primaryimage","url":"https:\/\/integralelektronik.com\/wp-content\/uploads\/2021\/02\/9IBA183221_720x540.jpg","contentUrl":"https:\/\/integralelektronik.com\/wp-content\/uploads\/2021\/02\/9IBA183221_720x540.jpg","width":333,"height":540},{"@type":"BreadcrumbList","@id":"https:\/\/integralelektronik.com\/tr\/product\/abb-xlp00-6bc-1sep101890r0002\/#breadcrumb","itemListElement":[{"@type":"ListItem","position":1,"name":"Home","item":"https:\/\/integralelektronik.com\/tr\/"},{"@type":"ListItem","position":2,"name":"Shop","item":"https:\/\/integralelektronik.com\/shop\/"},{"@type":"ListItem","position":3,"name":"ABB-XLP00-6BC \u2013 1SEP101890R0002"}]},{"@type":"WebSite","@id":"https:\/\/integralelektronik.com\/#website","url":"https:\/\/integralelektronik.com\/","name":"\u0130ntegral Elektronik","description":"","publisher":{"@id":"https:\/\/integralelektronik.com\/#organization"},"potentialAction":[{"@type":"SearchAction","target":{"@type":"EntryPoint","urlTemplate":"https:\/\/integralelektronik.com\/?s={search_term_string}"},"query-input":{"@type":"PropertyValueSpecification","valueRequired":true,"valueName":"search_term_string"}}],"inLanguage":"tr"},{"@type":"Organization","@id":"https:\/\/integralelektronik.com\/#organization","name":"\u0130ntegral Elektronik","url":"https:\/\/integralelektronik.com\/","logo":{"@type":"ImageObject","inLanguage":"tr","@id":"https:\/\/integralelektronik.com\/#\/schema\/logo\/image\/","url":"https:\/\/integralelektronik.com\/wp-content\/uploads\/2020\/10\/logo.png","contentUrl":"https:\/\/integralelektronik.com\/wp-content\/uploads\/2020\/10\/logo.png","width":180,"height":90,"caption":"\u0130ntegral Elektronik"},"image":{"@id":"https:\/\/integralelektronik.com\/#\/schema\/logo\/image\/"}}]}},"_links":{"self":[{"href":"https:\/\/integralelektronik.com\/tr\/wp-json\/wp\/v2\/product\/8882"}],"collection":[{"href":"https:\/\/integralelektronik.com\/tr\/wp-json\/wp\/v2\/product"}],"about":[{"href":"https:\/\/integralelektronik.com\/tr\/wp-json\/wp\/v2\/types\/product"}],"replies":[{"embeddable":true,"href":"https:\/\/integralelektronik.com\/tr\/wp-json\/wp\/v2\/comments?post=8882"}],"wp:featuredmedia":[{"embeddable":true,"href":"https:\/\/integralelektronik.com\/tr\/wp-json\/wp\/v2\/media\/8880"}],"wp:attachment":[{"href":"https:\/\/integralelektronik.com\/tr\/wp-json\/wp\/v2\/media?parent=8882"}],"wp:term":[{"taxonomy":"product_brand","embeddable":true,"href":"https:\/\/integralelektronik.com\/tr\/wp-json\/wp\/v2\/product_brand?post=8882"},{"taxonomy":"product_cat","embeddable":true,"href":"https:\/\/integralelektronik.com\/tr\/wp-json\/wp\/v2\/product_cat?post=8882"},{"taxonomy":"product_tag","embeddable":true,"href":"https:\/\/integralelektronik.com\/tr\/wp-json\/wp\/v2\/product_tag?post=8882"}],"curies":[{"name":"wp","href":"https:\/\/api.w.org\/{rel}","templated":true}]}}