{"id":8743,"date":"2021-02-21T10:32:28","date_gmt":"2021-02-21T07:32:28","guid":{"rendered":"https:\/\/integralelektronik.com\/?post_type=product&#038;p=8743"},"modified":"2021-02-21T10:35:17","modified_gmt":"2021-02-21T07:35:17","slug":"abb-af30-30-00-13-1sbl277001r1300","status":"publish","type":"product","link":"https:\/\/integralelektronik.com\/tr\/product\/abb-af30-30-00-13-1sbl277001r1300\/","title":{"rendered":"ABB-AF30-30-00-13 \u2013 1SBL277001R1300"},"content":{"rendered":"<p>EAN: 3471523111233<\/p>\n<p>AF30 kontakt\u00f6rler, 690 V AC ve 220 V DC&#8217;ye kadar g\u00fc\u00e7 devrelerini kontrol etmek i\u00e7in kullan\u0131l\u0131r.\u00a0Esas olarak 3 fazl\u0131 motorlar\u0131, end\u00fcktif olmayan veya hafif end\u00fcktif y\u00fckleri kontrol etmek i\u00e7in kullan\u0131l\u0131rlar.\u00a0AF\u2026 kontakt\u00f6rler, geni\u015f bir Uc min kontrol voltaj\u0131n\u0131 kabul eden bir elektronik bobin aray\u00fcz\u00fc i\u00e7erir.\u00a0\u2026 Uc maks.\u00a024\u2026 500 V 50\/60 Hz veya 20\u2026 500 V DC aras\u0131ndaki kontrol gerilimlerini yaln\u0131zca d\u00f6rt bobin kapsar.\u00a0AF kontakt\u00f6rleri, b\u00fcy\u00fck kontrol voltaj\u0131 de\u011fi\u015fimlerini y\u00f6netebilir.\u00a0Bir bobin, d\u00fcnya \u00e7ap\u0131nda kullan\u0131lan farkl\u0131 kontrol voltajlar\u0131 i\u00e7in herhangi bir bobin de\u011fi\u015fikli\u011fi olmaks\u0131z\u0131n kullan\u0131labilir.\u00a0AF kontakt\u00f6rleri dahili a\u015f\u0131r\u0131 gerilim korumas\u0131na sahiptir ve ek a\u015f\u0131r\u0131 gerilim koruyucular gerektirmez.\u00a0AF\u2026 serisi 1 y\u0131\u011f\u0131nl\u0131 3 kutuplu kontakt\u00f6rler blok tipi tasar\u0131ma sahiptir.\u00a0&#8211; Ana kutuplar ve yard\u0131mc\u0131 kontak bloklar\u0131: 3 ana kutup<\/p>\n","protected":false},"excerpt":{"rendered":"<h2>\u00dcr\u00fcn Kodu: 1SBL277001R1300<\/h2>\n<h3 class=\"pdp-product-info__description\">Katalog A\u00e7\u0131klamas\u0131: AF30-30-00-13 100-250V50 \/ 60HZ-DC Kontakt\u00f6r<\/h3>\n","protected":false},"featured_media":8724,"comment_status":"open","ping_status":"closed","template":"","meta":[],"product_brand":[],"product_cat":[553,556],"product_tag":[],"class_list":{"0":"post-8743","1":"product","2":"type-product","3":"status-publish","4":"has-post-thumbnail","6":"product_cat-abb-2","7":"product_cat-kontaktor","9":"first","10":"instock","11":"shipping-taxable","12":"product-type-simple"},"yoast_head":"<!-- This site is optimized with the Yoast SEO plugin v24.3 - https:\/\/yoast.com\/wordpress\/plugins\/seo\/ -->\n<title>ABB-AF30-30-00-13 \u2013 1SBL277001R1300 - \u0130ntegral Elektronik<\/title>\n<meta name=\"robots\" content=\"index, follow, max-snippet:-1, max-image-preview:large, max-video-preview:-1\" \/>\n<link rel=\"canonical\" href=\"https:\/\/integralelektronik.com\/tr\/product\/abb-af30-30-00-13-1sbl277001r1300\/\" \/>\n<meta property=\"og:locale\" content=\"tr_TR\" \/>\n<meta property=\"og:type\" content=\"article\" \/>\n<meta property=\"og:title\" content=\"ABB-AF30-30-00-13 \u2013 1SBL277001R1300 - \u0130ntegral Elektronik\" \/>\n<meta property=\"og:description\" content=\"\u00dcr\u00fcn Kodu: 1SBL277001R1300 Katalog A\u00e7\u0131klamas\u0131: AF30-30-00-13 100-250V50 \/ 60HZ-DC Kontakt\u00f6r\" \/>\n<meta property=\"og:url\" content=\"https:\/\/integralelektronik.com\/tr\/product\/abb-af30-30-00-13-1sbl277001r1300\/\" \/>\n<meta property=\"og:site_name\" content=\"\u0130ntegral Elektronik\" \/>\n<meta property=\"article:modified_time\" content=\"2021-02-21T07:35:17+00:00\" \/>\n<meta property=\"og:image\" content=\"https:\/\/integralelektronik.com\/wp-content\/uploads\/2021\/02\/1SBC101001V0000_720x540.jpg\" \/>\n\t<meta property=\"og:image:width\" content=\"322\" \/>\n\t<meta property=\"og:image:height\" content=\"540\" \/>\n\t<meta property=\"og:image:type\" content=\"image\/jpeg\" \/>\n<meta name=\"twitter:card\" content=\"summary_large_image\" \/>\n<meta name=\"twitter:label1\" content=\"Tahmini okuma s\u00fcresi\" \/>\n\t<meta name=\"twitter:data1\" content=\"1 dakika\" \/>\n<script type=\"application\/ld+json\" class=\"yoast-schema-graph\">{\"@context\":\"https:\/\/schema.org\",\"@graph\":[{\"@type\":\"WebPage\",\"@id\":\"https:\/\/integralelektronik.com\/tr\/product\/abb-af30-30-00-13-1sbl277001r1300\/\",\"url\":\"https:\/\/integralelektronik.com\/tr\/product\/abb-af30-30-00-13-1sbl277001r1300\/\",\"name\":\"ABB-AF30-30-00-13 \u2013 1SBL277001R1300 - \u0130ntegral Elektronik\",\"isPartOf\":{\"@id\":\"https:\/\/integralelektronik.com\/#website\"},\"primaryImageOfPage\":{\"@id\":\"https:\/\/integralelektronik.com\/tr\/product\/abb-af30-30-00-13-1sbl277001r1300\/#primaryimage\"},\"image\":{\"@id\":\"https:\/\/integralelektronik.com\/tr\/product\/abb-af30-30-00-13-1sbl277001r1300\/#primaryimage\"},\"thumbnailUrl\":\"https:\/\/integralelektronik.com\/wp-content\/uploads\/2021\/02\/1SBC101001V0000_720x540.jpg\",\"datePublished\":\"2021-02-21T07:32:28+00:00\",\"dateModified\":\"2021-02-21T07:35:17+00:00\",\"breadcrumb\":{\"@id\":\"https:\/\/integralelektronik.com\/tr\/product\/abb-af30-30-00-13-1sbl277001r1300\/#breadcrumb\"},\"inLanguage\":\"tr\",\"potentialAction\":[{\"@type\":\"ReadAction\",\"target\":[\"https:\/\/integralelektronik.com\/tr\/product\/abb-af30-30-00-13-1sbl277001r1300\/\"]}]},{\"@type\":\"ImageObject\",\"inLanguage\":\"tr\",\"@id\":\"https:\/\/integralelektronik.com\/tr\/product\/abb-af30-30-00-13-1sbl277001r1300\/#primaryimage\",\"url\":\"https:\/\/integralelektronik.com\/wp-content\/uploads\/2021\/02\/1SBC101001V0000_720x540.jpg\",\"contentUrl\":\"https:\/\/integralelektronik.com\/wp-content\/uploads\/2021\/02\/1SBC101001V0000_720x540.jpg\",\"width\":322,\"height\":540},{\"@type\":\"BreadcrumbList\",\"@id\":\"https:\/\/integralelektronik.com\/tr\/product\/abb-af30-30-00-13-1sbl277001r1300\/#breadcrumb\",\"itemListElement\":[{\"@type\":\"ListItem\",\"position\":1,\"name\":\"Home\",\"item\":\"https:\/\/integralelektronik.com\/tr\/\"},{\"@type\":\"ListItem\",\"position\":2,\"name\":\"Shop\",\"item\":\"https:\/\/integralelektronik.com\/shop\/\"},{\"@type\":\"ListItem\",\"position\":3,\"name\":\"ABB-AF30-30-00-13 \u2013 1SBL277001R1300\"}]},{\"@type\":\"WebSite\",\"@id\":\"https:\/\/integralelektronik.com\/#website\",\"url\":\"https:\/\/integralelektronik.com\/\",\"name\":\"\u0130ntegral Elektronik\",\"description\":\"\",\"publisher\":{\"@id\":\"https:\/\/integralelektronik.com\/#organization\"},\"potentialAction\":[{\"@type\":\"SearchAction\",\"target\":{\"@type\":\"EntryPoint\",\"urlTemplate\":\"https:\/\/integralelektronik.com\/?s={search_term_string}\"},\"query-input\":{\"@type\":\"PropertyValueSpecification\",\"valueRequired\":true,\"valueName\":\"search_term_string\"}}],\"inLanguage\":\"tr\"},{\"@type\":\"Organization\",\"@id\":\"https:\/\/integralelektronik.com\/#organization\",\"name\":\"\u0130ntegral Elektronik\",\"url\":\"https:\/\/integralelektronik.com\/\",\"logo\":{\"@type\":\"ImageObject\",\"inLanguage\":\"tr\",\"@id\":\"https:\/\/integralelektronik.com\/#\/schema\/logo\/image\/\",\"url\":\"https:\/\/integralelektronik.com\/wp-content\/uploads\/2020\/10\/logo.png\",\"contentUrl\":\"https:\/\/integralelektronik.com\/wp-content\/uploads\/2020\/10\/logo.png\",\"width\":180,\"height\":90,\"caption\":\"\u0130ntegral Elektronik\"},\"image\":{\"@id\":\"https:\/\/integralelektronik.com\/#\/schema\/logo\/image\/\"}}]}<\/script>\n<!-- \/ Yoast SEO plugin. -->","yoast_head_json":{"title":"ABB-AF30-30-00-13 \u2013 1SBL277001R1300 - \u0130ntegral Elektronik","robots":{"index":"index","follow":"follow","max-snippet":"max-snippet:-1","max-image-preview":"max-image-preview:large","max-video-preview":"max-video-preview:-1"},"canonical":"https:\/\/integralelektronik.com\/tr\/product\/abb-af30-30-00-13-1sbl277001r1300\/","og_locale":"tr_TR","og_type":"article","og_title":"ABB-AF30-30-00-13 \u2013 1SBL277001R1300 - \u0130ntegral Elektronik","og_description":"\u00dcr\u00fcn Kodu: 1SBL277001R1300 Katalog A\u00e7\u0131klamas\u0131: AF30-30-00-13 100-250V50 \/ 60HZ-DC Kontakt\u00f6r","og_url":"https:\/\/integralelektronik.com\/tr\/product\/abb-af30-30-00-13-1sbl277001r1300\/","og_site_name":"\u0130ntegral Elektronik","article_modified_time":"2021-02-21T07:35:17+00:00","og_image":[{"width":322,"height":540,"url":"https:\/\/integralelektronik.com\/wp-content\/uploads\/2021\/02\/1SBC101001V0000_720x540.jpg","type":"image\/jpeg"}],"twitter_card":"summary_large_image","twitter_misc":{"Tahmini okuma s\u00fcresi":"1 dakika"},"schema":{"@context":"https:\/\/schema.org","@graph":[{"@type":"WebPage","@id":"https:\/\/integralelektronik.com\/tr\/product\/abb-af30-30-00-13-1sbl277001r1300\/","url":"https:\/\/integralelektronik.com\/tr\/product\/abb-af30-30-00-13-1sbl277001r1300\/","name":"ABB-AF30-30-00-13 \u2013 1SBL277001R1300 - \u0130ntegral Elektronik","isPartOf":{"@id":"https:\/\/integralelektronik.com\/#website"},"primaryImageOfPage":{"@id":"https:\/\/integralelektronik.com\/tr\/product\/abb-af30-30-00-13-1sbl277001r1300\/#primaryimage"},"image":{"@id":"https:\/\/integralelektronik.com\/tr\/product\/abb-af30-30-00-13-1sbl277001r1300\/#primaryimage"},"thumbnailUrl":"https:\/\/integralelektronik.com\/wp-content\/uploads\/2021\/02\/1SBC101001V0000_720x540.jpg","datePublished":"2021-02-21T07:32:28+00:00","dateModified":"2021-02-21T07:35:17+00:00","breadcrumb":{"@id":"https:\/\/integralelektronik.com\/tr\/product\/abb-af30-30-00-13-1sbl277001r1300\/#breadcrumb"},"inLanguage":"tr","potentialAction":[{"@type":"ReadAction","target":["https:\/\/integralelektronik.com\/tr\/product\/abb-af30-30-00-13-1sbl277001r1300\/"]}]},{"@type":"ImageObject","inLanguage":"tr","@id":"https:\/\/integralelektronik.com\/tr\/product\/abb-af30-30-00-13-1sbl277001r1300\/#primaryimage","url":"https:\/\/integralelektronik.com\/wp-content\/uploads\/2021\/02\/1SBC101001V0000_720x540.jpg","contentUrl":"https:\/\/integralelektronik.com\/wp-content\/uploads\/2021\/02\/1SBC101001V0000_720x540.jpg","width":322,"height":540},{"@type":"BreadcrumbList","@id":"https:\/\/integralelektronik.com\/tr\/product\/abb-af30-30-00-13-1sbl277001r1300\/#breadcrumb","itemListElement":[{"@type":"ListItem","position":1,"name":"Home","item":"https:\/\/integralelektronik.com\/tr\/"},{"@type":"ListItem","position":2,"name":"Shop","item":"https:\/\/integralelektronik.com\/shop\/"},{"@type":"ListItem","position":3,"name":"ABB-AF30-30-00-13 \u2013 1SBL277001R1300"}]},{"@type":"WebSite","@id":"https:\/\/integralelektronik.com\/#website","url":"https:\/\/integralelektronik.com\/","name":"\u0130ntegral Elektronik","description":"","publisher":{"@id":"https:\/\/integralelektronik.com\/#organization"},"potentialAction":[{"@type":"SearchAction","target":{"@type":"EntryPoint","urlTemplate":"https:\/\/integralelektronik.com\/?s={search_term_string}"},"query-input":{"@type":"PropertyValueSpecification","valueRequired":true,"valueName":"search_term_string"}}],"inLanguage":"tr"},{"@type":"Organization","@id":"https:\/\/integralelektronik.com\/#organization","name":"\u0130ntegral Elektronik","url":"https:\/\/integralelektronik.com\/","logo":{"@type":"ImageObject","inLanguage":"tr","@id":"https:\/\/integralelektronik.com\/#\/schema\/logo\/image\/","url":"https:\/\/integralelektronik.com\/wp-content\/uploads\/2020\/10\/logo.png","contentUrl":"https:\/\/integralelektronik.com\/wp-content\/uploads\/2020\/10\/logo.png","width":180,"height":90,"caption":"\u0130ntegral Elektronik"},"image":{"@id":"https:\/\/integralelektronik.com\/#\/schema\/logo\/image\/"}}]}},"_links":{"self":[{"href":"https:\/\/integralelektronik.com\/tr\/wp-json\/wp\/v2\/product\/8743"}],"collection":[{"href":"https:\/\/integralelektronik.com\/tr\/wp-json\/wp\/v2\/product"}],"about":[{"href":"https:\/\/integralelektronik.com\/tr\/wp-json\/wp\/v2\/types\/product"}],"replies":[{"embeddable":true,"href":"https:\/\/integralelektronik.com\/tr\/wp-json\/wp\/v2\/comments?post=8743"}],"wp:featuredmedia":[{"embeddable":true,"href":"https:\/\/integralelektronik.com\/tr\/wp-json\/wp\/v2\/media\/8724"}],"wp:attachment":[{"href":"https:\/\/integralelektronik.com\/tr\/wp-json\/wp\/v2\/media?parent=8743"}],"wp:term":[{"taxonomy":"product_brand","embeddable":true,"href":"https:\/\/integralelektronik.com\/tr\/wp-json\/wp\/v2\/product_brand?post=8743"},{"taxonomy":"product_cat","embeddable":true,"href":"https:\/\/integralelektronik.com\/tr\/wp-json\/wp\/v2\/product_cat?post=8743"},{"taxonomy":"product_tag","embeddable":true,"href":"https:\/\/integralelektronik.com\/tr\/wp-json\/wp\/v2\/product_tag?post=8743"}],"curies":[{"name":"wp","href":"https:\/\/api.w.org\/{rel}","templated":true}]}}