{"id":8738,"date":"2021-02-21T10:14:51","date_gmt":"2021-02-21T07:14:51","guid":{"rendered":"https:\/\/integralelektronik.com\/?post_type=product&#038;p=8738"},"modified":"2021-02-21T10:31:12","modified_gmt":"2021-02-21T07:31:12","slug":"abb-af52-30-11-13-1sbl367001r1311","status":"publish","type":"product","link":"https:\/\/integralelektronik.com\/tr\/product\/abb-af52-30-11-13-1sbl367001r1311\/","title":{"rendered":"ABB-AF52-30-11-13- 1SBL367001R1311"},"content":{"rendered":"<p>EAN: <span class=\"sku_wrapper\"><span class=\"sku\">3471523132436<\/span><\/span><\/p>\n<p>AF52 kontakt\u00f6rler, 690 V AC ve 220 V DC&#8217;ye kadar g\u00fc\u00e7 devrelerini kontrol etmek i\u00e7in kullan\u0131l\u0131r. Esas olarak 3 fazl\u0131 motorlar\u0131, end\u00fcktif olmayan veya hafif end\u00fcktif y\u00fckleri kontrol etmek i\u00e7in kullan\u0131l\u0131rlar. AF\u2026 kontakt\u00f6rler, geni\u015f bir Uc min kontrol voltaj\u0131n\u0131 kabul eden bir elektronik bobin aray\u00fcz\u00fc i\u00e7erir. \u2026 Uc maks. 24\u2026 500 V 50\/60 Hz veya 20\u2026 500 V DC aras\u0131ndaki kontrol voltajlar\u0131n\u0131 yaln\u0131zca d\u00f6rt bobin kapsar. AF kontakt\u00f6rleri, b\u00fcy\u00fck kontrol voltaj\u0131 de\u011fi\u015fikliklerini y\u00f6netebilir. D\u00fcnya \u00e7ap\u0131nda kullan\u0131lan farkl\u0131 kontrol voltajlar\u0131 i\u00e7in herhangi bir bobin de\u011fi\u015fikli\u011fi olmaks\u0131z\u0131n bir bobin kullan\u0131labilir. AF kontakt\u00f6rleri dahili a\u015f\u0131r\u0131 gerilim korumas\u0131na sahiptir ve ek a\u015f\u0131r\u0131 gerilim koruyucular gerektirmez. AF\u2026 serisi 2 y\u0131\u011f\u0131nl\u0131 3 kutuplu kontakt\u00f6rler blok tipi tasar\u0131ma sahiptir. &#8211; Ana kutuplar ve yard\u0131mc\u0131 kontak bloklar\u0131: Yandan monteli 1 N.O. ile 3 ana kutup + 1 NC yard\u0131mc\u0131 kontak blo\u011fu, \u00f6ne monteli eklenti yard\u0131mc\u0131 kontak bloklar\u0131 (kontakt\u00f6r taraf\u0131ndaki &#8220;Mekanik Olarak Ba\u011fl\u0131&#8221; sembol\u00fc dahil IEC 60947-5-1 Ek L ile uyumlu mekanik ba\u011flant\u0131l\u0131 yard\u0131mc\u0131 kontaklar. \u0130le uyumlu NC ayna kontaklar\u0131 IEC 60947-4-1&#8217;in Ek F&#8217;si) &#8211; Kontrol devresi: AC veya DC ile \u00e7al\u0131\u015f\u0131r &#8211; Aksesuarlar: \u00e7ok \u00e7e\u015fitli aksesuarlar mevcuttur. Not: Baz\u0131 \u00fclkelerde 2 y\u0131\u011f\u0131nl\u0131 kontakt\u00f6rler mevcuttur: l\u00fctfen ABB temsilcinize dan\u0131\u015f\u0131n. AF ..- 30 -..- 11 PLC \u00e7\u0131k\u0131\u015f\u0131 ile do\u011frudan kontrol i\u00e7in uygun de\u011fildir.<\/p>\n","protected":false},"excerpt":{"rendered":"<h2>\u00dcr\u00fcn Kodu:1SBL367001R1311<\/h2>\n<h3 class=\"pdp-product-info__description\">Katalog A\u00e7\u0131klamas\u0131:AF52-30-11-13 100-250V50\/60HZ-DC Contactor<\/h3>\n","protected":false},"featured_media":8737,"comment_status":"open","ping_status":"closed","template":"","meta":[],"product_brand":[],"product_cat":[553,556],"product_tag":[],"class_list":{"0":"post-8738","1":"product","2":"type-product","3":"status-publish","4":"has-post-thumbnail","6":"product_cat-abb-2","7":"product_cat-kontaktor","9":"first","10":"instock","11":"shipping-taxable","12":"product-type-simple"},"yoast_head":"<!-- This site is optimized with the Yoast SEO plugin v24.3 - https:\/\/yoast.com\/wordpress\/plugins\/seo\/ -->\n<title>ABB-AF52-30-11-13- 1SBL367001R1311 - \u0130ntegral Elektronik<\/title>\n<meta name=\"robots\" content=\"index, follow, max-snippet:-1, max-image-preview:large, max-video-preview:-1\" \/>\n<link rel=\"canonical\" href=\"https:\/\/integralelektronik.com\/tr\/product\/abb-af52-30-11-13-1sbl367001r1311\/\" \/>\n<meta property=\"og:locale\" content=\"tr_TR\" \/>\n<meta property=\"og:type\" content=\"article\" \/>\n<meta property=\"og:title\" content=\"ABB-AF52-30-11-13- 1SBL367001R1311 - \u0130ntegral Elektronik\" \/>\n<meta property=\"og:description\" content=\"\u00dcr\u00fcn Kodu:1SBL367001R1311 Katalog A\u00e7\u0131klamas\u0131:AF52-30-11-13 100-250V50\/60HZ-DC Contactor\" \/>\n<meta property=\"og:url\" content=\"https:\/\/integralelektronik.com\/tr\/product\/abb-af52-30-11-13-1sbl367001r1311\/\" \/>\n<meta property=\"og:site_name\" content=\"\u0130ntegral Elektronik\" \/>\n<meta property=\"article:modified_time\" content=\"2021-02-21T07:31:12+00:00\" \/>\n<meta property=\"og:image\" content=\"https:\/\/integralelektronik.com\/wp-content\/uploads\/2021\/02\/1SBC101005V0000_720x540-1.jpg\" \/>\n\t<meta property=\"og:image:width\" content=\"292\" \/>\n\t<meta property=\"og:image:height\" content=\"540\" \/>\n\t<meta property=\"og:image:type\" content=\"image\/jpeg\" \/>\n<meta name=\"twitter:card\" content=\"summary_large_image\" \/>\n<meta name=\"twitter:label1\" content=\"Tahmini okuma s\u00fcresi\" \/>\n\t<meta name=\"twitter:data1\" content=\"1 dakika\" \/>\n<script type=\"application\/ld+json\" class=\"yoast-schema-graph\">{\"@context\":\"https:\/\/schema.org\",\"@graph\":[{\"@type\":\"WebPage\",\"@id\":\"https:\/\/integralelektronik.com\/tr\/product\/abb-af52-30-11-13-1sbl367001r1311\/\",\"url\":\"https:\/\/integralelektronik.com\/tr\/product\/abb-af52-30-11-13-1sbl367001r1311\/\",\"name\":\"ABB-AF52-30-11-13- 1SBL367001R1311 - \u0130ntegral Elektronik\",\"isPartOf\":{\"@id\":\"https:\/\/integralelektronik.com\/#website\"},\"primaryImageOfPage\":{\"@id\":\"https:\/\/integralelektronik.com\/tr\/product\/abb-af52-30-11-13-1sbl367001r1311\/#primaryimage\"},\"image\":{\"@id\":\"https:\/\/integralelektronik.com\/tr\/product\/abb-af52-30-11-13-1sbl367001r1311\/#primaryimage\"},\"thumbnailUrl\":\"https:\/\/integralelektronik.com\/wp-content\/uploads\/2021\/02\/1SBC101005V0000_720x540-1.jpg\",\"datePublished\":\"2021-02-21T07:14:51+00:00\",\"dateModified\":\"2021-02-21T07:31:12+00:00\",\"breadcrumb\":{\"@id\":\"https:\/\/integralelektronik.com\/tr\/product\/abb-af52-30-11-13-1sbl367001r1311\/#breadcrumb\"},\"inLanguage\":\"tr\",\"potentialAction\":[{\"@type\":\"ReadAction\",\"target\":[\"https:\/\/integralelektronik.com\/tr\/product\/abb-af52-30-11-13-1sbl367001r1311\/\"]}]},{\"@type\":\"ImageObject\",\"inLanguage\":\"tr\",\"@id\":\"https:\/\/integralelektronik.com\/tr\/product\/abb-af52-30-11-13-1sbl367001r1311\/#primaryimage\",\"url\":\"https:\/\/integralelektronik.com\/wp-content\/uploads\/2021\/02\/1SBC101005V0000_720x540-1.jpg\",\"contentUrl\":\"https:\/\/integralelektronik.com\/wp-content\/uploads\/2021\/02\/1SBC101005V0000_720x540-1.jpg\",\"width\":292,\"height\":540},{\"@type\":\"BreadcrumbList\",\"@id\":\"https:\/\/integralelektronik.com\/tr\/product\/abb-af52-30-11-13-1sbl367001r1311\/#breadcrumb\",\"itemListElement\":[{\"@type\":\"ListItem\",\"position\":1,\"name\":\"Home\",\"item\":\"https:\/\/integralelektronik.com\/tr\/\"},{\"@type\":\"ListItem\",\"position\":2,\"name\":\"Shop\",\"item\":\"https:\/\/integralelektronik.com\/shop\/\"},{\"@type\":\"ListItem\",\"position\":3,\"name\":\"ABB-AF52-30-11-13- 1SBL367001R1311\"}]},{\"@type\":\"WebSite\",\"@id\":\"https:\/\/integralelektronik.com\/#website\",\"url\":\"https:\/\/integralelektronik.com\/\",\"name\":\"\u0130ntegral Elektronik\",\"description\":\"\",\"publisher\":{\"@id\":\"https:\/\/integralelektronik.com\/#organization\"},\"potentialAction\":[{\"@type\":\"SearchAction\",\"target\":{\"@type\":\"EntryPoint\",\"urlTemplate\":\"https:\/\/integralelektronik.com\/?s={search_term_string}\"},\"query-input\":{\"@type\":\"PropertyValueSpecification\",\"valueRequired\":true,\"valueName\":\"search_term_string\"}}],\"inLanguage\":\"tr\"},{\"@type\":\"Organization\",\"@id\":\"https:\/\/integralelektronik.com\/#organization\",\"name\":\"\u0130ntegral Elektronik\",\"url\":\"https:\/\/integralelektronik.com\/\",\"logo\":{\"@type\":\"ImageObject\",\"inLanguage\":\"tr\",\"@id\":\"https:\/\/integralelektronik.com\/#\/schema\/logo\/image\/\",\"url\":\"https:\/\/integralelektronik.com\/wp-content\/uploads\/2020\/10\/logo.png\",\"contentUrl\":\"https:\/\/integralelektronik.com\/wp-content\/uploads\/2020\/10\/logo.png\",\"width\":180,\"height\":90,\"caption\":\"\u0130ntegral Elektronik\"},\"image\":{\"@id\":\"https:\/\/integralelektronik.com\/#\/schema\/logo\/image\/\"}}]}<\/script>\n<!-- \/ Yoast SEO plugin. -->","yoast_head_json":{"title":"ABB-AF52-30-11-13- 1SBL367001R1311 - \u0130ntegral Elektronik","robots":{"index":"index","follow":"follow","max-snippet":"max-snippet:-1","max-image-preview":"max-image-preview:large","max-video-preview":"max-video-preview:-1"},"canonical":"https:\/\/integralelektronik.com\/tr\/product\/abb-af52-30-11-13-1sbl367001r1311\/","og_locale":"tr_TR","og_type":"article","og_title":"ABB-AF52-30-11-13- 1SBL367001R1311 - \u0130ntegral Elektronik","og_description":"\u00dcr\u00fcn Kodu:1SBL367001R1311 Katalog A\u00e7\u0131klamas\u0131:AF52-30-11-13 100-250V50\/60HZ-DC Contactor","og_url":"https:\/\/integralelektronik.com\/tr\/product\/abb-af52-30-11-13-1sbl367001r1311\/","og_site_name":"\u0130ntegral Elektronik","article_modified_time":"2021-02-21T07:31:12+00:00","og_image":[{"width":292,"height":540,"url":"https:\/\/integralelektronik.com\/wp-content\/uploads\/2021\/02\/1SBC101005V0000_720x540-1.jpg","type":"image\/jpeg"}],"twitter_card":"summary_large_image","twitter_misc":{"Tahmini okuma s\u00fcresi":"1 dakika"},"schema":{"@context":"https:\/\/schema.org","@graph":[{"@type":"WebPage","@id":"https:\/\/integralelektronik.com\/tr\/product\/abb-af52-30-11-13-1sbl367001r1311\/","url":"https:\/\/integralelektronik.com\/tr\/product\/abb-af52-30-11-13-1sbl367001r1311\/","name":"ABB-AF52-30-11-13- 1SBL367001R1311 - \u0130ntegral Elektronik","isPartOf":{"@id":"https:\/\/integralelektronik.com\/#website"},"primaryImageOfPage":{"@id":"https:\/\/integralelektronik.com\/tr\/product\/abb-af52-30-11-13-1sbl367001r1311\/#primaryimage"},"image":{"@id":"https:\/\/integralelektronik.com\/tr\/product\/abb-af52-30-11-13-1sbl367001r1311\/#primaryimage"},"thumbnailUrl":"https:\/\/integralelektronik.com\/wp-content\/uploads\/2021\/02\/1SBC101005V0000_720x540-1.jpg","datePublished":"2021-02-21T07:14:51+00:00","dateModified":"2021-02-21T07:31:12+00:00","breadcrumb":{"@id":"https:\/\/integralelektronik.com\/tr\/product\/abb-af52-30-11-13-1sbl367001r1311\/#breadcrumb"},"inLanguage":"tr","potentialAction":[{"@type":"ReadAction","target":["https:\/\/integralelektronik.com\/tr\/product\/abb-af52-30-11-13-1sbl367001r1311\/"]}]},{"@type":"ImageObject","inLanguage":"tr","@id":"https:\/\/integralelektronik.com\/tr\/product\/abb-af52-30-11-13-1sbl367001r1311\/#primaryimage","url":"https:\/\/integralelektronik.com\/wp-content\/uploads\/2021\/02\/1SBC101005V0000_720x540-1.jpg","contentUrl":"https:\/\/integralelektronik.com\/wp-content\/uploads\/2021\/02\/1SBC101005V0000_720x540-1.jpg","width":292,"height":540},{"@type":"BreadcrumbList","@id":"https:\/\/integralelektronik.com\/tr\/product\/abb-af52-30-11-13-1sbl367001r1311\/#breadcrumb","itemListElement":[{"@type":"ListItem","position":1,"name":"Home","item":"https:\/\/integralelektronik.com\/tr\/"},{"@type":"ListItem","position":2,"name":"Shop","item":"https:\/\/integralelektronik.com\/shop\/"},{"@type":"ListItem","position":3,"name":"ABB-AF52-30-11-13- 1SBL367001R1311"}]},{"@type":"WebSite","@id":"https:\/\/integralelektronik.com\/#website","url":"https:\/\/integralelektronik.com\/","name":"\u0130ntegral Elektronik","description":"","publisher":{"@id":"https:\/\/integralelektronik.com\/#organization"},"potentialAction":[{"@type":"SearchAction","target":{"@type":"EntryPoint","urlTemplate":"https:\/\/integralelektronik.com\/?s={search_term_string}"},"query-input":{"@type":"PropertyValueSpecification","valueRequired":true,"valueName":"search_term_string"}}],"inLanguage":"tr"},{"@type":"Organization","@id":"https:\/\/integralelektronik.com\/#organization","name":"\u0130ntegral Elektronik","url":"https:\/\/integralelektronik.com\/","logo":{"@type":"ImageObject","inLanguage":"tr","@id":"https:\/\/integralelektronik.com\/#\/schema\/logo\/image\/","url":"https:\/\/integralelektronik.com\/wp-content\/uploads\/2020\/10\/logo.png","contentUrl":"https:\/\/integralelektronik.com\/wp-content\/uploads\/2020\/10\/logo.png","width":180,"height":90,"caption":"\u0130ntegral Elektronik"},"image":{"@id":"https:\/\/integralelektronik.com\/#\/schema\/logo\/image\/"}}]}},"_links":{"self":[{"href":"https:\/\/integralelektronik.com\/tr\/wp-json\/wp\/v2\/product\/8738"}],"collection":[{"href":"https:\/\/integralelektronik.com\/tr\/wp-json\/wp\/v2\/product"}],"about":[{"href":"https:\/\/integralelektronik.com\/tr\/wp-json\/wp\/v2\/types\/product"}],"replies":[{"embeddable":true,"href":"https:\/\/integralelektronik.com\/tr\/wp-json\/wp\/v2\/comments?post=8738"}],"wp:featuredmedia":[{"embeddable":true,"href":"https:\/\/integralelektronik.com\/tr\/wp-json\/wp\/v2\/media\/8737"}],"wp:attachment":[{"href":"https:\/\/integralelektronik.com\/tr\/wp-json\/wp\/v2\/media?parent=8738"}],"wp:term":[{"taxonomy":"product_brand","embeddable":true,"href":"https:\/\/integralelektronik.com\/tr\/wp-json\/wp\/v2\/product_brand?post=8738"},{"taxonomy":"product_cat","embeddable":true,"href":"https:\/\/integralelektronik.com\/tr\/wp-json\/wp\/v2\/product_cat?post=8738"},{"taxonomy":"product_tag","embeddable":true,"href":"https:\/\/integralelektronik.com\/tr\/wp-json\/wp\/v2\/product_tag?post=8738"}],"curies":[{"name":"wp","href":"https:\/\/api.w.org\/{rel}","templated":true}]}}