{"id":8706,"date":"2021-02-21T01:57:00","date_gmt":"2021-02-20T22:57:00","guid":{"rendered":"https:\/\/integralelektronik.com\/?post_type=product&#038;p=8706"},"modified":"2021-02-21T10:27:03","modified_gmt":"2021-02-21T07:27:03","slug":"abb-bms313b40-2cds633031r0405","status":"publish","type":"product","link":"https:\/\/integralelektronik.com\/tr\/product\/abb-bms313b40-2cds633031r0405\/","title":{"rendered":"ABB-BMS313B40-2CDS633031R0405"},"content":{"rendered":"<p>EAN: <span class=\"sku_wrapper\"><span class=\"sku\">4016779045087<\/span><\/span><\/p>\n<p>Temel M MCB serisi, kurulumlar\u0131 a\u015f\u0131r\u0131 y\u00fcklere ve k\u0131sa devrelere kar\u015f\u0131 koruyarak operasyonlar\u0131n g\u00fcvenilirli\u011fini ve g\u00fcvenli\u011fini garanti eder.<br \/>\nABB temel M serisi, konut ve ticari uygulamalar i\u00e7in farkl\u0131 kutup konfig\u00fcrasyonlar\u0131n\u0131n, karakteristiklerin ve nominal ak\u0131mlar\u0131n kullan\u0131m\u0131na izin vererek, MCB&#8217;ler a\u00e7\u0131s\u0131ndan en yayg\u0131n gereksinimleri kar\u015f\u0131lar. Bu \u00fcr\u00fcn uluslararas\u0131 IEC standartlar\u0131na g\u00f6re \u00fcretilmi\u015ftir.<\/p>\n","protected":false},"excerpt":{"rendered":"<h2>\u00dcr\u00fcn Kodu:2CDS633031R0405<\/h2>\n<h3 class=\"pdp-product-info__description\">Katalog A\u00e7\u0131klamas\u0131BMS313B40 Miniature Circuit Breaker B-Char., 3kA, 40A, 3P<\/h3>\n","protected":false},"featured_media":8700,"comment_status":"open","ping_status":"closed","template":"","meta":[],"product_brand":[],"product_cat":[553,555],"product_tag":[],"class_list":{"0":"post-8706","1":"product","2":"type-product","3":"status-publish","4":"has-post-thumbnail","6":"product_cat-abb-2","7":"product_cat-minyatur-devre-kesici","9":"first","10":"instock","11":"shipping-taxable","12":"product-type-simple"},"yoast_head":"<!-- This site is optimized with the Yoast SEO plugin v24.3 - https:\/\/yoast.com\/wordpress\/plugins\/seo\/ -->\n<title>ABB-BMS313B40-2CDS633031R0405 - \u0130ntegral Elektronik<\/title>\n<meta name=\"robots\" content=\"index, follow, max-snippet:-1, max-image-preview:large, max-video-preview:-1\" \/>\n<link rel=\"canonical\" href=\"https:\/\/integralelektronik.com\/tr\/product\/abb-bms313b40-2cds633031r0405\/\" \/>\n<meta property=\"og:locale\" content=\"tr_TR\" \/>\n<meta property=\"og:type\" content=\"article\" \/>\n<meta property=\"og:title\" content=\"ABB-BMS313B40-2CDS633031R0405 - \u0130ntegral Elektronik\" \/>\n<meta property=\"og:description\" content=\"\u00dcr\u00fcn Kodu:2CDS633031R0405 Katalog A\u00e7\u0131klamas\u0131BMS313B40 Miniature Circuit Breaker B-Char., 3kA, 40A, 3P\" \/>\n<meta property=\"og:url\" content=\"https:\/\/integralelektronik.com\/tr\/product\/abb-bms313b40-2cds633031r0405\/\" \/>\n<meta property=\"og:site_name\" content=\"\u0130ntegral Elektronik\" \/>\n<meta property=\"article:modified_time\" content=\"2021-02-21T07:27:03+00:00\" \/>\n<meta property=\"og:image\" content=\"https:\/\/integralelektronik.com\/wp-content\/uploads\/2021\/02\/9IBA236567_720x540.jpg\" \/>\n\t<meta property=\"og:image:width\" content=\"445\" \/>\n\t<meta property=\"og:image:height\" content=\"540\" \/>\n\t<meta property=\"og:image:type\" content=\"image\/jpeg\" \/>\n<meta name=\"twitter:card\" content=\"summary_large_image\" \/>\n<script type=\"application\/ld+json\" class=\"yoast-schema-graph\">{\"@context\":\"https:\/\/schema.org\",\"@graph\":[{\"@type\":\"WebPage\",\"@id\":\"https:\/\/integralelektronik.com\/tr\/product\/abb-bms313b40-2cds633031r0405\/\",\"url\":\"https:\/\/integralelektronik.com\/tr\/product\/abb-bms313b40-2cds633031r0405\/\",\"name\":\"ABB-BMS313B40-2CDS633031R0405 - \u0130ntegral Elektronik\",\"isPartOf\":{\"@id\":\"https:\/\/integralelektronik.com\/#website\"},\"primaryImageOfPage\":{\"@id\":\"https:\/\/integralelektronik.com\/tr\/product\/abb-bms313b40-2cds633031r0405\/#primaryimage\"},\"image\":{\"@id\":\"https:\/\/integralelektronik.com\/tr\/product\/abb-bms313b40-2cds633031r0405\/#primaryimage\"},\"thumbnailUrl\":\"https:\/\/integralelektronik.com\/wp-content\/uploads\/2021\/02\/9IBA236567_720x540.jpg\",\"datePublished\":\"2021-02-20T22:57:00+00:00\",\"dateModified\":\"2021-02-21T07:27:03+00:00\",\"breadcrumb\":{\"@id\":\"https:\/\/integralelektronik.com\/tr\/product\/abb-bms313b40-2cds633031r0405\/#breadcrumb\"},\"inLanguage\":\"tr\",\"potentialAction\":[{\"@type\":\"ReadAction\",\"target\":[\"https:\/\/integralelektronik.com\/tr\/product\/abb-bms313b40-2cds633031r0405\/\"]}]},{\"@type\":\"ImageObject\",\"inLanguage\":\"tr\",\"@id\":\"https:\/\/integralelektronik.com\/tr\/product\/abb-bms313b40-2cds633031r0405\/#primaryimage\",\"url\":\"https:\/\/integralelektronik.com\/wp-content\/uploads\/2021\/02\/9IBA236567_720x540.jpg\",\"contentUrl\":\"https:\/\/integralelektronik.com\/wp-content\/uploads\/2021\/02\/9IBA236567_720x540.jpg\",\"width\":445,\"height\":540},{\"@type\":\"BreadcrumbList\",\"@id\":\"https:\/\/integralelektronik.com\/tr\/product\/abb-bms313b40-2cds633031r0405\/#breadcrumb\",\"itemListElement\":[{\"@type\":\"ListItem\",\"position\":1,\"name\":\"Home\",\"item\":\"https:\/\/integralelektronik.com\/tr\/\"},{\"@type\":\"ListItem\",\"position\":2,\"name\":\"Shop\",\"item\":\"https:\/\/integralelektronik.com\/shop\/\"},{\"@type\":\"ListItem\",\"position\":3,\"name\":\"ABB-BMS313B40-2CDS633031R0405\"}]},{\"@type\":\"WebSite\",\"@id\":\"https:\/\/integralelektronik.com\/#website\",\"url\":\"https:\/\/integralelektronik.com\/\",\"name\":\"\u0130ntegral Elektronik\",\"description\":\"\",\"publisher\":{\"@id\":\"https:\/\/integralelektronik.com\/#organization\"},\"potentialAction\":[{\"@type\":\"SearchAction\",\"target\":{\"@type\":\"EntryPoint\",\"urlTemplate\":\"https:\/\/integralelektronik.com\/?s={search_term_string}\"},\"query-input\":{\"@type\":\"PropertyValueSpecification\",\"valueRequired\":true,\"valueName\":\"search_term_string\"}}],\"inLanguage\":\"tr\"},{\"@type\":\"Organization\",\"@id\":\"https:\/\/integralelektronik.com\/#organization\",\"name\":\"\u0130ntegral Elektronik\",\"url\":\"https:\/\/integralelektronik.com\/\",\"logo\":{\"@type\":\"ImageObject\",\"inLanguage\":\"tr\",\"@id\":\"https:\/\/integralelektronik.com\/#\/schema\/logo\/image\/\",\"url\":\"https:\/\/integralelektronik.com\/wp-content\/uploads\/2020\/10\/logo.png\",\"contentUrl\":\"https:\/\/integralelektronik.com\/wp-content\/uploads\/2020\/10\/logo.png\",\"width\":180,\"height\":90,\"caption\":\"\u0130ntegral Elektronik\"},\"image\":{\"@id\":\"https:\/\/integralelektronik.com\/#\/schema\/logo\/image\/\"}}]}<\/script>\n<!-- \/ Yoast SEO plugin. -->","yoast_head_json":{"title":"ABB-BMS313B40-2CDS633031R0405 - \u0130ntegral Elektronik","robots":{"index":"index","follow":"follow","max-snippet":"max-snippet:-1","max-image-preview":"max-image-preview:large","max-video-preview":"max-video-preview:-1"},"canonical":"https:\/\/integralelektronik.com\/tr\/product\/abb-bms313b40-2cds633031r0405\/","og_locale":"tr_TR","og_type":"article","og_title":"ABB-BMS313B40-2CDS633031R0405 - \u0130ntegral Elektronik","og_description":"\u00dcr\u00fcn Kodu:2CDS633031R0405 Katalog A\u00e7\u0131klamas\u0131BMS313B40 Miniature Circuit Breaker B-Char., 3kA, 40A, 3P","og_url":"https:\/\/integralelektronik.com\/tr\/product\/abb-bms313b40-2cds633031r0405\/","og_site_name":"\u0130ntegral Elektronik","article_modified_time":"2021-02-21T07:27:03+00:00","og_image":[{"width":445,"height":540,"url":"https:\/\/integralelektronik.com\/wp-content\/uploads\/2021\/02\/9IBA236567_720x540.jpg","type":"image\/jpeg"}],"twitter_card":"summary_large_image","schema":{"@context":"https:\/\/schema.org","@graph":[{"@type":"WebPage","@id":"https:\/\/integralelektronik.com\/tr\/product\/abb-bms313b40-2cds633031r0405\/","url":"https:\/\/integralelektronik.com\/tr\/product\/abb-bms313b40-2cds633031r0405\/","name":"ABB-BMS313B40-2CDS633031R0405 - \u0130ntegral Elektronik","isPartOf":{"@id":"https:\/\/integralelektronik.com\/#website"},"primaryImageOfPage":{"@id":"https:\/\/integralelektronik.com\/tr\/product\/abb-bms313b40-2cds633031r0405\/#primaryimage"},"image":{"@id":"https:\/\/integralelektronik.com\/tr\/product\/abb-bms313b40-2cds633031r0405\/#primaryimage"},"thumbnailUrl":"https:\/\/integralelektronik.com\/wp-content\/uploads\/2021\/02\/9IBA236567_720x540.jpg","datePublished":"2021-02-20T22:57:00+00:00","dateModified":"2021-02-21T07:27:03+00:00","breadcrumb":{"@id":"https:\/\/integralelektronik.com\/tr\/product\/abb-bms313b40-2cds633031r0405\/#breadcrumb"},"inLanguage":"tr","potentialAction":[{"@type":"ReadAction","target":["https:\/\/integralelektronik.com\/tr\/product\/abb-bms313b40-2cds633031r0405\/"]}]},{"@type":"ImageObject","inLanguage":"tr","@id":"https:\/\/integralelektronik.com\/tr\/product\/abb-bms313b40-2cds633031r0405\/#primaryimage","url":"https:\/\/integralelektronik.com\/wp-content\/uploads\/2021\/02\/9IBA236567_720x540.jpg","contentUrl":"https:\/\/integralelektronik.com\/wp-content\/uploads\/2021\/02\/9IBA236567_720x540.jpg","width":445,"height":540},{"@type":"BreadcrumbList","@id":"https:\/\/integralelektronik.com\/tr\/product\/abb-bms313b40-2cds633031r0405\/#breadcrumb","itemListElement":[{"@type":"ListItem","position":1,"name":"Home","item":"https:\/\/integralelektronik.com\/tr\/"},{"@type":"ListItem","position":2,"name":"Shop","item":"https:\/\/integralelektronik.com\/shop\/"},{"@type":"ListItem","position":3,"name":"ABB-BMS313B40-2CDS633031R0405"}]},{"@type":"WebSite","@id":"https:\/\/integralelektronik.com\/#website","url":"https:\/\/integralelektronik.com\/","name":"\u0130ntegral Elektronik","description":"","publisher":{"@id":"https:\/\/integralelektronik.com\/#organization"},"potentialAction":[{"@type":"SearchAction","target":{"@type":"EntryPoint","urlTemplate":"https:\/\/integralelektronik.com\/?s={search_term_string}"},"query-input":{"@type":"PropertyValueSpecification","valueRequired":true,"valueName":"search_term_string"}}],"inLanguage":"tr"},{"@type":"Organization","@id":"https:\/\/integralelektronik.com\/#organization","name":"\u0130ntegral Elektronik","url":"https:\/\/integralelektronik.com\/","logo":{"@type":"ImageObject","inLanguage":"tr","@id":"https:\/\/integralelektronik.com\/#\/schema\/logo\/image\/","url":"https:\/\/integralelektronik.com\/wp-content\/uploads\/2020\/10\/logo.png","contentUrl":"https:\/\/integralelektronik.com\/wp-content\/uploads\/2020\/10\/logo.png","width":180,"height":90,"caption":"\u0130ntegral Elektronik"},"image":{"@id":"https:\/\/integralelektronik.com\/#\/schema\/logo\/image\/"}}]}},"_links":{"self":[{"href":"https:\/\/integralelektronik.com\/tr\/wp-json\/wp\/v2\/product\/8706"}],"collection":[{"href":"https:\/\/integralelektronik.com\/tr\/wp-json\/wp\/v2\/product"}],"about":[{"href":"https:\/\/integralelektronik.com\/tr\/wp-json\/wp\/v2\/types\/product"}],"replies":[{"embeddable":true,"href":"https:\/\/integralelektronik.com\/tr\/wp-json\/wp\/v2\/comments?post=8706"}],"wp:featuredmedia":[{"embeddable":true,"href":"https:\/\/integralelektronik.com\/tr\/wp-json\/wp\/v2\/media\/8700"}],"wp:attachment":[{"href":"https:\/\/integralelektronik.com\/tr\/wp-json\/wp\/v2\/media?parent=8706"}],"wp:term":[{"taxonomy":"product_brand","embeddable":true,"href":"https:\/\/integralelektronik.com\/tr\/wp-json\/wp\/v2\/product_brand?post=8706"},{"taxonomy":"product_cat","embeddable":true,"href":"https:\/\/integralelektronik.com\/tr\/wp-json\/wp\/v2\/product_cat?post=8706"},{"taxonomy":"product_tag","embeddable":true,"href":"https:\/\/integralelektronik.com\/tr\/wp-json\/wp\/v2\/product_tag?post=8706"}],"curies":[{"name":"wp","href":"https:\/\/api.w.org\/{rel}","templated":true}]}}