{"id":8576,"date":"2020-12-13T12:34:59","date_gmt":"2020-12-13T09:34:59","guid":{"rendered":"https:\/\/integralelektronik.com\/?post_type=product&#038;p=8576"},"modified":"2023-06-25T14:08:03","modified_gmt":"2023-06-25T11:08:03","slug":"model-psm-520-basinc-salteri-zorlu-prosesler-icin","status":"publish","type":"product","link":"https:\/\/integralelektronik.com\/tr\/product\/model-psm-520-basinc-salteri-zorlu-prosesler-icin\/","title":{"rendered":"Model PSM-520 Bas\u0131n\u00e7 \u015falteri, zorlu prosesler i\u00e7in"},"content":{"rendered":"<h2 id=\"usageH3Heading\" class=\"markup3\">Uygulamalar<\/h2>\n<ul>\n<li>Pompalar<\/li>\n<li>Kompres\u00f6rler<\/li>\n<\/ul>\n<hr \/>\n<h2 id=\"capabilitiesH3Heading\" class=\"markup3\">Di\u011fer \u00f6zellikleri<\/h2>\n<ul>\n<li>Sahada ayarlanabilme imkan\u0131<\/li>\n<li>Anahtarlama noktas\u0131 ayar\u0131 i\u00e7in koruyucu kapak<\/li>\n<\/ul>\n<hr \/>\n<h2 id=\"descriptionH3Heading\" class=\"markup3\">Tan\u0131m\u0131<\/h2>\n<div class=\"productDescription grid\">\n<div class=\"divLeft col-3-8\">\n<p align=\"LEFT\">PSM-520 end\u00fcstriyel kontrol, izleme ve alarm uygulamalar\u0131nda kullan\u0131l\u0131r.<br \/>\nAnahtarlama noktas\u0131 sahada ayarlanabilir.<\/p>\n<p>Cihaz AC 230 V, 10 A&#8217;ya kadar olan elektrik y\u00fcklerini de\u011fi\u015ftirmek i\u00e7in kullan\u0131labilir.<\/p>\n<p>PSM-520 bas\u0131n\u00e7 \u015falteri ya\u011f, su ve hava gibi a\u015f\u0131nd\u0131r\u0131c\u0131 olmayan ortamlarda bir\u00e7ok uygulama i\u00e7in kullan\u0131labilir.<\/p>\n<\/div>\n<\/div>\n","protected":false},"excerpt":{"rendered":"<h2><span>Ayarlanabilir anahtarlama noktas\u0131<\/span><\/h2>\n<h3 class=\"pdp-product-info__description\"><span>PSM-520 end\u00fcstriyel kontrol, izleme ve alarm uygulamalar\u0131nda kullan\u0131l\u0131r.<\/span><\/h3>\n","protected":false},"featured_media":8543,"comment_status":"open","ping_status":"closed","template":"","meta":[],"product_brand":[],"product_cat":[540,537],"product_tag":[],"class_list":{"0":"post-8576","1":"product","2":"type-product","3":"status-publish","4":"has-post-thumbnail","6":"product_cat-basinc-anahtarlari","7":"product_cat-wika-tr","9":"first","10":"instock","11":"shipping-taxable","12":"product-type-simple"},"yoast_head":"<!-- This site is optimized with the Yoast SEO plugin v24.3 - https:\/\/yoast.com\/wordpress\/plugins\/seo\/ -->\n<title>Model PSM-520 Bas\u0131n\u00e7 \u015falteri, zorlu prosesler i\u00e7in - \u0130ntegral Elektronik<\/title>\n<meta name=\"robots\" content=\"index, follow, max-snippet:-1, max-image-preview:large, max-video-preview:-1\" \/>\n<link rel=\"canonical\" href=\"https:\/\/integralelektronik.com\/tr\/product\/model-psm-520-basinc-salteri-zorlu-prosesler-icin\/\" \/>\n<meta property=\"og:locale\" content=\"tr_TR\" \/>\n<meta property=\"og:type\" content=\"article\" \/>\n<meta property=\"og:title\" content=\"Model PSM-520 Bas\u0131n\u00e7 \u015falteri, zorlu prosesler i\u00e7in - \u0130ntegral Elektronik\" \/>\n<meta property=\"og:description\" content=\"Ayarlanabilir anahtarlama noktas\u0131 PSM-520 end\u00fcstriyel kontrol, izleme ve alarm uygulamalar\u0131nda kullan\u0131l\u0131r.\" \/>\n<meta property=\"og:url\" content=\"https:\/\/integralelektronik.com\/tr\/product\/model-psm-520-basinc-salteri-zorlu-prosesler-icin\/\" \/>\n<meta property=\"og:site_name\" content=\"\u0130ntegral Elektronik\" \/>\n<meta property=\"article:modified_time\" content=\"2023-06-25T11:08:03+00:00\" \/>\n<meta property=\"og:image\" content=\"https:\/\/integralelektronik.com\/wp-content\/uploads\/2020\/12\/psm_520_en_co_rs_w700_h700_image.jpg\" \/>\n\t<meta property=\"og:image:width\" content=\"700\" \/>\n\t<meta property=\"og:image:height\" content=\"700\" \/>\n\t<meta property=\"og:image:type\" content=\"image\/jpeg\" \/>\n<meta name=\"twitter:card\" content=\"summary_large_image\" \/>\n<script type=\"application\/ld+json\" class=\"yoast-schema-graph\">{\"@context\":\"https:\/\/schema.org\",\"@graph\":[{\"@type\":\"WebPage\",\"@id\":\"https:\/\/integralelektronik.com\/tr\/product\/model-psm-520-basinc-salteri-zorlu-prosesler-icin\/\",\"url\":\"https:\/\/integralelektronik.com\/tr\/product\/model-psm-520-basinc-salteri-zorlu-prosesler-icin\/\",\"name\":\"Model PSM-520 Bas\u0131n\u00e7 \u015falteri, zorlu prosesler i\u00e7in - \u0130ntegral Elektronik\",\"isPartOf\":{\"@id\":\"https:\/\/integralelektronik.com\/#website\"},\"primaryImageOfPage\":{\"@id\":\"https:\/\/integralelektronik.com\/tr\/product\/model-psm-520-basinc-salteri-zorlu-prosesler-icin\/#primaryimage\"},\"image\":{\"@id\":\"https:\/\/integralelektronik.com\/tr\/product\/model-psm-520-basinc-salteri-zorlu-prosesler-icin\/#primaryimage\"},\"thumbnailUrl\":\"https:\/\/integralelektronik.com\/wp-content\/uploads\/2020\/12\/psm_520_en_co_rs_w700_h700_image.jpg\",\"datePublished\":\"2020-12-13T09:34:59+00:00\",\"dateModified\":\"2023-06-25T11:08:03+00:00\",\"breadcrumb\":{\"@id\":\"https:\/\/integralelektronik.com\/tr\/product\/model-psm-520-basinc-salteri-zorlu-prosesler-icin\/#breadcrumb\"},\"inLanguage\":\"tr\",\"potentialAction\":[{\"@type\":\"ReadAction\",\"target\":[\"https:\/\/integralelektronik.com\/tr\/product\/model-psm-520-basinc-salteri-zorlu-prosesler-icin\/\"]}]},{\"@type\":\"ImageObject\",\"inLanguage\":\"tr\",\"@id\":\"https:\/\/integralelektronik.com\/tr\/product\/model-psm-520-basinc-salteri-zorlu-prosesler-icin\/#primaryimage\",\"url\":\"https:\/\/integralelektronik.com\/wp-content\/uploads\/2020\/12\/psm_520_en_co_rs_w700_h700_image.jpg\",\"contentUrl\":\"https:\/\/integralelektronik.com\/wp-content\/uploads\/2020\/12\/psm_520_en_co_rs_w700_h700_image.jpg\",\"width\":700,\"height\":700},{\"@type\":\"BreadcrumbList\",\"@id\":\"https:\/\/integralelektronik.com\/tr\/product\/model-psm-520-basinc-salteri-zorlu-prosesler-icin\/#breadcrumb\",\"itemListElement\":[{\"@type\":\"ListItem\",\"position\":1,\"name\":\"Home\",\"item\":\"https:\/\/integralelektronik.com\/tr\/\"},{\"@type\":\"ListItem\",\"position\":2,\"name\":\"Shop\",\"item\":\"https:\/\/integralelektronik.com\/shop\/\"},{\"@type\":\"ListItem\",\"position\":3,\"name\":\"Model PSM-520 Bas\u0131n\u00e7 \u015falteri, zorlu prosesler i\u00e7in\"}]},{\"@type\":\"WebSite\",\"@id\":\"https:\/\/integralelektronik.com\/#website\",\"url\":\"https:\/\/integralelektronik.com\/\",\"name\":\"\u0130ntegral Elektronik\",\"description\":\"\",\"publisher\":{\"@id\":\"https:\/\/integralelektronik.com\/#organization\"},\"potentialAction\":[{\"@type\":\"SearchAction\",\"target\":{\"@type\":\"EntryPoint\",\"urlTemplate\":\"https:\/\/integralelektronik.com\/?s={search_term_string}\"},\"query-input\":{\"@type\":\"PropertyValueSpecification\",\"valueRequired\":true,\"valueName\":\"search_term_string\"}}],\"inLanguage\":\"tr\"},{\"@type\":\"Organization\",\"@id\":\"https:\/\/integralelektronik.com\/#organization\",\"name\":\"\u0130ntegral Elektronik\",\"url\":\"https:\/\/integralelektronik.com\/\",\"logo\":{\"@type\":\"ImageObject\",\"inLanguage\":\"tr\",\"@id\":\"https:\/\/integralelektronik.com\/#\/schema\/logo\/image\/\",\"url\":\"https:\/\/integralelektronik.com\/wp-content\/uploads\/2020\/10\/logo.png\",\"contentUrl\":\"https:\/\/integralelektronik.com\/wp-content\/uploads\/2020\/10\/logo.png\",\"width\":180,\"height\":90,\"caption\":\"\u0130ntegral Elektronik\"},\"image\":{\"@id\":\"https:\/\/integralelektronik.com\/#\/schema\/logo\/image\/\"}}]}<\/script>\n<!-- \/ Yoast SEO plugin. -->","yoast_head_json":{"title":"Model PSM-520 Bas\u0131n\u00e7 \u015falteri, zorlu prosesler i\u00e7in - \u0130ntegral Elektronik","robots":{"index":"index","follow":"follow","max-snippet":"max-snippet:-1","max-image-preview":"max-image-preview:large","max-video-preview":"max-video-preview:-1"},"canonical":"https:\/\/integralelektronik.com\/tr\/product\/model-psm-520-basinc-salteri-zorlu-prosesler-icin\/","og_locale":"tr_TR","og_type":"article","og_title":"Model PSM-520 Bas\u0131n\u00e7 \u015falteri, zorlu prosesler i\u00e7in - \u0130ntegral Elektronik","og_description":"Ayarlanabilir anahtarlama noktas\u0131 PSM-520 end\u00fcstriyel kontrol, izleme ve alarm uygulamalar\u0131nda kullan\u0131l\u0131r.","og_url":"https:\/\/integralelektronik.com\/tr\/product\/model-psm-520-basinc-salteri-zorlu-prosesler-icin\/","og_site_name":"\u0130ntegral Elektronik","article_modified_time":"2023-06-25T11:08:03+00:00","og_image":[{"width":700,"height":700,"url":"https:\/\/integralelektronik.com\/wp-content\/uploads\/2020\/12\/psm_520_en_co_rs_w700_h700_image.jpg","type":"image\/jpeg"}],"twitter_card":"summary_large_image","schema":{"@context":"https:\/\/schema.org","@graph":[{"@type":"WebPage","@id":"https:\/\/integralelektronik.com\/tr\/product\/model-psm-520-basinc-salteri-zorlu-prosesler-icin\/","url":"https:\/\/integralelektronik.com\/tr\/product\/model-psm-520-basinc-salteri-zorlu-prosesler-icin\/","name":"Model PSM-520 Bas\u0131n\u00e7 \u015falteri, zorlu prosesler i\u00e7in - \u0130ntegral Elektronik","isPartOf":{"@id":"https:\/\/integralelektronik.com\/#website"},"primaryImageOfPage":{"@id":"https:\/\/integralelektronik.com\/tr\/product\/model-psm-520-basinc-salteri-zorlu-prosesler-icin\/#primaryimage"},"image":{"@id":"https:\/\/integralelektronik.com\/tr\/product\/model-psm-520-basinc-salteri-zorlu-prosesler-icin\/#primaryimage"},"thumbnailUrl":"https:\/\/integralelektronik.com\/wp-content\/uploads\/2020\/12\/psm_520_en_co_rs_w700_h700_image.jpg","datePublished":"2020-12-13T09:34:59+00:00","dateModified":"2023-06-25T11:08:03+00:00","breadcrumb":{"@id":"https:\/\/integralelektronik.com\/tr\/product\/model-psm-520-basinc-salteri-zorlu-prosesler-icin\/#breadcrumb"},"inLanguage":"tr","potentialAction":[{"@type":"ReadAction","target":["https:\/\/integralelektronik.com\/tr\/product\/model-psm-520-basinc-salteri-zorlu-prosesler-icin\/"]}]},{"@type":"ImageObject","inLanguage":"tr","@id":"https:\/\/integralelektronik.com\/tr\/product\/model-psm-520-basinc-salteri-zorlu-prosesler-icin\/#primaryimage","url":"https:\/\/integralelektronik.com\/wp-content\/uploads\/2020\/12\/psm_520_en_co_rs_w700_h700_image.jpg","contentUrl":"https:\/\/integralelektronik.com\/wp-content\/uploads\/2020\/12\/psm_520_en_co_rs_w700_h700_image.jpg","width":700,"height":700},{"@type":"BreadcrumbList","@id":"https:\/\/integralelektronik.com\/tr\/product\/model-psm-520-basinc-salteri-zorlu-prosesler-icin\/#breadcrumb","itemListElement":[{"@type":"ListItem","position":1,"name":"Home","item":"https:\/\/integralelektronik.com\/tr\/"},{"@type":"ListItem","position":2,"name":"Shop","item":"https:\/\/integralelektronik.com\/shop\/"},{"@type":"ListItem","position":3,"name":"Model PSM-520 Bas\u0131n\u00e7 \u015falteri, zorlu prosesler i\u00e7in"}]},{"@type":"WebSite","@id":"https:\/\/integralelektronik.com\/#website","url":"https:\/\/integralelektronik.com\/","name":"\u0130ntegral Elektronik","description":"","publisher":{"@id":"https:\/\/integralelektronik.com\/#organization"},"potentialAction":[{"@type":"SearchAction","target":{"@type":"EntryPoint","urlTemplate":"https:\/\/integralelektronik.com\/?s={search_term_string}"},"query-input":{"@type":"PropertyValueSpecification","valueRequired":true,"valueName":"search_term_string"}}],"inLanguage":"tr"},{"@type":"Organization","@id":"https:\/\/integralelektronik.com\/#organization","name":"\u0130ntegral Elektronik","url":"https:\/\/integralelektronik.com\/","logo":{"@type":"ImageObject","inLanguage":"tr","@id":"https:\/\/integralelektronik.com\/#\/schema\/logo\/image\/","url":"https:\/\/integralelektronik.com\/wp-content\/uploads\/2020\/10\/logo.png","contentUrl":"https:\/\/integralelektronik.com\/wp-content\/uploads\/2020\/10\/logo.png","width":180,"height":90,"caption":"\u0130ntegral Elektronik"},"image":{"@id":"https:\/\/integralelektronik.com\/#\/schema\/logo\/image\/"}}]}},"_links":{"self":[{"href":"https:\/\/integralelektronik.com\/tr\/wp-json\/wp\/v2\/product\/8576"}],"collection":[{"href":"https:\/\/integralelektronik.com\/tr\/wp-json\/wp\/v2\/product"}],"about":[{"href":"https:\/\/integralelektronik.com\/tr\/wp-json\/wp\/v2\/types\/product"}],"replies":[{"embeddable":true,"href":"https:\/\/integralelektronik.com\/tr\/wp-json\/wp\/v2\/comments?post=8576"}],"wp:featuredmedia":[{"embeddable":true,"href":"https:\/\/integralelektronik.com\/tr\/wp-json\/wp\/v2\/media\/8543"}],"wp:attachment":[{"href":"https:\/\/integralelektronik.com\/tr\/wp-json\/wp\/v2\/media?parent=8576"}],"wp:term":[{"taxonomy":"product_brand","embeddable":true,"href":"https:\/\/integralelektronik.com\/tr\/wp-json\/wp\/v2\/product_brand?post=8576"},{"taxonomy":"product_cat","embeddable":true,"href":"https:\/\/integralelektronik.com\/tr\/wp-json\/wp\/v2\/product_cat?post=8576"},{"taxonomy":"product_tag","embeddable":true,"href":"https:\/\/integralelektronik.com\/tr\/wp-json\/wp\/v2\/product_tag?post=8576"}],"curies":[{"name":"wp","href":"https:\/\/api.w.org\/{rel}","templated":true}]}}