{"id":8575,"date":"2020-12-13T12:34:21","date_gmt":"2020-12-13T09:34:21","guid":{"rendered":"https:\/\/integralelektronik.com\/?post_type=product&#038;p=8575"},"modified":"2020-12-13T17:21:05","modified_gmt":"2020-12-13T14:21:05","slug":"model-psm02-oem-kompakt-basinc-sivici","status":"publish","type":"product","link":"https:\/\/integralelektronik.com\/tr\/product\/model-psm02-oem-kompakt-basinc-sivici\/","title":{"rendered":"Model PSM02 OEM Kompakt bas\u0131n\u00e7 sivi\u00e7i"},"content":{"rendered":"<h2 id=\"usageH3Heading\" class=\"markup3\">Uygulamalar<\/h2>\n<ul>\n<li>Hidrolikler ve mobil hidrolikler<\/li>\n<li>Pn\u00f6matik<\/li>\n<li>Plastiks enjeksiyon d\u00f6k\u00fcm makineler<\/li>\n<li>Genel makine yap\u0131m\u0131 ve tesis in\u015faj\u0131<\/li>\n<li>Ara\u00e7lar: S\u0131k\u0131\u015ft\u0131r\u0131lm\u0131\u015f hava, n\u00f6tr ve kendinden ya\u011flamal\u0131 s\u0131v\u0131lar, n\u00f6tr gazlar<\/li>\n<\/ul>\n<p>&nbsp;<\/p>\n<hr \/>\n<h2 id=\"capabilitiesH3Heading\" class=\"markup3\">Di\u011fer \u00d6zellikleri<\/h2>\n<ul>\n<li>Y\u00fcksek \u00e7o\u011falt\u0131labilirlik \u00f6zelli\u011fi<\/li>\n<li>Kompakt tasar\u0131m<\/li>\n<li>0.2 \u2026 2 bar\u2019dan 40 \u2026 400 bar\u2019a kadar ayar aral\u0131klar\u0131<\/li>\n<li>Y\u00fcksek kalite mikro sivi\u00e7 nedeniyle uzun hizmet \u00f6mr\u00fc<\/li>\n<li>Ayarlanabilir hysterezis<\/li>\n<\/ul>\n<p>&nbsp;<\/p>\n<hr \/>\n<h2 id=\"descriptionH3Heading\" class=\"markup3\">Tan\u0131m\u0131<\/h2>\n<div class=\"productDescription grid\">\n<div class=\"divLeft col-3-8\">\n<p>Bir diyafram veya piston de\u011fi\u015fkeni i\u00e7ersindeki PSM02 Modeli vidalama bas\u0131n\u00e7 sivi\u00e7leri bas\u0131nc\u0131n d\u00fc\u015fmesine veya y\u00fckselmesine ba\u011fl\u0131 olarak bir devreyi a\u00e7\u0131p kapat\u0131rlar. \u0130ki adet ayar vidas\u0131 gerekli sivi\u00e7 noktas\u0131n\u0131n ve gecikmenin kolayca ve uygun \u015fekilde yerinde ayarlanmas\u0131n\u0131 sa\u011flar. Opsiyonlu olarak WIKA m\u00fc\u015fterilerine sivi\u00e7 noktas\u0131n\u0131n ve\u00a0hysterezisin fabrikada ayarlanmas\u0131n\u0131 sa\u011flayabilir.<\/p>\n<\/div>\n<div class=\"col-3-8\">\n<p>PSM02 modeli mekanik bas\u0131n\u00e7 sivi\u00e7leri s\u0131k\u0131\u015ft\u0131r\u0131lm\u0131\u015f havan\u0131n, n\u00f6tr ve kendinden ya\u011flamal\u0131 s\u0131v\u0131lar\u0131n veya n\u00f6tr gazlar\u0131n kullan\u0131ld\u0131\u011f\u0131 ve hassas gecikme ayarlar\u0131n\u0131n ihtiya\u00e7 duyuldu\u011fu uygulamalar i\u00e7in kullan\u0131labilir.<\/p>\n<p>Sivi\u00e7 noktas\u0131n\u0131n % \u00b12 y\u00fcksek \u00e7o\u011falt\u0131labilirli\u011fi ve\u00a0hysterezisin ayarlanabilirli\u011fi bu PSM02 modeli sivi\u00e7leri cazip fiyatlar\u0131n yan\u0131 s\u0131ra hassasiyete \u00f6nem veren m\u00fc\u015fteriler i\u00e7in ilgi \u00e7ekici yapmaktad\u0131r.<\/p>\n<\/div>\n<\/div>\n","protected":false},"excerpt":{"rendered":"<h2>Ayarlanabilir hysterezis<\/h2>\n<h3 class=\"pdp-product-info__description\">Bir diyafram veya piston de\u011fi\u015fkeni i\u00e7ersindeki PSM02 Modeli vidalama bas\u0131n\u00e7 sivi\u00e7leri bas\u0131nc\u0131n d\u00fc\u015fmesine veya y\u00fckselmesine ba\u011fl\u0131 olarak bir devreyi a\u00e7\u0131p kapat\u0131rlar.<\/h3>\n","protected":false},"featured_media":8552,"comment_status":"open","ping_status":"closed","template":"","meta":[],"product_brand":[],"product_cat":[540,537],"product_tag":[],"class_list":{"0":"post-8575","1":"product","2":"type-product","3":"status-publish","4":"has-post-thumbnail","6":"product_cat-basinc-anahtarlari","7":"product_cat-wika-tr","9":"first","10":"instock","11":"shipping-taxable","12":"product-type-simple"},"yoast_head":"<!-- This site is optimized with the Yoast SEO plugin v24.3 - https:\/\/yoast.com\/wordpress\/plugins\/seo\/ -->\n<title>Model PSM02 OEM Kompakt bas\u0131n\u00e7 sivi\u00e7i - \u0130ntegral Elektronik<\/title>\n<meta name=\"robots\" content=\"index, follow, max-snippet:-1, max-image-preview:large, max-video-preview:-1\" \/>\n<link rel=\"canonical\" href=\"https:\/\/integralelektronik.com\/tr\/product\/model-psm02-oem-kompakt-basinc-sivici\/\" \/>\n<meta property=\"og:locale\" content=\"tr_TR\" \/>\n<meta property=\"og:type\" content=\"article\" \/>\n<meta property=\"og:title\" content=\"Model PSM02 OEM Kompakt bas\u0131n\u00e7 sivi\u00e7i - \u0130ntegral Elektronik\" \/>\n<meta property=\"og:description\" content=\"Ayarlanabilir hysterezis Bir diyafram veya piston de\u011fi\u015fkeni i\u00e7ersindeki PSM02 Modeli vidalama bas\u0131n\u00e7 sivi\u00e7leri bas\u0131nc\u0131n d\u00fc\u015fmesine veya y\u00fckselmesine ba\u011fl\u0131 olarak bir devreyi a\u00e7\u0131p kapat\u0131rlar.\" \/>\n<meta property=\"og:url\" content=\"https:\/\/integralelektronik.com\/tr\/product\/model-psm02-oem-kompakt-basinc-sivici\/\" \/>\n<meta property=\"og:site_name\" content=\"\u0130ntegral Elektronik\" \/>\n<meta property=\"article:modified_time\" content=\"2020-12-13T14:21:05+00:00\" \/>\n<meta property=\"og:image\" content=\"https:\/\/integralelektronik.com\/wp-content\/uploads\/2020\/12\/psm02_en_co_rs_w700_h700_image.jpg\" \/>\n\t<meta property=\"og:image:width\" content=\"700\" \/>\n\t<meta property=\"og:image:height\" content=\"700\" \/>\n\t<meta property=\"og:image:type\" content=\"image\/jpeg\" \/>\n<meta name=\"twitter:card\" content=\"summary_large_image\" \/>\n<meta name=\"twitter:label1\" content=\"Tahmini okuma s\u00fcresi\" \/>\n\t<meta name=\"twitter:data1\" content=\"1 dakika\" \/>\n<script type=\"application\/ld+json\" class=\"yoast-schema-graph\">{\"@context\":\"https:\/\/schema.org\",\"@graph\":[{\"@type\":\"WebPage\",\"@id\":\"https:\/\/integralelektronik.com\/tr\/product\/model-psm02-oem-kompakt-basinc-sivici\/\",\"url\":\"https:\/\/integralelektronik.com\/tr\/product\/model-psm02-oem-kompakt-basinc-sivici\/\",\"name\":\"Model PSM02 OEM Kompakt bas\u0131n\u00e7 sivi\u00e7i - \u0130ntegral Elektronik\",\"isPartOf\":{\"@id\":\"https:\/\/integralelektronik.com\/#website\"},\"primaryImageOfPage\":{\"@id\":\"https:\/\/integralelektronik.com\/tr\/product\/model-psm02-oem-kompakt-basinc-sivici\/#primaryimage\"},\"image\":{\"@id\":\"https:\/\/integralelektronik.com\/tr\/product\/model-psm02-oem-kompakt-basinc-sivici\/#primaryimage\"},\"thumbnailUrl\":\"https:\/\/integralelektronik.com\/wp-content\/uploads\/2020\/12\/psm02_en_co_rs_w700_h700_image.jpg\",\"datePublished\":\"2020-12-13T09:34:21+00:00\",\"dateModified\":\"2020-12-13T14:21:05+00:00\",\"breadcrumb\":{\"@id\":\"https:\/\/integralelektronik.com\/tr\/product\/model-psm02-oem-kompakt-basinc-sivici\/#breadcrumb\"},\"inLanguage\":\"tr\",\"potentialAction\":[{\"@type\":\"ReadAction\",\"target\":[\"https:\/\/integralelektronik.com\/tr\/product\/model-psm02-oem-kompakt-basinc-sivici\/\"]}]},{\"@type\":\"ImageObject\",\"inLanguage\":\"tr\",\"@id\":\"https:\/\/integralelektronik.com\/tr\/product\/model-psm02-oem-kompakt-basinc-sivici\/#primaryimage\",\"url\":\"https:\/\/integralelektronik.com\/wp-content\/uploads\/2020\/12\/psm02_en_co_rs_w700_h700_image.jpg\",\"contentUrl\":\"https:\/\/integralelektronik.com\/wp-content\/uploads\/2020\/12\/psm02_en_co_rs_w700_h700_image.jpg\",\"width\":700,\"height\":700},{\"@type\":\"BreadcrumbList\",\"@id\":\"https:\/\/integralelektronik.com\/tr\/product\/model-psm02-oem-kompakt-basinc-sivici\/#breadcrumb\",\"itemListElement\":[{\"@type\":\"ListItem\",\"position\":1,\"name\":\"Home\",\"item\":\"https:\/\/integralelektronik.com\/tr\/\"},{\"@type\":\"ListItem\",\"position\":2,\"name\":\"Shop\",\"item\":\"https:\/\/integralelektronik.com\/shop\/\"},{\"@type\":\"ListItem\",\"position\":3,\"name\":\"Model PSM02 OEM Kompakt bas\u0131n\u00e7 sivi\u00e7i\"}]},{\"@type\":\"WebSite\",\"@id\":\"https:\/\/integralelektronik.com\/#website\",\"url\":\"https:\/\/integralelektronik.com\/\",\"name\":\"\u0130ntegral Elektronik\",\"description\":\"\",\"publisher\":{\"@id\":\"https:\/\/integralelektronik.com\/#organization\"},\"potentialAction\":[{\"@type\":\"SearchAction\",\"target\":{\"@type\":\"EntryPoint\",\"urlTemplate\":\"https:\/\/integralelektronik.com\/?s={search_term_string}\"},\"query-input\":{\"@type\":\"PropertyValueSpecification\",\"valueRequired\":true,\"valueName\":\"search_term_string\"}}],\"inLanguage\":\"tr\"},{\"@type\":\"Organization\",\"@id\":\"https:\/\/integralelektronik.com\/#organization\",\"name\":\"\u0130ntegral Elektronik\",\"url\":\"https:\/\/integralelektronik.com\/\",\"logo\":{\"@type\":\"ImageObject\",\"inLanguage\":\"tr\",\"@id\":\"https:\/\/integralelektronik.com\/#\/schema\/logo\/image\/\",\"url\":\"https:\/\/integralelektronik.com\/wp-content\/uploads\/2020\/10\/logo.png\",\"contentUrl\":\"https:\/\/integralelektronik.com\/wp-content\/uploads\/2020\/10\/logo.png\",\"width\":180,\"height\":90,\"caption\":\"\u0130ntegral Elektronik\"},\"image\":{\"@id\":\"https:\/\/integralelektronik.com\/#\/schema\/logo\/image\/\"}}]}<\/script>\n<!-- \/ Yoast SEO plugin. -->","yoast_head_json":{"title":"Model PSM02 OEM Kompakt bas\u0131n\u00e7 sivi\u00e7i - \u0130ntegral Elektronik","robots":{"index":"index","follow":"follow","max-snippet":"max-snippet:-1","max-image-preview":"max-image-preview:large","max-video-preview":"max-video-preview:-1"},"canonical":"https:\/\/integralelektronik.com\/tr\/product\/model-psm02-oem-kompakt-basinc-sivici\/","og_locale":"tr_TR","og_type":"article","og_title":"Model PSM02 OEM Kompakt bas\u0131n\u00e7 sivi\u00e7i - \u0130ntegral Elektronik","og_description":"Ayarlanabilir hysterezis Bir diyafram veya piston de\u011fi\u015fkeni i\u00e7ersindeki PSM02 Modeli vidalama bas\u0131n\u00e7 sivi\u00e7leri bas\u0131nc\u0131n d\u00fc\u015fmesine veya y\u00fckselmesine ba\u011fl\u0131 olarak bir devreyi a\u00e7\u0131p kapat\u0131rlar.","og_url":"https:\/\/integralelektronik.com\/tr\/product\/model-psm02-oem-kompakt-basinc-sivici\/","og_site_name":"\u0130ntegral Elektronik","article_modified_time":"2020-12-13T14:21:05+00:00","og_image":[{"width":700,"height":700,"url":"https:\/\/integralelektronik.com\/wp-content\/uploads\/2020\/12\/psm02_en_co_rs_w700_h700_image.jpg","type":"image\/jpeg"}],"twitter_card":"summary_large_image","twitter_misc":{"Tahmini okuma s\u00fcresi":"1 dakika"},"schema":{"@context":"https:\/\/schema.org","@graph":[{"@type":"WebPage","@id":"https:\/\/integralelektronik.com\/tr\/product\/model-psm02-oem-kompakt-basinc-sivici\/","url":"https:\/\/integralelektronik.com\/tr\/product\/model-psm02-oem-kompakt-basinc-sivici\/","name":"Model PSM02 OEM Kompakt bas\u0131n\u00e7 sivi\u00e7i - \u0130ntegral Elektronik","isPartOf":{"@id":"https:\/\/integralelektronik.com\/#website"},"primaryImageOfPage":{"@id":"https:\/\/integralelektronik.com\/tr\/product\/model-psm02-oem-kompakt-basinc-sivici\/#primaryimage"},"image":{"@id":"https:\/\/integralelektronik.com\/tr\/product\/model-psm02-oem-kompakt-basinc-sivici\/#primaryimage"},"thumbnailUrl":"https:\/\/integralelektronik.com\/wp-content\/uploads\/2020\/12\/psm02_en_co_rs_w700_h700_image.jpg","datePublished":"2020-12-13T09:34:21+00:00","dateModified":"2020-12-13T14:21:05+00:00","breadcrumb":{"@id":"https:\/\/integralelektronik.com\/tr\/product\/model-psm02-oem-kompakt-basinc-sivici\/#breadcrumb"},"inLanguage":"tr","potentialAction":[{"@type":"ReadAction","target":["https:\/\/integralelektronik.com\/tr\/product\/model-psm02-oem-kompakt-basinc-sivici\/"]}]},{"@type":"ImageObject","inLanguage":"tr","@id":"https:\/\/integralelektronik.com\/tr\/product\/model-psm02-oem-kompakt-basinc-sivici\/#primaryimage","url":"https:\/\/integralelektronik.com\/wp-content\/uploads\/2020\/12\/psm02_en_co_rs_w700_h700_image.jpg","contentUrl":"https:\/\/integralelektronik.com\/wp-content\/uploads\/2020\/12\/psm02_en_co_rs_w700_h700_image.jpg","width":700,"height":700},{"@type":"BreadcrumbList","@id":"https:\/\/integralelektronik.com\/tr\/product\/model-psm02-oem-kompakt-basinc-sivici\/#breadcrumb","itemListElement":[{"@type":"ListItem","position":1,"name":"Home","item":"https:\/\/integralelektronik.com\/tr\/"},{"@type":"ListItem","position":2,"name":"Shop","item":"https:\/\/integralelektronik.com\/shop\/"},{"@type":"ListItem","position":3,"name":"Model PSM02 OEM Kompakt bas\u0131n\u00e7 sivi\u00e7i"}]},{"@type":"WebSite","@id":"https:\/\/integralelektronik.com\/#website","url":"https:\/\/integralelektronik.com\/","name":"\u0130ntegral Elektronik","description":"","publisher":{"@id":"https:\/\/integralelektronik.com\/#organization"},"potentialAction":[{"@type":"SearchAction","target":{"@type":"EntryPoint","urlTemplate":"https:\/\/integralelektronik.com\/?s={search_term_string}"},"query-input":{"@type":"PropertyValueSpecification","valueRequired":true,"valueName":"search_term_string"}}],"inLanguage":"tr"},{"@type":"Organization","@id":"https:\/\/integralelektronik.com\/#organization","name":"\u0130ntegral Elektronik","url":"https:\/\/integralelektronik.com\/","logo":{"@type":"ImageObject","inLanguage":"tr","@id":"https:\/\/integralelektronik.com\/#\/schema\/logo\/image\/","url":"https:\/\/integralelektronik.com\/wp-content\/uploads\/2020\/10\/logo.png","contentUrl":"https:\/\/integralelektronik.com\/wp-content\/uploads\/2020\/10\/logo.png","width":180,"height":90,"caption":"\u0130ntegral Elektronik"},"image":{"@id":"https:\/\/integralelektronik.com\/#\/schema\/logo\/image\/"}}]}},"_links":{"self":[{"href":"https:\/\/integralelektronik.com\/tr\/wp-json\/wp\/v2\/product\/8575"}],"collection":[{"href":"https:\/\/integralelektronik.com\/tr\/wp-json\/wp\/v2\/product"}],"about":[{"href":"https:\/\/integralelektronik.com\/tr\/wp-json\/wp\/v2\/types\/product"}],"replies":[{"embeddable":true,"href":"https:\/\/integralelektronik.com\/tr\/wp-json\/wp\/v2\/comments?post=8575"}],"wp:featuredmedia":[{"embeddable":true,"href":"https:\/\/integralelektronik.com\/tr\/wp-json\/wp\/v2\/media\/8552"}],"wp:attachment":[{"href":"https:\/\/integralelektronik.com\/tr\/wp-json\/wp\/v2\/media?parent=8575"}],"wp:term":[{"taxonomy":"product_brand","embeddable":true,"href":"https:\/\/integralelektronik.com\/tr\/wp-json\/wp\/v2\/product_brand?post=8575"},{"taxonomy":"product_cat","embeddable":true,"href":"https:\/\/integralelektronik.com\/tr\/wp-json\/wp\/v2\/product_cat?post=8575"},{"taxonomy":"product_tag","embeddable":true,"href":"https:\/\/integralelektronik.com\/tr\/wp-json\/wp\/v2\/product_tag?post=8575"}],"curies":[{"name":"wp","href":"https:\/\/api.w.org\/{rel}","templated":true}]}}