{"id":8329,"date":"2020-12-12T13:44:59","date_gmt":"2020-12-12T10:44:59","guid":{"rendered":"https:\/\/integralelektronik.com\/?post_type=product&#038;p=8329"},"modified":"2020-12-12T13:45:00","modified_gmt":"2020-12-12T10:45:00","slug":"dg-60","status":"publish","type":"product","link":"https:\/\/integralelektronik.com\/tr\/product\/dg-60\/","title":{"rendered":"DG-60"},"content":{"rendered":"<p><strong><span>Genel<\/span><\/strong><br \/>\n<span>DG-10\/60 g\u00fc\u00e7 KAPATMA gecikme zaman r\u00f6leleri, banyonun havaland\u0131rma fanlar\u0131n\u0131n \u00e7al\u0131\u015fma s\u00fcresinin veya otel odalar\u0131n\u0131n kartl\u0131 ayd\u0131nlatmas\u0131n\u0131n ayarlanmas\u0131 ve elektrik motorlar\u0131nda frenleme s\u00fcresinin ayarlanmas\u0131 gibi end\u00fcstriyel uygulamalarda kullan\u0131l\u0131r.<\/span><br \/>\n<strong><span>Kullan\u0131m ve \u00c7al\u0131\u015fma Prensibi<\/span><\/strong><br \/>\n<span>\u00c7al\u0131\u015fma gerilimi uyguland\u0131\u011f\u0131nda r\u00f6le konta\u011f\u0131 kapan\u0131r.\u00a0R\u00f6le \u015farj olmaya ba\u015flar ve \u015earj LED&#8217;i yanar.<\/span><br \/>\n<span>Cihaz \u015farj oldu\u011funda \u015earj LED&#8217;i s\u00f6ner ve cihaz\u0131n kullan\u0131ma haz\u0131r oldu\u011funu g\u00f6steren Haz\u0131r LED&#8217;i yanar.<\/span><br \/>\n<span>R\u00f6le haz\u0131r oldu\u011funda ve besleme gerilimi kesildi\u011finde, kapanma s\u00fcresinin sonuna kadar r\u00f6le ON konumunda kal\u0131r.<\/span><br \/>\n<span>Ayarlanan s\u00fcre sonunda r\u00f6le kapan\u0131r<\/span><\/p>\n","protected":false},"excerpt":{"rendered":"<h2><span>Zaman R\u00f6leleri<\/span><\/h2>\n<h3 class=\"pdp-product-info__description\"><span>DG-10\/60 g\u00fc\u00e7 KAPATMA gecikme zaman r\u00f6leleri, banyonun havaland\u0131rma fanlar\u0131n\u0131n \u00e7al\u0131\u015fma s\u00fcresinin veya otel odalar\u0131n\u0131n kartl\u0131 ayd\u0131nlatmas\u0131n\u0131n ayarlanmas\u0131 ve elektrik motorlar\u0131nda frenleme s\u00fcresinin ayarlanmas\u0131 gibi end\u00fcstriyel uygulamalarda kullan\u0131l\u0131r.<\/span><\/h3>\n","protected":false},"featured_media":8301,"comment_status":"open","ping_status":"closed","template":"","meta":[],"product_brand":[],"product_cat":[517,520],"product_tag":[],"class_list":{"0":"post-8329","1":"product","2":"type-product","3":"status-publish","4":"has-post-thumbnail","6":"product_cat-entes-elektronik-tr","7":"product_cat-koruma-ve-kontrol","9":"first","10":"instock","11":"shipping-taxable","12":"product-type-simple"},"yoast_head":"<!-- This site is optimized with the Yoast SEO plugin v24.3 - https:\/\/yoast.com\/wordpress\/plugins\/seo\/ -->\n<title>DG-60 - \u0130ntegral Elektronik<\/title>\n<meta name=\"robots\" content=\"index, follow, max-snippet:-1, max-image-preview:large, max-video-preview:-1\" \/>\n<link rel=\"canonical\" href=\"https:\/\/integralelektronik.com\/tr\/product\/dg-60\/\" \/>\n<meta property=\"og:locale\" content=\"tr_TR\" \/>\n<meta property=\"og:type\" content=\"article\" \/>\n<meta property=\"og:title\" content=\"DG-60 - \u0130ntegral Elektronik\" \/>\n<meta property=\"og:description\" content=\"Zaman R\u00f6leleri DG-10\/60 g\u00fc\u00e7 KAPATMA gecikme zaman r\u00f6leleri, banyonun havaland\u0131rma fanlar\u0131n\u0131n \u00e7al\u0131\u015fma s\u00fcresinin veya otel odalar\u0131n\u0131n kartl\u0131 ayd\u0131nlatmas\u0131n\u0131n ayarlanmas\u0131 ve elektrik motorlar\u0131nda frenleme s\u00fcresinin ayarlanmas\u0131 gibi end\u00fcstriyel uygulamalarda kullan\u0131l\u0131r.\" \/>\n<meta property=\"og:url\" content=\"https:\/\/integralelektronik.com\/tr\/product\/dg-60\/\" \/>\n<meta property=\"og:site_name\" content=\"\u0130ntegral Elektronik\" \/>\n<meta property=\"article:modified_time\" content=\"2020-12-12T10:45:00+00:00\" \/>\n<meta property=\"og:image\" content=\"https:\/\/integralelektronik.com\/wp-content\/uploads\/2020\/12\/DG_60.jpg\" \/>\n\t<meta property=\"og:image:width\" content=\"395\" \/>\n\t<meta property=\"og:image:height\" content=\"417\" \/>\n\t<meta property=\"og:image:type\" content=\"image\/jpeg\" \/>\n<meta name=\"twitter:card\" content=\"summary_large_image\" \/>\n<meta name=\"twitter:label1\" content=\"Tahmini okuma s\u00fcresi\" \/>\n\t<meta name=\"twitter:data1\" content=\"1 dakika\" \/>\n<script type=\"application\/ld+json\" class=\"yoast-schema-graph\">{\"@context\":\"https:\/\/schema.org\",\"@graph\":[{\"@type\":\"WebPage\",\"@id\":\"https:\/\/integralelektronik.com\/tr\/product\/dg-60\/\",\"url\":\"https:\/\/integralelektronik.com\/tr\/product\/dg-60\/\",\"name\":\"DG-60 - \u0130ntegral Elektronik\",\"isPartOf\":{\"@id\":\"https:\/\/integralelektronik.com\/#website\"},\"primaryImageOfPage\":{\"@id\":\"https:\/\/integralelektronik.com\/tr\/product\/dg-60\/#primaryimage\"},\"image\":{\"@id\":\"https:\/\/integralelektronik.com\/tr\/product\/dg-60\/#primaryimage\"},\"thumbnailUrl\":\"https:\/\/integralelektronik.com\/wp-content\/uploads\/2020\/12\/DG_60.jpg\",\"datePublished\":\"2020-12-12T10:44:59+00:00\",\"dateModified\":\"2020-12-12T10:45:00+00:00\",\"breadcrumb\":{\"@id\":\"https:\/\/integralelektronik.com\/tr\/product\/dg-60\/#breadcrumb\"},\"inLanguage\":\"tr\",\"potentialAction\":[{\"@type\":\"ReadAction\",\"target\":[\"https:\/\/integralelektronik.com\/tr\/product\/dg-60\/\"]}]},{\"@type\":\"ImageObject\",\"inLanguage\":\"tr\",\"@id\":\"https:\/\/integralelektronik.com\/tr\/product\/dg-60\/#primaryimage\",\"url\":\"https:\/\/integralelektronik.com\/wp-content\/uploads\/2020\/12\/DG_60.jpg\",\"contentUrl\":\"https:\/\/integralelektronik.com\/wp-content\/uploads\/2020\/12\/DG_60.jpg\",\"width\":395,\"height\":417},{\"@type\":\"BreadcrumbList\",\"@id\":\"https:\/\/integralelektronik.com\/tr\/product\/dg-60\/#breadcrumb\",\"itemListElement\":[{\"@type\":\"ListItem\",\"position\":1,\"name\":\"Home\",\"item\":\"https:\/\/integralelektronik.com\/tr\/\"},{\"@type\":\"ListItem\",\"position\":2,\"name\":\"Shop\",\"item\":\"https:\/\/integralelektronik.com\/shop\/\"},{\"@type\":\"ListItem\",\"position\":3,\"name\":\"DG-60\"}]},{\"@type\":\"WebSite\",\"@id\":\"https:\/\/integralelektronik.com\/#website\",\"url\":\"https:\/\/integralelektronik.com\/\",\"name\":\"\u0130ntegral Elektronik\",\"description\":\"\",\"publisher\":{\"@id\":\"https:\/\/integralelektronik.com\/#organization\"},\"potentialAction\":[{\"@type\":\"SearchAction\",\"target\":{\"@type\":\"EntryPoint\",\"urlTemplate\":\"https:\/\/integralelektronik.com\/?s={search_term_string}\"},\"query-input\":{\"@type\":\"PropertyValueSpecification\",\"valueRequired\":true,\"valueName\":\"search_term_string\"}}],\"inLanguage\":\"tr\"},{\"@type\":\"Organization\",\"@id\":\"https:\/\/integralelektronik.com\/#organization\",\"name\":\"\u0130ntegral Elektronik\",\"url\":\"https:\/\/integralelektronik.com\/\",\"logo\":{\"@type\":\"ImageObject\",\"inLanguage\":\"tr\",\"@id\":\"https:\/\/integralelektronik.com\/#\/schema\/logo\/image\/\",\"url\":\"https:\/\/integralelektronik.com\/wp-content\/uploads\/2020\/10\/logo.png\",\"contentUrl\":\"https:\/\/integralelektronik.com\/wp-content\/uploads\/2020\/10\/logo.png\",\"width\":180,\"height\":90,\"caption\":\"\u0130ntegral Elektronik\"},\"image\":{\"@id\":\"https:\/\/integralelektronik.com\/#\/schema\/logo\/image\/\"}}]}<\/script>\n<!-- \/ Yoast SEO plugin. -->","yoast_head_json":{"title":"DG-60 - \u0130ntegral Elektronik","robots":{"index":"index","follow":"follow","max-snippet":"max-snippet:-1","max-image-preview":"max-image-preview:large","max-video-preview":"max-video-preview:-1"},"canonical":"https:\/\/integralelektronik.com\/tr\/product\/dg-60\/","og_locale":"tr_TR","og_type":"article","og_title":"DG-60 - \u0130ntegral Elektronik","og_description":"Zaman R\u00f6leleri DG-10\/60 g\u00fc\u00e7 KAPATMA gecikme zaman r\u00f6leleri, banyonun havaland\u0131rma fanlar\u0131n\u0131n \u00e7al\u0131\u015fma s\u00fcresinin veya otel odalar\u0131n\u0131n kartl\u0131 ayd\u0131nlatmas\u0131n\u0131n ayarlanmas\u0131 ve elektrik motorlar\u0131nda frenleme s\u00fcresinin ayarlanmas\u0131 gibi end\u00fcstriyel uygulamalarda kullan\u0131l\u0131r.","og_url":"https:\/\/integralelektronik.com\/tr\/product\/dg-60\/","og_site_name":"\u0130ntegral Elektronik","article_modified_time":"2020-12-12T10:45:00+00:00","og_image":[{"width":395,"height":417,"url":"https:\/\/integralelektronik.com\/wp-content\/uploads\/2020\/12\/DG_60.jpg","type":"image\/jpeg"}],"twitter_card":"summary_large_image","twitter_misc":{"Tahmini okuma s\u00fcresi":"1 dakika"},"schema":{"@context":"https:\/\/schema.org","@graph":[{"@type":"WebPage","@id":"https:\/\/integralelektronik.com\/tr\/product\/dg-60\/","url":"https:\/\/integralelektronik.com\/tr\/product\/dg-60\/","name":"DG-60 - \u0130ntegral Elektronik","isPartOf":{"@id":"https:\/\/integralelektronik.com\/#website"},"primaryImageOfPage":{"@id":"https:\/\/integralelektronik.com\/tr\/product\/dg-60\/#primaryimage"},"image":{"@id":"https:\/\/integralelektronik.com\/tr\/product\/dg-60\/#primaryimage"},"thumbnailUrl":"https:\/\/integralelektronik.com\/wp-content\/uploads\/2020\/12\/DG_60.jpg","datePublished":"2020-12-12T10:44:59+00:00","dateModified":"2020-12-12T10:45:00+00:00","breadcrumb":{"@id":"https:\/\/integralelektronik.com\/tr\/product\/dg-60\/#breadcrumb"},"inLanguage":"tr","potentialAction":[{"@type":"ReadAction","target":["https:\/\/integralelektronik.com\/tr\/product\/dg-60\/"]}]},{"@type":"ImageObject","inLanguage":"tr","@id":"https:\/\/integralelektronik.com\/tr\/product\/dg-60\/#primaryimage","url":"https:\/\/integralelektronik.com\/wp-content\/uploads\/2020\/12\/DG_60.jpg","contentUrl":"https:\/\/integralelektronik.com\/wp-content\/uploads\/2020\/12\/DG_60.jpg","width":395,"height":417},{"@type":"BreadcrumbList","@id":"https:\/\/integralelektronik.com\/tr\/product\/dg-60\/#breadcrumb","itemListElement":[{"@type":"ListItem","position":1,"name":"Home","item":"https:\/\/integralelektronik.com\/tr\/"},{"@type":"ListItem","position":2,"name":"Shop","item":"https:\/\/integralelektronik.com\/shop\/"},{"@type":"ListItem","position":3,"name":"DG-60"}]},{"@type":"WebSite","@id":"https:\/\/integralelektronik.com\/#website","url":"https:\/\/integralelektronik.com\/","name":"\u0130ntegral Elektronik","description":"","publisher":{"@id":"https:\/\/integralelektronik.com\/#organization"},"potentialAction":[{"@type":"SearchAction","target":{"@type":"EntryPoint","urlTemplate":"https:\/\/integralelektronik.com\/?s={search_term_string}"},"query-input":{"@type":"PropertyValueSpecification","valueRequired":true,"valueName":"search_term_string"}}],"inLanguage":"tr"},{"@type":"Organization","@id":"https:\/\/integralelektronik.com\/#organization","name":"\u0130ntegral Elektronik","url":"https:\/\/integralelektronik.com\/","logo":{"@type":"ImageObject","inLanguage":"tr","@id":"https:\/\/integralelektronik.com\/#\/schema\/logo\/image\/","url":"https:\/\/integralelektronik.com\/wp-content\/uploads\/2020\/10\/logo.png","contentUrl":"https:\/\/integralelektronik.com\/wp-content\/uploads\/2020\/10\/logo.png","width":180,"height":90,"caption":"\u0130ntegral Elektronik"},"image":{"@id":"https:\/\/integralelektronik.com\/#\/schema\/logo\/image\/"}}]}},"_links":{"self":[{"href":"https:\/\/integralelektronik.com\/tr\/wp-json\/wp\/v2\/product\/8329"}],"collection":[{"href":"https:\/\/integralelektronik.com\/tr\/wp-json\/wp\/v2\/product"}],"about":[{"href":"https:\/\/integralelektronik.com\/tr\/wp-json\/wp\/v2\/types\/product"}],"replies":[{"embeddable":true,"href":"https:\/\/integralelektronik.com\/tr\/wp-json\/wp\/v2\/comments?post=8329"}],"wp:featuredmedia":[{"embeddable":true,"href":"https:\/\/integralelektronik.com\/tr\/wp-json\/wp\/v2\/media\/8301"}],"wp:attachment":[{"href":"https:\/\/integralelektronik.com\/tr\/wp-json\/wp\/v2\/media?parent=8329"}],"wp:term":[{"taxonomy":"product_brand","embeddable":true,"href":"https:\/\/integralelektronik.com\/tr\/wp-json\/wp\/v2\/product_brand?post=8329"},{"taxonomy":"product_cat","embeddable":true,"href":"https:\/\/integralelektronik.com\/tr\/wp-json\/wp\/v2\/product_cat?post=8329"},{"taxonomy":"product_tag","embeddable":true,"href":"https:\/\/integralelektronik.com\/tr\/wp-json\/wp\/v2\/product_tag?post=8329"}],"curies":[{"name":"wp","href":"https:\/\/api.w.org\/{rel}","templated":true}]}}