{"id":8201,"date":"2020-12-11T20:57:07","date_gmt":"2020-12-11T17:57:07","guid":{"rendered":"https:\/\/integralelektronik.com\/?post_type=product&#038;p=8201"},"modified":"2020-12-11T20:57:08","modified_gmt":"2020-12-11T17:57:08","slug":"emg-02","status":"publish","type":"product","link":"https:\/\/integralelektronik.com\/tr\/product\/emg-02\/","title":{"rendered":"EMG-02"},"content":{"rendered":"<p><span>ENTES EMG \/ GEM Modbus Gateway serisi,\u00a0RS485<\/span><br \/>\n<span>\u00fczerinden<\/span><br \/>\n<span>Modbus protokol\u00fc ile\u00a0haberle\u015fen cihazlar\u0131n\u0131z\u0131n\u00a0mevcut internet \/ internet altyap\u0131s\u0131 \u00fczerinden\u00a0uzaktan kontrol\u00fcn\u00fc sa\u011flamak i\u00e7in TCP \/ IP protokol\u00fcn\u00fc kullanan\u00a0bir Modbus TCP \/ Modbus RTU protokol d\u00f6n\u00fc\u015ft\u00fcr\u00fcc\u00fcs\u00fcd\u00fcr\u00a0.<\/span><br \/>\n<span>EMG \/ GEM Serisi Cihazlar\u0131n Genel \u00d6zellikleri:<\/span><br \/>\n<span>\u2022 Cinterion MC55i D\u00f6rt bantl\u0131 GPRS modem (yaln\u0131zca GEM serisi).<\/span><br \/>\n<span>\u2022 10\/100 Mbps Ethernet ba\u011flant\u0131 noktas\u0131 (EMG ve GEM).<\/span><br \/>\n<span>\u2022 RS232 (EMG ve GEM), RS485 ba\u011flant\u0131 noktas\u0131 (1200\u2026 115200 bps).<\/span><br \/>\n<span>\u2022 Yap\u0131land\u0131rma i\u00e7in mini USB ba\u011flant\u0131 noktas\u0131.<\/span><br \/>\n<span>\u2022 Statik veya dinamik IP&#8217;si olan SIM kartlarla \u00e7al\u0131\u015fma (yaln\u0131zca GEM serisi).<\/span><br \/>\n<span>\u2022 WEB arac\u0131l\u0131\u011f\u0131yla cihaz parametrelerini ayarlamak i\u00e7in Ethernet portunu kullanma yetene\u011fi.\u00a0(EMG ve GEM).<\/span><br \/>\n<span>\u2022 Sunucu veya istemci olarak \u00e7al\u0131\u015fabilme yetene\u011fi.<\/span><br \/>\n<span>\u2022 Modbus TCP veya \u015eeffaf modda \u00e7al\u0131\u015fabilme.<\/span><br \/>\n<span>\u2022 \u00d6nceden tan\u0131mlanm\u0131\u015f saya\u00e7 verilerini okuma yetene\u011fi (yaln\u0131zca GEM-10SH).<\/span><br \/>\n<span>\u2022 GSM ba\u011flant\u0131 noktas\u0131 (yaln\u0131zca GEM serisi).<\/span><br \/>\n<span>EMG ve GEM cihazlar\u0131 varsay\u0131lan olarak yap\u0131land\u0131r\u0131lm\u0131\u015ft\u0131r.\u00a0S\u00f6z konusu \u00fcr\u00fcnleri yap\u0131land\u0131rmaya gerek yoktur.<\/span><br \/>\n<span>Cihazlar\u0131n\u0131z\u0131n kurulumu i\u00e7in a\u015fa\u011f\u0131daki ad\u0131mlar\u0131\u00a0takip\u00a0ediniz.<\/span><br \/>\n<span>1) Cihaz\u0131n ModBus ba\u011flant\u0131s\u0131n\u0131 kurun.<\/span><br \/>\n<span>2) SIM kart\u0131 tak\u0131n (yaln\u0131zca MY GEM-02).<\/span><br \/>\n<span>3) Cihaza g\u00fc\u00e7 verin.<\/span><\/p>\n<p><strong><span>\u00a0Teknik \u00d6zellikler<\/span><\/strong><br \/>\n<span>Kategori A\u00e7\u0131klama<\/span><br \/>\n<span>A\u011f Protokolleri TCP \/ IP, ARP, ICMP, HTTP *, ModbusTCP<\/span><br \/>\n<span>Seri Ba\u011flant\u0131 Noktalar\u0131 RS232 (EMG ve GEM), RS485 ba\u011flant\u0131 noktas\u0131 (1200\u2026 115200 bps)<\/span><br \/>\n<span>Yap\u0131land\u0131rma i\u00e7in\u00a0USB ba\u011flant\u0131 noktas\u0131<\/span><br \/>\n<span>\u00c7al\u0131\u015fma Modlar\u0131 Modbus TCP \/ RTU, \u015eeffaf ve Saya\u00e7 Okuma (GEM -10SH)<\/span><br \/>\n<span>A\u011f Aray\u00fcz\u00fc 10\/100 Mbps otomatik anla\u015fma<\/span><br \/>\n<span>Seri \u0130leti\u015fim Formatlar\u0131 Veri bitleri: 5-6-7-8<\/span><br \/>\n<span>Durdurma Biti: 1-1.5-2 karakter<\/span><br \/>\n<span>E\u015flik: Tek-\u00e7ift-yok<\/span><br \/>\n<span>Seri Aray\u00fcz 1200-115200 bps<\/span><br \/>\n<span>Besleme 12- 20V DC<\/span><br \/>\n<span>\u0130zolasyon ve koruma RS485 portu: 500V<\/span><br \/>\n<span>Ethernet portu: 1500V (GEM-05&#8217;te mevcut de\u011fildir)<\/span><br \/>\n<span>USB portunda\u00a015KV ESD\u00a0korumas\u0131<\/span><br \/>\n<span>RS485 portunda 10\/1000 us (600W) ge\u00e7ici darbe korumas\u0131<\/span><\/p>\n","protected":false},"excerpt":{"rendered":"<h2><span>ENTES EMG \/ GEM Modbus A\u011f Ge\u00e7idi serisi, bir Modbus TCP \/ Modbus RTU protokol d\u00f6n\u00fc\u015ft\u00fcr\u00fcc\u00fcs\u00fcd\u00fcr<\/span><\/h2>\n<h3 class=\"pdp-product-info__description\">\n<span>Modbus protokol\u00fc\u00a0ile\u00a0RS485\u00a0\u00fczerinden ileti\u015fim kuran cihazlar\u0131n\u0131z\u0131n\u00a0mevcut internet \/ internet altyap\u0131s\u0131 \u00fczerinden\u00a0uzaktan kontrol\u00fcn\u00fc sa\u011flamak i\u00e7in TCP \/ IP protokol\u00fcn\u00fc kullanan\u00a0.<\/span><\/h3>\n","protected":false},"featured_media":8191,"comment_status":"open","ping_status":"closed","template":"","meta":[],"product_brand":[],"product_cat":[517,521],"product_tag":[],"class_list":{"0":"post-8201","1":"product","2":"type-product","3":"status-publish","4":"has-post-thumbnail","6":"product_cat-entes-elektronik-tr","7":"product_cat-modemler","9":"first","10":"instock","11":"shipping-taxable","12":"product-type-simple"},"yoast_head":"<!-- This site is optimized with the Yoast SEO plugin v24.3 - https:\/\/yoast.com\/wordpress\/plugins\/seo\/ -->\n<title>EMG-02 - \u0130ntegral Elektronik<\/title>\n<meta name=\"robots\" content=\"index, follow, max-snippet:-1, max-image-preview:large, max-video-preview:-1\" \/>\n<link rel=\"canonical\" href=\"https:\/\/integralelektronik.com\/tr\/product\/emg-02\/\" \/>\n<meta property=\"og:locale\" content=\"tr_TR\" \/>\n<meta property=\"og:type\" content=\"article\" \/>\n<meta property=\"og:title\" content=\"EMG-02 - \u0130ntegral Elektronik\" \/>\n<meta property=\"og:description\" content=\"ENTES EMG \/ GEM Modbus A\u011f Ge\u00e7idi serisi, bir Modbus TCP \/ Modbus RTU protokol d\u00f6n\u00fc\u015ft\u00fcr\u00fcc\u00fcs\u00fcd\u00fcr  Modbus protokol\u00fc\u00a0ile\u00a0RS485\u00a0\u00fczerinden ileti\u015fim kuran cihazlar\u0131n\u0131z\u0131n\u00a0mevcut internet \/ internet altyap\u0131s\u0131 \u00fczerinden\u00a0uzaktan kontrol\u00fcn\u00fc sa\u011flamak i\u00e7in TCP \/ IP protokol\u00fcn\u00fc kullanan\u00a0.\" \/>\n<meta property=\"og:url\" content=\"https:\/\/integralelektronik.com\/tr\/product\/emg-02\/\" \/>\n<meta property=\"og:site_name\" content=\"\u0130ntegral Elektronik\" \/>\n<meta property=\"article:modified_time\" content=\"2020-12-11T17:57:08+00:00\" \/>\n<meta property=\"og:image\" content=\"https:\/\/integralelektronik.com\/wp-content\/uploads\/2020\/12\/EMG_02.jpg\" \/>\n\t<meta property=\"og:image:width\" content=\"395\" \/>\n\t<meta property=\"og:image:height\" content=\"417\" \/>\n\t<meta property=\"og:image:type\" content=\"image\/jpeg\" \/>\n<meta name=\"twitter:card\" content=\"summary_large_image\" \/>\n<meta name=\"twitter:label1\" content=\"Tahmini okuma s\u00fcresi\" \/>\n\t<meta name=\"twitter:data1\" content=\"2 dakika\" \/>\n<script type=\"application\/ld+json\" class=\"yoast-schema-graph\">{\"@context\":\"https:\/\/schema.org\",\"@graph\":[{\"@type\":\"WebPage\",\"@id\":\"https:\/\/integralelektronik.com\/tr\/product\/emg-02\/\",\"url\":\"https:\/\/integralelektronik.com\/tr\/product\/emg-02\/\",\"name\":\"EMG-02 - \u0130ntegral Elektronik\",\"isPartOf\":{\"@id\":\"https:\/\/integralelektronik.com\/#website\"},\"primaryImageOfPage\":{\"@id\":\"https:\/\/integralelektronik.com\/tr\/product\/emg-02\/#primaryimage\"},\"image\":{\"@id\":\"https:\/\/integralelektronik.com\/tr\/product\/emg-02\/#primaryimage\"},\"thumbnailUrl\":\"https:\/\/integralelektronik.com\/wp-content\/uploads\/2020\/12\/EMG_02.jpg\",\"datePublished\":\"2020-12-11T17:57:07+00:00\",\"dateModified\":\"2020-12-11T17:57:08+00:00\",\"breadcrumb\":{\"@id\":\"https:\/\/integralelektronik.com\/tr\/product\/emg-02\/#breadcrumb\"},\"inLanguage\":\"tr\",\"potentialAction\":[{\"@type\":\"ReadAction\",\"target\":[\"https:\/\/integralelektronik.com\/tr\/product\/emg-02\/\"]}]},{\"@type\":\"ImageObject\",\"inLanguage\":\"tr\",\"@id\":\"https:\/\/integralelektronik.com\/tr\/product\/emg-02\/#primaryimage\",\"url\":\"https:\/\/integralelektronik.com\/wp-content\/uploads\/2020\/12\/EMG_02.jpg\",\"contentUrl\":\"https:\/\/integralelektronik.com\/wp-content\/uploads\/2020\/12\/EMG_02.jpg\",\"width\":395,\"height\":417},{\"@type\":\"BreadcrumbList\",\"@id\":\"https:\/\/integralelektronik.com\/tr\/product\/emg-02\/#breadcrumb\",\"itemListElement\":[{\"@type\":\"ListItem\",\"position\":1,\"name\":\"Home\",\"item\":\"https:\/\/integralelektronik.com\/tr\/\"},{\"@type\":\"ListItem\",\"position\":2,\"name\":\"Shop\",\"item\":\"https:\/\/integralelektronik.com\/shop\/\"},{\"@type\":\"ListItem\",\"position\":3,\"name\":\"EMG-02\"}]},{\"@type\":\"WebSite\",\"@id\":\"https:\/\/integralelektronik.com\/#website\",\"url\":\"https:\/\/integralelektronik.com\/\",\"name\":\"\u0130ntegral Elektronik\",\"description\":\"\",\"publisher\":{\"@id\":\"https:\/\/integralelektronik.com\/#organization\"},\"potentialAction\":[{\"@type\":\"SearchAction\",\"target\":{\"@type\":\"EntryPoint\",\"urlTemplate\":\"https:\/\/integralelektronik.com\/?s={search_term_string}\"},\"query-input\":{\"@type\":\"PropertyValueSpecification\",\"valueRequired\":true,\"valueName\":\"search_term_string\"}}],\"inLanguage\":\"tr\"},{\"@type\":\"Organization\",\"@id\":\"https:\/\/integralelektronik.com\/#organization\",\"name\":\"\u0130ntegral Elektronik\",\"url\":\"https:\/\/integralelektronik.com\/\",\"logo\":{\"@type\":\"ImageObject\",\"inLanguage\":\"tr\",\"@id\":\"https:\/\/integralelektronik.com\/#\/schema\/logo\/image\/\",\"url\":\"https:\/\/integralelektronik.com\/wp-content\/uploads\/2020\/10\/logo.png\",\"contentUrl\":\"https:\/\/integralelektronik.com\/wp-content\/uploads\/2020\/10\/logo.png\",\"width\":180,\"height\":90,\"caption\":\"\u0130ntegral Elektronik\"},\"image\":{\"@id\":\"https:\/\/integralelektronik.com\/#\/schema\/logo\/image\/\"}}]}<\/script>\n<!-- \/ Yoast SEO plugin. -->","yoast_head_json":{"title":"EMG-02 - \u0130ntegral Elektronik","robots":{"index":"index","follow":"follow","max-snippet":"max-snippet:-1","max-image-preview":"max-image-preview:large","max-video-preview":"max-video-preview:-1"},"canonical":"https:\/\/integralelektronik.com\/tr\/product\/emg-02\/","og_locale":"tr_TR","og_type":"article","og_title":"EMG-02 - \u0130ntegral Elektronik","og_description":"ENTES EMG \/ GEM Modbus A\u011f Ge\u00e7idi serisi, bir Modbus TCP \/ Modbus RTU protokol d\u00f6n\u00fc\u015ft\u00fcr\u00fcc\u00fcs\u00fcd\u00fcr  Modbus protokol\u00fc\u00a0ile\u00a0RS485\u00a0\u00fczerinden ileti\u015fim kuran cihazlar\u0131n\u0131z\u0131n\u00a0mevcut internet \/ internet altyap\u0131s\u0131 \u00fczerinden\u00a0uzaktan kontrol\u00fcn\u00fc sa\u011flamak i\u00e7in TCP \/ IP protokol\u00fcn\u00fc kullanan\u00a0.","og_url":"https:\/\/integralelektronik.com\/tr\/product\/emg-02\/","og_site_name":"\u0130ntegral Elektronik","article_modified_time":"2020-12-11T17:57:08+00:00","og_image":[{"width":395,"height":417,"url":"https:\/\/integralelektronik.com\/wp-content\/uploads\/2020\/12\/EMG_02.jpg","type":"image\/jpeg"}],"twitter_card":"summary_large_image","twitter_misc":{"Tahmini okuma s\u00fcresi":"2 dakika"},"schema":{"@context":"https:\/\/schema.org","@graph":[{"@type":"WebPage","@id":"https:\/\/integralelektronik.com\/tr\/product\/emg-02\/","url":"https:\/\/integralelektronik.com\/tr\/product\/emg-02\/","name":"EMG-02 - \u0130ntegral Elektronik","isPartOf":{"@id":"https:\/\/integralelektronik.com\/#website"},"primaryImageOfPage":{"@id":"https:\/\/integralelektronik.com\/tr\/product\/emg-02\/#primaryimage"},"image":{"@id":"https:\/\/integralelektronik.com\/tr\/product\/emg-02\/#primaryimage"},"thumbnailUrl":"https:\/\/integralelektronik.com\/wp-content\/uploads\/2020\/12\/EMG_02.jpg","datePublished":"2020-12-11T17:57:07+00:00","dateModified":"2020-12-11T17:57:08+00:00","breadcrumb":{"@id":"https:\/\/integralelektronik.com\/tr\/product\/emg-02\/#breadcrumb"},"inLanguage":"tr","potentialAction":[{"@type":"ReadAction","target":["https:\/\/integralelektronik.com\/tr\/product\/emg-02\/"]}]},{"@type":"ImageObject","inLanguage":"tr","@id":"https:\/\/integralelektronik.com\/tr\/product\/emg-02\/#primaryimage","url":"https:\/\/integralelektronik.com\/wp-content\/uploads\/2020\/12\/EMG_02.jpg","contentUrl":"https:\/\/integralelektronik.com\/wp-content\/uploads\/2020\/12\/EMG_02.jpg","width":395,"height":417},{"@type":"BreadcrumbList","@id":"https:\/\/integralelektronik.com\/tr\/product\/emg-02\/#breadcrumb","itemListElement":[{"@type":"ListItem","position":1,"name":"Home","item":"https:\/\/integralelektronik.com\/tr\/"},{"@type":"ListItem","position":2,"name":"Shop","item":"https:\/\/integralelektronik.com\/shop\/"},{"@type":"ListItem","position":3,"name":"EMG-02"}]},{"@type":"WebSite","@id":"https:\/\/integralelektronik.com\/#website","url":"https:\/\/integralelektronik.com\/","name":"\u0130ntegral Elektronik","description":"","publisher":{"@id":"https:\/\/integralelektronik.com\/#organization"},"potentialAction":[{"@type":"SearchAction","target":{"@type":"EntryPoint","urlTemplate":"https:\/\/integralelektronik.com\/?s={search_term_string}"},"query-input":{"@type":"PropertyValueSpecification","valueRequired":true,"valueName":"search_term_string"}}],"inLanguage":"tr"},{"@type":"Organization","@id":"https:\/\/integralelektronik.com\/#organization","name":"\u0130ntegral Elektronik","url":"https:\/\/integralelektronik.com\/","logo":{"@type":"ImageObject","inLanguage":"tr","@id":"https:\/\/integralelektronik.com\/#\/schema\/logo\/image\/","url":"https:\/\/integralelektronik.com\/wp-content\/uploads\/2020\/10\/logo.png","contentUrl":"https:\/\/integralelektronik.com\/wp-content\/uploads\/2020\/10\/logo.png","width":180,"height":90,"caption":"\u0130ntegral Elektronik"},"image":{"@id":"https:\/\/integralelektronik.com\/#\/schema\/logo\/image\/"}}]}},"_links":{"self":[{"href":"https:\/\/integralelektronik.com\/tr\/wp-json\/wp\/v2\/product\/8201"}],"collection":[{"href":"https:\/\/integralelektronik.com\/tr\/wp-json\/wp\/v2\/product"}],"about":[{"href":"https:\/\/integralelektronik.com\/tr\/wp-json\/wp\/v2\/types\/product"}],"replies":[{"embeddable":true,"href":"https:\/\/integralelektronik.com\/tr\/wp-json\/wp\/v2\/comments?post=8201"}],"wp:featuredmedia":[{"embeddable":true,"href":"https:\/\/integralelektronik.com\/tr\/wp-json\/wp\/v2\/media\/8191"}],"wp:attachment":[{"href":"https:\/\/integralelektronik.com\/tr\/wp-json\/wp\/v2\/media?parent=8201"}],"wp:term":[{"taxonomy":"product_brand","embeddable":true,"href":"https:\/\/integralelektronik.com\/tr\/wp-json\/wp\/v2\/product_brand?post=8201"},{"taxonomy":"product_cat","embeddable":true,"href":"https:\/\/integralelektronik.com\/tr\/wp-json\/wp\/v2\/product_cat?post=8201"},{"taxonomy":"product_tag","embeddable":true,"href":"https:\/\/integralelektronik.com\/tr\/wp-json\/wp\/v2\/product_tag?post=8201"}],"curies":[{"name":"wp","href":"https:\/\/api.w.org\/{rel}","templated":true}]}}