{"id":8026,"date":"2020-12-05T23:36:38","date_gmt":"2020-12-05T20:36:38","guid":{"rendered":"https:\/\/integralelektronik.com\/?post_type=product&#038;p=8026"},"modified":"2020-12-05T23:36:38","modified_gmt":"2020-12-05T20:36:38","slug":"mpr-45s","status":"publish","type":"product","link":"https:\/\/integralelektronik.com\/tr\/product\/mpr-45s\/","title":{"rendered":"MPR-45S"},"content":{"rendered":"<p><strong><span>Genel \u00d6zellikler<\/span><\/strong><br \/>\n<span>o Geni\u015f besleme aral\u0131\u011f\u0131<\/span><br \/>\n<span>o Arkadan ayd\u0131nlatmal\u0131 \u00f6zel FSTN ekran\u0131<\/span><br \/>\n<span>o 4 gerilim \u00f6l\u00e7\u00fcm giri\u015fi<\/span><br \/>\n<span>o 4 ak\u0131m \u00f6l\u00e7\u00fcm giri\u015fi<\/span><br \/>\n<span>o 4 dil se\u00e7ene\u011fi<\/span><br \/>\n<span>o 16MB dahili bellek<\/span><br \/>\n<span>o Ger\u00e7ek zamanl\u0131 saat<\/span><br \/>\n<span>o Alarm<\/span><br \/>\n<span>o Saat saya\u00e7lar\u0131 (\u00c7al\u0131\u015fma saati ve toplam saat)<\/span><br \/>\n<span>o RS \u00fczerinden ileti\u015fim -485<\/span><br \/>\n<span>o Mod\u00fcl giri\u015fi:<\/span><br \/>\n<span>o Dijital Giri\u015f \/ \u00c7\u0131k\u0131\u015f<\/span><br \/>\n<span>\uf0a7 2 Dijital Giri\u015f<\/span><br \/>\n<span>\uf0a7 2 Dijital \u00c7\u0131k\u0131\u015f<\/span><br \/>\n<span>\uf0a7 2 Dijital Giri\u015f + 2 Dijital \u00c7\u0131k\u0131\u015f<\/span><br \/>\n<span>R\u00f6le \u00c7\u0131k\u0131\u015f\u0131<\/span><br \/>\n<span>\uf0a7 2 r\u00f6le \u00e7\u0131k\u0131\u015f\u0131: 5A \/ 250VAC;\u00a0NO<\/span><br \/>\n<span>Analog \u00c7\u0131k\u0131\u015f<\/span><br \/>\n<span>\uf0a7 2x 0-20mA, 0-24mA, 4-20mA \u00e7\u0131k\u0131\u015flar veya<\/span><br \/>\n<span>\uf0a7 2x 0-5V, 0-10V, \u00b1 5 V, \u00b1 10 V \u00e7\u0131k\u0131\u015flar<\/span><br \/>\n<span>S\u0131cakl\u0131k Giri\u015fi<\/span><br \/>\n<span>\uf0a7 4x PTD veya 2x termo-\u00e7ift giri\u015fi.\u00a0\u0130ste\u011fe ba\u011fl\u0131 olarak 1 dijital giri\u015f + 1 dijital \u00e7\u0131k\u0131\u015f.<\/span><br \/>\n<span>o \u00d6l\u00e7\u00fclen parametreler: Ak\u0131m, Gerilim, G\u00fc\u00e7, Enerji, THDI ve THDV, G\u00fc\u00e7 fakt\u00f6r\u00fc<\/span><br \/>\n<span>ve cos\u03c6<\/span><br \/>\n<span>o 96 x 96 panel montaj\u0131<\/span><br \/>\n<span>o Olay kay\u0131tlar\u0131n\u0131n depolanmas\u0131 ve y\u00f6netimi<\/span><br \/>\n<span>o Kullan\u0131c\u0131 \u015fifresi<\/span><br \/>\n<span>o Ak\u0131m ve gerilim trafolar\u0131n\u0131n birincil ve ikincil de\u011ferlerinin de\u011fi\u015ftirilmesi<\/span><br \/>\n<span>o N\u00f6trl\u00fc 3 Faz, N\u00f6trs\u00fcz 3 Faz, Aron<\/span><br \/>\n<span>ba\u011flant\u0131l\u0131 sistemler<\/span><br \/>\n<span>o Kontrast ayar\u0131<\/span><br \/>\n<span>o Talep zaman\u0131 ayar\u0131<\/span><br \/>\n<span>o G\u00fcn \u0131\u015f\u0131\u011f\u0131ndan yararlanma zaman\u0131 de\u011fi\u015ftirme<\/span><br \/>\n<span>o Tarife ayarlar\u0131<\/span><br \/>\n<span>5<\/span><\/p>\n<p><strong><span>Uygulamalar<\/span><\/strong><br \/>\n<span>MPR-4 Serisi cihazlar,<\/span><br \/>\n<span>bir elektrik \u015febekesinin\u00a0t\u00fcm parametrelerini \u00f6l\u00e7mek\u00a0, t\u00fcketim de\u011ferlerini hesaplamak ve bunlar\u0131 LCD ekran\u0131nda g\u00f6r\u00fcnt\u00fclemek\u00a0i\u00e7in tasarlanm\u0131\u015f mikroi\u015flemci tabanl\u0131 cihazlard\u0131r\u00a0.<\/span><br \/>\n<span>Dahili flash bellek ve Ger\u00e7ek Zamanl\u0131 Saat<\/span><br \/>\n<span>\u00e7ipi\u00a0sayesinde \u00f6l\u00e7\u00fclen parametreler ger\u00e7ek zamanl\u0131 olarak kaydedilecektir\u00a0.\u00a0Kaydedilen bu de\u011ferlere daha sonra Modbus<\/span><br \/>\n<span>RTU protokol\u00fc\u00a0ile RS-485 hatt\u0131 \u00fczerinden uzaktan eri\u015filebilir ve izlenebilir\u00a0.\u00a0RS-485 yerine Ethernet \u00f6zelli\u011fi kullan\u0131labilir.<\/span><\/p>\n","protected":false},"excerpt":{"rendered":"<h2><span>MPR-4 Serisi A\u011f Analiz\u00f6r\u00fc<\/span><\/h2>\n<h3 class=\"pdp-product-info__description\"><span>Geni\u015f tedarik aral\u0131\u011f\u0131<\/span><\/h3>\n","protected":false},"featured_media":7993,"comment_status":"open","ping_status":"closed","template":"","meta":[],"product_brand":[],"product_cat":[517,518],"product_tag":[],"class_list":{"0":"post-8026","1":"product","2":"type-product","3":"status-publish","4":"has-post-thumbnail","6":"product_cat-entes-elektronik-tr","7":"product_cat-guc-kalitesi-ve-enerji","9":"first","10":"instock","11":"shipping-taxable","12":"product-type-simple"},"yoast_head":"<!-- This site is optimized with the Yoast SEO plugin v24.3 - https:\/\/yoast.com\/wordpress\/plugins\/seo\/ -->\n<title>MPR-45S - \u0130ntegral Elektronik<\/title>\n<meta name=\"robots\" content=\"index, follow, max-snippet:-1, max-image-preview:large, max-video-preview:-1\" \/>\n<link rel=\"canonical\" href=\"https:\/\/integralelektronik.com\/tr\/product\/mpr-45s\/\" \/>\n<meta property=\"og:locale\" content=\"tr_TR\" \/>\n<meta property=\"og:type\" content=\"article\" \/>\n<meta property=\"og:title\" content=\"MPR-45S - \u0130ntegral Elektronik\" \/>\n<meta property=\"og:description\" content=\"MPR-4 Serisi A\u011f Analiz\u00f6r\u00fc Geni\u015f tedarik aral\u0131\u011f\u0131\" \/>\n<meta property=\"og:url\" content=\"https:\/\/integralelektronik.com\/tr\/product\/mpr-45s\/\" \/>\n<meta property=\"og:site_name\" content=\"\u0130ntegral Elektronik\" \/>\n<meta property=\"og:image\" content=\"https:\/\/integralelektronik.com\/wp-content\/uploads\/2020\/12\/MPR_4-1.jpg\" \/>\n\t<meta property=\"og:image:width\" content=\"395\" \/>\n\t<meta property=\"og:image:height\" content=\"417\" \/>\n\t<meta property=\"og:image:type\" content=\"image\/jpeg\" \/>\n<meta name=\"twitter:card\" content=\"summary_large_image\" \/>\n<meta name=\"twitter:label1\" content=\"Tahmini okuma s\u00fcresi\" \/>\n\t<meta name=\"twitter:data1\" content=\"1 dakika\" \/>\n<script type=\"application\/ld+json\" class=\"yoast-schema-graph\">{\"@context\":\"https:\/\/schema.org\",\"@graph\":[{\"@type\":\"WebPage\",\"@id\":\"https:\/\/integralelektronik.com\/tr\/product\/mpr-45s\/\",\"url\":\"https:\/\/integralelektronik.com\/tr\/product\/mpr-45s\/\",\"name\":\"MPR-45S - \u0130ntegral Elektronik\",\"isPartOf\":{\"@id\":\"https:\/\/integralelektronik.com\/#website\"},\"primaryImageOfPage\":{\"@id\":\"https:\/\/integralelektronik.com\/tr\/product\/mpr-45s\/#primaryimage\"},\"image\":{\"@id\":\"https:\/\/integralelektronik.com\/tr\/product\/mpr-45s\/#primaryimage\"},\"thumbnailUrl\":\"https:\/\/integralelektronik.com\/wp-content\/uploads\/2020\/12\/MPR_4-1.jpg\",\"datePublished\":\"2020-12-05T20:36:38+00:00\",\"dateModified\":\"2020-12-05T20:36:38+00:00\",\"breadcrumb\":{\"@id\":\"https:\/\/integralelektronik.com\/tr\/product\/mpr-45s\/#breadcrumb\"},\"inLanguage\":\"tr\",\"potentialAction\":[{\"@type\":\"ReadAction\",\"target\":[\"https:\/\/integralelektronik.com\/tr\/product\/mpr-45s\/\"]}]},{\"@type\":\"ImageObject\",\"inLanguage\":\"tr\",\"@id\":\"https:\/\/integralelektronik.com\/tr\/product\/mpr-45s\/#primaryimage\",\"url\":\"https:\/\/integralelektronik.com\/wp-content\/uploads\/2020\/12\/MPR_4-1.jpg\",\"contentUrl\":\"https:\/\/integralelektronik.com\/wp-content\/uploads\/2020\/12\/MPR_4-1.jpg\",\"width\":395,\"height\":417},{\"@type\":\"BreadcrumbList\",\"@id\":\"https:\/\/integralelektronik.com\/tr\/product\/mpr-45s\/#breadcrumb\",\"itemListElement\":[{\"@type\":\"ListItem\",\"position\":1,\"name\":\"Home\",\"item\":\"https:\/\/integralelektronik.com\/tr\/\"},{\"@type\":\"ListItem\",\"position\":2,\"name\":\"Shop\",\"item\":\"https:\/\/integralelektronik.com\/shop\/\"},{\"@type\":\"ListItem\",\"position\":3,\"name\":\"MPR-45S\"}]},{\"@type\":\"WebSite\",\"@id\":\"https:\/\/integralelektronik.com\/#website\",\"url\":\"https:\/\/integralelektronik.com\/\",\"name\":\"\u0130ntegral Elektronik\",\"description\":\"\",\"publisher\":{\"@id\":\"https:\/\/integralelektronik.com\/#organization\"},\"potentialAction\":[{\"@type\":\"SearchAction\",\"target\":{\"@type\":\"EntryPoint\",\"urlTemplate\":\"https:\/\/integralelektronik.com\/?s={search_term_string}\"},\"query-input\":{\"@type\":\"PropertyValueSpecification\",\"valueRequired\":true,\"valueName\":\"search_term_string\"}}],\"inLanguage\":\"tr\"},{\"@type\":\"Organization\",\"@id\":\"https:\/\/integralelektronik.com\/#organization\",\"name\":\"\u0130ntegral Elektronik\",\"url\":\"https:\/\/integralelektronik.com\/\",\"logo\":{\"@type\":\"ImageObject\",\"inLanguage\":\"tr\",\"@id\":\"https:\/\/integralelektronik.com\/#\/schema\/logo\/image\/\",\"url\":\"https:\/\/integralelektronik.com\/wp-content\/uploads\/2020\/10\/logo.png\",\"contentUrl\":\"https:\/\/integralelektronik.com\/wp-content\/uploads\/2020\/10\/logo.png\",\"width\":180,\"height\":90,\"caption\":\"\u0130ntegral Elektronik\"},\"image\":{\"@id\":\"https:\/\/integralelektronik.com\/#\/schema\/logo\/image\/\"}}]}<\/script>\n<!-- \/ Yoast SEO plugin. -->","yoast_head_json":{"title":"MPR-45S - \u0130ntegral Elektronik","robots":{"index":"index","follow":"follow","max-snippet":"max-snippet:-1","max-image-preview":"max-image-preview:large","max-video-preview":"max-video-preview:-1"},"canonical":"https:\/\/integralelektronik.com\/tr\/product\/mpr-45s\/","og_locale":"tr_TR","og_type":"article","og_title":"MPR-45S - \u0130ntegral Elektronik","og_description":"MPR-4 Serisi A\u011f Analiz\u00f6r\u00fc Geni\u015f tedarik aral\u0131\u011f\u0131","og_url":"https:\/\/integralelektronik.com\/tr\/product\/mpr-45s\/","og_site_name":"\u0130ntegral Elektronik","og_image":[{"width":395,"height":417,"url":"https:\/\/integralelektronik.com\/wp-content\/uploads\/2020\/12\/MPR_4-1.jpg","type":"image\/jpeg"}],"twitter_card":"summary_large_image","twitter_misc":{"Tahmini okuma s\u00fcresi":"1 dakika"},"schema":{"@context":"https:\/\/schema.org","@graph":[{"@type":"WebPage","@id":"https:\/\/integralelektronik.com\/tr\/product\/mpr-45s\/","url":"https:\/\/integralelektronik.com\/tr\/product\/mpr-45s\/","name":"MPR-45S - \u0130ntegral Elektronik","isPartOf":{"@id":"https:\/\/integralelektronik.com\/#website"},"primaryImageOfPage":{"@id":"https:\/\/integralelektronik.com\/tr\/product\/mpr-45s\/#primaryimage"},"image":{"@id":"https:\/\/integralelektronik.com\/tr\/product\/mpr-45s\/#primaryimage"},"thumbnailUrl":"https:\/\/integralelektronik.com\/wp-content\/uploads\/2020\/12\/MPR_4-1.jpg","datePublished":"2020-12-05T20:36:38+00:00","dateModified":"2020-12-05T20:36:38+00:00","breadcrumb":{"@id":"https:\/\/integralelektronik.com\/tr\/product\/mpr-45s\/#breadcrumb"},"inLanguage":"tr","potentialAction":[{"@type":"ReadAction","target":["https:\/\/integralelektronik.com\/tr\/product\/mpr-45s\/"]}]},{"@type":"ImageObject","inLanguage":"tr","@id":"https:\/\/integralelektronik.com\/tr\/product\/mpr-45s\/#primaryimage","url":"https:\/\/integralelektronik.com\/wp-content\/uploads\/2020\/12\/MPR_4-1.jpg","contentUrl":"https:\/\/integralelektronik.com\/wp-content\/uploads\/2020\/12\/MPR_4-1.jpg","width":395,"height":417},{"@type":"BreadcrumbList","@id":"https:\/\/integralelektronik.com\/tr\/product\/mpr-45s\/#breadcrumb","itemListElement":[{"@type":"ListItem","position":1,"name":"Home","item":"https:\/\/integralelektronik.com\/tr\/"},{"@type":"ListItem","position":2,"name":"Shop","item":"https:\/\/integralelektronik.com\/shop\/"},{"@type":"ListItem","position":3,"name":"MPR-45S"}]},{"@type":"WebSite","@id":"https:\/\/integralelektronik.com\/#website","url":"https:\/\/integralelektronik.com\/","name":"\u0130ntegral Elektronik","description":"","publisher":{"@id":"https:\/\/integralelektronik.com\/#organization"},"potentialAction":[{"@type":"SearchAction","target":{"@type":"EntryPoint","urlTemplate":"https:\/\/integralelektronik.com\/?s={search_term_string}"},"query-input":{"@type":"PropertyValueSpecification","valueRequired":true,"valueName":"search_term_string"}}],"inLanguage":"tr"},{"@type":"Organization","@id":"https:\/\/integralelektronik.com\/#organization","name":"\u0130ntegral Elektronik","url":"https:\/\/integralelektronik.com\/","logo":{"@type":"ImageObject","inLanguage":"tr","@id":"https:\/\/integralelektronik.com\/#\/schema\/logo\/image\/","url":"https:\/\/integralelektronik.com\/wp-content\/uploads\/2020\/10\/logo.png","contentUrl":"https:\/\/integralelektronik.com\/wp-content\/uploads\/2020\/10\/logo.png","width":180,"height":90,"caption":"\u0130ntegral Elektronik"},"image":{"@id":"https:\/\/integralelektronik.com\/#\/schema\/logo\/image\/"}}]}},"_links":{"self":[{"href":"https:\/\/integralelektronik.com\/tr\/wp-json\/wp\/v2\/product\/8026"}],"collection":[{"href":"https:\/\/integralelektronik.com\/tr\/wp-json\/wp\/v2\/product"}],"about":[{"href":"https:\/\/integralelektronik.com\/tr\/wp-json\/wp\/v2\/types\/product"}],"replies":[{"embeddable":true,"href":"https:\/\/integralelektronik.com\/tr\/wp-json\/wp\/v2\/comments?post=8026"}],"wp:featuredmedia":[{"embeddable":true,"href":"https:\/\/integralelektronik.com\/tr\/wp-json\/wp\/v2\/media\/7993"}],"wp:attachment":[{"href":"https:\/\/integralelektronik.com\/tr\/wp-json\/wp\/v2\/media?parent=8026"}],"wp:term":[{"taxonomy":"product_brand","embeddable":true,"href":"https:\/\/integralelektronik.com\/tr\/wp-json\/wp\/v2\/product_brand?post=8026"},{"taxonomy":"product_cat","embeddable":true,"href":"https:\/\/integralelektronik.com\/tr\/wp-json\/wp\/v2\/product_cat?post=8026"},{"taxonomy":"product_tag","embeddable":true,"href":"https:\/\/integralelektronik.com\/tr\/wp-json\/wp\/v2\/product_tag?post=8026"}],"curies":[{"name":"wp","href":"https:\/\/api.w.org\/{rel}","templated":true}]}}