{"id":8022,"date":"2020-12-05T23:33:25","date_gmt":"2020-12-05T20:33:25","guid":{"rendered":"https:\/\/integralelektronik.com\/?post_type=product&#038;p=8022"},"modified":"2020-12-05T23:33:26","modified_gmt":"2020-12-05T20:33:26","slug":"mpr-32-2","status":"publish","type":"product","link":"https:\/\/integralelektronik.com\/tr\/product\/mpr-32-2\/","title":{"rendered":"MPR-32"},"content":{"rendered":"<p><strong><span>Genel \u00d6zellikler<\/span><\/strong><br \/>\n<span>o Geni\u015f besleme aral\u0131\u011f\u0131 (95 &#8211; 270 Vrms)<\/span><br \/>\n<span>o Arka ayd\u0131nlatmal\u0131 \u00f6zel FSTN ekran\u0131<\/span><br \/>\n<span>o 3 voltaj \u00f6l\u00e7\u00fcm giri\u015fi<\/span><br \/>\n<span>o 3 ak\u0131m \u00f6l\u00e7\u00fcm giri\u015fi<\/span><br \/>\n<span>o 4 dil se\u00e7ene\u011fi<\/span><br \/>\n<span>o 1MB dahili bellek<\/span><br \/>\n<span>o Ger\u00e7ek zamanl\u0131 saat<\/span><br \/>\n<span>o Alarm<\/span><br \/>\n<span>o Saat saya\u00e7lar\u0131 (\u00c7al\u0131\u015fma saati ve toplam saat)<\/span><br \/>\n<span>o RS-485 \u00fczerinden ileti\u015fim<\/span><br \/>\n<span>o \u00d6l\u00e7\u00fclen parametreler:<\/span><br \/>\n<span>\uf0b7 Ak\u0131m<\/span><br \/>\n<span>\uf0b7 N\u00f6tr Ak\u0131m<\/span><br \/>\n<span>\uf0b7 Gerilim (Faz-Faz, Faz-N\u00f6tr)<\/span><br \/>\n<span>\uf0b7 Aktif, Reaktif ve G\u00f6r\u00fcnen G\u00fc\u00e7<\/span><br \/>\n<span>\uf0b7 Frekans<\/span><br \/>\n<span>\uf0b7 Aktif Enerji<\/span><br \/>\n<span>\uf0b7 Reaktif Enerji<\/span><br \/>\n<span>\uf0b7 G\u00f6r\u00fcnen Enerji<\/span><br \/>\n<span>\uf0b7 Cos \u03c6<\/span><br \/>\n<span>\uf0b7 G\u00fc\u00e7 Fakt\u00f6r\u00fc<\/span><br \/>\n<span>\uf0b7 Toplam Aktif G\u00fc\u00e7<\/span><br \/>\n<span>\uf0b7 Toplam Reaktif G\u00fc\u00e7<\/span><br \/>\n<span>\uf0b7 Toplam G\u00f6r\u00fcn\u00fcr G\u00fc\u00e7<\/span><br \/>\n<span>\uf0b7 Toplam Cos \u03c6<\/span><br \/>\n<span>\uf0b7 Toplam G\u00fc\u00e7 Fakt\u00f6r\u00fc<\/span><br \/>\n<span>\uf0b7 Ak\u0131m i\u00e7in<\/span><br \/>\n<span>Toplam Harmonik Bozulma \uf0b7 Faz-Faz Gerilimleri<\/span><br \/>\n<span>i\u00e7in Toplam Harmonik Bozulma \uf0b7 Faz-N\u00f6tr Gerilimler i\u00e7in Toplam Harmonik Bozulma<\/span><br \/>\n<span>o A\u015fa\u011f\u0131daki parametreler i\u00e7in Minimum ve Maksimum de\u011ferler mevcuttur :<\/span><br \/>\n<span>\uf0b7 Ak\u0131m<\/span><br \/>\n<span>\uf0b7 Faz-Faz Gerilimi<\/span><br \/>\n<span>\uf0b7 Faz-N\u00f6tr Gerilimi<\/span><br \/>\n<span>\uf0b7 Aktif G\u00fc\u00e7<\/span><br \/>\n<span>\uf0b7 Reaktif G\u00fc\u00e7<\/span><br \/>\n<span>\uf0b7 G\u00f6r\u00fcnen G\u00fc\u00e7<\/span><br \/>\n<span>\uf0b7 Frekans<\/span><br \/>\n<span>\uf0b7 Ak\u0131m i\u00e7in<\/span><br \/>\n<span>Toplam Harmonik Bozulma \uf0b7 Faz-Faz Gerilimleri<\/span><br \/>\n<span>i\u00e7in Toplam Harmonik Bozulma \uf0b7 Faz-N\u00f6tr Gerilimler i\u00e7in Toplam Harmonik Bozulma<\/span><br \/>\n<span>o<\/span><br \/>\n<span>Entegrasyon s\u00fcresi ile\u00a0\u00f6l\u00e7\u00fclen a\u015fa\u011f\u0131daki parametreler i\u00e7in Demand ve Maximum Demand de\u011ferleri mevcuttur\u00a0:<\/span><br \/>\n<span>\uf0b7 Ak\u0131m<\/span><br \/>\n<span>\uf0b7 Aktif G\u00fc\u00e7<\/span><br \/>\n<span>\uf0b7 G\u00f6r\u00fcn\u00fcr G\u00fc\u00e7<\/span><br \/>\n<span>o Yal\u0131t\u0131lm\u0131\u015f dijital giri\u015f ve \u00e7\u0131k\u0131\u015f<\/span><br \/>\n<span>6<\/span><br \/>\n<span>o 256 olay kaydedebilir<\/span><br \/>\n<span>o Kullan\u0131c\u0131 \u015fifresi<\/span><br \/>\n<span>o Ak\u0131m ve gerilimin birincil ve ikincil de\u011ferlerini de\u011fi\u015ftirme transformat\u00f6rler<\/span><br \/>\n<span>o 5 farkl\u0131 ba\u011flant\u0131 tipi sistemde \u00f6l\u00e7\u00fcm yapmak: 3 Faz 4 Tel, 3<\/span><br \/>\n<span>Faz 3 Tel, 3 Faz Aron, 3 Faz 4 Tel Dengeli, 3 Faz 3 Tel Dengeli<\/span><br \/>\n<span>o Kontrast ayar\u0131<\/span><br \/>\n<span>o Arka \u0131\u015f\u0131k ayar\u0131<\/span><br \/>\n<span>o Demand ve entegrasyon s\u00fcresi ayar\u0131<\/span><br \/>\n<span>o G\u00fcn I\u015f\u0131\u011f\u0131 zaman de\u011fi\u015ftirme tasarrufu<\/span><\/p>\n<p><strong><span>Uygulamalar<\/span><\/strong><br \/>\n<span>MPR-3 Serisi cihazlar,<\/span><br \/>\n<span>bir elektrik \u015febekesinin\u00a0t\u00fcm parametrelerini \u00f6l\u00e7mek\u00a0, t\u00fcketim de\u011ferlerini hesaplamak ve bunlar\u0131 LCD ekran\u0131nda g\u00f6r\u00fcnt\u00fclemek\u00a0i\u00e7in tasarlanm\u0131\u015f mikroi\u015flemci tabanl\u0131 cihazlard\u0131r\u00a0.<\/span><br \/>\n<span>Kesintiler, zaman ve ayar de\u011fi\u015fiklikleri, s\u0131f\u0131rlama i\u015flemleri gibi\u00a0olaylar\u00a0,<\/span><br \/>\n<span>dahili flash belle\u011fi ve Ger\u00e7ek Zamanl\u0131 Saat \u00e7ipi\u00a0sayesinde ger\u00e7ek zamanl\u0131 olarak kaydedilecektir\u00a0.\u00a0<\/span><\/p>\n","protected":false},"excerpt":{"rendered":"<h2><span>MPR-3 Serisi A\u011f Analiz\u00f6r\u00fc<\/span><\/h2>\n<h3 class=\"pdp-product-info__description\"><span>Geni\u015f tedarik aral\u0131\u011f\u0131 (95-270 Vrms)<\/span><\/h3>\n","protected":false},"featured_media":7968,"comment_status":"open","ping_status":"closed","template":"","meta":[],"product_brand":[],"product_cat":[517,518],"product_tag":[],"class_list":{"0":"post-8022","1":"product","2":"type-product","3":"status-publish","4":"has-post-thumbnail","6":"product_cat-entes-elektronik-tr","7":"product_cat-guc-kalitesi-ve-enerji","9":"first","10":"instock","11":"shipping-taxable","12":"product-type-simple"},"yoast_head":"<!-- This site is optimized with the Yoast SEO plugin v24.3 - https:\/\/yoast.com\/wordpress\/plugins\/seo\/ -->\n<title>MPR-32 - \u0130ntegral Elektronik<\/title>\n<meta name=\"robots\" content=\"index, follow, max-snippet:-1, max-image-preview:large, max-video-preview:-1\" \/>\n<link rel=\"canonical\" href=\"https:\/\/integralelektronik.com\/tr\/product\/mpr-32-2\/\" \/>\n<meta property=\"og:locale\" content=\"tr_TR\" \/>\n<meta property=\"og:type\" content=\"article\" \/>\n<meta property=\"og:title\" content=\"MPR-32 - \u0130ntegral Elektronik\" \/>\n<meta property=\"og:description\" content=\"MPR-3 Serisi A\u011f Analiz\u00f6r\u00fc Geni\u015f tedarik aral\u0131\u011f\u0131 (95-270 Vrms)\" \/>\n<meta property=\"og:url\" content=\"https:\/\/integralelektronik.com\/tr\/product\/mpr-32-2\/\" \/>\n<meta property=\"og:site_name\" content=\"\u0130ntegral Elektronik\" \/>\n<meta property=\"article:modified_time\" content=\"2020-12-05T20:33:26+00:00\" \/>\n<meta property=\"og:image\" content=\"https:\/\/integralelektronik.com\/wp-content\/uploads\/2020\/12\/MPR_3-1.jpg\" \/>\n\t<meta property=\"og:image:width\" content=\"395\" \/>\n\t<meta property=\"og:image:height\" content=\"417\" \/>\n\t<meta property=\"og:image:type\" content=\"image\/jpeg\" \/>\n<meta name=\"twitter:card\" content=\"summary_large_image\" \/>\n<meta name=\"twitter:label1\" content=\"Tahmini okuma s\u00fcresi\" \/>\n\t<meta name=\"twitter:data1\" content=\"2 dakika\" \/>\n<script type=\"application\/ld+json\" class=\"yoast-schema-graph\">{\"@context\":\"https:\/\/schema.org\",\"@graph\":[{\"@type\":\"WebPage\",\"@id\":\"https:\/\/integralelektronik.com\/tr\/product\/mpr-32-2\/\",\"url\":\"https:\/\/integralelektronik.com\/tr\/product\/mpr-32-2\/\",\"name\":\"MPR-32 - \u0130ntegral Elektronik\",\"isPartOf\":{\"@id\":\"https:\/\/integralelektronik.com\/#website\"},\"primaryImageOfPage\":{\"@id\":\"https:\/\/integralelektronik.com\/tr\/product\/mpr-32-2\/#primaryimage\"},\"image\":{\"@id\":\"https:\/\/integralelektronik.com\/tr\/product\/mpr-32-2\/#primaryimage\"},\"thumbnailUrl\":\"https:\/\/integralelektronik.com\/wp-content\/uploads\/2020\/12\/MPR_3-1.jpg\",\"datePublished\":\"2020-12-05T20:33:25+00:00\",\"dateModified\":\"2020-12-05T20:33:26+00:00\",\"breadcrumb\":{\"@id\":\"https:\/\/integralelektronik.com\/tr\/product\/mpr-32-2\/#breadcrumb\"},\"inLanguage\":\"tr\",\"potentialAction\":[{\"@type\":\"ReadAction\",\"target\":[\"https:\/\/integralelektronik.com\/tr\/product\/mpr-32-2\/\"]}]},{\"@type\":\"ImageObject\",\"inLanguage\":\"tr\",\"@id\":\"https:\/\/integralelektronik.com\/tr\/product\/mpr-32-2\/#primaryimage\",\"url\":\"https:\/\/integralelektronik.com\/wp-content\/uploads\/2020\/12\/MPR_3-1.jpg\",\"contentUrl\":\"https:\/\/integralelektronik.com\/wp-content\/uploads\/2020\/12\/MPR_3-1.jpg\",\"width\":395,\"height\":417},{\"@type\":\"BreadcrumbList\",\"@id\":\"https:\/\/integralelektronik.com\/tr\/product\/mpr-32-2\/#breadcrumb\",\"itemListElement\":[{\"@type\":\"ListItem\",\"position\":1,\"name\":\"Home\",\"item\":\"https:\/\/integralelektronik.com\/tr\/\"},{\"@type\":\"ListItem\",\"position\":2,\"name\":\"Shop\",\"item\":\"https:\/\/integralelektronik.com\/shop\/\"},{\"@type\":\"ListItem\",\"position\":3,\"name\":\"MPR-32\"}]},{\"@type\":\"WebSite\",\"@id\":\"https:\/\/integralelektronik.com\/#website\",\"url\":\"https:\/\/integralelektronik.com\/\",\"name\":\"\u0130ntegral Elektronik\",\"description\":\"\",\"publisher\":{\"@id\":\"https:\/\/integralelektronik.com\/#organization\"},\"potentialAction\":[{\"@type\":\"SearchAction\",\"target\":{\"@type\":\"EntryPoint\",\"urlTemplate\":\"https:\/\/integralelektronik.com\/?s={search_term_string}\"},\"query-input\":{\"@type\":\"PropertyValueSpecification\",\"valueRequired\":true,\"valueName\":\"search_term_string\"}}],\"inLanguage\":\"tr\"},{\"@type\":\"Organization\",\"@id\":\"https:\/\/integralelektronik.com\/#organization\",\"name\":\"\u0130ntegral Elektronik\",\"url\":\"https:\/\/integralelektronik.com\/\",\"logo\":{\"@type\":\"ImageObject\",\"inLanguage\":\"tr\",\"@id\":\"https:\/\/integralelektronik.com\/#\/schema\/logo\/image\/\",\"url\":\"https:\/\/integralelektronik.com\/wp-content\/uploads\/2020\/10\/logo.png\",\"contentUrl\":\"https:\/\/integralelektronik.com\/wp-content\/uploads\/2020\/10\/logo.png\",\"width\":180,\"height\":90,\"caption\":\"\u0130ntegral Elektronik\"},\"image\":{\"@id\":\"https:\/\/integralelektronik.com\/#\/schema\/logo\/image\/\"}}]}<\/script>\n<!-- \/ Yoast SEO plugin. -->","yoast_head_json":{"title":"MPR-32 - \u0130ntegral Elektronik","robots":{"index":"index","follow":"follow","max-snippet":"max-snippet:-1","max-image-preview":"max-image-preview:large","max-video-preview":"max-video-preview:-1"},"canonical":"https:\/\/integralelektronik.com\/tr\/product\/mpr-32-2\/","og_locale":"tr_TR","og_type":"article","og_title":"MPR-32 - \u0130ntegral Elektronik","og_description":"MPR-3 Serisi A\u011f Analiz\u00f6r\u00fc Geni\u015f tedarik aral\u0131\u011f\u0131 (95-270 Vrms)","og_url":"https:\/\/integralelektronik.com\/tr\/product\/mpr-32-2\/","og_site_name":"\u0130ntegral Elektronik","article_modified_time":"2020-12-05T20:33:26+00:00","og_image":[{"width":395,"height":417,"url":"https:\/\/integralelektronik.com\/wp-content\/uploads\/2020\/12\/MPR_3-1.jpg","type":"image\/jpeg"}],"twitter_card":"summary_large_image","twitter_misc":{"Tahmini okuma s\u00fcresi":"2 dakika"},"schema":{"@context":"https:\/\/schema.org","@graph":[{"@type":"WebPage","@id":"https:\/\/integralelektronik.com\/tr\/product\/mpr-32-2\/","url":"https:\/\/integralelektronik.com\/tr\/product\/mpr-32-2\/","name":"MPR-32 - \u0130ntegral Elektronik","isPartOf":{"@id":"https:\/\/integralelektronik.com\/#website"},"primaryImageOfPage":{"@id":"https:\/\/integralelektronik.com\/tr\/product\/mpr-32-2\/#primaryimage"},"image":{"@id":"https:\/\/integralelektronik.com\/tr\/product\/mpr-32-2\/#primaryimage"},"thumbnailUrl":"https:\/\/integralelektronik.com\/wp-content\/uploads\/2020\/12\/MPR_3-1.jpg","datePublished":"2020-12-05T20:33:25+00:00","dateModified":"2020-12-05T20:33:26+00:00","breadcrumb":{"@id":"https:\/\/integralelektronik.com\/tr\/product\/mpr-32-2\/#breadcrumb"},"inLanguage":"tr","potentialAction":[{"@type":"ReadAction","target":["https:\/\/integralelektronik.com\/tr\/product\/mpr-32-2\/"]}]},{"@type":"ImageObject","inLanguage":"tr","@id":"https:\/\/integralelektronik.com\/tr\/product\/mpr-32-2\/#primaryimage","url":"https:\/\/integralelektronik.com\/wp-content\/uploads\/2020\/12\/MPR_3-1.jpg","contentUrl":"https:\/\/integralelektronik.com\/wp-content\/uploads\/2020\/12\/MPR_3-1.jpg","width":395,"height":417},{"@type":"BreadcrumbList","@id":"https:\/\/integralelektronik.com\/tr\/product\/mpr-32-2\/#breadcrumb","itemListElement":[{"@type":"ListItem","position":1,"name":"Home","item":"https:\/\/integralelektronik.com\/tr\/"},{"@type":"ListItem","position":2,"name":"Shop","item":"https:\/\/integralelektronik.com\/shop\/"},{"@type":"ListItem","position":3,"name":"MPR-32"}]},{"@type":"WebSite","@id":"https:\/\/integralelektronik.com\/#website","url":"https:\/\/integralelektronik.com\/","name":"\u0130ntegral Elektronik","description":"","publisher":{"@id":"https:\/\/integralelektronik.com\/#organization"},"potentialAction":[{"@type":"SearchAction","target":{"@type":"EntryPoint","urlTemplate":"https:\/\/integralelektronik.com\/?s={search_term_string}"},"query-input":{"@type":"PropertyValueSpecification","valueRequired":true,"valueName":"search_term_string"}}],"inLanguage":"tr"},{"@type":"Organization","@id":"https:\/\/integralelektronik.com\/#organization","name":"\u0130ntegral Elektronik","url":"https:\/\/integralelektronik.com\/","logo":{"@type":"ImageObject","inLanguage":"tr","@id":"https:\/\/integralelektronik.com\/#\/schema\/logo\/image\/","url":"https:\/\/integralelektronik.com\/wp-content\/uploads\/2020\/10\/logo.png","contentUrl":"https:\/\/integralelektronik.com\/wp-content\/uploads\/2020\/10\/logo.png","width":180,"height":90,"caption":"\u0130ntegral Elektronik"},"image":{"@id":"https:\/\/integralelektronik.com\/#\/schema\/logo\/image\/"}}]}},"_links":{"self":[{"href":"https:\/\/integralelektronik.com\/tr\/wp-json\/wp\/v2\/product\/8022"}],"collection":[{"href":"https:\/\/integralelektronik.com\/tr\/wp-json\/wp\/v2\/product"}],"about":[{"href":"https:\/\/integralelektronik.com\/tr\/wp-json\/wp\/v2\/types\/product"}],"replies":[{"embeddable":true,"href":"https:\/\/integralelektronik.com\/tr\/wp-json\/wp\/v2\/comments?post=8022"}],"wp:featuredmedia":[{"embeddable":true,"href":"https:\/\/integralelektronik.com\/tr\/wp-json\/wp\/v2\/media\/7968"}],"wp:attachment":[{"href":"https:\/\/integralelektronik.com\/tr\/wp-json\/wp\/v2\/media?parent=8022"}],"wp:term":[{"taxonomy":"product_brand","embeddable":true,"href":"https:\/\/integralelektronik.com\/tr\/wp-json\/wp\/v2\/product_brand?post=8022"},{"taxonomy":"product_cat","embeddable":true,"href":"https:\/\/integralelektronik.com\/tr\/wp-json\/wp\/v2\/product_cat?post=8022"},{"taxonomy":"product_tag","embeddable":true,"href":"https:\/\/integralelektronik.com\/tr\/wp-json\/wp\/v2\/product_tag?post=8022"}],"curies":[{"name":"wp","href":"https:\/\/api.w.org\/{rel}","templated":true}]}}