{"id":8018,"date":"2020-12-05T23:30:20","date_gmt":"2020-12-05T20:30:20","guid":{"rendered":"https:\/\/integralelektronik.com\/?post_type=product&#038;p=8018"},"modified":"2020-12-05T23:30:20","modified_gmt":"2020-12-05T20:30:20","slug":"emk-01","status":"publish","type":"product","link":"https:\/\/integralelektronik.com\/tr\/product\/emk-01\/","title":{"rendered":"EMK-01"},"content":{"rendered":"<p><span>EMK-01 A S\u0131n\u0131f\u0131 kalite analiz\u00f6r\u00fc,<\/span><br \/>\n<span>EN 50160 normuna g\u00f6re\u00a0AG ve OG \u015febeke kalitesinin \u00f6l\u00e7\u00fcm\u00fc i\u00e7in tasarlanm\u0131\u015ft\u0131r. \u00d6l\u00e7\u00fcm<\/span><br \/>\n<span>teknolojisi, &#8220;IEC 61000-4-30:<\/span><br \/>\n<span>Elektromanyetik uyumluluk (EMC) &#8211; B\u00f6l\u00fcm 4\u00a0normuna g\u00f6re ger\u00e7ekle\u015ftirilir.\u00a0-30: Test ve \u00f6l\u00e7\u00fcm y\u00f6ntemleri &#8211; G\u00fc\u00e7<\/span><br \/>\n<span>kalitesi \u00f6l\u00e7\u00fcm y\u00f6ntemi &#8220;, \u00f6l\u00e7\u00fcm s\u0131n\u0131f\u0131&#8221; S\u0131n\u0131f A &#8220;.<\/span><br \/>\n<span>EMK-01 A S\u0131n\u0131f\u0131 kalite analiz\u00f6r\u00fc,<\/span><br \/>\n<span>2, 3 ve 4 iletkenli a\u011flarda ve TN ve TT \u015febekelerinde\u00a0elektriksel\u00a0parametrelerin\u00a0\u00f6l\u00e7\u00fcm\u00fc ve izlenmesi i\u00e7in tasarlanm\u0131\u015ft\u0131r.<\/span><\/p>\n","protected":false},"excerpt":{"rendered":"<h2><span>EMK Serisi A S\u0131n\u0131f\u0131 Kalite Analiz\u00f6r\u00fc<\/span><\/h2>\n<h3 class=\"pdp-product-info__description\"><span>EMK-01 A S\u0131n\u0131f\u0131 kalite analiz\u00f6r\u00fc,<\/span><br \/>\n<span>EN 50160 normuna g\u00f6re\u00a0AG ve OG&#8217;de \u015febeke kalitesinin \u00f6l\u00e7\u00fcm\u00fc i\u00e7in tasarlanm\u0131\u015ft\u0131r\u00a0.<\/span><\/h3>\n","protected":false},"featured_media":7959,"comment_status":"open","ping_status":"closed","template":"","meta":[],"product_brand":[],"product_cat":[517,518],"product_tag":[],"class_list":{"0":"post-8018","1":"product","2":"type-product","3":"status-publish","4":"has-post-thumbnail","6":"product_cat-entes-elektronik-tr","7":"product_cat-guc-kalitesi-ve-enerji","9":"first","10":"instock","11":"shipping-taxable","12":"product-type-simple"},"yoast_head":"<!-- This site is optimized with the Yoast SEO plugin v24.3 - https:\/\/yoast.com\/wordpress\/plugins\/seo\/ -->\n<title>EMK-01 - \u0130ntegral Elektronik<\/title>\n<meta name=\"robots\" content=\"index, follow, max-snippet:-1, max-image-preview:large, max-video-preview:-1\" \/>\n<link rel=\"canonical\" href=\"https:\/\/integralelektronik.com\/tr\/product\/emk-01\/\" \/>\n<meta property=\"og:locale\" content=\"tr_TR\" \/>\n<meta property=\"og:type\" content=\"article\" \/>\n<meta property=\"og:title\" content=\"EMK-01 - \u0130ntegral Elektronik\" \/>\n<meta property=\"og:description\" content=\"EMK Serisi A S\u0131n\u0131f\u0131 Kalite Analiz\u00f6r\u00fc EMK-01 A S\u0131n\u0131f\u0131 kalite analiz\u00f6r\u00fc, EN 50160 normuna g\u00f6re\u00a0AG ve OG&#039;de \u015febeke kalitesinin \u00f6l\u00e7\u00fcm\u00fc i\u00e7in tasarlanm\u0131\u015ft\u0131r\u00a0.\" \/>\n<meta property=\"og:url\" content=\"https:\/\/integralelektronik.com\/tr\/product\/emk-01\/\" \/>\n<meta property=\"og:site_name\" content=\"\u0130ntegral Elektronik\" \/>\n<meta property=\"og:image\" content=\"https:\/\/integralelektronik.com\/wp-content\/uploads\/2020\/12\/EMK_01_395_eng.jpg\" \/>\n\t<meta property=\"og:image:width\" content=\"395\" \/>\n\t<meta property=\"og:image:height\" content=\"417\" \/>\n\t<meta property=\"og:image:type\" content=\"image\/jpeg\" \/>\n<meta name=\"twitter:card\" content=\"summary_large_image\" \/>\n<script type=\"application\/ld+json\" class=\"yoast-schema-graph\">{\"@context\":\"https:\/\/schema.org\",\"@graph\":[{\"@type\":\"WebPage\",\"@id\":\"https:\/\/integralelektronik.com\/tr\/product\/emk-01\/\",\"url\":\"https:\/\/integralelektronik.com\/tr\/product\/emk-01\/\",\"name\":\"EMK-01 - \u0130ntegral Elektronik\",\"isPartOf\":{\"@id\":\"https:\/\/integralelektronik.com\/#website\"},\"primaryImageOfPage\":{\"@id\":\"https:\/\/integralelektronik.com\/tr\/product\/emk-01\/#primaryimage\"},\"image\":{\"@id\":\"https:\/\/integralelektronik.com\/tr\/product\/emk-01\/#primaryimage\"},\"thumbnailUrl\":\"https:\/\/integralelektronik.com\/wp-content\/uploads\/2020\/12\/EMK_01_395_eng.jpg\",\"datePublished\":\"2020-12-05T20:30:20+00:00\",\"dateModified\":\"2020-12-05T20:30:20+00:00\",\"breadcrumb\":{\"@id\":\"https:\/\/integralelektronik.com\/tr\/product\/emk-01\/#breadcrumb\"},\"inLanguage\":\"tr\",\"potentialAction\":[{\"@type\":\"ReadAction\",\"target\":[\"https:\/\/integralelektronik.com\/tr\/product\/emk-01\/\"]}]},{\"@type\":\"ImageObject\",\"inLanguage\":\"tr\",\"@id\":\"https:\/\/integralelektronik.com\/tr\/product\/emk-01\/#primaryimage\",\"url\":\"https:\/\/integralelektronik.com\/wp-content\/uploads\/2020\/12\/EMK_01_395_eng.jpg\",\"contentUrl\":\"https:\/\/integralelektronik.com\/wp-content\/uploads\/2020\/12\/EMK_01_395_eng.jpg\",\"width\":395,\"height\":417},{\"@type\":\"BreadcrumbList\",\"@id\":\"https:\/\/integralelektronik.com\/tr\/product\/emk-01\/#breadcrumb\",\"itemListElement\":[{\"@type\":\"ListItem\",\"position\":1,\"name\":\"Home\",\"item\":\"https:\/\/integralelektronik.com\/tr\/\"},{\"@type\":\"ListItem\",\"position\":2,\"name\":\"Shop\",\"item\":\"https:\/\/integralelektronik.com\/shop\/\"},{\"@type\":\"ListItem\",\"position\":3,\"name\":\"EMK-01\"}]},{\"@type\":\"WebSite\",\"@id\":\"https:\/\/integralelektronik.com\/#website\",\"url\":\"https:\/\/integralelektronik.com\/\",\"name\":\"\u0130ntegral Elektronik\",\"description\":\"\",\"publisher\":{\"@id\":\"https:\/\/integralelektronik.com\/#organization\"},\"potentialAction\":[{\"@type\":\"SearchAction\",\"target\":{\"@type\":\"EntryPoint\",\"urlTemplate\":\"https:\/\/integralelektronik.com\/?s={search_term_string}\"},\"query-input\":{\"@type\":\"PropertyValueSpecification\",\"valueRequired\":true,\"valueName\":\"search_term_string\"}}],\"inLanguage\":\"tr\"},{\"@type\":\"Organization\",\"@id\":\"https:\/\/integralelektronik.com\/#organization\",\"name\":\"\u0130ntegral Elektronik\",\"url\":\"https:\/\/integralelektronik.com\/\",\"logo\":{\"@type\":\"ImageObject\",\"inLanguage\":\"tr\",\"@id\":\"https:\/\/integralelektronik.com\/#\/schema\/logo\/image\/\",\"url\":\"https:\/\/integralelektronik.com\/wp-content\/uploads\/2020\/10\/logo.png\",\"contentUrl\":\"https:\/\/integralelektronik.com\/wp-content\/uploads\/2020\/10\/logo.png\",\"width\":180,\"height\":90,\"caption\":\"\u0130ntegral Elektronik\"},\"image\":{\"@id\":\"https:\/\/integralelektronik.com\/#\/schema\/logo\/image\/\"}}]}<\/script>\n<!-- \/ Yoast SEO plugin. -->","yoast_head_json":{"title":"EMK-01 - \u0130ntegral Elektronik","robots":{"index":"index","follow":"follow","max-snippet":"max-snippet:-1","max-image-preview":"max-image-preview:large","max-video-preview":"max-video-preview:-1"},"canonical":"https:\/\/integralelektronik.com\/tr\/product\/emk-01\/","og_locale":"tr_TR","og_type":"article","og_title":"EMK-01 - \u0130ntegral Elektronik","og_description":"EMK Serisi A S\u0131n\u0131f\u0131 Kalite Analiz\u00f6r\u00fc EMK-01 A S\u0131n\u0131f\u0131 kalite analiz\u00f6r\u00fc, EN 50160 normuna g\u00f6re\u00a0AG ve OG'de \u015febeke kalitesinin \u00f6l\u00e7\u00fcm\u00fc i\u00e7in tasarlanm\u0131\u015ft\u0131r\u00a0.","og_url":"https:\/\/integralelektronik.com\/tr\/product\/emk-01\/","og_site_name":"\u0130ntegral Elektronik","og_image":[{"width":395,"height":417,"url":"https:\/\/integralelektronik.com\/wp-content\/uploads\/2020\/12\/EMK_01_395_eng.jpg","type":"image\/jpeg"}],"twitter_card":"summary_large_image","schema":{"@context":"https:\/\/schema.org","@graph":[{"@type":"WebPage","@id":"https:\/\/integralelektronik.com\/tr\/product\/emk-01\/","url":"https:\/\/integralelektronik.com\/tr\/product\/emk-01\/","name":"EMK-01 - \u0130ntegral Elektronik","isPartOf":{"@id":"https:\/\/integralelektronik.com\/#website"},"primaryImageOfPage":{"@id":"https:\/\/integralelektronik.com\/tr\/product\/emk-01\/#primaryimage"},"image":{"@id":"https:\/\/integralelektronik.com\/tr\/product\/emk-01\/#primaryimage"},"thumbnailUrl":"https:\/\/integralelektronik.com\/wp-content\/uploads\/2020\/12\/EMK_01_395_eng.jpg","datePublished":"2020-12-05T20:30:20+00:00","dateModified":"2020-12-05T20:30:20+00:00","breadcrumb":{"@id":"https:\/\/integralelektronik.com\/tr\/product\/emk-01\/#breadcrumb"},"inLanguage":"tr","potentialAction":[{"@type":"ReadAction","target":["https:\/\/integralelektronik.com\/tr\/product\/emk-01\/"]}]},{"@type":"ImageObject","inLanguage":"tr","@id":"https:\/\/integralelektronik.com\/tr\/product\/emk-01\/#primaryimage","url":"https:\/\/integralelektronik.com\/wp-content\/uploads\/2020\/12\/EMK_01_395_eng.jpg","contentUrl":"https:\/\/integralelektronik.com\/wp-content\/uploads\/2020\/12\/EMK_01_395_eng.jpg","width":395,"height":417},{"@type":"BreadcrumbList","@id":"https:\/\/integralelektronik.com\/tr\/product\/emk-01\/#breadcrumb","itemListElement":[{"@type":"ListItem","position":1,"name":"Home","item":"https:\/\/integralelektronik.com\/tr\/"},{"@type":"ListItem","position":2,"name":"Shop","item":"https:\/\/integralelektronik.com\/shop\/"},{"@type":"ListItem","position":3,"name":"EMK-01"}]},{"@type":"WebSite","@id":"https:\/\/integralelektronik.com\/#website","url":"https:\/\/integralelektronik.com\/","name":"\u0130ntegral Elektronik","description":"","publisher":{"@id":"https:\/\/integralelektronik.com\/#organization"},"potentialAction":[{"@type":"SearchAction","target":{"@type":"EntryPoint","urlTemplate":"https:\/\/integralelektronik.com\/?s={search_term_string}"},"query-input":{"@type":"PropertyValueSpecification","valueRequired":true,"valueName":"search_term_string"}}],"inLanguage":"tr"},{"@type":"Organization","@id":"https:\/\/integralelektronik.com\/#organization","name":"\u0130ntegral Elektronik","url":"https:\/\/integralelektronik.com\/","logo":{"@type":"ImageObject","inLanguage":"tr","@id":"https:\/\/integralelektronik.com\/#\/schema\/logo\/image\/","url":"https:\/\/integralelektronik.com\/wp-content\/uploads\/2020\/10\/logo.png","contentUrl":"https:\/\/integralelektronik.com\/wp-content\/uploads\/2020\/10\/logo.png","width":180,"height":90,"caption":"\u0130ntegral Elektronik"},"image":{"@id":"https:\/\/integralelektronik.com\/#\/schema\/logo\/image\/"}}]}},"_links":{"self":[{"href":"https:\/\/integralelektronik.com\/tr\/wp-json\/wp\/v2\/product\/8018"}],"collection":[{"href":"https:\/\/integralelektronik.com\/tr\/wp-json\/wp\/v2\/product"}],"about":[{"href":"https:\/\/integralelektronik.com\/tr\/wp-json\/wp\/v2\/types\/product"}],"replies":[{"embeddable":true,"href":"https:\/\/integralelektronik.com\/tr\/wp-json\/wp\/v2\/comments?post=8018"}],"wp:featuredmedia":[{"embeddable":true,"href":"https:\/\/integralelektronik.com\/tr\/wp-json\/wp\/v2\/media\/7959"}],"wp:attachment":[{"href":"https:\/\/integralelektronik.com\/tr\/wp-json\/wp\/v2\/media?parent=8018"}],"wp:term":[{"taxonomy":"product_brand","embeddable":true,"href":"https:\/\/integralelektronik.com\/tr\/wp-json\/wp\/v2\/product_brand?post=8018"},{"taxonomy":"product_cat","embeddable":true,"href":"https:\/\/integralelektronik.com\/tr\/wp-json\/wp\/v2\/product_cat?post=8018"},{"taxonomy":"product_tag","embeddable":true,"href":"https:\/\/integralelektronik.com\/tr\/wp-json\/wp\/v2\/product_tag?post=8018"}],"curies":[{"name":"wp","href":"https:\/\/api.w.org\/{rel}","templated":true}]}}