{"id":8017,"date":"2020-12-05T23:29:36","date_gmt":"2020-12-05T20:29:36","guid":{"rendered":"https:\/\/integralelektronik.com\/?post_type=product&#038;p=8017"},"modified":"2020-12-06T00:25:43","modified_gmt":"2020-12-05T21:25:43","slug":"epr-04s-96","status":"publish","type":"product","link":"https:\/\/integralelektronik.com\/tr\/product\/epr-04s-96\/","title":{"rendered":"EPR-04S-96"},"content":{"rendered":"<p>TEKN\u0130K \u00d6ZELL\u0130KLER<br \/>\n\u00d6l\u00e7\u00fcler:\u00a096 \u00d7 96<br \/>\nCOS\u03c6: +\u00a0<br \/>\nW Aktif G\u00fc\u00e7: +\u00a0<br \/>\nVAr Reactive Power : +\u00a0<br \/>\nVA G\u00f6r\u00fcnen G\u00fc\u00e7: +\u00a0<br \/>\n\u03a3W, \u03a3VAr, \u03a3VA: +\u00a0<br \/>\nAktif \/ Reaktif Enerji: +\u00a0<br \/>\n\u0130kili Enerji \u00d6l\u00e7\u00fcm\u00fc: +\u00a0<br \/>\nTalep: +\u00a0<br \/>\nDijital Giri\u015f: +\u00a0<br \/>\nEnerji Pals \u00c7\u0131k\u0131\u015f\u0131: +\u00a0<br \/>\nRS-485 \u0130leti\u015fimi: +\u00a0<br \/>\nMID Uyumlulu\u011fu: &#8211;\u00a0<br \/>\n&#8230; \/ 5A: +\u00a0<br \/>\nCT-25 (120A): O\u00a0<br \/>\nCT-80D Uyumlulu\u011fu: &#8211;<br \/>\nAdet \/ Koli:\u00a012<\/p>\n","protected":false},"excerpt":{"rendered":"<h2><span>EPR Serisi G\u00fc\u00e7 ve Enerji \u00d6l\u00e7erler<\/span><\/h2>\n<h3 class=\"pdp-product-info__description\"><span>EPR Serisi G\u00fc\u00e7 ve Enerji \u00d6l\u00e7erler<\/span><\/h3>\n","protected":false},"featured_media":7961,"comment_status":"open","ping_status":"closed","template":"","meta":[],"product_brand":[],"product_cat":[517,518],"product_tag":[],"class_list":{"0":"post-8017","1":"product","2":"type-product","3":"status-publish","4":"has-post-thumbnail","6":"product_cat-entes-elektronik-tr","7":"product_cat-guc-kalitesi-ve-enerji","9":"first","10":"instock","11":"shipping-taxable","12":"product-type-simple"},"yoast_head":"<!-- This site is optimized with the Yoast SEO plugin v24.3 - https:\/\/yoast.com\/wordpress\/plugins\/seo\/ -->\n<title>EPR-04S-96 - \u0130ntegral Elektronik<\/title>\n<meta name=\"robots\" content=\"index, follow, max-snippet:-1, max-image-preview:large, max-video-preview:-1\" \/>\n<link rel=\"canonical\" href=\"https:\/\/integralelektronik.com\/tr\/product\/epr-04s-96\/\" \/>\n<meta property=\"og:locale\" content=\"tr_TR\" \/>\n<meta property=\"og:type\" content=\"article\" \/>\n<meta property=\"og:title\" content=\"EPR-04S-96 - \u0130ntegral Elektronik\" \/>\n<meta property=\"og:description\" content=\"EPR Serisi G\u00fc\u00e7 ve Enerji \u00d6l\u00e7erler EPR Serisi G\u00fc\u00e7 ve Enerji \u00d6l\u00e7erler\" \/>\n<meta property=\"og:url\" content=\"https:\/\/integralelektronik.com\/tr\/product\/epr-04s-96\/\" \/>\n<meta property=\"og:site_name\" content=\"\u0130ntegral Elektronik\" \/>\n<meta property=\"article:modified_time\" content=\"2020-12-05T21:25:43+00:00\" \/>\n<meta property=\"og:image\" content=\"https:\/\/integralelektronik.com\/wp-content\/uploads\/2020\/12\/EPM_07_96.jpg\" \/>\n\t<meta property=\"og:image:width\" content=\"395\" \/>\n\t<meta property=\"og:image:height\" content=\"417\" \/>\n\t<meta property=\"og:image:type\" content=\"image\/jpeg\" \/>\n<meta name=\"twitter:card\" content=\"summary_large_image\" \/>\n<script type=\"application\/ld+json\" class=\"yoast-schema-graph\">{\"@context\":\"https:\/\/schema.org\",\"@graph\":[{\"@type\":\"WebPage\",\"@id\":\"https:\/\/integralelektronik.com\/tr\/product\/epr-04s-96\/\",\"url\":\"https:\/\/integralelektronik.com\/tr\/product\/epr-04s-96\/\",\"name\":\"EPR-04S-96 - \u0130ntegral Elektronik\",\"isPartOf\":{\"@id\":\"https:\/\/integralelektronik.com\/#website\"},\"primaryImageOfPage\":{\"@id\":\"https:\/\/integralelektronik.com\/tr\/product\/epr-04s-96\/#primaryimage\"},\"image\":{\"@id\":\"https:\/\/integralelektronik.com\/tr\/product\/epr-04s-96\/#primaryimage\"},\"thumbnailUrl\":\"https:\/\/integralelektronik.com\/wp-content\/uploads\/2020\/12\/EPM_07_96.jpg\",\"datePublished\":\"2020-12-05T20:29:36+00:00\",\"dateModified\":\"2020-12-05T21:25:43+00:00\",\"breadcrumb\":{\"@id\":\"https:\/\/integralelektronik.com\/tr\/product\/epr-04s-96\/#breadcrumb\"},\"inLanguage\":\"tr\",\"potentialAction\":[{\"@type\":\"ReadAction\",\"target\":[\"https:\/\/integralelektronik.com\/tr\/product\/epr-04s-96\/\"]}]},{\"@type\":\"ImageObject\",\"inLanguage\":\"tr\",\"@id\":\"https:\/\/integralelektronik.com\/tr\/product\/epr-04s-96\/#primaryimage\",\"url\":\"https:\/\/integralelektronik.com\/wp-content\/uploads\/2020\/12\/EPM_07_96.jpg\",\"contentUrl\":\"https:\/\/integralelektronik.com\/wp-content\/uploads\/2020\/12\/EPM_07_96.jpg\",\"width\":395,\"height\":417},{\"@type\":\"BreadcrumbList\",\"@id\":\"https:\/\/integralelektronik.com\/tr\/product\/epr-04s-96\/#breadcrumb\",\"itemListElement\":[{\"@type\":\"ListItem\",\"position\":1,\"name\":\"Home\",\"item\":\"https:\/\/integralelektronik.com\/tr\/\"},{\"@type\":\"ListItem\",\"position\":2,\"name\":\"Shop\",\"item\":\"https:\/\/integralelektronik.com\/shop\/\"},{\"@type\":\"ListItem\",\"position\":3,\"name\":\"EPR-04S-96\"}]},{\"@type\":\"WebSite\",\"@id\":\"https:\/\/integralelektronik.com\/#website\",\"url\":\"https:\/\/integralelektronik.com\/\",\"name\":\"\u0130ntegral Elektronik\",\"description\":\"\",\"publisher\":{\"@id\":\"https:\/\/integralelektronik.com\/#organization\"},\"potentialAction\":[{\"@type\":\"SearchAction\",\"target\":{\"@type\":\"EntryPoint\",\"urlTemplate\":\"https:\/\/integralelektronik.com\/?s={search_term_string}\"},\"query-input\":{\"@type\":\"PropertyValueSpecification\",\"valueRequired\":true,\"valueName\":\"search_term_string\"}}],\"inLanguage\":\"tr\"},{\"@type\":\"Organization\",\"@id\":\"https:\/\/integralelektronik.com\/#organization\",\"name\":\"\u0130ntegral Elektronik\",\"url\":\"https:\/\/integralelektronik.com\/\",\"logo\":{\"@type\":\"ImageObject\",\"inLanguage\":\"tr\",\"@id\":\"https:\/\/integralelektronik.com\/#\/schema\/logo\/image\/\",\"url\":\"https:\/\/integralelektronik.com\/wp-content\/uploads\/2020\/10\/logo.png\",\"contentUrl\":\"https:\/\/integralelektronik.com\/wp-content\/uploads\/2020\/10\/logo.png\",\"width\":180,\"height\":90,\"caption\":\"\u0130ntegral Elektronik\"},\"image\":{\"@id\":\"https:\/\/integralelektronik.com\/#\/schema\/logo\/image\/\"}}]}<\/script>\n<!-- \/ Yoast SEO plugin. -->","yoast_head_json":{"title":"EPR-04S-96 - \u0130ntegral Elektronik","robots":{"index":"index","follow":"follow","max-snippet":"max-snippet:-1","max-image-preview":"max-image-preview:large","max-video-preview":"max-video-preview:-1"},"canonical":"https:\/\/integralelektronik.com\/tr\/product\/epr-04s-96\/","og_locale":"tr_TR","og_type":"article","og_title":"EPR-04S-96 - \u0130ntegral Elektronik","og_description":"EPR Serisi G\u00fc\u00e7 ve Enerji \u00d6l\u00e7erler EPR Serisi G\u00fc\u00e7 ve Enerji \u00d6l\u00e7erler","og_url":"https:\/\/integralelektronik.com\/tr\/product\/epr-04s-96\/","og_site_name":"\u0130ntegral Elektronik","article_modified_time":"2020-12-05T21:25:43+00:00","og_image":[{"width":395,"height":417,"url":"https:\/\/integralelektronik.com\/wp-content\/uploads\/2020\/12\/EPM_07_96.jpg","type":"image\/jpeg"}],"twitter_card":"summary_large_image","schema":{"@context":"https:\/\/schema.org","@graph":[{"@type":"WebPage","@id":"https:\/\/integralelektronik.com\/tr\/product\/epr-04s-96\/","url":"https:\/\/integralelektronik.com\/tr\/product\/epr-04s-96\/","name":"EPR-04S-96 - \u0130ntegral Elektronik","isPartOf":{"@id":"https:\/\/integralelektronik.com\/#website"},"primaryImageOfPage":{"@id":"https:\/\/integralelektronik.com\/tr\/product\/epr-04s-96\/#primaryimage"},"image":{"@id":"https:\/\/integralelektronik.com\/tr\/product\/epr-04s-96\/#primaryimage"},"thumbnailUrl":"https:\/\/integralelektronik.com\/wp-content\/uploads\/2020\/12\/EPM_07_96.jpg","datePublished":"2020-12-05T20:29:36+00:00","dateModified":"2020-12-05T21:25:43+00:00","breadcrumb":{"@id":"https:\/\/integralelektronik.com\/tr\/product\/epr-04s-96\/#breadcrumb"},"inLanguage":"tr","potentialAction":[{"@type":"ReadAction","target":["https:\/\/integralelektronik.com\/tr\/product\/epr-04s-96\/"]}]},{"@type":"ImageObject","inLanguage":"tr","@id":"https:\/\/integralelektronik.com\/tr\/product\/epr-04s-96\/#primaryimage","url":"https:\/\/integralelektronik.com\/wp-content\/uploads\/2020\/12\/EPM_07_96.jpg","contentUrl":"https:\/\/integralelektronik.com\/wp-content\/uploads\/2020\/12\/EPM_07_96.jpg","width":395,"height":417},{"@type":"BreadcrumbList","@id":"https:\/\/integralelektronik.com\/tr\/product\/epr-04s-96\/#breadcrumb","itemListElement":[{"@type":"ListItem","position":1,"name":"Home","item":"https:\/\/integralelektronik.com\/tr\/"},{"@type":"ListItem","position":2,"name":"Shop","item":"https:\/\/integralelektronik.com\/shop\/"},{"@type":"ListItem","position":3,"name":"EPR-04S-96"}]},{"@type":"WebSite","@id":"https:\/\/integralelektronik.com\/#website","url":"https:\/\/integralelektronik.com\/","name":"\u0130ntegral Elektronik","description":"","publisher":{"@id":"https:\/\/integralelektronik.com\/#organization"},"potentialAction":[{"@type":"SearchAction","target":{"@type":"EntryPoint","urlTemplate":"https:\/\/integralelektronik.com\/?s={search_term_string}"},"query-input":{"@type":"PropertyValueSpecification","valueRequired":true,"valueName":"search_term_string"}}],"inLanguage":"tr"},{"@type":"Organization","@id":"https:\/\/integralelektronik.com\/#organization","name":"\u0130ntegral Elektronik","url":"https:\/\/integralelektronik.com\/","logo":{"@type":"ImageObject","inLanguage":"tr","@id":"https:\/\/integralelektronik.com\/#\/schema\/logo\/image\/","url":"https:\/\/integralelektronik.com\/wp-content\/uploads\/2020\/10\/logo.png","contentUrl":"https:\/\/integralelektronik.com\/wp-content\/uploads\/2020\/10\/logo.png","width":180,"height":90,"caption":"\u0130ntegral Elektronik"},"image":{"@id":"https:\/\/integralelektronik.com\/#\/schema\/logo\/image\/"}}]}},"_links":{"self":[{"href":"https:\/\/integralelektronik.com\/tr\/wp-json\/wp\/v2\/product\/8017"}],"collection":[{"href":"https:\/\/integralelektronik.com\/tr\/wp-json\/wp\/v2\/product"}],"about":[{"href":"https:\/\/integralelektronik.com\/tr\/wp-json\/wp\/v2\/types\/product"}],"replies":[{"embeddable":true,"href":"https:\/\/integralelektronik.com\/tr\/wp-json\/wp\/v2\/comments?post=8017"}],"wp:featuredmedia":[{"embeddable":true,"href":"https:\/\/integralelektronik.com\/tr\/wp-json\/wp\/v2\/media\/7961"}],"wp:attachment":[{"href":"https:\/\/integralelektronik.com\/tr\/wp-json\/wp\/v2\/media?parent=8017"}],"wp:term":[{"taxonomy":"product_brand","embeddable":true,"href":"https:\/\/integralelektronik.com\/tr\/wp-json\/wp\/v2\/product_brand?post=8017"},{"taxonomy":"product_cat","embeddable":true,"href":"https:\/\/integralelektronik.com\/tr\/wp-json\/wp\/v2\/product_cat?post=8017"},{"taxonomy":"product_tag","embeddable":true,"href":"https:\/\/integralelektronik.com\/tr\/wp-json\/wp\/v2\/product_tag?post=8017"}],"curies":[{"name":"wp","href":"https:\/\/api.w.org\/{rel}","templated":true}]}}