{"id":7913,"date":"2020-12-05T22:57:16","date_gmt":"2020-12-05T19:57:16","guid":{"rendered":"https:\/\/integralelektronik.com\/?post_type=product&#038;p=7913"},"modified":"2020-12-05T22:57:16","modified_gmt":"2020-12-05T19:57:16","slug":"trans-key","status":"publish","type":"product","link":"https:\/\/integralelektronik.com\/tr\/product\/trans-key\/","title":{"rendered":"Trans-KEY"},"content":{"rendered":"<table>\n<tbody>\n<tr>\n<td><b>\u00d6zellikleri<\/b><\/td>\n<td><b>A\u00e7\u0131klamalar<\/b><\/td>\n<\/tr>\n<tr>\n<td><b>LCD Dilleri<\/b><\/td>\n<td><\/td>\n<\/tr>\n<tr>\n<td><b>Giri\u015fler<\/b><\/td>\n<td>2x Yap\u0131land\u0131r\u0131labilir dijital, 2x Ya\u011f bas\u0131nc\u0131 ve S\u0131cakl\u0131k<\/td>\n<\/tr>\n<tr>\n<td><b>\u00e7\u0131kt\u0131lar<\/b><\/td>\n<td>Yap\u0131land\u0131r\u0131labilir 2x R\u00f6le, 2x Ba\u015flatma ve yak\u0131t \u00e7\u0131k\u0131\u015flar\u0131<\/td>\n<\/tr>\n<tr>\n<td><b>Mevcut \u00f6l\u00e7\u00fcm<\/b><\/td>\n<td><\/td>\n<\/tr>\n<tr>\n<td><b>Gerilim \u00d6l\u00e7\u00fcm\u00fc<\/b><\/td>\n<td><\/td>\n<\/tr>\n<tr>\n<td colspan=\"2\"><b>Durum<\/b><\/td>\n<\/tr>\n<tr>\n<td><b>Boyutlar<\/b><\/td>\n<td>72 mm x 72 mm x 52 mm<\/td>\n<\/tr>\n<tr>\n<td><b>Koruma S\u0131n\u0131f\u0131<\/b><\/td>\n<td>\u00d6n tarafta NEMA 4X IP65<\/td>\n<\/tr>\n<tr>\n<td colspan=\"2\"><b>\u00c7al\u0131\u015fma Aral\u0131\u011f\u0131<\/b><\/td>\n<\/tr>\n<tr>\n<td><b>DC Batarya Besleme aral\u0131\u011f\u0131<\/b><\/td>\n<td>8 \u2013 32Vdc, maksimum \u00e7al\u0131\u015fma ak\u0131m\u0131 360mA<\/td>\n<\/tr>\n<tr>\n<td><b>G\u00f6nderen \u00d6l\u00e7\u00fcm\u00fc<\/b><\/td>\n<td><\/td>\n<\/tr>\n<tr>\n<td><b>Kabin S\u0131cakl\u0131k \u00d6l\u00e7\u00fcm\u00fc<\/b><\/td>\n<td><\/td>\n<\/tr>\n<tr>\n<td><b>\u00c7al\u0131\u015fma \/ Depolama S\u0131cakl\u0131\u011f\u0131<\/b><\/td>\n<td>-20 \u00b0 C ile + 70 \u00b0 C \/ -40 \u00b0 C ile + 80 \u00b0 C<\/td>\n<\/tr>\n<tr>\n<td colspan=\"2\"><b>Geni\u015fletmeler<\/b><\/td>\n<\/tr>\n<tr>\n<td><b>\u0130\u00e7<\/b><\/td>\n<td>RS-232 seri ileti\u015fim yoluyla parametre yap\u0131land\u0131rmas\u0131<\/td>\n<\/tr>\n<tr>\n<td><b>GPRS<\/b><\/td>\n<td><\/td>\n<\/tr>\n<tr>\n<td><b>G\u00f6m\u00fcl\u00fc WEB sunucusu<\/b><\/td>\n<td><\/td>\n<\/tr>\n<tr>\n<td><b>Seri ModBus<\/b><\/td>\n<td><\/td>\n<\/tr>\n<tr>\n<td><b>Onaylar<\/b><\/td>\n<td>CE, GOST-R<\/td>\n<\/tr>\n<\/tbody>\n<\/table>\n","protected":false},"excerpt":{"rendered":"<h2 class=\"pdp-product-info__description\"><span class=\"txt b\">Anahtar Anahtarl\u0131 Manuel ve Uzak Ba\u015flatma \u00dcnitesi<\/span><\/h2>\n<h3 class=\"pdp-product-info__description\">Motor \u00e7al\u0131\u015ft\u0131rma ve durdurma Ar\u0131za durumunda otomatik kapanma Alarm ve durum bilgisi sa\u011flar Alarm ve kapatma giri\u015fleri \u015earj alternat\u00f6r\u00fc uyart\u0131m ak\u0131m\u0131 sa\u011flar Lamba test fonksiyonu<\/h3>\n","protected":false},"featured_media":7903,"comment_status":"open","ping_status":"closed","template":"","meta":[],"product_brand":[],"product_cat":[506,508],"product_tag":[],"class_list":{"0":"post-7913","1":"product","2":"type-product","3":"status-publish","4":"has-post-thumbnail","6":"product_cat-emko-elektronik-tr","7":"product_cat-jenerator-kontrol-cihazlari","9":"first","10":"instock","11":"shipping-taxable","12":"product-type-simple"},"yoast_head":"<!-- This site is optimized with the Yoast SEO plugin v24.3 - https:\/\/yoast.com\/wordpress\/plugins\/seo\/ -->\n<title>Trans-KEY - \u0130ntegral Elektronik<\/title>\n<meta name=\"robots\" content=\"index, follow, max-snippet:-1, max-image-preview:large, max-video-preview:-1\" \/>\n<link rel=\"canonical\" href=\"https:\/\/integralelektronik.com\/tr\/product\/trans-key\/\" \/>\n<meta property=\"og:locale\" content=\"tr_TR\" \/>\n<meta property=\"og:type\" content=\"article\" \/>\n<meta property=\"og:title\" content=\"Trans-KEY - \u0130ntegral Elektronik\" \/>\n<meta property=\"og:description\" content=\"Anahtar Anahtarl\u0131 Manuel ve Uzak Ba\u015flatma \u00dcnitesi Motor \u00e7al\u0131\u015ft\u0131rma ve durdurma Ar\u0131za durumunda otomatik kapanma Alarm ve durum bilgisi sa\u011flar Alarm ve kapatma giri\u015fleri \u015earj alternat\u00f6r\u00fc uyart\u0131m ak\u0131m\u0131 sa\u011flar Lamba test fonksiyonu\" \/>\n<meta property=\"og:url\" content=\"https:\/\/integralelektronik.com\/tr\/product\/trans-key\/\" \/>\n<meta property=\"og:site_name\" content=\"\u0130ntegral Elektronik\" \/>\n<meta property=\"og:image\" content=\"https:\/\/integralelektronik.com\/wp-content\/uploads\/2020\/12\/Trans-KEY.jpg\" \/>\n\t<meta property=\"og:image:width\" content=\"1280\" \/>\n\t<meta property=\"og:image:height\" content=\"720\" \/>\n\t<meta property=\"og:image:type\" content=\"image\/jpeg\" \/>\n<meta name=\"twitter:card\" content=\"summary_large_image\" \/>\n<meta name=\"twitter:label1\" content=\"Tahmini okuma s\u00fcresi\" \/>\n\t<meta name=\"twitter:data1\" content=\"1 dakika\" \/>\n<script type=\"application\/ld+json\" class=\"yoast-schema-graph\">{\"@context\":\"https:\/\/schema.org\",\"@graph\":[{\"@type\":\"WebPage\",\"@id\":\"https:\/\/integralelektronik.com\/tr\/product\/trans-key\/\",\"url\":\"https:\/\/integralelektronik.com\/tr\/product\/trans-key\/\",\"name\":\"Trans-KEY - \u0130ntegral Elektronik\",\"isPartOf\":{\"@id\":\"https:\/\/integralelektronik.com\/#website\"},\"primaryImageOfPage\":{\"@id\":\"https:\/\/integralelektronik.com\/tr\/product\/trans-key\/#primaryimage\"},\"image\":{\"@id\":\"https:\/\/integralelektronik.com\/tr\/product\/trans-key\/#primaryimage\"},\"thumbnailUrl\":\"https:\/\/integralelektronik.com\/wp-content\/uploads\/2020\/12\/Trans-KEY.jpg\",\"datePublished\":\"2020-12-05T19:57:16+00:00\",\"dateModified\":\"2020-12-05T19:57:16+00:00\",\"breadcrumb\":{\"@id\":\"https:\/\/integralelektronik.com\/tr\/product\/trans-key\/#breadcrumb\"},\"inLanguage\":\"tr\",\"potentialAction\":[{\"@type\":\"ReadAction\",\"target\":[\"https:\/\/integralelektronik.com\/tr\/product\/trans-key\/\"]}]},{\"@type\":\"ImageObject\",\"inLanguage\":\"tr\",\"@id\":\"https:\/\/integralelektronik.com\/tr\/product\/trans-key\/#primaryimage\",\"url\":\"https:\/\/integralelektronik.com\/wp-content\/uploads\/2020\/12\/Trans-KEY.jpg\",\"contentUrl\":\"https:\/\/integralelektronik.com\/wp-content\/uploads\/2020\/12\/Trans-KEY.jpg\",\"width\":1280,\"height\":720},{\"@type\":\"BreadcrumbList\",\"@id\":\"https:\/\/integralelektronik.com\/tr\/product\/trans-key\/#breadcrumb\",\"itemListElement\":[{\"@type\":\"ListItem\",\"position\":1,\"name\":\"Home\",\"item\":\"https:\/\/integralelektronik.com\/tr\/\"},{\"@type\":\"ListItem\",\"position\":2,\"name\":\"Shop\",\"item\":\"https:\/\/integralelektronik.com\/shop\/\"},{\"@type\":\"ListItem\",\"position\":3,\"name\":\"Trans-KEY\"}]},{\"@type\":\"WebSite\",\"@id\":\"https:\/\/integralelektronik.com\/#website\",\"url\":\"https:\/\/integralelektronik.com\/\",\"name\":\"\u0130ntegral Elektronik\",\"description\":\"\",\"publisher\":{\"@id\":\"https:\/\/integralelektronik.com\/#organization\"},\"potentialAction\":[{\"@type\":\"SearchAction\",\"target\":{\"@type\":\"EntryPoint\",\"urlTemplate\":\"https:\/\/integralelektronik.com\/?s={search_term_string}\"},\"query-input\":{\"@type\":\"PropertyValueSpecification\",\"valueRequired\":true,\"valueName\":\"search_term_string\"}}],\"inLanguage\":\"tr\"},{\"@type\":\"Organization\",\"@id\":\"https:\/\/integralelektronik.com\/#organization\",\"name\":\"\u0130ntegral Elektronik\",\"url\":\"https:\/\/integralelektronik.com\/\",\"logo\":{\"@type\":\"ImageObject\",\"inLanguage\":\"tr\",\"@id\":\"https:\/\/integralelektronik.com\/#\/schema\/logo\/image\/\",\"url\":\"https:\/\/integralelektronik.com\/wp-content\/uploads\/2020\/10\/logo.png\",\"contentUrl\":\"https:\/\/integralelektronik.com\/wp-content\/uploads\/2020\/10\/logo.png\",\"width\":180,\"height\":90,\"caption\":\"\u0130ntegral Elektronik\"},\"image\":{\"@id\":\"https:\/\/integralelektronik.com\/#\/schema\/logo\/image\/\"}}]}<\/script>\n<!-- \/ Yoast SEO plugin. -->","yoast_head_json":{"title":"Trans-KEY - \u0130ntegral Elektronik","robots":{"index":"index","follow":"follow","max-snippet":"max-snippet:-1","max-image-preview":"max-image-preview:large","max-video-preview":"max-video-preview:-1"},"canonical":"https:\/\/integralelektronik.com\/tr\/product\/trans-key\/","og_locale":"tr_TR","og_type":"article","og_title":"Trans-KEY - \u0130ntegral Elektronik","og_description":"Anahtar Anahtarl\u0131 Manuel ve Uzak Ba\u015flatma \u00dcnitesi Motor \u00e7al\u0131\u015ft\u0131rma ve durdurma Ar\u0131za durumunda otomatik kapanma Alarm ve durum bilgisi sa\u011flar Alarm ve kapatma giri\u015fleri \u015earj alternat\u00f6r\u00fc uyart\u0131m ak\u0131m\u0131 sa\u011flar Lamba test fonksiyonu","og_url":"https:\/\/integralelektronik.com\/tr\/product\/trans-key\/","og_site_name":"\u0130ntegral Elektronik","og_image":[{"width":1280,"height":720,"url":"https:\/\/integralelektronik.com\/wp-content\/uploads\/2020\/12\/Trans-KEY.jpg","type":"image\/jpeg"}],"twitter_card":"summary_large_image","twitter_misc":{"Tahmini okuma s\u00fcresi":"1 dakika"},"schema":{"@context":"https:\/\/schema.org","@graph":[{"@type":"WebPage","@id":"https:\/\/integralelektronik.com\/tr\/product\/trans-key\/","url":"https:\/\/integralelektronik.com\/tr\/product\/trans-key\/","name":"Trans-KEY - \u0130ntegral Elektronik","isPartOf":{"@id":"https:\/\/integralelektronik.com\/#website"},"primaryImageOfPage":{"@id":"https:\/\/integralelektronik.com\/tr\/product\/trans-key\/#primaryimage"},"image":{"@id":"https:\/\/integralelektronik.com\/tr\/product\/trans-key\/#primaryimage"},"thumbnailUrl":"https:\/\/integralelektronik.com\/wp-content\/uploads\/2020\/12\/Trans-KEY.jpg","datePublished":"2020-12-05T19:57:16+00:00","dateModified":"2020-12-05T19:57:16+00:00","breadcrumb":{"@id":"https:\/\/integralelektronik.com\/tr\/product\/trans-key\/#breadcrumb"},"inLanguage":"tr","potentialAction":[{"@type":"ReadAction","target":["https:\/\/integralelektronik.com\/tr\/product\/trans-key\/"]}]},{"@type":"ImageObject","inLanguage":"tr","@id":"https:\/\/integralelektronik.com\/tr\/product\/trans-key\/#primaryimage","url":"https:\/\/integralelektronik.com\/wp-content\/uploads\/2020\/12\/Trans-KEY.jpg","contentUrl":"https:\/\/integralelektronik.com\/wp-content\/uploads\/2020\/12\/Trans-KEY.jpg","width":1280,"height":720},{"@type":"BreadcrumbList","@id":"https:\/\/integralelektronik.com\/tr\/product\/trans-key\/#breadcrumb","itemListElement":[{"@type":"ListItem","position":1,"name":"Home","item":"https:\/\/integralelektronik.com\/tr\/"},{"@type":"ListItem","position":2,"name":"Shop","item":"https:\/\/integralelektronik.com\/shop\/"},{"@type":"ListItem","position":3,"name":"Trans-KEY"}]},{"@type":"WebSite","@id":"https:\/\/integralelektronik.com\/#website","url":"https:\/\/integralelektronik.com\/","name":"\u0130ntegral Elektronik","description":"","publisher":{"@id":"https:\/\/integralelektronik.com\/#organization"},"potentialAction":[{"@type":"SearchAction","target":{"@type":"EntryPoint","urlTemplate":"https:\/\/integralelektronik.com\/?s={search_term_string}"},"query-input":{"@type":"PropertyValueSpecification","valueRequired":true,"valueName":"search_term_string"}}],"inLanguage":"tr"},{"@type":"Organization","@id":"https:\/\/integralelektronik.com\/#organization","name":"\u0130ntegral Elektronik","url":"https:\/\/integralelektronik.com\/","logo":{"@type":"ImageObject","inLanguage":"tr","@id":"https:\/\/integralelektronik.com\/#\/schema\/logo\/image\/","url":"https:\/\/integralelektronik.com\/wp-content\/uploads\/2020\/10\/logo.png","contentUrl":"https:\/\/integralelektronik.com\/wp-content\/uploads\/2020\/10\/logo.png","width":180,"height":90,"caption":"\u0130ntegral Elektronik"},"image":{"@id":"https:\/\/integralelektronik.com\/#\/schema\/logo\/image\/"}}]}},"_links":{"self":[{"href":"https:\/\/integralelektronik.com\/tr\/wp-json\/wp\/v2\/product\/7913"}],"collection":[{"href":"https:\/\/integralelektronik.com\/tr\/wp-json\/wp\/v2\/product"}],"about":[{"href":"https:\/\/integralelektronik.com\/tr\/wp-json\/wp\/v2\/types\/product"}],"replies":[{"embeddable":true,"href":"https:\/\/integralelektronik.com\/tr\/wp-json\/wp\/v2\/comments?post=7913"}],"wp:featuredmedia":[{"embeddable":true,"href":"https:\/\/integralelektronik.com\/tr\/wp-json\/wp\/v2\/media\/7903"}],"wp:attachment":[{"href":"https:\/\/integralelektronik.com\/tr\/wp-json\/wp\/v2\/media?parent=7913"}],"wp:term":[{"taxonomy":"product_brand","embeddable":true,"href":"https:\/\/integralelektronik.com\/tr\/wp-json\/wp\/v2\/product_brand?post=7913"},{"taxonomy":"product_cat","embeddable":true,"href":"https:\/\/integralelektronik.com\/tr\/wp-json\/wp\/v2\/product_cat?post=7913"},{"taxonomy":"product_tag","embeddable":true,"href":"https:\/\/integralelektronik.com\/tr\/wp-json\/wp\/v2\/product_tag?post=7913"}],"curies":[{"name":"wp","href":"https:\/\/api.w.org\/{rel}","templated":true}]}}