{"id":7857,"date":"2020-12-05T20:46:52","date_gmt":"2020-12-05T17:46:52","guid":{"rendered":"https:\/\/integralelektronik.com\/?post_type=product&#038;p=7857"},"modified":"2020-12-05T20:46:52","modified_gmt":"2020-12-05T17:46:52","slug":"trans-mains","status":"publish","type":"product","link":"https:\/\/integralelektronik.com\/tr\/product\/trans-mains\/","title":{"rendered":"TRANS MAINS"},"content":{"rendered":"<p>Bara gerilimleri ve frekans \u00f6l\u00e7\u00fcmleri<br \/>\nVeriyolu ar\u0131zas\u0131 tespiti<br \/>\n\u015eebekeye<br \/>\ng\u00fc\u00e7\u00a0aktar\u0131m\u0131 (\u015febeke veya jenerat\u00f6r)<br \/>\nROCOF ve vekt\u00f6r kayd\u0131rma y\u00f6ntemleriyle\u00a0\u015febeke ay\u0131rma\u00a0korumas\u0131<br \/>\nPLC i\u00e7in Mant\u0131k Denetleyici i\u015flevselli\u011fi<\/p>\n<table>\n<tbody>\n<tr>\n<td><b>\u00d6zellikleri<\/b><\/td>\n<td><b>A\u00e7\u0131klamalar<\/b><\/td>\n<\/tr>\n<tr>\n<td><b>LCD Dilleri<\/b><\/td>\n<td>\u0130ngilizce, t\u00fcrk\u00e7e<\/td>\n<\/tr>\n<tr>\n<td><b>Giri\u015fler<\/b><\/td>\n<td>13x Yap\u0131land\u0131r\u0131labilir dijital<\/td>\n<\/tr>\n<tr>\n<td><b>\u00e7\u0131kt\u0131lar<\/b><\/td>\n<td>Yap\u0131land\u0131r\u0131labilir 9x Transist\u00f6rler, GBR \u00e7\u0131k\u0131\u015flar\u0131<\/td>\n<\/tr>\n<tr>\n<td><b>Mevcut \u00f6l\u00e7\u00fcm<\/b><\/td>\n<td>3 fazl\u0131 \u015febeke, 3 fazl\u0131 jenerat\u00f6r<br \/>\n3-300 Vac Faz-N\u00f6tr, 5-99,9 Hz.\u00a0Do\u011fruluk: \u00f6l\u00e7ek% 1 \u00c7\u00f6z\u00fcn\u00fcrl\u00fck: 1V, Harmonik: 11 harmoni\u011fe kadar<\/td>\n<\/tr>\n<tr>\n<td><b>Gerilim \u00d6l\u00e7\u00fcm\u00fc<\/b><\/td>\n<td>3 fazl\u0131 \u015febeke, 3 fazl\u0131 bara<br \/>\n3-300 Vac Faz-N\u00f6tr, 5-99,9 Hz.\u00a0Do\u011fruluk: \u00f6l\u00e7ek% 1 \u00c7\u00f6z\u00fcn\u00fcrl\u00fck: 1V, Harmonik: 11 harmoni\u011fe kadar<\/td>\n<\/tr>\n<tr>\n<td colspan=\"2\"><b>Durum<\/b><\/td>\n<\/tr>\n<tr>\n<td><b>Boyutlar<\/b><\/td>\n<td>276 mm x 189 mm x 45 mm.<\/td>\n<\/tr>\n<tr>\n<td><b>Koruma S\u0131n\u0131f\u0131<\/b><\/td>\n<td>\u00d6n tarafta IP65<\/td>\n<\/tr>\n<tr>\n<td colspan=\"2\"><b>\u00c7al\u0131\u015fma Aral\u0131\u011f\u0131<\/b><\/td>\n<\/tr>\n<tr>\n<td><b>DC Batarya Besleme aral\u0131\u011f\u0131<\/b><\/td>\n<td>8 \u2013 32Vdc, maks. \u00c7al\u0131\u015fma ak\u0131m\u0131 860mA<\/td>\n<\/tr>\n<tr>\n<td><b>G\u00f6nderen \u00d6l\u00e7\u00fcm\u00fc<\/b><\/td>\n<td>0 ila 1300 ohm, do\u011fruluk:% 1 FS, \u00e7\u00f6z\u00fcn\u00fcrl\u00fck: 1 ohm<\/td>\n<\/tr>\n<tr>\n<td><b>Kabin S\u0131cakl\u0131k \u00d6l\u00e7\u00fcm\u00fc<\/b><\/td>\n<td><\/td>\n<\/tr>\n<tr>\n<td><b>\u00c7al\u0131\u015fma \/ Depolama S\u0131cakl\u0131\u011f\u0131<\/b><\/td>\n<td>-20 \u00b0 C ile + 70 \u00b0 C \/ -40 \u00b0 C ile + 80 \u00b0 C<\/td>\n<\/tr>\n<tr>\n<td colspan=\"2\"><b>Geni\u015fletmeler<\/b><\/td>\n<\/tr>\n<tr>\n<td><b>\u0130\u00e7<\/b><\/td>\n<td>USB programlama ve ileti\u015fim portu,<br \/>\nCanOpen \u00e7oklu ileti\u015fim, Ethernet, RS485<\/td>\n<\/tr>\n<tr>\n<td><b>GPRS<\/b><\/td>\n<td>\u0130ste\u011fe ba\u011fl\u0131<\/td>\n<\/tr>\n<tr>\n<td><b>G\u00f6m\u00fcl\u00fc WEB sunucusu<\/b><\/td>\n<td>\u0130ste\u011fe ba\u011fl\u0131<\/td>\n<\/tr>\n<tr>\n<td><b>Seri ModBus<\/b><\/td>\n<td><\/td>\n<\/tr>\n<tr>\n<td><b>Onaylar<\/b><\/td>\n<td>CE, GOST-R<\/td>\n<\/tr>\n<\/tbody>\n<\/table>\n","protected":false},"excerpt":{"rendered":"<h2 class=\"pdp-product-info__description\"><span class=\"txt b\">\u015eebeke ile Otomatik Transfer ve Y\u00fck Payla\u015f\u0131m\u0131 \u00dcnitesi<\/span><\/h2>\n<h3 class=\"pdp-product-info__description\">Jenerat\u00f6r ile y\u00fck payla\u015f\u0131m\u0131 (32 jenerat\u00f6re kadar)<\/h3>\n","protected":false},"featured_media":7853,"comment_status":"open","ping_status":"closed","template":"","meta":[],"product_brand":[],"product_cat":[506,514],"product_tag":[],"class_list":{"0":"post-7857","1":"product","2":"type-product","3":"status-publish","4":"has-post-thumbnail","6":"product_cat-emko-elektronik-tr","7":"product_cat-senkronizasyon-ve-yuk-paylasim-paneli","9":"first","10":"instock","11":"shipping-taxable","12":"product-type-simple"},"yoast_head":"<!-- This site is optimized with the Yoast SEO plugin v24.3 - https:\/\/yoast.com\/wordpress\/plugins\/seo\/ -->\n<title>TRANS MAINS - \u0130ntegral Elektronik<\/title>\n<meta name=\"robots\" content=\"index, follow, max-snippet:-1, max-image-preview:large, max-video-preview:-1\" \/>\n<link rel=\"canonical\" href=\"https:\/\/integralelektronik.com\/tr\/product\/trans-mains\/\" \/>\n<meta property=\"og:locale\" content=\"tr_TR\" \/>\n<meta property=\"og:type\" content=\"article\" \/>\n<meta property=\"og:title\" content=\"TRANS MAINS - \u0130ntegral Elektronik\" \/>\n<meta property=\"og:description\" content=\"\u015eebeke ile Otomatik Transfer ve Y\u00fck Payla\u015f\u0131m\u0131 \u00dcnitesi Jenerat\u00f6r ile y\u00fck payla\u015f\u0131m\u0131 (32 jenerat\u00f6re kadar)\" \/>\n<meta property=\"og:url\" content=\"https:\/\/integralelektronik.com\/tr\/product\/trans-mains\/\" \/>\n<meta property=\"og:site_name\" content=\"\u0130ntegral Elektronik\" \/>\n<meta property=\"og:image\" content=\"https:\/\/integralelektronik.com\/wp-content\/uploads\/2020\/12\/TRANS-MAINS.jpg\" \/>\n\t<meta property=\"og:image:width\" content=\"1280\" \/>\n\t<meta property=\"og:image:height\" content=\"720\" \/>\n\t<meta property=\"og:image:type\" content=\"image\/jpeg\" \/>\n<meta name=\"twitter:card\" content=\"summary_large_image\" \/>\n<meta name=\"twitter:label1\" content=\"Tahmini okuma s\u00fcresi\" \/>\n\t<meta name=\"twitter:data1\" content=\"1 dakika\" \/>\n<script type=\"application\/ld+json\" class=\"yoast-schema-graph\">{\"@context\":\"https:\/\/schema.org\",\"@graph\":[{\"@type\":\"WebPage\",\"@id\":\"https:\/\/integralelektronik.com\/tr\/product\/trans-mains\/\",\"url\":\"https:\/\/integralelektronik.com\/tr\/product\/trans-mains\/\",\"name\":\"TRANS MAINS - \u0130ntegral Elektronik\",\"isPartOf\":{\"@id\":\"https:\/\/integralelektronik.com\/#website\"},\"primaryImageOfPage\":{\"@id\":\"https:\/\/integralelektronik.com\/tr\/product\/trans-mains\/#primaryimage\"},\"image\":{\"@id\":\"https:\/\/integralelektronik.com\/tr\/product\/trans-mains\/#primaryimage\"},\"thumbnailUrl\":\"https:\/\/integralelektronik.com\/wp-content\/uploads\/2020\/12\/TRANS-MAINS.jpg\",\"datePublished\":\"2020-12-05T17:46:52+00:00\",\"dateModified\":\"2020-12-05T17:46:52+00:00\",\"breadcrumb\":{\"@id\":\"https:\/\/integralelektronik.com\/tr\/product\/trans-mains\/#breadcrumb\"},\"inLanguage\":\"tr\",\"potentialAction\":[{\"@type\":\"ReadAction\",\"target\":[\"https:\/\/integralelektronik.com\/tr\/product\/trans-mains\/\"]}]},{\"@type\":\"ImageObject\",\"inLanguage\":\"tr\",\"@id\":\"https:\/\/integralelektronik.com\/tr\/product\/trans-mains\/#primaryimage\",\"url\":\"https:\/\/integralelektronik.com\/wp-content\/uploads\/2020\/12\/TRANS-MAINS.jpg\",\"contentUrl\":\"https:\/\/integralelektronik.com\/wp-content\/uploads\/2020\/12\/TRANS-MAINS.jpg\",\"width\":1280,\"height\":720},{\"@type\":\"BreadcrumbList\",\"@id\":\"https:\/\/integralelektronik.com\/tr\/product\/trans-mains\/#breadcrumb\",\"itemListElement\":[{\"@type\":\"ListItem\",\"position\":1,\"name\":\"Home\",\"item\":\"https:\/\/integralelektronik.com\/tr\/\"},{\"@type\":\"ListItem\",\"position\":2,\"name\":\"Shop\",\"item\":\"https:\/\/integralelektronik.com\/shop\/\"},{\"@type\":\"ListItem\",\"position\":3,\"name\":\"TRANS MAINS\"}]},{\"@type\":\"WebSite\",\"@id\":\"https:\/\/integralelektronik.com\/#website\",\"url\":\"https:\/\/integralelektronik.com\/\",\"name\":\"\u0130ntegral Elektronik\",\"description\":\"\",\"publisher\":{\"@id\":\"https:\/\/integralelektronik.com\/#organization\"},\"potentialAction\":[{\"@type\":\"SearchAction\",\"target\":{\"@type\":\"EntryPoint\",\"urlTemplate\":\"https:\/\/integralelektronik.com\/?s={search_term_string}\"},\"query-input\":{\"@type\":\"PropertyValueSpecification\",\"valueRequired\":true,\"valueName\":\"search_term_string\"}}],\"inLanguage\":\"tr\"},{\"@type\":\"Organization\",\"@id\":\"https:\/\/integralelektronik.com\/#organization\",\"name\":\"\u0130ntegral Elektronik\",\"url\":\"https:\/\/integralelektronik.com\/\",\"logo\":{\"@type\":\"ImageObject\",\"inLanguage\":\"tr\",\"@id\":\"https:\/\/integralelektronik.com\/#\/schema\/logo\/image\/\",\"url\":\"https:\/\/integralelektronik.com\/wp-content\/uploads\/2020\/10\/logo.png\",\"contentUrl\":\"https:\/\/integralelektronik.com\/wp-content\/uploads\/2020\/10\/logo.png\",\"width\":180,\"height\":90,\"caption\":\"\u0130ntegral Elektronik\"},\"image\":{\"@id\":\"https:\/\/integralelektronik.com\/#\/schema\/logo\/image\/\"}}]}<\/script>\n<!-- \/ Yoast SEO plugin. -->","yoast_head_json":{"title":"TRANS MAINS - \u0130ntegral Elektronik","robots":{"index":"index","follow":"follow","max-snippet":"max-snippet:-1","max-image-preview":"max-image-preview:large","max-video-preview":"max-video-preview:-1"},"canonical":"https:\/\/integralelektronik.com\/tr\/product\/trans-mains\/","og_locale":"tr_TR","og_type":"article","og_title":"TRANS MAINS - \u0130ntegral Elektronik","og_description":"\u015eebeke ile Otomatik Transfer ve Y\u00fck Payla\u015f\u0131m\u0131 \u00dcnitesi Jenerat\u00f6r ile y\u00fck payla\u015f\u0131m\u0131 (32 jenerat\u00f6re kadar)","og_url":"https:\/\/integralelektronik.com\/tr\/product\/trans-mains\/","og_site_name":"\u0130ntegral Elektronik","og_image":[{"width":1280,"height":720,"url":"https:\/\/integralelektronik.com\/wp-content\/uploads\/2020\/12\/TRANS-MAINS.jpg","type":"image\/jpeg"}],"twitter_card":"summary_large_image","twitter_misc":{"Tahmini okuma s\u00fcresi":"1 dakika"},"schema":{"@context":"https:\/\/schema.org","@graph":[{"@type":"WebPage","@id":"https:\/\/integralelektronik.com\/tr\/product\/trans-mains\/","url":"https:\/\/integralelektronik.com\/tr\/product\/trans-mains\/","name":"TRANS MAINS - \u0130ntegral Elektronik","isPartOf":{"@id":"https:\/\/integralelektronik.com\/#website"},"primaryImageOfPage":{"@id":"https:\/\/integralelektronik.com\/tr\/product\/trans-mains\/#primaryimage"},"image":{"@id":"https:\/\/integralelektronik.com\/tr\/product\/trans-mains\/#primaryimage"},"thumbnailUrl":"https:\/\/integralelektronik.com\/wp-content\/uploads\/2020\/12\/TRANS-MAINS.jpg","datePublished":"2020-12-05T17:46:52+00:00","dateModified":"2020-12-05T17:46:52+00:00","breadcrumb":{"@id":"https:\/\/integralelektronik.com\/tr\/product\/trans-mains\/#breadcrumb"},"inLanguage":"tr","potentialAction":[{"@type":"ReadAction","target":["https:\/\/integralelektronik.com\/tr\/product\/trans-mains\/"]}]},{"@type":"ImageObject","inLanguage":"tr","@id":"https:\/\/integralelektronik.com\/tr\/product\/trans-mains\/#primaryimage","url":"https:\/\/integralelektronik.com\/wp-content\/uploads\/2020\/12\/TRANS-MAINS.jpg","contentUrl":"https:\/\/integralelektronik.com\/wp-content\/uploads\/2020\/12\/TRANS-MAINS.jpg","width":1280,"height":720},{"@type":"BreadcrumbList","@id":"https:\/\/integralelektronik.com\/tr\/product\/trans-mains\/#breadcrumb","itemListElement":[{"@type":"ListItem","position":1,"name":"Home","item":"https:\/\/integralelektronik.com\/tr\/"},{"@type":"ListItem","position":2,"name":"Shop","item":"https:\/\/integralelektronik.com\/shop\/"},{"@type":"ListItem","position":3,"name":"TRANS MAINS"}]},{"@type":"WebSite","@id":"https:\/\/integralelektronik.com\/#website","url":"https:\/\/integralelektronik.com\/","name":"\u0130ntegral Elektronik","description":"","publisher":{"@id":"https:\/\/integralelektronik.com\/#organization"},"potentialAction":[{"@type":"SearchAction","target":{"@type":"EntryPoint","urlTemplate":"https:\/\/integralelektronik.com\/?s={search_term_string}"},"query-input":{"@type":"PropertyValueSpecification","valueRequired":true,"valueName":"search_term_string"}}],"inLanguage":"tr"},{"@type":"Organization","@id":"https:\/\/integralelektronik.com\/#organization","name":"\u0130ntegral Elektronik","url":"https:\/\/integralelektronik.com\/","logo":{"@type":"ImageObject","inLanguage":"tr","@id":"https:\/\/integralelektronik.com\/#\/schema\/logo\/image\/","url":"https:\/\/integralelektronik.com\/wp-content\/uploads\/2020\/10\/logo.png","contentUrl":"https:\/\/integralelektronik.com\/wp-content\/uploads\/2020\/10\/logo.png","width":180,"height":90,"caption":"\u0130ntegral Elektronik"},"image":{"@id":"https:\/\/integralelektronik.com\/#\/schema\/logo\/image\/"}}]}},"_links":{"self":[{"href":"https:\/\/integralelektronik.com\/tr\/wp-json\/wp\/v2\/product\/7857"}],"collection":[{"href":"https:\/\/integralelektronik.com\/tr\/wp-json\/wp\/v2\/product"}],"about":[{"href":"https:\/\/integralelektronik.com\/tr\/wp-json\/wp\/v2\/types\/product"}],"replies":[{"embeddable":true,"href":"https:\/\/integralelektronik.com\/tr\/wp-json\/wp\/v2\/comments?post=7857"}],"wp:featuredmedia":[{"embeddable":true,"href":"https:\/\/integralelektronik.com\/tr\/wp-json\/wp\/v2\/media\/7853"}],"wp:attachment":[{"href":"https:\/\/integralelektronik.com\/tr\/wp-json\/wp\/v2\/media?parent=7857"}],"wp:term":[{"taxonomy":"product_brand","embeddable":true,"href":"https:\/\/integralelektronik.com\/tr\/wp-json\/wp\/v2\/product_brand?post=7857"},{"taxonomy":"product_cat","embeddable":true,"href":"https:\/\/integralelektronik.com\/tr\/wp-json\/wp\/v2\/product_cat?post=7857"},{"taxonomy":"product_tag","embeddable":true,"href":"https:\/\/integralelektronik.com\/tr\/wp-json\/wp\/v2\/product_tag?post=7857"}],"curies":[{"name":"wp","href":"https:\/\/api.w.org\/{rel}","templated":true}]}}