{"id":7833,"date":"2020-12-05T20:19:27","date_gmt":"2020-12-05T17:19:27","guid":{"rendered":"https:\/\/integralelektronik.com\/?post_type=product&#038;p=7833"},"modified":"2023-05-14T18:25:00","modified_gmt":"2023-05-14T15:25:00","slug":"rtkr-terminal-block-with-fittingnut-rtkrt-with-transmitter-fittingnut","status":"publish","type":"product","link":"https:\/\/integralelektronik.com\/tr\/product\/rtkr-terminal-block-with-fittingnut-rtkrt-with-transmitter-fittingnut\/","title":{"rendered":"(RTKR) Terminal Block with Fittingnut \/ (RTKRT) with Transmitter, Fittingnut"},"content":{"rendered":"<table>\n<tbody>\n<tr>\n<td><b>\u00d6zellikleri<\/b><\/td>\n<td><b>A\u00e7\u0131klamalar<\/b><\/td>\n<\/tr>\n<tr>\n<td><b>Maks. Alan say\u0131s\u0131\u00a0\u00c7al\u0131\u015fma s\u0131cakl\u0131\u011f\u0131<\/b><\/td>\n<td>500 \u00b0 C<\/td>\n<\/tr>\n<tr>\n<td><b>Standart kablo t\u00fcrleri<\/b><\/td>\n<td><\/td>\n<\/tr>\n<tr>\n<td><b>Standart kablo uzunlu\u011fu<\/b><\/td>\n<td><\/td>\n<\/tr>\n<tr>\n<td><b>Sens\u00f6r tipi<\/b><\/td>\n<td>DIN \/ EN60751 S\u0131n\u0131f \u201cA\u201d 1xPt-100 (E = 1) veya S\u0131n\u0131f \u201cB\u201d 2xPt-100 (E = 2)<\/td>\n<\/tr>\n<tr>\n<td><b>Koruyucu t\u00fcp malzemesi<\/b><\/td>\n<td>AISI304 (DIN1.4301) Standart \u00fcretim, \u201c316\u201d AISI316 sipari\u015f koduna eklenmi\u015ftir.<\/td>\n<\/tr>\n<tr>\n<td><b>Ba\u011flay\u0131c\u0131<\/b><\/td>\n<td><\/td>\n<\/tr>\n<tr>\n<td><b>Ba\u011flant\u0131 somunu<\/b><\/td>\n<td>Standart \u00fcretim i\u00e7in \u00bd \u201drakor somunu kullan\u0131lmaktad\u0131r<\/td>\n<\/tr>\n<tr>\n<td><b>Verici<\/b><\/td>\n<td>(RTKRT tipi)<br \/>\n4\u2026 20mA ak\u0131m \u00e7\u0131k\u0131\u015f\u0131, seri ba\u011flant\u0131 (D\u00f6ng\u00fc\u00a0Beslemeli\u00a0) verici.<br \/>\nF = Kalibrasyon \u00f6l\u00e7e\u011fi sipari\u015fte a\u00e7\u0131klanmal\u0131d\u0131r.<\/td>\n<\/tr>\n<\/tbody>\n<\/table>\n","protected":false},"excerpt":{"rendered":"<h2 class=\"pdp-product-info__description\">Pt-100<\/h2>\n<h3 class=\"pdp-product-info__description\">Termorezistanslar<\/h3>\n","protected":false},"featured_media":7812,"comment_status":"open","ping_status":"closed","template":"","meta":[],"product_brand":[],"product_cat":[506,510],"product_tag":[],"class_list":{"0":"post-7833","1":"product","2":"type-product","3":"status-publish","4":"has-post-thumbnail","6":"product_cat-emko-elektronik-tr","7":"product_cat-nem-ve-sicaklik-sensorleri","9":"first","10":"instock","11":"shipping-taxable","12":"product-type-simple"},"yoast_head":"<!-- This site is optimized with the Yoast SEO plugin v24.3 - https:\/\/yoast.com\/wordpress\/plugins\/seo\/ -->\n<title>(RTKR) Terminal Block with Fittingnut \/ (RTKRT) with Transmitter, Fittingnut - \u0130ntegral Elektronik<\/title>\n<meta name=\"robots\" content=\"index, follow, max-snippet:-1, max-image-preview:large, max-video-preview:-1\" \/>\n<link rel=\"canonical\" href=\"https:\/\/integralelektronik.com\/tr\/product\/rtkr-terminal-block-with-fittingnut-rtkrt-with-transmitter-fittingnut\/\" \/>\n<meta property=\"og:locale\" content=\"tr_TR\" \/>\n<meta property=\"og:type\" content=\"article\" \/>\n<meta property=\"og:title\" content=\"(RTKR) Terminal Block with Fittingnut \/ (RTKRT) with Transmitter, Fittingnut - \u0130ntegral Elektronik\" \/>\n<meta property=\"og:description\" content=\"Pt-100 Termorezistanslar\" \/>\n<meta property=\"og:url\" content=\"https:\/\/integralelektronik.com\/tr\/product\/rtkr-terminal-block-with-fittingnut-rtkrt-with-transmitter-fittingnut\/\" \/>\n<meta property=\"og:site_name\" content=\"\u0130ntegral Elektronik\" \/>\n<meta property=\"article:modified_time\" content=\"2023-05-14T15:25:00+00:00\" \/>\n<meta property=\"og:image\" content=\"https:\/\/integralelektronik.com\/wp-content\/uploads\/2020\/12\/RTKR-Terminal-Block-with-Fittingnut-RTKRT-with-Transmitter-Fittingnut.jpg\" \/>\n\t<meta property=\"og:image:width\" content=\"1280\" \/>\n\t<meta property=\"og:image:height\" content=\"720\" \/>\n\t<meta property=\"og:image:type\" content=\"image\/jpeg\" \/>\n<meta name=\"twitter:card\" content=\"summary_large_image\" \/>\n<script type=\"application\/ld+json\" class=\"yoast-schema-graph\">{\"@context\":\"https:\/\/schema.org\",\"@graph\":[{\"@type\":\"WebPage\",\"@id\":\"https:\/\/integralelektronik.com\/tr\/product\/rtkr-terminal-block-with-fittingnut-rtkrt-with-transmitter-fittingnut\/\",\"url\":\"https:\/\/integralelektronik.com\/tr\/product\/rtkr-terminal-block-with-fittingnut-rtkrt-with-transmitter-fittingnut\/\",\"name\":\"(RTKR) Terminal Block with Fittingnut \/ (RTKRT) with Transmitter, Fittingnut - \u0130ntegral Elektronik\",\"isPartOf\":{\"@id\":\"https:\/\/integralelektronik.com\/#website\"},\"primaryImageOfPage\":{\"@id\":\"https:\/\/integralelektronik.com\/tr\/product\/rtkr-terminal-block-with-fittingnut-rtkrt-with-transmitter-fittingnut\/#primaryimage\"},\"image\":{\"@id\":\"https:\/\/integralelektronik.com\/tr\/product\/rtkr-terminal-block-with-fittingnut-rtkrt-with-transmitter-fittingnut\/#primaryimage\"},\"thumbnailUrl\":\"https:\/\/integralelektronik.com\/wp-content\/uploads\/2020\/12\/RTKR-Terminal-Block-with-Fittingnut-RTKRT-with-Transmitter-Fittingnut.jpg\",\"datePublished\":\"2020-12-05T17:19:27+00:00\",\"dateModified\":\"2023-05-14T15:25:00+00:00\",\"breadcrumb\":{\"@id\":\"https:\/\/integralelektronik.com\/tr\/product\/rtkr-terminal-block-with-fittingnut-rtkrt-with-transmitter-fittingnut\/#breadcrumb\"},\"inLanguage\":\"tr\",\"potentialAction\":[{\"@type\":\"ReadAction\",\"target\":[\"https:\/\/integralelektronik.com\/tr\/product\/rtkr-terminal-block-with-fittingnut-rtkrt-with-transmitter-fittingnut\/\"]}]},{\"@type\":\"ImageObject\",\"inLanguage\":\"tr\",\"@id\":\"https:\/\/integralelektronik.com\/tr\/product\/rtkr-terminal-block-with-fittingnut-rtkrt-with-transmitter-fittingnut\/#primaryimage\",\"url\":\"https:\/\/integralelektronik.com\/wp-content\/uploads\/2020\/12\/RTKR-Terminal-Block-with-Fittingnut-RTKRT-with-Transmitter-Fittingnut.jpg\",\"contentUrl\":\"https:\/\/integralelektronik.com\/wp-content\/uploads\/2020\/12\/RTKR-Terminal-Block-with-Fittingnut-RTKRT-with-Transmitter-Fittingnut.jpg\",\"width\":1280,\"height\":720},{\"@type\":\"BreadcrumbList\",\"@id\":\"https:\/\/integralelektronik.com\/tr\/product\/rtkr-terminal-block-with-fittingnut-rtkrt-with-transmitter-fittingnut\/#breadcrumb\",\"itemListElement\":[{\"@type\":\"ListItem\",\"position\":1,\"name\":\"Home\",\"item\":\"https:\/\/integralelektronik.com\/tr\/\"},{\"@type\":\"ListItem\",\"position\":2,\"name\":\"Shop\",\"item\":\"https:\/\/integralelektronik.com\/shop\/\"},{\"@type\":\"ListItem\",\"position\":3,\"name\":\"(RTKR) Terminal Block with Fittingnut \/ (RTKRT) with Transmitter, Fittingnut\"}]},{\"@type\":\"WebSite\",\"@id\":\"https:\/\/integralelektronik.com\/#website\",\"url\":\"https:\/\/integralelektronik.com\/\",\"name\":\"\u0130ntegral Elektronik\",\"description\":\"\",\"publisher\":{\"@id\":\"https:\/\/integralelektronik.com\/#organization\"},\"potentialAction\":[{\"@type\":\"SearchAction\",\"target\":{\"@type\":\"EntryPoint\",\"urlTemplate\":\"https:\/\/integralelektronik.com\/?s={search_term_string}\"},\"query-input\":{\"@type\":\"PropertyValueSpecification\",\"valueRequired\":true,\"valueName\":\"search_term_string\"}}],\"inLanguage\":\"tr\"},{\"@type\":\"Organization\",\"@id\":\"https:\/\/integralelektronik.com\/#organization\",\"name\":\"\u0130ntegral Elektronik\",\"url\":\"https:\/\/integralelektronik.com\/\",\"logo\":{\"@type\":\"ImageObject\",\"inLanguage\":\"tr\",\"@id\":\"https:\/\/integralelektronik.com\/#\/schema\/logo\/image\/\",\"url\":\"https:\/\/integralelektronik.com\/wp-content\/uploads\/2020\/10\/logo.png\",\"contentUrl\":\"https:\/\/integralelektronik.com\/wp-content\/uploads\/2020\/10\/logo.png\",\"width\":180,\"height\":90,\"caption\":\"\u0130ntegral Elektronik\"},\"image\":{\"@id\":\"https:\/\/integralelektronik.com\/#\/schema\/logo\/image\/\"}}]}<\/script>\n<!-- \/ Yoast SEO plugin. -->","yoast_head_json":{"title":"(RTKR) Terminal Block with Fittingnut \/ (RTKRT) with Transmitter, Fittingnut - \u0130ntegral Elektronik","robots":{"index":"index","follow":"follow","max-snippet":"max-snippet:-1","max-image-preview":"max-image-preview:large","max-video-preview":"max-video-preview:-1"},"canonical":"https:\/\/integralelektronik.com\/tr\/product\/rtkr-terminal-block-with-fittingnut-rtkrt-with-transmitter-fittingnut\/","og_locale":"tr_TR","og_type":"article","og_title":"(RTKR) Terminal Block with Fittingnut \/ (RTKRT) with Transmitter, Fittingnut - \u0130ntegral Elektronik","og_description":"Pt-100 Termorezistanslar","og_url":"https:\/\/integralelektronik.com\/tr\/product\/rtkr-terminal-block-with-fittingnut-rtkrt-with-transmitter-fittingnut\/","og_site_name":"\u0130ntegral Elektronik","article_modified_time":"2023-05-14T15:25:00+00:00","og_image":[{"width":1280,"height":720,"url":"https:\/\/integralelektronik.com\/wp-content\/uploads\/2020\/12\/RTKR-Terminal-Block-with-Fittingnut-RTKRT-with-Transmitter-Fittingnut.jpg","type":"image\/jpeg"}],"twitter_card":"summary_large_image","schema":{"@context":"https:\/\/schema.org","@graph":[{"@type":"WebPage","@id":"https:\/\/integralelektronik.com\/tr\/product\/rtkr-terminal-block-with-fittingnut-rtkrt-with-transmitter-fittingnut\/","url":"https:\/\/integralelektronik.com\/tr\/product\/rtkr-terminal-block-with-fittingnut-rtkrt-with-transmitter-fittingnut\/","name":"(RTKR) Terminal Block with Fittingnut \/ (RTKRT) with Transmitter, Fittingnut - \u0130ntegral Elektronik","isPartOf":{"@id":"https:\/\/integralelektronik.com\/#website"},"primaryImageOfPage":{"@id":"https:\/\/integralelektronik.com\/tr\/product\/rtkr-terminal-block-with-fittingnut-rtkrt-with-transmitter-fittingnut\/#primaryimage"},"image":{"@id":"https:\/\/integralelektronik.com\/tr\/product\/rtkr-terminal-block-with-fittingnut-rtkrt-with-transmitter-fittingnut\/#primaryimage"},"thumbnailUrl":"https:\/\/integralelektronik.com\/wp-content\/uploads\/2020\/12\/RTKR-Terminal-Block-with-Fittingnut-RTKRT-with-Transmitter-Fittingnut.jpg","datePublished":"2020-12-05T17:19:27+00:00","dateModified":"2023-05-14T15:25:00+00:00","breadcrumb":{"@id":"https:\/\/integralelektronik.com\/tr\/product\/rtkr-terminal-block-with-fittingnut-rtkrt-with-transmitter-fittingnut\/#breadcrumb"},"inLanguage":"tr","potentialAction":[{"@type":"ReadAction","target":["https:\/\/integralelektronik.com\/tr\/product\/rtkr-terminal-block-with-fittingnut-rtkrt-with-transmitter-fittingnut\/"]}]},{"@type":"ImageObject","inLanguage":"tr","@id":"https:\/\/integralelektronik.com\/tr\/product\/rtkr-terminal-block-with-fittingnut-rtkrt-with-transmitter-fittingnut\/#primaryimage","url":"https:\/\/integralelektronik.com\/wp-content\/uploads\/2020\/12\/RTKR-Terminal-Block-with-Fittingnut-RTKRT-with-Transmitter-Fittingnut.jpg","contentUrl":"https:\/\/integralelektronik.com\/wp-content\/uploads\/2020\/12\/RTKR-Terminal-Block-with-Fittingnut-RTKRT-with-Transmitter-Fittingnut.jpg","width":1280,"height":720},{"@type":"BreadcrumbList","@id":"https:\/\/integralelektronik.com\/tr\/product\/rtkr-terminal-block-with-fittingnut-rtkrt-with-transmitter-fittingnut\/#breadcrumb","itemListElement":[{"@type":"ListItem","position":1,"name":"Home","item":"https:\/\/integralelektronik.com\/tr\/"},{"@type":"ListItem","position":2,"name":"Shop","item":"https:\/\/integralelektronik.com\/shop\/"},{"@type":"ListItem","position":3,"name":"(RTKR) Terminal Block with Fittingnut \/ (RTKRT) with Transmitter, Fittingnut"}]},{"@type":"WebSite","@id":"https:\/\/integralelektronik.com\/#website","url":"https:\/\/integralelektronik.com\/","name":"\u0130ntegral Elektronik","description":"","publisher":{"@id":"https:\/\/integralelektronik.com\/#organization"},"potentialAction":[{"@type":"SearchAction","target":{"@type":"EntryPoint","urlTemplate":"https:\/\/integralelektronik.com\/?s={search_term_string}"},"query-input":{"@type":"PropertyValueSpecification","valueRequired":true,"valueName":"search_term_string"}}],"inLanguage":"tr"},{"@type":"Organization","@id":"https:\/\/integralelektronik.com\/#organization","name":"\u0130ntegral Elektronik","url":"https:\/\/integralelektronik.com\/","logo":{"@type":"ImageObject","inLanguage":"tr","@id":"https:\/\/integralelektronik.com\/#\/schema\/logo\/image\/","url":"https:\/\/integralelektronik.com\/wp-content\/uploads\/2020\/10\/logo.png","contentUrl":"https:\/\/integralelektronik.com\/wp-content\/uploads\/2020\/10\/logo.png","width":180,"height":90,"caption":"\u0130ntegral Elektronik"},"image":{"@id":"https:\/\/integralelektronik.com\/#\/schema\/logo\/image\/"}}]}},"_links":{"self":[{"href":"https:\/\/integralelektronik.com\/tr\/wp-json\/wp\/v2\/product\/7833"}],"collection":[{"href":"https:\/\/integralelektronik.com\/tr\/wp-json\/wp\/v2\/product"}],"about":[{"href":"https:\/\/integralelektronik.com\/tr\/wp-json\/wp\/v2\/types\/product"}],"replies":[{"embeddable":true,"href":"https:\/\/integralelektronik.com\/tr\/wp-json\/wp\/v2\/comments?post=7833"}],"wp:featuredmedia":[{"embeddable":true,"href":"https:\/\/integralelektronik.com\/tr\/wp-json\/wp\/v2\/media\/7812"}],"wp:attachment":[{"href":"https:\/\/integralelektronik.com\/tr\/wp-json\/wp\/v2\/media?parent=7833"}],"wp:term":[{"taxonomy":"product_brand","embeddable":true,"href":"https:\/\/integralelektronik.com\/tr\/wp-json\/wp\/v2\/product_brand?post=7833"},{"taxonomy":"product_cat","embeddable":true,"href":"https:\/\/integralelektronik.com\/tr\/wp-json\/wp\/v2\/product_cat?post=7833"},{"taxonomy":"product_tag","embeddable":true,"href":"https:\/\/integralelektronik.com\/tr\/wp-json\/wp\/v2\/product_tag?post=7833"}],"curies":[{"name":"wp","href":"https:\/\/api.w.org\/{rel}","templated":true}]}}