{"id":7829,"date":"2020-12-05T20:16:01","date_gmt":"2020-12-05T17:16:01","guid":{"rendered":"https:\/\/integralelektronik.com\/?post_type=product&#038;p=7829"},"modified":"2020-12-05T20:16:01","modified_gmt":"2020-12-05T17:16:01","slug":"tckm-mineral-isolated-tckmt-head-inside-transmitter-mineral-isolated","status":"publish","type":"product","link":"https:\/\/integralelektronik.com\/tr\/product\/tckm-mineral-isolated-tckmt-head-inside-transmitter-mineral-isolated\/","title":{"rendered":"(TCKM) Mineral Isolated \/ (TCKMT) Head Inside Transmitter, Mineral Isolated"},"content":{"rendered":"<table>\n<tbody>\n<tr>\n<td><b>\u00d6zellikleri<\/b><\/td>\n<td><b>A\u00e7\u0131klamalar<\/b><\/td>\n<\/tr>\n<tr>\n<td><b>Maks. Alan say\u0131s\u0131\u00a0\u00c7al\u0131\u015fma s\u0131cakl\u0131\u011f\u0131<\/b><\/td>\n<td>1200 \u00b0 C<\/td>\n<\/tr>\n<tr>\n<td><b>Standart kablo t\u00fcrleri<\/b><\/td>\n<td><\/td>\n<\/tr>\n<tr>\n<td><b>Standart kablo uzunlu\u011fu<\/b><\/td>\n<td><\/td>\n<\/tr>\n<tr>\n<td><b>Sens\u00f6r tipi<\/b><\/td>\n<td>DIN \/ IEC-584 \u201cK\u201d Ni-CrNi E = K<\/td>\n<\/tr>\n<tr>\n<td><b>Koruyucu t\u00fcp malzemesi<\/b><\/td>\n<td>AISI310 Paslanmaz \u00e7elik<br \/>\nINCONEL Paslanmaz \u00e7elik<br \/>\n\u201cINCONEL\u201d Inconel i\u00e7in sipari\u015f kodu eklenir<\/td>\n<\/tr>\n<tr>\n<td><b>Ba\u011flay\u0131c\u0131<\/b><\/td>\n<td><\/td>\n<\/tr>\n<tr>\n<td><b>Ba\u011flant\u0131 somunu<\/b><\/td>\n<td>(TCKRM ve TCKRMT tipi) Standart \u00fcretim i\u00e7in \u00bd \u201drakor somunu kullan\u0131l\u0131r<\/td>\n<\/tr>\n<tr>\n<td><b>Verici<\/b><\/td>\n<td>(TCKMT ve TCKRMT tipleri)<br \/>\n4\u2026 20mA ak\u0131m \u00e7\u0131k\u0131\u015f\u0131, seri ba\u011flant\u0131 (D\u00f6ng\u00fc Destekli) verici.<br \/>\nF = Kalibrasyon \u00f6l\u00e7e\u011fi sipari\u015fte a\u00e7\u0131klanmal\u0131d\u0131r.<\/td>\n<\/tr>\n<\/tbody>\n<\/table>\n","protected":false},"excerpt":{"rendered":"<h2 class=\"pdp-product-info__description\">K \u201dt\u00fcr\u00fc<\/h2>\n<h3 class=\"pdp-product-info__description\">Themocouples<\/h3>\n","protected":false},"featured_media":7821,"comment_status":"open","ping_status":"closed","template":"","meta":[],"product_brand":[],"product_cat":[15],"product_tag":[],"class_list":{"0":"post-7829","1":"product","2":"type-product","3":"status-publish","4":"has-post-thumbnail","6":"product_cat-uncategorized","8":"first","9":"instock","10":"shipping-taxable","11":"product-type-simple"},"yoast_head":"<!-- This site is optimized with the Yoast SEO plugin v24.3 - https:\/\/yoast.com\/wordpress\/plugins\/seo\/ -->\n<title>(TCKM) Mineral Isolated \/ (TCKMT) Head Inside Transmitter, Mineral Isolated - \u0130ntegral Elektronik<\/title>\n<meta name=\"robots\" content=\"index, follow, max-snippet:-1, max-image-preview:large, max-video-preview:-1\" \/>\n<link rel=\"canonical\" href=\"https:\/\/integralelektronik.com\/tr\/product\/tckm-mineral-isolated-tckmt-head-inside-transmitter-mineral-isolated\/\" \/>\n<meta property=\"og:locale\" content=\"tr_TR\" \/>\n<meta property=\"og:type\" content=\"article\" \/>\n<meta property=\"og:title\" content=\"(TCKM) Mineral Isolated \/ (TCKMT) Head Inside Transmitter, Mineral Isolated - \u0130ntegral Elektronik\" \/>\n<meta property=\"og:description\" content=\"K \u201dt\u00fcr\u00fc Themocouples\" \/>\n<meta property=\"og:url\" content=\"https:\/\/integralelektronik.com\/tr\/product\/tckm-mineral-isolated-tckmt-head-inside-transmitter-mineral-isolated\/\" \/>\n<meta property=\"og:site_name\" content=\"\u0130ntegral Elektronik\" \/>\n<meta property=\"og:image\" content=\"https:\/\/integralelektronik.com\/wp-content\/uploads\/2020\/12\/TCKM-Mineral-Isolated-TCKMT-Head-Inside-Transmitter-Mineral-Isolated.jpg\" \/>\n\t<meta property=\"og:image:width\" content=\"1280\" \/>\n\t<meta property=\"og:image:height\" content=\"720\" \/>\n\t<meta property=\"og:image:type\" content=\"image\/jpeg\" \/>\n<meta name=\"twitter:card\" content=\"summary_large_image\" \/>\n<script type=\"application\/ld+json\" class=\"yoast-schema-graph\">{\"@context\":\"https:\/\/schema.org\",\"@graph\":[{\"@type\":\"WebPage\",\"@id\":\"https:\/\/integralelektronik.com\/tr\/product\/tckm-mineral-isolated-tckmt-head-inside-transmitter-mineral-isolated\/\",\"url\":\"https:\/\/integralelektronik.com\/tr\/product\/tckm-mineral-isolated-tckmt-head-inside-transmitter-mineral-isolated\/\",\"name\":\"(TCKM) Mineral Isolated \/ (TCKMT) Head Inside Transmitter, Mineral Isolated - \u0130ntegral Elektronik\",\"isPartOf\":{\"@id\":\"https:\/\/integralelektronik.com\/#website\"},\"primaryImageOfPage\":{\"@id\":\"https:\/\/integralelektronik.com\/tr\/product\/tckm-mineral-isolated-tckmt-head-inside-transmitter-mineral-isolated\/#primaryimage\"},\"image\":{\"@id\":\"https:\/\/integralelektronik.com\/tr\/product\/tckm-mineral-isolated-tckmt-head-inside-transmitter-mineral-isolated\/#primaryimage\"},\"thumbnailUrl\":\"https:\/\/integralelektronik.com\/wp-content\/uploads\/2020\/12\/TCKM-Mineral-Isolated-TCKMT-Head-Inside-Transmitter-Mineral-Isolated.jpg\",\"datePublished\":\"2020-12-05T17:16:01+00:00\",\"dateModified\":\"2020-12-05T17:16:01+00:00\",\"breadcrumb\":{\"@id\":\"https:\/\/integralelektronik.com\/tr\/product\/tckm-mineral-isolated-tckmt-head-inside-transmitter-mineral-isolated\/#breadcrumb\"},\"inLanguage\":\"tr\",\"potentialAction\":[{\"@type\":\"ReadAction\",\"target\":[\"https:\/\/integralelektronik.com\/tr\/product\/tckm-mineral-isolated-tckmt-head-inside-transmitter-mineral-isolated\/\"]}]},{\"@type\":\"ImageObject\",\"inLanguage\":\"tr\",\"@id\":\"https:\/\/integralelektronik.com\/tr\/product\/tckm-mineral-isolated-tckmt-head-inside-transmitter-mineral-isolated\/#primaryimage\",\"url\":\"https:\/\/integralelektronik.com\/wp-content\/uploads\/2020\/12\/TCKM-Mineral-Isolated-TCKMT-Head-Inside-Transmitter-Mineral-Isolated.jpg\",\"contentUrl\":\"https:\/\/integralelektronik.com\/wp-content\/uploads\/2020\/12\/TCKM-Mineral-Isolated-TCKMT-Head-Inside-Transmitter-Mineral-Isolated.jpg\",\"width\":1280,\"height\":720},{\"@type\":\"BreadcrumbList\",\"@id\":\"https:\/\/integralelektronik.com\/tr\/product\/tckm-mineral-isolated-tckmt-head-inside-transmitter-mineral-isolated\/#breadcrumb\",\"itemListElement\":[{\"@type\":\"ListItem\",\"position\":1,\"name\":\"Home\",\"item\":\"https:\/\/integralelektronik.com\/tr\/\"},{\"@type\":\"ListItem\",\"position\":2,\"name\":\"Shop\",\"item\":\"https:\/\/integralelektronik.com\/shop\/\"},{\"@type\":\"ListItem\",\"position\":3,\"name\":\"(TCKM) Mineral Isolated \/ (TCKMT) Head Inside Transmitter, Mineral Isolated\"}]},{\"@type\":\"WebSite\",\"@id\":\"https:\/\/integralelektronik.com\/#website\",\"url\":\"https:\/\/integralelektronik.com\/\",\"name\":\"\u0130ntegral Elektronik\",\"description\":\"\",\"publisher\":{\"@id\":\"https:\/\/integralelektronik.com\/#organization\"},\"potentialAction\":[{\"@type\":\"SearchAction\",\"target\":{\"@type\":\"EntryPoint\",\"urlTemplate\":\"https:\/\/integralelektronik.com\/?s={search_term_string}\"},\"query-input\":{\"@type\":\"PropertyValueSpecification\",\"valueRequired\":true,\"valueName\":\"search_term_string\"}}],\"inLanguage\":\"tr\"},{\"@type\":\"Organization\",\"@id\":\"https:\/\/integralelektronik.com\/#organization\",\"name\":\"\u0130ntegral Elektronik\",\"url\":\"https:\/\/integralelektronik.com\/\",\"logo\":{\"@type\":\"ImageObject\",\"inLanguage\":\"tr\",\"@id\":\"https:\/\/integralelektronik.com\/#\/schema\/logo\/image\/\",\"url\":\"https:\/\/integralelektronik.com\/wp-content\/uploads\/2020\/10\/logo.png\",\"contentUrl\":\"https:\/\/integralelektronik.com\/wp-content\/uploads\/2020\/10\/logo.png\",\"width\":180,\"height\":90,\"caption\":\"\u0130ntegral Elektronik\"},\"image\":{\"@id\":\"https:\/\/integralelektronik.com\/#\/schema\/logo\/image\/\"}}]}<\/script>\n<!-- \/ Yoast SEO plugin. -->","yoast_head_json":{"title":"(TCKM) Mineral Isolated \/ (TCKMT) Head Inside Transmitter, Mineral Isolated - \u0130ntegral Elektronik","robots":{"index":"index","follow":"follow","max-snippet":"max-snippet:-1","max-image-preview":"max-image-preview:large","max-video-preview":"max-video-preview:-1"},"canonical":"https:\/\/integralelektronik.com\/tr\/product\/tckm-mineral-isolated-tckmt-head-inside-transmitter-mineral-isolated\/","og_locale":"tr_TR","og_type":"article","og_title":"(TCKM) Mineral Isolated \/ (TCKMT) Head Inside Transmitter, Mineral Isolated - \u0130ntegral Elektronik","og_description":"K \u201dt\u00fcr\u00fc Themocouples","og_url":"https:\/\/integralelektronik.com\/tr\/product\/tckm-mineral-isolated-tckmt-head-inside-transmitter-mineral-isolated\/","og_site_name":"\u0130ntegral Elektronik","og_image":[{"width":1280,"height":720,"url":"https:\/\/integralelektronik.com\/wp-content\/uploads\/2020\/12\/TCKM-Mineral-Isolated-TCKMT-Head-Inside-Transmitter-Mineral-Isolated.jpg","type":"image\/jpeg"}],"twitter_card":"summary_large_image","schema":{"@context":"https:\/\/schema.org","@graph":[{"@type":"WebPage","@id":"https:\/\/integralelektronik.com\/tr\/product\/tckm-mineral-isolated-tckmt-head-inside-transmitter-mineral-isolated\/","url":"https:\/\/integralelektronik.com\/tr\/product\/tckm-mineral-isolated-tckmt-head-inside-transmitter-mineral-isolated\/","name":"(TCKM) Mineral Isolated \/ (TCKMT) Head Inside Transmitter, Mineral Isolated - \u0130ntegral Elektronik","isPartOf":{"@id":"https:\/\/integralelektronik.com\/#website"},"primaryImageOfPage":{"@id":"https:\/\/integralelektronik.com\/tr\/product\/tckm-mineral-isolated-tckmt-head-inside-transmitter-mineral-isolated\/#primaryimage"},"image":{"@id":"https:\/\/integralelektronik.com\/tr\/product\/tckm-mineral-isolated-tckmt-head-inside-transmitter-mineral-isolated\/#primaryimage"},"thumbnailUrl":"https:\/\/integralelektronik.com\/wp-content\/uploads\/2020\/12\/TCKM-Mineral-Isolated-TCKMT-Head-Inside-Transmitter-Mineral-Isolated.jpg","datePublished":"2020-12-05T17:16:01+00:00","dateModified":"2020-12-05T17:16:01+00:00","breadcrumb":{"@id":"https:\/\/integralelektronik.com\/tr\/product\/tckm-mineral-isolated-tckmt-head-inside-transmitter-mineral-isolated\/#breadcrumb"},"inLanguage":"tr","potentialAction":[{"@type":"ReadAction","target":["https:\/\/integralelektronik.com\/tr\/product\/tckm-mineral-isolated-tckmt-head-inside-transmitter-mineral-isolated\/"]}]},{"@type":"ImageObject","inLanguage":"tr","@id":"https:\/\/integralelektronik.com\/tr\/product\/tckm-mineral-isolated-tckmt-head-inside-transmitter-mineral-isolated\/#primaryimage","url":"https:\/\/integralelektronik.com\/wp-content\/uploads\/2020\/12\/TCKM-Mineral-Isolated-TCKMT-Head-Inside-Transmitter-Mineral-Isolated.jpg","contentUrl":"https:\/\/integralelektronik.com\/wp-content\/uploads\/2020\/12\/TCKM-Mineral-Isolated-TCKMT-Head-Inside-Transmitter-Mineral-Isolated.jpg","width":1280,"height":720},{"@type":"BreadcrumbList","@id":"https:\/\/integralelektronik.com\/tr\/product\/tckm-mineral-isolated-tckmt-head-inside-transmitter-mineral-isolated\/#breadcrumb","itemListElement":[{"@type":"ListItem","position":1,"name":"Home","item":"https:\/\/integralelektronik.com\/tr\/"},{"@type":"ListItem","position":2,"name":"Shop","item":"https:\/\/integralelektronik.com\/shop\/"},{"@type":"ListItem","position":3,"name":"(TCKM) Mineral Isolated \/ (TCKMT) Head Inside Transmitter, Mineral Isolated"}]},{"@type":"WebSite","@id":"https:\/\/integralelektronik.com\/#website","url":"https:\/\/integralelektronik.com\/","name":"\u0130ntegral Elektronik","description":"","publisher":{"@id":"https:\/\/integralelektronik.com\/#organization"},"potentialAction":[{"@type":"SearchAction","target":{"@type":"EntryPoint","urlTemplate":"https:\/\/integralelektronik.com\/?s={search_term_string}"},"query-input":{"@type":"PropertyValueSpecification","valueRequired":true,"valueName":"search_term_string"}}],"inLanguage":"tr"},{"@type":"Organization","@id":"https:\/\/integralelektronik.com\/#organization","name":"\u0130ntegral Elektronik","url":"https:\/\/integralelektronik.com\/","logo":{"@type":"ImageObject","inLanguage":"tr","@id":"https:\/\/integralelektronik.com\/#\/schema\/logo\/image\/","url":"https:\/\/integralelektronik.com\/wp-content\/uploads\/2020\/10\/logo.png","contentUrl":"https:\/\/integralelektronik.com\/wp-content\/uploads\/2020\/10\/logo.png","width":180,"height":90,"caption":"\u0130ntegral Elektronik"},"image":{"@id":"https:\/\/integralelektronik.com\/#\/schema\/logo\/image\/"}}]}},"_links":{"self":[{"href":"https:\/\/integralelektronik.com\/tr\/wp-json\/wp\/v2\/product\/7829"}],"collection":[{"href":"https:\/\/integralelektronik.com\/tr\/wp-json\/wp\/v2\/product"}],"about":[{"href":"https:\/\/integralelektronik.com\/tr\/wp-json\/wp\/v2\/types\/product"}],"replies":[{"embeddable":true,"href":"https:\/\/integralelektronik.com\/tr\/wp-json\/wp\/v2\/comments?post=7829"}],"wp:featuredmedia":[{"embeddable":true,"href":"https:\/\/integralelektronik.com\/tr\/wp-json\/wp\/v2\/media\/7821"}],"wp:attachment":[{"href":"https:\/\/integralelektronik.com\/tr\/wp-json\/wp\/v2\/media?parent=7829"}],"wp:term":[{"taxonomy":"product_brand","embeddable":true,"href":"https:\/\/integralelektronik.com\/tr\/wp-json\/wp\/v2\/product_brand?post=7829"},{"taxonomy":"product_cat","embeddable":true,"href":"https:\/\/integralelektronik.com\/tr\/wp-json\/wp\/v2\/product_cat?post=7829"},{"taxonomy":"product_tag","embeddable":true,"href":"https:\/\/integralelektronik.com\/tr\/wp-json\/wp\/v2\/product_tag?post=7829"}],"curies":[{"name":"wp","href":"https:\/\/api.w.org\/{rel}","templated":true}]}}