{"id":7748,"date":"2020-12-05T17:29:14","date_gmt":"2020-12-05T14:29:14","guid":{"rendered":"https:\/\/integralelektronik.com\/?post_type=product&#038;p=7748"},"modified":"2020-12-05T17:29:14","modified_gmt":"2020-12-05T14:29:14","slug":"oven-controller-dual","status":"publish","type":"product","link":"https:\/\/integralelektronik.com\/tr\/product\/oven-controller-dual\/","title":{"rendered":"Oven Controller (Dual)"},"content":{"rendered":"<p>2 izole termokupl giri\u015fi<br \/>\nJ veya K (S\u0131rayla belirlenmelidir)\u00a02 alan i\u00e7in<br \/>\nger\u00e7ek zamanl\u0131<br \/>\nA\u00c7MA \/ KAPAMA s\u0131cakl\u0131k kontrol\u00fc\u00a0ile otomatik ba\u015flatma \u00f6zelli\u011fi<br \/>\nAyar de\u011feri s\u0131n\u0131rlamas\u0131<br \/>\nAyarlanabilir s\u0131cakl\u0131k ofseti<br \/>\nHisterezis ile \u00e7al\u0131\u015fma se\u00e7imi<br \/>\n3 basamakl\u0131 ve 2\u2019li 4 ekran<br \/>\n4 basamakl\u0131\u00a0ekranlar\u00a0(Saat i\u00e7in)<br \/>\n2<br \/>\nIs\u0131t\u0131c\u0131y\u0131\u00a0(nc yok),\u00a04 Fan\u0131, Brulor\u2019u, Buhar, Lamba ve Zaman A\u015f\u0131m\u0131\u2019n\u0131\u00a0kontrol etmek i\u00e7in r\u00f6le \u00e7\u0131k\u0131\u015flar\u0131<br \/>\n1 kap\u0131 durum giri\u015fi ve 1 brulor ar\u0131zas\u0131 giri\u015fi<br \/>\nAr\u0131za ve ayar durumu i\u00e7in dahili zil<br \/>\n\u015eifre programlama modu i\u00e7in koruma<\/p>\n<table>\n<tbody>\n<tr>\n<td colspan=\"2\"><b>Fiziksel \u00f6zellikler<\/b><\/td>\n<\/tr>\n<tr>\n<td><b>Boyutlar<\/b><\/td>\n<td>300 mm x 140 mm<\/td>\n<\/tr>\n<tr>\n<td><b>Koruma S\u0131n\u0131f\u0131<\/b><\/td>\n<td>NEMA 4X (\u00f6nden IP65)<\/td>\n<\/tr>\n<tr>\n<td><b>Kurulum<\/b><\/td>\n<td>Sabit Kurulum<\/td>\n<\/tr>\n<tr>\n<td><b>Depolama \/ \u00c7al\u0131\u015fma S\u0131cakl\u0131\u011f\u0131<\/b><\/td>\n<td>0\u2026 50 \u00b0 C<\/td>\n<\/tr>\n<tr>\n<td><b>Saklama \/ \u00c7al\u0131\u015fma Nemi<\/b><\/td>\n<td>% 90 maksimum\u00a0(Yo\u011fu\u015fmas\u0131z)<\/td>\n<\/tr>\n<tr>\n<td colspan=\"2\"><b>Elektriksel \u00d6zellikler<\/b><\/td>\n<\/tr>\n<tr>\n<td><b>Besleme Voltaj\u0131 ve G\u00fcc\u00fc<\/b><\/td>\n<td>24Vac \/ dc (-% 15, +% 10) 50 \/ 60Hz<br \/>\n24Vac (-% 15, +% 10) 50 \/ 60Hz<br \/>\n115Vac (-% 15, +% 10) 50 \/ 60Hz<br \/>\n230Vac (-% 15, +% 10 50\/60 Hz<\/td>\n<\/tr>\n<tr>\n<td><b>Sens\u00f6r Giri\u015fleri<\/b><\/td>\n<td>Termokupl J, K (IEC584.1) (ITS90)<\/td>\n<\/tr>\n<tr>\n<td><b>Opsiyonel Sens\u00f6r Giri\u015fleri<\/b><\/td>\n<td><\/td>\n<\/tr>\n<tr>\n<td><b>\u00d6l\u00e7ek<\/b><\/td>\n<td>Fe CuNi 0 \u00b0 C\u2026 800 \u00b0 C<br \/>\nNiCr 0 \u00b0 C\u2026 999 \u00b0 C<\/td>\n<\/tr>\n<tr>\n<td><b>Do\u011fruluk<\/b><\/td>\n<td>\u00b1% 1 tam \u00f6l\u00e7e\u011fin<\/td>\n<\/tr>\n<tr>\n<td colspan=\"2\"><b>\u00c7\u0131kt\u0131<\/b><\/td>\n<\/tr>\n<tr>\n<td><b>R\u00f6le \u00c7\u0131k\u0131\u015f\u0131<\/b><\/td>\n<td>Is\u0131tma kontrol\u00fc i\u00e7in 2x 10A @ 250 Vac,<br \/>\nFan, buhar, ayd\u0131nlatma, zaman, so\u011futma\u00a0i\u00e7in 8 x 8A @ 250Vac<\/td>\n<\/tr>\n<tr>\n<td><b>SSR \u00c7\u0131k\u0131\u015f\u0131<\/b><\/td>\n<td><\/td>\n<\/tr>\n<tr>\n<td><b>Analog \u00c7\u0131k\u0131\u015f<\/b><\/td>\n<td><\/td>\n<\/tr>\n<tr>\n<td><b>Opsiyonel \u00c7\u0131k\u0131\u015flar<\/b><\/td>\n<td><\/td>\n<\/tr>\n<tr>\n<td colspan=\"2\"><b>Kontrol<\/b><\/td>\n<\/tr>\n<tr>\n<td><b>Kontrol Formu<\/b><\/td>\n<td>A\u00e7\u0131k kapal\u0131<\/td>\n<\/tr>\n<tr>\n<td><b>Okuma Frekans\u0131<\/b><\/td>\n<td>Saniyede 3 okuma<\/td>\n<\/tr>\n<tr>\n<td><b>\u0130leti\u015fim Protokolleri<\/b><\/td>\n<td><\/td>\n<\/tr>\n<tr>\n<td><b>Onaylar<\/b><\/td>\n<td>BU<\/td>\n<\/tr>\n<\/tbody>\n<\/table>\n","protected":false},"excerpt":{"rendered":"<h2 class=\"pdp-product-info__description\"><span class=\"txt b\">\u00c7ift B\u00f6lgeli F\u0131r\u0131n Kontrol Cihaz\u0131<\/span><\/h2>\n<h3 class=\"pdp-product-info__description\">Farkl\u0131 programlar yapmak i\u00e7in 8 d\u00fc\u011fme<\/h3>\n","protected":false},"featured_media":7735,"comment_status":"open","ping_status":"closed","template":"","meta":[],"product_brand":[],"product_cat":[506,511],"product_tag":[],"class_list":{"0":"post-7748","1":"product","2":"type-product","3":"status-publish","4":"has-post-thumbnail","6":"product_cat-emko-elektronik-tr","7":"product_cat-pisirme-kontrol-cihazlari","9":"first","10":"instock","11":"shipping-taxable","12":"product-type-simple"},"yoast_head":"<!-- This site is optimized with the Yoast SEO plugin v24.3 - https:\/\/yoast.com\/wordpress\/plugins\/seo\/ -->\n<title>Oven Controller (Dual) - \u0130ntegral Elektronik<\/title>\n<meta name=\"robots\" content=\"index, follow, max-snippet:-1, max-image-preview:large, max-video-preview:-1\" \/>\n<link rel=\"canonical\" href=\"https:\/\/integralelektronik.com\/tr\/product\/oven-controller-dual\/\" \/>\n<meta property=\"og:locale\" content=\"tr_TR\" \/>\n<meta property=\"og:type\" content=\"article\" \/>\n<meta property=\"og:title\" content=\"Oven Controller (Dual) - \u0130ntegral Elektronik\" \/>\n<meta property=\"og:description\" content=\"\u00c7ift B\u00f6lgeli F\u0131r\u0131n Kontrol Cihaz\u0131 Farkl\u0131 programlar yapmak i\u00e7in 8 d\u00fc\u011fme\" \/>\n<meta property=\"og:url\" content=\"https:\/\/integralelektronik.com\/tr\/product\/oven-controller-dual\/\" \/>\n<meta property=\"og:site_name\" content=\"\u0130ntegral Elektronik\" \/>\n<meta property=\"og:image\" content=\"https:\/\/integralelektronik.com\/wp-content\/uploads\/2020\/12\/Oven-Controller-Dual.jpg\" \/>\n\t<meta property=\"og:image:width\" content=\"1280\" \/>\n\t<meta property=\"og:image:height\" content=\"720\" \/>\n\t<meta property=\"og:image:type\" content=\"image\/jpeg\" \/>\n<meta name=\"twitter:card\" content=\"summary_large_image\" \/>\n<meta name=\"twitter:label1\" content=\"Tahmini okuma s\u00fcresi\" \/>\n\t<meta name=\"twitter:data1\" content=\"1 dakika\" \/>\n<script type=\"application\/ld+json\" class=\"yoast-schema-graph\">{\"@context\":\"https:\/\/schema.org\",\"@graph\":[{\"@type\":\"WebPage\",\"@id\":\"https:\/\/integralelektronik.com\/tr\/product\/oven-controller-dual\/\",\"url\":\"https:\/\/integralelektronik.com\/tr\/product\/oven-controller-dual\/\",\"name\":\"Oven Controller (Dual) - \u0130ntegral Elektronik\",\"isPartOf\":{\"@id\":\"https:\/\/integralelektronik.com\/#website\"},\"primaryImageOfPage\":{\"@id\":\"https:\/\/integralelektronik.com\/tr\/product\/oven-controller-dual\/#primaryimage\"},\"image\":{\"@id\":\"https:\/\/integralelektronik.com\/tr\/product\/oven-controller-dual\/#primaryimage\"},\"thumbnailUrl\":\"https:\/\/integralelektronik.com\/wp-content\/uploads\/2020\/12\/Oven-Controller-Dual.jpg\",\"datePublished\":\"2020-12-05T14:29:14+00:00\",\"dateModified\":\"2020-12-05T14:29:14+00:00\",\"breadcrumb\":{\"@id\":\"https:\/\/integralelektronik.com\/tr\/product\/oven-controller-dual\/#breadcrumb\"},\"inLanguage\":\"tr\",\"potentialAction\":[{\"@type\":\"ReadAction\",\"target\":[\"https:\/\/integralelektronik.com\/tr\/product\/oven-controller-dual\/\"]}]},{\"@type\":\"ImageObject\",\"inLanguage\":\"tr\",\"@id\":\"https:\/\/integralelektronik.com\/tr\/product\/oven-controller-dual\/#primaryimage\",\"url\":\"https:\/\/integralelektronik.com\/wp-content\/uploads\/2020\/12\/Oven-Controller-Dual.jpg\",\"contentUrl\":\"https:\/\/integralelektronik.com\/wp-content\/uploads\/2020\/12\/Oven-Controller-Dual.jpg\",\"width\":1280,\"height\":720},{\"@type\":\"BreadcrumbList\",\"@id\":\"https:\/\/integralelektronik.com\/tr\/product\/oven-controller-dual\/#breadcrumb\",\"itemListElement\":[{\"@type\":\"ListItem\",\"position\":1,\"name\":\"Home\",\"item\":\"https:\/\/integralelektronik.com\/tr\/\"},{\"@type\":\"ListItem\",\"position\":2,\"name\":\"Shop\",\"item\":\"https:\/\/integralelektronik.com\/shop\/\"},{\"@type\":\"ListItem\",\"position\":3,\"name\":\"Oven Controller (Dual)\"}]},{\"@type\":\"WebSite\",\"@id\":\"https:\/\/integralelektronik.com\/#website\",\"url\":\"https:\/\/integralelektronik.com\/\",\"name\":\"\u0130ntegral Elektronik\",\"description\":\"\",\"publisher\":{\"@id\":\"https:\/\/integralelektronik.com\/#organization\"},\"potentialAction\":[{\"@type\":\"SearchAction\",\"target\":{\"@type\":\"EntryPoint\",\"urlTemplate\":\"https:\/\/integralelektronik.com\/?s={search_term_string}\"},\"query-input\":{\"@type\":\"PropertyValueSpecification\",\"valueRequired\":true,\"valueName\":\"search_term_string\"}}],\"inLanguage\":\"tr\"},{\"@type\":\"Organization\",\"@id\":\"https:\/\/integralelektronik.com\/#organization\",\"name\":\"\u0130ntegral Elektronik\",\"url\":\"https:\/\/integralelektronik.com\/\",\"logo\":{\"@type\":\"ImageObject\",\"inLanguage\":\"tr\",\"@id\":\"https:\/\/integralelektronik.com\/#\/schema\/logo\/image\/\",\"url\":\"https:\/\/integralelektronik.com\/wp-content\/uploads\/2020\/10\/logo.png\",\"contentUrl\":\"https:\/\/integralelektronik.com\/wp-content\/uploads\/2020\/10\/logo.png\",\"width\":180,\"height\":90,\"caption\":\"\u0130ntegral Elektronik\"},\"image\":{\"@id\":\"https:\/\/integralelektronik.com\/#\/schema\/logo\/image\/\"}}]}<\/script>\n<!-- \/ Yoast SEO plugin. -->","yoast_head_json":{"title":"Oven Controller (Dual) - \u0130ntegral Elektronik","robots":{"index":"index","follow":"follow","max-snippet":"max-snippet:-1","max-image-preview":"max-image-preview:large","max-video-preview":"max-video-preview:-1"},"canonical":"https:\/\/integralelektronik.com\/tr\/product\/oven-controller-dual\/","og_locale":"tr_TR","og_type":"article","og_title":"Oven Controller (Dual) - \u0130ntegral Elektronik","og_description":"\u00c7ift B\u00f6lgeli F\u0131r\u0131n Kontrol Cihaz\u0131 Farkl\u0131 programlar yapmak i\u00e7in 8 d\u00fc\u011fme","og_url":"https:\/\/integralelektronik.com\/tr\/product\/oven-controller-dual\/","og_site_name":"\u0130ntegral Elektronik","og_image":[{"width":1280,"height":720,"url":"https:\/\/integralelektronik.com\/wp-content\/uploads\/2020\/12\/Oven-Controller-Dual.jpg","type":"image\/jpeg"}],"twitter_card":"summary_large_image","twitter_misc":{"Tahmini okuma s\u00fcresi":"1 dakika"},"schema":{"@context":"https:\/\/schema.org","@graph":[{"@type":"WebPage","@id":"https:\/\/integralelektronik.com\/tr\/product\/oven-controller-dual\/","url":"https:\/\/integralelektronik.com\/tr\/product\/oven-controller-dual\/","name":"Oven Controller (Dual) - \u0130ntegral Elektronik","isPartOf":{"@id":"https:\/\/integralelektronik.com\/#website"},"primaryImageOfPage":{"@id":"https:\/\/integralelektronik.com\/tr\/product\/oven-controller-dual\/#primaryimage"},"image":{"@id":"https:\/\/integralelektronik.com\/tr\/product\/oven-controller-dual\/#primaryimage"},"thumbnailUrl":"https:\/\/integralelektronik.com\/wp-content\/uploads\/2020\/12\/Oven-Controller-Dual.jpg","datePublished":"2020-12-05T14:29:14+00:00","dateModified":"2020-12-05T14:29:14+00:00","breadcrumb":{"@id":"https:\/\/integralelektronik.com\/tr\/product\/oven-controller-dual\/#breadcrumb"},"inLanguage":"tr","potentialAction":[{"@type":"ReadAction","target":["https:\/\/integralelektronik.com\/tr\/product\/oven-controller-dual\/"]}]},{"@type":"ImageObject","inLanguage":"tr","@id":"https:\/\/integralelektronik.com\/tr\/product\/oven-controller-dual\/#primaryimage","url":"https:\/\/integralelektronik.com\/wp-content\/uploads\/2020\/12\/Oven-Controller-Dual.jpg","contentUrl":"https:\/\/integralelektronik.com\/wp-content\/uploads\/2020\/12\/Oven-Controller-Dual.jpg","width":1280,"height":720},{"@type":"BreadcrumbList","@id":"https:\/\/integralelektronik.com\/tr\/product\/oven-controller-dual\/#breadcrumb","itemListElement":[{"@type":"ListItem","position":1,"name":"Home","item":"https:\/\/integralelektronik.com\/tr\/"},{"@type":"ListItem","position":2,"name":"Shop","item":"https:\/\/integralelektronik.com\/shop\/"},{"@type":"ListItem","position":3,"name":"Oven Controller (Dual)"}]},{"@type":"WebSite","@id":"https:\/\/integralelektronik.com\/#website","url":"https:\/\/integralelektronik.com\/","name":"\u0130ntegral Elektronik","description":"","publisher":{"@id":"https:\/\/integralelektronik.com\/#organization"},"potentialAction":[{"@type":"SearchAction","target":{"@type":"EntryPoint","urlTemplate":"https:\/\/integralelektronik.com\/?s={search_term_string}"},"query-input":{"@type":"PropertyValueSpecification","valueRequired":true,"valueName":"search_term_string"}}],"inLanguage":"tr"},{"@type":"Organization","@id":"https:\/\/integralelektronik.com\/#organization","name":"\u0130ntegral Elektronik","url":"https:\/\/integralelektronik.com\/","logo":{"@type":"ImageObject","inLanguage":"tr","@id":"https:\/\/integralelektronik.com\/#\/schema\/logo\/image\/","url":"https:\/\/integralelektronik.com\/wp-content\/uploads\/2020\/10\/logo.png","contentUrl":"https:\/\/integralelektronik.com\/wp-content\/uploads\/2020\/10\/logo.png","width":180,"height":90,"caption":"\u0130ntegral Elektronik"},"image":{"@id":"https:\/\/integralelektronik.com\/#\/schema\/logo\/image\/"}}]}},"_links":{"self":[{"href":"https:\/\/integralelektronik.com\/tr\/wp-json\/wp\/v2\/product\/7748"}],"collection":[{"href":"https:\/\/integralelektronik.com\/tr\/wp-json\/wp\/v2\/product"}],"about":[{"href":"https:\/\/integralelektronik.com\/tr\/wp-json\/wp\/v2\/types\/product"}],"replies":[{"embeddable":true,"href":"https:\/\/integralelektronik.com\/tr\/wp-json\/wp\/v2\/comments?post=7748"}],"wp:featuredmedia":[{"embeddable":true,"href":"https:\/\/integralelektronik.com\/tr\/wp-json\/wp\/v2\/media\/7735"}],"wp:attachment":[{"href":"https:\/\/integralelektronik.com\/tr\/wp-json\/wp\/v2\/media?parent=7748"}],"wp:term":[{"taxonomy":"product_brand","embeddable":true,"href":"https:\/\/integralelektronik.com\/tr\/wp-json\/wp\/v2\/product_brand?post=7748"},{"taxonomy":"product_cat","embeddable":true,"href":"https:\/\/integralelektronik.com\/tr\/wp-json\/wp\/v2\/product_cat?post=7748"},{"taxonomy":"product_tag","embeddable":true,"href":"https:\/\/integralelektronik.com\/tr\/wp-json\/wp\/v2\/product_tag?post=7748"}],"curies":[{"name":"wp","href":"https:\/\/api.w.org\/{rel}","templated":true}]}}