{"id":7724,"date":"2020-12-05T16:50:34","date_gmt":"2020-12-05T13:50:34","guid":{"rendered":"https:\/\/integralelektronik.com\/?post_type=product&#038;p=7724"},"modified":"2020-12-05T16:50:34","modified_gmt":"2020-12-05T13:50:34","slug":"epm-3790-n","status":"publish","type":"product","link":"https:\/\/integralelektronik.com\/tr\/product\/epm-3790-n\/","title":{"rendered":"EPM-3790-N"},"content":{"rendered":"<p><span class=\"txt c\">V \/ F H\u0131z Kontrol Cihaz\u0131<br \/>\ni\u00e7in Ayarlanabilir Ayar De\u011ferinde \u00c7al\u0131\u015fma<br \/>\nRampa Fonksiyonu<br \/>\nEkonomik<br \/>\nKullan\u0131c\u0131ya Kolay<br \/>\n4 Haneli Ekran<br \/>\n\u00d6n panelden kolayca ayarlanabilen ayar de\u011feri<br \/>\n-1999 ile 9999 aras\u0131nda<br \/>\nayarlanabilir\u00a0ekran \u00f6l\u00e7e\u011fi\u00a0Ayarlanabilir ondal\u0131k nokta<br \/>\nAyar de\u011feri alt limit ve set de\u011feri \u00fcst limit s\u0131n\u0131rlar\u0131<br \/>\nAyarlanabilir rampa yukar\u0131 ve a\u015fa\u011f\u0131 rampa s\u00fcresi<br \/>\n0\/2\u2026 10Vdc Gerilim \u00e7\u0131k\u0131\u015f\u0131 veya 0\/4\u2026 20mAdc Ak\u0131m \u00e7\u0131k\u0131\u015f\u0131<br \/>\n(\u00a0S\u0131rayla\u00a0belirlenmelidir.)<\/span><\/p>\n<table>\n<tbody>\n<tr>\n<td colspan=\"2\"><b>Fiziksel \u00f6zellikler<\/b><\/td>\n<\/tr>\n<tr>\n<td><b>Boyutlar<\/b><\/td>\n<td>77 mm x 35 mm x 62,5 mm<\/td>\n<\/tr>\n<tr>\n<td><b>Koruma S\u0131n\u0131f\u0131<\/b><\/td>\n<td>NEMA 4X (\u00f6nde IP65, arkada IP20)<\/td>\n<\/tr>\n<tr>\n<td><b>Kurulum<\/b><\/td>\n<td>Sabit Kurulum<\/td>\n<\/tr>\n<tr>\n<td><b>Depolama \/ \u00c7al\u0131\u015fma S\u0131cakl\u0131\u011f\u0131<\/b><\/td>\n<td>-40\u00baC ile +85\u00baC \/ 0\u00baC ile +50\u00baC aras\u0131nda.<\/td>\n<\/tr>\n<tr>\n<td><b>Saklama \/ \u00c7al\u0131\u015fma Nemi<\/b><\/td>\n<td>% 90 maksimum\u00a0(Yo\u011fu\u015fmas\u0131z)<\/td>\n<\/tr>\n<tr>\n<td colspan=\"2\"><b>Elektriksel \u00d6zellikler<\/b><\/td>\n<\/tr>\n<tr>\n<td><b>Besleme Voltaj\u0131 ve G\u00fcc\u00fc<\/b><\/td>\n<td>230 Vac (+% 15) 50\/60 Hz.\u00a01.5 VA<br \/>\n115 Vac (+% 15) 50\/60 Hz.\u00a01.5 VA<br \/>\n24 Vac (+% 15) 50\/60 Hz.\u00a01,5 VA<br \/>\n24 Vac \/ dc (+% 15, +% 10) 50\/60 Hz.\u00a01.5 VA<br \/>\n100-240Vac 50 \/ 60Hz<br \/>\n10-30 Vdc<\/td>\n<\/tr>\n<tr>\n<td><b>Sens\u00f6r Giri\u015fleri<\/b><\/td>\n<td><\/td>\n<\/tr>\n<tr>\n<td><b>Opsiyonel Sens\u00f6r Giri\u015fleri<\/b><\/td>\n<td><\/td>\n<\/tr>\n<tr>\n<td><b>\u00d6l\u00e7ek<\/b><\/td>\n<td>-1999 ile 9999 aras\u0131nda yap\u0131land\u0131r\u0131labilir<\/td>\n<\/tr>\n<tr>\n<td><b>Do\u011fruluk<\/b><\/td>\n<td><\/td>\n<\/tr>\n<tr>\n<td colspan=\"2\"><b>\u00c7\u0131kt\u0131<\/b><\/td>\n<\/tr>\n<tr>\n<td><b>R\u00f6le \u00c7\u0131k\u0131\u015f\u0131<\/b><\/td>\n<td>0\/2\u2026 10Vdc Gerilim \u00c7\u0131k\u0131\u015f\u0131 (Maks. 10mA) veya<br \/>\n0\/4\u2026 20mAdc \u00c7\u0131k\u0131\u015f Ak\u0131m\u0131<\/td>\n<\/tr>\n<tr>\n<td><b>SSR \u00c7\u0131k\u0131\u015f\u0131<\/b><\/td>\n<td><\/td>\n<\/tr>\n<tr>\n<td><b>Analog \u00c7\u0131k\u0131\u015f<\/b><\/td>\n<td><\/td>\n<\/tr>\n<tr>\n<td><b>Opsiyonel \u00c7\u0131k\u0131\u015flar<\/b><\/td>\n<td>Maks. Alan say\u0131s\u0131\u00a05mA @ 30Vdc<br \/>\nMaks.\u00a05mA @ 30Vdc<\/td>\n<\/tr>\n<tr>\n<td colspan=\"2\"><b>Kontrol<\/b><\/td>\n<\/tr>\n<tr>\n<td><b>Kontrol Formu<\/b><\/td>\n<td><\/td>\n<\/tr>\n<tr>\n<td><b>Okuma Frekans\u0131<\/b><\/td>\n<td><\/td>\n<\/tr>\n<tr>\n<td><b>\u0130leti\u015fim Protokolleri<\/b><\/td>\n<td><\/td>\n<\/tr>\n<tr>\n<td><b>Onaylar<\/b><\/td>\n<td>CE, EAC<\/td>\n<\/tr>\n<\/tbody>\n<\/table>\n","protected":false},"excerpt":{"rendered":"<h2 class=\"pdp-product-info__description\"><span class=\"txt b\">Dijital Potansiyometre (77 X 35mm)<\/span><\/h2>\n<h3 class=\"pdp-product-info__description\">\u0130leri, Geri y\u00f6n \u00e7\u0131k\u0131\u015flar\u0131 ve hata giri\u015fi<\/h3>\n","protected":false},"featured_media":7723,"comment_status":"open","ping_status":"closed","template":"","meta":[],"product_brand":[],"product_cat":[506,513],"product_tag":[],"class_list":{"0":"post-7724","1":"product","2":"type-product","3":"status-publish","4":"has-post-thumbnail","6":"product_cat-emko-elektronik-tr","7":"product_cat-proses-kontrol-cihazlari","9":"first","10":"instock","11":"shipping-taxable","12":"product-type-simple"},"yoast_head":"<!-- This site is optimized with the Yoast SEO plugin v24.3 - https:\/\/yoast.com\/wordpress\/plugins\/seo\/ -->\n<title>EPM-3790-N - \u0130ntegral Elektronik<\/title>\n<meta name=\"robots\" content=\"index, follow, max-snippet:-1, max-image-preview:large, max-video-preview:-1\" \/>\n<link rel=\"canonical\" href=\"https:\/\/integralelektronik.com\/tr\/product\/epm-3790-n\/\" \/>\n<meta property=\"og:locale\" content=\"tr_TR\" \/>\n<meta property=\"og:type\" content=\"article\" \/>\n<meta property=\"og:title\" content=\"EPM-3790-N - \u0130ntegral Elektronik\" \/>\n<meta property=\"og:description\" content=\"Dijital Potansiyometre (77 X 35mm) \u0130leri, Geri y\u00f6n \u00e7\u0131k\u0131\u015flar\u0131 ve hata giri\u015fi\" \/>\n<meta property=\"og:url\" content=\"https:\/\/integralelektronik.com\/tr\/product\/epm-3790-n\/\" \/>\n<meta property=\"og:site_name\" content=\"\u0130ntegral Elektronik\" \/>\n<meta property=\"og:image\" content=\"https:\/\/integralelektronik.com\/wp-content\/uploads\/2020\/12\/EPM-3790-N.jpg\" \/>\n\t<meta property=\"og:image:width\" content=\"1280\" \/>\n\t<meta property=\"og:image:height\" content=\"720\" \/>\n\t<meta property=\"og:image:type\" content=\"image\/jpeg\" \/>\n<meta name=\"twitter:card\" content=\"summary_large_image\" \/>\n<meta name=\"twitter:label1\" content=\"Tahmini okuma s\u00fcresi\" \/>\n\t<meta name=\"twitter:data1\" content=\"1 dakika\" \/>\n<script type=\"application\/ld+json\" class=\"yoast-schema-graph\">{\"@context\":\"https:\/\/schema.org\",\"@graph\":[{\"@type\":\"WebPage\",\"@id\":\"https:\/\/integralelektronik.com\/tr\/product\/epm-3790-n\/\",\"url\":\"https:\/\/integralelektronik.com\/tr\/product\/epm-3790-n\/\",\"name\":\"EPM-3790-N - \u0130ntegral Elektronik\",\"isPartOf\":{\"@id\":\"https:\/\/integralelektronik.com\/#website\"},\"primaryImageOfPage\":{\"@id\":\"https:\/\/integralelektronik.com\/tr\/product\/epm-3790-n\/#primaryimage\"},\"image\":{\"@id\":\"https:\/\/integralelektronik.com\/tr\/product\/epm-3790-n\/#primaryimage\"},\"thumbnailUrl\":\"https:\/\/integralelektronik.com\/wp-content\/uploads\/2020\/12\/EPM-3790-N.jpg\",\"datePublished\":\"2020-12-05T13:50:34+00:00\",\"dateModified\":\"2020-12-05T13:50:34+00:00\",\"breadcrumb\":{\"@id\":\"https:\/\/integralelektronik.com\/tr\/product\/epm-3790-n\/#breadcrumb\"},\"inLanguage\":\"tr\",\"potentialAction\":[{\"@type\":\"ReadAction\",\"target\":[\"https:\/\/integralelektronik.com\/tr\/product\/epm-3790-n\/\"]}]},{\"@type\":\"ImageObject\",\"inLanguage\":\"tr\",\"@id\":\"https:\/\/integralelektronik.com\/tr\/product\/epm-3790-n\/#primaryimage\",\"url\":\"https:\/\/integralelektronik.com\/wp-content\/uploads\/2020\/12\/EPM-3790-N.jpg\",\"contentUrl\":\"https:\/\/integralelektronik.com\/wp-content\/uploads\/2020\/12\/EPM-3790-N.jpg\",\"width\":1280,\"height\":720},{\"@type\":\"BreadcrumbList\",\"@id\":\"https:\/\/integralelektronik.com\/tr\/product\/epm-3790-n\/#breadcrumb\",\"itemListElement\":[{\"@type\":\"ListItem\",\"position\":1,\"name\":\"Home\",\"item\":\"https:\/\/integralelektronik.com\/tr\/\"},{\"@type\":\"ListItem\",\"position\":2,\"name\":\"Shop\",\"item\":\"https:\/\/integralelektronik.com\/shop\/\"},{\"@type\":\"ListItem\",\"position\":3,\"name\":\"EPM-3790-N\"}]},{\"@type\":\"WebSite\",\"@id\":\"https:\/\/integralelektronik.com\/#website\",\"url\":\"https:\/\/integralelektronik.com\/\",\"name\":\"\u0130ntegral Elektronik\",\"description\":\"\",\"publisher\":{\"@id\":\"https:\/\/integralelektronik.com\/#organization\"},\"potentialAction\":[{\"@type\":\"SearchAction\",\"target\":{\"@type\":\"EntryPoint\",\"urlTemplate\":\"https:\/\/integralelektronik.com\/?s={search_term_string}\"},\"query-input\":{\"@type\":\"PropertyValueSpecification\",\"valueRequired\":true,\"valueName\":\"search_term_string\"}}],\"inLanguage\":\"tr\"},{\"@type\":\"Organization\",\"@id\":\"https:\/\/integralelektronik.com\/#organization\",\"name\":\"\u0130ntegral Elektronik\",\"url\":\"https:\/\/integralelektronik.com\/\",\"logo\":{\"@type\":\"ImageObject\",\"inLanguage\":\"tr\",\"@id\":\"https:\/\/integralelektronik.com\/#\/schema\/logo\/image\/\",\"url\":\"https:\/\/integralelektronik.com\/wp-content\/uploads\/2020\/10\/logo.png\",\"contentUrl\":\"https:\/\/integralelektronik.com\/wp-content\/uploads\/2020\/10\/logo.png\",\"width\":180,\"height\":90,\"caption\":\"\u0130ntegral Elektronik\"},\"image\":{\"@id\":\"https:\/\/integralelektronik.com\/#\/schema\/logo\/image\/\"}}]}<\/script>\n<!-- \/ Yoast SEO plugin. -->","yoast_head_json":{"title":"EPM-3790-N - \u0130ntegral Elektronik","robots":{"index":"index","follow":"follow","max-snippet":"max-snippet:-1","max-image-preview":"max-image-preview:large","max-video-preview":"max-video-preview:-1"},"canonical":"https:\/\/integralelektronik.com\/tr\/product\/epm-3790-n\/","og_locale":"tr_TR","og_type":"article","og_title":"EPM-3790-N - \u0130ntegral Elektronik","og_description":"Dijital Potansiyometre (77 X 35mm) \u0130leri, Geri y\u00f6n \u00e7\u0131k\u0131\u015flar\u0131 ve hata giri\u015fi","og_url":"https:\/\/integralelektronik.com\/tr\/product\/epm-3790-n\/","og_site_name":"\u0130ntegral Elektronik","og_image":[{"width":1280,"height":720,"url":"https:\/\/integralelektronik.com\/wp-content\/uploads\/2020\/12\/EPM-3790-N.jpg","type":"image\/jpeg"}],"twitter_card":"summary_large_image","twitter_misc":{"Tahmini okuma s\u00fcresi":"1 dakika"},"schema":{"@context":"https:\/\/schema.org","@graph":[{"@type":"WebPage","@id":"https:\/\/integralelektronik.com\/tr\/product\/epm-3790-n\/","url":"https:\/\/integralelektronik.com\/tr\/product\/epm-3790-n\/","name":"EPM-3790-N - \u0130ntegral Elektronik","isPartOf":{"@id":"https:\/\/integralelektronik.com\/#website"},"primaryImageOfPage":{"@id":"https:\/\/integralelektronik.com\/tr\/product\/epm-3790-n\/#primaryimage"},"image":{"@id":"https:\/\/integralelektronik.com\/tr\/product\/epm-3790-n\/#primaryimage"},"thumbnailUrl":"https:\/\/integralelektronik.com\/wp-content\/uploads\/2020\/12\/EPM-3790-N.jpg","datePublished":"2020-12-05T13:50:34+00:00","dateModified":"2020-12-05T13:50:34+00:00","breadcrumb":{"@id":"https:\/\/integralelektronik.com\/tr\/product\/epm-3790-n\/#breadcrumb"},"inLanguage":"tr","potentialAction":[{"@type":"ReadAction","target":["https:\/\/integralelektronik.com\/tr\/product\/epm-3790-n\/"]}]},{"@type":"ImageObject","inLanguage":"tr","@id":"https:\/\/integralelektronik.com\/tr\/product\/epm-3790-n\/#primaryimage","url":"https:\/\/integralelektronik.com\/wp-content\/uploads\/2020\/12\/EPM-3790-N.jpg","contentUrl":"https:\/\/integralelektronik.com\/wp-content\/uploads\/2020\/12\/EPM-3790-N.jpg","width":1280,"height":720},{"@type":"BreadcrumbList","@id":"https:\/\/integralelektronik.com\/tr\/product\/epm-3790-n\/#breadcrumb","itemListElement":[{"@type":"ListItem","position":1,"name":"Home","item":"https:\/\/integralelektronik.com\/tr\/"},{"@type":"ListItem","position":2,"name":"Shop","item":"https:\/\/integralelektronik.com\/shop\/"},{"@type":"ListItem","position":3,"name":"EPM-3790-N"}]},{"@type":"WebSite","@id":"https:\/\/integralelektronik.com\/#website","url":"https:\/\/integralelektronik.com\/","name":"\u0130ntegral Elektronik","description":"","publisher":{"@id":"https:\/\/integralelektronik.com\/#organization"},"potentialAction":[{"@type":"SearchAction","target":{"@type":"EntryPoint","urlTemplate":"https:\/\/integralelektronik.com\/?s={search_term_string}"},"query-input":{"@type":"PropertyValueSpecification","valueRequired":true,"valueName":"search_term_string"}}],"inLanguage":"tr"},{"@type":"Organization","@id":"https:\/\/integralelektronik.com\/#organization","name":"\u0130ntegral Elektronik","url":"https:\/\/integralelektronik.com\/","logo":{"@type":"ImageObject","inLanguage":"tr","@id":"https:\/\/integralelektronik.com\/#\/schema\/logo\/image\/","url":"https:\/\/integralelektronik.com\/wp-content\/uploads\/2020\/10\/logo.png","contentUrl":"https:\/\/integralelektronik.com\/wp-content\/uploads\/2020\/10\/logo.png","width":180,"height":90,"caption":"\u0130ntegral Elektronik"},"image":{"@id":"https:\/\/integralelektronik.com\/#\/schema\/logo\/image\/"}}]}},"_links":{"self":[{"href":"https:\/\/integralelektronik.com\/tr\/wp-json\/wp\/v2\/product\/7724"}],"collection":[{"href":"https:\/\/integralelektronik.com\/tr\/wp-json\/wp\/v2\/product"}],"about":[{"href":"https:\/\/integralelektronik.com\/tr\/wp-json\/wp\/v2\/types\/product"}],"replies":[{"embeddable":true,"href":"https:\/\/integralelektronik.com\/tr\/wp-json\/wp\/v2\/comments?post=7724"}],"wp:featuredmedia":[{"embeddable":true,"href":"https:\/\/integralelektronik.com\/tr\/wp-json\/wp\/v2\/media\/7723"}],"wp:attachment":[{"href":"https:\/\/integralelektronik.com\/tr\/wp-json\/wp\/v2\/media?parent=7724"}],"wp:term":[{"taxonomy":"product_brand","embeddable":true,"href":"https:\/\/integralelektronik.com\/tr\/wp-json\/wp\/v2\/product_brand?post=7724"},{"taxonomy":"product_cat","embeddable":true,"href":"https:\/\/integralelektronik.com\/tr\/wp-json\/wp\/v2\/product_cat?post=7724"},{"taxonomy":"product_tag","embeddable":true,"href":"https:\/\/integralelektronik.com\/tr\/wp-json\/wp\/v2\/product_tag?post=7724"}],"curies":[{"name":"wp","href":"https:\/\/api.w.org\/{rel}","templated":true}]}}