{"id":7719,"date":"2020-12-05T16:38:43","date_gmt":"2020-12-05T13:38:43","guid":{"rendered":"https:\/\/integralelektronik.com\/?post_type=product&#038;p=7719"},"modified":"2020-12-05T16:38:44","modified_gmt":"2020-12-05T13:38:44","slug":"esm-9950","status":"publish","type":"product","link":"https:\/\/integralelektronik.com\/tr\/product\/esm-9950\/","title":{"rendered":"ESM-9950"},"content":{"rendered":"<p>ESM-XX50<br \/>\n8 ad\u0131ml\u0131 profil kontrol\u00fc (Ramp &amp; Soak) fonksiyonu ve<br \/>\nmant\u0131ksal giri\u015f mod\u00fcl\u00fc kullanarak ba\u015flat-beklet-durdur<br \/>\nProses de\u011feri ve proses kontrol\u00fc i\u00e7in<br \/>\nYeniden iletim \u00f6zelli\u011fi<br \/>\n0\u2026 5Adc CT<br \/>\ngiri\u015f mod\u00fcl\u00fc\u00a0kullan\u0131larak \u0131s\u0131t\u0131c\u0131 ar\u0131zas\u0131n\u0131n tespiti<br \/>\nEvrensel proses giri\u015fi (TC, RTD, mVdc, Vdc, mAdc)<br \/>\nBumpless transfer<br \/>\nMotorlu valf kontrol fonksiyonu<br \/>\n4 Haneli proses (PV) ve 4 Haneli set (SV) ekran\u0131\u00a0Kontrol \u00e7\u0131k\u0131\u015flar\u0131 i\u00e7in<br \/>\nprogramlanabilir \u0131s\u0131tma, so\u011futma ve alarm<br \/>\nfonksiyonlar\u0131<br \/>\nOtomatik ayar ve Kendinden\u00a0ayarl\u0131\u00a0PID<br \/>\n\u00c7ift veya \u00e7ok noktal\u0131 dc Voltaj \/ Ak\u0131m giri\u015fi i\u00e7in kalibrasyon<br \/>\nYap\u0131land\u0131r\u0131labilir A\u00c7IK \/ KAPALI, P, PI, PD ve PID kontrol formlar\u0131<\/p>\n<table>\n<tbody>\n<tr>\n<td colspan=\"2\"><b>Fiziksel \u00f6zellikler<\/b><\/td>\n<\/tr>\n<tr>\n<td><b>Boyutlar<\/b><\/td>\n<td>96 mm x 96 mm 87,5 mm<\/td>\n<\/tr>\n<tr>\n<td><b>Koruma S\u0131n\u0131f\u0131<\/b><\/td>\n<td>NEMA 4X (\u00f6nde IP65, arkada IP20)<\/td>\n<\/tr>\n<tr>\n<td><b>Kurulum<\/b><\/td>\n<td>Sabit Kurulum<\/td>\n<\/tr>\n<tr>\n<td><b>Depolama \/ \u00c7al\u0131\u015fma S\u0131cakl\u0131\u011f\u0131<\/b><\/td>\n<td>0\u2026 50\u00baC<\/td>\n<\/tr>\n<tr>\n<td><b>Saklama \/ \u00c7al\u0131\u015fma Nemi<\/b><\/td>\n<td>% 90 maksimum\u00a0(Yo\u011fu\u015fmas\u0131z)<\/td>\n<\/tr>\n<tr>\n<td colspan=\"2\"><b>Elektriksel \u00d6zellikler<\/b><\/td>\n<\/tr>\n<tr>\n<td><b>Besleme Voltaj\u0131 ve G\u00fcc\u00fc<\/b><\/td>\n<td>100-240 Vac (-% 15, +% 10) 50\/60 Hz.\u00a06 VA<br \/>\n24 Vac (-% 15, +% 10) 50\/60 Hz.\u00a06 VA<br \/>\n24 Vdc (-% 15, +% 10) 6 W<\/td>\n<\/tr>\n<tr>\n<td><b>Sens\u00f6r Giri\u015fleri<\/b><\/td>\n<td>Evrensel Giri\u015f TC, RTD, Gerilim \/ Ak\u0131m (dc)<br \/>\nL (DIN43710),<br \/>\nJ, K, R, T, S, B, E, N (IEC584.1) (ITS90)<br \/>\nPT100 (IEC751) (ITS90)\u00a0yap\u0131land\u0131rma parametreleri ile se\u00e7ilebilir\u00a0)<br \/>\nYap\u0131land\u0131rma parametreleri ile se\u00e7ilebilir 0-50 mV, 0-5 V, 0-10 V<br \/>\nYap\u0131land\u0131rma parametreleri ile se\u00e7ilebilir 0-20 mA, 4-20 mA<\/td>\n<\/tr>\n<tr>\n<td><b>Opsiyonel Sens\u00f6r Giri\u015fleri<\/b><\/td>\n<td>EMI-400 Dijital Giri\u015f Mod\u00fcl\u00fc<br \/>\nEMI-410 0 \/ 4-20mA Ak\u0131m Giri\u015f Mod\u00fcl\u00fc<br \/>\nEMI-420 CT 0-5A Giri\u015f Mod\u00fcl\u00fc<br \/>\nEMI-430 TC veya 0.-50mVdc Giri\u015f Mod\u00fcl\u00fc<br \/>\nEMI-440 PT-100 Giri\u015f Mod\u00fcl\u00fc<br \/>\nEMI-450 0- 10Vdc Giri\u015f Mod\u00fcl\u00fc<\/td>\n<\/tr>\n<tr>\n<td><b>\u00d6l\u00e7ek<\/b><\/td>\n<td><\/td>\n<\/tr>\n<tr>\n<td><b>Do\u011fruluk<\/b><\/td>\n<td>Termokupl, Termorezistans ve Gerilim i\u00e7in tam \u00f6l\u00e7e\u011fin \u00b1% 0,25\u2019i<\/td>\n<\/tr>\n<tr>\n<td colspan=\"2\"><b>\u00c7\u0131kt\u0131<\/b><\/td>\n<\/tr>\n<tr>\n<td><b>R\u00f6le \u00c7\u0131k\u0131\u015f\u0131<\/b><\/td>\n<td>Rezistif y\u00fckte 5A @ 250 Vac<\/td>\n<\/tr>\n<tr>\n<td><b>SSR \u00c7\u0131k\u0131\u015f\u0131<\/b><\/td>\n<td><\/td>\n<\/tr>\n<tr>\n<td><b>Analog \u00c7\u0131k\u0131\u015f<\/b><\/td>\n<td><\/td>\n<\/tr>\n<tr>\n<td><b>Opsiyonel \u00c7\u0131k\u0131\u015flar<\/b><\/td>\n<td>EM0-400 R\u00f6le \u00c7\u0131k\u0131\u015f Mod\u00fcl\u00fc (3A @ 250V)<br \/>\nEM0-410 SSR \u00c7\u0131k\u0131\u015f Mod\u00fcl\u00fc (20mA @ 18V)<br \/>\nEM0-420 Dijital (Transist\u00f6r) \u00c7\u0131k\u0131\u015f Mod\u00fcl\u00fc (40mA @ 18V)<br \/>\nEM0-430 0 \/ 4-20mA Ak\u0131m \u00c7\u0131k\u0131\u015f Mod\u00fcl\u00fc<\/td>\n<\/tr>\n<tr>\n<td colspan=\"2\"><b>Kontrol<\/b><\/td>\n<\/tr>\n<tr>\n<td><b>Kontrol Formu<\/b><\/td>\n<td>A\u00e7\u0131k \/ Kapal\u0131, P, PI, PD, PID<\/td>\n<\/tr>\n<tr>\n<td><b>Okuma Frekans\u0131<\/b><\/td>\n<td>Saniyede 3 okuma<\/td>\n<\/tr>\n<tr>\n<td><b>\u0130leti\u015fim Protokolleri<\/b><\/td>\n<td>MODBUS-RTU<\/td>\n<\/tr>\n<tr>\n<td><b>Onaylar<\/b><\/td>\n<td>UL Onayl\u0131 Bile\u015fen (Dosya No: E 254103), GOST-R, CE<\/td>\n<\/tr>\n<\/tbody>\n<\/table>\n","protected":false},"excerpt":{"rendered":"<h2 class=\"pdp-product-info__description\">\u201cAk\u0131ll\u0131 IO Mod\u00fcl\u00fc\u201d<\/h2>\n<h3 class=\"pdp-product-info__description\">Proses Kontrol\u00f6r\u00fc<\/h3>\n","protected":false},"featured_media":7707,"comment_status":"open","ping_status":"closed","template":"","meta":[],"product_brand":[],"product_cat":[506,513],"product_tag":[],"class_list":{"0":"post-7719","1":"product","2":"type-product","3":"status-publish","4":"has-post-thumbnail","6":"product_cat-emko-elektronik-tr","7":"product_cat-proses-kontrol-cihazlari","9":"first","10":"instock","11":"shipping-taxable","12":"product-type-simple"},"yoast_head":"<!-- This site is optimized with the Yoast SEO plugin v24.3 - https:\/\/yoast.com\/wordpress\/plugins\/seo\/ -->\n<title>ESM-9950 - \u0130ntegral Elektronik<\/title>\n<meta name=\"robots\" content=\"index, follow, max-snippet:-1, max-image-preview:large, max-video-preview:-1\" \/>\n<link rel=\"canonical\" href=\"https:\/\/integralelektronik.com\/tr\/product\/esm-9950\/\" \/>\n<meta property=\"og:locale\" content=\"tr_TR\" \/>\n<meta property=\"og:type\" content=\"article\" \/>\n<meta property=\"og:title\" content=\"ESM-9950 - \u0130ntegral Elektronik\" \/>\n<meta property=\"og:description\" content=\"\u201cAk\u0131ll\u0131 IO Mod\u00fcl\u00fc\u201d Proses Kontrol\u00f6r\u00fc\" \/>\n<meta property=\"og:url\" content=\"https:\/\/integralelektronik.com\/tr\/product\/esm-9950\/\" \/>\n<meta property=\"og:site_name\" content=\"\u0130ntegral Elektronik\" \/>\n<meta property=\"article:modified_time\" content=\"2020-12-05T13:38:44+00:00\" \/>\n<meta property=\"og:image\" content=\"https:\/\/integralelektronik.com\/wp-content\/uploads\/2020\/12\/ESM-9950.jpg\" \/>\n\t<meta property=\"og:image:width\" content=\"1280\" \/>\n\t<meta property=\"og:image:height\" content=\"720\" \/>\n\t<meta property=\"og:image:type\" content=\"image\/jpeg\" \/>\n<meta name=\"twitter:card\" content=\"summary_large_image\" \/>\n<meta name=\"twitter:label1\" content=\"Tahmini okuma s\u00fcresi\" \/>\n\t<meta name=\"twitter:data1\" content=\"2 dakika\" \/>\n<script type=\"application\/ld+json\" class=\"yoast-schema-graph\">{\"@context\":\"https:\/\/schema.org\",\"@graph\":[{\"@type\":\"WebPage\",\"@id\":\"https:\/\/integralelektronik.com\/tr\/product\/esm-9950\/\",\"url\":\"https:\/\/integralelektronik.com\/tr\/product\/esm-9950\/\",\"name\":\"ESM-9950 - \u0130ntegral Elektronik\",\"isPartOf\":{\"@id\":\"https:\/\/integralelektronik.com\/#website\"},\"primaryImageOfPage\":{\"@id\":\"https:\/\/integralelektronik.com\/tr\/product\/esm-9950\/#primaryimage\"},\"image\":{\"@id\":\"https:\/\/integralelektronik.com\/tr\/product\/esm-9950\/#primaryimage\"},\"thumbnailUrl\":\"https:\/\/integralelektronik.com\/wp-content\/uploads\/2020\/12\/ESM-9950.jpg\",\"datePublished\":\"2020-12-05T13:38:43+00:00\",\"dateModified\":\"2020-12-05T13:38:44+00:00\",\"breadcrumb\":{\"@id\":\"https:\/\/integralelektronik.com\/tr\/product\/esm-9950\/#breadcrumb\"},\"inLanguage\":\"tr\",\"potentialAction\":[{\"@type\":\"ReadAction\",\"target\":[\"https:\/\/integralelektronik.com\/tr\/product\/esm-9950\/\"]}]},{\"@type\":\"ImageObject\",\"inLanguage\":\"tr\",\"@id\":\"https:\/\/integralelektronik.com\/tr\/product\/esm-9950\/#primaryimage\",\"url\":\"https:\/\/integralelektronik.com\/wp-content\/uploads\/2020\/12\/ESM-9950.jpg\",\"contentUrl\":\"https:\/\/integralelektronik.com\/wp-content\/uploads\/2020\/12\/ESM-9950.jpg\",\"width\":1280,\"height\":720},{\"@type\":\"BreadcrumbList\",\"@id\":\"https:\/\/integralelektronik.com\/tr\/product\/esm-9950\/#breadcrumb\",\"itemListElement\":[{\"@type\":\"ListItem\",\"position\":1,\"name\":\"Home\",\"item\":\"https:\/\/integralelektronik.com\/tr\/\"},{\"@type\":\"ListItem\",\"position\":2,\"name\":\"Shop\",\"item\":\"https:\/\/integralelektronik.com\/shop\/\"},{\"@type\":\"ListItem\",\"position\":3,\"name\":\"ESM-9950\"}]},{\"@type\":\"WebSite\",\"@id\":\"https:\/\/integralelektronik.com\/#website\",\"url\":\"https:\/\/integralelektronik.com\/\",\"name\":\"\u0130ntegral Elektronik\",\"description\":\"\",\"publisher\":{\"@id\":\"https:\/\/integralelektronik.com\/#organization\"},\"potentialAction\":[{\"@type\":\"SearchAction\",\"target\":{\"@type\":\"EntryPoint\",\"urlTemplate\":\"https:\/\/integralelektronik.com\/?s={search_term_string}\"},\"query-input\":{\"@type\":\"PropertyValueSpecification\",\"valueRequired\":true,\"valueName\":\"search_term_string\"}}],\"inLanguage\":\"tr\"},{\"@type\":\"Organization\",\"@id\":\"https:\/\/integralelektronik.com\/#organization\",\"name\":\"\u0130ntegral Elektronik\",\"url\":\"https:\/\/integralelektronik.com\/\",\"logo\":{\"@type\":\"ImageObject\",\"inLanguage\":\"tr\",\"@id\":\"https:\/\/integralelektronik.com\/#\/schema\/logo\/image\/\",\"url\":\"https:\/\/integralelektronik.com\/wp-content\/uploads\/2020\/10\/logo.png\",\"contentUrl\":\"https:\/\/integralelektronik.com\/wp-content\/uploads\/2020\/10\/logo.png\",\"width\":180,\"height\":90,\"caption\":\"\u0130ntegral Elektronik\"},\"image\":{\"@id\":\"https:\/\/integralelektronik.com\/#\/schema\/logo\/image\/\"}}]}<\/script>\n<!-- \/ Yoast SEO plugin. -->","yoast_head_json":{"title":"ESM-9950 - \u0130ntegral Elektronik","robots":{"index":"index","follow":"follow","max-snippet":"max-snippet:-1","max-image-preview":"max-image-preview:large","max-video-preview":"max-video-preview:-1"},"canonical":"https:\/\/integralelektronik.com\/tr\/product\/esm-9950\/","og_locale":"tr_TR","og_type":"article","og_title":"ESM-9950 - \u0130ntegral Elektronik","og_description":"\u201cAk\u0131ll\u0131 IO Mod\u00fcl\u00fc\u201d Proses Kontrol\u00f6r\u00fc","og_url":"https:\/\/integralelektronik.com\/tr\/product\/esm-9950\/","og_site_name":"\u0130ntegral Elektronik","article_modified_time":"2020-12-05T13:38:44+00:00","og_image":[{"width":1280,"height":720,"url":"https:\/\/integralelektronik.com\/wp-content\/uploads\/2020\/12\/ESM-9950.jpg","type":"image\/jpeg"}],"twitter_card":"summary_large_image","twitter_misc":{"Tahmini okuma s\u00fcresi":"2 dakika"},"schema":{"@context":"https:\/\/schema.org","@graph":[{"@type":"WebPage","@id":"https:\/\/integralelektronik.com\/tr\/product\/esm-9950\/","url":"https:\/\/integralelektronik.com\/tr\/product\/esm-9950\/","name":"ESM-9950 - \u0130ntegral Elektronik","isPartOf":{"@id":"https:\/\/integralelektronik.com\/#website"},"primaryImageOfPage":{"@id":"https:\/\/integralelektronik.com\/tr\/product\/esm-9950\/#primaryimage"},"image":{"@id":"https:\/\/integralelektronik.com\/tr\/product\/esm-9950\/#primaryimage"},"thumbnailUrl":"https:\/\/integralelektronik.com\/wp-content\/uploads\/2020\/12\/ESM-9950.jpg","datePublished":"2020-12-05T13:38:43+00:00","dateModified":"2020-12-05T13:38:44+00:00","breadcrumb":{"@id":"https:\/\/integralelektronik.com\/tr\/product\/esm-9950\/#breadcrumb"},"inLanguage":"tr","potentialAction":[{"@type":"ReadAction","target":["https:\/\/integralelektronik.com\/tr\/product\/esm-9950\/"]}]},{"@type":"ImageObject","inLanguage":"tr","@id":"https:\/\/integralelektronik.com\/tr\/product\/esm-9950\/#primaryimage","url":"https:\/\/integralelektronik.com\/wp-content\/uploads\/2020\/12\/ESM-9950.jpg","contentUrl":"https:\/\/integralelektronik.com\/wp-content\/uploads\/2020\/12\/ESM-9950.jpg","width":1280,"height":720},{"@type":"BreadcrumbList","@id":"https:\/\/integralelektronik.com\/tr\/product\/esm-9950\/#breadcrumb","itemListElement":[{"@type":"ListItem","position":1,"name":"Home","item":"https:\/\/integralelektronik.com\/tr\/"},{"@type":"ListItem","position":2,"name":"Shop","item":"https:\/\/integralelektronik.com\/shop\/"},{"@type":"ListItem","position":3,"name":"ESM-9950"}]},{"@type":"WebSite","@id":"https:\/\/integralelektronik.com\/#website","url":"https:\/\/integralelektronik.com\/","name":"\u0130ntegral Elektronik","description":"","publisher":{"@id":"https:\/\/integralelektronik.com\/#organization"},"potentialAction":[{"@type":"SearchAction","target":{"@type":"EntryPoint","urlTemplate":"https:\/\/integralelektronik.com\/?s={search_term_string}"},"query-input":{"@type":"PropertyValueSpecification","valueRequired":true,"valueName":"search_term_string"}}],"inLanguage":"tr"},{"@type":"Organization","@id":"https:\/\/integralelektronik.com\/#organization","name":"\u0130ntegral Elektronik","url":"https:\/\/integralelektronik.com\/","logo":{"@type":"ImageObject","inLanguage":"tr","@id":"https:\/\/integralelektronik.com\/#\/schema\/logo\/image\/","url":"https:\/\/integralelektronik.com\/wp-content\/uploads\/2020\/10\/logo.png","contentUrl":"https:\/\/integralelektronik.com\/wp-content\/uploads\/2020\/10\/logo.png","width":180,"height":90,"caption":"\u0130ntegral Elektronik"},"image":{"@id":"https:\/\/integralelektronik.com\/#\/schema\/logo\/image\/"}}]}},"_links":{"self":[{"href":"https:\/\/integralelektronik.com\/tr\/wp-json\/wp\/v2\/product\/7719"}],"collection":[{"href":"https:\/\/integralelektronik.com\/tr\/wp-json\/wp\/v2\/product"}],"about":[{"href":"https:\/\/integralelektronik.com\/tr\/wp-json\/wp\/v2\/types\/product"}],"replies":[{"embeddable":true,"href":"https:\/\/integralelektronik.com\/tr\/wp-json\/wp\/v2\/comments?post=7719"}],"wp:featuredmedia":[{"embeddable":true,"href":"https:\/\/integralelektronik.com\/tr\/wp-json\/wp\/v2\/media\/7707"}],"wp:attachment":[{"href":"https:\/\/integralelektronik.com\/tr\/wp-json\/wp\/v2\/media?parent=7719"}],"wp:term":[{"taxonomy":"product_brand","embeddable":true,"href":"https:\/\/integralelektronik.com\/tr\/wp-json\/wp\/v2\/product_brand?post=7719"},{"taxonomy":"product_cat","embeddable":true,"href":"https:\/\/integralelektronik.com\/tr\/wp-json\/wp\/v2\/product_cat?post=7719"},{"taxonomy":"product_tag","embeddable":true,"href":"https:\/\/integralelektronik.com\/tr\/wp-json\/wp\/v2\/product_tag?post=7719"}],"curies":[{"name":"wp","href":"https:\/\/api.w.org\/{rel}","templated":true}]}}