{"id":7654,"date":"2020-12-05T15:25:14","date_gmt":"2020-12-05T12:25:14","guid":{"rendered":"https:\/\/integralelektronik.com\/?post_type=product&#038;p=7654"},"modified":"2020-12-05T15:25:15","modified_gmt":"2020-12-05T12:25:15","slug":"esm-9920","status":"publish","type":"product","link":"https:\/\/integralelektronik.com\/tr\/product\/esm-9920\/","title":{"rendered":"ESM-9920"},"content":{"rendered":"<p>ESM-XX20<br \/>\nEvrensel proses giri\u015fi (TC, RTD)<br \/>\nSelf-Tune (Step Response Tuning)<br \/>\nkatsay\u0131lar\u0131n sisteme otomatik adaptasyonu<br \/>\n2 R\u00f6le ve 1 SSR s\u00fcr\u00fcc\u00fc \u00e7\u0131k\u0131\u015f\u0131<br \/>\nDiren\u00e7 Dayan\u0131kl\u0131l\u0131\u011f\u0131 i\u00e7in Yumu\u015fak Ba\u015flatma \u00c7\u0131k\u0131\u015f\u0131<br \/>\n4 Haneli proses (PV) ve 4 Haneli set De\u011fer (SV) ekran\u0131<br \/>\nYap\u0131land\u0131r\u0131labilir A\u00c7IK \/ KAPALI, P, PI, PD ve PID kontrol formlar\u0131<br \/>\nKontrol \u00c7\u0131k\u0131\u015f\u0131 i\u00e7in Programlanabilir Is\u0131tma veya So\u011futma Fonksiyonlar\u0131<br \/>\nAlarm \u00c7\u0131k\u0131\u015f\u0131 i\u00e7in Alarm Fonksiyonlar\u0131<br \/>\nSistem Korumas\u0131<br \/>\nSens\u00f6r Kesilme Korumas\u0131\u00a0i\u00e7in SET De\u011feri S\u0131n\u0131rlamas\u0131<\/p>\n<table>\n<tbody>\n<tr>\n<td colspan=\"2\"><b>Fiziksel \u00f6zellikler<\/b><\/td>\n<\/tr>\n<tr>\n<td><b>Boyutlar<\/b><\/td>\n<td>96 mm x 96 mm 96 mm<\/td>\n<\/tr>\n<tr>\n<td><b>Koruma S\u0131n\u0131f\u0131<\/b><\/td>\n<td>NEMA 4X (\u00f6nde IP65, arkada IP20)<\/td>\n<\/tr>\n<tr>\n<td><b>Kurulum<\/b><\/td>\n<td>Sabit Kurulum<\/td>\n<\/tr>\n<tr>\n<td><b>Depolama \/ \u00c7al\u0131\u015fma S\u0131cakl\u0131\u011f\u0131<\/b><\/td>\n<td>-40 \u00b0 C ile + 85 \u00b0 C \/ 0 \u00b0 C ile + 50 \u00b0 C<\/td>\n<\/tr>\n<tr>\n<td><b>Saklama \/ \u00c7al\u0131\u015fma Nemi<\/b><\/td>\n<td>% 90 maksimum\u00a0(Yo\u011fu\u015fmas\u0131z)<\/td>\n<\/tr>\n<tr>\n<td colspan=\"2\"><b>Elektriksel \u00d6zellikler<\/b><\/td>\n<\/tr>\n<tr>\n<td><b>Besleme Voltaj\u0131 ve G\u00fcc\u00fc<\/b><\/td>\n<td>230 Vac (+% 15) 50\/60 Hz.\u00a01.5 VA<br \/>\n115 Vac (+% 15) 50\/60 Hz.\u00a01.5 VA<br \/>\n24 Vac (+% 15) 50\/60 Hz.\u00a01,5 VA<br \/>\n24 Vac \/ dc (+% 15, +% 10) 50\/60 Hz.\u00a01,5 VA<\/td>\n<\/tr>\n<tr>\n<td><b>Sens\u00f6r Giri\u015fleri<\/b><\/td>\n<td>J, K, R, S, T (IEC584.1) (ITS90)\u00a0PT-100 (IEC751) (ITS90)<br \/>\nparametrelerinden se\u00e7ilebilir<\/td>\n<\/tr>\n<tr>\n<td><b>Opsiyonel Sens\u00f6r Giri\u015fleri<\/b><\/td>\n<td><\/td>\n<\/tr>\n<tr>\n<td><b>\u00d6l\u00e7ek<\/b><\/td>\n<td>Fe CuNi -200 \u00b0 C, 900 \u00b0 C<br \/>\nNiCr Ni -200 \u00b0 C, 1300 \u00b0 C<br \/>\nPt13% Rh 0 \u00b0 C, 1700 \u00b0 C<br \/>\nPt10% Rh 0 \u00b0 C, 1700 \u00b0 C<br \/>\nCu CuNi -200 \u00b0 C, 400 \u00b0 C<br \/>\nPT<br \/>\n100-200 \u00b0 C,\u00a0650 \u00b0 C\u00a0PT 100 -199.9 \u00b0 C, 650.0 \u00b0 C<\/td>\n<\/tr>\n<tr>\n<td><b>Do\u011fruluk<\/b><\/td>\n<td>Termokupl ve Termorezistans i\u00e7in tam \u00f6l\u00e7e\u011fin \u00b1% 0.25\u2019i<\/td>\n<\/tr>\n<tr>\n<td colspan=\"2\"><b>\u00c7\u0131kt\u0131<\/b><\/td>\n<\/tr>\n<tr>\n<td><b>R\u00f6le \u00c7\u0131k\u0131\u015f\u0131<\/b><\/td>\n<td>Rezistif y\u00fckte<br \/>\n5A @ 250 Vac\u00a0Rezistif y\u00fckte\u00a05A @ 250 Vac (Alarm \u00c7\u0131k\u0131\u015f\u0131)<\/td>\n<\/tr>\n<tr>\n<td><b>SSR \u00c7\u0131k\u0131\u015f\u0131<\/b><\/td>\n<td>Maksimum 20 mA @ 12 Vdc<\/td>\n<\/tr>\n<tr>\n<td><b>Analog \u00c7\u0131k\u0131\u015f<\/b><\/td>\n<td><\/td>\n<\/tr>\n<tr>\n<td><b>Opsiyonel \u00c7\u0131k\u0131\u015flar<\/b><\/td>\n<td><\/td>\n<\/tr>\n<tr>\n<td colspan=\"2\"><b>Kontrol<\/b><\/td>\n<\/tr>\n<tr>\n<td><b>Kontrol Formu<\/b><\/td>\n<td>Programlanabilir A\u00e7\u0131k \/ Kapal\u0131, P, PI, PD ve PID<\/td>\n<\/tr>\n<tr>\n<td><b>Okuma Frekans\u0131<\/b><\/td>\n<td>Saniyede 3 okuma<\/td>\n<\/tr>\n<tr>\n<td><b>\u0130leti\u015fim Protokolleri<\/b><\/td>\n<td><\/td>\n<\/tr>\n<tr>\n<td><b>Onaylar<\/b><\/td>\n<td>GOST-R, CE<\/td>\n<\/tr>\n<\/tbody>\n<\/table>\n","protected":false},"excerpt":{"rendered":"<h2 class=\"pdp-product-info__description\">PID S\u0131cakl\u0131k Kontrol Cihaz\u0131<\/h2>\n<h3 class=\"pdp-product-info__description\"><span class=\"txt b\">Evrensel Giri\u015f (TC, RTD)<\/span><\/h3>\n","protected":false},"featured_media":7648,"comment_status":"open","ping_status":"closed","template":"","meta":[],"product_brand":[],"product_cat":[506,515],"product_tag":[],"class_list":{"0":"post-7654","1":"product","2":"type-product","3":"status-publish","4":"has-post-thumbnail","6":"product_cat-emko-elektronik-tr","7":"product_cat-sicaklik-kontrol-cihazlari-tr","9":"first","10":"instock","11":"shipping-taxable","12":"product-type-simple"},"yoast_head":"<!-- This site is optimized with the Yoast SEO plugin v24.3 - https:\/\/yoast.com\/wordpress\/plugins\/seo\/ -->\n<title>ESM-9920 - \u0130ntegral Elektronik<\/title>\n<meta name=\"robots\" content=\"index, follow, max-snippet:-1, max-image-preview:large, max-video-preview:-1\" \/>\n<link rel=\"canonical\" href=\"https:\/\/integralelektronik.com\/tr\/product\/esm-9920\/\" \/>\n<meta property=\"og:locale\" content=\"tr_TR\" \/>\n<meta property=\"og:type\" content=\"article\" \/>\n<meta property=\"og:title\" content=\"ESM-9920 - \u0130ntegral Elektronik\" \/>\n<meta property=\"og:description\" content=\"PID S\u0131cakl\u0131k Kontrol Cihaz\u0131 Evrensel Giri\u015f (TC, RTD)\" \/>\n<meta property=\"og:url\" content=\"https:\/\/integralelektronik.com\/tr\/product\/esm-9920\/\" \/>\n<meta property=\"og:site_name\" content=\"\u0130ntegral Elektronik\" \/>\n<meta property=\"article:modified_time\" content=\"2020-12-05T12:25:15+00:00\" \/>\n<meta property=\"og:image\" content=\"https:\/\/integralelektronik.com\/wp-content\/uploads\/2020\/12\/ESM-9920.jpg\" \/>\n\t<meta property=\"og:image:width\" content=\"1280\" \/>\n\t<meta property=\"og:image:height\" content=\"720\" \/>\n\t<meta property=\"og:image:type\" content=\"image\/jpeg\" \/>\n<meta name=\"twitter:card\" content=\"summary_large_image\" \/>\n<meta name=\"twitter:label1\" content=\"Tahmini okuma s\u00fcresi\" \/>\n\t<meta name=\"twitter:data1\" content=\"1 dakika\" \/>\n<script type=\"application\/ld+json\" class=\"yoast-schema-graph\">{\"@context\":\"https:\/\/schema.org\",\"@graph\":[{\"@type\":\"WebPage\",\"@id\":\"https:\/\/integralelektronik.com\/tr\/product\/esm-9920\/\",\"url\":\"https:\/\/integralelektronik.com\/tr\/product\/esm-9920\/\",\"name\":\"ESM-9920 - \u0130ntegral Elektronik\",\"isPartOf\":{\"@id\":\"https:\/\/integralelektronik.com\/#website\"},\"primaryImageOfPage\":{\"@id\":\"https:\/\/integralelektronik.com\/tr\/product\/esm-9920\/#primaryimage\"},\"image\":{\"@id\":\"https:\/\/integralelektronik.com\/tr\/product\/esm-9920\/#primaryimage\"},\"thumbnailUrl\":\"https:\/\/integralelektronik.com\/wp-content\/uploads\/2020\/12\/ESM-9920.jpg\",\"datePublished\":\"2020-12-05T12:25:14+00:00\",\"dateModified\":\"2020-12-05T12:25:15+00:00\",\"breadcrumb\":{\"@id\":\"https:\/\/integralelektronik.com\/tr\/product\/esm-9920\/#breadcrumb\"},\"inLanguage\":\"tr\",\"potentialAction\":[{\"@type\":\"ReadAction\",\"target\":[\"https:\/\/integralelektronik.com\/tr\/product\/esm-9920\/\"]}]},{\"@type\":\"ImageObject\",\"inLanguage\":\"tr\",\"@id\":\"https:\/\/integralelektronik.com\/tr\/product\/esm-9920\/#primaryimage\",\"url\":\"https:\/\/integralelektronik.com\/wp-content\/uploads\/2020\/12\/ESM-9920.jpg\",\"contentUrl\":\"https:\/\/integralelektronik.com\/wp-content\/uploads\/2020\/12\/ESM-9920.jpg\",\"width\":1280,\"height\":720},{\"@type\":\"BreadcrumbList\",\"@id\":\"https:\/\/integralelektronik.com\/tr\/product\/esm-9920\/#breadcrumb\",\"itemListElement\":[{\"@type\":\"ListItem\",\"position\":1,\"name\":\"Home\",\"item\":\"https:\/\/integralelektronik.com\/tr\/\"},{\"@type\":\"ListItem\",\"position\":2,\"name\":\"Shop\",\"item\":\"https:\/\/integralelektronik.com\/shop\/\"},{\"@type\":\"ListItem\",\"position\":3,\"name\":\"ESM-9920\"}]},{\"@type\":\"WebSite\",\"@id\":\"https:\/\/integralelektronik.com\/#website\",\"url\":\"https:\/\/integralelektronik.com\/\",\"name\":\"\u0130ntegral Elektronik\",\"description\":\"\",\"publisher\":{\"@id\":\"https:\/\/integralelektronik.com\/#organization\"},\"potentialAction\":[{\"@type\":\"SearchAction\",\"target\":{\"@type\":\"EntryPoint\",\"urlTemplate\":\"https:\/\/integralelektronik.com\/?s={search_term_string}\"},\"query-input\":{\"@type\":\"PropertyValueSpecification\",\"valueRequired\":true,\"valueName\":\"search_term_string\"}}],\"inLanguage\":\"tr\"},{\"@type\":\"Organization\",\"@id\":\"https:\/\/integralelektronik.com\/#organization\",\"name\":\"\u0130ntegral Elektronik\",\"url\":\"https:\/\/integralelektronik.com\/\",\"logo\":{\"@type\":\"ImageObject\",\"inLanguage\":\"tr\",\"@id\":\"https:\/\/integralelektronik.com\/#\/schema\/logo\/image\/\",\"url\":\"https:\/\/integralelektronik.com\/wp-content\/uploads\/2020\/10\/logo.png\",\"contentUrl\":\"https:\/\/integralelektronik.com\/wp-content\/uploads\/2020\/10\/logo.png\",\"width\":180,\"height\":90,\"caption\":\"\u0130ntegral Elektronik\"},\"image\":{\"@id\":\"https:\/\/integralelektronik.com\/#\/schema\/logo\/image\/\"}}]}<\/script>\n<!-- \/ Yoast SEO plugin. -->","yoast_head_json":{"title":"ESM-9920 - \u0130ntegral Elektronik","robots":{"index":"index","follow":"follow","max-snippet":"max-snippet:-1","max-image-preview":"max-image-preview:large","max-video-preview":"max-video-preview:-1"},"canonical":"https:\/\/integralelektronik.com\/tr\/product\/esm-9920\/","og_locale":"tr_TR","og_type":"article","og_title":"ESM-9920 - \u0130ntegral Elektronik","og_description":"PID S\u0131cakl\u0131k Kontrol Cihaz\u0131 Evrensel Giri\u015f (TC, RTD)","og_url":"https:\/\/integralelektronik.com\/tr\/product\/esm-9920\/","og_site_name":"\u0130ntegral Elektronik","article_modified_time":"2020-12-05T12:25:15+00:00","og_image":[{"width":1280,"height":720,"url":"https:\/\/integralelektronik.com\/wp-content\/uploads\/2020\/12\/ESM-9920.jpg","type":"image\/jpeg"}],"twitter_card":"summary_large_image","twitter_misc":{"Tahmini okuma s\u00fcresi":"1 dakika"},"schema":{"@context":"https:\/\/schema.org","@graph":[{"@type":"WebPage","@id":"https:\/\/integralelektronik.com\/tr\/product\/esm-9920\/","url":"https:\/\/integralelektronik.com\/tr\/product\/esm-9920\/","name":"ESM-9920 - \u0130ntegral Elektronik","isPartOf":{"@id":"https:\/\/integralelektronik.com\/#website"},"primaryImageOfPage":{"@id":"https:\/\/integralelektronik.com\/tr\/product\/esm-9920\/#primaryimage"},"image":{"@id":"https:\/\/integralelektronik.com\/tr\/product\/esm-9920\/#primaryimage"},"thumbnailUrl":"https:\/\/integralelektronik.com\/wp-content\/uploads\/2020\/12\/ESM-9920.jpg","datePublished":"2020-12-05T12:25:14+00:00","dateModified":"2020-12-05T12:25:15+00:00","breadcrumb":{"@id":"https:\/\/integralelektronik.com\/tr\/product\/esm-9920\/#breadcrumb"},"inLanguage":"tr","potentialAction":[{"@type":"ReadAction","target":["https:\/\/integralelektronik.com\/tr\/product\/esm-9920\/"]}]},{"@type":"ImageObject","inLanguage":"tr","@id":"https:\/\/integralelektronik.com\/tr\/product\/esm-9920\/#primaryimage","url":"https:\/\/integralelektronik.com\/wp-content\/uploads\/2020\/12\/ESM-9920.jpg","contentUrl":"https:\/\/integralelektronik.com\/wp-content\/uploads\/2020\/12\/ESM-9920.jpg","width":1280,"height":720},{"@type":"BreadcrumbList","@id":"https:\/\/integralelektronik.com\/tr\/product\/esm-9920\/#breadcrumb","itemListElement":[{"@type":"ListItem","position":1,"name":"Home","item":"https:\/\/integralelektronik.com\/tr\/"},{"@type":"ListItem","position":2,"name":"Shop","item":"https:\/\/integralelektronik.com\/shop\/"},{"@type":"ListItem","position":3,"name":"ESM-9920"}]},{"@type":"WebSite","@id":"https:\/\/integralelektronik.com\/#website","url":"https:\/\/integralelektronik.com\/","name":"\u0130ntegral Elektronik","description":"","publisher":{"@id":"https:\/\/integralelektronik.com\/#organization"},"potentialAction":[{"@type":"SearchAction","target":{"@type":"EntryPoint","urlTemplate":"https:\/\/integralelektronik.com\/?s={search_term_string}"},"query-input":{"@type":"PropertyValueSpecification","valueRequired":true,"valueName":"search_term_string"}}],"inLanguage":"tr"},{"@type":"Organization","@id":"https:\/\/integralelektronik.com\/#organization","name":"\u0130ntegral Elektronik","url":"https:\/\/integralelektronik.com\/","logo":{"@type":"ImageObject","inLanguage":"tr","@id":"https:\/\/integralelektronik.com\/#\/schema\/logo\/image\/","url":"https:\/\/integralelektronik.com\/wp-content\/uploads\/2020\/10\/logo.png","contentUrl":"https:\/\/integralelektronik.com\/wp-content\/uploads\/2020\/10\/logo.png","width":180,"height":90,"caption":"\u0130ntegral Elektronik"},"image":{"@id":"https:\/\/integralelektronik.com\/#\/schema\/logo\/image\/"}}]}},"_links":{"self":[{"href":"https:\/\/integralelektronik.com\/tr\/wp-json\/wp\/v2\/product\/7654"}],"collection":[{"href":"https:\/\/integralelektronik.com\/tr\/wp-json\/wp\/v2\/product"}],"about":[{"href":"https:\/\/integralelektronik.com\/tr\/wp-json\/wp\/v2\/types\/product"}],"replies":[{"embeddable":true,"href":"https:\/\/integralelektronik.com\/tr\/wp-json\/wp\/v2\/comments?post=7654"}],"wp:featuredmedia":[{"embeddable":true,"href":"https:\/\/integralelektronik.com\/tr\/wp-json\/wp\/v2\/media\/7648"}],"wp:attachment":[{"href":"https:\/\/integralelektronik.com\/tr\/wp-json\/wp\/v2\/media?parent=7654"}],"wp:term":[{"taxonomy":"product_brand","embeddable":true,"href":"https:\/\/integralelektronik.com\/tr\/wp-json\/wp\/v2\/product_brand?post=7654"},{"taxonomy":"product_cat","embeddable":true,"href":"https:\/\/integralelektronik.com\/tr\/wp-json\/wp\/v2\/product_cat?post=7654"},{"taxonomy":"product_tag","embeddable":true,"href":"https:\/\/integralelektronik.com\/tr\/wp-json\/wp\/v2\/product_tag?post=7654"}],"curies":[{"name":"wp","href":"https:\/\/api.w.org\/{rel}","templated":true}]}}