{"id":7632,"date":"2020-12-05T15:08:18","date_gmt":"2020-12-05T12:08:18","guid":{"rendered":"https:\/\/integralelektronik.com\/?post_type=product&#038;p=7632"},"modified":"2020-12-05T15:08:19","modified_gmt":"2020-12-05T12:08:19","slug":"esm-3710-n","status":"publish","type":"product","link":"https:\/\/integralelektronik.com\/tr\/product\/esm-3710-n\/","title":{"rendered":"ESM-3710-N"},"content":{"rendered":"<p>Programlama b\u00f6l\u00fcm\u00fc i\u00e7in Parola korumas\u0131n\u0131\u00a0kullanarak parametreleri kurma\u00a0Sens\u00f6r ar\u0131za durumuna<br \/>\ng\u00f6re ayarlanabilir dahili zil\u00a04 Haneli Ekran\u00a0NTC Giri\u015fi veya PTC Giri\u015fi veya\u00a0J tipi termokupl Giri\u015fi veya K tipi\u00a0termokupl Giri\u015fi veya\u00a02 Telli PT-100 Giri\u015fi ori 2 Telli PT-1000 Giri\u015fi\u00a0(S\u0131rayla belirlenmelidir.)\u00a0Ayarlanabilir s\u0131cakl\u0131k ofseti\u00a0A\u00c7IK \/ KAPALI s\u0131cakl\u0131k kontrol\u00fc\u00a0Se\u00e7ilebilir \u0131s\u0131tma veya so\u011futma fonksiyonu\u00a0Uzaktan eri\u015fim,\u00a0Modbus RTU ile\u00a0veri toplama ve kontrol\u00a0(Opsiyonel)<\/p>\n<div class=\"print-area\">\n<div class=\"prod-technicals box all a\">\n<table>\n<tbody>\n<tr>\n<td colspan=\"2\"><b>Fiziksel \u00f6zellikler<\/b><\/td>\n<\/tr>\n<tr>\n<td><b>Boyutlar<\/b><\/td>\n<td>76 mm x 34,5 mm x 71 mm<\/td>\n<\/tr>\n<tr>\n<td><b>Koruma S\u0131n\u0131f\u0131<\/b><\/td>\n<td>NEMA 4X (\u00f6nde IP65, arkada IP20)<\/td>\n<\/tr>\n<tr>\n<td><b>Kurulum<\/b><\/td>\n<td>Sabit Kurulum<\/td>\n<\/tr>\n<tr>\n<td><b>Depolama s\u0131cakl\u0131\u011f\u0131<\/b><\/td>\n<td>-30 \u00b0 C ile + 80 \u00b0 C<\/td>\n<\/tr>\n<tr>\n<td><b>Saklama \/ \u00c7al\u0131\u015fma Nemi<\/b><\/td>\n<td>% 90 maksimum\u00a0(Yo\u011fu\u015fmas\u0131z)<\/td>\n<\/tr>\n<tr>\n<td colspan=\"2\"><b>Elektriksel \u00d6zellikler<\/b><\/td>\n<\/tr>\n<tr>\n<td><b>Besleme Voltaj\u0131 ve G\u00fcc\u00fc<\/b><\/td>\n<td>24Vdc \/ ac (\u00b1% 15) 50 \/ 60Hz \u2013 1.5VA<br \/>\n24 V ac (\u00b1% 15) 50\/60 Hz.\u00a01,5 VA<br \/>\n115 Vac (\u00b1% 15) 50\/60 Hz.\u00a01.5 VA<br \/>\n230 Vac (\u00b1% 15) 50\/60 Hz.\u00a01.5 VA<br \/>\n100-240Vac 50 \/ 60Hz<br \/>\n10-30Vdc 1.5W<\/td>\n<\/tr>\n<tr>\n<td><b>Sens\u00f6r Giri\u015fleri<\/b><\/td>\n<td>NTC, PTC, TC, RTD<br \/>\nNTC (10k @ .25 \u00b0 C)<br \/>\nPTC (1000 @ .25 \u00b0 C)<br \/>\nJ, K (IEC584.1) (ITS90)<br \/>\nPT-100, PT-1000 (IEC751) (ITS90)<\/td>\n<\/tr>\n<tr>\n<td><b>Opsiyonel Sens\u00f6r Giri\u015fleri<\/b><\/td>\n<td><\/td>\n<\/tr>\n<tr>\n<td><b>\u00d6l\u00e7ek<\/b><\/td>\n<td>Fe-CuNi 0 \u00b0 C\u2026 800 \u00b0 C<br \/>\nNiCr-Ni 0 \u00b0 C\u2026 999 \u00b0 C<br \/>\nPT 100 -50 \u00b0 C\u2026 400 \u00b0 C \/ -19.9 \u00b0 C\u2026 99.9 \u00b0 C<br \/>\nNTC -50 \u00b0 C\u2026 100 \u00b0 C<br \/>\nPTC \u2013 50 \u00b0 C\u2026 150 \u00b0 C<\/td>\n<\/tr>\n<tr>\n<td><b>Do\u011fruluk<\/b><\/td>\n<td>\u00b1% 1 tam \u00f6l\u00e7e\u011fin<\/td>\n<\/tr>\n<tr>\n<td colspan=\"2\"><b>\u00c7\u0131kt\u0131<\/b><\/td>\n<\/tr>\n<tr>\n<td><b>R\u00f6le \u00c7\u0131k\u0131\u015f\u0131<\/b><\/td>\n<td>Rezistif y\u00fckte 16 (8) A @ 250 Vac<\/td>\n<\/tr>\n<tr>\n<td><b>SSR \u00c7\u0131k\u0131\u015f\u0131<\/b><\/td>\n<td>Maksimum 20mA, Maksimum 17Vdc<\/td>\n<\/tr>\n<tr>\n<td><b>Analog \u00c7\u0131k\u0131\u015f<\/b><\/td>\n<td><\/td>\n<\/tr>\n<tr>\n<td><b>Opsiyonel \u00c7\u0131k\u0131\u015flar<\/b><\/td>\n<td><\/td>\n<\/tr>\n<tr>\n<td colspan=\"2\"><b>Kontrol<\/b><\/td>\n<\/tr>\n<tr>\n<td><b>Kontrol Formu<\/b><\/td>\n<td>A\u00e7\u0131k kapal\u0131<\/td>\n<\/tr>\n<tr>\n<td><b>Okuma Frekans\u0131<\/b><\/td>\n<td>Saniyede 3 okuma<\/td>\n<\/tr>\n<tr>\n<td><b>\u0130leti\u015fim Protokolleri<\/b><\/td>\n<td>RS-485, Prokey Programlama Mod\u00fcl\u00fc<\/td>\n<\/tr>\n<tr>\n<td><b>Onaylar<\/b><\/td>\n<td>EAC, CE<\/td>\n<\/tr>\n<\/tbody>\n<\/table>\n<\/div>\n<\/div>\n","protected":false},"excerpt":{"rendered":"<h2 class=\"pdp-product-info__description\">Dijital A\u00c7IK \/ KAPALI<\/h2>\n<h3 class=\"pdp-product-info__description\">S\u0131cakl\u0131k Kontrol Cihaz\u0131<\/h3>\n","protected":false},"featured_media":7630,"comment_status":"open","ping_status":"closed","template":"","meta":[],"product_brand":[],"product_cat":[506,515],"product_tag":[],"class_list":{"0":"post-7632","1":"product","2":"type-product","3":"status-publish","4":"has-post-thumbnail","6":"product_cat-emko-elektronik-tr","7":"product_cat-sicaklik-kontrol-cihazlari-tr","9":"first","10":"instock","11":"shipping-taxable","12":"product-type-simple"},"yoast_head":"<!-- This site is optimized with the Yoast SEO plugin v24.3 - https:\/\/yoast.com\/wordpress\/plugins\/seo\/ -->\n<title>ESM-3710-N - \u0130ntegral Elektronik<\/title>\n<meta name=\"robots\" content=\"index, follow, max-snippet:-1, max-image-preview:large, max-video-preview:-1\" \/>\n<link rel=\"canonical\" href=\"https:\/\/integralelektronik.com\/tr\/product\/esm-3710-n\/\" \/>\n<meta property=\"og:locale\" content=\"tr_TR\" \/>\n<meta property=\"og:type\" content=\"article\" \/>\n<meta property=\"og:title\" content=\"ESM-3710-N - \u0130ntegral Elektronik\" \/>\n<meta property=\"og:description\" content=\"Dijital A\u00c7IK \/ KAPALI S\u0131cakl\u0131k Kontrol Cihaz\u0131\" \/>\n<meta property=\"og:url\" content=\"https:\/\/integralelektronik.com\/tr\/product\/esm-3710-n\/\" \/>\n<meta property=\"og:site_name\" content=\"\u0130ntegral Elektronik\" \/>\n<meta property=\"article:modified_time\" content=\"2020-12-05T12:08:19+00:00\" \/>\n<meta property=\"og:image\" content=\"https:\/\/integralelektronik.com\/wp-content\/uploads\/2020\/12\/ESM-3710-N-2.jpg\" \/>\n\t<meta property=\"og:image:width\" content=\"1280\" \/>\n\t<meta property=\"og:image:height\" content=\"720\" \/>\n\t<meta property=\"og:image:type\" content=\"image\/jpeg\" \/>\n<meta name=\"twitter:card\" content=\"summary_large_image\" \/>\n<meta name=\"twitter:label1\" content=\"Tahmini okuma s\u00fcresi\" \/>\n\t<meta name=\"twitter:data1\" content=\"1 dakika\" \/>\n<script type=\"application\/ld+json\" class=\"yoast-schema-graph\">{\"@context\":\"https:\/\/schema.org\",\"@graph\":[{\"@type\":\"WebPage\",\"@id\":\"https:\/\/integralelektronik.com\/tr\/product\/esm-3710-n\/\",\"url\":\"https:\/\/integralelektronik.com\/tr\/product\/esm-3710-n\/\",\"name\":\"ESM-3710-N - \u0130ntegral Elektronik\",\"isPartOf\":{\"@id\":\"https:\/\/integralelektronik.com\/#website\"},\"primaryImageOfPage\":{\"@id\":\"https:\/\/integralelektronik.com\/tr\/product\/esm-3710-n\/#primaryimage\"},\"image\":{\"@id\":\"https:\/\/integralelektronik.com\/tr\/product\/esm-3710-n\/#primaryimage\"},\"thumbnailUrl\":\"https:\/\/integralelektronik.com\/wp-content\/uploads\/2020\/12\/ESM-3710-N-2.jpg\",\"datePublished\":\"2020-12-05T12:08:18+00:00\",\"dateModified\":\"2020-12-05T12:08:19+00:00\",\"breadcrumb\":{\"@id\":\"https:\/\/integralelektronik.com\/tr\/product\/esm-3710-n\/#breadcrumb\"},\"inLanguage\":\"tr\",\"potentialAction\":[{\"@type\":\"ReadAction\",\"target\":[\"https:\/\/integralelektronik.com\/tr\/product\/esm-3710-n\/\"]}]},{\"@type\":\"ImageObject\",\"inLanguage\":\"tr\",\"@id\":\"https:\/\/integralelektronik.com\/tr\/product\/esm-3710-n\/#primaryimage\",\"url\":\"https:\/\/integralelektronik.com\/wp-content\/uploads\/2020\/12\/ESM-3710-N-2.jpg\",\"contentUrl\":\"https:\/\/integralelektronik.com\/wp-content\/uploads\/2020\/12\/ESM-3710-N-2.jpg\",\"width\":1280,\"height\":720},{\"@type\":\"BreadcrumbList\",\"@id\":\"https:\/\/integralelektronik.com\/tr\/product\/esm-3710-n\/#breadcrumb\",\"itemListElement\":[{\"@type\":\"ListItem\",\"position\":1,\"name\":\"Home\",\"item\":\"https:\/\/integralelektronik.com\/tr\/\"},{\"@type\":\"ListItem\",\"position\":2,\"name\":\"Shop\",\"item\":\"https:\/\/integralelektronik.com\/shop\/\"},{\"@type\":\"ListItem\",\"position\":3,\"name\":\"ESM-3710-N\"}]},{\"@type\":\"WebSite\",\"@id\":\"https:\/\/integralelektronik.com\/#website\",\"url\":\"https:\/\/integralelektronik.com\/\",\"name\":\"\u0130ntegral Elektronik\",\"description\":\"\",\"publisher\":{\"@id\":\"https:\/\/integralelektronik.com\/#organization\"},\"potentialAction\":[{\"@type\":\"SearchAction\",\"target\":{\"@type\":\"EntryPoint\",\"urlTemplate\":\"https:\/\/integralelektronik.com\/?s={search_term_string}\"},\"query-input\":{\"@type\":\"PropertyValueSpecification\",\"valueRequired\":true,\"valueName\":\"search_term_string\"}}],\"inLanguage\":\"tr\"},{\"@type\":\"Organization\",\"@id\":\"https:\/\/integralelektronik.com\/#organization\",\"name\":\"\u0130ntegral Elektronik\",\"url\":\"https:\/\/integralelektronik.com\/\",\"logo\":{\"@type\":\"ImageObject\",\"inLanguage\":\"tr\",\"@id\":\"https:\/\/integralelektronik.com\/#\/schema\/logo\/image\/\",\"url\":\"https:\/\/integralelektronik.com\/wp-content\/uploads\/2020\/10\/logo.png\",\"contentUrl\":\"https:\/\/integralelektronik.com\/wp-content\/uploads\/2020\/10\/logo.png\",\"width\":180,\"height\":90,\"caption\":\"\u0130ntegral Elektronik\"},\"image\":{\"@id\":\"https:\/\/integralelektronik.com\/#\/schema\/logo\/image\/\"}}]}<\/script>\n<!-- \/ Yoast SEO plugin. -->","yoast_head_json":{"title":"ESM-3710-N - \u0130ntegral Elektronik","robots":{"index":"index","follow":"follow","max-snippet":"max-snippet:-1","max-image-preview":"max-image-preview:large","max-video-preview":"max-video-preview:-1"},"canonical":"https:\/\/integralelektronik.com\/tr\/product\/esm-3710-n\/","og_locale":"tr_TR","og_type":"article","og_title":"ESM-3710-N - \u0130ntegral Elektronik","og_description":"Dijital A\u00c7IK \/ KAPALI S\u0131cakl\u0131k Kontrol Cihaz\u0131","og_url":"https:\/\/integralelektronik.com\/tr\/product\/esm-3710-n\/","og_site_name":"\u0130ntegral Elektronik","article_modified_time":"2020-12-05T12:08:19+00:00","og_image":[{"width":1280,"height":720,"url":"https:\/\/integralelektronik.com\/wp-content\/uploads\/2020\/12\/ESM-3710-N-2.jpg","type":"image\/jpeg"}],"twitter_card":"summary_large_image","twitter_misc":{"Tahmini okuma s\u00fcresi":"1 dakika"},"schema":{"@context":"https:\/\/schema.org","@graph":[{"@type":"WebPage","@id":"https:\/\/integralelektronik.com\/tr\/product\/esm-3710-n\/","url":"https:\/\/integralelektronik.com\/tr\/product\/esm-3710-n\/","name":"ESM-3710-N - \u0130ntegral Elektronik","isPartOf":{"@id":"https:\/\/integralelektronik.com\/#website"},"primaryImageOfPage":{"@id":"https:\/\/integralelektronik.com\/tr\/product\/esm-3710-n\/#primaryimage"},"image":{"@id":"https:\/\/integralelektronik.com\/tr\/product\/esm-3710-n\/#primaryimage"},"thumbnailUrl":"https:\/\/integralelektronik.com\/wp-content\/uploads\/2020\/12\/ESM-3710-N-2.jpg","datePublished":"2020-12-05T12:08:18+00:00","dateModified":"2020-12-05T12:08:19+00:00","breadcrumb":{"@id":"https:\/\/integralelektronik.com\/tr\/product\/esm-3710-n\/#breadcrumb"},"inLanguage":"tr","potentialAction":[{"@type":"ReadAction","target":["https:\/\/integralelektronik.com\/tr\/product\/esm-3710-n\/"]}]},{"@type":"ImageObject","inLanguage":"tr","@id":"https:\/\/integralelektronik.com\/tr\/product\/esm-3710-n\/#primaryimage","url":"https:\/\/integralelektronik.com\/wp-content\/uploads\/2020\/12\/ESM-3710-N-2.jpg","contentUrl":"https:\/\/integralelektronik.com\/wp-content\/uploads\/2020\/12\/ESM-3710-N-2.jpg","width":1280,"height":720},{"@type":"BreadcrumbList","@id":"https:\/\/integralelektronik.com\/tr\/product\/esm-3710-n\/#breadcrumb","itemListElement":[{"@type":"ListItem","position":1,"name":"Home","item":"https:\/\/integralelektronik.com\/tr\/"},{"@type":"ListItem","position":2,"name":"Shop","item":"https:\/\/integralelektronik.com\/shop\/"},{"@type":"ListItem","position":3,"name":"ESM-3710-N"}]},{"@type":"WebSite","@id":"https:\/\/integralelektronik.com\/#website","url":"https:\/\/integralelektronik.com\/","name":"\u0130ntegral Elektronik","description":"","publisher":{"@id":"https:\/\/integralelektronik.com\/#organization"},"potentialAction":[{"@type":"SearchAction","target":{"@type":"EntryPoint","urlTemplate":"https:\/\/integralelektronik.com\/?s={search_term_string}"},"query-input":{"@type":"PropertyValueSpecification","valueRequired":true,"valueName":"search_term_string"}}],"inLanguage":"tr"},{"@type":"Organization","@id":"https:\/\/integralelektronik.com\/#organization","name":"\u0130ntegral Elektronik","url":"https:\/\/integralelektronik.com\/","logo":{"@type":"ImageObject","inLanguage":"tr","@id":"https:\/\/integralelektronik.com\/#\/schema\/logo\/image\/","url":"https:\/\/integralelektronik.com\/wp-content\/uploads\/2020\/10\/logo.png","contentUrl":"https:\/\/integralelektronik.com\/wp-content\/uploads\/2020\/10\/logo.png","width":180,"height":90,"caption":"\u0130ntegral Elektronik"},"image":{"@id":"https:\/\/integralelektronik.com\/#\/schema\/logo\/image\/"}}]}},"_links":{"self":[{"href":"https:\/\/integralelektronik.com\/tr\/wp-json\/wp\/v2\/product\/7632"}],"collection":[{"href":"https:\/\/integralelektronik.com\/tr\/wp-json\/wp\/v2\/product"}],"about":[{"href":"https:\/\/integralelektronik.com\/tr\/wp-json\/wp\/v2\/types\/product"}],"replies":[{"embeddable":true,"href":"https:\/\/integralelektronik.com\/tr\/wp-json\/wp\/v2\/comments?post=7632"}],"wp:featuredmedia":[{"embeddable":true,"href":"https:\/\/integralelektronik.com\/tr\/wp-json\/wp\/v2\/media\/7630"}],"wp:attachment":[{"href":"https:\/\/integralelektronik.com\/tr\/wp-json\/wp\/v2\/media?parent=7632"}],"wp:term":[{"taxonomy":"product_brand","embeddable":true,"href":"https:\/\/integralelektronik.com\/tr\/wp-json\/wp\/v2\/product_brand?post=7632"},{"taxonomy":"product_cat","embeddable":true,"href":"https:\/\/integralelektronik.com\/tr\/wp-json\/wp\/v2\/product_cat?post=7632"},{"taxonomy":"product_tag","embeddable":true,"href":"https:\/\/integralelektronik.com\/tr\/wp-json\/wp\/v2\/product_tag?post=7632"}],"curies":[{"name":"wp","href":"https:\/\/api.w.org\/{rel}","templated":true}]}}