{"id":6823,"date":"2020-11-19T21:20:39","date_gmt":"2020-11-19T18:20:39","guid":{"rendered":"http:\/\/integralelektronik.com\/?post_type=product&#038;p=6823"},"modified":"2020-11-19T21:20:40","modified_gmt":"2020-11-19T18:20:40","slug":"a9f92302","status":"publish","type":"product","link":"https:\/\/integralelektronik.com\/tr\/product\/a9f92302\/","title":{"rendered":"A9F92302"},"content":{"rendered":"<table class=\"pes-table\">\n<tbody>\n<tr>\n<th class=\"pes-text-left char-table__title\"><span>cihaz uygulamas\u0131<\/span><\/th>\n<td class=\"pes-text-left\">\n<div><span>Da\u011f\u0131t\u0131m<\/span><\/div>\n<\/td>\n<td><\/td>\n<\/tr>\n<tr>\n<th class=\"pes-text-left char-table__title\"><span>Aral\u0131k<\/span><\/th>\n<td class=\"pes-text-left\">\n<div><span>Acti 9<\/span><\/div>\n<\/td>\n<td><\/td>\n<\/tr>\n<tr>\n<th class=\"pes-text-left char-table__title\"><span>\u00dcr\u00fcn ad\u0131<\/span><\/th>\n<td class=\"pes-text-left\">\n<div><span>Acti 9 iC60<\/span><\/div>\n<\/td>\n<td><\/td>\n<\/tr>\n<tr>\n<th class=\"pes-text-left char-table__title\"><span>\u00fcr\u00fcn veya bile\u015fen tipi<\/span><\/th>\n<td class=\"pes-text-left\">\n<div><span>Minyat\u00fcr devre kesici<\/span><\/div>\n<\/td>\n<td><\/td>\n<\/tr>\n<tr>\n<th class=\"pes-text-left char-table__title\"><span>cihaz k\u0131sa ad\u0131<\/span><\/th>\n<td class=\"pes-text-left\">\n<div><span>IC60L<\/span><\/div>\n<\/td>\n<td><\/td>\n<\/tr>\n<tr>\n<th class=\"pes-text-left char-table__title\"><span>kutup a\u00e7\u0131klamas\u0131<\/span><\/th>\n<td class=\"pes-text-left\">\n<div><span>3p<\/span><\/div>\n<\/td>\n<td><\/td>\n<\/tr>\n<tr>\n<th class=\"pes-text-left char-table__title\"><span>korumal\u0131 kutuplar\u0131n say\u0131s\u0131<\/span><\/th>\n<td class=\"pes-text-left\">\n<div><span>3<\/span><\/div>\n<\/td>\n<td><\/td>\n<\/tr>\n<tr>\n<th class=\"pes-text-left char-table__title\"><span>[In] anma ak\u0131m\u0131<\/span><\/th>\n<td class=\"pes-text-left\">\n<div><span>2 A<\/span><\/div>\n<\/td>\n<td><\/td>\n<\/tr>\n<tr>\n<th class=\"pes-text-left char-table__title\"><span>a\u011f tipi<\/span><\/th>\n<td class=\"pes-text-left\">\n<div><span>AC<\/span><br \/>\n<span>DC<\/span><\/div>\n<\/td>\n<td><\/td>\n<\/tr>\n<tr>\n<th class=\"pes-text-left char-table__title\"><span>a\u00e7ma \u00fcnitesi teknolojisi<\/span><\/th>\n<td class=\"pes-text-left\">\n<div><span>Termal manyetik<\/span><\/div>\n<\/td>\n<td><\/td>\n<\/tr>\n<tr>\n<th class=\"pes-text-left char-table__title\"><span>e\u011fri kodu<\/span><\/th>\n<td class=\"pes-text-left\">\n<div><span>\u0130LE<\/span><\/div>\n<\/td>\n<td><\/td>\n<\/tr>\n<tr>\n<th class=\"pes-text-left char-table__title\"><span>kapasiteyi a\u015fmak<\/span><\/th>\n<td class=\"pes-text-left\">\n<div><span>15000 A Icn, 400 V AC 50\/60 Hz &#8216;de EN \/ IEC 60898-1<\/span><br \/>\n<span>70 kA Icu, 440 V AC 50\/60 Hz&#8217; e uygunEN \/ IEC 60947-2<\/span><br \/>\n<span>100 kA Icu, 12\u2026 60 V AC 50\/60 Hz uyumluluk standard\u0131 EN \/ IEC 60947-2<\/span><br \/>\n<span>100 kA Icu, 220\u2026 240 V AC 50\/60 Hz uyumluluk standard\u0131 EN \/ IEC 60947-2<\/span><br \/>\n<span>100 kA Icu, 100\u2026 133 V AC 50\/60 Hz uyumluluk standard\u0131 EN \/ IEC 60947- 2<\/span><br \/>\n<span>380 100 kA Icu&#8217;ya &#8230; TR \/ IEC 60947-2 uygun 415 V AC 50\/60 Hz<\/span><br \/>\n<span>&lt;= 180 V DC IEC 60947-2 TR \/ &#8216;e uygun 20 kA yo\u011fun bak\u0131m \u00fcnitesindeki<\/span><\/div>\n<\/td>\n<td><\/td>\n<\/tr>\n<tr>\n<th class=\"pes-text-left char-table__title\"><span>kategori kullan<\/span><\/th>\n<td class=\"pes-text-left\">\n<div><span>Kategori A uyumluluk standard\u0131 EN 60947-2<\/span><br \/>\n<span>Kategori A uyumluluk standard\u0131 IEC 60947-2<\/span><\/div>\n<\/td>\n<td><\/td>\n<\/tr>\n<tr>\n<th class=\"pes-text-left char-table__title\"><span>izolasyona uygunluk<\/span><\/th>\n<td class=\"pes-text-left\">\n<div><span>Evet, uyumluluk standard\u0131 EN 60947-2<\/span><br \/>\n<span>Evet, uyumluluk standard\u0131 IEC 60947-2<\/span><\/div>\n<\/td>\n<td><\/td>\n<\/tr>\n<tr>\n<th class=\"pes-text-left char-table__title\"><span>standartlar\u0131<\/span><\/th>\n<td class=\"pes-text-left\">\n<div><span>IEC 60947-2<\/span><br \/>\n<span>EN 60947-2<\/span><\/div>\n<\/td>\n<td><\/td>\n<\/tr>\n<\/tbody>\n<\/table>\n<table class=\"pes-table\">\n<caption class=\"pes-text-left\"><span>Tamamlay\u0131c\u0131<\/span><\/caption>\n<tbody>\n<tr>\n<th class=\"pes-text-left char-table__title\"><span>a\u011f frekans\u0131<\/span><\/th>\n<td class=\"pes-text-left\">\n<div>50\/60 Hz<\/div>\n<\/td>\n<td><\/td>\n<\/tr>\n<tr>\n<th class=\"pes-text-left char-table__title\"><span>manyetik a\u00e7ma s\u0131n\u0131r\u0131<\/span><\/th>\n<td class=\"pes-text-left\">\n<div><span>+\/-% 20 i\u00e7inde 3 x<\/span><\/div>\n<\/td>\n<td><\/td>\n<\/tr>\n<tr>\n<th class=\"pes-text-left char-table__title\"><span>[Ics] derecelendirilmi\u015f hizmet kesme kapasitesi<\/span><\/th>\n<td class=\"pes-text-left\">\n<div><span>100 kA% 100 uyumluluk standard\u0131 EN 60947-2 &#8211; 220\u2026 240 V AC 50\/60 Hz<\/span><br \/>\n<span>100 kA% 100 uyumluluk standard\u0131 IEC 60947-2 &#8211; 220\u2026 240 V AC 50\/60 Hz<\/span><br \/>\n<span>100 kA% 100 uyumluluk standard\u0131 EN 60947-2 &#8211; 380\u2026 415 V AC 50\/60 Hz<\/span><br \/>\n<span>70 kA% 100 uyumluluk standard\u0131 EN 60947-2 &#8211; 440 V AC 50\/60 Hz<\/span><br \/>\n<span>100 kA% 100 uyumluluk standard\u0131 IEC 60947-2 &#8211; 380\u2026 415 V AC 50\/60 Hz<\/span><br \/>\n<span>70 kA 100% uyumluluk standard\u0131 IEC 60947-2 &#8211; 440 V AC 50\/60 Hz<\/span><br \/>\n<span>100 kA 100% uyumluluk standard\u0131 EN 60947-2 &#8211; 12\u2026 133 V AC 50\/60 Hz<\/span><br \/>\n<span>100 kA 100% uyumluluk standard\u0131 IEC 60947-2 &#8211; 12\u2026 133 V AC 50\/60 Hz<\/span><br \/>\n<span>20 kA% 100 uyumluluk standard\u0131 EN 60947-2 &#8211; 125\u2026 180 V DC<\/span><br \/>\n<span>20 kA% 100 uyumluluk standard\u0131 IEC 60947-2 &#8211; 125\u2026 180 V DC<\/span><\/div>\n<\/td>\n<td><\/td>\n<\/tr>\n<tr>\n<th class=\"pes-text-left char-table__title\"><span>s\u0131n\u0131rlama s\u0131n\u0131f\u0131<\/span><\/th>\n<td class=\"pes-text-left\">\n<div><span>EN 60898-1&#8217;e<\/span><br \/>\n<span>uygun 3 uyumluluk standard\u0131 IEC 60898-1<\/span><\/div>\n<\/td>\n<td><\/td>\n<\/tr>\n<tr>\n<th class=\"pes-text-left char-table__title\"><span>[Ui] nominal yal\u0131t\u0131m gerilimi<\/span><\/th>\n<td class=\"pes-text-left\">\n<div><span>500 V AC 50\/60 Hz uyumluluk standard\u0131 EN 60947-2<\/span><br \/>\n<span>500 V AC 50\/60 Hz uyumluluk standard\u0131 IEC 60947-2<\/span><\/div>\n<\/td>\n<td><\/td>\n<\/tr>\n<tr>\n<th class=\"pes-text-left char-table__title\"><span>[Uimp] anma darbe dayan\u0131m gerilimi<\/span><\/th>\n<td class=\"pes-text-left\">\n<div><span>6 kV uyumluluk standard\u0131 EN 60947-2<\/span><br \/>\n<span>6 kVuyumluluk standard\u0131 IEC 60947-2<\/span><\/div>\n<\/td>\n<td><\/td>\n<\/tr>\n<tr>\n<th class=\"pes-text-left char-table__title\"><span>temas pozisyonu g\u00f6stergesi<\/span><\/th>\n<td class=\"pes-text-left\">\n<div><span>Evet<\/span><\/div>\n<\/td>\n<td><\/td>\n<\/tr>\n<tr>\n<th class=\"pes-text-left char-table__title\"><span>kontrol tipi<\/span><\/th>\n<td class=\"pes-text-left\">\n<div><span>De\u011fi\u015ftir<\/span><\/div>\n<\/td>\n<td><\/td>\n<\/tr>\n<tr>\n<th class=\"pes-text-left char-table__title\"><span>yerel sinyalle\u015fme<\/span><\/th>\n<td class=\"pes-text-left\">\n<div><span>Gezi g\u00f6stergesi<\/span><\/div>\n<\/td>\n<td><\/td>\n<\/tr>\n<tr>\n<th class=\"pes-text-left char-table__title\"><span>montaj modu<\/span><\/th>\n<td class=\"pes-text-left\">\n<div><span>Sabit<\/span><\/div>\n<\/td>\n<td><\/td>\n<\/tr>\n<tr>\n<th class=\"pes-text-left char-table__title\"><span>montaj deste\u011fi<\/span><\/th>\n<td class=\"pes-text-left\">\n<div><span>DIN ray\u0131<\/span><\/div>\n<\/td>\n<td><\/td>\n<\/tr>\n<tr>\n<th class=\"pes-text-left char-table__title\"><span>tarak baras\u0131 ve da\u011f\u0131t\u0131m blo\u011fu uyumlulu\u011fu<\/span><\/th>\n<td class=\"pes-text-left\">\n<div><span>\u00dcst veya alt: EVET<\/span><\/div>\n<\/td>\n<td><\/td>\n<\/tr>\n<tr>\n<th class=\"pes-text-left char-table__title\"><span>9 mm aral\u0131klar<\/span><\/th>\n<td class=\"pes-text-left\">\n<div>6<\/div>\n<\/td>\n<td><\/td>\n<\/tr>\n<tr>\n<th class=\"pes-text-left char-table__title\"><span>y\u00fckseklik<\/span><\/th>\n<td class=\"pes-text-left\">\n<div><span>85 mm<\/span><\/div>\n<\/td>\n<td><\/td>\n<\/tr>\n<tr>\n<th class=\"pes-text-left char-table__title\"><span>Geni\u015flik<\/span><\/th>\n<td class=\"pes-text-left\">\n<div><span>54 mm<\/span><\/div>\n<\/td>\n<td><\/td>\n<\/tr>\n<tr>\n<th class=\"pes-text-left char-table__title\"><span>derinlik<\/span><\/th>\n<td class=\"pes-text-left\">\n<div><span>78,5 mm<\/span><\/div>\n<\/td>\n<td><\/td>\n<\/tr>\n<tr>\n<th class=\"pes-text-left char-table__title\"><span>net a\u011f\u0131rl\u0131k<\/span><\/th>\n<td class=\"pes-text-left\">\n<div><span>0,375 kg<\/span><\/div>\n<\/td>\n<td><\/td>\n<\/tr>\n<tr>\n<th class=\"pes-text-left char-table__title\"><span>renk<\/span><\/th>\n<td class=\"pes-text-left\">\n<div><span>Beyaz<\/span><\/div>\n<\/td>\n<td><\/td>\n<\/tr>\n<tr>\n<th class=\"pes-text-left char-table__title\"><span>mekanik dayan\u0131kl\u0131l\u0131k<\/span><\/th>\n<td class=\"pes-text-left\">\n<div><span>20000 d\u00f6ng\u00fc<\/span><\/div>\n<\/td>\n<td><\/td>\n<\/tr>\n<tr>\n<th class=\"pes-text-left char-table__title\"><span>elektriksel dayan\u0131kl\u0131l\u0131k<\/span><\/th>\n<td class=\"pes-text-left\">\n<div><span>10000 d\u00f6ng\u00fc<\/span><\/div>\n<\/td>\n<td><\/td>\n<\/tr>\n<tr>\n<th class=\"pes-text-left char-table__title\"><span>ba\u011flant\u0131lar &#8211; terminaller<\/span><\/th>\n<td class=\"pes-text-left\">\n<div><span>Tek terminal (\u00fcst veya alt) 1\u2026 25 mm\u00b2 sert<\/span><br \/>\n<span>Tek terminal (\u00fcst veya alt) 1\u2026 16 mm\u00b2 esnek<\/span><\/div>\n<\/td>\n<td><\/td>\n<\/tr>\n<tr>\n<th class=\"pes-text-left char-table__title\"><span>tel s\u0131y\u0131rma uzunlu\u011fu<\/span><\/th>\n<td class=\"pes-text-left\">\n<div><span>\u00dcst veya alt ba\u011flant\u0131 i\u00e7in 14 mm<\/span><\/div>\n<\/td>\n<td><\/td>\n<\/tr>\n<tr>\n<th class=\"pes-text-left char-table__title\"><span>s\u0131kma torku<\/span><\/th>\n<td class=\"pes-text-left\">\n<div><span>2 Nm \u00fcst veya alt<\/span><\/div>\n<\/td>\n<td><\/td>\n<\/tr>\n<tr>\n<th class=\"pes-text-left char-table__title\"><span>toprak ka\u00e7a\u011f\u0131 korumas\u0131<\/span><\/th>\n<td class=\"pes-text-left\">\n<div><span>Ayr\u0131 blok<\/span><\/div>\n<\/td>\n<td><\/td>\n<\/tr>\n<\/tbody>\n<\/table>\n<table class=\"pes-table\">\n<caption class=\"pes-text-left\"><span>\u00c7evre<\/span><\/caption>\n<tbody>\n<tr>\n<th class=\"pes-text-left char-table__title\"><span>IP koruma derecesi<\/span><\/th>\n<td class=\"pes-text-left\">\n<div><span>IP20 uyumluluk standard\u0131 IEC 60529<\/span><br \/>\n<span>IP20 uyumluluk standard\u0131 EN 60529<\/span><\/div>\n<\/td>\n<td><\/td>\n<\/tr>\n<tr>\n<th class=\"pes-text-left char-table__title\"><span>kirlilik derecesi<\/span><\/th>\n<td class=\"pes-text-left\">\n<div><span>EN 60947-2&#8217;ye<\/span><br \/>\n<span>uygun 3uyumluluk standard\u0131 IEC 60947-2<\/span><\/div>\n<\/td>\n<td><\/td>\n<\/tr>\n<tr>\n<th class=\"pes-text-left char-table__title\"><span>a\u015f\u0131r\u0131 gerilim kategorisi<\/span><\/th>\n<td class=\"pes-text-left\">\n<div><span>IV<\/span><\/div>\n<\/td>\n<td><\/td>\n<\/tr>\n<tr>\n<th class=\"pes-text-left char-table__title\"><span>tropikalle\u015fme<\/span><\/th>\n<td class=\"pes-text-left\">\n<div><span>IEC 60068-1&#8217;e uygun 2<\/span><\/div>\n<\/td>\n<td><\/td>\n<\/tr>\n<tr>\n<th class=\"pes-text-left char-table__title\"><span>ba\u011f\u0131l nem<\/span><\/th>\n<td class=\"pes-text-left\">\n<div><span>55 \u00b0 C&#8217;de% 95<\/span><\/div>\n<\/td>\n<td><\/td>\n<\/tr>\n<tr>\n<th class=\"pes-text-left char-table__title\"><span>\u00c7al\u0131\u015fma Y\u00fcksekli\u011fi<\/span><\/th>\n<td class=\"pes-text-left\">\n<div><span>0\u2026 2000 m<\/span><\/div>\n<\/td>\n<td><\/td>\n<\/tr>\n<tr>\n<th class=\"pes-text-left char-table__title\"><span>operasyon i\u00e7in ortam hava s\u0131cakl\u0131\u011f\u0131<\/span><\/th>\n<td class=\"pes-text-left\">\n<div><span>-35\u2026 70 \u00b0 C<\/span><\/div>\n<\/td>\n<td><\/td>\n<\/tr>\n<tr>\n<th class=\"pes-text-left char-table__title\"><span>depolama i\u00e7in ortam hava s\u0131cakl\u0131\u011f\u0131<\/span><\/th>\n<td class=\"pes-text-left\">\n<div><span>-40\u2026 85 \u00b0 C<\/span><\/div>\n<\/td>\n<td><\/td>\n<\/tr>\n<\/tbody>\n<\/table>\n<table class=\"pes-table\">\n<caption class=\"pes-text-left\"><span>Paketleme \u00dcniteleri<\/span><\/caption>\n<tbody>\n<tr>\n<th class=\"pes-text-left char-table__title\"><span>Paket 1 A\u011f\u0131rl\u0131\u011f\u0131<\/span><\/th>\n<td class=\"pes-text-left\">\n<div><span>325 g<\/span><\/div>\n<\/td>\n<td><\/td>\n<\/tr>\n<tr>\n<th class=\"pes-text-left char-table__title\"><span>Paket 2 A\u011f\u0131rl\u0131\u011f\u0131<\/span><\/th>\n<td class=\"pes-text-left\">\n<div><span>1,4 kg<\/span><\/div>\n<\/td>\n<td><\/td>\n<\/tr>\n<tr>\n<th class=\"pes-text-left char-table__title\"><span>Paket 3 A\u011f\u0131rl\u0131\u011f\u0131<\/span><\/th>\n<td class=\"pes-text-left\">\n<div><span>15,932 kg<\/span><\/div>\n<\/td>\n<td><\/td>\n<\/tr>\n<\/tbody>\n<\/table>\n<table class=\"pes-table\">\n<caption class=\"pes-text-left\"><span>S\u00fcrd\u00fcr\u00fclebilirlik Sunun<\/span><\/caption>\n<tbody>\n<tr>\n<th class=\"pes-text-left char-table__title\"><span>S\u00fcrd\u00fcr\u00fclebilir teklif durumu<\/span><\/th>\n<td class=\"pes-text-left\">\n<div><span>Green Premium \u00fcr\u00fcn\u00fc<\/span><\/div>\n<\/td>\n<td><\/td>\n<\/tr>\n<tr>\n<th class=\"pes-text-left char-table__title\"><span>REACh Y\u00f6netmeli\u011fi<\/span><\/th>\n<td class=\"pes-text-left\">\n<div><span>REACh Beyan\u0131<\/span><\/div>\n<\/td>\n<td><\/td>\n<\/tr>\n<tr>\n<th class=\"pes-text-left char-table__title\"><span>AB RoHS Direktifi<\/span><\/th>\n<td class=\"pes-text-left\">\n<div><span>Uyumlu<\/span><br \/>\n<span>AB RoHS Beyan\u0131<\/span><\/div>\n<\/td>\n<td><\/td>\n<\/tr>\n<tr>\n<th class=\"pes-text-left char-table__title\"><span>C\u0131va i\u00e7ermez<\/span><\/th>\n<td class=\"pes-text-left\">\n<div><span>Evet<\/span><\/div>\n<\/td>\n<td><\/td>\n<\/tr>\n<tr>\n<th class=\"pes-text-left char-table__title\"><span>RoHS muafiyet bilgileri<\/span><\/th>\n<td class=\"pes-text-left\">\n<div><span>Evet<\/span><\/div>\n<\/td>\n<td><\/td>\n<\/tr>\n<tr>\n<th class=\"pes-text-left char-table__title\"><span>\u00c7in RoHS Y\u00f6netmeli\u011fi<\/span><\/th>\n<td class=\"pes-text-left\">\n<div><span>\u00c7in RoHS beyan\u0131<\/span><br \/>\n<span>\u00c7in RoHS kapsam\u0131 d\u0131\u015f\u0131nda \u00fcr\u00fcn.\u00a0Bilgileriniz i\u00e7in madde beyan\u0131<\/span><\/div>\n<\/td>\n<td><\/td>\n<\/tr>\n<tr>\n<th class=\"pes-text-left char-table__title\"><span>\u00c7evresel A\u00e7\u0131klama<\/span><\/th>\n<td class=\"pes-text-left\">\n<div><span>\u00dcr\u00fcn \u00c7evre Profili<\/span><\/div>\n<\/td>\n<td><\/td>\n<\/tr>\n<tr>\n<th class=\"pes-text-left char-table__title\"><span>WEEE<\/span><\/th>\n<td class=\"pes-text-left\">\n<div><span>\u00dcr\u00fcn, belirli at\u0131k toplama i\u015fleminin ard\u0131ndan Avrupa Birli\u011fi pazarlar\u0131na at\u0131lmal\u0131 ve asla \u00e7\u00f6p kutular\u0131na at\u0131lmamal\u0131d\u0131r.<\/span><\/div>\n<\/td>\n<td><\/td>\n<\/tr>\n<\/tbody>\n<\/table>\n<table class=\"pes-table\">\n<caption class=\"pes-text-left\"><span>S\u00f6zle\u015fmeli garanti<\/span><\/caption>\n<tbody>\n<tr>\n<th class=\"pes-text-left char-table__title\"><span>Garanti<\/span><\/th>\n<td class=\"pes-text-left\">\n<div><span>18 ay<\/span><\/div>\n<\/td>\n<\/tr>\n<\/tbody>\n<\/table>\n","protected":false},"excerpt":{"rendered":"<h2 class=\"pdp-product-info__description\"><span>Minyat\u00fcr devre kesici,<\/span><\/h2>\n<h3 class=\"pdp-product-info__description\"><span>Acti9 iC60L, 3P, 2 A, Z e\u011frisi, 15000 A (IEC 60898-1), 100 kA (IEC 60947-2)<\/span><\/h3>\n","protected":false},"featured_media":6802,"comment_status":"open","ping_status":"closed","template":"","meta":[],"product_brand":[],"product_cat":[468,467],"product_tag":[],"class_list":{"0":"post-6823","1":"product","2":"type-product","3":"status-publish","4":"has-post-thumbnail","6":"product_cat-elektrik-koruma-ve-kontrol","7":"product_cat-schneider-electric-tr","9":"first","10":"instock","11":"shipping-taxable","12":"product-type-simple"},"yoast_head":"<!-- This site is optimized with the Yoast SEO plugin v24.3 - https:\/\/yoast.com\/wordpress\/plugins\/seo\/ -->\n<title>A9F92302 - \u0130ntegral Elektronik<\/title>\n<meta name=\"robots\" content=\"index, follow, max-snippet:-1, max-image-preview:large, max-video-preview:-1\" \/>\n<link rel=\"canonical\" href=\"https:\/\/integralelektronik.com\/tr\/product\/a9f92302\/\" \/>\n<meta property=\"og:locale\" content=\"tr_TR\" \/>\n<meta property=\"og:type\" content=\"article\" \/>\n<meta property=\"og:title\" content=\"A9F92302 - \u0130ntegral Elektronik\" \/>\n<meta property=\"og:description\" content=\"Minyat\u00fcr devre kesici, Acti9 iC60L, 3P, 2 A, Z e\u011frisi, 15000 A (IEC 60898-1), 100 kA (IEC 60947-2)\" \/>\n<meta property=\"og:url\" content=\"https:\/\/integralelektronik.com\/tr\/product\/a9f92302\/\" \/>\n<meta property=\"og:site_name\" content=\"\u0130ntegral Elektronik\" \/>\n<meta property=\"article:modified_time\" content=\"2020-11-19T18:20:40+00:00\" \/>\n<meta property=\"og:image\" content=\"https:\/\/integralelektronik.com\/wp-content\/uploads\/2020\/11\/PB104447_1500x1500.jpg\" \/>\n\t<meta property=\"og:image:width\" content=\"1500\" \/>\n\t<meta property=\"og:image:height\" content=\"1500\" \/>\n\t<meta property=\"og:image:type\" content=\"image\/jpeg\" \/>\n<meta name=\"twitter:card\" content=\"summary_large_image\" \/>\n<meta name=\"twitter:label1\" content=\"Tahmini okuma s\u00fcresi\" \/>\n\t<meta name=\"twitter:data1\" content=\"3 dakika\" \/>\n<script type=\"application\/ld+json\" class=\"yoast-schema-graph\">{\"@context\":\"https:\/\/schema.org\",\"@graph\":[{\"@type\":\"WebPage\",\"@id\":\"https:\/\/integralelektronik.com\/tr\/product\/a9f92302\/\",\"url\":\"https:\/\/integralelektronik.com\/tr\/product\/a9f92302\/\",\"name\":\"A9F92302 - \u0130ntegral Elektronik\",\"isPartOf\":{\"@id\":\"https:\/\/integralelektronik.com\/#website\"},\"primaryImageOfPage\":{\"@id\":\"https:\/\/integralelektronik.com\/tr\/product\/a9f92302\/#primaryimage\"},\"image\":{\"@id\":\"https:\/\/integralelektronik.com\/tr\/product\/a9f92302\/#primaryimage\"},\"thumbnailUrl\":\"https:\/\/integralelektronik.com\/wp-content\/uploads\/2020\/11\/PB104447_1500x1500.jpg\",\"datePublished\":\"2020-11-19T18:20:39+00:00\",\"dateModified\":\"2020-11-19T18:20:40+00:00\",\"breadcrumb\":{\"@id\":\"https:\/\/integralelektronik.com\/tr\/product\/a9f92302\/#breadcrumb\"},\"inLanguage\":\"tr\",\"potentialAction\":[{\"@type\":\"ReadAction\",\"target\":[\"https:\/\/integralelektronik.com\/tr\/product\/a9f92302\/\"]}]},{\"@type\":\"ImageObject\",\"inLanguage\":\"tr\",\"@id\":\"https:\/\/integralelektronik.com\/tr\/product\/a9f92302\/#primaryimage\",\"url\":\"https:\/\/integralelektronik.com\/wp-content\/uploads\/2020\/11\/PB104447_1500x1500.jpg\",\"contentUrl\":\"https:\/\/integralelektronik.com\/wp-content\/uploads\/2020\/11\/PB104447_1500x1500.jpg\",\"width\":1500,\"height\":1500},{\"@type\":\"BreadcrumbList\",\"@id\":\"https:\/\/integralelektronik.com\/tr\/product\/a9f92302\/#breadcrumb\",\"itemListElement\":[{\"@type\":\"ListItem\",\"position\":1,\"name\":\"Home\",\"item\":\"https:\/\/integralelektronik.com\/tr\/\"},{\"@type\":\"ListItem\",\"position\":2,\"name\":\"Shop\",\"item\":\"https:\/\/integralelektronik.com\/shop\/\"},{\"@type\":\"ListItem\",\"position\":3,\"name\":\"A9F92302\"}]},{\"@type\":\"WebSite\",\"@id\":\"https:\/\/integralelektronik.com\/#website\",\"url\":\"https:\/\/integralelektronik.com\/\",\"name\":\"\u0130ntegral Elektronik\",\"description\":\"\",\"publisher\":{\"@id\":\"https:\/\/integralelektronik.com\/#organization\"},\"potentialAction\":[{\"@type\":\"SearchAction\",\"target\":{\"@type\":\"EntryPoint\",\"urlTemplate\":\"https:\/\/integralelektronik.com\/?s={search_term_string}\"},\"query-input\":{\"@type\":\"PropertyValueSpecification\",\"valueRequired\":true,\"valueName\":\"search_term_string\"}}],\"inLanguage\":\"tr\"},{\"@type\":\"Organization\",\"@id\":\"https:\/\/integralelektronik.com\/#organization\",\"name\":\"\u0130ntegral Elektronik\",\"url\":\"https:\/\/integralelektronik.com\/\",\"logo\":{\"@type\":\"ImageObject\",\"inLanguage\":\"tr\",\"@id\":\"https:\/\/integralelektronik.com\/#\/schema\/logo\/image\/\",\"url\":\"https:\/\/integralelektronik.com\/wp-content\/uploads\/2020\/10\/logo.png\",\"contentUrl\":\"https:\/\/integralelektronik.com\/wp-content\/uploads\/2020\/10\/logo.png\",\"width\":180,\"height\":90,\"caption\":\"\u0130ntegral Elektronik\"},\"image\":{\"@id\":\"https:\/\/integralelektronik.com\/#\/schema\/logo\/image\/\"}}]}<\/script>\n<!-- \/ Yoast SEO plugin. -->","yoast_head_json":{"title":"A9F92302 - \u0130ntegral Elektronik","robots":{"index":"index","follow":"follow","max-snippet":"max-snippet:-1","max-image-preview":"max-image-preview:large","max-video-preview":"max-video-preview:-1"},"canonical":"https:\/\/integralelektronik.com\/tr\/product\/a9f92302\/","og_locale":"tr_TR","og_type":"article","og_title":"A9F92302 - \u0130ntegral Elektronik","og_description":"Minyat\u00fcr devre kesici, Acti9 iC60L, 3P, 2 A, Z e\u011frisi, 15000 A (IEC 60898-1), 100 kA (IEC 60947-2)","og_url":"https:\/\/integralelektronik.com\/tr\/product\/a9f92302\/","og_site_name":"\u0130ntegral Elektronik","article_modified_time":"2020-11-19T18:20:40+00:00","og_image":[{"width":1500,"height":1500,"url":"https:\/\/integralelektronik.com\/wp-content\/uploads\/2020\/11\/PB104447_1500x1500.jpg","type":"image\/jpeg"}],"twitter_card":"summary_large_image","twitter_misc":{"Tahmini okuma s\u00fcresi":"3 dakika"},"schema":{"@context":"https:\/\/schema.org","@graph":[{"@type":"WebPage","@id":"https:\/\/integralelektronik.com\/tr\/product\/a9f92302\/","url":"https:\/\/integralelektronik.com\/tr\/product\/a9f92302\/","name":"A9F92302 - \u0130ntegral Elektronik","isPartOf":{"@id":"https:\/\/integralelektronik.com\/#website"},"primaryImageOfPage":{"@id":"https:\/\/integralelektronik.com\/tr\/product\/a9f92302\/#primaryimage"},"image":{"@id":"https:\/\/integralelektronik.com\/tr\/product\/a9f92302\/#primaryimage"},"thumbnailUrl":"https:\/\/integralelektronik.com\/wp-content\/uploads\/2020\/11\/PB104447_1500x1500.jpg","datePublished":"2020-11-19T18:20:39+00:00","dateModified":"2020-11-19T18:20:40+00:00","breadcrumb":{"@id":"https:\/\/integralelektronik.com\/tr\/product\/a9f92302\/#breadcrumb"},"inLanguage":"tr","potentialAction":[{"@type":"ReadAction","target":["https:\/\/integralelektronik.com\/tr\/product\/a9f92302\/"]}]},{"@type":"ImageObject","inLanguage":"tr","@id":"https:\/\/integralelektronik.com\/tr\/product\/a9f92302\/#primaryimage","url":"https:\/\/integralelektronik.com\/wp-content\/uploads\/2020\/11\/PB104447_1500x1500.jpg","contentUrl":"https:\/\/integralelektronik.com\/wp-content\/uploads\/2020\/11\/PB104447_1500x1500.jpg","width":1500,"height":1500},{"@type":"BreadcrumbList","@id":"https:\/\/integralelektronik.com\/tr\/product\/a9f92302\/#breadcrumb","itemListElement":[{"@type":"ListItem","position":1,"name":"Home","item":"https:\/\/integralelektronik.com\/tr\/"},{"@type":"ListItem","position":2,"name":"Shop","item":"https:\/\/integralelektronik.com\/shop\/"},{"@type":"ListItem","position":3,"name":"A9F92302"}]},{"@type":"WebSite","@id":"https:\/\/integralelektronik.com\/#website","url":"https:\/\/integralelektronik.com\/","name":"\u0130ntegral Elektronik","description":"","publisher":{"@id":"https:\/\/integralelektronik.com\/#organization"},"potentialAction":[{"@type":"SearchAction","target":{"@type":"EntryPoint","urlTemplate":"https:\/\/integralelektronik.com\/?s={search_term_string}"},"query-input":{"@type":"PropertyValueSpecification","valueRequired":true,"valueName":"search_term_string"}}],"inLanguage":"tr"},{"@type":"Organization","@id":"https:\/\/integralelektronik.com\/#organization","name":"\u0130ntegral Elektronik","url":"https:\/\/integralelektronik.com\/","logo":{"@type":"ImageObject","inLanguage":"tr","@id":"https:\/\/integralelektronik.com\/#\/schema\/logo\/image\/","url":"https:\/\/integralelektronik.com\/wp-content\/uploads\/2020\/10\/logo.png","contentUrl":"https:\/\/integralelektronik.com\/wp-content\/uploads\/2020\/10\/logo.png","width":180,"height":90,"caption":"\u0130ntegral Elektronik"},"image":{"@id":"https:\/\/integralelektronik.com\/#\/schema\/logo\/image\/"}}]}},"_links":{"self":[{"href":"https:\/\/integralelektronik.com\/tr\/wp-json\/wp\/v2\/product\/6823"}],"collection":[{"href":"https:\/\/integralelektronik.com\/tr\/wp-json\/wp\/v2\/product"}],"about":[{"href":"https:\/\/integralelektronik.com\/tr\/wp-json\/wp\/v2\/types\/product"}],"replies":[{"embeddable":true,"href":"https:\/\/integralelektronik.com\/tr\/wp-json\/wp\/v2\/comments?post=6823"}],"wp:featuredmedia":[{"embeddable":true,"href":"https:\/\/integralelektronik.com\/tr\/wp-json\/wp\/v2\/media\/6802"}],"wp:attachment":[{"href":"https:\/\/integralelektronik.com\/tr\/wp-json\/wp\/v2\/media?parent=6823"}],"wp:term":[{"taxonomy":"product_brand","embeddable":true,"href":"https:\/\/integralelektronik.com\/tr\/wp-json\/wp\/v2\/product_brand?post=6823"},{"taxonomy":"product_cat","embeddable":true,"href":"https:\/\/integralelektronik.com\/tr\/wp-json\/wp\/v2\/product_cat?post=6823"},{"taxonomy":"product_tag","embeddable":true,"href":"https:\/\/integralelektronik.com\/tr\/wp-json\/wp\/v2\/product_tag?post=6823"}],"curies":[{"name":"wp","href":"https:\/\/api.w.org\/{rel}","templated":true}]}}