{"id":6821,"date":"2020-11-19T21:15:54","date_gmt":"2020-11-19T18:15:54","guid":{"rendered":"http:\/\/integralelektronik.com\/?post_type=product&#038;p=6821"},"modified":"2020-11-19T21:23:22","modified_gmt":"2020-11-19T18:23:22","slug":"lr97d015b","status":"publish","type":"product","link":"https:\/\/integralelektronik.com\/tr\/product\/lr97d015b\/","title":{"rendered":"LR97D015B"},"content":{"rendered":"<table class=\"pes-table\">\n<tbody>\n<tr>\n<th class=\"pes-text-left char-table__title\"><span>cihaz k\u0131sa ad\u0131<\/span><\/th>\n<td class=\"pes-text-left\">\n<div><span>LR97<\/span><\/div>\n<\/td>\n<td><\/td>\n<\/tr>\n<tr>\n<th class=\"pes-text-left char-table__title\"><span>\u00fcr\u00fcn veya bile\u015fen tipi<\/span><\/th>\n<td class=\"pes-text-left\">\n<div><span>Elektronik a\u015f\u0131r\u0131 ak\u0131m r\u00f6lesi<\/span><\/div>\n<\/td>\n<td><\/td>\n<\/tr>\n<tr>\n<th class=\"pes-text-left char-table__title\"><span>cihaz uygulamas\u0131<\/span><\/th>\n<td class=\"pes-text-left\">\n<div><span>Koruma<\/span><\/div>\n<\/td>\n<td><\/td>\n<\/tr>\n<tr>\n<th class=\"pes-text-left char-table__title\"><span>r\u00f6le uygulamas\u0131<\/span><\/th>\n<td class=\"pes-text-left\">\n<div><span>Kilitli rotor, mekanik s\u0131k\u0131\u015fma I&gt; 3 x \u0130zetleme<\/span><br \/>\n<span>Faz ar\u0131zas\u0131na duyarl\u0131l\u0131k<\/span><br \/>\n<span>A\u015f\u0131r\u0131 y\u00fck Imax&gt; \u0130zetleme<\/span><\/div>\n<\/td>\n<td><\/td>\n<\/tr>\n<tr>\n<th class=\"pes-text-left char-table__title\"><span>\u00fcr\u00fcn uyumlulu\u011fu<\/span><\/th>\n<td class=\"pes-text-left\">\n<div><span>LC1D09\u2026 D38<\/span><\/div>\n<\/td>\n<td><\/td>\n<\/tr>\n<tr>\n<th class=\"pes-text-left char-table__title\"><span>a\u011f tipi<\/span><\/th>\n<td class=\"pes-text-left\">\n<div><span>DC<\/span><br \/>\n<span>AC<\/span><\/div>\n<\/td>\n<td><\/td>\n<\/tr>\n<tr>\n<th class=\"pes-text-left char-table__title\"><span>[Us] nominal besleme gerilimi<\/span><\/th>\n<td class=\"pes-text-left\">\n<div><span>24 V AC \/ DC<\/span><\/div>\n<\/td>\n<td><\/td>\n<\/tr>\n<tr>\n<th class=\"pes-text-left char-table__title\"><span>termal koruma ayar aral\u0131\u011f\u0131<\/span><\/th>\n<td class=\"pes-text-left\">\n<div><span>0,3\u2026 1,5 A<\/span><\/div>\n<\/td>\n<td><\/td>\n<\/tr>\n<tr>\n<th class=\"pes-text-left char-table__title\"><span>set ba\u015f\u0131na miktar<\/span><\/th>\n<td class=\"pes-text-left\">\n<div><span>10&#8217;lu set<\/span><\/div>\n<\/td>\n<td><\/td>\n<\/tr>\n<\/tbody>\n<\/table>\n<table class=\"pes-table\">\n<caption class=\"pes-text-left\"><span>Tamamlay\u0131c\u0131<\/span><\/caption>\n<tbody>\n<tr>\n<th class=\"pes-text-left char-table__title\"><span>a\u011f frekans\u0131<\/span><\/th>\n<td class=\"pes-text-left\">\n<div>50\u202660 Hz<\/div>\n<\/td>\n<td><\/td>\n<\/tr>\n<tr>\n<th class=\"pes-text-left char-table__title\"><span>montaj deste\u011fi<\/span><\/th>\n<td class=\"pes-text-left\">\n<div><span>Do\u011frudan kontakt\u00f6r<\/span><br \/>\n<span>Ray\u0131na<\/span><\/div>\n<\/td>\n<td><\/td>\n<\/tr>\n<tr>\n<th class=\"pes-text-left char-table__title\"><span>a\u00e7ma e\u015fi\u011fi<\/span><\/th>\n<td class=\"pes-text-left\">\n<div><span>0,3\u2026 1,3 A<\/span><\/div>\n<\/td>\n<td><\/td>\n<\/tr>\n<tr>\n<th class=\"pes-text-left char-table__title\"><span>dalgalanma dayan\u0131m\u0131<\/span><\/th>\n<td class=\"pes-text-left\">\n<div><span>IEC 61000-4-5&#8217;e uygun 6 kV<\/span><\/div>\n<\/td>\n<td><\/td>\n<\/tr>\n<tr>\n<th class=\"pes-text-left char-table__title\"><span>ki\u015fi t\u00fcr\u00fc ve kompozisyonu<\/span><\/th>\n<td class=\"pes-text-left\">\n<div><span>1 K \/ \u00c7<\/span><\/div>\n<\/td>\n<td><\/td>\n<\/tr>\n<tr>\n<th class=\"pes-text-left char-table__title\"><span>[Ith] geleneksel serbest hava termal ak\u0131m\u0131<\/span><\/th>\n<td class=\"pes-text-left\">\n<div><span>3 A i\u00e7in kontrol devresi<\/span><\/div>\n<\/td>\n<td><\/td>\n<\/tr>\n<tr>\n<th class=\"pes-text-left char-table__title\"><span>koruma t\u00fcr\u00fc<\/span><\/th>\n<td class=\"pes-text-left\">\n<div><span>BS sigortas\u0131 3 A &#8211; kontrol devresi i\u00e7in<\/span><br \/>\n<span>GB2 devre kesici 3 A &#8211; kontrol devresi i\u00e7in<\/span><br \/>\n<span>GG sigortas\u0131 3 A &#8211; kontrol devresi i\u00e7in<\/span><\/div>\n<\/td>\n<td><\/td>\n<\/tr>\n<tr>\n<th class=\"pes-text-left char-table__title\"><span>maksimum g\u00fc\u00e7<\/span><\/th>\n<td class=\"pes-text-left\">\n<div><span>28 W 110 V DC&#8217;de<\/span><br \/>\n<span>28 W 220 V DC&#8217;de 28 W uyumluluk standard\u0131 IEC 60947<\/span><br \/>\n<span>24 V DC&#8217;de<\/span><br \/>\n<span>55 W 48 V DC&#8217;de 55 W uyumluluk standard\u0131 IEC 60947<\/span><br \/>\n<span>48 V AC&#8217;de 140 VA uyumluluk standard\u0131 IEC 60947<\/span><br \/>\n<span>110 V AC&#8217;de<\/span><br \/>\n<span>360\u00a0VAuyumluluk standard\u0131 IEC 60947\u00a0360 VA, 220 V AC&#8217;de uyumluluk standard\u0131 IEC 60947<\/span><br \/>\n<span>24 V AC&#8217;de 70 VA uyumluluk standard\u0131 IEC 60947<\/span><\/div>\n<\/td>\n<td><\/td>\n<\/tr>\n<tr>\n<th class=\"pes-text-left char-table__title\"><span>[Ui] nominal yal\u0131t\u0131m gerilimi<\/span><\/th>\n<td class=\"pes-text-left\">\n<div><span>G\u00fc\u00e7 devresi: 600 V &#8216;e uygun CSA<\/span><br \/>\n<span>G\u00fc\u00e7 devresi: 600 V&#8217; e uygun UL<\/span><br \/>\n<span>G\u00fc\u00e7 devresi: 690 V &#8216;e uygunIEC 60947-4-1<\/span><\/div>\n<\/td>\n<td><\/td>\n<\/tr>\n<tr>\n<th class=\"pes-text-left char-table__title\"><span>[Uimp] anma darbe dayan\u0131m gerilimi<\/span><\/th>\n<td class=\"pes-text-left\">\n<div><span>6 kV<\/span><\/div>\n<\/td>\n<td><\/td>\n<\/tr>\n<tr>\n<th class=\"pes-text-left char-table__title\"><span>faz hatas\u0131 hassasiyeti<\/span><\/th>\n<td class=\"pes-text-left\">\n<div><span>&lt;3 sn<\/span><\/div>\n<\/td>\n<td><\/td>\n<\/tr>\n<tr>\n<th class=\"pes-text-left char-table__title\"><span>S\u0131f\u0131rla<\/span><\/th>\n<td class=\"pes-text-left\">\n<div><span>Otomatik s\u0131f\u0131rlama 120 s sabit<\/span><br \/>\n<span>Minimum 0,1 sn i\u00e7in g\u00fc\u00e7 kayna\u011f\u0131n\u0131n kesilmesiyle elektriksel<\/span><br \/>\n<span>Manuel s\u0131f\u0131rlama<\/span><\/div>\n<\/td>\n<td><\/td>\n<\/tr>\n<tr>\n<th class=\"pes-text-left char-table__title\"><span>zaman aral\u0131\u011f\u0131<\/span><\/th>\n<td class=\"pes-text-left\">\n<div><span>0,2\u2026 10 sn &#8211; O-zaman d\u00fc\u011fmesi<\/span><br \/>\n<span>0,3\u2026 10 sn &#8211; O-s\u00fcre d\u00fc\u011fmesi<\/span><br \/>\n<span>0,5..30 sn &#8211; D-zaman d\u00fc\u011fmesi<\/span><\/div>\n<\/td>\n<td><\/td>\n<\/tr>\n<tr>\n<th class=\"pes-text-left char-table__title\"><span>sinyal i\u015flevi<\/span><\/th>\n<td class=\"pes-text-left\">\n<div><span>2 LED<\/span><\/div>\n<\/td>\n<td><\/td>\n<\/tr>\n<tr>\n<th class=\"pes-text-left char-table__title\"><span>ba\u011flant\u0131lar &#8211; terminaller<\/span><\/th>\n<td class=\"pes-text-left\">\n<div><span>Kontrol devresi: kablo 1 x 1\u2026 25 mm\u00b2esnek kablo u\u00e7suz<\/span><br \/>\n<span>Kontrol devresi: kablo 1 x 1\u2026 25 mm\u00b2esnek kablo u\u00e7suz<\/span><br \/>\n<span>Kontrol devresi: kablo 1 x 2,5 mm\u00b2esnek kablo u\u00e7suz<\/span><br \/>\n<span>Kontrol devresi: pabu\u00e7-kelep\u00e7e 1 x 0,34 mm\u00b2esnek kablo u\u00e7suz<\/span><br \/>\n<span>Kontrol devresi: pabu\u00e7-kelep\u00e7e 1 x 0,75 mm\u00b2esnek kablo u\u00e7suz<\/span><br \/>\n<span>Kontrol devresi: pabu\u00e7-kelep\u00e7e 2 x 1,5 mm\u00b2 kablo u\u00e7suz<\/span><br \/>\n<span>Kontrol devresi: pabu\u00e7 kelep\u00e7esi 2 x 2,5 mm\u00b2esnek kablo u\u00e7suz<\/span><br \/>\n<span>G\u00fc\u00e7 devresi: kablo 1 x 1\u2026 4 mm\u00b2esnek ile kablo ucu<\/span><br \/>\n<span>G\u00fc\u00e7 devresi: kablo 1 x 1,5\u2026 10 mm\u00b2esnek kablo u\u00e7suz<\/span><br \/>\n<span>G\u00fc\u00e7 devresi: pabu\u00e7-kelep\u00e7e 1 x 1\u2026 4 mm\u00b2 kablo u\u00e7suz<\/span><br \/>\n<span>G\u00fc\u00e7 devresi: pabu\u00e7-kelep\u00e7e 1 x 1,5\u2026 10 mm\u00b2esnek kablo u\u00e7suz<\/span><\/div>\n<\/td>\n<td><\/td>\n<\/tr>\n<tr>\n<th class=\"pes-text-left char-table__title\"><span>s\u0131kma torku<\/span><\/th>\n<td class=\"pes-text-left\">\n<div><span>Kontrol devresi: pabu\u00e7 kelep\u00e7esinde 0,6\u2026 1,2 Nm<\/span><br \/>\n<span>G\u00fc\u00e7 devresi: Kabloda 2 Nm<\/span><\/div>\n<\/td>\n<td><\/td>\n<\/tr>\n<tr>\n<th class=\"pes-text-left char-table__title\"><span>y\u00fckseklik<\/span><\/th>\n<td class=\"pes-text-left\">\n<div><span>67,5 mm<\/span><\/div>\n<\/td>\n<td><\/td>\n<\/tr>\n<tr>\n<th class=\"pes-text-left char-table__title\"><span>Geni\u015flik<\/span><\/th>\n<td class=\"pes-text-left\">\n<div><span>45 mm<\/span><\/div>\n<\/td>\n<td><\/td>\n<\/tr>\n<tr>\n<th class=\"pes-text-left char-table__title\"><span>derinlik<\/span><\/th>\n<td class=\"pes-text-left\">\n<div><span>67,5 mm<\/span><\/div>\n<\/td>\n<td><\/td>\n<\/tr>\n<tr>\n<th class=\"pes-text-left char-table__title\"><span>net a\u011f\u0131rl\u0131k<\/span><\/th>\n<td class=\"pes-text-left\">\n<div><span>0.172 kg<\/span><\/div>\n<\/td>\n<td><\/td>\n<\/tr>\n<\/tbody>\n<\/table>\n<table class=\"pes-table\">\n<caption class=\"pes-text-left\"><span>\u00c7evre<\/span><\/caption>\n<tbody>\n<tr>\n<th class=\"pes-text-left char-table__title\"><span>standartlar\u0131<\/span><\/th>\n<td class=\"pes-text-left\">\n<div><span>IEC 60947<\/span><br \/>\n<span>IEC 60255-6<\/span><\/div>\n<\/td>\n<td><\/td>\n<\/tr>\n<tr>\n<th class=\"pes-text-left char-table__title\"><span>\u00fcr\u00fcn sertifikalar\u0131<\/span><\/th>\n<td class=\"pes-text-left\">\n<div><span>GOST<\/span><br \/>\n<span>CSA<\/span><br \/>\n<span>UL<\/span><\/div>\n<\/td>\n<td><\/td>\n<\/tr>\n<tr>\n<th class=\"pes-text-left char-table__title\"><span>koruyucu tedavi<\/span><\/th>\n<td class=\"pes-text-left\">\n<div><span>IEC 60068&#8217;e uygun TH<\/span><\/div>\n<\/td>\n<td><\/td>\n<\/tr>\n<tr>\n<th class=\"pes-text-left char-table__title\"><span>IP koruma derecesi<\/span><\/th>\n<td class=\"pes-text-left\">\n<div><span>IP20, IEC 60529&#8217;a uygundur<\/span><\/div>\n<\/td>\n<td><\/td>\n<\/tr>\n<tr>\n<th class=\"pes-text-left char-table__title\"><span>operasyon i\u00e7in ortam hava s\u0131cakl\u0131\u011f\u0131<\/span><\/th>\n<td class=\"pes-text-left\">\n<div><span>-25\u2026 60 \u00b0 C uyumluluk standard\u0131 IEC 60947-4-1<\/span><\/div>\n<\/td>\n<td><\/td>\n<\/tr>\n<tr>\n<th class=\"pes-text-left char-table__title\"><span>depolama i\u00e7in ortam hava s\u0131cakl\u0131\u011f\u0131<\/span><\/th>\n<td class=\"pes-text-left\">\n<div><span>-30\u2026 80 \u00b0 C<\/span><\/div>\n<\/td>\n<td><\/td>\n<\/tr>\n<tr>\n<th class=\"pes-text-left char-table__title\"><span>\u00c7al\u0131\u015fma Y\u00fcksekli\u011fi<\/span><\/th>\n<td class=\"pes-text-left\">\n<div><span>2000 m<\/span><\/div>\n<\/td>\n<td><\/td>\n<\/tr>\n<tr>\n<th class=\"pes-text-left char-table__title\"><span>yang\u0131na dayan\u0131kl\u0131l\u0131k<\/span><\/th>\n<td class=\"pes-text-left\">\n<div><span>IEC 60695-2-1&#8217;e uygun 850 \u00b0 C<\/span><\/div>\n<\/td>\n<td><\/td>\n<\/tr>\n<tr>\n<th class=\"pes-text-left char-table__title\"><span>\u015fok direnci<\/span><\/th>\n<td class=\"pes-text-left\">\n<div><span>15 gn 11 ms uyumluluk standard\u0131 IEC 60068-2-7<\/span><\/div>\n<\/td>\n<td><\/td>\n<\/tr>\n<tr>\n<th class=\"pes-text-left char-table__title\"><span>Titre\u015fim direnci<\/span><\/th>\n<td class=\"pes-text-left\">\n<div><span>4 gn uyumluluk standard\u0131 IEC 60068-2-6<\/span><\/div>\n<\/td>\n<td><\/td>\n<\/tr>\n<tr>\n<th class=\"pes-text-left char-table__title\"><span>dielektrik g\u00fcc\u00fc<\/span><\/th>\n<td class=\"pes-text-left\">\n<div><span>IEC 60255-5&#8217;e uygun 2 V 50 Hz<\/span><\/div>\n<\/td>\n<td><\/td>\n<\/tr>\n<tr>\n<th class=\"pes-text-left char-table__title\"><span>elektrostatik de\u015farja diren\u00e7<\/span><\/th>\n<td class=\"pes-text-left\">\n<div><span>Dolayl\u0131 modda<\/span><br \/>\n<span>6 kV havada 8 kV<\/span><\/div>\n<\/td>\n<td><\/td>\n<\/tr>\n<tr>\n<th class=\"pes-text-left char-table__title\"><span>yay\u0131lan alanlara diren\u00e7<\/span><\/th>\n<td class=\"pes-text-left\">\n<div><span>10 V \/ m seviye 3<\/span><\/div>\n<\/td>\n<td><\/td>\n<\/tr>\n<tr>\n<th class=\"pes-text-left char-table__title\"><span>h\u0131zl\u0131 ge\u00e7i\u015flere diren\u00e7<\/span><\/th>\n<td class=\"pes-text-left\">\n<div><span>2 kV<\/span><\/div>\n<\/td>\n<td><\/td>\n<\/tr>\n<tr>\n<th class=\"pes-text-left char-table__title\"><span>rahats\u0131zl\u0131k yay\u0131lan \/ iletilen<\/span><\/th>\n<td class=\"pes-text-left\">\n<div><span>10 V uyumluluk standard\u0131 EN 61000-4-6<\/span><br \/>\n<span>S\u0131n\u0131f A uyumluluk standard\u0131 EN 55011<\/span><\/div>\n<\/td>\n<td><\/td>\n<\/tr>\n<\/tbody>\n<\/table>\n<table class=\"pes-table\">\n<caption class=\"pes-text-left\"><span>Paketleme \u00dcniteleri<\/span><\/caption>\n<tbody>\n<tr>\n<th class=\"pes-text-left char-table__title\"><span>Paket 1 A\u011f\u0131rl\u0131\u011f\u0131<\/span><\/th>\n<td class=\"pes-text-left\">\n<div><span>0.177 kg<\/span><\/div>\n<\/td>\n<td><\/td>\n<\/tr>\n<\/tbody>\n<\/table>\n<table class=\"pes-table\">\n<caption class=\"pes-text-left\"><span>S\u00fcrd\u00fcr\u00fclebilirlik Sunun<\/span><\/caption>\n<tbody>\n<tr>\n<th class=\"pes-text-left char-table__title\"><span>AB RoHS Direktifi<\/span><\/th>\n<td class=\"pes-text-left\">\n<div><span>Uyumlu<\/span><br \/>\n<span>AB RoHS Beyan\u0131<\/span><\/div>\n<\/td>\n<td><\/td>\n<\/tr>\n<tr>\n<th class=\"pes-text-left char-table__title\"><span>C\u0131va i\u00e7ermez<\/span><\/th>\n<td class=\"pes-text-left\">\n<div><span>Evet<\/span><\/div>\n<\/td>\n<td><\/td>\n<\/tr>\n<tr>\n<th class=\"pes-text-left char-table__title\"><span>RoHS muafiyet bilgileri<\/span><\/th>\n<td class=\"pes-text-left\">\n<div><span>Evet<\/span><\/div>\n<\/td>\n<td><\/td>\n<\/tr>\n<tr>\n<th class=\"pes-text-left char-table__title\"><span>\u00c7in RoHS Y\u00f6netmeli\u011fi<\/span><\/th>\n<td class=\"pes-text-left\">\n<div><span>\u00c7in RoHS beyan\u0131<\/span><br \/>\n<span>\u00c7in RoHS kapsam\u0131 d\u0131\u015f\u0131nda \u00fcr\u00fcn.\u00a0Bilgileriniz i\u00e7in madde beyan\u0131<\/span><\/div>\n<\/td>\n<td><\/td>\n<\/tr>\n<tr>\n<th class=\"pes-text-left char-table__title\"><span>D\u00f6ng\u00fcsellik Profili<\/span><\/th>\n<td class=\"pes-text-left\">\n<div><span>Kullan\u0131m \u00d6mr\u00fc Sonu Bilgileri<\/span><\/div>\n<\/td>\n<td><\/td>\n<\/tr>\n<tr>\n<th class=\"pes-text-left char-table__title\"><span>WEEE<\/span><\/th>\n<td class=\"pes-text-left\">\n<div><span>\u00dcr\u00fcn, belirli at\u0131k toplama i\u015fleminin ard\u0131ndan Avrupa Birli\u011fi pazarlar\u0131na at\u0131lmal\u0131 ve asla \u00e7\u00f6p kutular\u0131na at\u0131lmamal\u0131d\u0131r.<\/span><\/div>\n<\/td>\n<td><\/td>\n<\/tr>\n<\/tbody>\n<\/table>\n<table class=\"pes-table\">\n<caption class=\"pes-text-left\"><span>S\u00f6zle\u015fmeli garanti<\/span><\/caption>\n<tbody>\n<tr>\n<th class=\"pes-text-left char-table__title\"><span>Garanti<\/span><\/th>\n<td class=\"pes-text-left\">\n<div><span>18 ay<\/span><\/div>\n<\/td>\n<\/tr>\n<\/tbody>\n<\/table>\n","protected":false},"excerpt":{"rendered":"<h2 class=\"pdp-product-info__description\"><span>Motor i\u00e7in elektronik a\u015f\u0131r\u0131 y\u00fck r\u00f6lesi<\/span><\/h2>\n<h3><span><span class=\"goog-text-highlight\">TeSys &#8211; 0,3\u2026 1,5 A &#8211; 24 V AC \/ DC<\/span><\/span><\/h3>\n","protected":false},"featured_media":6810,"comment_status":"open","ping_status":"closed","template":"","meta":[],"product_brand":[],"product_cat":[468,467],"product_tag":[],"class_list":{"0":"post-6821","1":"product","2":"type-product","3":"status-publish","4":"has-post-thumbnail","6":"product_cat-elektrik-koruma-ve-kontrol","7":"product_cat-schneider-electric-tr","9":"first","10":"instock","11":"shipping-taxable","12":"product-type-simple"},"yoast_head":"<!-- This site is optimized with the Yoast SEO plugin v24.3 - https:\/\/yoast.com\/wordpress\/plugins\/seo\/ -->\n<title>LR97D015B - \u0130ntegral Elektronik<\/title>\n<meta name=\"robots\" content=\"index, follow, max-snippet:-1, max-image-preview:large, max-video-preview:-1\" \/>\n<link rel=\"canonical\" href=\"https:\/\/integralelektronik.com\/tr\/product\/lr97d015b\/\" \/>\n<meta property=\"og:locale\" content=\"tr_TR\" \/>\n<meta property=\"og:type\" content=\"article\" \/>\n<meta property=\"og:title\" content=\"LR97D015B - \u0130ntegral Elektronik\" \/>\n<meta property=\"og:description\" content=\"Motor i\u00e7in elektronik a\u015f\u0131r\u0131 y\u00fck r\u00f6lesi TeSys - 0,3\u2026 1,5 A - 24 V AC \/ DC\" \/>\n<meta property=\"og:url\" content=\"https:\/\/integralelektronik.com\/tr\/product\/lr97d015b\/\" \/>\n<meta property=\"og:site_name\" content=\"\u0130ntegral Elektronik\" \/>\n<meta property=\"article:modified_time\" content=\"2020-11-19T18:23:22+00:00\" \/>\n<meta property=\"og:image\" content=\"https:\/\/integralelektronik.com\/wp-content\/uploads\/2020\/11\/PB111974_1500x1500.jpg\" \/>\n\t<meta property=\"og:image:width\" content=\"1500\" \/>\n\t<meta property=\"og:image:height\" content=\"1500\" \/>\n\t<meta property=\"og:image:type\" content=\"image\/jpeg\" \/>\n<meta name=\"twitter:card\" content=\"summary_large_image\" \/>\n<meta name=\"twitter:label1\" content=\"Tahmini okuma s\u00fcresi\" \/>\n\t<meta name=\"twitter:data1\" content=\"3 dakika\" \/>\n<script type=\"application\/ld+json\" class=\"yoast-schema-graph\">{\"@context\":\"https:\/\/schema.org\",\"@graph\":[{\"@type\":\"WebPage\",\"@id\":\"https:\/\/integralelektronik.com\/tr\/product\/lr97d015b\/\",\"url\":\"https:\/\/integralelektronik.com\/tr\/product\/lr97d015b\/\",\"name\":\"LR97D015B - \u0130ntegral Elektronik\",\"isPartOf\":{\"@id\":\"https:\/\/integralelektronik.com\/#website\"},\"primaryImageOfPage\":{\"@id\":\"https:\/\/integralelektronik.com\/tr\/product\/lr97d015b\/#primaryimage\"},\"image\":{\"@id\":\"https:\/\/integralelektronik.com\/tr\/product\/lr97d015b\/#primaryimage\"},\"thumbnailUrl\":\"https:\/\/integralelektronik.com\/wp-content\/uploads\/2020\/11\/PB111974_1500x1500.jpg\",\"datePublished\":\"2020-11-19T18:15:54+00:00\",\"dateModified\":\"2020-11-19T18:23:22+00:00\",\"breadcrumb\":{\"@id\":\"https:\/\/integralelektronik.com\/tr\/product\/lr97d015b\/#breadcrumb\"},\"inLanguage\":\"tr\",\"potentialAction\":[{\"@type\":\"ReadAction\",\"target\":[\"https:\/\/integralelektronik.com\/tr\/product\/lr97d015b\/\"]}]},{\"@type\":\"ImageObject\",\"inLanguage\":\"tr\",\"@id\":\"https:\/\/integralelektronik.com\/tr\/product\/lr97d015b\/#primaryimage\",\"url\":\"https:\/\/integralelektronik.com\/wp-content\/uploads\/2020\/11\/PB111974_1500x1500.jpg\",\"contentUrl\":\"https:\/\/integralelektronik.com\/wp-content\/uploads\/2020\/11\/PB111974_1500x1500.jpg\",\"width\":1500,\"height\":1500},{\"@type\":\"BreadcrumbList\",\"@id\":\"https:\/\/integralelektronik.com\/tr\/product\/lr97d015b\/#breadcrumb\",\"itemListElement\":[{\"@type\":\"ListItem\",\"position\":1,\"name\":\"Home\",\"item\":\"https:\/\/integralelektronik.com\/tr\/\"},{\"@type\":\"ListItem\",\"position\":2,\"name\":\"Shop\",\"item\":\"https:\/\/integralelektronik.com\/shop\/\"},{\"@type\":\"ListItem\",\"position\":3,\"name\":\"LR97D015B\"}]},{\"@type\":\"WebSite\",\"@id\":\"https:\/\/integralelektronik.com\/#website\",\"url\":\"https:\/\/integralelektronik.com\/\",\"name\":\"\u0130ntegral Elektronik\",\"description\":\"\",\"publisher\":{\"@id\":\"https:\/\/integralelektronik.com\/#organization\"},\"potentialAction\":[{\"@type\":\"SearchAction\",\"target\":{\"@type\":\"EntryPoint\",\"urlTemplate\":\"https:\/\/integralelektronik.com\/?s={search_term_string}\"},\"query-input\":{\"@type\":\"PropertyValueSpecification\",\"valueRequired\":true,\"valueName\":\"search_term_string\"}}],\"inLanguage\":\"tr\"},{\"@type\":\"Organization\",\"@id\":\"https:\/\/integralelektronik.com\/#organization\",\"name\":\"\u0130ntegral Elektronik\",\"url\":\"https:\/\/integralelektronik.com\/\",\"logo\":{\"@type\":\"ImageObject\",\"inLanguage\":\"tr\",\"@id\":\"https:\/\/integralelektronik.com\/#\/schema\/logo\/image\/\",\"url\":\"https:\/\/integralelektronik.com\/wp-content\/uploads\/2020\/10\/logo.png\",\"contentUrl\":\"https:\/\/integralelektronik.com\/wp-content\/uploads\/2020\/10\/logo.png\",\"width\":180,\"height\":90,\"caption\":\"\u0130ntegral Elektronik\"},\"image\":{\"@id\":\"https:\/\/integralelektronik.com\/#\/schema\/logo\/image\/\"}}]}<\/script>\n<!-- \/ Yoast SEO plugin. -->","yoast_head_json":{"title":"LR97D015B - \u0130ntegral Elektronik","robots":{"index":"index","follow":"follow","max-snippet":"max-snippet:-1","max-image-preview":"max-image-preview:large","max-video-preview":"max-video-preview:-1"},"canonical":"https:\/\/integralelektronik.com\/tr\/product\/lr97d015b\/","og_locale":"tr_TR","og_type":"article","og_title":"LR97D015B - \u0130ntegral Elektronik","og_description":"Motor i\u00e7in elektronik a\u015f\u0131r\u0131 y\u00fck r\u00f6lesi TeSys - 0,3\u2026 1,5 A - 24 V AC \/ DC","og_url":"https:\/\/integralelektronik.com\/tr\/product\/lr97d015b\/","og_site_name":"\u0130ntegral Elektronik","article_modified_time":"2020-11-19T18:23:22+00:00","og_image":[{"width":1500,"height":1500,"url":"https:\/\/integralelektronik.com\/wp-content\/uploads\/2020\/11\/PB111974_1500x1500.jpg","type":"image\/jpeg"}],"twitter_card":"summary_large_image","twitter_misc":{"Tahmini okuma s\u00fcresi":"3 dakika"},"schema":{"@context":"https:\/\/schema.org","@graph":[{"@type":"WebPage","@id":"https:\/\/integralelektronik.com\/tr\/product\/lr97d015b\/","url":"https:\/\/integralelektronik.com\/tr\/product\/lr97d015b\/","name":"LR97D015B - \u0130ntegral Elektronik","isPartOf":{"@id":"https:\/\/integralelektronik.com\/#website"},"primaryImageOfPage":{"@id":"https:\/\/integralelektronik.com\/tr\/product\/lr97d015b\/#primaryimage"},"image":{"@id":"https:\/\/integralelektronik.com\/tr\/product\/lr97d015b\/#primaryimage"},"thumbnailUrl":"https:\/\/integralelektronik.com\/wp-content\/uploads\/2020\/11\/PB111974_1500x1500.jpg","datePublished":"2020-11-19T18:15:54+00:00","dateModified":"2020-11-19T18:23:22+00:00","breadcrumb":{"@id":"https:\/\/integralelektronik.com\/tr\/product\/lr97d015b\/#breadcrumb"},"inLanguage":"tr","potentialAction":[{"@type":"ReadAction","target":["https:\/\/integralelektronik.com\/tr\/product\/lr97d015b\/"]}]},{"@type":"ImageObject","inLanguage":"tr","@id":"https:\/\/integralelektronik.com\/tr\/product\/lr97d015b\/#primaryimage","url":"https:\/\/integralelektronik.com\/wp-content\/uploads\/2020\/11\/PB111974_1500x1500.jpg","contentUrl":"https:\/\/integralelektronik.com\/wp-content\/uploads\/2020\/11\/PB111974_1500x1500.jpg","width":1500,"height":1500},{"@type":"BreadcrumbList","@id":"https:\/\/integralelektronik.com\/tr\/product\/lr97d015b\/#breadcrumb","itemListElement":[{"@type":"ListItem","position":1,"name":"Home","item":"https:\/\/integralelektronik.com\/tr\/"},{"@type":"ListItem","position":2,"name":"Shop","item":"https:\/\/integralelektronik.com\/shop\/"},{"@type":"ListItem","position":3,"name":"LR97D015B"}]},{"@type":"WebSite","@id":"https:\/\/integralelektronik.com\/#website","url":"https:\/\/integralelektronik.com\/","name":"\u0130ntegral Elektronik","description":"","publisher":{"@id":"https:\/\/integralelektronik.com\/#organization"},"potentialAction":[{"@type":"SearchAction","target":{"@type":"EntryPoint","urlTemplate":"https:\/\/integralelektronik.com\/?s={search_term_string}"},"query-input":{"@type":"PropertyValueSpecification","valueRequired":true,"valueName":"search_term_string"}}],"inLanguage":"tr"},{"@type":"Organization","@id":"https:\/\/integralelektronik.com\/#organization","name":"\u0130ntegral Elektronik","url":"https:\/\/integralelektronik.com\/","logo":{"@type":"ImageObject","inLanguage":"tr","@id":"https:\/\/integralelektronik.com\/#\/schema\/logo\/image\/","url":"https:\/\/integralelektronik.com\/wp-content\/uploads\/2020\/10\/logo.png","contentUrl":"https:\/\/integralelektronik.com\/wp-content\/uploads\/2020\/10\/logo.png","width":180,"height":90,"caption":"\u0130ntegral Elektronik"},"image":{"@id":"https:\/\/integralelektronik.com\/#\/schema\/logo\/image\/"}}]}},"_links":{"self":[{"href":"https:\/\/integralelektronik.com\/tr\/wp-json\/wp\/v2\/product\/6821"}],"collection":[{"href":"https:\/\/integralelektronik.com\/tr\/wp-json\/wp\/v2\/product"}],"about":[{"href":"https:\/\/integralelektronik.com\/tr\/wp-json\/wp\/v2\/types\/product"}],"replies":[{"embeddable":true,"href":"https:\/\/integralelektronik.com\/tr\/wp-json\/wp\/v2\/comments?post=6821"}],"wp:featuredmedia":[{"embeddable":true,"href":"https:\/\/integralelektronik.com\/tr\/wp-json\/wp\/v2\/media\/6810"}],"wp:attachment":[{"href":"https:\/\/integralelektronik.com\/tr\/wp-json\/wp\/v2\/media?parent=6821"}],"wp:term":[{"taxonomy":"product_brand","embeddable":true,"href":"https:\/\/integralelektronik.com\/tr\/wp-json\/wp\/v2\/product_brand?post=6821"},{"taxonomy":"product_cat","embeddable":true,"href":"https:\/\/integralelektronik.com\/tr\/wp-json\/wp\/v2\/product_cat?post=6821"},{"taxonomy":"product_tag","embeddable":true,"href":"https:\/\/integralelektronik.com\/tr\/wp-json\/wp\/v2\/product_tag?post=6821"}],"curies":[{"name":"wp","href":"https:\/\/api.w.org\/{rel}","templated":true}]}}