{"id":6701,"date":"2020-11-15T11:39:50","date_gmt":"2020-11-15T08:39:50","guid":{"rendered":"http:\/\/integralelektronik.com\/?post_type=product&#038;p=6701"},"modified":"2020-11-21T09:04:23","modified_gmt":"2020-11-21T06:04:23","slug":"k8ak-ls1-100-240vac","status":"publish","type":"product","link":"https:\/\/integralelektronik.com\/tr\/product\/k8ak-ls1-100-240vac\/","title":{"rendered":"K8AK-LS1 100-240VAC"},"content":{"rendered":"<h2>Teknik \u00d6zellikler<\/h2>\n<h3><\/h3>\n<table class=\"one\">\n<tbody>\n<tr>\n<td>Uygulama<\/td>\n<td>S\u0131radan ar\u0131t\u0131lm\u0131\u015f su, Kanalizasyon suyu<\/td>\n<\/tr>\n<tr>\n<td>Fonksiyonlar<\/td>\n<td>\u0130letken seviye kontrol\u00fc<\/td>\n<\/tr>\n<tr>\n<td>Kablo uzunlu\u011fu<\/td>\n<td>100 m<\/td>\n<\/tr>\n<tr>\n<td>Kurulum t\u00fcr\u00fc<\/td>\n<td>DIN Ray<\/td>\n<\/tr>\n<tr>\n<td>terminal<\/td>\n<td>Vida<\/td>\n<\/tr>\n<tr>\n<td>Size<\/td>\n<td>22,5 mm<\/td>\n<\/tr>\n<tr>\n<td>Besleme gerilimi AC<\/td>\n<td>100-240 V<\/td>\n<\/tr>\n<tr>\n<td>\u00c7\u0131kt\u0131 t\u00fcr\u00fc<\/td>\n<td>R\u00f6le<\/td>\n<\/tr>\n<tr>\n<td>\u0130leti\u015fim a\u00e7\u0131klamas\u0131<\/td>\n<td>SPDT<\/td>\n<\/tr>\n<tr>\n<td>V\u00fccut rengi<\/td>\n<td>Siyah<\/td>\n<\/tr>\n<tr>\n<td>Elektrotlar i\u00e7in giri\u015f say\u0131s\u0131<\/td>\n<td>3<\/td>\n<\/tr>\n<\/tbody>\n<\/table>\n","protected":false},"excerpt":{"rendered":"<h2>22,5 mm geni\u015fli\u011finde izleme r\u00f6lesi,<\/h2>\n<h3 class=\"subtitle\"><span class=\"goog-text-highlight\">S\u0131v\u0131 i\u00e7in iletken seviye kontrol\u00fc, 10k &#8211; 100k Ohm, Bir SPDT, 100-240 VAC<\/span><\/h3>\n","protected":false},"featured_media":6697,"comment_status":"open","ping_status":"closed","template":"","meta":[],"product_brand":[],"product_cat":[454,438],"product_tag":[],"class_list":{"0":"post-6701","1":"product","2":"type-product","3":"status-publish","4":"has-post-thumbnail","6":"product_cat-anahtarlama-komponentleri","7":"product_cat-omron-2","9":"first","10":"instock","11":"shipping-taxable","12":"product-type-simple"},"yoast_head":"<!-- This site is optimized with the Yoast SEO plugin v24.3 - https:\/\/yoast.com\/wordpress\/plugins\/seo\/ -->\n<title>K8AK-LS1 100-240VAC - \u0130ntegral Elektronik<\/title>\n<meta name=\"robots\" content=\"index, follow, max-snippet:-1, max-image-preview:large, max-video-preview:-1\" \/>\n<link rel=\"canonical\" href=\"https:\/\/integralelektronik.com\/tr\/product\/k8ak-ls1-100-240vac\/\" \/>\n<meta property=\"og:locale\" content=\"tr_TR\" \/>\n<meta property=\"og:type\" content=\"article\" \/>\n<meta property=\"og:title\" content=\"K8AK-LS1 100-240VAC - \u0130ntegral Elektronik\" \/>\n<meta property=\"og:description\" content=\"22,5 mm geni\u015fli\u011finde izleme r\u00f6lesi, S\u0131v\u0131 i\u00e7in iletken seviye kontrol\u00fc, 10k - 100k Ohm, Bir SPDT, 100-240 VAC\" \/>\n<meta property=\"og:url\" content=\"https:\/\/integralelektronik.com\/tr\/product\/k8ak-ls1-100-240vac\/\" \/>\n<meta property=\"og:site_name\" content=\"\u0130ntegral Elektronik\" \/>\n<meta property=\"article:modified_time\" content=\"2020-11-21T06:04:23+00:00\" \/>\n<meta property=\"og:image\" content=\"https:\/\/integralelektronik.com\/wp-content\/uploads\/2020\/11\/K8AK-LS1-x-1003xX.jpg\" \/>\n\t<meta property=\"og:image:width\" content=\"280\" \/>\n\t<meta property=\"og:image:height\" content=\"280\" \/>\n\t<meta property=\"og:image:type\" content=\"image\/jpeg\" \/>\n<meta name=\"twitter:card\" content=\"summary_large_image\" \/>\n<script type=\"application\/ld+json\" class=\"yoast-schema-graph\">{\"@context\":\"https:\/\/schema.org\",\"@graph\":[{\"@type\":\"WebPage\",\"@id\":\"https:\/\/integralelektronik.com\/tr\/product\/k8ak-ls1-100-240vac\/\",\"url\":\"https:\/\/integralelektronik.com\/tr\/product\/k8ak-ls1-100-240vac\/\",\"name\":\"K8AK-LS1 100-240VAC - \u0130ntegral Elektronik\",\"isPartOf\":{\"@id\":\"https:\/\/integralelektronik.com\/#website\"},\"primaryImageOfPage\":{\"@id\":\"https:\/\/integralelektronik.com\/tr\/product\/k8ak-ls1-100-240vac\/#primaryimage\"},\"image\":{\"@id\":\"https:\/\/integralelektronik.com\/tr\/product\/k8ak-ls1-100-240vac\/#primaryimage\"},\"thumbnailUrl\":\"https:\/\/integralelektronik.com\/wp-content\/uploads\/2020\/11\/K8AK-LS1-x-1003xX.jpg\",\"datePublished\":\"2020-11-15T08:39:50+00:00\",\"dateModified\":\"2020-11-21T06:04:23+00:00\",\"breadcrumb\":{\"@id\":\"https:\/\/integralelektronik.com\/tr\/product\/k8ak-ls1-100-240vac\/#breadcrumb\"},\"inLanguage\":\"tr\",\"potentialAction\":[{\"@type\":\"ReadAction\",\"target\":[\"https:\/\/integralelektronik.com\/tr\/product\/k8ak-ls1-100-240vac\/\"]}]},{\"@type\":\"ImageObject\",\"inLanguage\":\"tr\",\"@id\":\"https:\/\/integralelektronik.com\/tr\/product\/k8ak-ls1-100-240vac\/#primaryimage\",\"url\":\"https:\/\/integralelektronik.com\/wp-content\/uploads\/2020\/11\/K8AK-LS1-x-1003xX.jpg\",\"contentUrl\":\"https:\/\/integralelektronik.com\/wp-content\/uploads\/2020\/11\/K8AK-LS1-x-1003xX.jpg\",\"width\":280,\"height\":280},{\"@type\":\"BreadcrumbList\",\"@id\":\"https:\/\/integralelektronik.com\/tr\/product\/k8ak-ls1-100-240vac\/#breadcrumb\",\"itemListElement\":[{\"@type\":\"ListItem\",\"position\":1,\"name\":\"Home\",\"item\":\"https:\/\/integralelektronik.com\/tr\/\"},{\"@type\":\"ListItem\",\"position\":2,\"name\":\"Shop\",\"item\":\"https:\/\/integralelektronik.com\/shop\/\"},{\"@type\":\"ListItem\",\"position\":3,\"name\":\"K8AK-LS1 100-240VAC\"}]},{\"@type\":\"WebSite\",\"@id\":\"https:\/\/integralelektronik.com\/#website\",\"url\":\"https:\/\/integralelektronik.com\/\",\"name\":\"\u0130ntegral Elektronik\",\"description\":\"\",\"publisher\":{\"@id\":\"https:\/\/integralelektronik.com\/#organization\"},\"potentialAction\":[{\"@type\":\"SearchAction\",\"target\":{\"@type\":\"EntryPoint\",\"urlTemplate\":\"https:\/\/integralelektronik.com\/?s={search_term_string}\"},\"query-input\":{\"@type\":\"PropertyValueSpecification\",\"valueRequired\":true,\"valueName\":\"search_term_string\"}}],\"inLanguage\":\"tr\"},{\"@type\":\"Organization\",\"@id\":\"https:\/\/integralelektronik.com\/#organization\",\"name\":\"\u0130ntegral Elektronik\",\"url\":\"https:\/\/integralelektronik.com\/\",\"logo\":{\"@type\":\"ImageObject\",\"inLanguage\":\"tr\",\"@id\":\"https:\/\/integralelektronik.com\/#\/schema\/logo\/image\/\",\"url\":\"https:\/\/integralelektronik.com\/wp-content\/uploads\/2020\/10\/logo.png\",\"contentUrl\":\"https:\/\/integralelektronik.com\/wp-content\/uploads\/2020\/10\/logo.png\",\"width\":180,\"height\":90,\"caption\":\"\u0130ntegral Elektronik\"},\"image\":{\"@id\":\"https:\/\/integralelektronik.com\/#\/schema\/logo\/image\/\"}}]}<\/script>\n<!-- \/ Yoast SEO plugin. -->","yoast_head_json":{"title":"K8AK-LS1 100-240VAC - \u0130ntegral Elektronik","robots":{"index":"index","follow":"follow","max-snippet":"max-snippet:-1","max-image-preview":"max-image-preview:large","max-video-preview":"max-video-preview:-1"},"canonical":"https:\/\/integralelektronik.com\/tr\/product\/k8ak-ls1-100-240vac\/","og_locale":"tr_TR","og_type":"article","og_title":"K8AK-LS1 100-240VAC - \u0130ntegral Elektronik","og_description":"22,5 mm geni\u015fli\u011finde izleme r\u00f6lesi, S\u0131v\u0131 i\u00e7in iletken seviye kontrol\u00fc, 10k - 100k Ohm, Bir SPDT, 100-240 VAC","og_url":"https:\/\/integralelektronik.com\/tr\/product\/k8ak-ls1-100-240vac\/","og_site_name":"\u0130ntegral Elektronik","article_modified_time":"2020-11-21T06:04:23+00:00","og_image":[{"width":280,"height":280,"url":"https:\/\/integralelektronik.com\/wp-content\/uploads\/2020\/11\/K8AK-LS1-x-1003xX.jpg","type":"image\/jpeg"}],"twitter_card":"summary_large_image","schema":{"@context":"https:\/\/schema.org","@graph":[{"@type":"WebPage","@id":"https:\/\/integralelektronik.com\/tr\/product\/k8ak-ls1-100-240vac\/","url":"https:\/\/integralelektronik.com\/tr\/product\/k8ak-ls1-100-240vac\/","name":"K8AK-LS1 100-240VAC - \u0130ntegral Elektronik","isPartOf":{"@id":"https:\/\/integralelektronik.com\/#website"},"primaryImageOfPage":{"@id":"https:\/\/integralelektronik.com\/tr\/product\/k8ak-ls1-100-240vac\/#primaryimage"},"image":{"@id":"https:\/\/integralelektronik.com\/tr\/product\/k8ak-ls1-100-240vac\/#primaryimage"},"thumbnailUrl":"https:\/\/integralelektronik.com\/wp-content\/uploads\/2020\/11\/K8AK-LS1-x-1003xX.jpg","datePublished":"2020-11-15T08:39:50+00:00","dateModified":"2020-11-21T06:04:23+00:00","breadcrumb":{"@id":"https:\/\/integralelektronik.com\/tr\/product\/k8ak-ls1-100-240vac\/#breadcrumb"},"inLanguage":"tr","potentialAction":[{"@type":"ReadAction","target":["https:\/\/integralelektronik.com\/tr\/product\/k8ak-ls1-100-240vac\/"]}]},{"@type":"ImageObject","inLanguage":"tr","@id":"https:\/\/integralelektronik.com\/tr\/product\/k8ak-ls1-100-240vac\/#primaryimage","url":"https:\/\/integralelektronik.com\/wp-content\/uploads\/2020\/11\/K8AK-LS1-x-1003xX.jpg","contentUrl":"https:\/\/integralelektronik.com\/wp-content\/uploads\/2020\/11\/K8AK-LS1-x-1003xX.jpg","width":280,"height":280},{"@type":"BreadcrumbList","@id":"https:\/\/integralelektronik.com\/tr\/product\/k8ak-ls1-100-240vac\/#breadcrumb","itemListElement":[{"@type":"ListItem","position":1,"name":"Home","item":"https:\/\/integralelektronik.com\/tr\/"},{"@type":"ListItem","position":2,"name":"Shop","item":"https:\/\/integralelektronik.com\/shop\/"},{"@type":"ListItem","position":3,"name":"K8AK-LS1 100-240VAC"}]},{"@type":"WebSite","@id":"https:\/\/integralelektronik.com\/#website","url":"https:\/\/integralelektronik.com\/","name":"\u0130ntegral Elektronik","description":"","publisher":{"@id":"https:\/\/integralelektronik.com\/#organization"},"potentialAction":[{"@type":"SearchAction","target":{"@type":"EntryPoint","urlTemplate":"https:\/\/integralelektronik.com\/?s={search_term_string}"},"query-input":{"@type":"PropertyValueSpecification","valueRequired":true,"valueName":"search_term_string"}}],"inLanguage":"tr"},{"@type":"Organization","@id":"https:\/\/integralelektronik.com\/#organization","name":"\u0130ntegral Elektronik","url":"https:\/\/integralelektronik.com\/","logo":{"@type":"ImageObject","inLanguage":"tr","@id":"https:\/\/integralelektronik.com\/#\/schema\/logo\/image\/","url":"https:\/\/integralelektronik.com\/wp-content\/uploads\/2020\/10\/logo.png","contentUrl":"https:\/\/integralelektronik.com\/wp-content\/uploads\/2020\/10\/logo.png","width":180,"height":90,"caption":"\u0130ntegral Elektronik"},"image":{"@id":"https:\/\/integralelektronik.com\/#\/schema\/logo\/image\/"}}]}},"_links":{"self":[{"href":"https:\/\/integralelektronik.com\/tr\/wp-json\/wp\/v2\/product\/6701"}],"collection":[{"href":"https:\/\/integralelektronik.com\/tr\/wp-json\/wp\/v2\/product"}],"about":[{"href":"https:\/\/integralelektronik.com\/tr\/wp-json\/wp\/v2\/types\/product"}],"replies":[{"embeddable":true,"href":"https:\/\/integralelektronik.com\/tr\/wp-json\/wp\/v2\/comments?post=6701"}],"wp:featuredmedia":[{"embeddable":true,"href":"https:\/\/integralelektronik.com\/tr\/wp-json\/wp\/v2\/media\/6697"}],"wp:attachment":[{"href":"https:\/\/integralelektronik.com\/tr\/wp-json\/wp\/v2\/media?parent=6701"}],"wp:term":[{"taxonomy":"product_brand","embeddable":true,"href":"https:\/\/integralelektronik.com\/tr\/wp-json\/wp\/v2\/product_brand?post=6701"},{"taxonomy":"product_cat","embeddable":true,"href":"https:\/\/integralelektronik.com\/tr\/wp-json\/wp\/v2\/product_cat?post=6701"},{"taxonomy":"product_tag","embeddable":true,"href":"https:\/\/integralelektronik.com\/tr\/wp-json\/wp\/v2\/product_tag?post=6701"}],"curies":[{"name":"wp","href":"https:\/\/api.w.org\/{rel}","templated":true}]}}