{"id":6650,"date":"2020-11-15T01:53:46","date_gmt":"2020-11-14T22:53:46","guid":{"rendered":"http:\/\/integralelektronik.com\/?post_type=product&#038;p=6650"},"modified":"2020-11-21T09:08:22","modified_gmt":"2020-11-21T06:08:22","slug":"s8vk-c12024","status":"publish","type":"product","link":"https:\/\/integralelektronik.com\/tr\/product\/s8vk-c12024\/","title":{"rendered":"S8VK-C12024"},"content":{"rendered":"<h2>Teknik \u00d6zellikler<\/h2>\n<h3><\/h3>\n<table class=\"one\">\n<tbody>\n<tr>\n<td>T\u00fcr<\/td>\n<td>Kitap t\u00fcr\u00fc<\/td>\n<\/tr>\n<tr>\n<td>Montaj y\u00f6ntemi<\/td>\n<td>DIN ray\u0131<\/td>\n<\/tr>\n<tr>\n<td>Evre<\/td>\n<td>Tek<\/td>\n<\/tr>\n<tr>\n<td>G\u00fc\u00e7 \u00e7\u0131k\u0131\u015f\u0131<\/td>\n<td>120 W.<\/td>\n<\/tr>\n<tr>\n<td>Verimlilik<\/td>\n<td>89 %<\/td>\n<\/tr>\n<tr>\n<td>\u00c7\u0131k\u0131\u015f gerilimi<\/td>\n<td>24 V<\/td>\n<\/tr>\n<tr>\n<td>Anma \u00e7\u0131k\u0131\u015f ak\u0131m\u0131<\/td>\n<td>5 A<\/td>\n<\/tr>\n<tr>\n<td>S\u0131cakl\u0131k aral\u0131\u011f\u0131<\/td>\n<td>-25-60 \u00b0 C<\/td>\n<\/tr>\n<tr>\n<td>terminal<\/td>\n<td>Vida<\/td>\n<\/tr>\n<tr>\n<td>\u0130leti\u015fim ba\u011flant\u0131 noktalar\u0131<\/td>\n<td>Yok<\/td>\n<\/tr>\n<tr>\n<td>Alarm fonksiyonu<\/td>\n<td>\u2013<\/td>\n<\/tr>\n<tr>\n<td>\u00c7\u0131k\u0131\u015f dallar\u0131n\u0131n say\u0131s\u0131<\/td>\n<td>1<\/td>\n<\/tr>\n<tr>\n<td>AC 50 Hz&#8217;de anma besleme gerilimi<\/td>\n<td>100-240 V<\/td>\n<\/tr>\n<tr>\n<td>\u0130zin verilen besleme gerilimi AC<\/td>\n<td>85-264 V<\/td>\n<\/tr>\n<tr>\n<td>\u0130zin verilen besleme gerilimi DC<\/td>\n<td>90-350 V<\/td>\n<\/tr>\n<\/tbody>\n<\/table>\n","protected":false},"excerpt":{"rendered":"<h2>Kitap tipi g\u00fc\u00e7 kayna\u011f\u0131,<\/h2>\n<h3 class=\"subtitle\">Lite, 120 W, 24VDC, 5A, DIN raya montaj<\/h3>\n","protected":false},"featured_media":6643,"comment_status":"open","ping_status":"closed","template":"","meta":[],"product_brand":[],"product_cat":[452,438],"product_tag":[],"class_list":{"0":"post-6650","1":"product","2":"type-product","3":"status-publish","4":"has-post-thumbnail","6":"product_cat-guc-kaynaklari","7":"product_cat-omron-2","9":"first","10":"instock","11":"shipping-taxable","12":"product-type-simple"},"yoast_head":"<!-- This site is optimized with the Yoast SEO plugin v24.3 - https:\/\/yoast.com\/wordpress\/plugins\/seo\/ -->\n<title>S8VK-C12024 - \u0130ntegral Elektronik<\/title>\n<meta name=\"robots\" content=\"index, follow, max-snippet:-1, max-image-preview:large, max-video-preview:-1\" \/>\n<link rel=\"canonical\" href=\"https:\/\/integralelektronik.com\/tr\/product\/s8vk-c12024\/\" \/>\n<meta property=\"og:locale\" content=\"tr_TR\" \/>\n<meta property=\"og:type\" content=\"article\" \/>\n<meta property=\"og:title\" content=\"S8VK-C12024 - \u0130ntegral Elektronik\" \/>\n<meta property=\"og:description\" content=\"Kitap tipi g\u00fc\u00e7 kayna\u011f\u0131, Lite, 120 W, 24VDC, 5A, DIN raya montaj\" \/>\n<meta property=\"og:url\" content=\"https:\/\/integralelektronik.com\/tr\/product\/s8vk-c12024\/\" \/>\n<meta property=\"og:site_name\" content=\"\u0130ntegral Elektronik\" \/>\n<meta property=\"article:modified_time\" content=\"2020-11-21T06:08:22+00:00\" \/>\n<meta property=\"og:image\" content=\"https:\/\/integralelektronik.com\/wp-content\/uploads\/2020\/11\/S8VK-C12024-1003xX.jpg\" \/>\n\t<meta property=\"og:image:width\" content=\"1003\" \/>\n\t<meta property=\"og:image:height\" content=\"1003\" \/>\n\t<meta property=\"og:image:type\" content=\"image\/jpeg\" \/>\n<meta name=\"twitter:card\" content=\"summary_large_image\" \/>\n<script type=\"application\/ld+json\" class=\"yoast-schema-graph\">{\"@context\":\"https:\/\/schema.org\",\"@graph\":[{\"@type\":\"WebPage\",\"@id\":\"https:\/\/integralelektronik.com\/tr\/product\/s8vk-c12024\/\",\"url\":\"https:\/\/integralelektronik.com\/tr\/product\/s8vk-c12024\/\",\"name\":\"S8VK-C12024 - \u0130ntegral Elektronik\",\"isPartOf\":{\"@id\":\"https:\/\/integralelektronik.com\/#website\"},\"primaryImageOfPage\":{\"@id\":\"https:\/\/integralelektronik.com\/tr\/product\/s8vk-c12024\/#primaryimage\"},\"image\":{\"@id\":\"https:\/\/integralelektronik.com\/tr\/product\/s8vk-c12024\/#primaryimage\"},\"thumbnailUrl\":\"https:\/\/integralelektronik.com\/wp-content\/uploads\/2020\/11\/S8VK-C12024-1003xX.jpg\",\"datePublished\":\"2020-11-14T22:53:46+00:00\",\"dateModified\":\"2020-11-21T06:08:22+00:00\",\"breadcrumb\":{\"@id\":\"https:\/\/integralelektronik.com\/tr\/product\/s8vk-c12024\/#breadcrumb\"},\"inLanguage\":\"tr\",\"potentialAction\":[{\"@type\":\"ReadAction\",\"target\":[\"https:\/\/integralelektronik.com\/tr\/product\/s8vk-c12024\/\"]}]},{\"@type\":\"ImageObject\",\"inLanguage\":\"tr\",\"@id\":\"https:\/\/integralelektronik.com\/tr\/product\/s8vk-c12024\/#primaryimage\",\"url\":\"https:\/\/integralelektronik.com\/wp-content\/uploads\/2020\/11\/S8VK-C12024-1003xX.jpg\",\"contentUrl\":\"https:\/\/integralelektronik.com\/wp-content\/uploads\/2020\/11\/S8VK-C12024-1003xX.jpg\",\"width\":1003,\"height\":1003},{\"@type\":\"BreadcrumbList\",\"@id\":\"https:\/\/integralelektronik.com\/tr\/product\/s8vk-c12024\/#breadcrumb\",\"itemListElement\":[{\"@type\":\"ListItem\",\"position\":1,\"name\":\"Home\",\"item\":\"https:\/\/integralelektronik.com\/tr\/\"},{\"@type\":\"ListItem\",\"position\":2,\"name\":\"Shop\",\"item\":\"https:\/\/integralelektronik.com\/shop\/\"},{\"@type\":\"ListItem\",\"position\":3,\"name\":\"S8VK-C12024\"}]},{\"@type\":\"WebSite\",\"@id\":\"https:\/\/integralelektronik.com\/#website\",\"url\":\"https:\/\/integralelektronik.com\/\",\"name\":\"\u0130ntegral Elektronik\",\"description\":\"\",\"publisher\":{\"@id\":\"https:\/\/integralelektronik.com\/#organization\"},\"potentialAction\":[{\"@type\":\"SearchAction\",\"target\":{\"@type\":\"EntryPoint\",\"urlTemplate\":\"https:\/\/integralelektronik.com\/?s={search_term_string}\"},\"query-input\":{\"@type\":\"PropertyValueSpecification\",\"valueRequired\":true,\"valueName\":\"search_term_string\"}}],\"inLanguage\":\"tr\"},{\"@type\":\"Organization\",\"@id\":\"https:\/\/integralelektronik.com\/#organization\",\"name\":\"\u0130ntegral Elektronik\",\"url\":\"https:\/\/integralelektronik.com\/\",\"logo\":{\"@type\":\"ImageObject\",\"inLanguage\":\"tr\",\"@id\":\"https:\/\/integralelektronik.com\/#\/schema\/logo\/image\/\",\"url\":\"https:\/\/integralelektronik.com\/wp-content\/uploads\/2020\/10\/logo.png\",\"contentUrl\":\"https:\/\/integralelektronik.com\/wp-content\/uploads\/2020\/10\/logo.png\",\"width\":180,\"height\":90,\"caption\":\"\u0130ntegral Elektronik\"},\"image\":{\"@id\":\"https:\/\/integralelektronik.com\/#\/schema\/logo\/image\/\"}}]}<\/script>\n<!-- \/ Yoast SEO plugin. -->","yoast_head_json":{"title":"S8VK-C12024 - \u0130ntegral Elektronik","robots":{"index":"index","follow":"follow","max-snippet":"max-snippet:-1","max-image-preview":"max-image-preview:large","max-video-preview":"max-video-preview:-1"},"canonical":"https:\/\/integralelektronik.com\/tr\/product\/s8vk-c12024\/","og_locale":"tr_TR","og_type":"article","og_title":"S8VK-C12024 - \u0130ntegral Elektronik","og_description":"Kitap tipi g\u00fc\u00e7 kayna\u011f\u0131, Lite, 120 W, 24VDC, 5A, DIN raya montaj","og_url":"https:\/\/integralelektronik.com\/tr\/product\/s8vk-c12024\/","og_site_name":"\u0130ntegral Elektronik","article_modified_time":"2020-11-21T06:08:22+00:00","og_image":[{"width":1003,"height":1003,"url":"https:\/\/integralelektronik.com\/wp-content\/uploads\/2020\/11\/S8VK-C12024-1003xX.jpg","type":"image\/jpeg"}],"twitter_card":"summary_large_image","schema":{"@context":"https:\/\/schema.org","@graph":[{"@type":"WebPage","@id":"https:\/\/integralelektronik.com\/tr\/product\/s8vk-c12024\/","url":"https:\/\/integralelektronik.com\/tr\/product\/s8vk-c12024\/","name":"S8VK-C12024 - \u0130ntegral Elektronik","isPartOf":{"@id":"https:\/\/integralelektronik.com\/#website"},"primaryImageOfPage":{"@id":"https:\/\/integralelektronik.com\/tr\/product\/s8vk-c12024\/#primaryimage"},"image":{"@id":"https:\/\/integralelektronik.com\/tr\/product\/s8vk-c12024\/#primaryimage"},"thumbnailUrl":"https:\/\/integralelektronik.com\/wp-content\/uploads\/2020\/11\/S8VK-C12024-1003xX.jpg","datePublished":"2020-11-14T22:53:46+00:00","dateModified":"2020-11-21T06:08:22+00:00","breadcrumb":{"@id":"https:\/\/integralelektronik.com\/tr\/product\/s8vk-c12024\/#breadcrumb"},"inLanguage":"tr","potentialAction":[{"@type":"ReadAction","target":["https:\/\/integralelektronik.com\/tr\/product\/s8vk-c12024\/"]}]},{"@type":"ImageObject","inLanguage":"tr","@id":"https:\/\/integralelektronik.com\/tr\/product\/s8vk-c12024\/#primaryimage","url":"https:\/\/integralelektronik.com\/wp-content\/uploads\/2020\/11\/S8VK-C12024-1003xX.jpg","contentUrl":"https:\/\/integralelektronik.com\/wp-content\/uploads\/2020\/11\/S8VK-C12024-1003xX.jpg","width":1003,"height":1003},{"@type":"BreadcrumbList","@id":"https:\/\/integralelektronik.com\/tr\/product\/s8vk-c12024\/#breadcrumb","itemListElement":[{"@type":"ListItem","position":1,"name":"Home","item":"https:\/\/integralelektronik.com\/tr\/"},{"@type":"ListItem","position":2,"name":"Shop","item":"https:\/\/integralelektronik.com\/shop\/"},{"@type":"ListItem","position":3,"name":"S8VK-C12024"}]},{"@type":"WebSite","@id":"https:\/\/integralelektronik.com\/#website","url":"https:\/\/integralelektronik.com\/","name":"\u0130ntegral Elektronik","description":"","publisher":{"@id":"https:\/\/integralelektronik.com\/#organization"},"potentialAction":[{"@type":"SearchAction","target":{"@type":"EntryPoint","urlTemplate":"https:\/\/integralelektronik.com\/?s={search_term_string}"},"query-input":{"@type":"PropertyValueSpecification","valueRequired":true,"valueName":"search_term_string"}}],"inLanguage":"tr"},{"@type":"Organization","@id":"https:\/\/integralelektronik.com\/#organization","name":"\u0130ntegral Elektronik","url":"https:\/\/integralelektronik.com\/","logo":{"@type":"ImageObject","inLanguage":"tr","@id":"https:\/\/integralelektronik.com\/#\/schema\/logo\/image\/","url":"https:\/\/integralelektronik.com\/wp-content\/uploads\/2020\/10\/logo.png","contentUrl":"https:\/\/integralelektronik.com\/wp-content\/uploads\/2020\/10\/logo.png","width":180,"height":90,"caption":"\u0130ntegral Elektronik"},"image":{"@id":"https:\/\/integralelektronik.com\/#\/schema\/logo\/image\/"}}]}},"_links":{"self":[{"href":"https:\/\/integralelektronik.com\/tr\/wp-json\/wp\/v2\/product\/6650"}],"collection":[{"href":"https:\/\/integralelektronik.com\/tr\/wp-json\/wp\/v2\/product"}],"about":[{"href":"https:\/\/integralelektronik.com\/tr\/wp-json\/wp\/v2\/types\/product"}],"replies":[{"embeddable":true,"href":"https:\/\/integralelektronik.com\/tr\/wp-json\/wp\/v2\/comments?post=6650"}],"wp:featuredmedia":[{"embeddable":true,"href":"https:\/\/integralelektronik.com\/tr\/wp-json\/wp\/v2\/media\/6643"}],"wp:attachment":[{"href":"https:\/\/integralelektronik.com\/tr\/wp-json\/wp\/v2\/media?parent=6650"}],"wp:term":[{"taxonomy":"product_brand","embeddable":true,"href":"https:\/\/integralelektronik.com\/tr\/wp-json\/wp\/v2\/product_brand?post=6650"},{"taxonomy":"product_cat","embeddable":true,"href":"https:\/\/integralelektronik.com\/tr\/wp-json\/wp\/v2\/product_cat?post=6650"},{"taxonomy":"product_tag","embeddable":true,"href":"https:\/\/integralelektronik.com\/tr\/wp-json\/wp\/v2\/product_tag?post=6650"}],"curies":[{"name":"wp","href":"https:\/\/api.w.org\/{rel}","templated":true}]}}