{"id":6633,"date":"2020-11-15T01:44:43","date_gmt":"2020-11-14T22:44:43","guid":{"rendered":"http:\/\/integralelektronik.com\/?post_type=product&#038;p=6633"},"modified":"2020-11-21T09:08:28","modified_gmt":"2020-11-21T06:08:28","slug":"e5cc-rx3d5m-000","status":"publish","type":"product","link":"https:\/\/integralelektronik.com\/tr\/product\/e5cc-rx3d5m-000\/","title":{"rendered":"E5CC-RX3D5M-000"},"content":{"rendered":"<h2>Teknik \u00d6zellikler<\/h2>\n<h3><\/h3>\n<table class=\"one\">\n<tbody>\n<tr>\n<td>Size<\/td>\n<td>1\/16 DIN (48 x 48 mm)<\/td>\n<\/tr>\n<tr>\n<td>Fonksiyonlar<\/td>\n<td>ON \/ OFF kontrol\u00fc, PID kontrol\u00fc<\/td>\n<\/tr>\n<tr>\n<td>Kontrol d\u00f6ng\u00fclerinin say\u0131s\u0131<\/td>\n<td>1<\/td>\n<\/tr>\n<tr>\n<td>S\u0131cakl\u0131k giri\u015f tipi<\/td>\n<td>B, C (WRe5-26), E, \u200b\u200bJ, JPt100, K, L, N, P (PLII), Pt100, R, S, T, U<\/td>\n<\/tr>\n<tr>\n<td>Do\u011frusal analog giri\u015f tipi<\/td>\n<td>0 ila 10 V, 0 ila 20 mA, 0 ila 5 V, 1 ila 5 V, 4 ila 20 mA<\/td>\n<\/tr>\n<tr>\n<td>S\u0131cakl\u0131k aral\u0131\u011f\u0131<\/td>\n<td>-200-2300 \u00b0 C<\/td>\n<\/tr>\n<tr>\n<td>Olay giri\u015fi say\u0131s\u0131<\/td>\n<td>0<\/td>\n<\/tr>\n<tr>\n<td>Alarm \u00e7\u0131k\u0131\u015f\u0131 say\u0131s\u0131<\/td>\n<td>3<\/td>\n<\/tr>\n<tr>\n<td>Besleme gerilimi AC<\/td>\n<td>20.4-26.4V<\/td>\n<\/tr>\n<tr>\n<td>DC besleme gerilimi<\/td>\n<td>20.4-26.4V<\/td>\n<\/tr>\n<tr>\n<td>Kontrol \u00e7\u0131k\u0131\u015f\u0131<\/td>\n<td>R\u00f6le<\/td>\n<\/tr>\n<tr>\n<td>terminal<\/td>\n<td>Vida<\/td>\n<\/tr>\n<\/tbody>\n<\/table>\n","protected":false},"excerpt":{"rendered":"<h2>S\u0131cakl\u0131k kontrol\u00f6r\u00fc,<\/h2>\n<h3 class=\"subtitle\">1\/16 DIN (48 \u00d7 48 mm), 1 R\u00f6le \u00e7\u0131k\u0131\u015f\u0131, 3 AUX, 24 VAC \/ DC<\/h3>\n","protected":false},"featured_media":6629,"comment_status":"open","ping_status":"closed","template":"","meta":[],"product_brand":[],"product_cat":[438,451],"product_tag":[],"class_list":{"0":"post-6633","1":"product","2":"type-product","3":"status-publish","4":"has-post-thumbnail","6":"product_cat-omron-2","7":"product_cat-sicaklik-kontrol-cihazlari","9":"first","10":"instock","11":"shipping-taxable","12":"product-type-simple"},"yoast_head":"<!-- This site is optimized with the Yoast SEO plugin v24.3 - https:\/\/yoast.com\/wordpress\/plugins\/seo\/ -->\n<title>E5CC-RX3D5M-000 - \u0130ntegral Elektronik<\/title>\n<meta name=\"robots\" content=\"index, follow, max-snippet:-1, max-image-preview:large, max-video-preview:-1\" \/>\n<link rel=\"canonical\" href=\"https:\/\/integralelektronik.com\/tr\/product\/e5cc-rx3d5m-000\/\" \/>\n<meta property=\"og:locale\" content=\"tr_TR\" \/>\n<meta property=\"og:type\" content=\"article\" \/>\n<meta property=\"og:title\" content=\"E5CC-RX3D5M-000 - \u0130ntegral Elektronik\" \/>\n<meta property=\"og:description\" content=\"S\u0131cakl\u0131k kontrol\u00f6r\u00fc, 1\/16 DIN (48 \u00d7 48 mm), 1 R\u00f6le \u00e7\u0131k\u0131\u015f\u0131, 3 AUX, 24 VAC \/ DC\" \/>\n<meta property=\"og:url\" content=\"https:\/\/integralelektronik.com\/tr\/product\/e5cc-rx3d5m-000\/\" \/>\n<meta property=\"og:site_name\" content=\"\u0130ntegral Elektronik\" \/>\n<meta property=\"article:modified_time\" content=\"2020-11-21T06:08:28+00:00\" \/>\n<meta property=\"og:image\" content=\"https:\/\/integralelektronik.com\/wp-content\/uploads\/2020\/11\/E5CC-x-1003xX-2.jpg\" \/>\n\t<meta property=\"og:image:width\" content=\"1003\" \/>\n\t<meta property=\"og:image:height\" content=\"1003\" \/>\n\t<meta property=\"og:image:type\" content=\"image\/jpeg\" \/>\n<meta name=\"twitter:card\" content=\"summary_large_image\" \/>\n<script type=\"application\/ld+json\" class=\"yoast-schema-graph\">{\"@context\":\"https:\/\/schema.org\",\"@graph\":[{\"@type\":\"WebPage\",\"@id\":\"https:\/\/integralelektronik.com\/tr\/product\/e5cc-rx3d5m-000\/\",\"url\":\"https:\/\/integralelektronik.com\/tr\/product\/e5cc-rx3d5m-000\/\",\"name\":\"E5CC-RX3D5M-000 - \u0130ntegral Elektronik\",\"isPartOf\":{\"@id\":\"https:\/\/integralelektronik.com\/#website\"},\"primaryImageOfPage\":{\"@id\":\"https:\/\/integralelektronik.com\/tr\/product\/e5cc-rx3d5m-000\/#primaryimage\"},\"image\":{\"@id\":\"https:\/\/integralelektronik.com\/tr\/product\/e5cc-rx3d5m-000\/#primaryimage\"},\"thumbnailUrl\":\"https:\/\/integralelektronik.com\/wp-content\/uploads\/2020\/11\/E5CC-x-1003xX-2.jpg\",\"datePublished\":\"2020-11-14T22:44:43+00:00\",\"dateModified\":\"2020-11-21T06:08:28+00:00\",\"breadcrumb\":{\"@id\":\"https:\/\/integralelektronik.com\/tr\/product\/e5cc-rx3d5m-000\/#breadcrumb\"},\"inLanguage\":\"tr\",\"potentialAction\":[{\"@type\":\"ReadAction\",\"target\":[\"https:\/\/integralelektronik.com\/tr\/product\/e5cc-rx3d5m-000\/\"]}]},{\"@type\":\"ImageObject\",\"inLanguage\":\"tr\",\"@id\":\"https:\/\/integralelektronik.com\/tr\/product\/e5cc-rx3d5m-000\/#primaryimage\",\"url\":\"https:\/\/integralelektronik.com\/wp-content\/uploads\/2020\/11\/E5CC-x-1003xX-2.jpg\",\"contentUrl\":\"https:\/\/integralelektronik.com\/wp-content\/uploads\/2020\/11\/E5CC-x-1003xX-2.jpg\",\"width\":1003,\"height\":1003},{\"@type\":\"BreadcrumbList\",\"@id\":\"https:\/\/integralelektronik.com\/tr\/product\/e5cc-rx3d5m-000\/#breadcrumb\",\"itemListElement\":[{\"@type\":\"ListItem\",\"position\":1,\"name\":\"Home\",\"item\":\"https:\/\/integralelektronik.com\/tr\/\"},{\"@type\":\"ListItem\",\"position\":2,\"name\":\"Shop\",\"item\":\"https:\/\/integralelektronik.com\/shop\/\"},{\"@type\":\"ListItem\",\"position\":3,\"name\":\"E5CC-RX3D5M-000\"}]},{\"@type\":\"WebSite\",\"@id\":\"https:\/\/integralelektronik.com\/#website\",\"url\":\"https:\/\/integralelektronik.com\/\",\"name\":\"\u0130ntegral Elektronik\",\"description\":\"\",\"publisher\":{\"@id\":\"https:\/\/integralelektronik.com\/#organization\"},\"potentialAction\":[{\"@type\":\"SearchAction\",\"target\":{\"@type\":\"EntryPoint\",\"urlTemplate\":\"https:\/\/integralelektronik.com\/?s={search_term_string}\"},\"query-input\":{\"@type\":\"PropertyValueSpecification\",\"valueRequired\":true,\"valueName\":\"search_term_string\"}}],\"inLanguage\":\"tr\"},{\"@type\":\"Organization\",\"@id\":\"https:\/\/integralelektronik.com\/#organization\",\"name\":\"\u0130ntegral Elektronik\",\"url\":\"https:\/\/integralelektronik.com\/\",\"logo\":{\"@type\":\"ImageObject\",\"inLanguage\":\"tr\",\"@id\":\"https:\/\/integralelektronik.com\/#\/schema\/logo\/image\/\",\"url\":\"https:\/\/integralelektronik.com\/wp-content\/uploads\/2020\/10\/logo.png\",\"contentUrl\":\"https:\/\/integralelektronik.com\/wp-content\/uploads\/2020\/10\/logo.png\",\"width\":180,\"height\":90,\"caption\":\"\u0130ntegral Elektronik\"},\"image\":{\"@id\":\"https:\/\/integralelektronik.com\/#\/schema\/logo\/image\/\"}}]}<\/script>\n<!-- \/ Yoast SEO plugin. -->","yoast_head_json":{"title":"E5CC-RX3D5M-000 - \u0130ntegral Elektronik","robots":{"index":"index","follow":"follow","max-snippet":"max-snippet:-1","max-image-preview":"max-image-preview:large","max-video-preview":"max-video-preview:-1"},"canonical":"https:\/\/integralelektronik.com\/tr\/product\/e5cc-rx3d5m-000\/","og_locale":"tr_TR","og_type":"article","og_title":"E5CC-RX3D5M-000 - \u0130ntegral Elektronik","og_description":"S\u0131cakl\u0131k kontrol\u00f6r\u00fc, 1\/16 DIN (48 \u00d7 48 mm), 1 R\u00f6le \u00e7\u0131k\u0131\u015f\u0131, 3 AUX, 24 VAC \/ DC","og_url":"https:\/\/integralelektronik.com\/tr\/product\/e5cc-rx3d5m-000\/","og_site_name":"\u0130ntegral Elektronik","article_modified_time":"2020-11-21T06:08:28+00:00","og_image":[{"width":1003,"height":1003,"url":"https:\/\/integralelektronik.com\/wp-content\/uploads\/2020\/11\/E5CC-x-1003xX-2.jpg","type":"image\/jpeg"}],"twitter_card":"summary_large_image","schema":{"@context":"https:\/\/schema.org","@graph":[{"@type":"WebPage","@id":"https:\/\/integralelektronik.com\/tr\/product\/e5cc-rx3d5m-000\/","url":"https:\/\/integralelektronik.com\/tr\/product\/e5cc-rx3d5m-000\/","name":"E5CC-RX3D5M-000 - \u0130ntegral Elektronik","isPartOf":{"@id":"https:\/\/integralelektronik.com\/#website"},"primaryImageOfPage":{"@id":"https:\/\/integralelektronik.com\/tr\/product\/e5cc-rx3d5m-000\/#primaryimage"},"image":{"@id":"https:\/\/integralelektronik.com\/tr\/product\/e5cc-rx3d5m-000\/#primaryimage"},"thumbnailUrl":"https:\/\/integralelektronik.com\/wp-content\/uploads\/2020\/11\/E5CC-x-1003xX-2.jpg","datePublished":"2020-11-14T22:44:43+00:00","dateModified":"2020-11-21T06:08:28+00:00","breadcrumb":{"@id":"https:\/\/integralelektronik.com\/tr\/product\/e5cc-rx3d5m-000\/#breadcrumb"},"inLanguage":"tr","potentialAction":[{"@type":"ReadAction","target":["https:\/\/integralelektronik.com\/tr\/product\/e5cc-rx3d5m-000\/"]}]},{"@type":"ImageObject","inLanguage":"tr","@id":"https:\/\/integralelektronik.com\/tr\/product\/e5cc-rx3d5m-000\/#primaryimage","url":"https:\/\/integralelektronik.com\/wp-content\/uploads\/2020\/11\/E5CC-x-1003xX-2.jpg","contentUrl":"https:\/\/integralelektronik.com\/wp-content\/uploads\/2020\/11\/E5CC-x-1003xX-2.jpg","width":1003,"height":1003},{"@type":"BreadcrumbList","@id":"https:\/\/integralelektronik.com\/tr\/product\/e5cc-rx3d5m-000\/#breadcrumb","itemListElement":[{"@type":"ListItem","position":1,"name":"Home","item":"https:\/\/integralelektronik.com\/tr\/"},{"@type":"ListItem","position":2,"name":"Shop","item":"https:\/\/integralelektronik.com\/shop\/"},{"@type":"ListItem","position":3,"name":"E5CC-RX3D5M-000"}]},{"@type":"WebSite","@id":"https:\/\/integralelektronik.com\/#website","url":"https:\/\/integralelektronik.com\/","name":"\u0130ntegral Elektronik","description":"","publisher":{"@id":"https:\/\/integralelektronik.com\/#organization"},"potentialAction":[{"@type":"SearchAction","target":{"@type":"EntryPoint","urlTemplate":"https:\/\/integralelektronik.com\/?s={search_term_string}"},"query-input":{"@type":"PropertyValueSpecification","valueRequired":true,"valueName":"search_term_string"}}],"inLanguage":"tr"},{"@type":"Organization","@id":"https:\/\/integralelektronik.com\/#organization","name":"\u0130ntegral Elektronik","url":"https:\/\/integralelektronik.com\/","logo":{"@type":"ImageObject","inLanguage":"tr","@id":"https:\/\/integralelektronik.com\/#\/schema\/logo\/image\/","url":"https:\/\/integralelektronik.com\/wp-content\/uploads\/2020\/10\/logo.png","contentUrl":"https:\/\/integralelektronik.com\/wp-content\/uploads\/2020\/10\/logo.png","width":180,"height":90,"caption":"\u0130ntegral Elektronik"},"image":{"@id":"https:\/\/integralelektronik.com\/#\/schema\/logo\/image\/"}}]}},"_links":{"self":[{"href":"https:\/\/integralelektronik.com\/tr\/wp-json\/wp\/v2\/product\/6633"}],"collection":[{"href":"https:\/\/integralelektronik.com\/tr\/wp-json\/wp\/v2\/product"}],"about":[{"href":"https:\/\/integralelektronik.com\/tr\/wp-json\/wp\/v2\/types\/product"}],"replies":[{"embeddable":true,"href":"https:\/\/integralelektronik.com\/tr\/wp-json\/wp\/v2\/comments?post=6633"}],"wp:featuredmedia":[{"embeddable":true,"href":"https:\/\/integralelektronik.com\/tr\/wp-json\/wp\/v2\/media\/6629"}],"wp:attachment":[{"href":"https:\/\/integralelektronik.com\/tr\/wp-json\/wp\/v2\/media?parent=6633"}],"wp:term":[{"taxonomy":"product_brand","embeddable":true,"href":"https:\/\/integralelektronik.com\/tr\/wp-json\/wp\/v2\/product_brand?post=6633"},{"taxonomy":"product_cat","embeddable":true,"href":"https:\/\/integralelektronik.com\/tr\/wp-json\/wp\/v2\/product_cat?post=6633"},{"taxonomy":"product_tag","embeddable":true,"href":"https:\/\/integralelektronik.com\/tr\/wp-json\/wp\/v2\/product_tag?post=6633"}],"curies":[{"name":"wp","href":"https:\/\/api.w.org\/{rel}","templated":true}]}}